{"id":1041,"date":"2022-02-01T13:12:20","date_gmt":"2022-02-01T04:12:20","guid":{"rendered":"urn:uuid:aa93f34d-7365-44b6-9c0a-d821bcc2df06"},"modified":"2024-02-15T23:07:12","modified_gmt":"2024-02-15T22:07:12","slug":"applications","status":"publish","type":"page","link":"https:\/\/kawasakirobotics.com\/dk\/applications\/","title":{"rendered":"Ans\u00f8gninger"},"content":{"rendered":"\n<p>Med 50 \u00e5rs erfaring inden for robotteknologi har Kawasaki akkumuleret en bred vifte af applikationsteknologier inden for alle omr\u00e5der og brancher. Vi underst\u00f8tter kundernes behov for at automatisere deres produktionslinjer og forbedre produktiviteten. Applikationseksemplerne her giver kun et kort kig p\u00e5 vores store erfaring.<\/p>\n\n\n\n<div aria-hidden=\"true\" class=\"wp-block-fsb-flexible-spacer fsb-flexible-spacer\"><div class=\"fsb-flexible-spacer__device fsb-flexible-spacer__device--lg\" style=\"height:60px\"><\/div><div class=\"fsb-flexible-spacer__device fsb-flexible-spacer__device--md\" style=\"height:40px\"><\/div><div class=\"fsb-flexible-spacer__device fsb-flexible-spacer__device--sm\" style=\"height:18px\"><\/div><\/div>\n\n\n\n<div class=\"wp-block-group krobot-pattern-section-heading is-layout-flow wp-block-group-is-layout-flow\">\n<h2 class=\"wp-block-heading has-text-align-center krobot-pattern-section-heading__title\">Ans\u00f8gningsliste<\/h2>\n<\/div>\n\n\n\n<div class=\"wp-block-group alignwide is-layout-flow wp-block-group-is-layout-flow\"><div class=\"wp-block-columns krobot-pattern-3cols krobot-pattern-plaincards alignwide is-mobile-column\">\n\t\t\t<div class=\"wp-block-column krobot-pattern-3cols__item\">\n\t\t\t\t\t\t\t<figure class=\"wp-block-image krobot-pattern-plaincards__figure\">\n\t\t\t\t\t<img decoding=\"async\" loading=\"eager\" src=\"https:\/\/kawasakirobotics.com\/tachyon\/sites\/35\/2022\/02\/e88d6ba149513b98909dd42083d75a26.png\" alt=\"montage\">\n\t\t\t\t<\/figure>\n\t\t\t\t\t\t<h3 class=\"krobot-pattern-plaincards__title has-text-align-center\">montage<\/h3>\n\t\t\t\t\t\t<p class=\"krobot-pattern-plaincards__description\">\n\t\t\t\tProcessen med at kombinere flere dele for at fremstille komponenter eller produkter, montage udf\u00f8res i forskellige fremstillingssektorer, herunder maskiner, elektronik og elektriske sektorer.<br \/>\r\nMontering d\u00e6kker over forskellige opgaver, herunder montage af sm\u00e5 pr\u00e6cisionsdele og store og tunge emner.\t\t\t<\/p>\n\t\t\t\t\t\t<div class=\"wp-block-buttons is-content-justification-center is-layout-flex krobot-pattern-plaincards__more\">\n\t\t\t\t<div class=\"wp-block-button is-style-outline\">\n\t\t\t\t\t<a class=\"wp-block-button__link\" href=\"https:\/\/kawasakirobotics.com\/dk\/applications\/assembly\/\">\n\t\t\t\t\t\tMORE\t\t\t\t\t<\/a>\n\t\t\t\t<\/div>\n\t\t\t<\/div>\n\t\t<\/div>\n\t\t\t\t<div class=\"wp-block-column krobot-pattern-3cols__item\">\n\t\t\t\t\t\t\t<figure class=\"wp-block-image krobot-pattern-plaincards__figure\">\n\t\t\t\t\t<img decoding=\"async\" loading=\"eager\" src=\"https:\/\/kawasakirobotics.com\/tachyon\/sites\/35\/2022\/02\/9d5ed5cb12ef9edc96cb970c546a5b75.jpg\" alt=\"Materiel h\u00e5ndtering\">\n\t\t\t\t<\/figure>\n\t\t\t\t\t\t<h3 class=\"krobot-pattern-plaincards__title has-text-align-center\">Materiel h\u00e5ndtering<\/h3>\n\t\t\t\t\t\t<p class=\"krobot-pattern-plaincards__description\">\n\t\t\t\tProcessen med at flytte materialer, dele og produkter fra et sted til et andet, materialeh\u00e5ndtering udf\u00f8res i n\u00e6sten alle industrier, ikke kun i fremstillingsindustrien.<br \/>\r\nTil materialeh\u00e5ndtering er industrirobotter oftest brugt til forskellige form\u00e5l, herunder h\u00f8jhastighedstransport af sm\u00e5 dele og h\u00e5ndtering af tunge genstande, som mennesker ikke kan b\u00e6re.\t\t\t<\/p>\n\t\t\t\t\t\t<div class=\"wp-block-buttons is-content-justification-center is-layout-flex krobot-pattern-plaincards__more\">\n\t\t\t\t<div class=\"wp-block-button is-style-outline\">\n\t\t\t\t\t<a class=\"wp-block-button__link\" href=\"https:\/\/kawasakirobotics.com\/dk\/applications\/material-handling\/\">\n\t\t\t\t\t\tMORE\t\t\t\t\t<\/a>\n\t\t\t\t<\/div>\n\t\t\t<\/div>\n\t\t<\/div>\n\t\t\t\t<div class=\"wp-block-column krobot-pattern-3cols__item\">\n\t\t\t\t\t\t\t<figure class=\"wp-block-image krobot-pattern-plaincards__figure\">\n\t\t\t\t\t<img decoding=\"async\" loading=\"eager\" src=\"https:\/\/kawasakirobotics.com\/tachyon\/sites\/35\/2022\/02\/f4094f10a9f1902a3839c08b0ea79a8a.jpg\" alt=\"Maskinpleje\">\n\t\t\t\t<\/figure>\n\t\t\t\t\t\t<h3 class=\"krobot-pattern-plaincards__title has-text-align-center\">Maskinpleje<\/h3>\n\t\t\t\t\t\t<p class=\"krobot-pattern-plaincards__description\">\n\t\t\t\tEn kritisk proces i maskinindustrien, maskinpleje involverer indl\u00e6sning af dele i NC-v\u00e6rkt\u00f8jsmaskiner og afl\u00e6sning af dem, efter at deres bearbejdning er f\u00e6rdig. Ind- og udl\u00e6sning af forarbejdningsmaterialer ind og ud af smede- og pressemaskiner er ogs\u00e5 klassificeret som maskinpleje.\t\t\t<\/p>\n\t\t\t\t\t\t<div class=\"wp-block-buttons is-content-justification-center is-layout-flex krobot-pattern-plaincards__more\">\n\t\t\t\t<div class=\"wp-block-button is-style-outline\">\n\t\t\t\t\t<a class=\"wp-block-button__link\" href=\"https:\/\/kawasakirobotics.com\/dk\/applications\/machine-tending\/\">\n\t\t\t\t\t\tMORE\t\t\t\t\t<\/a>\n\t\t\t\t<\/div>\n\t\t\t<\/div>\n\t\t<\/div>\n\t\t\t\t<div class=\"wp-block-column krobot-pattern-3cols__item\">\n\t\t\t\t\t\t\t<figure class=\"wp-block-image krobot-pattern-plaincards__figure\">\n\t\t\t\t\t<img decoding=\"async\" loading=\"eager\" src=\"https:\/\/kawasakirobotics.com\/tachyon\/sites\/35\/2022\/02\/af73a8437e755d431f0dc3c8bb55c71d.jpg\" alt=\"Palletering\">\n\t\t\t\t<\/figure>\n\t\t\t\t\t\t<h3 class=\"krobot-pattern-plaincards__title has-text-align-center\">Palletering<\/h3>\n\t\t\t\t\t\t<p class=\"krobot-pattern-plaincards__description\">\n\t\t\t\tProcessen med at stable kasser, poser, flasker og andre produkter p\u00e5 paller, palletering udf\u00f8res almindeligvis til forsendelse i fremstillingsindustrien s\u00e5vel som i logistikindustrien. P\u00e5 den anden side er depalletering den modsatte proces, hvor produkter losses fra paller i r\u00e6kkef\u00f8lge.\t\t\t<\/p>\n\t\t\t\t\t\t<div class=\"wp-block-buttons is-content-justification-center is-layout-flex krobot-pattern-plaincards__more\">\n\t\t\t\t<div class=\"wp-block-button is-style-outline\">\n\t\t\t\t\t<a class=\"wp-block-button__link\" href=\"https:\/\/kawasakirobotics.com\/dk\/applications\/palletizing\/\">\n\t\t\t\t\t\tMORE\t\t\t\t\t<\/a>\n\t\t\t\t<\/div>\n\t\t\t<\/div>\n\t\t<\/div>\n\t\t\t\t<div class=\"wp-block-column krobot-pattern-3cols__item\">\n\t\t\t\t\t\t\t<figure class=\"wp-block-image krobot-pattern-plaincards__figure\">\n\t\t\t\t\t<img decoding=\"async\" loading=\"eager\" src=\"https:\/\/kawasakirobotics.com\/tachyon\/sites\/35\/2022\/02\/b1425b5bbbdc1402f32212a53373e054.png\" alt=\"Pick &amp; Place\">\n\t\t\t\t<\/figure>\n\t\t\t\t\t\t<h3 class=\"krobot-pattern-plaincards__title has-text-align-center\">Pick &amp; Place<\/h3>\n\t\t\t\t\t\t<p class=\"krobot-pattern-plaincards__description\">\n\t\t\t\tPlukning, ogs\u00e5 kendt som &quot;pluk og placer&quot;, er processen med at gribe emner fra et transportb\u00e5nd og sortere dem ved h\u00f8j hastighed.<br \/>\r\nTil dette form\u00e5l bruges unikt formede robotter kaldet parallellink-typen (eller delta-typen).\t\t\t<\/p>\n\t\t\t\t\t\t<div class=\"wp-block-buttons is-content-justification-center is-layout-flex krobot-pattern-plaincards__more\">\n\t\t\t\t<div class=\"wp-block-button is-style-outline\">\n\t\t\t\t\t<a class=\"wp-block-button__link\" href=\"https:\/\/kawasakirobotics.com\/dk\/applications\/pick-and-place\/\">\n\t\t\t\t\t\tMORE\t\t\t\t\t<\/a>\n\t\t\t\t<\/div>\n\t\t\t<\/div>\n\t\t<\/div>\n\t\t\t\t<div class=\"wp-block-column krobot-pattern-3cols__item\">\n\t\t\t\t\t\t\t<figure class=\"wp-block-image krobot-pattern-plaincards__figure\">\n\t\t\t\t\t<img decoding=\"async\" loading=\"eager\" src=\"https:\/\/kawasakirobotics.com\/tachyon\/sites\/5\/2022\/02\/applications_painting.jpg.png?w=900\" alt=\"Maleri\" data-recalc-dims=\"1\">\n\t\t\t\t<\/figure>\n\t\t\t\t\t\t<h3 class=\"krobot-pattern-plaincards__title has-text-align-center\">Maleri<\/h3>\n\t\t\t\t\t\t<p class=\"krobot-pattern-plaincards__description\">\n\t\t\t\tMaling er processen med at p\u00e5f\u00f8re maling p\u00e5 produktoverflader, danne en bel\u00e6gningsfilm eller finish.<br \/>\r\nFordi de fleste malingsmaterialer er meget flygtige, bruges eksplosionssikre robotter og malerudstyr til denne proces.\t\t\t<\/p>\n\t\t\t\t\t\t<div class=\"wp-block-buttons is-content-justification-center is-layout-flex krobot-pattern-plaincards__more\">\n\t\t\t\t<div class=\"wp-block-button is-style-outline\">\n\t\t\t\t\t<a class=\"wp-block-button__link\" href=\"https:\/\/kawasakirobotics.com\/dk\/applications\/painting\/\">\n\t\t\t\t\t\tMORE\t\t\t\t\t<\/a>\n\t\t\t\t<\/div>\n\t\t\t<\/div>\n\t\t<\/div>\n\t\t\t\t<div class=\"wp-block-column krobot-pattern-3cols__item\">\n\t\t\t\t\t\t\t<figure class=\"wp-block-image krobot-pattern-plaincards__figure\">\n\t\t\t\t\t<img decoding=\"async\" loading=\"eager\" src=\"https:\/\/kawasakirobotics.com\/tachyon\/sites\/35\/2022\/02\/ca7b9316cb29b04b59093f5103206a17.jpg\" alt=\"Forsegling \/ udlevering\">\n\t\t\t\t<\/figure>\n\t\t\t\t\t\t<h3 class=\"krobot-pattern-plaincards__title has-text-align-center\">Forsegling \/ udlevering<\/h3>\n\t\t\t\t\t\t<p class=\"krobot-pattern-plaincards__description\">\n\t\t\t\tForsegling er processen med at p\u00e5f\u00f8re fugemasse eller kl\u00e6bemiddel for at \u00f8ge luftt\u00e6theden og udfylde rummet mellem materialer.<br \/>\r\nForsegling udf\u00f8res for mange produkter, s\u00e5som personbiler og husholdningsapparater.\t\t\t<\/p>\n\t\t\t\t\t\t<div class=\"wp-block-buttons is-content-justification-center is-layout-flex krobot-pattern-plaincards__more\">\n\t\t\t\t<div class=\"wp-block-button is-style-outline\">\n\t\t\t\t\t<a class=\"wp-block-button__link\" href=\"https:\/\/kawasakirobotics.com\/dk\/applications\/sealing-and-dispensing\/\">\n\t\t\t\t\t\tMORE\t\t\t\t\t<\/a>\n\t\t\t\t<\/div>\n\t\t\t<\/div>\n\t\t<\/div>\n\t\t\t\t<div class=\"wp-block-column krobot-pattern-3cols__item\">\n\t\t\t\t\t\t\t<figure class=\"wp-block-image krobot-pattern-plaincards__figure\">\n\t\t\t\t\t<img decoding=\"async\" loading=\"eager\" src=\"https:\/\/kawasakirobotics.com\/tachyon\/sites\/35\/2022\/02\/199dfa02e61b0755e16fb555c4a977a2.jpg\" alt=\"Fjernelse af materiale\">\n\t\t\t\t<\/figure>\n\t\t\t\t\t\t<h3 class=\"krobot-pattern-plaincards__title has-text-align-center\">Fjernelse af materiale<\/h3>\n\t\t\t\t\t\t<p class=\"krobot-pattern-plaincards__description\">\n\t\t\t\tSlibning og afgratning er processen med at fjerne udragende grater fra overfladerne af st\u00f8be- og smedeprodukter samt eftersvejsningsoverflader.<br \/>\r\nDenne proces, der involverer skrotning af grater med en kv\u00e6rn, kan v\u00e6re beskidt, farlig og kr\u00e6vende, hvor robotter kan spille vigtige roller.\t\t\t<\/p>\n\t\t\t\t\t\t<div class=\"wp-block-buttons is-content-justification-center is-layout-flex krobot-pattern-plaincards__more\">\n\t\t\t\t<div class=\"wp-block-button is-style-outline\">\n\t\t\t\t\t<a class=\"wp-block-button__link\" href=\"https:\/\/kawasakirobotics.com\/dk\/applications\/material-removal\/\">\n\t\t\t\t\t\tMORE\t\t\t\t\t<\/a>\n\t\t\t\t<\/div>\n\t\t\t<\/div>\n\t\t<\/div>\n\t\t\t\t<div class=\"wp-block-column krobot-pattern-3cols__item\">\n\t\t\t\t\t\t\t<figure class=\"wp-block-image krobot-pattern-plaincards__figure\">\n\t\t\t\t\t<img decoding=\"async\" loading=\"eager\" src=\"https:\/\/kawasakirobotics.com\/tachyon\/sites\/35\/2022\/02\/31ae885180fdb40279c6ee6d7b116ce5.jpg\" alt=\"Buesvejsning\">\n\t\t\t\t<\/figure>\n\t\t\t\t\t\t<h3 class=\"krobot-pattern-plaincards__title has-text-align-center\">Buesvejsning<\/h3>\n\t\t\t\t\t\t<p class=\"krobot-pattern-plaincards__description\">\n\t\t\t\tSvejsemetoden, der bruger bueudladning til at forbinde metalmaterialer, buesvejsning udf\u00f8res i vid udstr\u00e6kning i maskin-, metal- og bilindustrien. Robotter og buesvejsere bruges til at samle materialerne, mens de smeltes.\t\t\t<\/p>\n\t\t\t\t\t\t<div class=\"wp-block-buttons is-content-justification-center is-layout-flex krobot-pattern-plaincards__more\">\n\t\t\t\t<div class=\"wp-block-button is-style-outline\">\n\t\t\t\t\t<a class=\"wp-block-button__link\" href=\"https:\/\/kawasakirobotics.com\/dk\/applications\/arc-welding\/\">\n\t\t\t\t\t\tMORE\t\t\t\t\t<\/a>\n\t\t\t\t<\/div>\n\t\t\t<\/div>\n\t\t<\/div>\n\t\t\t\t<div class=\"wp-block-column krobot-pattern-3cols__item\">\n\t\t\t\t\t\t\t<figure class=\"wp-block-image krobot-pattern-plaincards__figure\">\n\t\t\t\t\t<img decoding=\"async\" loading=\"eager\" src=\"https:\/\/kawasakirobotics.com\/tachyon\/sites\/5\/2022\/02\/applications_friction-spot-joining.jpg.png?w=900\" alt=\"Punkt svejsning\" data-recalc-dims=\"1\">\n\t\t\t\t<\/figure>\n\t\t\t\t\t\t<h3 class=\"krobot-pattern-plaincards__title has-text-align-center\">Punkt svejsning<\/h3>\n\t\t\t\t\t\t<p class=\"krobot-pattern-plaincards__description\">\n\t\t\t\tPunktsvejsning, ogs\u00e5 kendt som elektrisk modstandssvejsning, er processen med at svejse to basismaterialer ved at p\u00e5f\u00f8re elektrisk str\u00f8m med en elektrodestang og smelte dem med modstandsvarmen. Punktsvejsning er s\u00e5 almindeligt anvendt til at svejse st\u00e5lplader af bilkarosserier, at et stort antal robotter bruges i bilindustrien.\t\t\t<\/p>\n\t\t\t\t\t\t<div class=\"wp-block-buttons is-content-justification-center is-layout-flex krobot-pattern-plaincards__more\">\n\t\t\t\t<div class=\"wp-block-button is-style-outline\">\n\t\t\t\t\t<a class=\"wp-block-button__link\" href=\"https:\/\/kawasakirobotics.com\/dk\/applications\/friction-spot-joining\/\">\n\t\t\t\t\t\tMORE\t\t\t\t\t<\/a>\n\t\t\t\t<\/div>\n\t\t\t<\/div>\n\t\t<\/div>\n\t\t\t\t<div class=\"wp-block-column krobot-pattern-3cols__item\">\n\t\t\t\t\t\t\t<figure class=\"wp-block-image krobot-pattern-plaincards__figure\">\n\t\t\t\t\t<img decoding=\"async\" loading=\"eager\" src=\"https:\/\/kawasakirobotics.com\/tachyon\/sites\/5\/2022\/02\/applications_silicon-wafer-handling.jpg.png?w=900\" alt=\"H\u00e5ndtering af siliciumwafer\" data-recalc-dims=\"1\">\n\t\t\t\t<\/figure>\n\t\t\t\t\t\t<h3 class=\"krobot-pattern-plaincards__title has-text-align-center\">H\u00e5ndtering af siliciumwafer<\/h3>\n\t\t\t\t\t\t<p class=\"krobot-pattern-plaincards__description\">\n\t\t\t\tWafer-overf\u00f8rsel er h\u00e5ndteringen af wafers i front-end-processen af halvlederfremstillingsudstyr.<br \/>\r\nDenne proces bruger rene robotter og kr\u00e6ver h\u00f8j pr\u00e6cision, h\u00f8j hastighed og j\u00e6vn bev\u00e6gelse.\t\t\t<\/p>\n\t\t\t\t\t\t<div class=\"wp-block-buttons is-content-justification-center is-layout-flex krobot-pattern-plaincards__more\">\n\t\t\t\t<div class=\"wp-block-button is-style-outline\">\n\t\t\t\t\t<a class=\"wp-block-button__link\" href=\"https:\/\/kawasakirobotics.com\/dk\/applications\/silicon-wafer-handling\/\">\n\t\t\t\t\t\tMORE\t\t\t\t\t<\/a>\n\t\t\t\t<\/div>\n\t\t\t<\/div>\n\t\t<\/div>\n\t\t<\/div>\n<\/div>\n","protected":false},"excerpt":{"rendered":"<p>Med 50 \u00e5rs erfaring inden for robotteknologi har Kawasaki akkumuleret en bred vifte af applikationsteknologier inden for alle omr\u00e5der og brancher. Vi underst\u00f8tter kundernes behov for at automatisere deres produktionslinjer og forbedre produktiviteten. Applikationseksemplerne her giver kun et kort kig p\u00e5 vores store erfaring. Ans\u00f8gningsliste<\/p>\n","protected":false},"author":14,"featured_media":3280,"parent":0,"menu_order":12,"comment_status":"closed","ping_status":"closed","template":"page-templates\/custom-title-with-background.php","meta":{"ep_exclude_from_search":false,"footnotes":""},"class_list":["post-1041","page","type-page","status-publish","has-post-thumbnail","hentry"],"yoast_head":"<!-- This site is optimized with the Yoast SEO plugin v25.9 - https:\/\/yoast.com\/wordpress\/plugins\/seo\/ -->\n<title>Ans\u00f8gninger | Industrial Robots by Kawasaki Robotics<\/title>\n<meta name=\"description\" content=\"Explore Kawasaki&#039;s versatile robots for diverse global applications, from palletizing to aerospace, improving productivity and safety.\" \/>\n<meta name=\"robots\" content=\"index, follow, max-snippet:-1, max-image-preview:large, max-video-preview:-1\" \/>\n<link rel=\"canonical\" href=\"https:\/\/kawasakirobotics.com\/dk\/applications\/\" \/>\n<meta property=\"og:locale\" content=\"da_DK\" \/>\n<meta property=\"og:type\" content=\"article\" \/>\n<meta property=\"og:title\" content=\"Ans\u00f8gninger | Industrial Robots by Kawasaki Robotics\" \/>\n<meta property=\"og:description\" content=\"Explore Kawasaki&#039;s versatile robots for diverse global applications, from palletizing to aerospace, improving productivity and safety.\" \/>\n<meta property=\"og:url\" content=\"https:\/\/kawasakirobotics.com\/dk\/applications\/\" \/>\n<meta property=\"og:site_name\" content=\"Kawasaki Robotics\" \/>\n<meta property=\"article:modified_time\" content=\"2024-02-15T22:07:12+00:00\" \/>\n<meta property=\"og:image\" content=\"https:\/\/kawasakirobotics.com\/content\/themes\/krobot-theme\/src\/images\/default\/ogp.jpg\" \/>\n\t<meta property=\"og:image:width\" content=\"1200\" \/>\n\t<meta property=\"og:image:height\" content=\"630\" \/>\n\t<meta property=\"og:image:type\" content=\"image\/jpeg\" \/>\n<meta name=\"twitter:card\" content=\"summary_large_image\" \/>\n<script type=\"application\/ld+json\" class=\"yoast-schema-graph\">{\"@context\":\"https:\/\/schema.org\",\"@graph\":[{\"@type\":\"WebPage\",\"@id\":\"https:\/\/kawasakirobotics.com\/dk\/applications\/\",\"url\":\"https:\/\/kawasakirobotics.com\/dk\/applications\/\",\"name\":\"Ans\u00f8gninger | Industrial Robots by Kawasaki Robotics\",\"isPartOf\":{\"@id\":\"https:\/\/kawasakirobotics.com\/dk\/#website\"},\"primaryImageOfPage\":{\"@id\":\"https:\/\/kawasakirobotics.com\/dk\/applications\/#primaryimage\"},\"image\":{\"@id\":\"https:\/\/kawasakirobotics.com\/dk\/applications\/#primaryimage\"},\"thumbnailUrl\":\"https:\/\/kawasakirobotics.com\/tachyon\/sites\/35\/2022\/02\/title-background-B1830324.webp\",\"datePublished\":\"2022-02-01T04:12:20+00:00\",\"dateModified\":\"2024-02-15T22:07:12+00:00\",\"description\":\"Explore Kawasaki's versatile robots for diverse global applications, from palletizing to aerospace, improving productivity and safety.\",\"breadcrumb\":{\"@id\":\"https:\/\/kawasakirobotics.com\/dk\/applications\/#breadcrumb\"},\"inLanguage\":\"da-DK\",\"potentialAction\":[{\"@type\":\"ReadAction\",\"target\":[\"https:\/\/kawasakirobotics.com\/dk\/applications\/\"]}]},{\"@type\":\"ImageObject\",\"inLanguage\":\"da-DK\",\"@id\":\"https:\/\/kawasakirobotics.com\/dk\/applications\/#primaryimage\",\"url\":\"https:\/\/kawasakirobotics.com\/tachyon\/sites\/35\/2022\/02\/title-background-B1830324.webp\",\"contentUrl\":\"https:\/\/kawasakirobotics.com\/tachyon\/sites\/35\/2022\/02\/title-background-B1830324.webp\",\"width\":2160,\"height\":360,\"caption\":\"Applications\"},{\"@type\":\"BreadcrumbList\",\"@id\":\"https:\/\/kawasakirobotics.com\/dk\/applications\/#breadcrumb\",\"itemListElement\":[{\"@type\":\"ListItem\",\"position\":1,\"name\":\"Top\",\"item\":\"https:\/\/kawasakirobotics.com\/dk\/\"},{\"@type\":\"ListItem\",\"position\":2,\"name\":\"Ans\u00f8gninger\"}]},{\"@type\":\"WebSite\",\"@id\":\"https:\/\/kawasakirobotics.com\/dk\/#website\",\"url\":\"https:\/\/kawasakirobotics.com\/dk\/\",\"name\":\"Kawasaki Robotics\",\"description\":\"\",\"publisher\":{\"@id\":\"https:\/\/kawasakirobotics.com\/dk\/#organization\"},\"potentialAction\":[{\"@type\":\"SearchAction\",\"target\":{\"@type\":\"EntryPoint\",\"urlTemplate\":\"https:\/\/kawasakirobotics.com\/dk\/?s={search_term_string}\"},\"query-input\":{\"@type\":\"PropertyValueSpecification\",\"valueRequired\":true,\"valueName\":\"search_term_string\"}}],\"inLanguage\":\"da-DK\"},{\"@type\":\"Organization\",\"@id\":\"https:\/\/kawasakirobotics.com\/dk\/#organization\",\"name\":\"\u5ddd\u5d0e\u91cd\u5de5\u696d\u30ed\u30dc\u30c3\u30c8\u30c7\u30a3\u30d3\u30b8\u30e7\u30f3\",\"url\":\"https:\/\/kawasakirobotics.com\/dk\/\",\"logo\":{\"@type\":\"ImageObject\",\"inLanguage\":\"da-DK\",\"@id\":\"https:\/\/kawasakirobotics.com\/dk\/#\/schema\/logo\/image\/\",\"url\":\"\",\"contentUrl\":\"\",\"caption\":\"\u5ddd\u5d0e\u91cd\u5de5\u696d\u30ed\u30dc\u30c3\u30c8\u30c7\u30a3\u30d3\u30b8\u30e7\u30f3\"},\"image\":{\"@id\":\"https:\/\/kawasakirobotics.com\/dk\/#\/schema\/logo\/image\/\"}}]}<\/script>\n<!-- \/ Yoast SEO plugin. -->","yoast_head_json":{"title":"Ans\u00f8gninger | Industrial Robots by Kawasaki Robotics","description":"Explore Kawasaki's versatile robots for diverse global applications, from palletizing to aerospace, improving productivity and safety.","robots":{"index":"index","follow":"follow","max-snippet":"max-snippet:-1","max-image-preview":"max-image-preview:large","max-video-preview":"max-video-preview:-1"},"canonical":"https:\/\/kawasakirobotics.com\/dk\/applications\/","og_locale":"da_DK","og_type":"article","og_title":"Ans\u00f8gninger | Industrial Robots by Kawasaki Robotics","og_description":"Explore Kawasaki's versatile robots for diverse global applications, from palletizing to aerospace, improving productivity and safety.","og_url":"https:\/\/kawasakirobotics.com\/dk\/applications\/","og_site_name":"Kawasaki Robotics","article_modified_time":"2024-02-15T22:07:12+00:00","og_image":[{"url":"https:\/\/kawasakirobotics.com\/content\/themes\/krobot-theme\/src\/images\/default\/ogp.jpg","width":"1200","height":"630","type":"image\/jpeg"}],"twitter_card":"summary_large_image","schema":{"@context":"https:\/\/schema.org","@graph":[{"@type":"WebPage","@id":"https:\/\/kawasakirobotics.com\/dk\/applications\/","url":"https:\/\/kawasakirobotics.com\/dk\/applications\/","name":"Ans\u00f8gninger | Industrial Robots by Kawasaki Robotics","isPartOf":{"@id":"https:\/\/kawasakirobotics.com\/dk\/#website"},"primaryImageOfPage":{"@id":"https:\/\/kawasakirobotics.com\/dk\/applications\/#primaryimage"},"image":{"@id":"https:\/\/kawasakirobotics.com\/dk\/applications\/#primaryimage"},"thumbnailUrl":"https:\/\/kawasakirobotics.com\/tachyon\/sites\/35\/2022\/02\/title-background-B1830324.webp","datePublished":"2022-02-01T04:12:20+00:00","dateModified":"2024-02-15T22:07:12+00:00","description":"Explore Kawasaki's versatile robots for diverse global applications, from palletizing to aerospace, improving productivity and safety.","breadcrumb":{"@id":"https:\/\/kawasakirobotics.com\/dk\/applications\/#breadcrumb"},"inLanguage":"da-DK","potentialAction":[{"@type":"ReadAction","target":["https:\/\/kawasakirobotics.com\/dk\/applications\/"]}]},{"@type":"ImageObject","inLanguage":"da-DK","@id":"https:\/\/kawasakirobotics.com\/dk\/applications\/#primaryimage","url":"https:\/\/kawasakirobotics.com\/tachyon\/sites\/35\/2022\/02\/title-background-B1830324.webp","contentUrl":"https:\/\/kawasakirobotics.com\/tachyon\/sites\/35\/2022\/02\/title-background-B1830324.webp","width":2160,"height":360,"caption":"Applications"},{"@type":"BreadcrumbList","@id":"https:\/\/kawasakirobotics.com\/dk\/applications\/#breadcrumb","itemListElement":[{"@type":"ListItem","position":1,"name":"Top","item":"https:\/\/kawasakirobotics.com\/dk\/"},{"@type":"ListItem","position":2,"name":"Ans\u00f8gninger"}]},{"@type":"WebSite","@id":"https:\/\/kawasakirobotics.com\/dk\/#website","url":"https:\/\/kawasakirobotics.com\/dk\/","name":"Kawasaki Robotics","description":"","publisher":{"@id":"https:\/\/kawasakirobotics.com\/dk\/#organization"},"potentialAction":[{"@type":"SearchAction","target":{"@type":"EntryPoint","urlTemplate":"https:\/\/kawasakirobotics.com\/dk\/?s={search_term_string}"},"query-input":{"@type":"PropertyValueSpecification","valueRequired":true,"valueName":"search_term_string"}}],"inLanguage":"da-DK"},{"@type":"Organization","@id":"https:\/\/kawasakirobotics.com\/dk\/#organization","name":"\u5ddd\u5d0e\u91cd\u5de5\u696d\u30ed\u30dc\u30c3\u30c8\u30c7\u30a3\u30d3\u30b8\u30e7\u30f3","url":"https:\/\/kawasakirobotics.com\/dk\/","logo":{"@type":"ImageObject","inLanguage":"da-DK","@id":"https:\/\/kawasakirobotics.com\/dk\/#\/schema\/logo\/image\/","url":"","contentUrl":"","caption":"\u5ddd\u5d0e\u91cd\u5de5\u696d\u30ed\u30dc\u30c3\u30c8\u30c7\u30a3\u30d3\u30b8\u30e7\u30f3"},"image":{"@id":"https:\/\/kawasakirobotics.com\/dk\/#\/schema\/logo\/image\/"}}]}},"_links":{"self":[{"href":"https:\/\/kawasakirobotics.com\/dk\/wp-json\/wp\/v2\/pages\/1041","targetHints":{"allow":["GET"]}}],"collection":[{"href":"https:\/\/kawasakirobotics.com\/dk\/wp-json\/wp\/v2\/pages"}],"about":[{"href":"https:\/\/kawasakirobotics.com\/dk\/wp-json\/wp\/v2\/types\/page"}],"author":[{"embeddable":true,"href":"https:\/\/kawasakirobotics.com\/dk\/wp-json\/wp\/v2\/users\/14"}],"replies":[{"embeddable":true,"href":"https:\/\/kawasakirobotics.com\/dk\/wp-json\/wp\/v2\/comments?post=1041"}],"version-history":[{"count":2,"href":"https:\/\/kawasakirobotics.com\/dk\/wp-json\/wp\/v2\/pages\/1041\/revisions"}],"predecessor-version":[{"id":5600,"href":"https:\/\/kawasakirobotics.com\/dk\/wp-json\/wp\/v2\/pages\/1041\/revisions\/5600"}],"wp:featuredmedia":[{"embeddable":true,"href":"https:\/\/kawasakirobotics.com\/dk\/wp-json\/wp\/v2\/media\/3280"}],"wp:attachment":[{"href":"https:\/\/kawasakirobotics.com\/dk\/wp-json\/wp\/v2\/media?parent=1041"}],"curies":[{"name":"wp","href":"https:\/\/api.w.org\/{rel}","templated":true}]}}