{"id":3292,"date":"2022-02-10T13:57:42","date_gmt":"2022-02-10T04:57:42","guid":{"rendered":"urn:uuid:c463f840-c247-4de3-9449-39a629349b17"},"modified":"2024-10-25T07:24:59","modified_gmt":"2024-10-25T05:24:59","slug":"cookie-policy","status":"publish","type":"page","link":"https:\/\/kawasakirobotics.com\/dk\/cookie-policy\/","title":{"rendered":"Cookiepolitik"},"content":{"rendered":"\n<p class=\"has-black-color has-text-color\">Sidst opdateret: 28\/02\/2022<\/p>\n\n\n\n<h2 class=\"wp-block-heading\">1. Vores cookiepolitik<\/h2>\n\n\n\n<h4 class=\"wp-block-heading\">(1) Almindelige regler<\/h4>\n\n\n\n<p>Kawasaki Heavy Industries, Ltd., dets tilknyttede virksomheder eller dets agenter (&#8220;KHI&#8221;) kan bruge cookies p\u00e5 websteder (&#8220;Site&#8221;), der er etableret og drevet af KHI, for at give mere relevant information til vores kunder (&#8220;du&#8221; \u201d) og til at m\u00e5le og analysere webstedet.<\/p>\n\n\n\n<p>Denne cookiepolitik g\u00e6lder for alle brugere af webstedet. Cookies kan deaktiveres i dine browserindstillinger; dog kan du muligvis ikke bruge noget af indholdet ved at g\u00f8re det.<\/p>\n\n\n\n<p>Denne cookiepolitik beskriver de typer cookies, der bruges p\u00e5 webstedet, og hvordan du \u00e6ndrer dine browserindstillinger.<\/p>\n\n\n\n<h4 class=\"wp-block-heading\">(2) Om vores privatlivspolitik<\/h4>\n\n\n\n<p>I forbindelse med denne cookiepolitik har KHI etableret en s\u00e6rskilt politik vedr\u00f8rende h\u00e5ndtering af personoplysninger. Se venligst vores <a href=\"https:\/\/global.kawasaki.com\/en\/privacy_policy\/index.html\">privatlivspolitik<\/a> p\u00e5 webstedet for mere information.<\/p>\n\n\n\n<h2 class=\"wp-block-heading\">2. Hvad er en cookie?<\/h2>\n\n\n\n<p>En cookie refererer til en teknologi, der placerer en lille datafil (information) p\u00e5 din computer eller andre enheder via din webbrowser, n\u00e5r du tilg\u00e5r et websted. Cookies g\u00f8r det muligt for websteder at identificere dig, n\u00e5r du bes\u00f8ger de samme websteder igen.<\/p>\n\n\n\n<h2 class=\"wp-block-heading\">3. Cookies brugt p\u00e5 webstedet<\/h2>\n\n\n\n<h4 class=\"wp-block-heading\">(1) F\u00f8rsteparts- og tredjepartscookies<\/h4>\n\n\n\n<p>Alle cookies tilh\u00f8rer et foruddefineret dom\u00e6ne. Mens f\u00f8rstepartscookies er cookies udstedt af webstedets dom\u00e6ne, udstedes tredjepartscookies af andre tredjepartsdom\u00e6ner end webstedets.<\/p>\n\n\n\n<h4 class=\"wp-block-heading\">(2) Sessionscookies og persistente cookies<\/h4>\n\n\n\n<p>Cookies kan enten v\u00e6re session cookies eller persistente cookies, afh\u00e6ngigt af hvor l\u00e6nge de varer. Sessionscookies er midlertidige cookies, der kun gemmes p\u00e5 din enhed, mens du browser p\u00e5 et websted. P\u00e5 den anden side forbliver vedvarende cookies p\u00e5 din enhed, indtil de n\u00e5r en fastsat udl\u00f8bsdato, eller indtil du sletter dem fra din browser.<\/p>\n\n\n\n<h2 class=\"wp-block-heading\">4. Hvorfor KHI bruger cookies<\/h2>\n\n\n\n<p>Siden bruger f\u00f8lgende typer cookies:<\/p>\n\n\n\n<h4 class=\"wp-block-heading\">(1) V\u00e6sentlige cookies<\/h4>\n\n\n\n<p>V\u00e6sentlige cookies er n\u00f8dvendige for at gennemse webstedet og bruge de funktioner, der tilbydes p\u00e5 webstedet. Disse cookies bruges ogs\u00e5 til at logge en brugers aktiviteter inden for en enkelt browsersession.<\/p>\n\n\n\n<h4 class=\"wp-block-heading\">(2) Analytics-cookies<\/h4>\n\n\n\n<p>Analytics cookies bruges af KHI eller tredjeparts tjenesteudbydere til at indsamle oplysninger om brugen af webstedet, s\u00e5som webanalyse. Disse cookies hj\u00e6lper os med at forst\u00e5, hvilke sider du bes\u00f8ger, hvor l\u00e6nge du bes\u00f8ger, om der vises fejlmeddelelser eller ej, og hvordan du f\u00e5r adgang til webstedet for at forbedre webstedets ydeevne.<br>KHI bruger Google Analytics, en webanalysetjeneste, der tilbydes af Google Inc., p\u00e5 nogle sider af webstedet for at forst\u00e5 brugen af webstedet og give dig et bedre websted. De data, der opn\u00e5s af Analytics, vil kun blive brugt til webstedsdriftsform\u00e5l s\u00e5som forbedring af webstedet. For mere information om Google Analytics, bes\u00f8g venligst det <a href=\"https:\/\/marketingplatform.google.com\/about\/analytics\/\">officielle websted<\/a>.<\/p>\n\n\n\n<h4 class=\"wp-block-heading\">(3) Funktionelle cookies<\/h4>\n\n\n\n<p>Funktionelle cookies bruges til at gemme brugerens webstedsindstillinger for at give dig mere optimeret indhold. Disse cookies giver os mulighed for at indsamle oplysninger om dit websteds adf\u00e6rd (f.eks. kontooplysninger, sprogpr\u00e6ferencer, adgangsomr\u00e5der) og levere tjenester, der er skr\u00e6ddersyet til dine pr\u00e6ferencer.<\/p>\n\n\n\n<h4 class=\"wp-block-heading\">(4) Annoncecookies<\/h4>\n\n\n\n<p>Annoncecookies bruges til at gemme dit websteds browsinghistorik for at huske dine interesser og adf\u00e6rd p\u00e5 webstedet. Disse cookies gemmer dine adgangsoplysninger og attributoplysninger p\u00e5 tidspunktet for login for at give oplysninger, der er skr\u00e6ddersyet til dine pr\u00e6ferencer med hensyn til indhold og annoncetilpasning.<\/p>\n\n\n\n<h2 class=\"wp-block-heading\">5. Dine cookie-indstillinger<\/h2>\n\n\n\n<h4 class=\"wp-block-heading\">(1) Valg i menuen Advanced Cookie Settings<\/h4>\n\n\n\n<p>Siden har en funktion, der giver dig mulighed for at indstille, om du vil tillade eller deaktivere dine cookies baseret p\u00e5 dine pr\u00e6ferencer. Se venligst\u00a0<button class=\"optanon-show-settings\" style=\"all:unset;cursor:pointer;text-decoration:underline;text-underline-offset:0;text-decoration-thickness:1px;\">Avancerede Cookie-indstillinger<\/button><\/li> p\u00e5 webstedet for mere information.<\/p>\n\n\n\n<h4 class=\"wp-block-heading\">(2) Indstilling af cookies i din browser<\/h4>\n\n\n\n<p>Din browser giver dig mulighed for at indstille cookie-pr\u00e6ferencer, s\u00e5som at tillade eller deaktivere cookies. Du kan ogs\u00e5 slette cookies p\u00e5 din enhed fra din browser. Se venligst hj\u00e6lpesiden for den browser, du bruger, for de faktiske indstillingsinstruktioner. Bem\u00e6rk dog, at deaktivering af cookies kan forstyrre visningen og driften af webstedet.<\/p>\n\n\n\n<h2 class=\"wp-block-heading\">6. \u00c6ndringer af denne cookiepolitik<\/h2>\n\n\n\n<p>Bem\u00e6rk venligst, at indholdet af denne cookiepolitik kan \u00e6ndres til enhver tid. Hvis der foretages \u00e6ndringer, vil den seneste cookiepolitik blive offentliggjort p\u00e5 webstedet.<\/p>\n\n\n\n<h2 class=\"wp-block-heading\">7. Foresp\u00f8rgsler om denne cookiepolitik<\/h2>\n\n\n\n<p>Hvis du har sp\u00f8rgsm\u00e5l om denne cookiepolitik, bedes du kontakte os fra <a href=\"https:\/\/kawasaki-corporate.spiral-site.com\/cookiepolicy_EN\">kontaktsiden<\/a> p\u00e5 webstedet.<\/p>\n","protected":false},"excerpt":{"rendered":"<p>Sidst opdateret: 28\/02\/2022 1. Vores cookiepolitik (1) Almindelige regler Kawasaki Heavy Industries, Ltd., dets tilknyttede virksomheder eller dets agenter (&#8220;KHI&#8221;) kan bruge cookies p\u00e5 websteder (&#8220;Site&#8221;), der er etableret og drevet af KHI, for at give mere relevant information til vores kunder (&#8220;du&#8221; \u201d) og til at m\u00e5le og analysere webstedet. Denne cookiepolitik g\u00e6lder for alle brugere af webstedet. Cookies kan deaktiveres i dine browserindstillinger; dog kan du muligvis ikke bruge noget af indholdet ved at g\u00f8re det. Denne cookiepolitik beskriver de typer cookies, der bruges p\u00e5 webstedet, og hvordan du \u00e6ndrer dine browserindstillinger. (2) Om vores privatlivspolitik I forbindelse med denne cookiepolitik har KHI etableret en s\u00e6rskilt politik vedr\u00f8rende [&hellip;]<\/p>\n","protected":false},"author":9,"featured_media":0,"parent":0,"menu_order":19,"comment_status":"closed","ping_status":"closed","template":"","meta":{"ep_exclude_from_search":false,"footnotes":""},"class_list":["post-3292","page","type-page","status-publish","hentry"],"yoast_head":"<!-- This site is optimized with the Yoast SEO plugin v25.9 - https:\/\/yoast.com\/wordpress\/plugins\/seo\/ -->\n<title>Cookiepolitik | Industrial Robots by Kawasaki Robotics<\/title>\n<meta name=\"description\" content=\"Kawasaki Heavy Industries | Cookiepolitik\" \/>\n<meta name=\"robots\" content=\"index, follow, max-snippet:-1, max-image-preview:large, max-video-preview:-1\" \/>\n<link rel=\"canonical\" href=\"https:\/\/kawasakirobotics.com\/dk\/cookie-policy\/\" \/>\n<meta property=\"og:locale\" content=\"da_DK\" \/>\n<meta property=\"og:type\" content=\"article\" \/>\n<meta property=\"og:title\" content=\"Cookiepolitik | Industrial Robots by Kawasaki Robotics\" \/>\n<meta property=\"og:description\" content=\"Kawasaki Heavy Industries | Cookiepolitik\" \/>\n<meta property=\"og:url\" content=\"https:\/\/kawasakirobotics.com\/dk\/cookie-policy\/\" \/>\n<meta property=\"og:site_name\" content=\"Kawasaki Robotics\" \/>\n<meta property=\"article:modified_time\" content=\"2024-10-25T05:24:59+00:00\" \/>\n<meta property=\"og:image\" content=\"https:\/\/kawasakirobotics.com\/content\/themes\/krobot-theme\/src\/images\/default\/ogp.jpg\" \/>\n\t<meta property=\"og:image:width\" content=\"1200\" \/>\n\t<meta property=\"og:image:height\" content=\"630\" \/>\n\t<meta property=\"og:image:type\" content=\"image\/jpeg\" \/>\n<meta name=\"twitter:card\" content=\"summary_large_image\" \/>\n<script type=\"application\/ld+json\" class=\"yoast-schema-graph\">{\"@context\":\"https:\/\/schema.org\",\"@graph\":[{\"@type\":\"WebPage\",\"@id\":\"https:\/\/kawasakirobotics.com\/dk\/cookie-policy\/\",\"url\":\"https:\/\/kawasakirobotics.com\/dk\/cookie-policy\/\",\"name\":\"Cookiepolitik | Industrial Robots by Kawasaki Robotics\",\"isPartOf\":{\"@id\":\"https:\/\/kawasakirobotics.com\/dk\/#website\"},\"datePublished\":\"2022-02-10T04:57:42+00:00\",\"dateModified\":\"2024-10-25T05:24:59+00:00\",\"description\":\"Kawasaki Heavy Industries | Cookiepolitik\",\"breadcrumb\":{\"@id\":\"https:\/\/kawasakirobotics.com\/dk\/cookie-policy\/#breadcrumb\"},\"inLanguage\":\"da-DK\",\"potentialAction\":[{\"@type\":\"ReadAction\",\"target\":[\"https:\/\/kawasakirobotics.com\/dk\/cookie-policy\/\"]}]},{\"@type\":\"BreadcrumbList\",\"@id\":\"https:\/\/kawasakirobotics.com\/dk\/cookie-policy\/#breadcrumb\",\"itemListElement\":[{\"@type\":\"ListItem\",\"position\":1,\"name\":\"Top\",\"item\":\"https:\/\/kawasakirobotics.com\/dk\/\"},{\"@type\":\"ListItem\",\"position\":2,\"name\":\"Cookiepolitik\"}]},{\"@type\":\"WebSite\",\"@id\":\"https:\/\/kawasakirobotics.com\/dk\/#website\",\"url\":\"https:\/\/kawasakirobotics.com\/dk\/\",\"name\":\"Kawasaki Robotics\",\"description\":\"\",\"publisher\":{\"@id\":\"https:\/\/kawasakirobotics.com\/dk\/#organization\"},\"potentialAction\":[{\"@type\":\"SearchAction\",\"target\":{\"@type\":\"EntryPoint\",\"urlTemplate\":\"https:\/\/kawasakirobotics.com\/dk\/?s={search_term_string}\"},\"query-input\":{\"@type\":\"PropertyValueSpecification\",\"valueRequired\":true,\"valueName\":\"search_term_string\"}}],\"inLanguage\":\"da-DK\"},{\"@type\":\"Organization\",\"@id\":\"https:\/\/kawasakirobotics.com\/dk\/#organization\",\"name\":\"\u5ddd\u5d0e\u91cd\u5de5\u696d\u30ed\u30dc\u30c3\u30c8\u30c7\u30a3\u30d3\u30b8\u30e7\u30f3\",\"url\":\"https:\/\/kawasakirobotics.com\/dk\/\",\"logo\":{\"@type\":\"ImageObject\",\"inLanguage\":\"da-DK\",\"@id\":\"https:\/\/kawasakirobotics.com\/dk\/#\/schema\/logo\/image\/\",\"url\":\"\",\"contentUrl\":\"\",\"caption\":\"\u5ddd\u5d0e\u91cd\u5de5\u696d\u30ed\u30dc\u30c3\u30c8\u30c7\u30a3\u30d3\u30b8\u30e7\u30f3\"},\"image\":{\"@id\":\"https:\/\/kawasakirobotics.com\/dk\/#\/schema\/logo\/image\/\"}}]}<\/script>\n<!-- \/ Yoast SEO plugin. -->","yoast_head_json":{"title":"Cookiepolitik | Industrial Robots by Kawasaki Robotics","description":"Kawasaki Heavy Industries | Cookiepolitik","robots":{"index":"index","follow":"follow","max-snippet":"max-snippet:-1","max-image-preview":"max-image-preview:large","max-video-preview":"max-video-preview:-1"},"canonical":"https:\/\/kawasakirobotics.com\/dk\/cookie-policy\/","og_locale":"da_DK","og_type":"article","og_title":"Cookiepolitik | Industrial Robots by Kawasaki Robotics","og_description":"Kawasaki Heavy Industries | Cookiepolitik","og_url":"https:\/\/kawasakirobotics.com\/dk\/cookie-policy\/","og_site_name":"Kawasaki Robotics","article_modified_time":"2024-10-25T05:24:59+00:00","og_image":[{"url":"https:\/\/kawasakirobotics.com\/content\/themes\/krobot-theme\/src\/images\/default\/ogp.jpg","width":"1200","height":"630","type":"image\/jpeg"}],"twitter_card":"summary_large_image","schema":{"@context":"https:\/\/schema.org","@graph":[{"@type":"WebPage","@id":"https:\/\/kawasakirobotics.com\/dk\/cookie-policy\/","url":"https:\/\/kawasakirobotics.com\/dk\/cookie-policy\/","name":"Cookiepolitik | Industrial Robots by Kawasaki Robotics","isPartOf":{"@id":"https:\/\/kawasakirobotics.com\/dk\/#website"},"datePublished":"2022-02-10T04:57:42+00:00","dateModified":"2024-10-25T05:24:59+00:00","description":"Kawasaki Heavy Industries | Cookiepolitik","breadcrumb":{"@id":"https:\/\/kawasakirobotics.com\/dk\/cookie-policy\/#breadcrumb"},"inLanguage":"da-DK","potentialAction":[{"@type":"ReadAction","target":["https:\/\/kawasakirobotics.com\/dk\/cookie-policy\/"]}]},{"@type":"BreadcrumbList","@id":"https:\/\/kawasakirobotics.com\/dk\/cookie-policy\/#breadcrumb","itemListElement":[{"@type":"ListItem","position":1,"name":"Top","item":"https:\/\/kawasakirobotics.com\/dk\/"},{"@type":"ListItem","position":2,"name":"Cookiepolitik"}]},{"@type":"WebSite","@id":"https:\/\/kawasakirobotics.com\/dk\/#website","url":"https:\/\/kawasakirobotics.com\/dk\/","name":"Kawasaki Robotics","description":"","publisher":{"@id":"https:\/\/kawasakirobotics.com\/dk\/#organization"},"potentialAction":[{"@type":"SearchAction","target":{"@type":"EntryPoint","urlTemplate":"https:\/\/kawasakirobotics.com\/dk\/?s={search_term_string}"},"query-input":{"@type":"PropertyValueSpecification","valueRequired":true,"valueName":"search_term_string"}}],"inLanguage":"da-DK"},{"@type":"Organization","@id":"https:\/\/kawasakirobotics.com\/dk\/#organization","name":"\u5ddd\u5d0e\u91cd\u5de5\u696d\u30ed\u30dc\u30c3\u30c8\u30c7\u30a3\u30d3\u30b8\u30e7\u30f3","url":"https:\/\/kawasakirobotics.com\/dk\/","logo":{"@type":"ImageObject","inLanguage":"da-DK","@id":"https:\/\/kawasakirobotics.com\/dk\/#\/schema\/logo\/image\/","url":"","contentUrl":"","caption":"\u5ddd\u5d0e\u91cd\u5de5\u696d\u30ed\u30dc\u30c3\u30c8\u30c7\u30a3\u30d3\u30b8\u30e7\u30f3"},"image":{"@id":"https:\/\/kawasakirobotics.com\/dk\/#\/schema\/logo\/image\/"}}]}},"_links":{"self":[{"href":"https:\/\/kawasakirobotics.com\/dk\/wp-json\/wp\/v2\/pages\/3292","targetHints":{"allow":["GET"]}}],"collection":[{"href":"https:\/\/kawasakirobotics.com\/dk\/wp-json\/wp\/v2\/pages"}],"about":[{"href":"https:\/\/kawasakirobotics.com\/dk\/wp-json\/wp\/v2\/types\/page"}],"author":[{"embeddable":true,"href":"https:\/\/kawasakirobotics.com\/dk\/wp-json\/wp\/v2\/users\/9"}],"replies":[{"embeddable":true,"href":"https:\/\/kawasakirobotics.com\/dk\/wp-json\/wp\/v2\/comments?post=3292"}],"version-history":[{"count":11,"href":"https:\/\/kawasakirobotics.com\/dk\/wp-json\/wp\/v2\/pages\/3292\/revisions"}],"predecessor-version":[{"id":5734,"href":"https:\/\/kawasakirobotics.com\/dk\/wp-json\/wp\/v2\/pages\/3292\/revisions\/5734"}],"wp:attachment":[{"href":"https:\/\/kawasakirobotics.com\/dk\/wp-json\/wp\/v2\/media?parent=3292"}],"curies":[{"name":"wp","href":"https:\/\/api.w.org\/{rel}","templated":true}]}}