{"id":3828,"date":"2022-02-21T05:36:07","date_gmt":"2022-02-21T05:36:07","guid":{"rendered":"urn:uuid:f97310e2-f8a8-46aa-9fe9-5af1a8170a40"},"modified":"2024-03-05T02:21:41","modified_gmt":"2024-03-05T01:21:41","slug":"customer-experience","status":"publish","type":"page","link":"https:\/\/kawasakirobotics.com\/dk\/customer-experience\/","title":{"rendered":"Kundeoplevelse"},"content":{"rendered":"\n<p>Vi tror p\u00e5, at automatiseringssucces er s\u00e5 meget mere end blot at foretage en investering; det er et partnerskab gennem dine robotsystemers levetid. Gennem vores service, tr\u00e6ning og eksklusive ressourcer s\u00f8rger vi for, at vores partnere og kunder har den st\u00f8tte, de har brug for for at n\u00e5 deres m\u00e5l. Med et globalt netv\u00e6rk af servicesteder kan Kawasaki Robotics-teamet hj\u00e6lpe kunderne, n\u00e5r det er n\u00f8dvendigt. Vi er forpligtet til at v\u00e6re der for vores kunder gennem hele deres automatiseringsrejse.<\/p>\n\n\n\n<div class=\"wp-block-columns krobot-pattern-3cols krobot-pattern-plaincards is-layout-flex wp-container-core-columns-is-layout-28f84493 wp-block-columns-is-layout-flex\">\n<div class=\"wp-block-column krobot-pattern-3cols__item is-layout-flow wp-block-column-is-layout-flow\">\n<figure class=\"wp-block-image size-full krobot-pattern-plaincards__figure\"><img decoding=\"async\" src=\"https:\/\/kawasakirobotics.com\/tachyon\/2022\/03\/customer-service_005_800x450.jpg\" alt=\"\" class=\"wp-image-5450\" \/><\/figure>\n\n\n\n<h3 class=\"wp-block-heading has-text-align-center krobot-pattern-plaincards__title\">SERVICE &amp; SUPPORT<\/h3>\n\n\n\n<p class=\"krobot-pattern-plaincards__description\">Vores dedikerede serviceteam besvarer altid telefonen, n\u00e5r du ringer.<\/p>\n\n\n\n<div class=\"wp-block-buttons krobot-pattern-plaincards__more is-horizontal is-content-justification-center is-layout-flex wp-container-core-buttons-is-layout-03627597 wp-block-buttons-is-layout-flex\">\n<div class=\"wp-block-button is-style-outline is-style-outline--1\"><a class=\"wp-block-button__link wp-element-button\" href=\"https:\/\/kawasakirobotics.com\/dk\/customer-experience\/service-support\/\">L\u00c6R MERE<\/a><\/div>\n<\/div>\n<\/div>\n\n\n\n<div class=\"wp-block-column krobot-pattern-3cols__item is-layout-flow wp-block-column-is-layout-flow\">\n<figure class=\"wp-block-image size-large krobot-pattern-plaincards__figure\"><img decoding=\"async\" src=\"https:\/\/kawasakirobotics.com\/tachyon\/2022\/03\/training_002_800x450.jpg\" alt=\"\" class=\"wp-image-5459\" \/><\/figure>\n\n\n\n<h3 class=\"wp-block-heading has-text-align-center krobot-pattern-plaincards__title\">UDDANNELSE<\/h3>\n\n\n\n<p class=\"krobot-pattern-plaincards__description\">Praktisk tr\u00e6ning af vores kvalificerede og erfarne team.<\/p>\n\n\n\n<div class=\"wp-block-buttons krobot-pattern-plaincards__more is-horizontal is-content-justification-center is-layout-flex wp-container-core-buttons-is-layout-03627597 wp-block-buttons-is-layout-flex\">\n<div class=\"wp-block-button is-style-outline is-style-outline--2\"><a class=\"wp-block-button__link wp-element-button\" href=\"https:\/\/kawasakirobotics.com\/dk\/customer-experience\/training\/\">L\u00c6R MERE<\/a><\/div>\n<\/div>\n<\/div>\n\n\n\n<div class=\"wp-block-column krobot-pattern-3cols__item is-layout-flow wp-block-column-is-layout-flow\">\n<figure class=\"wp-block-image size-large krobot-pattern-plaincards__figure\"><img decoding=\"async\" src=\"https:\/\/kawasakirobotics.com\/tachyon\/2022\/03\/accessibility_005_960x540.jpg?fit=900%2C540\" alt=\"\" class=\"wp-image-5477\" \/><\/figure>\n\n\n\n<h3 class=\"wp-block-heading has-text-align-center krobot-pattern-plaincards__title\">EKSKLUSIVE RESSOURCER<\/h3>\n\n\n\n<p class=\"krobot-pattern-plaincards__description\">Giving partners and customers access to the robot information they need.<\/p>\n\n\n\n<div class=\"wp-block-buttons krobot-pattern-plaincards__more is-horizontal is-content-justification-center is-layout-flex wp-container-core-buttons-is-layout-03627597 wp-block-buttons-is-layout-flex\">\n<div class=\"wp-block-button is-style-outline is-style-outline--3\"><a class=\"wp-block-button__link wp-element-button\" href=\"https:\/\/kawasakirobotics.com\/dk\/customer-experience\/exculsive-resources\/\">L\u00c6R MERE<\/a><\/div>\n<\/div>\n<\/div>\n<\/div>\n","protected":false},"excerpt":{"rendered":"<p>Vi tror p\u00e5, at automatiseringssucces er s\u00e5 meget mere end blot at foretage en investering; det er et partnerskab gennem dine robotsystemers levetid. Gennem vores service, tr\u00e6ning og eksklusive ressourcer s\u00f8rger vi for, at vores partnere og kunder har den st\u00f8tte, de har brug for for at n\u00e5 deres m\u00e5l. Med et globalt netv\u00e6rk af servicesteder kan Kawasaki Robotics-teamet hj\u00e6lpe kunderne, n\u00e5r det er n\u00f8dvendigt. Vi er forpligtet til at v\u00e6re der for vores kunder gennem hele deres automatiseringsrejse. SERVICE &amp; SUPPORT Vores dedikerede serviceteam besvarer altid telefonen, n\u00e5r du ringer. UDDANNELSE Praktisk tr\u00e6ning af vores kvalificerede og erfarne team. EKSKLUSIVE RESSOURCER Giving partners and customers access to the robot [&hellip;]<\/p>\n","protected":false},"author":9,"featured_media":931,"parent":0,"menu_order":7,"comment_status":"closed","ping_status":"closed","template":"","meta":{"ep_exclude_from_search":false,"footnotes":""},"class_list":["post-3828","page","type-page","status-publish","has-post-thumbnail","hentry"],"yoast_head":"<!-- This site is optimized with the Yoast SEO plugin v25.9 - https:\/\/yoast.com\/wordpress\/plugins\/seo\/ -->\n<title>Kundeoplevelse | Industrial Robots by Kawasaki Robotics<\/title>\n<meta name=\"description\" content=\"Automating a process is more than simply buying a robot. Learn about our customer service and training teams, as well as customer resources.\" \/>\n<meta name=\"robots\" content=\"index, follow, max-snippet:-1, max-image-preview:large, max-video-preview:-1\" \/>\n<link rel=\"canonical\" href=\"https:\/\/kawasakirobotics.com\/dk\/customer-experience\/\" \/>\n<meta property=\"og:locale\" content=\"da_DK\" \/>\n<meta property=\"og:type\" content=\"article\" \/>\n<meta property=\"og:title\" content=\"Kundeoplevelse | Industrial Robots by Kawasaki Robotics\" \/>\n<meta property=\"og:description\" content=\"Automating a process is more than simply buying a robot. Learn about our customer service and training teams, as well as customer resources.\" \/>\n<meta property=\"og:url\" content=\"https:\/\/kawasakirobotics.com\/dk\/customer-experience\/\" \/>\n<meta property=\"og:site_name\" content=\"Kawasaki Robotics\" \/>\n<meta property=\"article:modified_time\" content=\"2024-03-05T01:21:41+00:00\" \/>\n<meta property=\"og:image\" content=\"https:\/\/kawasakirobotics.com\/content\/themes\/krobot-theme\/src\/images\/default\/ogp.jpg\" \/>\n\t<meta property=\"og:image:width\" content=\"1200\" \/>\n\t<meta property=\"og:image:height\" content=\"630\" \/>\n\t<meta property=\"og:image:type\" content=\"image\/jpeg\" \/>\n<meta name=\"twitter:card\" content=\"summary_large_image\" \/>\n<script type=\"application\/ld+json\" class=\"yoast-schema-graph\">{\"@context\":\"https:\/\/schema.org\",\"@graph\":[{\"@type\":\"WebPage\",\"@id\":\"https:\/\/kawasakirobotics.com\/dk\/customer-experience\/\",\"url\":\"https:\/\/kawasakirobotics.com\/dk\/customer-experience\/\",\"name\":\"Kundeoplevelse | Industrial Robots by Kawasaki Robotics\",\"isPartOf\":{\"@id\":\"https:\/\/kawasakirobotics.com\/dk\/#website\"},\"primaryImageOfPage\":{\"@id\":\"https:\/\/kawasakirobotics.com\/dk\/customer-experience\/#primaryimage\"},\"image\":{\"@id\":\"https:\/\/kawasakirobotics.com\/dk\/customer-experience\/#primaryimage\"},\"thumbnailUrl\":\"https:\/\/kawasakirobotics.com\/tachyon\/sites\/2\/2022\/01\/title-background-A1760261.jpg?fit=2160%2C360\",\"datePublished\":\"2022-02-21T05:36:07+00:00\",\"dateModified\":\"2024-03-05T01:21:41+00:00\",\"description\":\"Automating a process is more than simply buying a robot. Learn about our customer service and training teams, as well as customer resources.\",\"breadcrumb\":{\"@id\":\"https:\/\/kawasakirobotics.com\/dk\/customer-experience\/#breadcrumb\"},\"inLanguage\":\"da-DK\",\"potentialAction\":[{\"@type\":\"ReadAction\",\"target\":[\"https:\/\/kawasakirobotics.com\/dk\/customer-experience\/\"]}]},{\"@type\":\"ImageObject\",\"inLanguage\":\"da-DK\",\"@id\":\"https:\/\/kawasakirobotics.com\/dk\/customer-experience\/#primaryimage\",\"url\":\"https:\/\/kawasakirobotics.com\/tachyon\/sites\/2\/2022\/01\/title-background-A1760261.jpg?fit=2160%2C360\",\"contentUrl\":\"https:\/\/kawasakirobotics.com\/tachyon\/sites\/2\/2022\/01\/title-background-A1760261.jpg?fit=2160%2C360\",\"width\":2160,\"height\":360,\"caption\":\"Partners01\"},{\"@type\":\"BreadcrumbList\",\"@id\":\"https:\/\/kawasakirobotics.com\/dk\/customer-experience\/#breadcrumb\",\"itemListElement\":[{\"@type\":\"ListItem\",\"position\":1,\"name\":\"Top\",\"item\":\"https:\/\/kawasakirobotics.com\/dk\/\"},{\"@type\":\"ListItem\",\"position\":2,\"name\":\"Kundeoplevelse\"}]},{\"@type\":\"WebSite\",\"@id\":\"https:\/\/kawasakirobotics.com\/dk\/#website\",\"url\":\"https:\/\/kawasakirobotics.com\/dk\/\",\"name\":\"Kawasaki Robotics\",\"description\":\"\",\"publisher\":{\"@id\":\"https:\/\/kawasakirobotics.com\/dk\/#organization\"},\"potentialAction\":[{\"@type\":\"SearchAction\",\"target\":{\"@type\":\"EntryPoint\",\"urlTemplate\":\"https:\/\/kawasakirobotics.com\/dk\/?s={search_term_string}\"},\"query-input\":{\"@type\":\"PropertyValueSpecification\",\"valueRequired\":true,\"valueName\":\"search_term_string\"}}],\"inLanguage\":\"da-DK\"},{\"@type\":\"Organization\",\"@id\":\"https:\/\/kawasakirobotics.com\/dk\/#organization\",\"name\":\"\u5ddd\u5d0e\u91cd\u5de5\u696d\u30ed\u30dc\u30c3\u30c8\u30c7\u30a3\u30d3\u30b8\u30e7\u30f3\",\"url\":\"https:\/\/kawasakirobotics.com\/dk\/\",\"logo\":{\"@type\":\"ImageObject\",\"inLanguage\":\"da-DK\",\"@id\":\"https:\/\/kawasakirobotics.com\/dk\/#\/schema\/logo\/image\/\",\"url\":\"\",\"contentUrl\":\"\",\"caption\":\"\u5ddd\u5d0e\u91cd\u5de5\u696d\u30ed\u30dc\u30c3\u30c8\u30c7\u30a3\u30d3\u30b8\u30e7\u30f3\"},\"image\":{\"@id\":\"https:\/\/kawasakirobotics.com\/dk\/#\/schema\/logo\/image\/\"}}]}<\/script>\n<!-- \/ Yoast SEO plugin. -->","yoast_head_json":{"title":"Kundeoplevelse | Industrial Robots by Kawasaki Robotics","description":"Automating a process is more than simply buying a robot. Learn about our customer service and training teams, as well as customer resources.","robots":{"index":"index","follow":"follow","max-snippet":"max-snippet:-1","max-image-preview":"max-image-preview:large","max-video-preview":"max-video-preview:-1"},"canonical":"https:\/\/kawasakirobotics.com\/dk\/customer-experience\/","og_locale":"da_DK","og_type":"article","og_title":"Kundeoplevelse | Industrial Robots by Kawasaki Robotics","og_description":"Automating a process is more than simply buying a robot. Learn about our customer service and training teams, as well as customer resources.","og_url":"https:\/\/kawasakirobotics.com\/dk\/customer-experience\/","og_site_name":"Kawasaki Robotics","article_modified_time":"2024-03-05T01:21:41+00:00","og_image":[{"url":"https:\/\/kawasakirobotics.com\/content\/themes\/krobot-theme\/src\/images\/default\/ogp.jpg","width":"1200","height":"630","type":"image\/jpeg"}],"twitter_card":"summary_large_image","schema":{"@context":"https:\/\/schema.org","@graph":[{"@type":"WebPage","@id":"https:\/\/kawasakirobotics.com\/dk\/customer-experience\/","url":"https:\/\/kawasakirobotics.com\/dk\/customer-experience\/","name":"Kundeoplevelse | Industrial Robots by Kawasaki Robotics","isPartOf":{"@id":"https:\/\/kawasakirobotics.com\/dk\/#website"},"primaryImageOfPage":{"@id":"https:\/\/kawasakirobotics.com\/dk\/customer-experience\/#primaryimage"},"image":{"@id":"https:\/\/kawasakirobotics.com\/dk\/customer-experience\/#primaryimage"},"thumbnailUrl":"https:\/\/kawasakirobotics.com\/tachyon\/sites\/2\/2022\/01\/title-background-A1760261.jpg?fit=2160%2C360","datePublished":"2022-02-21T05:36:07+00:00","dateModified":"2024-03-05T01:21:41+00:00","description":"Automating a process is more than simply buying a robot. Learn about our customer service and training teams, as well as customer resources.","breadcrumb":{"@id":"https:\/\/kawasakirobotics.com\/dk\/customer-experience\/#breadcrumb"},"inLanguage":"da-DK","potentialAction":[{"@type":"ReadAction","target":["https:\/\/kawasakirobotics.com\/dk\/customer-experience\/"]}]},{"@type":"ImageObject","inLanguage":"da-DK","@id":"https:\/\/kawasakirobotics.com\/dk\/customer-experience\/#primaryimage","url":"https:\/\/kawasakirobotics.com\/tachyon\/sites\/2\/2022\/01\/title-background-A1760261.jpg?fit=2160%2C360","contentUrl":"https:\/\/kawasakirobotics.com\/tachyon\/sites\/2\/2022\/01\/title-background-A1760261.jpg?fit=2160%2C360","width":2160,"height":360,"caption":"Partners01"},{"@type":"BreadcrumbList","@id":"https:\/\/kawasakirobotics.com\/dk\/customer-experience\/#breadcrumb","itemListElement":[{"@type":"ListItem","position":1,"name":"Top","item":"https:\/\/kawasakirobotics.com\/dk\/"},{"@type":"ListItem","position":2,"name":"Kundeoplevelse"}]},{"@type":"WebSite","@id":"https:\/\/kawasakirobotics.com\/dk\/#website","url":"https:\/\/kawasakirobotics.com\/dk\/","name":"Kawasaki Robotics","description":"","publisher":{"@id":"https:\/\/kawasakirobotics.com\/dk\/#organization"},"potentialAction":[{"@type":"SearchAction","target":{"@type":"EntryPoint","urlTemplate":"https:\/\/kawasakirobotics.com\/dk\/?s={search_term_string}"},"query-input":{"@type":"PropertyValueSpecification","valueRequired":true,"valueName":"search_term_string"}}],"inLanguage":"da-DK"},{"@type":"Organization","@id":"https:\/\/kawasakirobotics.com\/dk\/#organization","name":"\u5ddd\u5d0e\u91cd\u5de5\u696d\u30ed\u30dc\u30c3\u30c8\u30c7\u30a3\u30d3\u30b8\u30e7\u30f3","url":"https:\/\/kawasakirobotics.com\/dk\/","logo":{"@type":"ImageObject","inLanguage":"da-DK","@id":"https:\/\/kawasakirobotics.com\/dk\/#\/schema\/logo\/image\/","url":"","contentUrl":"","caption":"\u5ddd\u5d0e\u91cd\u5de5\u696d\u30ed\u30dc\u30c3\u30c8\u30c7\u30a3\u30d3\u30b8\u30e7\u30f3"},"image":{"@id":"https:\/\/kawasakirobotics.com\/dk\/#\/schema\/logo\/image\/"}}]}},"_links":{"self":[{"href":"https:\/\/kawasakirobotics.com\/dk\/wp-json\/wp\/v2\/pages\/3828","targetHints":{"allow":["GET"]}}],"collection":[{"href":"https:\/\/kawasakirobotics.com\/dk\/wp-json\/wp\/v2\/pages"}],"about":[{"href":"https:\/\/kawasakirobotics.com\/dk\/wp-json\/wp\/v2\/types\/page"}],"author":[{"embeddable":true,"href":"https:\/\/kawasakirobotics.com\/dk\/wp-json\/wp\/v2\/users\/9"}],"replies":[{"embeddable":true,"href":"https:\/\/kawasakirobotics.com\/dk\/wp-json\/wp\/v2\/comments?post=3828"}],"version-history":[{"count":13,"href":"https:\/\/kawasakirobotics.com\/dk\/wp-json\/wp\/v2\/pages\/3828\/revisions"}],"predecessor-version":[{"id":5711,"href":"https:\/\/kawasakirobotics.com\/dk\/wp-json\/wp\/v2\/pages\/3828\/revisions\/5711"}],"wp:featuredmedia":[{"embeddable":true,"href":"https:\/\/kawasakirobotics.com\/dk\/wp-json\/wp\/v2\/media\/931"}],"wp:attachment":[{"href":"https:\/\/kawasakirobotics.com\/dk\/wp-json\/wp\/v2\/media?parent=3828"}],"curies":[{"name":"wp","href":"https:\/\/api.w.org\/{rel}","templated":true}]}}