{"id":3868,"date":"2022-02-21T17:45:24","date_gmt":"2022-02-21T17:45:24","guid":{"rendered":"urn:uuid:ea5874b3-84a7-46f3-b0c8-88fc8d7b939e"},"modified":"2025-05-14T07:27:23","modified_gmt":"2025-05-14T05:27:23","slug":"why-kawasaki-robotics","status":"publish","type":"page","link":"https:\/\/kawasakirobotics.com\/dk\/why-kawasaki-robotics\/","title":{"rendered":"WHY KAWASAKI ROBOTICS"},"content":{"rendered":"\n<p>Med en servicebaseret tilgang, et fleksibelt og \u00e5bent programmeringssprog og en producent-f\u00f8rst-tankegang er vi en anden type robotvirksomhed.<\/p>\n\n\n\n<h2 class=\"wp-block-heading\">Vores TILG\u00c6NGELIGHED.<\/h2>\n\n\n\n<figure class=\"wp-block-image size-large\"><img loading=\"lazy\" decoding=\"async\" width=\"900\" height=\"506\" src=\"https:\/\/kawasakirobotics.com\/tachyon\/sites\/5\/2022\/03\/accessibility_004_960x540.webp\" alt=\"HVORFOR KAWASAKI ROBOTICS kundebillede\" class=\"wp-image-4866\" srcset=\"https:\/\/kawasakirobotics.com\/tachyon\/sites\/35\/2022\/03\/accessibility_004_960x540.webp?resize=900%2C506&amp;crop_strategy=smart&amp;zoom=1 900w, https:\/\/kawasakirobotics.com\/tachyon\/sites\/35\/2022\/03\/accessibility_004_960x540.webp?resize=900%2C506&amp;crop_strategy=smart&amp;zoom=0.5 450w, https:\/\/kawasakirobotics.com\/tachyon\/sites\/35\/2022\/03\/accessibility_004_960x540.webp?resize=900%2C506&amp;crop_strategy=smart&amp;zoom=0.25 225w\" sizes=\"auto, (max-width: 900px) 100vw, 900px\" \/><\/figure>\n\n\n\n<p>Gennemsigtighed er vigtigt for os p\u00e5 alle niveauer i vores organisation. N\u00e5r du arbejder med Kawasaki Robotics, finder du ikke skjulte omkostninger til software, manualer, tr\u00e6ning og fjernservicekald osv. Vores open source-programmeringsplatform tilbyder flere typer programmeringssprog for alle f\u00e6rdighedsniveauer. Giver brugerne mulighed for at skalere fra grundl\u00e6ggende operationer til AI-integrationer. Dette kombineret med vores eksklusive online ressourcer og v\u00e6rkt\u00f8jer g\u00f8r det muligt for vores kunder og partnere at sidde i f\u00f8rers\u00e6det. Vi er forpligtet til at v\u00e6re din tilg\u00e6ngelige automationspartner.<\/p>\n\n\n\n<div class=\"wp-block-buttons is-horizontal is-content-justification-center is-layout-flex wp-container-core-buttons-is-layout-03627597 wp-block-buttons-is-layout-flex\">\n<div class=\"wp-block-button\"><a class=\"wp-block-button__link wp-element-button\" href=\"https:\/\/kawasakirobotics.com\/dk\/customer-experience\/exculsive-resources\/\">L\u00c6R MERE<\/a><\/div>\n<\/div>\n\n\n\n<h2 class=\"wp-block-heading\">Vores KVALITET.<\/h2>\n\n\n\n<figure class=\"wp-block-image size-large\"><img loading=\"lazy\" decoding=\"async\" width=\"899\" height=\"506\" src=\"https:\/\/kawasakirobotics.com\/tachyon\/sites\/5\/2022\/03\/quality_001_960x540_blurredjpg-01.webp\" alt=\"HVORFOR KAWASAKI ROBOTICS BX serie BXP serie\" class=\"wp-image-4867\" srcset=\"https:\/\/kawasakirobotics.com\/tachyon\/sites\/35\/2022\/03\/quality_001_960x540_blurredjpg-01.webp?resize=899%2C506&amp;crop_strategy=smart&amp;zoom=1 899w, https:\/\/kawasakirobotics.com\/tachyon\/sites\/35\/2022\/03\/quality_001_960x540_blurredjpg-01.webp?resize=899%2C506&amp;crop_strategy=smart&amp;zoom=0.5 450w, https:\/\/kawasakirobotics.com\/tachyon\/sites\/35\/2022\/03\/quality_001_960x540_blurredjpg-01.webp?resize=899%2C506&amp;crop_strategy=smart&amp;zoom=0.25 225w\" sizes=\"auto, (max-width: 899px) 100vw, 899px\" \/><\/figure>\n\n\n\n<p>Kawasaki-navnet er synonymt med pr\u00e6cision og p\u00e5lidelighed, fordi det er i vores DNA. Siden Kawaskis start har kvalitet v\u00e6ret i centrum for ethvert produkt, der er bygget, fra motorcykler til fly. Som en pioner byggede Kawasaki Robotics sin f\u00f8rste robotarm i 1969. Lige siden har vi fortsat med at udvikle avanceret robotteknologi, herunder robotarme med et patenteret indvendigt kjoledesign. Det er en game changer, fordi det g\u00f8r vores robotter nemme at installere, vedligeholde og minimerer slitage over tid. Med robot nyttelast fra 3 kg til 1.500 kg, vil du uden tvivl opleve vores forpligtelse til kvalitet.<\/p>\n\n\n\n<div class=\"wp-block-buttons is-horizontal is-content-justification-center is-layout-flex wp-container-core-buttons-is-layout-03627597 wp-block-buttons-is-layout-flex\">\n<div class=\"wp-block-button\"><a class=\"wp-block-button__link wp-element-button\" href=\"https:\/\/kawasakirobotics.com\/dk\/products\/\">L\u00c6R MERE<\/a><\/div>\n<\/div>\n\n\n\n<h2 class=\"wp-block-heading\">Vores MENNESKELIGE OPFINDELSE.<\/h2>\n\n\n\n<figure class=\"wp-block-image size-large\"><img loading=\"lazy\" decoding=\"async\" width=\"900\" height=\"506\" src=\"https:\/\/kawasakirobotics.com\/tachyon\/sites\/5\/2022\/03\/ingenuity_03_960x540.webp\" alt=\"\nHVORFOR KAWASAKI ROBOTICS Custmer\" class=\"wp-image-4868\" srcset=\"https:\/\/kawasakirobotics.com\/tachyon\/sites\/35\/2022\/03\/ingenuity_03_960x540.webp?resize=900%2C506&amp;crop_strategy=smart&amp;zoom=1 900w, https:\/\/kawasakirobotics.com\/tachyon\/sites\/35\/2022\/03\/ingenuity_03_960x540.webp?resize=900%2C506&amp;crop_strategy=smart&amp;zoom=0.5 450w, https:\/\/kawasakirobotics.com\/tachyon\/sites\/35\/2022\/03\/ingenuity_03_960x540.webp?resize=900%2C506&amp;crop_strategy=smart&amp;zoom=0.25 225w\" sizes=\"auto, (max-width: 900px) 100vw, 900px\" \/><\/figure>\n\n\n\n<p>At automatisere en proces er s\u00e5 meget mere end blot at k\u00f8be en robot, og derfor vil vi gerne v\u00e6re din partner undervejs. Vi opf\u00f8rer os ikke bare, som om vi er ligeglade; vi er virkelig ligeglade. Vi tager telefonen, n\u00e5r du ringer, og vi behandler dig p\u00e5 samme m\u00e5de, uanset om du er en stor virksomhed eller en lille til mellemstor virksomhed. Vi taler tydeligt, og vi vildleder aldrig, vi behandler altid vores kunder og partnere, som vi h\u00e5ber at blive behandlet. Dette er vores forpligtelse til at bruge menneskelig opfindsomhed til at udvikle robotter, der g\u00f8r forskelle.<\/p>\n\n\n\n<div class=\"wp-block-buttons is-horizontal is-content-justification-center is-layout-flex wp-container-core-buttons-is-layout-03627597 wp-block-buttons-is-layout-flex\">\n<div class=\"wp-block-button\"><a class=\"wp-block-button__link wp-element-button\" href=\"https:\/\/kawasakirobotics.com\/dk\/company\/\">L\u00c6R MERE<\/a><\/div>\n<\/div>\n\n\n\n<h2 class=\"wp-block-heading\">Vores KUNDE OPLEVELSE.<\/h2>\n\n\n\n<figure class=\"wp-block-image size-large\"><img loading=\"lazy\" decoding=\"async\" width=\"900\" height=\"506\" src=\"https:\/\/kawasakirobotics.com\/tachyon\/sites\/5\/2022\/03\/cust-experience_01_960x540.webp\" alt=\"WHY KAWASAKI ROBOTICS02\" class=\"wp-image-4869\" srcset=\"https:\/\/kawasakirobotics.com\/tachyon\/sites\/35\/2022\/03\/cust-experience_01_960x540.webp?resize=900%2C506&amp;crop_strategy=smart&amp;zoom=1 900w, https:\/\/kawasakirobotics.com\/tachyon\/sites\/35\/2022\/03\/cust-experience_01_960x540.webp?resize=900%2C506&amp;crop_strategy=smart&amp;zoom=0.5 450w, https:\/\/kawasakirobotics.com\/tachyon\/sites\/35\/2022\/03\/cust-experience_01_960x540.webp?resize=900%2C506&amp;crop_strategy=smart&amp;zoom=0.25 225w\" sizes=\"auto, (max-width: 900px) 100vw, 900px\" \/><\/figure>\n\n\n\n<p>Vi v\u00e6rds\u00e6tter virkelig vores kunders oplevelse, og derfor er Kawasaki Robotics-teamet altid tilg\u00e6ngeligt. Vores service- og supportteams er globale, og deres prim\u00e6re fokus er at finde den rigtige l\u00f8sning til dig. Vi vil arbejde sammen med dig for at pr\u00f8ve at l\u00f8se problemer p\u00e5 afstand \u2013 en service, der er gratis for alle kunder og partnere. Vi er forpligtet til at g\u00f8re dig til en succeshistorie med automatisering.<\/p>\n\n\n\n<div class=\"wp-block-buttons is-horizontal is-content-justification-center is-layout-flex wp-container-core-buttons-is-layout-03627597 wp-block-buttons-is-layout-flex\">\n<div class=\"wp-block-button\"><a class=\"wp-block-button__link wp-element-button\" href=\"https:\/\/kawasakirobotics.com\/dk\/customer-experience\/\">L\u00c6R MERE<\/a><\/div>\n<\/div>\n\n\n\n<div class=\"wp-block-group alignfull site-cta is-layout-flow wp-block-group-is-layout-flow\">\n<div class=\"wp-block-group site-cta__inside is-layout-flow wp-block-group-is-layout-flow\">\n<p class=\"site-cta__text\"><strong><a rel=\"noreferrer noopener\" href=\"https:\/\/kawasaki-corporate.spiral-site.com\/ind_robot_en?_ifbs-ind_robot_en=s1_Step1\" target=\"_blank\">Klar til at tage det n\u00e6ste skridt mod automatisering?<\/a><\/strong><\/p>\n<\/div>\n<\/div>\n","protected":false},"excerpt":{"rendered":"<p>Med en servicebaseret tilgang, et fleksibelt og \u00e5bent programmeringssprog og en producent-f\u00f8rst-tankegang er vi en anden type robotvirksomhed. Vores TILG\u00c6NGELIGHED. Gennemsigtighed er vigtigt for os p\u00e5 alle niveauer i vores organisation. N\u00e5r du arbejder med Kawasaki Robotics, finder du ikke skjulte omkostninger til software, manualer, tr\u00e6ning og fjernservicekald osv. Vores open source-programmeringsplatform tilbyder flere typer programmeringssprog for alle f\u00e6rdighedsniveauer. Giver brugerne mulighed for at skalere fra grundl\u00e6ggende operationer til AI-integrationer. Dette kombineret med vores eksklusive online ressourcer og v\u00e6rkt\u00f8jer g\u00f8r det muligt for vores kunder og partnere at sidde i f\u00f8rers\u00e6det. Vi er forpligtet til at v\u00e6re din tilg\u00e6ngelige automationspartner. Vores KVALITET. Kawasaki-navnet er synonymt med pr\u00e6cision og p\u00e5lidelighed, fordi [&hellip;]<\/p>\n","protected":false},"author":9,"featured_media":0,"parent":0,"menu_order":3,"comment_status":"closed","ping_status":"closed","template":"","meta":{"ep_exclude_from_search":false,"footnotes":""},"class_list":["post-3868","page","type-page","status-publish","hentry"],"yoast_head":"<!-- This site is optimized with the Yoast SEO plugin v25.9 - https:\/\/yoast.com\/wordpress\/plugins\/seo\/ -->\n<title>WHY KAWASAKI ROBOTICS | Industrial Robots by Kawasaki Robotics<\/title>\n<meta name=\"description\" content=\"With a service-based approach, an open programming language and a manufacturer-first mindset, we are a different type of robot company.\" \/>\n<meta name=\"robots\" content=\"index, follow, max-snippet:-1, max-image-preview:large, max-video-preview:-1\" \/>\n<link rel=\"canonical\" href=\"https:\/\/kawasakirobotics.com\/dk\/why-kawasaki-robotics\/\" \/>\n<meta property=\"og:locale\" content=\"da_DK\" \/>\n<meta property=\"og:type\" content=\"article\" \/>\n<meta property=\"og:title\" content=\"WHY KAWASAKI ROBOTICS | Industrial Robots by Kawasaki Robotics\" \/>\n<meta property=\"og:description\" content=\"With a service-based approach, an open programming language and a manufacturer-first mindset, we are a different type of robot company.\" \/>\n<meta property=\"og:url\" content=\"https:\/\/kawasakirobotics.com\/dk\/why-kawasaki-robotics\/\" \/>\n<meta property=\"og:site_name\" content=\"Kawasaki Robotics\" \/>\n<meta property=\"article:modified_time\" content=\"2025-05-14T05:27:23+00:00\" \/>\n<meta property=\"og:image\" content=\"https:\/\/kawasakirobotics.com\/content\/themes\/krobot-theme\/src\/images\/default\/ogp.jpg\" \/>\n\t<meta property=\"og:image:width\" content=\"1200\" \/>\n\t<meta property=\"og:image:height\" content=\"630\" \/>\n\t<meta property=\"og:image:type\" content=\"image\/jpeg\" \/>\n<meta name=\"twitter:card\" content=\"summary_large_image\" \/>\n<script type=\"application\/ld+json\" class=\"yoast-schema-graph\">{\"@context\":\"https:\/\/schema.org\",\"@graph\":[{\"@type\":\"WebPage\",\"@id\":\"https:\/\/kawasakirobotics.com\/dk\/why-kawasaki-robotics\/\",\"url\":\"https:\/\/kawasakirobotics.com\/dk\/why-kawasaki-robotics\/\",\"name\":\"WHY KAWASAKI ROBOTICS | Industrial Robots by Kawasaki Robotics\",\"isPartOf\":{\"@id\":\"https:\/\/kawasakirobotics.com\/dk\/#website\"},\"primaryImageOfPage\":{\"@id\":\"https:\/\/kawasakirobotics.com\/dk\/why-kawasaki-robotics\/#primaryimage\"},\"image\":{\"@id\":\"https:\/\/kawasakirobotics.com\/dk\/why-kawasaki-robotics\/#primaryimage\"},\"thumbnailUrl\":\"https:\/\/kawasakirobotics.com\/tachyon\/sites\/5\/2022\/03\/accessibility_004_960x540.webp\",\"datePublished\":\"2022-02-21T17:45:24+00:00\",\"dateModified\":\"2025-05-14T05:27:23+00:00\",\"description\":\"With a service-based approach, an open programming language and a manufacturer-first mindset, we are a different type of robot company.\",\"breadcrumb\":{\"@id\":\"https:\/\/kawasakirobotics.com\/dk\/why-kawasaki-robotics\/#breadcrumb\"},\"inLanguage\":\"da-DK\",\"potentialAction\":[{\"@type\":\"ReadAction\",\"target\":[\"https:\/\/kawasakirobotics.com\/dk\/why-kawasaki-robotics\/\"]}]},{\"@type\":\"ImageObject\",\"inLanguage\":\"da-DK\",\"@id\":\"https:\/\/kawasakirobotics.com\/dk\/why-kawasaki-robotics\/#primaryimage\",\"url\":\"https:\/\/kawasakirobotics.com\/tachyon\/sites\/5\/2022\/03\/accessibility_004_960x540.webp\",\"contentUrl\":\"https:\/\/kawasakirobotics.com\/tachyon\/sites\/5\/2022\/03\/accessibility_004_960x540.webp\"},{\"@type\":\"BreadcrumbList\",\"@id\":\"https:\/\/kawasakirobotics.com\/dk\/why-kawasaki-robotics\/#breadcrumb\",\"itemListElement\":[{\"@type\":\"ListItem\",\"position\":1,\"name\":\"Top\",\"item\":\"https:\/\/kawasakirobotics.com\/dk\/\"},{\"@type\":\"ListItem\",\"position\":2,\"name\":\"WHY KAWASAKI ROBOTICS\"}]},{\"@type\":\"WebSite\",\"@id\":\"https:\/\/kawasakirobotics.com\/dk\/#website\",\"url\":\"https:\/\/kawasakirobotics.com\/dk\/\",\"name\":\"Kawasaki Robotics\",\"description\":\"\",\"publisher\":{\"@id\":\"https:\/\/kawasakirobotics.com\/dk\/#organization\"},\"potentialAction\":[{\"@type\":\"SearchAction\",\"target\":{\"@type\":\"EntryPoint\",\"urlTemplate\":\"https:\/\/kawasakirobotics.com\/dk\/?s={search_term_string}\"},\"query-input\":{\"@type\":\"PropertyValueSpecification\",\"valueRequired\":true,\"valueName\":\"search_term_string\"}}],\"inLanguage\":\"da-DK\"},{\"@type\":\"Organization\",\"@id\":\"https:\/\/kawasakirobotics.com\/dk\/#organization\",\"name\":\"\u5ddd\u5d0e\u91cd\u5de5\u696d\u30ed\u30dc\u30c3\u30c8\u30c7\u30a3\u30d3\u30b8\u30e7\u30f3\",\"url\":\"https:\/\/kawasakirobotics.com\/dk\/\",\"logo\":{\"@type\":\"ImageObject\",\"inLanguage\":\"da-DK\",\"@id\":\"https:\/\/kawasakirobotics.com\/dk\/#\/schema\/logo\/image\/\",\"url\":\"\",\"contentUrl\":\"\",\"caption\":\"\u5ddd\u5d0e\u91cd\u5de5\u696d\u30ed\u30dc\u30c3\u30c8\u30c7\u30a3\u30d3\u30b8\u30e7\u30f3\"},\"image\":{\"@id\":\"https:\/\/kawasakirobotics.com\/dk\/#\/schema\/logo\/image\/\"}}]}<\/script>\n<!-- \/ Yoast SEO plugin. -->","yoast_head_json":{"title":"WHY KAWASAKI ROBOTICS | Industrial Robots by Kawasaki Robotics","description":"With a service-based approach, an open programming language and a manufacturer-first mindset, we are a different type of robot company.","robots":{"index":"index","follow":"follow","max-snippet":"max-snippet:-1","max-image-preview":"max-image-preview:large","max-video-preview":"max-video-preview:-1"},"canonical":"https:\/\/kawasakirobotics.com\/dk\/why-kawasaki-robotics\/","og_locale":"da_DK","og_type":"article","og_title":"WHY KAWASAKI ROBOTICS | Industrial Robots by Kawasaki Robotics","og_description":"With a service-based approach, an open programming language and a manufacturer-first mindset, we are a different type of robot company.","og_url":"https:\/\/kawasakirobotics.com\/dk\/why-kawasaki-robotics\/","og_site_name":"Kawasaki Robotics","article_modified_time":"2025-05-14T05:27:23+00:00","og_image":[{"url":"https:\/\/kawasakirobotics.com\/content\/themes\/krobot-theme\/src\/images\/default\/ogp.jpg","width":"1200","height":"630","type":"image\/jpeg"}],"twitter_card":"summary_large_image","schema":{"@context":"https:\/\/schema.org","@graph":[{"@type":"WebPage","@id":"https:\/\/kawasakirobotics.com\/dk\/why-kawasaki-robotics\/","url":"https:\/\/kawasakirobotics.com\/dk\/why-kawasaki-robotics\/","name":"WHY KAWASAKI ROBOTICS | Industrial Robots by Kawasaki Robotics","isPartOf":{"@id":"https:\/\/kawasakirobotics.com\/dk\/#website"},"primaryImageOfPage":{"@id":"https:\/\/kawasakirobotics.com\/dk\/why-kawasaki-robotics\/#primaryimage"},"image":{"@id":"https:\/\/kawasakirobotics.com\/dk\/why-kawasaki-robotics\/#primaryimage"},"thumbnailUrl":"https:\/\/kawasakirobotics.com\/tachyon\/sites\/5\/2022\/03\/accessibility_004_960x540.webp","datePublished":"2022-02-21T17:45:24+00:00","dateModified":"2025-05-14T05:27:23+00:00","description":"With a service-based approach, an open programming language and a manufacturer-first mindset, we are a different type of robot company.","breadcrumb":{"@id":"https:\/\/kawasakirobotics.com\/dk\/why-kawasaki-robotics\/#breadcrumb"},"inLanguage":"da-DK","potentialAction":[{"@type":"ReadAction","target":["https:\/\/kawasakirobotics.com\/dk\/why-kawasaki-robotics\/"]}]},{"@type":"ImageObject","inLanguage":"da-DK","@id":"https:\/\/kawasakirobotics.com\/dk\/why-kawasaki-robotics\/#primaryimage","url":"https:\/\/kawasakirobotics.com\/tachyon\/sites\/5\/2022\/03\/accessibility_004_960x540.webp","contentUrl":"https:\/\/kawasakirobotics.com\/tachyon\/sites\/5\/2022\/03\/accessibility_004_960x540.webp"},{"@type":"BreadcrumbList","@id":"https:\/\/kawasakirobotics.com\/dk\/why-kawasaki-robotics\/#breadcrumb","itemListElement":[{"@type":"ListItem","position":1,"name":"Top","item":"https:\/\/kawasakirobotics.com\/dk\/"},{"@type":"ListItem","position":2,"name":"WHY KAWASAKI ROBOTICS"}]},{"@type":"WebSite","@id":"https:\/\/kawasakirobotics.com\/dk\/#website","url":"https:\/\/kawasakirobotics.com\/dk\/","name":"Kawasaki Robotics","description":"","publisher":{"@id":"https:\/\/kawasakirobotics.com\/dk\/#organization"},"potentialAction":[{"@type":"SearchAction","target":{"@type":"EntryPoint","urlTemplate":"https:\/\/kawasakirobotics.com\/dk\/?s={search_term_string}"},"query-input":{"@type":"PropertyValueSpecification","valueRequired":true,"valueName":"search_term_string"}}],"inLanguage":"da-DK"},{"@type":"Organization","@id":"https:\/\/kawasakirobotics.com\/dk\/#organization","name":"\u5ddd\u5d0e\u91cd\u5de5\u696d\u30ed\u30dc\u30c3\u30c8\u30c7\u30a3\u30d3\u30b8\u30e7\u30f3","url":"https:\/\/kawasakirobotics.com\/dk\/","logo":{"@type":"ImageObject","inLanguage":"da-DK","@id":"https:\/\/kawasakirobotics.com\/dk\/#\/schema\/logo\/image\/","url":"","contentUrl":"","caption":"\u5ddd\u5d0e\u91cd\u5de5\u696d\u30ed\u30dc\u30c3\u30c8\u30c7\u30a3\u30d3\u30b8\u30e7\u30f3"},"image":{"@id":"https:\/\/kawasakirobotics.com\/dk\/#\/schema\/logo\/image\/"}}]}},"_links":{"self":[{"href":"https:\/\/kawasakirobotics.com\/dk\/wp-json\/wp\/v2\/pages\/3868","targetHints":{"allow":["GET"]}}],"collection":[{"href":"https:\/\/kawasakirobotics.com\/dk\/wp-json\/wp\/v2\/pages"}],"about":[{"href":"https:\/\/kawasakirobotics.com\/dk\/wp-json\/wp\/v2\/types\/page"}],"author":[{"embeddable":true,"href":"https:\/\/kawasakirobotics.com\/dk\/wp-json\/wp\/v2\/users\/9"}],"replies":[{"embeddable":true,"href":"https:\/\/kawasakirobotics.com\/dk\/wp-json\/wp\/v2\/comments?post=3868"}],"version-history":[{"count":15,"href":"https:\/\/kawasakirobotics.com\/dk\/wp-json\/wp\/v2\/pages\/3868\/revisions"}],"predecessor-version":[{"id":5802,"href":"https:\/\/kawasakirobotics.com\/dk\/wp-json\/wp\/v2\/pages\/3868\/revisions\/5802"}],"wp:attachment":[{"href":"https:\/\/kawasakirobotics.com\/dk\/wp-json\/wp\/v2\/media?parent=3868"}],"curies":[{"name":"wp","href":"https:\/\/api.w.org\/{rel}","templated":true}]}}