{"id":3871,"date":"2022-02-21T17:46:03","date_gmt":"2022-02-21T17:46:03","guid":{"rendered":"urn:uuid:52320cec-a814-4c62-b17b-e31c7a4f10a3"},"modified":"2025-05-14T07:28:41","modified_gmt":"2025-05-14T05:28:41","slug":"robot-automation-faqs","status":"publish","type":"page","link":"https:\/\/kawasakirobotics.com\/dk\/robot-automation-faqs\/","title":{"rendered":"Ofte stillede sp\u00f8rgsm\u00e5l om robotautomatisering"},"content":{"rendered":"\n<figure class=\"wp-block-gallery has-nested-images columns-default is-cropped wp-block-gallery-1 is-layout-flex wp-block-gallery-is-layout-flex\">\n<figure class=\"wp-block-image size-large\"><img loading=\"lazy\" decoding=\"async\" width=\"1117\" height=\"1117\" data-id=\"5497\" src=\"https:\/\/kawasakirobotics.com\/tachyon\/2022\/03\/quality_005_1800x1200-2.jpg?fit=900%2C900\" alt=\"Robert Lambeck Paint Automation med Kawasaki Robotics\" class=\"wp-image-5497\" \/><\/figure>\n\n\n\n<figure class=\"wp-block-image size-large\"><img decoding=\"async\" data-id=\"5624\" src=\"https:\/\/kawasakirobotics.com\/tachyon\/2022\/03\/Harbour-Tech-Cell-1-1.png\" alt=\"K-Positioner\u3000Kawasaki\u3000svejsning\u3000robotter\u3000PST375-I1_\" class=\"wp-image-5624\" \/><\/figure>\n\n\n\n<figure class=\"wp-block-image size-large\"><img decoding=\"async\" data-id=\"5500\" src=\"https:\/\/kawasakirobotics.com\/tachyon\/2022\/03\/robot-arm_06_1800x1200.jpg?fit=900%2C900\" alt=\"\" class=\"wp-image-5500\" \/><\/figure>\n<\/figure>\n\n\n\n<h2 class=\"wp-block-heading\"><strong>Robotter, robotter og automatisering \u2013 hvad er forskellen?<\/strong><\/h2>\n\n\n\n<p>Robotter, robotteknologi og automatisering bruges n\u00e6sten i fl\u00e6ng, men har forskellige betydninger. Robotter er de faktiske robotarme, du ser i en fabriksindstilling, og robotteknologi er den teknologi, der involverer udformning, design, konstruktion og drift af robotter i fremstillingen. Automatisering er defineret som en teknologi, der anvender mekaniske, elektroniske og computerbaserede systemer til drift og kontrol af produktionen. Et automatiseret robotsystem bruger mange komponenter til selvst\u00e6ndigt at udf\u00f8re en opgave.<\/p>\n\n\n\n<h2 class=\"wp-block-heading\"><strong>Hvad er de vigtigste typer robotapplikationer?<\/strong><\/h2>\n\n\n\n<ul class=\"wp-block-list\">\n<li><strong>Material handling <\/strong>processes involve moving an item from one place to another, just as the name suggests.<\/li>\n\n\n\n<li><strong>Assembly<\/strong> tasks require a robot to put something together. That could mean assembling multiple parts, like a gear box or a printed circuit board.<\/li>\n\n\n\n<li><strong>Processing <\/strong>applications include tasks like painting, arc welding, spot welding, polishing, and grinding.<\/li>\n<\/ul>\n\n\n\n<h2 class=\"wp-block-heading\"><strong>Hvordan v\u00e6lger jeg den rigtige robotarm til min applikation?<\/strong><\/h2>\n\n\n\n<p>Take the following items into account:<\/p>\n\n\n\n<ul class=\"wp-block-list\">\n<li><strong>Payload <\/strong>is the amount of weight a robot arm can lift. Don\u2019t forget to include the weight of the end effector and bracketing, if needed, into the payload calculation.<\/li>\n\n\n\n<li><strong>Reach<\/strong> is how far your robot arm can reach vertically and horizontally, which helps define the robot workspace and the application design.<\/li>\n\n\n\n<li><strong>Type<\/strong> is defined by the mechanical joints, rotary and\/or linear, that impart movement to the robot arm. Robots come with one to seven axes: Cartesian, SCARA, Delta, Collaborative and Articulated robots.<\/li>\n<\/ul>\n\n\n\n<h2 class=\"wp-block-heading\"><strong>Hvilke komponenter g\u00e5r ind i en automatiseret robotcelle?<\/strong><\/h2>\n\n\n\n<p>En robot har brug for ekstra udstyr for at kunne fungere og udf\u00f8re opgaver. Her er et par eksempler:<\/p>\n\n\n\n<ul class=\"wp-block-list\">\n<li><strong>End effectors<\/strong> are also known as a gripper or end-of-arm tool. It\u2019s mounted to the end of the robot arm and is central to the application.<\/li>\n\n\n\n<li><strong>Cell controls<\/strong> include a controller that controls all operations of the cell. A teach pendant allows the user to program and operate the robot.<\/li>\n\n\n\n<li><strong>Peripheral equipment<\/strong> encompasses a wide range of items, such as infeed\/outfeed conveyors, part positioners, fixtures, vision systems and more.<\/li>\n\n\n\n<li><strong>Sensors <\/strong>relay presence\/absence information of parts to the robot. For example: When a part has reached a certain position on a conveyor, the sensor detects the part so the robot can execute a pick-up motion.<\/li>\n\n\n\n<li><strong>Safety<\/strong> is the most important part of any automated robotic cell. Safety methods protect personnel from hazards associated with the robot cell in operation. There are a wide range of options for safety equipment, from full safety fencing to sensors that require no actual hardware.<\/li>\n<\/ul>\n\n\n\n<h2 class=\"wp-block-heading\"><strong>Hvordan programmeres robotter?<\/strong><\/h2>\n\n\n\n<p>Hver robotproducent bruger sit eget programmeringssprog, men vores er en ingeni\u00f8rs bedste ven. Kawasaki Robotics\u2019 programmeringsplatform best\u00e5r af tre kraftfulde, intuitive og fleksible programmeringssprog til den mest basale til komplekse applikation \u2013 vi begr\u00e6nser ikke dit potentiale.<\/p>\n\n\n\n<ul class=\"wp-block-list\">\n<li><strong>Kawasaki Block-Step Language <\/strong>is our beginner programming language and can be used for most applications. It\u2019s for the everyday operator and can be used to touch up points if necessary.<\/li>\n\n\n\n<li><strong>Kawasaki AS Language<\/strong> is geared toward users who already have basic programming experience. It allows them to write simple or complex motion paths and control logic. The open structure of AS Language allows users to program even the most advanced applications.<\/li>\n\n\n\n<li><strong>KRNX<\/strong> is for our more advanced programmers. It uses an API that lets externally generated motion programs control the robot.<\/li>\n<\/ul>\n\n\n\n<h2 class=\"wp-block-heading\"><strong>Hvilke typer applikationer er ideelle til automatisering?<\/strong><\/h2>\n\n\n\n<p>Industrielle robotarme er ideelle til opgaver, der ikke er ideelle for mennesker. Her er en liste over kriterier:<\/p>\n\n\n\n<ul class=\"wp-block-list\">\n<li><strong>Dull:<\/strong> Tedious and repetitive tasks<\/li>\n\n\n\n<li><strong>Dirty:<\/strong> Applications in environments with lots of dust, paint or excessive debris<\/li>\n\n\n\n<li><strong>Dangerous:<\/strong> Hazardous processes that put employees at risk of injury<\/li>\n\n\n\n<li><strong>High precision:<\/strong> For products that require a flawless finish or highly accurate measurements<\/li>\n<\/ul>\n\n\n\n<h2 class=\"wp-block-heading\"><strong>Hvad er fordelene ved robotautomatisering?<\/strong><\/h2>\n\n\n\n<p>For den rigtige anvendelse giver robotsystemer et v\u00e6ld af fordele for slutbrugeren. En robot kan k\u00f8re non-stop med en defineret hastighed uden overv\u00e5gning, hvilket giver dig mulighed for at \u00f8ge produktionsm\u00e6ngderne.<\/p>\n\n\n\n<p>En anden fordel ved robotautomatisering er konsistens. Robotter k\u00f8rer med h\u00f8j repeterbarhed og n\u00f8jagtighed, og det afspejles i den forbedrede delkvalitet. Og ved at tillade robotter at h\u00e5ndtere ikke-menneskevenlige opgaver, kan arbejdsgivere omkvalificere deres arbejdsstyrke til mere tilfredsstillende arbejde i et sikrere milj\u00f8, for blot at n\u00e6vne nogle f\u00e5.<\/p>\n\n\n\n<h2 class=\"wp-block-heading\"><strong>Hvilke foranstaltninger kan jeg tage for at sikre, at mit automatiserede robotsystem lykkes?<\/strong><\/h2>\n\n\n\n<p>N\u00e5r du skifter fra en manuel til en automatiseret proces, skal du muligvis foretage nogle \u00e6ndringer i dit deldesign, v\u00e6rkt\u00f8j og inventar for at sikre, at det er egnet til automatisering. Denne investering vil v\u00e6re begrundet i de omkostningsbesparelser, du ser, n\u00e5r din celle er oppe at k\u00f8re.<\/p>\n\n\n\n<p>Det er vigtigt at v\u00e6lge en systemintegrator, der vil forsyne robotsystemet fra start. Du \u00f8nsker at samarbejde med fastansatte eksperter, der har ekspertise i at designe, designe, konstruere og idrifts\u00e6tte robotsystemet. Men glem ikke, at du er eksperten i at fremstille dit produkt &#8211; det er kombinationen af din ekspertise og deres erfaring, der resulterer i succesfulde applikationer.<\/p>\n\n\n\n<div style=\"height:100px\" aria-hidden=\"true\" class=\"wp-block-spacer\"><\/div>\n\n\n\n<div class=\"wp-block-cover alignfull is-light full_cover_block no-margin\"><span aria-hidden=\"true\" class=\"wp-block-cover__background has-white-background-color has-background-dim-90 has-background-dim\"><\/span><img loading=\"lazy\" decoding=\"async\" width=\"2560\" height=\"1714\" class=\"wp-block-cover__image-background wp-image-4414\" alt=\"\" src=\"https:\/\/kawasakirobotics.com\/tachyon\/sites\/5\/2022\/03\/A1760478-scaled.jpg\" data-object-fit=\"cover\" srcset=\"https:\/\/kawasakirobotics.com\/tachyon\/sites\/35\/2022\/03\/A1760478-scaled.jpg?resize=2560%2C1714&amp;zoom=1 2560w, https:\/\/kawasakirobotics.com\/tachyon\/sites\/35\/2022\/03\/A1760478-scaled.jpg?resize=2560%2C1714&amp;zoom=0.5 1280w, https:\/\/kawasakirobotics.com\/tachyon\/sites\/35\/2022\/03\/A1760478-scaled.jpg?resize=2560%2C1714&amp;zoom=0.25 640w\" sizes=\"auto, (max-width: 2560px) 100vw, 2560px\" \/><div class=\"wp-block-cover__inner-container is-layout-flow wp-block-cover-is-layout-flow\">\n<h1 class=\"wp-block-heading has-text-align-center\">Har du stadig sp\u00f8rgsm\u00e5l?<\/h1>\n\n\n\n<p>Vi er glade for at chatte.<\/p>\n\n\n\n<div class=\"wp-block-buttons is-vertical is-content-justification-center is-layout-flex wp-container-core-buttons-is-layout-734eb2c2 wp-block-buttons-is-layout-flex\">\n<div class=\"wp-block-button is-style-outline is-style-outline--2\"><a class=\"wp-block-button__link wp-element-button\" href=\"https:\/\/kawasakirobotics.com\/dk\/inquiry\/\">KONTAKT OS<\/a><\/div>\n<\/div>\n<\/div><\/div>\n","protected":false},"excerpt":{"rendered":"<p>Robotter, robotter og automatisering \u2013 hvad er forskellen? Robotter, robotteknologi og automatisering bruges n\u00e6sten i fl\u00e6ng, men har forskellige betydninger. Robotter er de faktiske robotarme, du ser i en fabriksindstilling, og robotteknologi er den teknologi, der involverer udformning, design, konstruktion og drift af robotter i fremstillingen. Automatisering er defineret som en teknologi, der anvender mekaniske, elektroniske og computerbaserede systemer til drift og kontrol af produktionen. Et automatiseret robotsystem bruger mange komponenter til selvst\u00e6ndigt at udf\u00f8re en opgave. Hvad er de vigtigste typer robotapplikationer? Hvordan v\u00e6lger jeg den rigtige robotarm til min applikation? Take the following items into account: Hvilke komponenter g\u00e5r ind i en automatiseret robotcelle? En robot har brug [&hellip;]<\/p>\n","protected":false},"author":9,"featured_media":0,"parent":0,"menu_order":4,"comment_status":"closed","ping_status":"closed","template":"","meta":{"ep_exclude_from_search":false,"footnotes":""},"class_list":["post-3871","page","type-page","status-publish","hentry"],"yoast_head":"<!-- This site is optimized with the Yoast SEO plugin v25.9 - https:\/\/yoast.com\/wordpress\/plugins\/seo\/ -->\n<title>Ofte stillede sp\u00f8rgsm\u00e5l om robotautomatisering | Industrial Robots by Kawasaki Robotics<\/title>\n<meta name=\"description\" content=\"Getting started with robotics? Browse frequently asked robot automation questions and find answers straight from our experts.\" \/>\n<meta name=\"robots\" content=\"index, follow, max-snippet:-1, max-image-preview:large, max-video-preview:-1\" \/>\n<link rel=\"canonical\" href=\"https:\/\/kawasakirobotics.com\/dk\/robot-automation-faqs\/\" \/>\n<meta property=\"og:locale\" content=\"da_DK\" \/>\n<meta property=\"og:type\" content=\"article\" \/>\n<meta property=\"og:title\" content=\"Ofte stillede sp\u00f8rgsm\u00e5l om robotautomatisering | Industrial Robots by Kawasaki Robotics\" \/>\n<meta property=\"og:description\" content=\"Getting started with robotics? Browse frequently asked robot automation questions and find answers straight from our experts.\" \/>\n<meta property=\"og:url\" content=\"https:\/\/kawasakirobotics.com\/dk\/robot-automation-faqs\/\" \/>\n<meta property=\"og:site_name\" content=\"Kawasaki Robotics\" \/>\n<meta property=\"article:modified_time\" content=\"2025-05-14T05:28:41+00:00\" \/>\n<meta property=\"og:image\" content=\"https:\/\/kawasakirobotics.com\/content\/themes\/krobot-theme\/src\/images\/default\/ogp.jpg\" \/>\n\t<meta property=\"og:image:width\" content=\"1200\" \/>\n\t<meta property=\"og:image:height\" content=\"630\" \/>\n\t<meta property=\"og:image:type\" content=\"image\/jpeg\" \/>\n<meta name=\"twitter:card\" content=\"summary_large_image\" \/>\n<script type=\"application\/ld+json\" class=\"yoast-schema-graph\">{\"@context\":\"https:\/\/schema.org\",\"@graph\":[{\"@type\":\"WebPage\",\"@id\":\"https:\/\/kawasakirobotics.com\/dk\/robot-automation-faqs\/\",\"url\":\"https:\/\/kawasakirobotics.com\/dk\/robot-automation-faqs\/\",\"name\":\"Ofte stillede sp\u00f8rgsm\u00e5l om robotautomatisering | Industrial Robots by Kawasaki Robotics\",\"isPartOf\":{\"@id\":\"https:\/\/kawasakirobotics.com\/dk\/#website\"},\"primaryImageOfPage\":{\"@id\":\"https:\/\/kawasakirobotics.com\/dk\/robot-automation-faqs\/#primaryimage\"},\"image\":{\"@id\":\"https:\/\/kawasakirobotics.com\/dk\/robot-automation-faqs\/#primaryimage\"},\"thumbnailUrl\":\"https:\/\/kawasakirobotics.com\/tachyon\/2022\/03\/quality_005_1800x1200-2.jpg?fit=900%2C900\",\"datePublished\":\"2022-02-21T17:46:03+00:00\",\"dateModified\":\"2025-05-14T05:28:41+00:00\",\"description\":\"Getting started with robotics? Browse frequently asked robot automation questions and find answers straight from our experts.\",\"breadcrumb\":{\"@id\":\"https:\/\/kawasakirobotics.com\/dk\/robot-automation-faqs\/#breadcrumb\"},\"inLanguage\":\"da-DK\",\"potentialAction\":[{\"@type\":\"ReadAction\",\"target\":[\"https:\/\/kawasakirobotics.com\/dk\/robot-automation-faqs\/\"]}]},{\"@type\":\"ImageObject\",\"inLanguage\":\"da-DK\",\"@id\":\"https:\/\/kawasakirobotics.com\/dk\/robot-automation-faqs\/#primaryimage\",\"url\":\"https:\/\/kawasakirobotics.com\/tachyon\/2022\/03\/quality_005_1800x1200-2.jpg?fit=900%2C900\",\"contentUrl\":\"https:\/\/kawasakirobotics.com\/tachyon\/2022\/03\/quality_005_1800x1200-2.jpg?fit=900%2C900\"},{\"@type\":\"BreadcrumbList\",\"@id\":\"https:\/\/kawasakirobotics.com\/dk\/robot-automation-faqs\/#breadcrumb\",\"itemListElement\":[{\"@type\":\"ListItem\",\"position\":1,\"name\":\"Top\",\"item\":\"https:\/\/kawasakirobotics.com\/dk\/\"},{\"@type\":\"ListItem\",\"position\":2,\"name\":\"Ofte stillede sp\u00f8rgsm\u00e5l om robotautomatisering\"}]},{\"@type\":\"WebSite\",\"@id\":\"https:\/\/kawasakirobotics.com\/dk\/#website\",\"url\":\"https:\/\/kawasakirobotics.com\/dk\/\",\"name\":\"Kawasaki Robotics\",\"description\":\"\",\"publisher\":{\"@id\":\"https:\/\/kawasakirobotics.com\/dk\/#organization\"},\"potentialAction\":[{\"@type\":\"SearchAction\",\"target\":{\"@type\":\"EntryPoint\",\"urlTemplate\":\"https:\/\/kawasakirobotics.com\/dk\/?s={search_term_string}\"},\"query-input\":{\"@type\":\"PropertyValueSpecification\",\"valueRequired\":true,\"valueName\":\"search_term_string\"}}],\"inLanguage\":\"da-DK\"},{\"@type\":\"Organization\",\"@id\":\"https:\/\/kawasakirobotics.com\/dk\/#organization\",\"name\":\"\u5ddd\u5d0e\u91cd\u5de5\u696d\u30ed\u30dc\u30c3\u30c8\u30c7\u30a3\u30d3\u30b8\u30e7\u30f3\",\"url\":\"https:\/\/kawasakirobotics.com\/dk\/\",\"logo\":{\"@type\":\"ImageObject\",\"inLanguage\":\"da-DK\",\"@id\":\"https:\/\/kawasakirobotics.com\/dk\/#\/schema\/logo\/image\/\",\"url\":\"\",\"contentUrl\":\"\",\"caption\":\"\u5ddd\u5d0e\u91cd\u5de5\u696d\u30ed\u30dc\u30c3\u30c8\u30c7\u30a3\u30d3\u30b8\u30e7\u30f3\"},\"image\":{\"@id\":\"https:\/\/kawasakirobotics.com\/dk\/#\/schema\/logo\/image\/\"}}]}<\/script>\n<!-- \/ Yoast SEO plugin. -->","yoast_head_json":{"title":"Ofte stillede sp\u00f8rgsm\u00e5l om robotautomatisering | Industrial Robots by Kawasaki Robotics","description":"Getting started with robotics? Browse frequently asked robot automation questions and find answers straight from our experts.","robots":{"index":"index","follow":"follow","max-snippet":"max-snippet:-1","max-image-preview":"max-image-preview:large","max-video-preview":"max-video-preview:-1"},"canonical":"https:\/\/kawasakirobotics.com\/dk\/robot-automation-faqs\/","og_locale":"da_DK","og_type":"article","og_title":"Ofte stillede sp\u00f8rgsm\u00e5l om robotautomatisering | Industrial Robots by Kawasaki Robotics","og_description":"Getting started with robotics? Browse frequently asked robot automation questions and find answers straight from our experts.","og_url":"https:\/\/kawasakirobotics.com\/dk\/robot-automation-faqs\/","og_site_name":"Kawasaki Robotics","article_modified_time":"2025-05-14T05:28:41+00:00","og_image":[{"url":"https:\/\/kawasakirobotics.com\/content\/themes\/krobot-theme\/src\/images\/default\/ogp.jpg","width":"1200","height":"630","type":"image\/jpeg"}],"twitter_card":"summary_large_image","schema":{"@context":"https:\/\/schema.org","@graph":[{"@type":"WebPage","@id":"https:\/\/kawasakirobotics.com\/dk\/robot-automation-faqs\/","url":"https:\/\/kawasakirobotics.com\/dk\/robot-automation-faqs\/","name":"Ofte stillede sp\u00f8rgsm\u00e5l om robotautomatisering | Industrial Robots by Kawasaki Robotics","isPartOf":{"@id":"https:\/\/kawasakirobotics.com\/dk\/#website"},"primaryImageOfPage":{"@id":"https:\/\/kawasakirobotics.com\/dk\/robot-automation-faqs\/#primaryimage"},"image":{"@id":"https:\/\/kawasakirobotics.com\/dk\/robot-automation-faqs\/#primaryimage"},"thumbnailUrl":"https:\/\/kawasakirobotics.com\/tachyon\/2022\/03\/quality_005_1800x1200-2.jpg?fit=900%2C900","datePublished":"2022-02-21T17:46:03+00:00","dateModified":"2025-05-14T05:28:41+00:00","description":"Getting started with robotics? Browse frequently asked robot automation questions and find answers straight from our experts.","breadcrumb":{"@id":"https:\/\/kawasakirobotics.com\/dk\/robot-automation-faqs\/#breadcrumb"},"inLanguage":"da-DK","potentialAction":[{"@type":"ReadAction","target":["https:\/\/kawasakirobotics.com\/dk\/robot-automation-faqs\/"]}]},{"@type":"ImageObject","inLanguage":"da-DK","@id":"https:\/\/kawasakirobotics.com\/dk\/robot-automation-faqs\/#primaryimage","url":"https:\/\/kawasakirobotics.com\/tachyon\/2022\/03\/quality_005_1800x1200-2.jpg?fit=900%2C900","contentUrl":"https:\/\/kawasakirobotics.com\/tachyon\/2022\/03\/quality_005_1800x1200-2.jpg?fit=900%2C900"},{"@type":"BreadcrumbList","@id":"https:\/\/kawasakirobotics.com\/dk\/robot-automation-faqs\/#breadcrumb","itemListElement":[{"@type":"ListItem","position":1,"name":"Top","item":"https:\/\/kawasakirobotics.com\/dk\/"},{"@type":"ListItem","position":2,"name":"Ofte stillede sp\u00f8rgsm\u00e5l om robotautomatisering"}]},{"@type":"WebSite","@id":"https:\/\/kawasakirobotics.com\/dk\/#website","url":"https:\/\/kawasakirobotics.com\/dk\/","name":"Kawasaki Robotics","description":"","publisher":{"@id":"https:\/\/kawasakirobotics.com\/dk\/#organization"},"potentialAction":[{"@type":"SearchAction","target":{"@type":"EntryPoint","urlTemplate":"https:\/\/kawasakirobotics.com\/dk\/?s={search_term_string}"},"query-input":{"@type":"PropertyValueSpecification","valueRequired":true,"valueName":"search_term_string"}}],"inLanguage":"da-DK"},{"@type":"Organization","@id":"https:\/\/kawasakirobotics.com\/dk\/#organization","name":"\u5ddd\u5d0e\u91cd\u5de5\u696d\u30ed\u30dc\u30c3\u30c8\u30c7\u30a3\u30d3\u30b8\u30e7\u30f3","url":"https:\/\/kawasakirobotics.com\/dk\/","logo":{"@type":"ImageObject","inLanguage":"da-DK","@id":"https:\/\/kawasakirobotics.com\/dk\/#\/schema\/logo\/image\/","url":"","contentUrl":"","caption":"\u5ddd\u5d0e\u91cd\u5de5\u696d\u30ed\u30dc\u30c3\u30c8\u30c7\u30a3\u30d3\u30b8\u30e7\u30f3"},"image":{"@id":"https:\/\/kawasakirobotics.com\/dk\/#\/schema\/logo\/image\/"}}]}},"_links":{"self":[{"href":"https:\/\/kawasakirobotics.com\/dk\/wp-json\/wp\/v2\/pages\/3871","targetHints":{"allow":["GET"]}}],"collection":[{"href":"https:\/\/kawasakirobotics.com\/dk\/wp-json\/wp\/v2\/pages"}],"about":[{"href":"https:\/\/kawasakirobotics.com\/dk\/wp-json\/wp\/v2\/types\/page"}],"author":[{"embeddable":true,"href":"https:\/\/kawasakirobotics.com\/dk\/wp-json\/wp\/v2\/users\/9"}],"replies":[{"embeddable":true,"href":"https:\/\/kawasakirobotics.com\/dk\/wp-json\/wp\/v2\/comments?post=3871"}],"version-history":[{"count":12,"href":"https:\/\/kawasakirobotics.com\/dk\/wp-json\/wp\/v2\/pages\/3871\/revisions"}],"predecessor-version":[{"id":5803,"href":"https:\/\/kawasakirobotics.com\/dk\/wp-json\/wp\/v2\/pages\/3871\/revisions\/5803"}],"wp:attachment":[{"href":"https:\/\/kawasakirobotics.com\/dk\/wp-json\/wp\/v2\/media?parent=3871"}],"curies":[{"name":"wp","href":"https:\/\/api.w.org\/{rel}","templated":true}]}}