{"id":4768,"date":"2022-03-03T03:19:35","date_gmt":"2022-03-03T03:19:35","guid":{"rendered":"urn:uuid:8c138585-29cc-422a-b085-b7641cb9c987"},"modified":"2024-02-15T22:08:40","modified_gmt":"2024-02-15T21:08:40","slug":"k-pall","status":"publish","type":"page","link":"https:\/\/kawasakirobotics.com\/dk\/k-pall\/","title":{"rendered":"K-PALL"},"content":{"rendered":"\n<h2 class=\"wp-block-heading\">K-PALL: The compact palletising cell from Kawasaki<\/h2>\n\n\n\n<div class=\"wp-block-media-text alignwide is-stacked-on-mobile\"><figure class=\"wp-block-media-text__media\"><img loading=\"lazy\" decoding=\"async\" width=\"1919\" height=\"1079\" src=\"https:\/\/kawasakirobotics.com\/tachyon\/sites\/9\/2023\/03\/Simply-unique-1.png\" alt=\"\" class=\"wp-image-5851 size-full\" \/><\/figure><div class=\"wp-block-media-text__content\">\n<p class=\"has-large-font-size\">Experience K-PALL live at<strong> Interpack 2023 in D\u00fcsseldorf<\/strong> (Hall 6, Booth A66). Find more details and receive your free personal ticket <strong><a href=\"https:\/\/kawasakirobotics.com\/eu-africa\/interpack2023\/\">here<\/a><\/strong>!<\/p>\n<\/div><\/div>\n\n\n\n<figure class=\"wp-block-embed is-type-video is-provider-youtube wp-block-embed-youtube wp-embed-aspect-16-9 wp-has-aspect-ratio\"><div class=\"wp-block-embed__wrapper\">\n<iframe loading=\"lazy\" title=\"Introducing K-PALL by Kawasaki Robotics\" width=\"900\" height=\"506\" src=\"https:\/\/www.youtube.com\/embed\/vaKKaudsuFo?feature=oembed\" frameborder=\"0\" allow=\"accelerometer; autoplay; clipboard-write; encrypted-media; gyroscope; picture-in-picture; web-share\" referrerpolicy=\"strict-origin-when-cross-origin\" allowfullscreen><\/iframe>\n<\/div><\/figure>\n\n\n\n<p class=\"has-light-gray-background-color has-background\"><strong><strong>Available now!<\/strong><\/strong><\/p>\n\n\n\n<h4 class=\"wp-block-heading\"><strong><strong>Automatisering har aldrig v\u00e6ret nemmere<\/strong><\/strong><\/h4>\n\n\n\n<p>Alt hvad du har brug for p\u00e5 det mindste rum: K-PALL fra Kawasaki Robotics er med sit ekstremt kompakte og lette design en af de mindste, men mest kraftfulde palleteringsceller p\u00e5 markedet.<\/p>\n\n\n\n<p>Moderne teknologi, smart design og intuitiv betjening g\u00f8r K-PALL til dit optimale f\u00f8rste skridt ind i automatiseringen af dine palleteringsopgaver.<\/p>\n\n\n\n<figure class=\"wp-block-image aligncenter size-full\"><img loading=\"lazy\" decoding=\"async\" width=\"738\" height=\"493\" src=\"https:\/\/kawasakirobotics.com\/tachyon\/sites\/5\/2022\/03\/K-PALL-Flyer-GER-Digital.jpeg\" alt=\"K-PALL\" class=\"wp-image-4732\" srcset=\"https:\/\/kawasakirobotics.com\/tachyon\/sites\/35\/2022\/03\/K-PALL-Flyer-GER-Digital.jpeg?resize=738%2C493&amp;zoom=1 738w, https:\/\/kawasakirobotics.com\/tachyon\/sites\/35\/2022\/03\/K-PALL-Flyer-GER-Digital.jpeg?resize=738%2C493&amp;zoom=0.5 369w, https:\/\/kawasakirobotics.com\/tachyon\/sites\/35\/2022\/03\/K-PALL-Flyer-GER-Digital.jpeg?resize=738%2C493&amp;zoom=0.25 185w\" sizes=\"auto, (max-width: 738px) 100vw, 738px\" \/><\/figure>\n\n\n\n<ul class=\"wp-block-list\">\n<li><strong>Plug &amp; Play og klar til brug:<\/strong><br>Vores celle er nem at transportere og s\u00e6tte i drift \u2013 s\u00e5 du nyder godt af maksimal fleksibilitet!<\/li>\n\n\n\n<li><strong>Let at integrere:<\/strong><br>Den selvst\u00e6ndige l\u00f8sning er kompatibel med en lang r\u00e6kke systemer og kan ogs\u00e5 nemt integreres i eksisterende produktionsanl\u00e6g med en lille planl\u00e6gningsindsats.<\/li>\n\n\n\n<li><strong>Hastighed betyder noget:<\/strong><br>K-PALL tilbyder ikke kun ekstremt hurtige cyklustider og er tilg\u00e6ngelig p\u00e5 kortest mulig tid, men kan ogs\u00e5 l\u00e6res og betjenes med meget lidt indsats.<\/li>\n\n\n\n<li><strong><strong>Maksimal ydeevne med avanceret robotteknologi:<\/strong><\/strong><br>En Kawasaki palleteringsrobot af den gennempr\u00f8vede R-serie giver den n\u00f8dvendige ydeevne, hastighed og pr\u00e6cision i kernen af K-PALL-cellen.<\/li>\n<\/ul>\n\n\n\n<h4 class=\"wp-block-heading\"><strong><strong>Funktionerne p\u00e5 et \u00f8jeblik \u2013 palletering med K-PALL er s\u00e5 nemt<\/strong><\/strong><\/h4>\n\n\n\n<figure class=\"wp-block-image aligncenter size-full\"><img decoding=\"async\" src=\"https:\/\/kawasakirobotics.com\/tachyon\/sites\/9\/2022\/02\/2K-PALL-Flyer-GER-Digital.jpeg\" alt=\"\" class=\"wp-image-4742\" \/><\/figure>\n\n\n\n<ul class=\"wp-block-list\">\n<li><strong>Du skal blot v\u00e6lge og komme i gang:<\/strong><br>Vores K-PALL Control software med foruddefinerede pakkem\u00f8nstre g\u00f8r det muligt.<\/li>\n\n\n\n<li><strong>Intuitivt og klart:<\/strong><br>Nem betjening via den store ber\u00f8ringssk\u00e6rm.<\/li>\n\n\n\n<li><strong>Minimal indsats:<\/strong><br>Med digital idrifts\u00e6ttelse via e-learning er ops\u00e6tningen fuldf\u00f8rt p\u00e5 ingen tid overhovedet.<\/li>\n\n\n\n<li><strong>Hurtig support:<\/strong><br>Systemunderst\u00f8ttet fejlfinding sikrer direkte og pr\u00e6cis hj\u00e6lp i tilf\u00e6lde af problemer.<\/li>\n\n\n\n<li><strong>Forudsigende vedligeholdelse:<\/strong><br>Realtidsoverv\u00e5gning giver os mulighed for at reducere nedetiden til et absolut minimum.<\/li>\n<\/ul>\n\n\n\n<div class=\"wp-block-group has-light-gray-background-color has-background is-layout-flow wp-block-group-is-layout-flow\">\n<h4 class=\"wp-block-heading has-text-align-center\"><strong>L\u00e6r mere om K-PALL<\/strong><\/h4>\n\n\n\n<div class=\"wp-block-buttons is-horizontal is-content-justification-center is-layout-flex wp-container-core-buttons-is-layout-03627597 wp-block-buttons-is-layout-flex\">\n<div class=\"wp-block-button\"><a class=\"wp-block-button__link wp-element-button\" href=\"https:\/\/kawasakirobotics.com\/uploads\/sites\/5\/2022\/03\/K-PALL-Flyer-Kawasaki-Robotics-2021-EN.pdf\" target=\"_blank\" rel=\"noreferrer noopener\">Download brochure<\/a><\/div>\n<\/div>\n<\/div>\n\n\n\n<div class=\"wp-block-media-text is-stacked-on-mobile\" style=\"grid-template-columns:25% auto\"><figure class=\"wp-block-media-text__media\"><img decoding=\"async\" src=\"https:\/\/kawasakirobotics.com\/tachyon\/sites\/9\/2022\/03\/A1180962-300x300-1.jpg\" alt=\"\" class=\"wp-image-5185 size-full\" \/><\/figure><div class=\"wp-block-media-text__content\">\n<h4 class=\"wp-block-heading\"><strong>Tal med os<\/strong><\/h4>\n\n\n\n<p>Andreas Bettenbrock<br><a href=\"mailto:k-pall@kawasakirobotics.de\">K-PALL@kawasakirobotics.de<\/a><br><\/p>\n<\/div><\/div>\n","protected":false},"excerpt":{"rendered":"<p>K-PALL: The compact palletising cell from Kawasaki Experience K-PALL live at Interpack 2023 in D\u00fcsseldorf (Hall 6, Booth A66). Find more details and receive your free personal ticket here! Available now! Automatisering har aldrig v\u00e6ret nemmere Alt hvad du har brug for p\u00e5 det mindste rum: K-PALL fra Kawasaki Robotics er med sit ekstremt kompakte og lette design en af de mindste, men mest kraftfulde palleteringsceller p\u00e5 markedet. Moderne teknologi, smart design og intuitiv betjening g\u00f8r K-PALL til dit optimale f\u00f8rste skridt ind i automatiseringen af dine palleteringsopgaver. Funktionerne p\u00e5 et \u00f8jeblik \u2013 palletering med K-PALL er s\u00e5 nemt L\u00e6r mere om K-PALL Tal med os Andreas BettenbrockK-PALL@kawasakirobotics.de<\/p>\n","protected":false},"author":3,"featured_media":0,"parent":0,"menu_order":0,"comment_status":"closed","ping_status":"closed","template":"","meta":{"ep_exclude_from_search":false,"footnotes":""},"class_list":["post-4768","page","type-page","status-publish","hentry"],"yoast_head":"<!-- This site is optimized with the Yoast SEO plugin v25.9 - https:\/\/yoast.com\/wordpress\/plugins\/seo\/ -->\n<title>K-PALL | Industrial Robots by Kawasaki Robotics<\/title>\n<meta name=\"description\" content=\"Discover K-PALL, the extremely compact and lightweight palletizing solution from Kawasaki Robotics. K-PALL automates your palletizing tasks.\" \/>\n<meta name=\"robots\" content=\"index, follow, max-snippet:-1, max-image-preview:large, max-video-preview:-1\" \/>\n<link rel=\"canonical\" href=\"https:\/\/kawasakirobotics.com\/dk\/k-pall\/\" \/>\n<meta property=\"og:locale\" content=\"da_DK\" \/>\n<meta property=\"og:type\" content=\"article\" \/>\n<meta property=\"og:title\" content=\"K-PALL | Industrial Robots by Kawasaki Robotics\" \/>\n<meta property=\"og:description\" content=\"Discover K-PALL, the extremely compact and lightweight palletizing solution from Kawasaki Robotics. K-PALL automates your palletizing tasks.\" \/>\n<meta property=\"og:url\" content=\"https:\/\/kawasakirobotics.com\/dk\/k-pall\/\" \/>\n<meta property=\"og:site_name\" content=\"Kawasaki Robotics\" \/>\n<meta property=\"article:modified_time\" content=\"2024-02-15T21:08:40+00:00\" \/>\n<meta property=\"og:image\" content=\"https:\/\/kawasakirobotics.com\/content\/themes\/krobot-theme\/src\/images\/default\/ogp.jpg\" \/>\n\t<meta property=\"og:image:width\" content=\"1200\" \/>\n\t<meta property=\"og:image:height\" content=\"630\" \/>\n\t<meta property=\"og:image:type\" content=\"image\/jpeg\" \/>\n<meta name=\"twitter:card\" content=\"summary_large_image\" \/>\n<script type=\"application\/ld+json\" class=\"yoast-schema-graph\">{\"@context\":\"https:\/\/schema.org\",\"@graph\":[{\"@type\":\"WebPage\",\"@id\":\"https:\/\/kawasakirobotics.com\/dk\/k-pall\/\",\"url\":\"https:\/\/kawasakirobotics.com\/dk\/k-pall\/\",\"name\":\"K-PALL | Industrial Robots by Kawasaki Robotics\",\"isPartOf\":{\"@id\":\"https:\/\/kawasakirobotics.com\/dk\/#website\"},\"primaryImageOfPage\":{\"@id\":\"https:\/\/kawasakirobotics.com\/dk\/k-pall\/#primaryimage\"},\"image\":{\"@id\":\"https:\/\/kawasakirobotics.com\/dk\/k-pall\/#primaryimage\"},\"thumbnailUrl\":\"https:\/\/kawasakirobotics.com\/tachyon\/sites\/9\/2023\/03\/Simply-unique-1.png\",\"datePublished\":\"2022-03-03T03:19:35+00:00\",\"dateModified\":\"2024-02-15T21:08:40+00:00\",\"description\":\"Discover K-PALL, the extremely compact and lightweight palletizing solution from Kawasaki Robotics. K-PALL automates your palletizing tasks.\",\"breadcrumb\":{\"@id\":\"https:\/\/kawasakirobotics.com\/dk\/k-pall\/#breadcrumb\"},\"inLanguage\":\"da-DK\",\"potentialAction\":[{\"@type\":\"ReadAction\",\"target\":[\"https:\/\/kawasakirobotics.com\/dk\/k-pall\/\"]}]},{\"@type\":\"ImageObject\",\"inLanguage\":\"da-DK\",\"@id\":\"https:\/\/kawasakirobotics.com\/dk\/k-pall\/#primaryimage\",\"url\":\"https:\/\/kawasakirobotics.com\/tachyon\/sites\/9\/2023\/03\/Simply-unique-1.png\",\"contentUrl\":\"https:\/\/kawasakirobotics.com\/tachyon\/sites\/9\/2023\/03\/Simply-unique-1.png\"},{\"@type\":\"BreadcrumbList\",\"@id\":\"https:\/\/kawasakirobotics.com\/dk\/k-pall\/#breadcrumb\",\"itemListElement\":[{\"@type\":\"ListItem\",\"position\":1,\"name\":\"Top\",\"item\":\"https:\/\/kawasakirobotics.com\/dk\/\"},{\"@type\":\"ListItem\",\"position\":2,\"name\":\"K-PALL\"}]},{\"@type\":\"WebSite\",\"@id\":\"https:\/\/kawasakirobotics.com\/dk\/#website\",\"url\":\"https:\/\/kawasakirobotics.com\/dk\/\",\"name\":\"Kawasaki Robotics\",\"description\":\"\",\"publisher\":{\"@id\":\"https:\/\/kawasakirobotics.com\/dk\/#organization\"},\"potentialAction\":[{\"@type\":\"SearchAction\",\"target\":{\"@type\":\"EntryPoint\",\"urlTemplate\":\"https:\/\/kawasakirobotics.com\/dk\/?s={search_term_string}\"},\"query-input\":{\"@type\":\"PropertyValueSpecification\",\"valueRequired\":true,\"valueName\":\"search_term_string\"}}],\"inLanguage\":\"da-DK\"},{\"@type\":\"Organization\",\"@id\":\"https:\/\/kawasakirobotics.com\/dk\/#organization\",\"name\":\"\u5ddd\u5d0e\u91cd\u5de5\u696d\u30ed\u30dc\u30c3\u30c8\u30c7\u30a3\u30d3\u30b8\u30e7\u30f3\",\"url\":\"https:\/\/kawasakirobotics.com\/dk\/\",\"logo\":{\"@type\":\"ImageObject\",\"inLanguage\":\"da-DK\",\"@id\":\"https:\/\/kawasakirobotics.com\/dk\/#\/schema\/logo\/image\/\",\"url\":\"\",\"contentUrl\":\"\",\"caption\":\"\u5ddd\u5d0e\u91cd\u5de5\u696d\u30ed\u30dc\u30c3\u30c8\u30c7\u30a3\u30d3\u30b8\u30e7\u30f3\"},\"image\":{\"@id\":\"https:\/\/kawasakirobotics.com\/dk\/#\/schema\/logo\/image\/\"}}]}<\/script>\n<!-- \/ Yoast SEO plugin. -->","yoast_head_json":{"title":"K-PALL | Industrial Robots by Kawasaki Robotics","description":"Discover K-PALL, the extremely compact and lightweight palletizing solution from Kawasaki Robotics. K-PALL automates your palletizing tasks.","robots":{"index":"index","follow":"follow","max-snippet":"max-snippet:-1","max-image-preview":"max-image-preview:large","max-video-preview":"max-video-preview:-1"},"canonical":"https:\/\/kawasakirobotics.com\/dk\/k-pall\/","og_locale":"da_DK","og_type":"article","og_title":"K-PALL | Industrial Robots by Kawasaki Robotics","og_description":"Discover K-PALL, the extremely compact and lightweight palletizing solution from Kawasaki Robotics. K-PALL automates your palletizing tasks.","og_url":"https:\/\/kawasakirobotics.com\/dk\/k-pall\/","og_site_name":"Kawasaki Robotics","article_modified_time":"2024-02-15T21:08:40+00:00","og_image":[{"url":"https:\/\/kawasakirobotics.com\/content\/themes\/krobot-theme\/src\/images\/default\/ogp.jpg","width":"1200","height":"630","type":"image\/jpeg"}],"twitter_card":"summary_large_image","schema":{"@context":"https:\/\/schema.org","@graph":[{"@type":"WebPage","@id":"https:\/\/kawasakirobotics.com\/dk\/k-pall\/","url":"https:\/\/kawasakirobotics.com\/dk\/k-pall\/","name":"K-PALL | Industrial Robots by Kawasaki Robotics","isPartOf":{"@id":"https:\/\/kawasakirobotics.com\/dk\/#website"},"primaryImageOfPage":{"@id":"https:\/\/kawasakirobotics.com\/dk\/k-pall\/#primaryimage"},"image":{"@id":"https:\/\/kawasakirobotics.com\/dk\/k-pall\/#primaryimage"},"thumbnailUrl":"https:\/\/kawasakirobotics.com\/tachyon\/sites\/9\/2023\/03\/Simply-unique-1.png","datePublished":"2022-03-03T03:19:35+00:00","dateModified":"2024-02-15T21:08:40+00:00","description":"Discover K-PALL, the extremely compact and lightweight palletizing solution from Kawasaki Robotics. K-PALL automates your palletizing tasks.","breadcrumb":{"@id":"https:\/\/kawasakirobotics.com\/dk\/k-pall\/#breadcrumb"},"inLanguage":"da-DK","potentialAction":[{"@type":"ReadAction","target":["https:\/\/kawasakirobotics.com\/dk\/k-pall\/"]}]},{"@type":"ImageObject","inLanguage":"da-DK","@id":"https:\/\/kawasakirobotics.com\/dk\/k-pall\/#primaryimage","url":"https:\/\/kawasakirobotics.com\/tachyon\/sites\/9\/2023\/03\/Simply-unique-1.png","contentUrl":"https:\/\/kawasakirobotics.com\/tachyon\/sites\/9\/2023\/03\/Simply-unique-1.png"},{"@type":"BreadcrumbList","@id":"https:\/\/kawasakirobotics.com\/dk\/k-pall\/#breadcrumb","itemListElement":[{"@type":"ListItem","position":1,"name":"Top","item":"https:\/\/kawasakirobotics.com\/dk\/"},{"@type":"ListItem","position":2,"name":"K-PALL"}]},{"@type":"WebSite","@id":"https:\/\/kawasakirobotics.com\/dk\/#website","url":"https:\/\/kawasakirobotics.com\/dk\/","name":"Kawasaki Robotics","description":"","publisher":{"@id":"https:\/\/kawasakirobotics.com\/dk\/#organization"},"potentialAction":[{"@type":"SearchAction","target":{"@type":"EntryPoint","urlTemplate":"https:\/\/kawasakirobotics.com\/dk\/?s={search_term_string}"},"query-input":{"@type":"PropertyValueSpecification","valueRequired":true,"valueName":"search_term_string"}}],"inLanguage":"da-DK"},{"@type":"Organization","@id":"https:\/\/kawasakirobotics.com\/dk\/#organization","name":"\u5ddd\u5d0e\u91cd\u5de5\u696d\u30ed\u30dc\u30c3\u30c8\u30c7\u30a3\u30d3\u30b8\u30e7\u30f3","url":"https:\/\/kawasakirobotics.com\/dk\/","logo":{"@type":"ImageObject","inLanguage":"da-DK","@id":"https:\/\/kawasakirobotics.com\/dk\/#\/schema\/logo\/image\/","url":"","contentUrl":"","caption":"\u5ddd\u5d0e\u91cd\u5de5\u696d\u30ed\u30dc\u30c3\u30c8\u30c7\u30a3\u30d3\u30b8\u30e7\u30f3"},"image":{"@id":"https:\/\/kawasakirobotics.com\/dk\/#\/schema\/logo\/image\/"}}]}},"_links":{"self":[{"href":"https:\/\/kawasakirobotics.com\/dk\/wp-json\/wp\/v2\/pages\/4768","targetHints":{"allow":["GET"]}}],"collection":[{"href":"https:\/\/kawasakirobotics.com\/dk\/wp-json\/wp\/v2\/pages"}],"about":[{"href":"https:\/\/kawasakirobotics.com\/dk\/wp-json\/wp\/v2\/types\/page"}],"author":[{"embeddable":true,"href":"https:\/\/kawasakirobotics.com\/dk\/wp-json\/wp\/v2\/users\/3"}],"replies":[{"embeddable":true,"href":"https:\/\/kawasakirobotics.com\/dk\/wp-json\/wp\/v2\/comments?post=4768"}],"version-history":[{"count":9,"href":"https:\/\/kawasakirobotics.com\/dk\/wp-json\/wp\/v2\/pages\/4768\/revisions"}],"predecessor-version":[{"id":5581,"href":"https:\/\/kawasakirobotics.com\/dk\/wp-json\/wp\/v2\/pages\/4768\/revisions\/5581"}],"wp:attachment":[{"href":"https:\/\/kawasakirobotics.com\/dk\/wp-json\/wp\/v2\/media?parent=4768"}],"curies":[{"name":"wp","href":"https:\/\/api.w.org\/{rel}","templated":true}]}}