{"id":4771,"date":"2022-03-03T03:37:12","date_gmt":"2022-03-03T03:37:12","guid":{"rendered":"urn:uuid:d3860912-7f92-42ec-9957-10281bddbeee"},"modified":"2024-02-15T22:02:22","modified_gmt":"2024-02-15T21:02:22","slug":"k-positioner","status":"publish","type":"page","link":"https:\/\/kawasakirobotics.com\/dk\/k-positioner\/","title":{"rendered":"K-Positioner"},"content":{"rendered":"\n<figure class=\"wp-block-embed is-type-video is-provider-youtube wp-block-embed-youtube wp-embed-aspect-16-9 wp-has-aspect-ratio\"><div class=\"wp-block-embed__wrapper\">\n<iframe loading=\"lazy\" title=\"Kawasaki Robotics BA006L welding motorbike steel frame\" width=\"900\" height=\"506\" src=\"https:\/\/www.youtube.com\/embed\/sBDzODSBCUE?feature=oembed\" frameborder=\"0\" allow=\"accelerometer; autoplay; clipboard-write; encrypted-media; gyroscope; picture-in-picture; web-share\" allowfullscreen><\/iframe>\n<\/div><\/figure>\n\n\n\n<h2 class=\"wp-block-heading\"><strong>Avancerede positioneringsmaskiner til dine individuelle applikationer<\/strong><\/h2>\n\n\n\n<p>Kawasaki leverer et komplet udvalg af high-end positioneringsmaskiner \u2013 lige fra enkeltakse positionere med en lodret akse (roterende borde) eller en horisontal akse (med eller uden ekstra st\u00f8tte) til multi positionere. Positionerne kan h\u00e5ndtere produkter fra 100 kg op til 3.000 kg. Hver af positionerne kan leveres med det samme i sin standardkonfiguration eller forberedes i specialiserede designs, der im\u00f8dekommer alle individuelle applikationsbeh<\/p>\n\n\n\n<figure class=\"wp-block-image size-large\"><img loading=\"lazy\" decoding=\"async\" width=\"2048\" height=\"1301\" src=\"https:\/\/kawasakirobotics.com\/tachyon\/sites\/5\/2022\/03\/K-Positioners-no-background-shades-2048x1301-1.png?fit=900%2C900\" alt=\"K-Positioner02\" class=\"wp-image-4772\" srcset=\"https:\/\/kawasakirobotics.com\/tachyon\/sites\/35\/2022\/03\/K-Positioners-no-background-shades-2048x1301-1.png?resize=2048%2C1301&amp;zoom=1 2048w, https:\/\/kawasakirobotics.com\/tachyon\/sites\/35\/2022\/03\/K-Positioners-no-background-shades-2048x1301-1.png?resize=2048%2C1301&amp;zoom=0.5 1024w, https:\/\/kawasakirobotics.com\/tachyon\/sites\/35\/2022\/03\/K-Positioners-no-background-shades-2048x1301-1.png?resize=2048%2C1301&amp;zoom=0.25 512w\" sizes=\"auto, (max-width: 2048px) 100vw, 2048px\" \/><\/figure>\n\n\n\n<h2 class=\"wp-block-heading\">Lige s\u00e5 p\u00e5lidelig og pr\u00e6cis som Kawasaki Robots selv<\/h2>\n\n\n\n<p>K-Positionerne er specielt udviklet til at fungere perfekt med Kawasaki-robotter. Takket v\u00e6re originale Kawasaki-dele er de lige s\u00e5 p\u00e5lidelige og pr\u00e6cise som robotterne selv. Positionerne drives af en ekstra Kawasaki-akse styret af robotcontrolleren, hvilket sikrer en nem og hurtig integration.<\/p>\n\n\n\n<figure class=\"wp-block-image size-large\"><img loading=\"lazy\" decoding=\"async\" width=\"1000\" height=\"667\" src=\"https:\/\/kawasakirobotics.com\/tachyon\/sites\/5\/2022\/03\/anipol-65-tme1.jpeg?fit=900%2C667\" alt=\"K-Positioner01\" class=\"wp-image-4773\" srcset=\"https:\/\/kawasakirobotics.com\/tachyon\/sites\/35\/2022\/03\/anipol-65-tme1.jpeg?resize=1000%2C667&amp;zoom=1 1000w, https:\/\/kawasakirobotics.com\/tachyon\/sites\/35\/2022\/03\/anipol-65-tme1.jpeg?resize=1000%2C667&amp;zoom=0.5 500w, https:\/\/kawasakirobotics.com\/tachyon\/sites\/35\/2022\/03\/anipol-65-tme1.jpeg?resize=1000%2C667&amp;zoom=0.25 250w\" sizes=\"auto, (max-width: 1000px) 100vw, 1000px\" \/><\/figure>\n\n\n\n<h2 class=\"wp-block-heading\">Modul\u00e6r konstruktion giver maksimal fleksibilitet og ydeevne<\/h2>\n\n\n\n<p>K positioners-linjen er baseret p\u00e5 konceptet om modulopbygning, hvilket g\u00f8r det nemt at \u00e6ndre og tilpasse til skiftende produktionsbehov. Deres robuste og stive konstruktion muligg\u00f8r svejsning med konstant optimal ydeevne og produktivitet, hvilket bibeholder fremragende produktkvalitet og garanterer en rettidig eksekvering af ordrer.<\/p>\n\n\n\n<div class=\"wp-block-group has-light-gray-background-color has-background is-layout-flow wp-block-group-is-layout-flow\">\n<h4 class=\"wp-block-heading has-text-align-center\">L\u00e6r mere om K-Positioner<\/h4>\n\n\n\n<div class=\"wp-block-buttons is-horizontal is-content-justification-center is-layout-flex wp-container-core-buttons-is-layout-03627597 wp-block-buttons-is-layout-flex\">\n<div class=\"wp-block-button\"><a class=\"wp-block-button__link wp-element-button\" href=\"https:\/\/kawasaki-corporate.spiral-site.com\/ind_robot_eu?_ifbs-ind_robot_eu=s1_Step1&amp;_gl=1*1iapzqc*_ga*MTQ4ODM3MDE3MC4xNjM3NzMyNDU4*_ga_GRRCX7N19P*MTY0NjI2ODUzOC4yLjEuMTY0NjI3ODE0NC4w\" target=\"_blank\" rel=\"noreferrer noopener\">Kontakt<\/a><\/div>\n<\/div>\n<\/div>\n","protected":false},"excerpt":{"rendered":"<p>Avancerede positioneringsmaskiner til dine individuelle applikationer Kawasaki leverer et komplet udvalg af high-end positioneringsmaskiner \u2013 lige fra enkeltakse positionere med en lodret akse (roterende borde) eller en horisontal akse (med eller uden ekstra st\u00f8tte) til multi positionere. Positionerne kan h\u00e5ndtere produkter fra 100 kg op til 3.000 kg. Hver af positionerne kan leveres med det samme i sin standardkonfiguration eller forberedes i specialiserede designs, der im\u00f8dekommer alle individuelle applikationsbeh Lige s\u00e5 p\u00e5lidelig og pr\u00e6cis som Kawasaki Robots selv K-Positionerne er specielt udviklet til at fungere perfekt med Kawasaki-robotter. Takket v\u00e6re originale Kawasaki-dele er de lige s\u00e5 p\u00e5lidelige og pr\u00e6cise som robotterne selv. Positionerne drives af en ekstra Kawasaki-akse styret af [&hellip;]<\/p>\n","protected":false},"author":3,"featured_media":0,"parent":0,"menu_order":0,"comment_status":"closed","ping_status":"closed","template":"","meta":{"ep_exclude_from_search":false,"footnotes":""},"class_list":["post-4771","page","type-page","status-publish","hentry"],"yoast_head":"<!-- This site is optimized with the Yoast SEO plugin v25.9 - https:\/\/yoast.com\/wordpress\/plugins\/seo\/ -->\n<title>K-Positioner | Industrial Robots by Kawasaki Robotics<\/title>\n<meta name=\"description\" content=\"Kawasaki Robotics offers a wide range of high-end positioners, from single to multi-axis, capable of handling products from 100kg to 3,000kg.\" \/>\n<meta name=\"robots\" content=\"index, follow, max-snippet:-1, max-image-preview:large, max-video-preview:-1\" \/>\n<link rel=\"canonical\" href=\"https:\/\/kawasakirobotics.com\/dk\/k-positioner\/\" \/>\n<meta property=\"og:locale\" content=\"da_DK\" \/>\n<meta property=\"og:type\" content=\"article\" \/>\n<meta property=\"og:title\" content=\"K-Positioner | Industrial Robots by Kawasaki Robotics\" \/>\n<meta property=\"og:description\" content=\"Kawasaki Robotics offers a wide range of high-end positioners, from single to multi-axis, capable of handling products from 100kg to 3,000kg.\" \/>\n<meta property=\"og:url\" content=\"https:\/\/kawasakirobotics.com\/dk\/k-positioner\/\" \/>\n<meta property=\"og:site_name\" content=\"Kawasaki Robotics\" \/>\n<meta property=\"article:modified_time\" content=\"2024-02-15T21:02:22+00:00\" \/>\n<meta property=\"og:image\" content=\"https:\/\/kawasakirobotics.com\/content\/themes\/krobot-theme\/src\/images\/default\/ogp.jpg\" \/>\n\t<meta property=\"og:image:width\" content=\"1200\" \/>\n\t<meta property=\"og:image:height\" content=\"630\" \/>\n\t<meta property=\"og:image:type\" content=\"image\/jpeg\" \/>\n<meta name=\"twitter:card\" content=\"summary_large_image\" \/>\n<script type=\"application\/ld+json\" class=\"yoast-schema-graph\">{\"@context\":\"https:\/\/schema.org\",\"@graph\":[{\"@type\":\"WebPage\",\"@id\":\"https:\/\/kawasakirobotics.com\/dk\/k-positioner\/\",\"url\":\"https:\/\/kawasakirobotics.com\/dk\/k-positioner\/\",\"name\":\"K-Positioner | Industrial Robots by Kawasaki Robotics\",\"isPartOf\":{\"@id\":\"https:\/\/kawasakirobotics.com\/dk\/#website\"},\"primaryImageOfPage\":{\"@id\":\"https:\/\/kawasakirobotics.com\/dk\/k-positioner\/#primaryimage\"},\"image\":{\"@id\":\"https:\/\/kawasakirobotics.com\/dk\/k-positioner\/#primaryimage\"},\"thumbnailUrl\":\"https:\/\/kawasakirobotics.com\/tachyon\/sites\/5\/2022\/03\/K-Positioners-no-background-shades-2048x1301-1.png?fit=900%2C900\",\"datePublished\":\"2022-03-03T03:37:12+00:00\",\"dateModified\":\"2024-02-15T21:02:22+00:00\",\"description\":\"Kawasaki Robotics offers a wide range of high-end positioners, from single to multi-axis, capable of handling products from 100kg to 3,000kg.\",\"breadcrumb\":{\"@id\":\"https:\/\/kawasakirobotics.com\/dk\/k-positioner\/#breadcrumb\"},\"inLanguage\":\"da-DK\",\"potentialAction\":[{\"@type\":\"ReadAction\",\"target\":[\"https:\/\/kawasakirobotics.com\/dk\/k-positioner\/\"]}]},{\"@type\":\"ImageObject\",\"inLanguage\":\"da-DK\",\"@id\":\"https:\/\/kawasakirobotics.com\/dk\/k-positioner\/#primaryimage\",\"url\":\"https:\/\/kawasakirobotics.com\/tachyon\/sites\/5\/2022\/03\/K-Positioners-no-background-shades-2048x1301-1.png?fit=900%2C900\",\"contentUrl\":\"https:\/\/kawasakirobotics.com\/tachyon\/sites\/5\/2022\/03\/K-Positioners-no-background-shades-2048x1301-1.png?fit=900%2C900\"},{\"@type\":\"BreadcrumbList\",\"@id\":\"https:\/\/kawasakirobotics.com\/dk\/k-positioner\/#breadcrumb\",\"itemListElement\":[{\"@type\":\"ListItem\",\"position\":1,\"name\":\"Top\",\"item\":\"https:\/\/kawasakirobotics.com\/dk\/\"},{\"@type\":\"ListItem\",\"position\":2,\"name\":\"K-Positioner\"}]},{\"@type\":\"WebSite\",\"@id\":\"https:\/\/kawasakirobotics.com\/dk\/#website\",\"url\":\"https:\/\/kawasakirobotics.com\/dk\/\",\"name\":\"Kawasaki Robotics\",\"description\":\"\",\"publisher\":{\"@id\":\"https:\/\/kawasakirobotics.com\/dk\/#organization\"},\"potentialAction\":[{\"@type\":\"SearchAction\",\"target\":{\"@type\":\"EntryPoint\",\"urlTemplate\":\"https:\/\/kawasakirobotics.com\/dk\/?s={search_term_string}\"},\"query-input\":{\"@type\":\"PropertyValueSpecification\",\"valueRequired\":true,\"valueName\":\"search_term_string\"}}],\"inLanguage\":\"da-DK\"},{\"@type\":\"Organization\",\"@id\":\"https:\/\/kawasakirobotics.com\/dk\/#organization\",\"name\":\"\u5ddd\u5d0e\u91cd\u5de5\u696d\u30ed\u30dc\u30c3\u30c8\u30c7\u30a3\u30d3\u30b8\u30e7\u30f3\",\"url\":\"https:\/\/kawasakirobotics.com\/dk\/\",\"logo\":{\"@type\":\"ImageObject\",\"inLanguage\":\"da-DK\",\"@id\":\"https:\/\/kawasakirobotics.com\/dk\/#\/schema\/logo\/image\/\",\"url\":\"\",\"contentUrl\":\"\",\"caption\":\"\u5ddd\u5d0e\u91cd\u5de5\u696d\u30ed\u30dc\u30c3\u30c8\u30c7\u30a3\u30d3\u30b8\u30e7\u30f3\"},\"image\":{\"@id\":\"https:\/\/kawasakirobotics.com\/dk\/#\/schema\/logo\/image\/\"}}]}<\/script>\n<!-- \/ Yoast SEO plugin. -->","yoast_head_json":{"title":"K-Positioner | Industrial Robots by Kawasaki Robotics","description":"Kawasaki Robotics offers a wide range of high-end positioners, from single to multi-axis, capable of handling products from 100kg to 3,000kg.","robots":{"index":"index","follow":"follow","max-snippet":"max-snippet:-1","max-image-preview":"max-image-preview:large","max-video-preview":"max-video-preview:-1"},"canonical":"https:\/\/kawasakirobotics.com\/dk\/k-positioner\/","og_locale":"da_DK","og_type":"article","og_title":"K-Positioner | Industrial Robots by Kawasaki Robotics","og_description":"Kawasaki Robotics offers a wide range of high-end positioners, from single to multi-axis, capable of handling products from 100kg to 3,000kg.","og_url":"https:\/\/kawasakirobotics.com\/dk\/k-positioner\/","og_site_name":"Kawasaki Robotics","article_modified_time":"2024-02-15T21:02:22+00:00","og_image":[{"url":"https:\/\/kawasakirobotics.com\/content\/themes\/krobot-theme\/src\/images\/default\/ogp.jpg","width":"1200","height":"630","type":"image\/jpeg"}],"twitter_card":"summary_large_image","schema":{"@context":"https:\/\/schema.org","@graph":[{"@type":"WebPage","@id":"https:\/\/kawasakirobotics.com\/dk\/k-positioner\/","url":"https:\/\/kawasakirobotics.com\/dk\/k-positioner\/","name":"K-Positioner | Industrial Robots by Kawasaki Robotics","isPartOf":{"@id":"https:\/\/kawasakirobotics.com\/dk\/#website"},"primaryImageOfPage":{"@id":"https:\/\/kawasakirobotics.com\/dk\/k-positioner\/#primaryimage"},"image":{"@id":"https:\/\/kawasakirobotics.com\/dk\/k-positioner\/#primaryimage"},"thumbnailUrl":"https:\/\/kawasakirobotics.com\/tachyon\/sites\/5\/2022\/03\/K-Positioners-no-background-shades-2048x1301-1.png?fit=900%2C900","datePublished":"2022-03-03T03:37:12+00:00","dateModified":"2024-02-15T21:02:22+00:00","description":"Kawasaki Robotics offers a wide range of high-end positioners, from single to multi-axis, capable of handling products from 100kg to 3,000kg.","breadcrumb":{"@id":"https:\/\/kawasakirobotics.com\/dk\/k-positioner\/#breadcrumb"},"inLanguage":"da-DK","potentialAction":[{"@type":"ReadAction","target":["https:\/\/kawasakirobotics.com\/dk\/k-positioner\/"]}]},{"@type":"ImageObject","inLanguage":"da-DK","@id":"https:\/\/kawasakirobotics.com\/dk\/k-positioner\/#primaryimage","url":"https:\/\/kawasakirobotics.com\/tachyon\/sites\/5\/2022\/03\/K-Positioners-no-background-shades-2048x1301-1.png?fit=900%2C900","contentUrl":"https:\/\/kawasakirobotics.com\/tachyon\/sites\/5\/2022\/03\/K-Positioners-no-background-shades-2048x1301-1.png?fit=900%2C900"},{"@type":"BreadcrumbList","@id":"https:\/\/kawasakirobotics.com\/dk\/k-positioner\/#breadcrumb","itemListElement":[{"@type":"ListItem","position":1,"name":"Top","item":"https:\/\/kawasakirobotics.com\/dk\/"},{"@type":"ListItem","position":2,"name":"K-Positioner"}]},{"@type":"WebSite","@id":"https:\/\/kawasakirobotics.com\/dk\/#website","url":"https:\/\/kawasakirobotics.com\/dk\/","name":"Kawasaki Robotics","description":"","publisher":{"@id":"https:\/\/kawasakirobotics.com\/dk\/#organization"},"potentialAction":[{"@type":"SearchAction","target":{"@type":"EntryPoint","urlTemplate":"https:\/\/kawasakirobotics.com\/dk\/?s={search_term_string}"},"query-input":{"@type":"PropertyValueSpecification","valueRequired":true,"valueName":"search_term_string"}}],"inLanguage":"da-DK"},{"@type":"Organization","@id":"https:\/\/kawasakirobotics.com\/dk\/#organization","name":"\u5ddd\u5d0e\u91cd\u5de5\u696d\u30ed\u30dc\u30c3\u30c8\u30c7\u30a3\u30d3\u30b8\u30e7\u30f3","url":"https:\/\/kawasakirobotics.com\/dk\/","logo":{"@type":"ImageObject","inLanguage":"da-DK","@id":"https:\/\/kawasakirobotics.com\/dk\/#\/schema\/logo\/image\/","url":"","contentUrl":"","caption":"\u5ddd\u5d0e\u91cd\u5de5\u696d\u30ed\u30dc\u30c3\u30c8\u30c7\u30a3\u30d3\u30b8\u30e7\u30f3"},"image":{"@id":"https:\/\/kawasakirobotics.com\/dk\/#\/schema\/logo\/image\/"}}]}},"_links":{"self":[{"href":"https:\/\/kawasakirobotics.com\/dk\/wp-json\/wp\/v2\/pages\/4771","targetHints":{"allow":["GET"]}}],"collection":[{"href":"https:\/\/kawasakirobotics.com\/dk\/wp-json\/wp\/v2\/pages"}],"about":[{"href":"https:\/\/kawasakirobotics.com\/dk\/wp-json\/wp\/v2\/types\/page"}],"author":[{"embeddable":true,"href":"https:\/\/kawasakirobotics.com\/dk\/wp-json\/wp\/v2\/users\/3"}],"replies":[{"embeddable":true,"href":"https:\/\/kawasakirobotics.com\/dk\/wp-json\/wp\/v2\/comments?post=4771"}],"version-history":[{"count":3,"href":"https:\/\/kawasakirobotics.com\/dk\/wp-json\/wp\/v2\/pages\/4771\/revisions"}],"predecessor-version":[{"id":5579,"href":"https:\/\/kawasakirobotics.com\/dk\/wp-json\/wp\/v2\/pages\/4771\/revisions\/5579"}],"wp:attachment":[{"href":"https:\/\/kawasakirobotics.com\/dk\/wp-json\/wp\/v2\/media?parent=4771"}],"curies":[{"name":"wp","href":"https:\/\/api.w.org\/{rel}","templated":true}]}}