{"id":4775,"date":"2022-03-03T04:05:51","date_gmt":"2022-03-03T04:05:51","guid":{"rendered":"urn:uuid:38146940-4ff2-410d-8a03-b360c15c8781"},"modified":"2025-05-14T08:29:11","modified_gmt":"2025-05-14T06:29:11","slug":"k-virtual","status":"publish","type":"page","link":"https:\/\/kawasakirobotics.com\/dk\/k-virtual\/","title":{"rendered":"K-Virtuel"},"content":{"rendered":"\n<figure class=\"wp-block-embed is-type-video is-provider-youtube wp-block-embed-youtube wp-embed-aspect-16-9 wp-has-aspect-ratio\"><div class=\"wp-block-embed__wrapper\">\n<iframe loading=\"lazy\" title=\"K-Virtual the 3D-Simulation Tool for Kawasaki Robots\" width=\"900\" height=\"506\" src=\"https:\/\/www.youtube.com\/embed\/hN77S2OpI-E?feature=oembed\" frameborder=\"0\" allow=\"accelerometer; autoplay; clipboard-write; encrypted-media; gyroscope; picture-in-picture; web-share\" referrerpolicy=\"strict-origin-when-cross-origin\" allowfullscreen><\/iframe>\n<\/div><\/figure>\n\n\n\n<h2 class=\"wp-block-heading\"><strong>Intuitiv 3D-simuleringsplatform<\/strong><\/h2>\n\n\n\n<p>Kompleksiteten af fremstillingsprocesser og l\u00f8sninger \u00f8ges dagligt \u2013 det er vores m\u00e5l at g\u00f8re dem enklere og give dig mulighed for at fokusere p\u00e5 dine kerneopgaver. Baseret p\u00e5 CENITs gennempr\u00f8vede FASTSUITE-teknologi muligg\u00f8r K-Virtual agil udvikling, programmering og optimering af komplekse robotapplikationer via en intuitiv platform og en digital tvilling af dit system.<\/p>\n\n\n\n<p><strong>F\u00e5s i tre udgaver \u2013 perfekt til dine individuelle behov. L\u00e6r mere om hver enkelt i videoerne, der er linket til p\u00e5 listen!<\/strong><\/p>\n\n\n\n<div class=\"wp-block-columns has-light-gray-background-color has-background is-layout-flex wp-container-core-columns-is-layout-28f84493 wp-block-columns-is-layout-flex\">\n<div class=\"wp-block-column is-layout-flow wp-block-column-is-layout-flow\">\n<p class=\"has-text-align-center\">Udgave 1: K-Virtual Basic<\/p>\n\n\n\n<div class=\"wp-block-buttons is-horizontal is-content-justification-center is-layout-flex wp-container-core-buttons-is-layout-03627597 wp-block-buttons-is-layout-flex\">\n<div class=\"wp-block-button\"><a class=\"wp-block-button__link wp-element-button\" href=\"https:\/\/youtu.be\/yWhfuBYrFDA\" target=\"_blank\" rel=\"noreferrer noopener\">Video<\/a><\/div>\n<\/div>\n<\/div>\n\n\n\n<div class=\"wp-block-column is-layout-flow wp-block-column-is-layout-flow\">\n<p class=\"has-text-align-center\">Editon 2: K-Virtual OLP<\/p>\n\n\n\n<div class=\"wp-block-buttons is-horizontal is-content-justification-center is-layout-flex wp-container-core-buttons-is-layout-03627597 wp-block-buttons-is-layout-flex\">\n<div class=\"wp-block-button\"><a class=\"wp-block-button__link wp-element-button\" href=\"https:\/\/youtu.be\/ksMn1d4pGE4\" target=\"_blank\" rel=\"noreferrer noopener\">Video<\/a><\/div>\n<\/div>\n<\/div>\n\n\n\n<div class=\"wp-block-column is-layout-flow wp-block-column-is-layout-flow\">\n<p class=\"has-text-align-center\">Udgave 3: K-Virtual Expert<\/p>\n\n\n\n<div class=\"wp-block-buttons is-horizontal is-content-justification-center is-layout-flex wp-container-core-buttons-is-layout-03627597 wp-block-buttons-is-layout-flex\">\n<div class=\"wp-block-button\"><a class=\"wp-block-button__link wp-element-button\" href=\"https:\/\/youtu.be\/65ivUh0T160\" target=\"_blank\" rel=\"noreferrer noopener\">Video<\/a><\/div>\n<\/div>\n<\/div>\n<\/div>\n\n\n\n<h2 class=\"wp-block-heading\">Klar til industri 4.0<\/h2>\n\n\n\n<figure class=\"wp-block-image size-large\"><img loading=\"lazy\" decoding=\"async\" width=\"2048\" height=\"1152\" src=\"https:\/\/kawasakirobotics.com\/tachyon\/sites\/5\/2022\/03\/Scenario1-2048x1152-1.jpeg?fit=900%2C900\" alt=\"K-Virtual01 Scenario\" class=\"wp-image-4776\" srcset=\"https:\/\/kawasakirobotics.com\/tachyon\/sites\/35\/2022\/03\/Scenario1-2048x1152-1.jpeg?resize=2048%2C1152&amp;crop_strategy=smart&amp;zoom=1 2048w, https:\/\/kawasakirobotics.com\/tachyon\/sites\/35\/2022\/03\/Scenario1-2048x1152-1.jpeg?resize=2048%2C1152&amp;crop_strategy=smart&amp;zoom=0.5 1024w, https:\/\/kawasakirobotics.com\/tachyon\/sites\/35\/2022\/03\/Scenario1-2048x1152-1.jpeg?resize=2048%2C1152&amp;crop_strategy=smart&amp;zoom=0.25 512w\" sizes=\"auto, (max-width: 2048px) 100vw, 2048px\" \/><\/figure>\n\n\n\n<p>Industri 4.0 kr\u00e6ver nye tilgange og koncepter. Virtuelle fabrikker og anl\u00e6gsmodeller skal v\u00e6re en n\u00f8jagtig gengivelse af virkelige produktionssystemer i enhver henseende. Med K-Virtual tilbyder vi dig det optimale v\u00e6rkt\u00f8j til planl\u00e6gning af individuel automatisering. K-Virtual er den nye softwarel\u00f8sning til effektiv anl\u00e6gskonstruktion, praktisk robotsimulering og<br>praktisk offline programmering af Kawasaki-robotter.<\/p>\n\n\n\n<h2 class=\"wp-block-heading\"><strong>Brug det fulde potentiale i dine Kawasaki-robotter<\/strong><\/h2>\n\n\n\n<figure class=\"wp-block-image size-large\"><img loading=\"lazy\" decoding=\"async\" width=\"2048\" height=\"1152\" src=\"https:\/\/kawasakirobotics.com\/tachyon\/sites\/5\/2022\/03\/Scenario4-2048x1152-1.jpeg?fit=900%2C900\" alt=\"K-Virtual0  Scenario\" class=\"wp-image-4777\" srcset=\"https:\/\/kawasakirobotics.com\/tachyon\/sites\/35\/2022\/03\/Scenario4-2048x1152-1.jpeg?resize=2048%2C1152&amp;crop_strategy=smart&amp;zoom=1 2048w, https:\/\/kawasakirobotics.com\/tachyon\/sites\/35\/2022\/03\/Scenario4-2048x1152-1.jpeg?resize=2048%2C1152&amp;crop_strategy=smart&amp;zoom=0.5 1024w, https:\/\/kawasakirobotics.com\/tachyon\/sites\/35\/2022\/03\/Scenario4-2048x1152-1.jpeg?resize=2048%2C1152&amp;crop_strategy=smart&amp;zoom=0.25 512w\" sizes=\"auto, (max-width: 2048px) 100vw, 2048px\" \/><\/figure>\n\n\n\n<p>K-Virtual f\u00e5s i flere udgaver \u2013 fra Basic til Expert \u2013 og optimeret til forskellige applikationer som buesvejsning. Virksomheder er s\u00e5ledes i stand til fuldt ud at udnytte den fulde ydeevne af deres Kawasaki-robotter inden for individuelle automatiseringsl\u00f8sninger \u2013 fra indledende installation til omprogrammering og omstrukturering af anl\u00e6g.<\/p>\n\n\n\n<div class=\"wp-block-group has-light-gray-background-color has-background is-layout-flow wp-block-group-is-layout-flow\">\n<h4 class=\"wp-block-heading has-text-align-center\"><strong>L\u00e6r mere<\/strong><\/h4>\n\n\n\n<div class=\"wp-block-columns is-layout-flex wp-container-core-columns-is-layout-28f84493 wp-block-columns-is-layout-flex\">\n<div class=\"wp-block-column is-layout-flow wp-block-column-is-layout-flow\">\n<h6 class=\"wp-block-heading has-text-align-center\">Vores K-Virtual Brochure<\/h6>\n\n\n\n<div class=\"wp-block-buttons is-horizontal is-content-justification-center is-layout-flex wp-container-core-buttons-is-layout-03627597 wp-block-buttons-is-layout-flex\">\n<div class=\"wp-block-button\"><a class=\"wp-block-button__link wp-element-button\" href=\"https:\/\/kawasakirobotics.com\/uploads\/sites\/5\/2022\/03\/K-Virtual-EN-Digital-1.pdf\" target=\"_blank\" rel=\"noreferrer noopener\">Hent<\/a><\/div>\n<\/div>\n<\/div>\n\n\n\n<div class=\"wp-block-column is-layout-flow wp-block-column-is-layout-flow\">\n<h6 class=\"wp-block-heading has-text-align-center\">Tal med os<\/h6>\n\n\n\n<div class=\"wp-block-buttons is-horizontal is-content-justification-center is-layout-flex wp-container-core-buttons-is-layout-03627597 wp-block-buttons-is-layout-flex\">\n<div class=\"wp-block-button\"><a class=\"wp-block-button__link wp-element-button\" href=\"https:\/\/kawasaki-corporate.spiral-site.com\/ind_robot_eu?_ifbs-ind_robot_eu=s1_Step1&amp;_gl=1*1iapzqc*_ga*MTQ4ODM3MDE3MC4xNjM3NzMyNDU4*_ga_GRRCX7N19P*MTY0NjI2ODUzOC4yLjEuMTY0NjI3ODE0NC4w\" target=\"_blank\" rel=\"noreferrer noopener\">Kontakt<\/a><\/div>\n<\/div>\n<\/div>\n<\/div>\n<\/div>\n","protected":false},"excerpt":{"rendered":"<p>Intuitiv 3D-simuleringsplatform Kompleksiteten af fremstillingsprocesser og l\u00f8sninger \u00f8ges dagligt \u2013 det er vores m\u00e5l at g\u00f8re dem enklere og give dig mulighed for at fokusere p\u00e5 dine kerneopgaver. Baseret p\u00e5 CENITs gennempr\u00f8vede FASTSUITE-teknologi muligg\u00f8r K-Virtual agil udvikling, programmering og optimering af komplekse robotapplikationer via en intuitiv platform og en digital tvilling af dit system. F\u00e5s i tre udgaver \u2013 perfekt til dine individuelle behov. L\u00e6r mere om hver enkelt i videoerne, der er linket til p\u00e5 listen! Udgave 1: K-Virtual Basic Editon 2: K-Virtual OLP Udgave 3: K-Virtual Expert Klar til industri 4.0 Industri 4.0 kr\u00e6ver nye tilgange og koncepter. Virtuelle fabrikker og anl\u00e6gsmodeller skal v\u00e6re en n\u00f8jagtig gengivelse af [&hellip;]<\/p>\n","protected":false},"author":3,"featured_media":0,"parent":0,"menu_order":0,"comment_status":"closed","ping_status":"closed","template":"","meta":{"ep_exclude_from_search":false,"footnotes":""},"class_list":["post-4775","page","type-page","status-publish","hentry"],"yoast_head":"<!-- This site is optimized with the Yoast SEO plugin v25.9 - https:\/\/yoast.com\/wordpress\/plugins\/seo\/ -->\n<title>K-Virtuel | Industrial Robots by Kawasaki Robotics<\/title>\n<meta name=\"description\" content=\"K-Virtual by Kawasaki Robotics simplifies manufacturing with its intuitive platform and digital twin technology based on CENIT&#039;s FASTSUITE.\" \/>\n<meta name=\"robots\" content=\"index, follow, max-snippet:-1, max-image-preview:large, max-video-preview:-1\" \/>\n<link rel=\"canonical\" href=\"https:\/\/kawasakirobotics.com\/dk\/k-virtual\/\" \/>\n<meta property=\"og:locale\" content=\"da_DK\" \/>\n<meta property=\"og:type\" content=\"article\" \/>\n<meta property=\"og:title\" content=\"K-Virtuel | Industrial Robots by Kawasaki Robotics\" \/>\n<meta property=\"og:description\" content=\"K-Virtual by Kawasaki Robotics simplifies manufacturing with its intuitive platform and digital twin technology based on CENIT&#039;s FASTSUITE.\" \/>\n<meta property=\"og:url\" content=\"https:\/\/kawasakirobotics.com\/dk\/k-virtual\/\" \/>\n<meta property=\"og:site_name\" content=\"Kawasaki Robotics\" \/>\n<meta property=\"article:modified_time\" content=\"2025-05-14T06:29:11+00:00\" \/>\n<meta property=\"og:image\" content=\"https:\/\/kawasakirobotics.com\/content\/themes\/krobot-theme\/src\/images\/default\/ogp.jpg\" \/>\n\t<meta property=\"og:image:width\" content=\"1200\" \/>\n\t<meta property=\"og:image:height\" content=\"630\" \/>\n\t<meta property=\"og:image:type\" content=\"image\/jpeg\" \/>\n<meta name=\"twitter:card\" content=\"summary_large_image\" \/>\n<script type=\"application\/ld+json\" class=\"yoast-schema-graph\">{\"@context\":\"https:\/\/schema.org\",\"@graph\":[{\"@type\":\"WebPage\",\"@id\":\"https:\/\/kawasakirobotics.com\/dk\/k-virtual\/\",\"url\":\"https:\/\/kawasakirobotics.com\/dk\/k-virtual\/\",\"name\":\"K-Virtuel | Industrial Robots by Kawasaki Robotics\",\"isPartOf\":{\"@id\":\"https:\/\/kawasakirobotics.com\/dk\/#website\"},\"primaryImageOfPage\":{\"@id\":\"https:\/\/kawasakirobotics.com\/dk\/k-virtual\/#primaryimage\"},\"image\":{\"@id\":\"https:\/\/kawasakirobotics.com\/dk\/k-virtual\/#primaryimage\"},\"thumbnailUrl\":\"https:\/\/kawasakirobotics.com\/tachyon\/sites\/5\/2022\/03\/Scenario1-2048x1152-1.jpeg?fit=900%2C900\",\"datePublished\":\"2022-03-03T04:05:51+00:00\",\"dateModified\":\"2025-05-14T06:29:11+00:00\",\"description\":\"K-Virtual by Kawasaki Robotics simplifies manufacturing with its intuitive platform and digital twin technology based on CENIT's FASTSUITE.\",\"breadcrumb\":{\"@id\":\"https:\/\/kawasakirobotics.com\/dk\/k-virtual\/#breadcrumb\"},\"inLanguage\":\"da-DK\",\"potentialAction\":[{\"@type\":\"ReadAction\",\"target\":[\"https:\/\/kawasakirobotics.com\/dk\/k-virtual\/\"]}]},{\"@type\":\"ImageObject\",\"inLanguage\":\"da-DK\",\"@id\":\"https:\/\/kawasakirobotics.com\/dk\/k-virtual\/#primaryimage\",\"url\":\"https:\/\/kawasakirobotics.com\/tachyon\/sites\/5\/2022\/03\/Scenario1-2048x1152-1.jpeg?fit=900%2C900\",\"contentUrl\":\"https:\/\/kawasakirobotics.com\/tachyon\/sites\/5\/2022\/03\/Scenario1-2048x1152-1.jpeg?fit=900%2C900\"},{\"@type\":\"BreadcrumbList\",\"@id\":\"https:\/\/kawasakirobotics.com\/dk\/k-virtual\/#breadcrumb\",\"itemListElement\":[{\"@type\":\"ListItem\",\"position\":1,\"name\":\"Top\",\"item\":\"https:\/\/kawasakirobotics.com\/dk\/\"},{\"@type\":\"ListItem\",\"position\":2,\"name\":\"K-Virtuel\"}]},{\"@type\":\"WebSite\",\"@id\":\"https:\/\/kawasakirobotics.com\/dk\/#website\",\"url\":\"https:\/\/kawasakirobotics.com\/dk\/\",\"name\":\"Kawasaki Robotics\",\"description\":\"\",\"publisher\":{\"@id\":\"https:\/\/kawasakirobotics.com\/dk\/#organization\"},\"potentialAction\":[{\"@type\":\"SearchAction\",\"target\":{\"@type\":\"EntryPoint\",\"urlTemplate\":\"https:\/\/kawasakirobotics.com\/dk\/?s={search_term_string}\"},\"query-input\":{\"@type\":\"PropertyValueSpecification\",\"valueRequired\":true,\"valueName\":\"search_term_string\"}}],\"inLanguage\":\"da-DK\"},{\"@type\":\"Organization\",\"@id\":\"https:\/\/kawasakirobotics.com\/dk\/#organization\",\"name\":\"\u5ddd\u5d0e\u91cd\u5de5\u696d\u30ed\u30dc\u30c3\u30c8\u30c7\u30a3\u30d3\u30b8\u30e7\u30f3\",\"url\":\"https:\/\/kawasakirobotics.com\/dk\/\",\"logo\":{\"@type\":\"ImageObject\",\"inLanguage\":\"da-DK\",\"@id\":\"https:\/\/kawasakirobotics.com\/dk\/#\/schema\/logo\/image\/\",\"url\":\"\",\"contentUrl\":\"\",\"caption\":\"\u5ddd\u5d0e\u91cd\u5de5\u696d\u30ed\u30dc\u30c3\u30c8\u30c7\u30a3\u30d3\u30b8\u30e7\u30f3\"},\"image\":{\"@id\":\"https:\/\/kawasakirobotics.com\/dk\/#\/schema\/logo\/image\/\"}}]}<\/script>\n<!-- \/ Yoast SEO plugin. -->","yoast_head_json":{"title":"K-Virtuel | Industrial Robots by Kawasaki Robotics","description":"K-Virtual by Kawasaki Robotics simplifies manufacturing with its intuitive platform and digital twin technology based on CENIT's FASTSUITE.","robots":{"index":"index","follow":"follow","max-snippet":"max-snippet:-1","max-image-preview":"max-image-preview:large","max-video-preview":"max-video-preview:-1"},"canonical":"https:\/\/kawasakirobotics.com\/dk\/k-virtual\/","og_locale":"da_DK","og_type":"article","og_title":"K-Virtuel | Industrial Robots by Kawasaki Robotics","og_description":"K-Virtual by Kawasaki Robotics simplifies manufacturing with its intuitive platform and digital twin technology based on CENIT's FASTSUITE.","og_url":"https:\/\/kawasakirobotics.com\/dk\/k-virtual\/","og_site_name":"Kawasaki Robotics","article_modified_time":"2025-05-14T06:29:11+00:00","og_image":[{"url":"https:\/\/kawasakirobotics.com\/content\/themes\/krobot-theme\/src\/images\/default\/ogp.jpg","width":"1200","height":"630","type":"image\/jpeg"}],"twitter_card":"summary_large_image","schema":{"@context":"https:\/\/schema.org","@graph":[{"@type":"WebPage","@id":"https:\/\/kawasakirobotics.com\/dk\/k-virtual\/","url":"https:\/\/kawasakirobotics.com\/dk\/k-virtual\/","name":"K-Virtuel | Industrial Robots by Kawasaki Robotics","isPartOf":{"@id":"https:\/\/kawasakirobotics.com\/dk\/#website"},"primaryImageOfPage":{"@id":"https:\/\/kawasakirobotics.com\/dk\/k-virtual\/#primaryimage"},"image":{"@id":"https:\/\/kawasakirobotics.com\/dk\/k-virtual\/#primaryimage"},"thumbnailUrl":"https:\/\/kawasakirobotics.com\/tachyon\/sites\/5\/2022\/03\/Scenario1-2048x1152-1.jpeg?fit=900%2C900","datePublished":"2022-03-03T04:05:51+00:00","dateModified":"2025-05-14T06:29:11+00:00","description":"K-Virtual by Kawasaki Robotics simplifies manufacturing with its intuitive platform and digital twin technology based on CENIT's FASTSUITE.","breadcrumb":{"@id":"https:\/\/kawasakirobotics.com\/dk\/k-virtual\/#breadcrumb"},"inLanguage":"da-DK","potentialAction":[{"@type":"ReadAction","target":["https:\/\/kawasakirobotics.com\/dk\/k-virtual\/"]}]},{"@type":"ImageObject","inLanguage":"da-DK","@id":"https:\/\/kawasakirobotics.com\/dk\/k-virtual\/#primaryimage","url":"https:\/\/kawasakirobotics.com\/tachyon\/sites\/5\/2022\/03\/Scenario1-2048x1152-1.jpeg?fit=900%2C900","contentUrl":"https:\/\/kawasakirobotics.com\/tachyon\/sites\/5\/2022\/03\/Scenario1-2048x1152-1.jpeg?fit=900%2C900"},{"@type":"BreadcrumbList","@id":"https:\/\/kawasakirobotics.com\/dk\/k-virtual\/#breadcrumb","itemListElement":[{"@type":"ListItem","position":1,"name":"Top","item":"https:\/\/kawasakirobotics.com\/dk\/"},{"@type":"ListItem","position":2,"name":"K-Virtuel"}]},{"@type":"WebSite","@id":"https:\/\/kawasakirobotics.com\/dk\/#website","url":"https:\/\/kawasakirobotics.com\/dk\/","name":"Kawasaki Robotics","description":"","publisher":{"@id":"https:\/\/kawasakirobotics.com\/dk\/#organization"},"potentialAction":[{"@type":"SearchAction","target":{"@type":"EntryPoint","urlTemplate":"https:\/\/kawasakirobotics.com\/dk\/?s={search_term_string}"},"query-input":{"@type":"PropertyValueSpecification","valueRequired":true,"valueName":"search_term_string"}}],"inLanguage":"da-DK"},{"@type":"Organization","@id":"https:\/\/kawasakirobotics.com\/dk\/#organization","name":"\u5ddd\u5d0e\u91cd\u5de5\u696d\u30ed\u30dc\u30c3\u30c8\u30c7\u30a3\u30d3\u30b8\u30e7\u30f3","url":"https:\/\/kawasakirobotics.com\/dk\/","logo":{"@type":"ImageObject","inLanguage":"da-DK","@id":"https:\/\/kawasakirobotics.com\/dk\/#\/schema\/logo\/image\/","url":"","contentUrl":"","caption":"\u5ddd\u5d0e\u91cd\u5de5\u696d\u30ed\u30dc\u30c3\u30c8\u30c7\u30a3\u30d3\u30b8\u30e7\u30f3"},"image":{"@id":"https:\/\/kawasakirobotics.com\/dk\/#\/schema\/logo\/image\/"}}]}},"_links":{"self":[{"href":"https:\/\/kawasakirobotics.com\/dk\/wp-json\/wp\/v2\/pages\/4775","targetHints":{"allow":["GET"]}}],"collection":[{"href":"https:\/\/kawasakirobotics.com\/dk\/wp-json\/wp\/v2\/pages"}],"about":[{"href":"https:\/\/kawasakirobotics.com\/dk\/wp-json\/wp\/v2\/types\/page"}],"author":[{"embeddable":true,"href":"https:\/\/kawasakirobotics.com\/dk\/wp-json\/wp\/v2\/users\/3"}],"replies":[{"embeddable":true,"href":"https:\/\/kawasakirobotics.com\/dk\/wp-json\/wp\/v2\/comments?post=4775"}],"version-history":[{"count":8,"href":"https:\/\/kawasakirobotics.com\/dk\/wp-json\/wp\/v2\/pages\/4775\/revisions"}],"predecessor-version":[{"id":5822,"href":"https:\/\/kawasakirobotics.com\/dk\/wp-json\/wp\/v2\/pages\/4775\/revisions\/5822"}],"wp:attachment":[{"href":"https:\/\/kawasakirobotics.com\/dk\/wp-json\/wp\/v2\/media?parent=4775"}],"curies":[{"name":"wp","href":"https:\/\/api.w.org\/{rel}","templated":true}]}}