{"id":4784,"date":"2022-03-03T04:14:27","date_gmt":"2022-03-03T04:14:27","guid":{"rendered":"urn:uuid:68339a34-2782-4071-b2b1-007418d8ec30"},"modified":"2025-05-14T08:27:35","modified_gmt":"2025-05-14T06:27:35","slug":"k-track","status":"publish","type":"page","link":"https:\/\/kawasakirobotics.com\/dk\/k-track\/","title":{"rendered":"K-spor"},"content":{"rendered":"\n<h2 class=\"wp-block-heading\"><strong>K-Track Linear Axes fra Kawasaki Robotics: Lige s\u00e5 fleksibel, robust og pr\u00e6cis som vores robotter<\/strong><\/h2>\n\n\n\n<p>Med originale krydsakser fra Kawasaki Robotics kan du tilf\u00f8je en yderligere akse til din robot og udvide dens arbejdsomr\u00e5der betydeligt. Akserne er designet til adskillige robotmodeller, tilg\u00e6ngelige og kompatible.<\/p>\n\n\n\n<figure class=\"wp-block-image size-full\"><img loading=\"lazy\" decoding=\"async\" width=\"793\" height=\"660\" src=\"https:\/\/kawasakirobotics.com\/tachyon\/sites\/5\/2022\/03\/Kawasaki-ARC-Welding-Portfolio-2020.jpeg\" alt=\"K-spor\" class=\"wp-image-4785\" srcset=\"https:\/\/kawasakirobotics.com\/tachyon\/sites\/35\/2022\/03\/Kawasaki-ARC-Welding-Portfolio-2020.jpeg?resize=793%2C660&amp;zoom=1 793w, https:\/\/kawasakirobotics.com\/tachyon\/sites\/35\/2022\/03\/Kawasaki-ARC-Welding-Portfolio-2020.jpeg?resize=793%2C660&amp;zoom=0.5 397w, https:\/\/kawasakirobotics.com\/tachyon\/sites\/35\/2022\/03\/Kawasaki-ARC-Welding-Portfolio-2020.jpeg?resize=793%2C660&amp;zoom=0.25 198w\" sizes=\"auto, (max-width: 793px) 100vw, 793px\" \/><\/figure>\n\n\n\n<h4 class=\"wp-block-heading\"><strong>Yderligere udstyr er ikke p\u00e5kr\u00e6vet<\/strong><\/h4>\n\n\n\n<p>De line\u00e6re aksede styres direkte via robotcontrolleren. En enkelt robot kan derfor behandle flere stationer og arbejdsemner samtidigt \u2013 antallet af robotter, der kr\u00e6ves i dit system, er v\u00e6sentligt reduceret.<\/p>\n\n\n\n<div class=\"wp-block-group has-light-gray-background-color has-background is-layout-flow wp-block-group-is-layout-flow\">\n<h4 class=\"wp-block-heading has-text-align-center\">L\u00e6r mere om K-Track<\/h4>\n\n\n\n<div class=\"wp-block-buttons is-horizontal is-content-justification-center is-layout-flex wp-container-core-buttons-is-layout-03627597 wp-block-buttons-is-layout-flex\">\n<div class=\"wp-block-button\"><a class=\"wp-block-button__link wp-element-button\" href=\"https:\/\/kawasaki-corporate.spiral-site.com\/ind_robot_eu?_ifbs-ind_robot_eu=s1_Step1&amp;_gl=1*1iapzqc*_ga*MTQ4ODM3MDE3MC4xNjM3NzMyNDU4*_ga_GRRCX7N19P*MTY0NjI2ODUzOC4yLjEuMTY0NjI3ODE0NC4w\" target=\"_blank\" rel=\"noreferrer noopener\">Kontakt<\/a><\/div>\n<\/div>\n<\/div>\n","protected":false},"excerpt":{"rendered":"<p>K-Track Linear Axes fra Kawasaki Robotics: Lige s\u00e5 fleksibel, robust og pr\u00e6cis som vores robotter Med originale krydsakser fra Kawasaki Robotics kan du tilf\u00f8je en yderligere akse til din robot og udvide dens arbejdsomr\u00e5der betydeligt. Akserne er designet til adskillige robotmodeller, tilg\u00e6ngelige og kompatible. Yderligere udstyr er ikke p\u00e5kr\u00e6vet De line\u00e6re aksede styres direkte via robotcontrolleren. En enkelt robot kan derfor behandle flere stationer og arbejdsemner samtidigt \u2013 antallet af robotter, der kr\u00e6ves i dit system, er v\u00e6sentligt reduceret. L\u00e6r mere om K-Track<\/p>\n","protected":false},"author":3,"featured_media":0,"parent":0,"menu_order":0,"comment_status":"closed","ping_status":"closed","template":"","meta":{"ep_exclude_from_search":false,"footnotes":""},"class_list":["post-4784","page","type-page","status-publish","hentry"],"yoast_head":"<!-- This site is optimized with the Yoast SEO plugin v25.9 - https:\/\/yoast.com\/wordpress\/plugins\/seo\/ -->\n<title>K-spor | Industrial Robots by Kawasaki Robotics<\/title>\n<meta name=\"description\" content=\"With Kawasaki Robotics&#039; K-Track, you can expand your robot&#039;s working ranges by adding original traversing axes.\" \/>\n<meta name=\"robots\" content=\"index, follow, max-snippet:-1, max-image-preview:large, max-video-preview:-1\" \/>\n<link rel=\"canonical\" href=\"https:\/\/kawasakirobotics.com\/dk\/k-track\/\" \/>\n<meta property=\"og:locale\" content=\"da_DK\" \/>\n<meta property=\"og:type\" content=\"article\" \/>\n<meta property=\"og:title\" content=\"K-spor | Industrial Robots by Kawasaki Robotics\" \/>\n<meta property=\"og:description\" content=\"With Kawasaki Robotics&#039; K-Track, you can expand your robot&#039;s working ranges by adding original traversing axes.\" \/>\n<meta property=\"og:url\" content=\"https:\/\/kawasakirobotics.com\/dk\/k-track\/\" \/>\n<meta property=\"og:site_name\" content=\"Kawasaki Robotics\" \/>\n<meta property=\"article:modified_time\" content=\"2025-05-14T06:27:35+00:00\" \/>\n<meta property=\"og:image\" content=\"https:\/\/kawasakirobotics.com\/content\/themes\/krobot-theme\/src\/images\/default\/ogp.jpg\" \/>\n\t<meta property=\"og:image:width\" content=\"1200\" \/>\n\t<meta property=\"og:image:height\" content=\"630\" \/>\n\t<meta property=\"og:image:type\" content=\"image\/jpeg\" \/>\n<meta name=\"twitter:card\" content=\"summary_large_image\" \/>\n<script type=\"application\/ld+json\" class=\"yoast-schema-graph\">{\"@context\":\"https:\/\/schema.org\",\"@graph\":[{\"@type\":\"WebPage\",\"@id\":\"https:\/\/kawasakirobotics.com\/dk\/k-track\/\",\"url\":\"https:\/\/kawasakirobotics.com\/dk\/k-track\/\",\"name\":\"K-spor | Industrial Robots by Kawasaki Robotics\",\"isPartOf\":{\"@id\":\"https:\/\/kawasakirobotics.com\/dk\/#website\"},\"primaryImageOfPage\":{\"@id\":\"https:\/\/kawasakirobotics.com\/dk\/k-track\/#primaryimage\"},\"image\":{\"@id\":\"https:\/\/kawasakirobotics.com\/dk\/k-track\/#primaryimage\"},\"thumbnailUrl\":\"https:\/\/kawasakirobotics.com\/tachyon\/sites\/5\/2022\/03\/Kawasaki-ARC-Welding-Portfolio-2020.jpeg\",\"datePublished\":\"2022-03-03T04:14:27+00:00\",\"dateModified\":\"2025-05-14T06:27:35+00:00\",\"description\":\"With Kawasaki Robotics' K-Track, you can expand your robot's working ranges by adding original traversing axes.\",\"breadcrumb\":{\"@id\":\"https:\/\/kawasakirobotics.com\/dk\/k-track\/#breadcrumb\"},\"inLanguage\":\"da-DK\",\"potentialAction\":[{\"@type\":\"ReadAction\",\"target\":[\"https:\/\/kawasakirobotics.com\/dk\/k-track\/\"]}]},{\"@type\":\"ImageObject\",\"inLanguage\":\"da-DK\",\"@id\":\"https:\/\/kawasakirobotics.com\/dk\/k-track\/#primaryimage\",\"url\":\"https:\/\/kawasakirobotics.com\/tachyon\/sites\/5\/2022\/03\/Kawasaki-ARC-Welding-Portfolio-2020.jpeg\",\"contentUrl\":\"https:\/\/kawasakirobotics.com\/tachyon\/sites\/5\/2022\/03\/Kawasaki-ARC-Welding-Portfolio-2020.jpeg\"},{\"@type\":\"BreadcrumbList\",\"@id\":\"https:\/\/kawasakirobotics.com\/dk\/k-track\/#breadcrumb\",\"itemListElement\":[{\"@type\":\"ListItem\",\"position\":1,\"name\":\"Top\",\"item\":\"https:\/\/kawasakirobotics.com\/dk\/\"},{\"@type\":\"ListItem\",\"position\":2,\"name\":\"K-spor\"}]},{\"@type\":\"WebSite\",\"@id\":\"https:\/\/kawasakirobotics.com\/dk\/#website\",\"url\":\"https:\/\/kawasakirobotics.com\/dk\/\",\"name\":\"Kawasaki Robotics\",\"description\":\"\",\"publisher\":{\"@id\":\"https:\/\/kawasakirobotics.com\/dk\/#organization\"},\"potentialAction\":[{\"@type\":\"SearchAction\",\"target\":{\"@type\":\"EntryPoint\",\"urlTemplate\":\"https:\/\/kawasakirobotics.com\/dk\/?s={search_term_string}\"},\"query-input\":{\"@type\":\"PropertyValueSpecification\",\"valueRequired\":true,\"valueName\":\"search_term_string\"}}],\"inLanguage\":\"da-DK\"},{\"@type\":\"Organization\",\"@id\":\"https:\/\/kawasakirobotics.com\/dk\/#organization\",\"name\":\"\u5ddd\u5d0e\u91cd\u5de5\u696d\u30ed\u30dc\u30c3\u30c8\u30c7\u30a3\u30d3\u30b8\u30e7\u30f3\",\"url\":\"https:\/\/kawasakirobotics.com\/dk\/\",\"logo\":{\"@type\":\"ImageObject\",\"inLanguage\":\"da-DK\",\"@id\":\"https:\/\/kawasakirobotics.com\/dk\/#\/schema\/logo\/image\/\",\"url\":\"\",\"contentUrl\":\"\",\"caption\":\"\u5ddd\u5d0e\u91cd\u5de5\u696d\u30ed\u30dc\u30c3\u30c8\u30c7\u30a3\u30d3\u30b8\u30e7\u30f3\"},\"image\":{\"@id\":\"https:\/\/kawasakirobotics.com\/dk\/#\/schema\/logo\/image\/\"}}]}<\/script>\n<!-- \/ Yoast SEO plugin. -->","yoast_head_json":{"title":"K-spor | Industrial Robots by Kawasaki Robotics","description":"With Kawasaki Robotics' K-Track, you can expand your robot's working ranges by adding original traversing axes.","robots":{"index":"index","follow":"follow","max-snippet":"max-snippet:-1","max-image-preview":"max-image-preview:large","max-video-preview":"max-video-preview:-1"},"canonical":"https:\/\/kawasakirobotics.com\/dk\/k-track\/","og_locale":"da_DK","og_type":"article","og_title":"K-spor | Industrial Robots by Kawasaki Robotics","og_description":"With Kawasaki Robotics' K-Track, you can expand your robot's working ranges by adding original traversing axes.","og_url":"https:\/\/kawasakirobotics.com\/dk\/k-track\/","og_site_name":"Kawasaki Robotics","article_modified_time":"2025-05-14T06:27:35+00:00","og_image":[{"url":"https:\/\/kawasakirobotics.com\/content\/themes\/krobot-theme\/src\/images\/default\/ogp.jpg","width":"1200","height":"630","type":"image\/jpeg"}],"twitter_card":"summary_large_image","schema":{"@context":"https:\/\/schema.org","@graph":[{"@type":"WebPage","@id":"https:\/\/kawasakirobotics.com\/dk\/k-track\/","url":"https:\/\/kawasakirobotics.com\/dk\/k-track\/","name":"K-spor | Industrial Robots by Kawasaki Robotics","isPartOf":{"@id":"https:\/\/kawasakirobotics.com\/dk\/#website"},"primaryImageOfPage":{"@id":"https:\/\/kawasakirobotics.com\/dk\/k-track\/#primaryimage"},"image":{"@id":"https:\/\/kawasakirobotics.com\/dk\/k-track\/#primaryimage"},"thumbnailUrl":"https:\/\/kawasakirobotics.com\/tachyon\/sites\/5\/2022\/03\/Kawasaki-ARC-Welding-Portfolio-2020.jpeg","datePublished":"2022-03-03T04:14:27+00:00","dateModified":"2025-05-14T06:27:35+00:00","description":"With Kawasaki Robotics' K-Track, you can expand your robot's working ranges by adding original traversing axes.","breadcrumb":{"@id":"https:\/\/kawasakirobotics.com\/dk\/k-track\/#breadcrumb"},"inLanguage":"da-DK","potentialAction":[{"@type":"ReadAction","target":["https:\/\/kawasakirobotics.com\/dk\/k-track\/"]}]},{"@type":"ImageObject","inLanguage":"da-DK","@id":"https:\/\/kawasakirobotics.com\/dk\/k-track\/#primaryimage","url":"https:\/\/kawasakirobotics.com\/tachyon\/sites\/5\/2022\/03\/Kawasaki-ARC-Welding-Portfolio-2020.jpeg","contentUrl":"https:\/\/kawasakirobotics.com\/tachyon\/sites\/5\/2022\/03\/Kawasaki-ARC-Welding-Portfolio-2020.jpeg"},{"@type":"BreadcrumbList","@id":"https:\/\/kawasakirobotics.com\/dk\/k-track\/#breadcrumb","itemListElement":[{"@type":"ListItem","position":1,"name":"Top","item":"https:\/\/kawasakirobotics.com\/dk\/"},{"@type":"ListItem","position":2,"name":"K-spor"}]},{"@type":"WebSite","@id":"https:\/\/kawasakirobotics.com\/dk\/#website","url":"https:\/\/kawasakirobotics.com\/dk\/","name":"Kawasaki Robotics","description":"","publisher":{"@id":"https:\/\/kawasakirobotics.com\/dk\/#organization"},"potentialAction":[{"@type":"SearchAction","target":{"@type":"EntryPoint","urlTemplate":"https:\/\/kawasakirobotics.com\/dk\/?s={search_term_string}"},"query-input":{"@type":"PropertyValueSpecification","valueRequired":true,"valueName":"search_term_string"}}],"inLanguage":"da-DK"},{"@type":"Organization","@id":"https:\/\/kawasakirobotics.com\/dk\/#organization","name":"\u5ddd\u5d0e\u91cd\u5de5\u696d\u30ed\u30dc\u30c3\u30c8\u30c7\u30a3\u30d3\u30b8\u30e7\u30f3","url":"https:\/\/kawasakirobotics.com\/dk\/","logo":{"@type":"ImageObject","inLanguage":"da-DK","@id":"https:\/\/kawasakirobotics.com\/dk\/#\/schema\/logo\/image\/","url":"","contentUrl":"","caption":"\u5ddd\u5d0e\u91cd\u5de5\u696d\u30ed\u30dc\u30c3\u30c8\u30c7\u30a3\u30d3\u30b8\u30e7\u30f3"},"image":{"@id":"https:\/\/kawasakirobotics.com\/dk\/#\/schema\/logo\/image\/"}}]}},"_links":{"self":[{"href":"https:\/\/kawasakirobotics.com\/dk\/wp-json\/wp\/v2\/pages\/4784","targetHints":{"allow":["GET"]}}],"collection":[{"href":"https:\/\/kawasakirobotics.com\/dk\/wp-json\/wp\/v2\/pages"}],"about":[{"href":"https:\/\/kawasakirobotics.com\/dk\/wp-json\/wp\/v2\/types\/page"}],"author":[{"embeddable":true,"href":"https:\/\/kawasakirobotics.com\/dk\/wp-json\/wp\/v2\/users\/3"}],"replies":[{"embeddable":true,"href":"https:\/\/kawasakirobotics.com\/dk\/wp-json\/wp\/v2\/comments?post=4784"}],"version-history":[{"count":4,"href":"https:\/\/kawasakirobotics.com\/dk\/wp-json\/wp\/v2\/pages\/4784\/revisions"}],"predecessor-version":[{"id":5821,"href":"https:\/\/kawasakirobotics.com\/dk\/wp-json\/wp\/v2\/pages\/4784\/revisions\/5821"}],"wp:attachment":[{"href":"https:\/\/kawasakirobotics.com\/dk\/wp-json\/wp\/v2\/media?parent=4784"}],"curies":[{"name":"wp","href":"https:\/\/api.w.org\/{rel}","templated":true}]}}