{"id":4787,"date":"2022-03-03T04:21:22","date_gmt":"2022-03-03T04:21:22","guid":{"rendered":"urn:uuid:1fd1062f-1951-4905-b49a-d45412fd0ed9"},"modified":"2025-05-14T08:30:00","modified_gmt":"2025-05-14T06:30:00","slug":"k-arc","status":"publish","type":"page","link":"https:\/\/kawasakirobotics.com\/dk\/k-arc\/","title":{"rendered":"K-ARC"},"content":{"rendered":"\n<h2 class=\"wp-block-heading\">Buesvejsning: Vores l\u00f8sninger<\/h2>\n\n\n\n<figure class=\"wp-block-image size-large\"><img loading=\"lazy\" decoding=\"async\" width=\"2048\" height=\"1365\" src=\"https:\/\/kawasakirobotics.com\/tachyon\/sites\/5\/2022\/03\/B1830324-2048x1365-1.jpeg?fit=900%2C900\" alt=\"Kawasaki Robotics Buesvejsning\" class=\"wp-image-4788\" srcset=\"https:\/\/kawasakirobotics.com\/tachyon\/sites\/35\/2022\/03\/B1830324-2048x1365-1.jpeg?resize=2048%2C1365&amp;zoom=1 2048w, https:\/\/kawasakirobotics.com\/tachyon\/sites\/35\/2022\/03\/B1830324-2048x1365-1.jpeg?resize=2048%2C1365&amp;zoom=0.5 1024w, https:\/\/kawasakirobotics.com\/tachyon\/sites\/35\/2022\/03\/B1830324-2048x1365-1.jpeg?resize=2048%2C1365&amp;zoom=0.25 512w\" sizes=\"auto, (max-width: 2048px) 100vw, 2048px\" \/><\/figure>\n\n\n\n<h4 class=\"wp-block-heading\">Automatiser dine svejseprocesser<\/h4>\n\n\n\n<p>Fra state-of-the-art svejserobotter til line\u00e6re akser og positionere: Kawasaki Robotics tilbyder en omfattende portef\u00f8lje inden for buesvejsning \u2013 specielt udviklet til det europ\u00e6iske marked.<\/p>\n\n\n\n<div class=\"wp-block-group has-light-gray-background-color has-background is-layout-flow wp-block-group-is-layout-flow\">\n<h4 class=\"wp-block-heading has-text-align-center\">L\u00e6r mere<\/h4>\n\n\n\n<ul class=\"wp-block-list\">\n<li><strong><a href=\"https:\/\/kawasakirobotics.com\/dk\/applications\/arc-welding\/\">Kawasaki Robotics Arc Welding Robots<\/a><\/strong><br>Vores Arc Welding Robot Portfolio<\/li>\n\n\n\n<li><strong><a href=\"https:\/\/kawasakirobotics.com\/eu-africa\/k-positioner\/\">Kawasaki Robotics K-<\/a><a href=\"https:\/\/kawasakirobotics.com\/dk\/k-positioner\/\">Positioner<\/a><\/strong><br>High-End positioneringsmaskiner til alle dine individuelle behov<\/li>\n\n\n\n<li><strong><a href=\"https:\/\/kawasakirobotics.com\/dk\/k-track\/\">Kawasaki Robotics K-Track<\/a><\/strong><br>Originale line\u00e6re akser fra Kawasaki Robotics<\/li>\n\n\n\n<li><strong><a href=\"https:\/\/kawasakirobotics.com\/dk\/k-virtual\/\">Kawasaki Robotics K-Virtual<\/a><\/strong><br>Intuitivt offline programmeringsv\u00e6rkt\u00f8j til svejsning og mere<\/li>\n\n\n\n<li><strong><a href=\"https:\/\/kawasakirobotics.com\/dk\/k-arc\/\">Kawasaki Robotics K-ARC Basic<\/a><\/strong><br>Vores kompakte og plug-and-play lysbuesvejsecelle<\/li>\n<\/ul>\n<\/div>\n\n\n\n<h2 class=\"wp-block-heading\"><strong>F\u00e5s ogs\u00e5 fra Kawasaki Robotics<\/strong><\/h2>\n\n\n\n<p>Svejseudstyr fra f\u00f8rende producenter som Kemppi, Binzel, Fronius og OTC samt mange flere muligheder. Tal med os!<\/p>\n\n\n\n<figure class=\"wp-block-embed is-type-video is-provider-youtube wp-block-embed-youtube wp-embed-aspect-16-9 wp-has-aspect-ratio\"><div class=\"wp-block-embed__wrapper\">\n<iframe loading=\"lazy\" title=\"BA006L with K Track and K Positioner\" width=\"900\" height=\"506\" src=\"https:\/\/www.youtube.com\/embed\/gDs_6IfSPBw?feature=oembed\" frameborder=\"0\" allow=\"accelerometer; autoplay; clipboard-write; encrypted-media; gyroscope; picture-in-picture; web-share\" referrerpolicy=\"strict-origin-when-cross-origin\" allowfullscreen><\/iframe>\n<\/div><\/figure>\n\n\n\n<div class=\"wp-block-group has-light-gray-background-color has-background is-layout-flow wp-block-group-is-layout-flow\">\n<h4 class=\"wp-block-heading has-text-align-center\">L\u00e6r mere om K-ARC<\/h4>\n\n\n\n<div class=\"wp-block-buttons is-horizontal is-content-justification-center is-layout-flex wp-container-core-buttons-is-layout-03627597 wp-block-buttons-is-layout-flex\">\n<div class=\"wp-block-button\"><a class=\"wp-block-button__link wp-element-button\" href=\"https:\/\/kawasaki-corporate.spiral-site.com\/ind_robot_eu?_ifbs-ind_robot_eu=s1_Step1&amp;_gl=1*1iapzqc*_ga*MTQ4ODM3MDE3MC4xNjM3NzMyNDU4*_ga_GRRCX7N19P*MTY0NjI2ODUzOC4yLjEuMTY0NjI3ODE0NC4w\" target=\"_blank\" rel=\"noreferrer noopener\">Kontakt<\/a><\/div>\n<\/div>\n<\/div>\n","protected":false},"excerpt":{"rendered":"<p>Buesvejsning: Vores l\u00f8sninger Automatiser dine svejseprocesser Fra state-of-the-art svejserobotter til line\u00e6re akser og positionere: Kawasaki Robotics tilbyder en omfattende portef\u00f8lje inden for buesvejsning \u2013 specielt udviklet til det europ\u00e6iske marked. L\u00e6r mere F\u00e5s ogs\u00e5 fra Kawasaki Robotics Svejseudstyr fra f\u00f8rende producenter som Kemppi, Binzel, Fronius og OTC samt mange flere muligheder. Tal med os! L\u00e6r mere om K-ARC<\/p>\n","protected":false},"author":3,"featured_media":0,"parent":0,"menu_order":0,"comment_status":"closed","ping_status":"closed","template":"","meta":{"ep_exclude_from_search":false,"footnotes":""},"class_list":["post-4787","page","type-page","status-publish","hentry"],"yoast_head":"<!-- This site is optimized with the Yoast SEO plugin v25.9 - https:\/\/yoast.com\/wordpress\/plugins\/seo\/ -->\n<title>K-ARC | Industrial Robots by Kawasaki Robotics<\/title>\n<meta name=\"description\" content=\"Explore Kawasaki Robotics&#039; comprehensive portfolio of arc welding solutions specifically developed for the European market.\" \/>\n<meta name=\"robots\" content=\"index, follow, max-snippet:-1, max-image-preview:large, max-video-preview:-1\" \/>\n<link rel=\"canonical\" href=\"https:\/\/kawasakirobotics.com\/dk\/k-arc\/\" \/>\n<meta property=\"og:locale\" content=\"da_DK\" \/>\n<meta property=\"og:type\" content=\"article\" \/>\n<meta property=\"og:title\" content=\"K-ARC | Industrial Robots by Kawasaki Robotics\" \/>\n<meta property=\"og:description\" content=\"Explore Kawasaki Robotics&#039; comprehensive portfolio of arc welding solutions specifically developed for the European market.\" \/>\n<meta property=\"og:url\" content=\"https:\/\/kawasakirobotics.com\/dk\/k-arc\/\" \/>\n<meta property=\"og:site_name\" content=\"Kawasaki Robotics\" \/>\n<meta property=\"article:modified_time\" content=\"2025-05-14T06:30:00+00:00\" \/>\n<meta property=\"og:image\" content=\"https:\/\/kawasakirobotics.com\/content\/themes\/krobot-theme\/src\/images\/default\/ogp.jpg\" \/>\n\t<meta property=\"og:image:width\" content=\"1200\" \/>\n\t<meta property=\"og:image:height\" content=\"630\" \/>\n\t<meta property=\"og:image:type\" content=\"image\/jpeg\" \/>\n<meta name=\"twitter:card\" content=\"summary_large_image\" \/>\n<script type=\"application\/ld+json\" class=\"yoast-schema-graph\">{\"@context\":\"https:\/\/schema.org\",\"@graph\":[{\"@type\":\"WebPage\",\"@id\":\"https:\/\/kawasakirobotics.com\/dk\/k-arc\/\",\"url\":\"https:\/\/kawasakirobotics.com\/dk\/k-arc\/\",\"name\":\"K-ARC | Industrial Robots by Kawasaki Robotics\",\"isPartOf\":{\"@id\":\"https:\/\/kawasakirobotics.com\/dk\/#website\"},\"primaryImageOfPage\":{\"@id\":\"https:\/\/kawasakirobotics.com\/dk\/k-arc\/#primaryimage\"},\"image\":{\"@id\":\"https:\/\/kawasakirobotics.com\/dk\/k-arc\/#primaryimage\"},\"thumbnailUrl\":\"https:\/\/kawasakirobotics.com\/tachyon\/sites\/5\/2022\/03\/B1830324-2048x1365-1.jpeg?fit=900%2C900\",\"datePublished\":\"2022-03-03T04:21:22+00:00\",\"dateModified\":\"2025-05-14T06:30:00+00:00\",\"description\":\"Explore Kawasaki Robotics' comprehensive portfolio of arc welding solutions specifically developed for the European market.\",\"breadcrumb\":{\"@id\":\"https:\/\/kawasakirobotics.com\/dk\/k-arc\/#breadcrumb\"},\"inLanguage\":\"da-DK\",\"potentialAction\":[{\"@type\":\"ReadAction\",\"target\":[\"https:\/\/kawasakirobotics.com\/dk\/k-arc\/\"]}]},{\"@type\":\"ImageObject\",\"inLanguage\":\"da-DK\",\"@id\":\"https:\/\/kawasakirobotics.com\/dk\/k-arc\/#primaryimage\",\"url\":\"https:\/\/kawasakirobotics.com\/tachyon\/sites\/5\/2022\/03\/B1830324-2048x1365-1.jpeg?fit=900%2C900\",\"contentUrl\":\"https:\/\/kawasakirobotics.com\/tachyon\/sites\/5\/2022\/03\/B1830324-2048x1365-1.jpeg?fit=900%2C900\"},{\"@type\":\"BreadcrumbList\",\"@id\":\"https:\/\/kawasakirobotics.com\/dk\/k-arc\/#breadcrumb\",\"itemListElement\":[{\"@type\":\"ListItem\",\"position\":1,\"name\":\"Top\",\"item\":\"https:\/\/kawasakirobotics.com\/dk\/\"},{\"@type\":\"ListItem\",\"position\":2,\"name\":\"K-ARC\"}]},{\"@type\":\"WebSite\",\"@id\":\"https:\/\/kawasakirobotics.com\/dk\/#website\",\"url\":\"https:\/\/kawasakirobotics.com\/dk\/\",\"name\":\"Kawasaki Robotics\",\"description\":\"\",\"publisher\":{\"@id\":\"https:\/\/kawasakirobotics.com\/dk\/#organization\"},\"potentialAction\":[{\"@type\":\"SearchAction\",\"target\":{\"@type\":\"EntryPoint\",\"urlTemplate\":\"https:\/\/kawasakirobotics.com\/dk\/?s={search_term_string}\"},\"query-input\":{\"@type\":\"PropertyValueSpecification\",\"valueRequired\":true,\"valueName\":\"search_term_string\"}}],\"inLanguage\":\"da-DK\"},{\"@type\":\"Organization\",\"@id\":\"https:\/\/kawasakirobotics.com\/dk\/#organization\",\"name\":\"\u5ddd\u5d0e\u91cd\u5de5\u696d\u30ed\u30dc\u30c3\u30c8\u30c7\u30a3\u30d3\u30b8\u30e7\u30f3\",\"url\":\"https:\/\/kawasakirobotics.com\/dk\/\",\"logo\":{\"@type\":\"ImageObject\",\"inLanguage\":\"da-DK\",\"@id\":\"https:\/\/kawasakirobotics.com\/dk\/#\/schema\/logo\/image\/\",\"url\":\"\",\"contentUrl\":\"\",\"caption\":\"\u5ddd\u5d0e\u91cd\u5de5\u696d\u30ed\u30dc\u30c3\u30c8\u30c7\u30a3\u30d3\u30b8\u30e7\u30f3\"},\"image\":{\"@id\":\"https:\/\/kawasakirobotics.com\/dk\/#\/schema\/logo\/image\/\"}}]}<\/script>\n<!-- \/ Yoast SEO plugin. -->","yoast_head_json":{"title":"K-ARC | Industrial Robots by Kawasaki Robotics","description":"Explore Kawasaki Robotics' comprehensive portfolio of arc welding solutions specifically developed for the European market.","robots":{"index":"index","follow":"follow","max-snippet":"max-snippet:-1","max-image-preview":"max-image-preview:large","max-video-preview":"max-video-preview:-1"},"canonical":"https:\/\/kawasakirobotics.com\/dk\/k-arc\/","og_locale":"da_DK","og_type":"article","og_title":"K-ARC | Industrial Robots by Kawasaki Robotics","og_description":"Explore Kawasaki Robotics' comprehensive portfolio of arc welding solutions specifically developed for the European market.","og_url":"https:\/\/kawasakirobotics.com\/dk\/k-arc\/","og_site_name":"Kawasaki Robotics","article_modified_time":"2025-05-14T06:30:00+00:00","og_image":[{"url":"https:\/\/kawasakirobotics.com\/content\/themes\/krobot-theme\/src\/images\/default\/ogp.jpg","width":"1200","height":"630","type":"image\/jpeg"}],"twitter_card":"summary_large_image","schema":{"@context":"https:\/\/schema.org","@graph":[{"@type":"WebPage","@id":"https:\/\/kawasakirobotics.com\/dk\/k-arc\/","url":"https:\/\/kawasakirobotics.com\/dk\/k-arc\/","name":"K-ARC | Industrial Robots by Kawasaki Robotics","isPartOf":{"@id":"https:\/\/kawasakirobotics.com\/dk\/#website"},"primaryImageOfPage":{"@id":"https:\/\/kawasakirobotics.com\/dk\/k-arc\/#primaryimage"},"image":{"@id":"https:\/\/kawasakirobotics.com\/dk\/k-arc\/#primaryimage"},"thumbnailUrl":"https:\/\/kawasakirobotics.com\/tachyon\/sites\/5\/2022\/03\/B1830324-2048x1365-1.jpeg?fit=900%2C900","datePublished":"2022-03-03T04:21:22+00:00","dateModified":"2025-05-14T06:30:00+00:00","description":"Explore Kawasaki Robotics' comprehensive portfolio of arc welding solutions specifically developed for the European market.","breadcrumb":{"@id":"https:\/\/kawasakirobotics.com\/dk\/k-arc\/#breadcrumb"},"inLanguage":"da-DK","potentialAction":[{"@type":"ReadAction","target":["https:\/\/kawasakirobotics.com\/dk\/k-arc\/"]}]},{"@type":"ImageObject","inLanguage":"da-DK","@id":"https:\/\/kawasakirobotics.com\/dk\/k-arc\/#primaryimage","url":"https:\/\/kawasakirobotics.com\/tachyon\/sites\/5\/2022\/03\/B1830324-2048x1365-1.jpeg?fit=900%2C900","contentUrl":"https:\/\/kawasakirobotics.com\/tachyon\/sites\/5\/2022\/03\/B1830324-2048x1365-1.jpeg?fit=900%2C900"},{"@type":"BreadcrumbList","@id":"https:\/\/kawasakirobotics.com\/dk\/k-arc\/#breadcrumb","itemListElement":[{"@type":"ListItem","position":1,"name":"Top","item":"https:\/\/kawasakirobotics.com\/dk\/"},{"@type":"ListItem","position":2,"name":"K-ARC"}]},{"@type":"WebSite","@id":"https:\/\/kawasakirobotics.com\/dk\/#website","url":"https:\/\/kawasakirobotics.com\/dk\/","name":"Kawasaki Robotics","description":"","publisher":{"@id":"https:\/\/kawasakirobotics.com\/dk\/#organization"},"potentialAction":[{"@type":"SearchAction","target":{"@type":"EntryPoint","urlTemplate":"https:\/\/kawasakirobotics.com\/dk\/?s={search_term_string}"},"query-input":{"@type":"PropertyValueSpecification","valueRequired":true,"valueName":"search_term_string"}}],"inLanguage":"da-DK"},{"@type":"Organization","@id":"https:\/\/kawasakirobotics.com\/dk\/#organization","name":"\u5ddd\u5d0e\u91cd\u5de5\u696d\u30ed\u30dc\u30c3\u30c8\u30c7\u30a3\u30d3\u30b8\u30e7\u30f3","url":"https:\/\/kawasakirobotics.com\/dk\/","logo":{"@type":"ImageObject","inLanguage":"da-DK","@id":"https:\/\/kawasakirobotics.com\/dk\/#\/schema\/logo\/image\/","url":"","contentUrl":"","caption":"\u5ddd\u5d0e\u91cd\u5de5\u696d\u30ed\u30dc\u30c3\u30c8\u30c7\u30a3\u30d3\u30b8\u30e7\u30f3"},"image":{"@id":"https:\/\/kawasakirobotics.com\/dk\/#\/schema\/logo\/image\/"}}]}},"_links":{"self":[{"href":"https:\/\/kawasakirobotics.com\/dk\/wp-json\/wp\/v2\/pages\/4787","targetHints":{"allow":["GET"]}}],"collection":[{"href":"https:\/\/kawasakirobotics.com\/dk\/wp-json\/wp\/v2\/pages"}],"about":[{"href":"https:\/\/kawasakirobotics.com\/dk\/wp-json\/wp\/v2\/types\/page"}],"author":[{"embeddable":true,"href":"https:\/\/kawasakirobotics.com\/dk\/wp-json\/wp\/v2\/users\/3"}],"replies":[{"embeddable":true,"href":"https:\/\/kawasakirobotics.com\/dk\/wp-json\/wp\/v2\/comments?post=4787"}],"version-history":[{"count":7,"href":"https:\/\/kawasakirobotics.com\/dk\/wp-json\/wp\/v2\/pages\/4787\/revisions"}],"predecessor-version":[{"id":5823,"href":"https:\/\/kawasakirobotics.com\/dk\/wp-json\/wp\/v2\/pages\/4787\/revisions\/5823"}],"wp:attachment":[{"href":"https:\/\/kawasakirobotics.com\/dk\/wp-json\/wp\/v2\/media?parent=4787"}],"curies":[{"name":"wp","href":"https:\/\/api.w.org\/{rel}","templated":true}]}}