{"id":54,"date":"2022-01-19T17:55:56","date_gmt":"2022-01-19T08:55:56","guid":{"rendered":"urn:uuid:8f4034a0-45c0-4d83-94d6-fbc8f463c5ae"},"modified":"2025-08-01T02:15:36","modified_gmt":"2025-08-01T00:15:36","slug":"retired-models","status":"publish","type":"page","link":"https:\/\/kawasakirobotics.com\/dk\/products\/retired-models\/","title":{"rendered":"Pensionerede modeller"},"content":{"rendered":"\n<p>Kawasaki er blandt de f\u00f8rende inden for robotinstallationer p\u00e5 verdensplan. De fleste af vores pensionerede produkter k\u00f8rer stadig i produktion p\u00e5 fabrikker rundt om i verden. Hvis du har brug for reservedele eller support p\u00e5 nogle af vores produkter, bedes du kontakte vores kundeserviceafdeling.<\/p>\n\n\n\n<p><a href=\"https:\/\/kawasakirobotics.com\/uploads\/sites\/2\/2025\/07\/KHI_retiredmodels202508.pdf\" target=\"_blank\" rel=\"noreferrer noopener\">Liste over oph\u00f8rte robot- \/ controller-modeller og oph\u00f8rs\u00e5r<\/a><\/p>\n\n\n\n<h2 class=\"wp-block-heading\">\u00c5RSAG TIL AFBINDELSE<\/h2>\n\n\n\n<p>Lancering af efterf\u00f8lgermodeller.<\/p>\n\n\n\n<h4 class=\"wp-block-heading\"><strong>RESERVEDELE<\/strong><\/h4>\n\n\n\n<ul class=\"wp-block-list\">\n<li>Reservedele til de ber\u00f8rte modeller skal leveres i op til 10 \u00e5r efter datoen for oph\u00f8r.<\/li>\n\n\n\n<li>Kawasaki vil g\u00f8re alt for at skaffe dele og materialer som svar p\u00e5 kundernes krav. Men p\u00e5 grund af eksterne omst\u00e6ndigheder s\u00e5som \u00e6ndringer i materialemarkedet (dvs. oph\u00f8r fra materialeproducenter) kan det resultere i, at Kawasaki ikke er i stand til at levere dele til de ber\u00f8rte modeller.<\/li>\n\n\n\n<li>Afh\u00e6ngigt af den forl\u00f8bne periode efter oph\u00f8r af produktet kan leveringstiderne for levering \u00f8ges.<\/li>\n<\/ul>\n\n\n\n<p><\/p>\n","protected":false},"excerpt":{"rendered":"<p>Kawasaki er blandt de f\u00f8rende inden for robotinstallationer p\u00e5 verdensplan. De fleste af vores pensionerede produkter k\u00f8rer stadig i produktion p\u00e5 fabrikker rundt om i verden. Hvis du har brug for reservedele eller support p\u00e5 nogle af vores produkter, bedes du kontakte vores kundeserviceafdeling. Liste over oph\u00f8rte robot- \/ controller-modeller og oph\u00f8rs\u00e5r \u00c5RSAG TIL AFBINDELSE Lancering af efterf\u00f8lgermodeller. RESERVEDELE<\/p>\n","protected":false},"author":3,"featured_media":4319,"parent":50,"menu_order":2,"comment_status":"closed","ping_status":"closed","template":"page-templates\/custom-title-with-background.php","meta":{"ep_exclude_from_search":false,"footnotes":""},"class_list":["post-54","page","type-page","status-publish","has-post-thumbnail","hentry"],"yoast_head":"<!-- This site is optimized with the Yoast SEO plugin v25.9 - https:\/\/yoast.com\/wordpress\/plugins\/seo\/ -->\n<title>Pensionerede modeller | Industrial Robots by Kawasaki Robotics<\/title>\n<meta name=\"description\" content=\"Discover Kawasaki&#039;s retired robot models and their parts availability. We offer support for up to 10 years post-discontinuation.\" \/>\n<meta name=\"robots\" content=\"index, follow, max-snippet:-1, max-image-preview:large, max-video-preview:-1\" \/>\n<link rel=\"canonical\" href=\"https:\/\/kawasakirobotics.com\/dk\/products\/retired-models\/\" \/>\n<meta property=\"og:locale\" content=\"da_DK\" \/>\n<meta property=\"og:type\" content=\"article\" \/>\n<meta property=\"og:title\" content=\"Pensionerede modeller | Industrial Robots by Kawasaki Robotics\" \/>\n<meta property=\"og:description\" content=\"Discover Kawasaki&#039;s retired robot models and their parts availability. We offer support for up to 10 years post-discontinuation.\" \/>\n<meta property=\"og:url\" content=\"https:\/\/kawasakirobotics.com\/dk\/products\/retired-models\/\" \/>\n<meta property=\"og:site_name\" content=\"Kawasaki Robotics\" \/>\n<meta property=\"article:modified_time\" content=\"2025-08-01T00:15:36+00:00\" \/>\n<meta property=\"og:image\" content=\"https:\/\/kawasakirobotics.com\/content\/themes\/krobot-theme\/src\/images\/default\/ogp.jpg\" \/>\n\t<meta property=\"og:image:width\" content=\"1200\" \/>\n\t<meta property=\"og:image:height\" content=\"630\" \/>\n\t<meta property=\"og:image:type\" content=\"image\/jpeg\" \/>\n<meta name=\"twitter:card\" content=\"summary_large_image\" \/>\n<script type=\"application\/ld+json\" class=\"yoast-schema-graph\">{\"@context\":\"https:\/\/schema.org\",\"@graph\":[{\"@type\":\"WebPage\",\"@id\":\"https:\/\/kawasakirobotics.com\/dk\/products\/retired-models\/\",\"url\":\"https:\/\/kawasakirobotics.com\/dk\/products\/retired-models\/\",\"name\":\"Pensionerede modeller | Industrial Robots by Kawasaki Robotics\",\"isPartOf\":{\"@id\":\"https:\/\/kawasakirobotics.com\/dk\/#website\"},\"primaryImageOfPage\":{\"@id\":\"https:\/\/kawasakirobotics.com\/dk\/products\/retired-models\/#primaryimage\"},\"image\":{\"@id\":\"https:\/\/kawasakirobotics.com\/dk\/products\/retired-models\/#primaryimage\"},\"thumbnailUrl\":\"https:\/\/kawasakirobotics.com\/tachyon\/sites\/2\/2022\/01\/title-background-B1830324.jpg?fit=2160%2C360\",\"datePublished\":\"2022-01-19T08:55:56+00:00\",\"dateModified\":\"2025-08-01T00:15:36+00:00\",\"description\":\"Discover Kawasaki's retired robot models and their parts availability. We offer support for up to 10 years post-discontinuation.\",\"breadcrumb\":{\"@id\":\"https:\/\/kawasakirobotics.com\/dk\/products\/retired-models\/#breadcrumb\"},\"inLanguage\":\"da-DK\",\"potentialAction\":[{\"@type\":\"ReadAction\",\"target\":[\"https:\/\/kawasakirobotics.com\/dk\/products\/retired-models\/\"]}]},{\"@type\":\"ImageObject\",\"inLanguage\":\"da-DK\",\"@id\":\"https:\/\/kawasakirobotics.com\/dk\/products\/retired-models\/#primaryimage\",\"url\":\"https:\/\/kawasakirobotics.com\/tachyon\/sites\/2\/2022\/01\/title-background-B1830324.jpg?fit=2160%2C360\",\"contentUrl\":\"https:\/\/kawasakirobotics.com\/tachyon\/sites\/2\/2022\/01\/title-background-B1830324.jpg?fit=2160%2C360\",\"width\":2160,\"height\":360,\"caption\":\"CAD Data Disclaimer\"},{\"@type\":\"BreadcrumbList\",\"@id\":\"https:\/\/kawasakirobotics.com\/dk\/products\/retired-models\/#breadcrumb\",\"itemListElement\":[{\"@type\":\"ListItem\",\"position\":1,\"name\":\"Top\",\"item\":\"https:\/\/kawasakirobotics.com\/dk\/\"},{\"@type\":\"ListItem\",\"position\":2,\"name\":\"Product Search\",\"item\":\"https:\/\/kawasakirobotics.com\/dk\/products\/\"},{\"@type\":\"ListItem\",\"position\":3,\"name\":\"Pensionerede modeller\"}]},{\"@type\":\"WebSite\",\"@id\":\"https:\/\/kawasakirobotics.com\/dk\/#website\",\"url\":\"https:\/\/kawasakirobotics.com\/dk\/\",\"name\":\"Kawasaki Robotics\",\"description\":\"\",\"publisher\":{\"@id\":\"https:\/\/kawasakirobotics.com\/dk\/#organization\"},\"potentialAction\":[{\"@type\":\"SearchAction\",\"target\":{\"@type\":\"EntryPoint\",\"urlTemplate\":\"https:\/\/kawasakirobotics.com\/dk\/?s={search_term_string}\"},\"query-input\":{\"@type\":\"PropertyValueSpecification\",\"valueRequired\":true,\"valueName\":\"search_term_string\"}}],\"inLanguage\":\"da-DK\"},{\"@type\":\"Organization\",\"@id\":\"https:\/\/kawasakirobotics.com\/dk\/#organization\",\"name\":\"\u5ddd\u5d0e\u91cd\u5de5\u696d\u30ed\u30dc\u30c3\u30c8\u30c7\u30a3\u30d3\u30b8\u30e7\u30f3\",\"url\":\"https:\/\/kawasakirobotics.com\/dk\/\",\"logo\":{\"@type\":\"ImageObject\",\"inLanguage\":\"da-DK\",\"@id\":\"https:\/\/kawasakirobotics.com\/dk\/#\/schema\/logo\/image\/\",\"url\":\"\",\"contentUrl\":\"\",\"caption\":\"\u5ddd\u5d0e\u91cd\u5de5\u696d\u30ed\u30dc\u30c3\u30c8\u30c7\u30a3\u30d3\u30b8\u30e7\u30f3\"},\"image\":{\"@id\":\"https:\/\/kawasakirobotics.com\/dk\/#\/schema\/logo\/image\/\"}}]}<\/script>\n<!-- \/ Yoast SEO plugin. -->","yoast_head_json":{"title":"Pensionerede modeller | Industrial Robots by Kawasaki Robotics","description":"Discover Kawasaki's retired robot models and their parts availability. We offer support for up to 10 years post-discontinuation.","robots":{"index":"index","follow":"follow","max-snippet":"max-snippet:-1","max-image-preview":"max-image-preview:large","max-video-preview":"max-video-preview:-1"},"canonical":"https:\/\/kawasakirobotics.com\/dk\/products\/retired-models\/","og_locale":"da_DK","og_type":"article","og_title":"Pensionerede modeller | Industrial Robots by Kawasaki Robotics","og_description":"Discover Kawasaki's retired robot models and their parts availability. We offer support for up to 10 years post-discontinuation.","og_url":"https:\/\/kawasakirobotics.com\/dk\/products\/retired-models\/","og_site_name":"Kawasaki Robotics","article_modified_time":"2025-08-01T00:15:36+00:00","og_image":[{"url":"https:\/\/kawasakirobotics.com\/content\/themes\/krobot-theme\/src\/images\/default\/ogp.jpg","width":"1200","height":"630","type":"image\/jpeg"}],"twitter_card":"summary_large_image","schema":{"@context":"https:\/\/schema.org","@graph":[{"@type":"WebPage","@id":"https:\/\/kawasakirobotics.com\/dk\/products\/retired-models\/","url":"https:\/\/kawasakirobotics.com\/dk\/products\/retired-models\/","name":"Pensionerede modeller | Industrial Robots by Kawasaki Robotics","isPartOf":{"@id":"https:\/\/kawasakirobotics.com\/dk\/#website"},"primaryImageOfPage":{"@id":"https:\/\/kawasakirobotics.com\/dk\/products\/retired-models\/#primaryimage"},"image":{"@id":"https:\/\/kawasakirobotics.com\/dk\/products\/retired-models\/#primaryimage"},"thumbnailUrl":"https:\/\/kawasakirobotics.com\/tachyon\/sites\/2\/2022\/01\/title-background-B1830324.jpg?fit=2160%2C360","datePublished":"2022-01-19T08:55:56+00:00","dateModified":"2025-08-01T00:15:36+00:00","description":"Discover Kawasaki's retired robot models and their parts availability. We offer support for up to 10 years post-discontinuation.","breadcrumb":{"@id":"https:\/\/kawasakirobotics.com\/dk\/products\/retired-models\/#breadcrumb"},"inLanguage":"da-DK","potentialAction":[{"@type":"ReadAction","target":["https:\/\/kawasakirobotics.com\/dk\/products\/retired-models\/"]}]},{"@type":"ImageObject","inLanguage":"da-DK","@id":"https:\/\/kawasakirobotics.com\/dk\/products\/retired-models\/#primaryimage","url":"https:\/\/kawasakirobotics.com\/tachyon\/sites\/2\/2022\/01\/title-background-B1830324.jpg?fit=2160%2C360","contentUrl":"https:\/\/kawasakirobotics.com\/tachyon\/sites\/2\/2022\/01\/title-background-B1830324.jpg?fit=2160%2C360","width":2160,"height":360,"caption":"CAD Data Disclaimer"},{"@type":"BreadcrumbList","@id":"https:\/\/kawasakirobotics.com\/dk\/products\/retired-models\/#breadcrumb","itemListElement":[{"@type":"ListItem","position":1,"name":"Top","item":"https:\/\/kawasakirobotics.com\/dk\/"},{"@type":"ListItem","position":2,"name":"Product Search","item":"https:\/\/kawasakirobotics.com\/dk\/products\/"},{"@type":"ListItem","position":3,"name":"Pensionerede modeller"}]},{"@type":"WebSite","@id":"https:\/\/kawasakirobotics.com\/dk\/#website","url":"https:\/\/kawasakirobotics.com\/dk\/","name":"Kawasaki Robotics","description":"","publisher":{"@id":"https:\/\/kawasakirobotics.com\/dk\/#organization"},"potentialAction":[{"@type":"SearchAction","target":{"@type":"EntryPoint","urlTemplate":"https:\/\/kawasakirobotics.com\/dk\/?s={search_term_string}"},"query-input":{"@type":"PropertyValueSpecification","valueRequired":true,"valueName":"search_term_string"}}],"inLanguage":"da-DK"},{"@type":"Organization","@id":"https:\/\/kawasakirobotics.com\/dk\/#organization","name":"\u5ddd\u5d0e\u91cd\u5de5\u696d\u30ed\u30dc\u30c3\u30c8\u30c7\u30a3\u30d3\u30b8\u30e7\u30f3","url":"https:\/\/kawasakirobotics.com\/dk\/","logo":{"@type":"ImageObject","inLanguage":"da-DK","@id":"https:\/\/kawasakirobotics.com\/dk\/#\/schema\/logo\/image\/","url":"","contentUrl":"","caption":"\u5ddd\u5d0e\u91cd\u5de5\u696d\u30ed\u30dc\u30c3\u30c8\u30c7\u30a3\u30d3\u30b8\u30e7\u30f3"},"image":{"@id":"https:\/\/kawasakirobotics.com\/dk\/#\/schema\/logo\/image\/"}}]}},"_links":{"self":[{"href":"https:\/\/kawasakirobotics.com\/dk\/wp-json\/wp\/v2\/pages\/54","targetHints":{"allow":["GET"]}}],"collection":[{"href":"https:\/\/kawasakirobotics.com\/dk\/wp-json\/wp\/v2\/pages"}],"about":[{"href":"https:\/\/kawasakirobotics.com\/dk\/wp-json\/wp\/v2\/types\/page"}],"author":[{"embeddable":true,"href":"https:\/\/kawasakirobotics.com\/dk\/wp-json\/wp\/v2\/users\/3"}],"replies":[{"embeddable":true,"href":"https:\/\/kawasakirobotics.com\/dk\/wp-json\/wp\/v2\/comments?post=54"}],"version-history":[{"count":6,"href":"https:\/\/kawasakirobotics.com\/dk\/wp-json\/wp\/v2\/pages\/54\/revisions"}],"predecessor-version":[{"id":5900,"href":"https:\/\/kawasakirobotics.com\/dk\/wp-json\/wp\/v2\/pages\/54\/revisions\/5900"}],"up":[{"embeddable":true,"href":"https:\/\/kawasakirobotics.com\/dk\/wp-json\/wp\/v2\/pages\/50"}],"wp:featuredmedia":[{"embeddable":true,"href":"https:\/\/kawasakirobotics.com\/dk\/wp-json\/wp\/v2\/media\/4319"}],"wp:attachment":[{"href":"https:\/\/kawasakirobotics.com\/dk\/wp-json\/wp\/v2\/media?parent=54"}],"curies":[{"name":"wp","href":"https:\/\/api.w.org\/{rel}","templated":true}]}}