{"id":56,"date":"2022-01-19T17:56:24","date_gmt":"2022-01-19T08:56:24","guid":{"rendered":"urn:uuid:f979949d-bcb6-4ad2-81d2-99435ce77cf1"},"modified":"2024-02-16T03:17:14","modified_gmt":"2024-02-16T02:17:14","slug":"cad-disclaimer","status":"publish","type":"page","link":"https:\/\/kawasakirobotics.com\/dk\/products\/cad-disclaimer\/","title":{"rendered":"Ansvarsfraskrivelse for CAD-data"},"content":{"rendered":"\n<p>L\u00e6s f\u00f8lgende, inden du bruger CAD-data p\u00e5 dette websted.<\/p>\n\n\n\n<h2 class=\"wp-block-heading\"><strong>1. Form\u00e5let med brugen af dataene<\/strong><\/h2>\n\n\n\n<p>CAD-dataene p\u00e5 denne hjemmeside skal kun bruges til at kontrollere robottens interferens og form osv. i layoutdesign.<\/p>\n\n\n\n<h2 class=\"wp-block-heading\"><strong>2. <\/strong>Karakteristika for dataene<\/h2>\n\n\n\n<p>Bem\u00e6rk venligst, at formdata s\u00e5som tolerance, overfladeruhed og huller i CAD-dataene kan v\u00e6re forskellige fra det faktiske produkts. Derudover har nogle produkter ingen formdata for at reducere CAD-datafilst\u00f8rrelsen og lette datadeling.<\/p>\n\n\n\n<h2 class=\"wp-block-heading\"><strong>3. Ansvarsfraskrivelse<\/strong><\/h2>\n\n\n\n<p>Selvom Kawasaki omhyggeligt opretter CAD-dataene, kan n\u00f8jagtigheden af CAD-dataene ikke garanteres p\u00e5 grund af de ovenn\u00e6vnte datakarakteristika. CAD-dataene p\u00e5 denne hjemmeside kan ogs\u00e5 \u00e6ndres, tilf\u00f8jes og\/eller slettes uden forudg\u00e5ende varsel. Kawasaki p\u00e5tager sig intet ansvar for skader p\u00e5f\u00f8rt ved brug, \u00e6ndring og sletning af CAD-data uanset \u00e5rsag.<\/p>\n\n\n\n<h2 class=\"wp-block-heading\"><strong>4. <\/strong>Tildeling af immaterielle rettigheder<\/h2>\n\n\n\n<p>Kawasaki beholder alle rettigheder, herunder intellektuelle ejendomsrettigheder, til CAD-data. Du m\u00e5 ikke kopiere, reproducere, distribuere, transmittere, \u00e6ndre og\/eller s\u00e6lge CAD-dataene til andre form\u00e5l end det ovenn\u00e6vnte form\u00e5l uden forudg\u00e5ende skriftligt samtykke fra Kawasaki. Hvis brugen af CAD-dataene overtr\u00e6der ovenn\u00e6vnte form\u00e5l med brug og regler, kan Kawasaki forbyde brugen af CAD-dataene og tage retslige skridt mod brugeren.<\/p>\n\n\n\n<hr class=\"wp-block-separator has-css-opacity alignfull\" \/>\n","protected":false},"excerpt":{"rendered":"<p>L\u00e6s f\u00f8lgende, inden du bruger CAD-data p\u00e5 dette websted. 1. Form\u00e5let med brugen af dataene CAD-dataene p\u00e5 denne hjemmeside skal kun bruges til at kontrollere robottens interferens og form osv. i layoutdesign. 2. Karakteristika for dataene Bem\u00e6rk venligst, at formdata s\u00e5som tolerance, overfladeruhed og huller i CAD-dataene kan v\u00e6re forskellige fra det faktiske produkts. Derudover har nogle produkter ingen formdata for at reducere CAD-datafilst\u00f8rrelsen og lette datadeling. 3. Ansvarsfraskrivelse Selvom Kawasaki omhyggeligt opretter CAD-dataene, kan n\u00f8jagtigheden af CAD-dataene ikke garanteres p\u00e5 grund af de ovenn\u00e6vnte datakarakteristika. CAD-dataene p\u00e5 denne hjemmeside kan ogs\u00e5 \u00e6ndres, tilf\u00f8jes og\/eller slettes uden forudg\u00e5ende varsel. Kawasaki p\u00e5tager sig intet ansvar for skader p\u00e5f\u00f8rt ved brug, \u00e6ndring [&hellip;]<\/p>\n","protected":false},"author":9,"featured_media":4319,"parent":50,"menu_order":3,"comment_status":"closed","ping_status":"closed","template":"page-templates\/custom-title-with-background.php","meta":{"ep_exclude_from_search":false,"footnotes":""},"class_list":["post-56","page","type-page","status-publish","has-post-thumbnail","hentry"],"yoast_head":"<!-- This site is optimized with the Yoast SEO plugin v25.9 - https:\/\/yoast.com\/wordpress\/plugins\/seo\/ -->\n<title>Ansvarsfraskrivelse for CAD-data | Industrial Robots by Kawasaki Robotics<\/title>\n<meta name=\"description\" content=\"Kawasaki Heavy Industries | Ansvarsfraskrivelse for CAD-data\" \/>\n<meta name=\"robots\" content=\"index, follow, max-snippet:-1, max-image-preview:large, max-video-preview:-1\" \/>\n<link rel=\"canonical\" href=\"https:\/\/kawasakirobotics.com\/dk\/products\/cad-disclaimer\/\" \/>\n<meta property=\"og:locale\" content=\"da_DK\" \/>\n<meta property=\"og:type\" content=\"article\" \/>\n<meta property=\"og:title\" content=\"Ansvarsfraskrivelse for CAD-data | Industrial Robots by Kawasaki Robotics\" \/>\n<meta property=\"og:description\" content=\"Kawasaki Heavy Industries | Ansvarsfraskrivelse for CAD-data\" \/>\n<meta property=\"og:url\" content=\"https:\/\/kawasakirobotics.com\/dk\/products\/cad-disclaimer\/\" \/>\n<meta property=\"og:site_name\" content=\"Kawasaki Robotics\" \/>\n<meta property=\"article:modified_time\" content=\"2024-02-16T02:17:14+00:00\" \/>\n<meta property=\"og:image\" content=\"https:\/\/kawasakirobotics.com\/content\/themes\/krobot-theme\/src\/images\/default\/ogp.jpg\" \/>\n\t<meta property=\"og:image:width\" content=\"1200\" \/>\n\t<meta property=\"og:image:height\" content=\"630\" \/>\n\t<meta property=\"og:image:type\" content=\"image\/jpeg\" \/>\n<meta name=\"twitter:card\" content=\"summary_large_image\" \/>\n<script type=\"application\/ld+json\" class=\"yoast-schema-graph\">{\"@context\":\"https:\/\/schema.org\",\"@graph\":[{\"@type\":\"WebPage\",\"@id\":\"https:\/\/kawasakirobotics.com\/dk\/products\/cad-disclaimer\/\",\"url\":\"https:\/\/kawasakirobotics.com\/dk\/products\/cad-disclaimer\/\",\"name\":\"Ansvarsfraskrivelse for CAD-data | Industrial Robots by Kawasaki Robotics\",\"isPartOf\":{\"@id\":\"https:\/\/kawasakirobotics.com\/dk\/#website\"},\"primaryImageOfPage\":{\"@id\":\"https:\/\/kawasakirobotics.com\/dk\/products\/cad-disclaimer\/#primaryimage\"},\"image\":{\"@id\":\"https:\/\/kawasakirobotics.com\/dk\/products\/cad-disclaimer\/#primaryimage\"},\"thumbnailUrl\":\"https:\/\/kawasakirobotics.com\/tachyon\/sites\/2\/2022\/01\/title-background-B1830324.jpg?fit=2160%2C360\",\"datePublished\":\"2022-01-19T08:56:24+00:00\",\"dateModified\":\"2024-02-16T02:17:14+00:00\",\"description\":\"Kawasaki Heavy Industries | Ansvarsfraskrivelse for CAD-data\",\"breadcrumb\":{\"@id\":\"https:\/\/kawasakirobotics.com\/dk\/products\/cad-disclaimer\/#breadcrumb\"},\"inLanguage\":\"da-DK\",\"potentialAction\":[{\"@type\":\"ReadAction\",\"target\":[\"https:\/\/kawasakirobotics.com\/dk\/products\/cad-disclaimer\/\"]}]},{\"@type\":\"ImageObject\",\"inLanguage\":\"da-DK\",\"@id\":\"https:\/\/kawasakirobotics.com\/dk\/products\/cad-disclaimer\/#primaryimage\",\"url\":\"https:\/\/kawasakirobotics.com\/tachyon\/sites\/2\/2022\/01\/title-background-B1830324.jpg?fit=2160%2C360\",\"contentUrl\":\"https:\/\/kawasakirobotics.com\/tachyon\/sites\/2\/2022\/01\/title-background-B1830324.jpg?fit=2160%2C360\",\"width\":2160,\"height\":360,\"caption\":\"CAD Data Disclaimer\"},{\"@type\":\"BreadcrumbList\",\"@id\":\"https:\/\/kawasakirobotics.com\/dk\/products\/cad-disclaimer\/#breadcrumb\",\"itemListElement\":[{\"@type\":\"ListItem\",\"position\":1,\"name\":\"Top\",\"item\":\"https:\/\/kawasakirobotics.com\/dk\/\"},{\"@type\":\"ListItem\",\"position\":2,\"name\":\"Product Search\",\"item\":\"https:\/\/kawasakirobotics.com\/dk\/products\/\"},{\"@type\":\"ListItem\",\"position\":3,\"name\":\"Ansvarsfraskrivelse for CAD-data\"}]},{\"@type\":\"WebSite\",\"@id\":\"https:\/\/kawasakirobotics.com\/dk\/#website\",\"url\":\"https:\/\/kawasakirobotics.com\/dk\/\",\"name\":\"Kawasaki Robotics\",\"description\":\"\",\"publisher\":{\"@id\":\"https:\/\/kawasakirobotics.com\/dk\/#organization\"},\"potentialAction\":[{\"@type\":\"SearchAction\",\"target\":{\"@type\":\"EntryPoint\",\"urlTemplate\":\"https:\/\/kawasakirobotics.com\/dk\/?s={search_term_string}\"},\"query-input\":{\"@type\":\"PropertyValueSpecification\",\"valueRequired\":true,\"valueName\":\"search_term_string\"}}],\"inLanguage\":\"da-DK\"},{\"@type\":\"Organization\",\"@id\":\"https:\/\/kawasakirobotics.com\/dk\/#organization\",\"name\":\"\u5ddd\u5d0e\u91cd\u5de5\u696d\u30ed\u30dc\u30c3\u30c8\u30c7\u30a3\u30d3\u30b8\u30e7\u30f3\",\"url\":\"https:\/\/kawasakirobotics.com\/dk\/\",\"logo\":{\"@type\":\"ImageObject\",\"inLanguage\":\"da-DK\",\"@id\":\"https:\/\/kawasakirobotics.com\/dk\/#\/schema\/logo\/image\/\",\"url\":\"\",\"contentUrl\":\"\",\"caption\":\"\u5ddd\u5d0e\u91cd\u5de5\u696d\u30ed\u30dc\u30c3\u30c8\u30c7\u30a3\u30d3\u30b8\u30e7\u30f3\"},\"image\":{\"@id\":\"https:\/\/kawasakirobotics.com\/dk\/#\/schema\/logo\/image\/\"}}]}<\/script>\n<!-- \/ Yoast SEO plugin. -->","yoast_head_json":{"title":"Ansvarsfraskrivelse for CAD-data | Industrial Robots by Kawasaki Robotics","description":"Kawasaki Heavy Industries | Ansvarsfraskrivelse for CAD-data","robots":{"index":"index","follow":"follow","max-snippet":"max-snippet:-1","max-image-preview":"max-image-preview:large","max-video-preview":"max-video-preview:-1"},"canonical":"https:\/\/kawasakirobotics.com\/dk\/products\/cad-disclaimer\/","og_locale":"da_DK","og_type":"article","og_title":"Ansvarsfraskrivelse for CAD-data | Industrial Robots by Kawasaki Robotics","og_description":"Kawasaki Heavy Industries | Ansvarsfraskrivelse for CAD-data","og_url":"https:\/\/kawasakirobotics.com\/dk\/products\/cad-disclaimer\/","og_site_name":"Kawasaki Robotics","article_modified_time":"2024-02-16T02:17:14+00:00","og_image":[{"url":"https:\/\/kawasakirobotics.com\/content\/themes\/krobot-theme\/src\/images\/default\/ogp.jpg","width":"1200","height":"630","type":"image\/jpeg"}],"twitter_card":"summary_large_image","schema":{"@context":"https:\/\/schema.org","@graph":[{"@type":"WebPage","@id":"https:\/\/kawasakirobotics.com\/dk\/products\/cad-disclaimer\/","url":"https:\/\/kawasakirobotics.com\/dk\/products\/cad-disclaimer\/","name":"Ansvarsfraskrivelse for CAD-data | Industrial Robots by Kawasaki Robotics","isPartOf":{"@id":"https:\/\/kawasakirobotics.com\/dk\/#website"},"primaryImageOfPage":{"@id":"https:\/\/kawasakirobotics.com\/dk\/products\/cad-disclaimer\/#primaryimage"},"image":{"@id":"https:\/\/kawasakirobotics.com\/dk\/products\/cad-disclaimer\/#primaryimage"},"thumbnailUrl":"https:\/\/kawasakirobotics.com\/tachyon\/sites\/2\/2022\/01\/title-background-B1830324.jpg?fit=2160%2C360","datePublished":"2022-01-19T08:56:24+00:00","dateModified":"2024-02-16T02:17:14+00:00","description":"Kawasaki Heavy Industries | Ansvarsfraskrivelse for CAD-data","breadcrumb":{"@id":"https:\/\/kawasakirobotics.com\/dk\/products\/cad-disclaimer\/#breadcrumb"},"inLanguage":"da-DK","potentialAction":[{"@type":"ReadAction","target":["https:\/\/kawasakirobotics.com\/dk\/products\/cad-disclaimer\/"]}]},{"@type":"ImageObject","inLanguage":"da-DK","@id":"https:\/\/kawasakirobotics.com\/dk\/products\/cad-disclaimer\/#primaryimage","url":"https:\/\/kawasakirobotics.com\/tachyon\/sites\/2\/2022\/01\/title-background-B1830324.jpg?fit=2160%2C360","contentUrl":"https:\/\/kawasakirobotics.com\/tachyon\/sites\/2\/2022\/01\/title-background-B1830324.jpg?fit=2160%2C360","width":2160,"height":360,"caption":"CAD Data Disclaimer"},{"@type":"BreadcrumbList","@id":"https:\/\/kawasakirobotics.com\/dk\/products\/cad-disclaimer\/#breadcrumb","itemListElement":[{"@type":"ListItem","position":1,"name":"Top","item":"https:\/\/kawasakirobotics.com\/dk\/"},{"@type":"ListItem","position":2,"name":"Product Search","item":"https:\/\/kawasakirobotics.com\/dk\/products\/"},{"@type":"ListItem","position":3,"name":"Ansvarsfraskrivelse for CAD-data"}]},{"@type":"WebSite","@id":"https:\/\/kawasakirobotics.com\/dk\/#website","url":"https:\/\/kawasakirobotics.com\/dk\/","name":"Kawasaki Robotics","description":"","publisher":{"@id":"https:\/\/kawasakirobotics.com\/dk\/#organization"},"potentialAction":[{"@type":"SearchAction","target":{"@type":"EntryPoint","urlTemplate":"https:\/\/kawasakirobotics.com\/dk\/?s={search_term_string}"},"query-input":{"@type":"PropertyValueSpecification","valueRequired":true,"valueName":"search_term_string"}}],"inLanguage":"da-DK"},{"@type":"Organization","@id":"https:\/\/kawasakirobotics.com\/dk\/#organization","name":"\u5ddd\u5d0e\u91cd\u5de5\u696d\u30ed\u30dc\u30c3\u30c8\u30c7\u30a3\u30d3\u30b8\u30e7\u30f3","url":"https:\/\/kawasakirobotics.com\/dk\/","logo":{"@type":"ImageObject","inLanguage":"da-DK","@id":"https:\/\/kawasakirobotics.com\/dk\/#\/schema\/logo\/image\/","url":"","contentUrl":"","caption":"\u5ddd\u5d0e\u91cd\u5de5\u696d\u30ed\u30dc\u30c3\u30c8\u30c7\u30a3\u30d3\u30b8\u30e7\u30f3"},"image":{"@id":"https:\/\/kawasakirobotics.com\/dk\/#\/schema\/logo\/image\/"}}]}},"_links":{"self":[{"href":"https:\/\/kawasakirobotics.com\/dk\/wp-json\/wp\/v2\/pages\/56","targetHints":{"allow":["GET"]}}],"collection":[{"href":"https:\/\/kawasakirobotics.com\/dk\/wp-json\/wp\/v2\/pages"}],"about":[{"href":"https:\/\/kawasakirobotics.com\/dk\/wp-json\/wp\/v2\/types\/page"}],"author":[{"embeddable":true,"href":"https:\/\/kawasakirobotics.com\/dk\/wp-json\/wp\/v2\/users\/9"}],"replies":[{"embeddable":true,"href":"https:\/\/kawasakirobotics.com\/dk\/wp-json\/wp\/v2\/comments?post=56"}],"version-history":[{"count":3,"href":"https:\/\/kawasakirobotics.com\/dk\/wp-json\/wp\/v2\/pages\/56\/revisions"}],"predecessor-version":[{"id":5637,"href":"https:\/\/kawasakirobotics.com\/dk\/wp-json\/wp\/v2\/pages\/56\/revisions\/5637"}],"up":[{"embeddable":true,"href":"https:\/\/kawasakirobotics.com\/dk\/wp-json\/wp\/v2\/pages\/50"}],"wp:featuredmedia":[{"embeddable":true,"href":"https:\/\/kawasakirobotics.com\/dk\/wp-json\/wp\/v2\/media\/4319"}],"wp:attachment":[{"href":"https:\/\/kawasakirobotics.com\/dk\/wp-json\/wp\/v2\/media?parent=56"}],"curies":[{"name":"wp","href":"https:\/\/api.w.org\/{rel}","templated":true}]}}