{"id":1041,"date":"2022-02-01T13:12:20","date_gmt":"2022-02-01T04:12:20","guid":{"rendered":"urn:uuid:aa93f34d-7365-44b6-9c0a-d821bcc2df06"},"modified":"2024-01-30T08:41:23","modified_gmt":"2024-01-30T07:41:23","slug":"applications","status":"publish","type":"page","link":"https:\/\/kawasakirobotics.com\/es\/applications\/","title":{"rendered":"Aplicaciones"},"content":{"rendered":"\n<p>Con 50 a\u00f1os de experiencia en rob\u00f3tica, Kawasaki ha acumulado una amplia gama de tecnolog\u00edas de aplicaci\u00f3n en todos los campos e industrias. Apoyamos las necesidades de los clientes para automatizar sus l\u00edneas de producci\u00f3n y mejorar la productividad. Los ejemplos de aplicaci\u00f3n aqu\u00ed solo brindan una breve mirada a nuestra vasta experiencia.<\/p>\n\n\n\n<div aria-hidden=\"true\" class=\"wp-block-fsb-flexible-spacer fsb-flexible-spacer\"><div class=\"fsb-flexible-spacer__device fsb-flexible-spacer__device--lg\" style=\"height:60px\"><\/div><div class=\"fsb-flexible-spacer__device fsb-flexible-spacer__device--md\" style=\"height:40px\"><\/div><div class=\"fsb-flexible-spacer__device fsb-flexible-spacer__device--sm\" style=\"height:18px\"><\/div><\/div>\n\n\n\n<div class=\"wp-block-group krobot-pattern-section-heading is-layout-flow wp-block-group-is-layout-flow\">\n<h2 class=\"wp-block-heading has-text-align-center krobot-pattern-section-heading__title\">Lista de aplicaciones<\/h2>\n<\/div>\n\n\n\n<div class=\"wp-block-group alignwide is-layout-flow wp-block-group-is-layout-flow\"><div class=\"wp-block-columns krobot-pattern-3cols krobot-pattern-plaincards alignwide is-mobile-column\">\n\t\t\t<div class=\"wp-block-column krobot-pattern-3cols__item\">\n\t\t\t\t\t\t\t<figure class=\"wp-block-image krobot-pattern-plaincards__figure\">\n\t\t\t\t\t<img decoding=\"async\" loading=\"eager\" src=\"https:\/\/kawasakirobotics.com\/tachyon\/sites\/31\/2022\/02\/e88d6ba149513b98909dd42083d75a26.png\" alt=\"Montaje\">\n\t\t\t\t<\/figure>\n\t\t\t\t\t\t<h3 class=\"krobot-pattern-plaincards__title has-text-align-center\">Montaje<\/h3>\n\t\t\t\t\t\t<p class=\"krobot-pattern-plaincards__description\">\n\t\t\t\tEl proceso de combinar m\u00faltiples partes para hacer componentes o productos, el ensamblaje se realiza en varios sectores de fabricaci\u00f3n, incluidos los sectores de maquinaria, electr\u00f3nica y electricidad.<br \/>\r\nEl ensamblaje cubre varias tareas, incluido el ensamblaje de piezas peque\u00f1as de precisi\u00f3n y piezas de trabajo grandes y pesadas.\t\t\t<\/p>\n\t\t\t\t\t\t<div class=\"wp-block-buttons is-content-justification-center is-layout-flex krobot-pattern-plaincards__more\">\n\t\t\t\t<div class=\"wp-block-button is-style-outline\">\n\t\t\t\t\t<a class=\"wp-block-button__link\" href=\"https:\/\/kawasakirobotics.com\/es\/applications\/assembly\/\">\n\t\t\t\t\t\tM\u00c1S\t\t\t\t\t<\/a>\n\t\t\t\t<\/div>\n\t\t\t<\/div>\n\t\t<\/div>\n\t\t\t\t<div class=\"wp-block-column krobot-pattern-3cols__item\">\n\t\t\t\t\t\t\t<figure class=\"wp-block-image krobot-pattern-plaincards__figure\">\n\t\t\t\t\t<img decoding=\"async\" loading=\"eager\" src=\"https:\/\/kawasakirobotics.com\/tachyon\/sites\/31\/2022\/02\/9d5ed5cb12ef9edc96cb970c546a5b75.jpg\" alt=\"Manipulaci\u00f3n de materiales\">\n\t\t\t\t<\/figure>\n\t\t\t\t\t\t<h3 class=\"krobot-pattern-plaincards__title has-text-align-center\">Manipulaci\u00f3n de materiales<\/h3>\n\t\t\t\t\t\t<p class=\"krobot-pattern-plaincards__description\">\n\t\t\t\tEl proceso de mover materiales, partes y productos de un lugar a otro, el manejo de materiales se realiza en casi todas las industrias, no solo en la industria manufacturera.<br \/>\r\nPara el manejo de materiales, los robots industriales se usan m\u00e1s com\u00fanmente para varios prop\u00f3sitos, incluido el transporte a alta velocidad de piezas peque\u00f1as y el manejo de objetos pesados que los humanos no pueden transportar.\t\t\t<\/p>\n\t\t\t\t\t\t<div class=\"wp-block-buttons is-content-justification-center is-layout-flex krobot-pattern-plaincards__more\">\n\t\t\t\t<div class=\"wp-block-button is-style-outline\">\n\t\t\t\t\t<a class=\"wp-block-button__link\" href=\"https:\/\/kawasakirobotics.com\/es\/applications\/material-handling\/\">\n\t\t\t\t\t\tM\u00c1S\t\t\t\t\t<\/a>\n\t\t\t\t<\/div>\n\t\t\t<\/div>\n\t\t<\/div>\n\t\t\t\t<div class=\"wp-block-column krobot-pattern-3cols__item\">\n\t\t\t\t\t\t\t<figure class=\"wp-block-image krobot-pattern-plaincards__figure\">\n\t\t\t\t\t<img decoding=\"async\" loading=\"eager\" src=\"https:\/\/kawasakirobotics.com\/tachyon\/sites\/31\/2022\/02\/f4094f10a9f1902a3839c08b0ea79a8a.jpg\" alt=\"Cuidado de la m\u00e1quina\">\n\t\t\t\t<\/figure>\n\t\t\t\t\t\t<h3 class=\"krobot-pattern-plaincards__title has-text-align-center\">Cuidado de la m\u00e1quina<\/h3>\n\t\t\t\t\t\t<p class=\"krobot-pattern-plaincards__description\">\n\t\t\t\tUn proceso cr\u00edtico en la industria de la maquinaria, la atenci\u00f3n de m\u00e1quinas implica cargar piezas en m\u00e1quinas herramienta NC y descargarlas una vez que se completa el mecanizado. La carga y descarga de materiales de procesamiento dentro y fuera de las m\u00e1quinas de forjado y prensado tambi\u00e9n se clasifica como cuidadora de m\u00e1quinas.\t\t\t<\/p>\n\t\t\t\t\t\t<div class=\"wp-block-buttons is-content-justification-center is-layout-flex krobot-pattern-plaincards__more\">\n\t\t\t\t<div class=\"wp-block-button is-style-outline\">\n\t\t\t\t\t<a class=\"wp-block-button__link\" href=\"https:\/\/kawasakirobotics.com\/es\/applications\/machine-tending\/\">\n\t\t\t\t\t\tM\u00c1S\t\t\t\t\t<\/a>\n\t\t\t\t<\/div>\n\t\t\t<\/div>\n\t\t<\/div>\n\t\t\t\t<div class=\"wp-block-column krobot-pattern-3cols__item\">\n\t\t\t\t\t\t\t<figure class=\"wp-block-image krobot-pattern-plaincards__figure\">\n\t\t\t\t\t<img decoding=\"async\" loading=\"eager\" src=\"https:\/\/kawasakirobotics.com\/tachyon\/sites\/31\/2022\/02\/af73a8437e755d431f0dc3c8bb55c71d.jpg\" alt=\"Paletizado\">\n\t\t\t\t<\/figure>\n\t\t\t\t\t\t<h3 class=\"krobot-pattern-plaincards__title has-text-align-center\">Paletizado<\/h3>\n\t\t\t\t\t\t<p class=\"krobot-pattern-plaincards__description\">\n\t\t\t\tEl proceso de apilamiento de cajas, bolsas, botellas y otros productos en paletas, la paletizaci\u00f3n se realiza com\u00fanmente para el env\u00edo en la industria manufacturera, as\u00ed como en la industria log\u00edstica. Por otro lado, el despaletizado es el proceso opuesto, donde los productos se descargan de los palets en orden.\t\t\t<\/p>\n\t\t\t\t\t\t<div class=\"wp-block-buttons is-content-justification-center is-layout-flex krobot-pattern-plaincards__more\">\n\t\t\t\t<div class=\"wp-block-button is-style-outline\">\n\t\t\t\t\t<a class=\"wp-block-button__link\" href=\"https:\/\/kawasakirobotics.com\/es\/applications\/palletizing\/\">\n\t\t\t\t\t\tM\u00c1S\t\t\t\t\t<\/a>\n\t\t\t\t<\/div>\n\t\t\t<\/div>\n\t\t<\/div>\n\t\t\t\t<div class=\"wp-block-column krobot-pattern-3cols__item\">\n\t\t\t\t\t\t\t<figure class=\"wp-block-image krobot-pattern-plaincards__figure\">\n\t\t\t\t\t<img decoding=\"async\" loading=\"eager\" src=\"https:\/\/kawasakirobotics.com\/tachyon\/sites\/31\/2022\/02\/b1425b5bbbdc1402f32212a53373e054.png\" alt=\"Escoger y colocar\">\n\t\t\t\t<\/figure>\n\t\t\t\t\t\t<h3 class=\"krobot-pattern-plaincards__title has-text-align-center\">Escoger y colocar<\/h3>\n\t\t\t\t\t\t<p class=\"krobot-pattern-plaincards__description\">\n\t\t\t\tLa recolecci\u00f3n, tambi\u00e9n conocida como &quot;recoger y colocar&quot;, es el proceso de tomar piezas de trabajo de una cinta transportadora y clasificarlas a alta velocidad.<br \/>\r\nPara este prop\u00f3sito, se utilizan robots de forma \u00fanica llamados tipo de enlace paralelo (o tipo delta).\t\t\t<\/p>\n\t\t\t\t\t\t<div class=\"wp-block-buttons is-content-justification-center is-layout-flex krobot-pattern-plaincards__more\">\n\t\t\t\t<div class=\"wp-block-button is-style-outline\">\n\t\t\t\t\t<a class=\"wp-block-button__link\" href=\"https:\/\/kawasakirobotics.com\/es\/applications\/pick-and-place\/\">\n\t\t\t\t\t\tM\u00c1S\t\t\t\t\t<\/a>\n\t\t\t\t<\/div>\n\t\t\t<\/div>\n\t\t<\/div>\n\t\t\t\t<div class=\"wp-block-column krobot-pattern-3cols__item\">\n\t\t\t\t\t\t\t<figure class=\"wp-block-image krobot-pattern-plaincards__figure\">\n\t\t\t\t\t<img decoding=\"async\" loading=\"eager\" src=\"https:\/\/kawasakirobotics.com\/tachyon\/sites\/5\/2022\/02\/applications_painting.jpg.png?w=900\" alt=\"Pintura\" data-recalc-dims=\"1\">\n\t\t\t\t<\/figure>\n\t\t\t\t\t\t<h3 class=\"krobot-pattern-plaincards__title has-text-align-center\">Pintura<\/h3>\n\t\t\t\t\t\t<p class=\"krobot-pattern-plaincards__description\">\n\t\t\t\tLa pintura es el proceso de aplicar pintura sobre las superficies del producto, formando una pel\u00edcula de recubrimiento o acabado.<br \/>\r\nDebido a que la mayor\u00eda de los materiales de pintura son altamente vol\u00e1tiles, para este proceso se utilizan robots y equipos de pintura a prueba de explosiones.\t\t\t<\/p>\n\t\t\t\t\t\t<div class=\"wp-block-buttons is-content-justification-center is-layout-flex krobot-pattern-plaincards__more\">\n\t\t\t\t<div class=\"wp-block-button is-style-outline\">\n\t\t\t\t\t<a class=\"wp-block-button__link\" href=\"https:\/\/kawasakirobotics.com\/es\/applications\/painting\/\">\n\t\t\t\t\t\tM\u00c1S\t\t\t\t\t<\/a>\n\t\t\t\t<\/div>\n\t\t\t<\/div>\n\t\t<\/div>\n\t\t\t\t<div class=\"wp-block-column krobot-pattern-3cols__item\">\n\t\t\t\t\t\t\t<figure class=\"wp-block-image krobot-pattern-plaincards__figure\">\n\t\t\t\t\t<img decoding=\"async\" loading=\"eager\" src=\"https:\/\/kawasakirobotics.com\/tachyon\/sites\/31\/2022\/02\/ca7b9316cb29b04b59093f5103206a17.jpg\" alt=\"Sellado \/ Dispensaci\u00f3n\">\n\t\t\t\t<\/figure>\n\t\t\t\t\t\t<h3 class=\"krobot-pattern-plaincards__title has-text-align-center\">Sellado \/ Dispensaci\u00f3n<\/h3>\n\t\t\t\t\t\t<p class=\"krobot-pattern-plaincards__description\">\n\t\t\t\tEl sellado es el proceso de aplicar sellador o adhesivo para mejorar la hermeticidad y llenar el espacio entre los materiales.<br \/>\r\nEl sellado se realiza para muchos productos, como veh\u00edculos de pasajeros y electrodom\u00e9sticos.\t\t\t<\/p>\n\t\t\t\t\t\t<div class=\"wp-block-buttons is-content-justification-center is-layout-flex krobot-pattern-plaincards__more\">\n\t\t\t\t<div class=\"wp-block-button is-style-outline\">\n\t\t\t\t\t<a class=\"wp-block-button__link\" href=\"https:\/\/kawasakirobotics.com\/es\/applications\/sealing-and-dispensing\/\">\n\t\t\t\t\t\tM\u00c1S\t\t\t\t\t<\/a>\n\t\t\t\t<\/div>\n\t\t\t<\/div>\n\t\t<\/div>\n\t\t\t\t<div class=\"wp-block-column krobot-pattern-3cols__item\">\n\t\t\t\t\t\t\t<figure class=\"wp-block-image krobot-pattern-plaincards__figure\">\n\t\t\t\t\t<img decoding=\"async\" loading=\"eager\" src=\"https:\/\/kawasakirobotics.com\/tachyon\/sites\/31\/2022\/02\/199dfa02e61b0755e16fb555c4a977a2.jpg\" alt=\"Eliminaci\u00f3n de material\">\n\t\t\t\t<\/figure>\n\t\t\t\t\t\t<h3 class=\"krobot-pattern-plaincards__title has-text-align-center\">Eliminaci\u00f3n de material<\/h3>\n\t\t\t\t\t\t<p class=\"krobot-pattern-plaincards__description\">\n\t\t\t\tEl esmerilado y desbarbado es el proceso de eliminar las rebabas que sobresalen de las superficies de los productos de fundici\u00f3n y forjados, as\u00ed como de las superficies posteriores a la soldadura.<br \/>\r\nEste proceso, que implica eliminar las rebabas con un molinillo, puede ser sucio, peligroso y exigente en el que los robots pueden desempe\u00f1ar un papel importante.\t\t\t<\/p>\n\t\t\t\t\t\t<div class=\"wp-block-buttons is-content-justification-center is-layout-flex krobot-pattern-plaincards__more\">\n\t\t\t\t<div class=\"wp-block-button is-style-outline\">\n\t\t\t\t\t<a class=\"wp-block-button__link\" href=\"https:\/\/kawasakirobotics.com\/es\/applications\/material-removal\/\">\n\t\t\t\t\t\tM\u00c1S\t\t\t\t\t<\/a>\n\t\t\t\t<\/div>\n\t\t\t<\/div>\n\t\t<\/div>\n\t\t\t\t<div class=\"wp-block-column krobot-pattern-3cols__item\">\n\t\t\t\t\t\t\t<figure class=\"wp-block-image krobot-pattern-plaincards__figure\">\n\t\t\t\t\t<img decoding=\"async\" loading=\"eager\" src=\"https:\/\/kawasakirobotics.com\/tachyon\/sites\/31\/2022\/02\/31ae885180fdb40279c6ee6d7b116ce5.jpg\" alt=\"Soldadura por arco\">\n\t\t\t\t<\/figure>\n\t\t\t\t\t\t<h3 class=\"krobot-pattern-plaincards__title has-text-align-center\">Soldadura por arco<\/h3>\n\t\t\t\t\t\t<p class=\"krobot-pattern-plaincards__description\">\n\t\t\t\tEl m\u00e9todo de soldadura que utiliza descarga de arco para unir materiales met\u00e1licos, la soldadura por arco se realiza ampliamente en las industrias de maquinaria, metal y automotriz. Se utilizan robots y soldadores de arco para unir los materiales mientras los derriten.\t\t\t<\/p>\n\t\t\t\t\t\t<div class=\"wp-block-buttons is-content-justification-center is-layout-flex krobot-pattern-plaincards__more\">\n\t\t\t\t<div class=\"wp-block-button is-style-outline\">\n\t\t\t\t\t<a class=\"wp-block-button__link\" href=\"https:\/\/kawasakirobotics.com\/es\/applications\/arc-welding\/\">\n\t\t\t\t\t\tM\u00c1S\t\t\t\t\t<\/a>\n\t\t\t\t<\/div>\n\t\t\t<\/div>\n\t\t<\/div>\n\t\t\t\t<div class=\"wp-block-column krobot-pattern-3cols__item\">\n\t\t\t\t\t\t\t<figure class=\"wp-block-image krobot-pattern-plaincards__figure\">\n\t\t\t\t\t<img decoding=\"async\" loading=\"eager\" src=\"https:\/\/kawasakirobotics.com\/tachyon\/sites\/5\/2022\/02\/applications_friction-spot-joining.jpg.png?w=900\" alt=\"Soldadura de punto\" data-recalc-dims=\"1\">\n\t\t\t\t<\/figure>\n\t\t\t\t\t\t<h3 class=\"krobot-pattern-plaincards__title has-text-align-center\">Soldadura de punto<\/h3>\n\t\t\t\t\t\t<p class=\"krobot-pattern-plaincards__description\">\n\t\t\t\tLa soldadura por puntos, tambi\u00e9n conocida como soldadura por resistencia el\u00e9ctrica, es el proceso de soldar dos materiales base mediante la aplicaci\u00f3n de corriente el\u00e9ctrica con una varilla de electrodo y su fusi\u00f3n con el calor de la resistencia. La soldadura por puntos se usa con tanta frecuencia para soldar placas de acero de carrocer\u00edas de autom\u00f3viles que se utiliza una gran cantidad de robots en la industria automotriz.\t\t\t<\/p>\n\t\t\t\t\t\t<div class=\"wp-block-buttons is-content-justification-center is-layout-flex krobot-pattern-plaincards__more\">\n\t\t\t\t<div class=\"wp-block-button is-style-outline\">\n\t\t\t\t\t<a class=\"wp-block-button__link\" href=\"https:\/\/kawasakirobotics.com\/es\/applications\/friction-spot-joining\/\">\n\t\t\t\t\t\tM\u00c1S\t\t\t\t\t<\/a>\n\t\t\t\t<\/div>\n\t\t\t<\/div>\n\t\t<\/div>\n\t\t\t\t<div class=\"wp-block-column krobot-pattern-3cols__item\">\n\t\t\t\t\t\t\t<figure class=\"wp-block-image krobot-pattern-plaincards__figure\">\n\t\t\t\t\t<img decoding=\"async\" loading=\"eager\" src=\"https:\/\/kawasakirobotics.com\/tachyon\/sites\/5\/2022\/02\/applications_silicon-wafer-handling.jpg.png?w=900\" alt=\"Manipulaci\u00f3n de obleas de silicio\" data-recalc-dims=\"1\">\n\t\t\t\t<\/figure>\n\t\t\t\t\t\t<h3 class=\"krobot-pattern-plaincards__title has-text-align-center\">Manipulaci\u00f3n de obleas de silicio<\/h3>\n\t\t\t\t\t\t<p class=\"krobot-pattern-plaincards__description\">\n\t\t\t\tLa transferencia de obleas es el manejo de obleas en el proceso inicial de los equipos de fabricaci\u00f3n de semiconductores.<br \/>\r\nEste proceso utiliza robots limpios y requiere un movimiento suave, de alta precisi\u00f3n y alta velocidad.\t\t\t<\/p>\n\t\t\t\t\t\t<div class=\"wp-block-buttons is-content-justification-center is-layout-flex krobot-pattern-plaincards__more\">\n\t\t\t\t<div class=\"wp-block-button is-style-outline\">\n\t\t\t\t\t<a class=\"wp-block-button__link\" href=\"https:\/\/kawasakirobotics.com\/es\/applications\/silicon-wafer-handling\/\">\n\t\t\t\t\t\tM\u00c1S\t\t\t\t\t<\/a>\n\t\t\t\t<\/div>\n\t\t\t<\/div>\n\t\t<\/div>\n\t\t<\/div>\n<\/div>\n","protected":false},"excerpt":{"rendered":"<p>Con 50 a\u00f1os de experiencia en rob\u00f3tica, Kawasaki ha acumulado una amplia gama de tecnolog\u00edas de aplicaci\u00f3n en todos los campos e industrias. Apoyamos las necesidades de los clientes para automatizar sus l\u00edneas de producci\u00f3n y mejorar la productividad. Los ejemplos de aplicaci\u00f3n aqu\u00ed solo brindan una breve mirada a nuestra vasta experiencia. Lista de aplicaciones<\/p>\n","protected":false},"author":14,"featured_media":3280,"parent":0,"menu_order":12,"comment_status":"closed","ping_status":"closed","template":"page-templates\/custom-title-with-background.php","meta":{"ep_exclude_from_search":false,"footnotes":""},"class_list":["post-1041","page","type-page","status-publish","has-post-thumbnail","hentry"],"yoast_head":"<!-- This site is optimized with the Yoast SEO plugin v25.9 - https:\/\/yoast.com\/wordpress\/plugins\/seo\/ -->\n<title>Aplicaciones | Industrial Robots by Kawasaki Robotics<\/title>\n<meta name=\"description\" content=\"Explore Kawasaki&#039;s versatile robots for diverse global applications, from palletizing to aerospace, improving productivity and safety.\" \/>\n<meta name=\"robots\" content=\"index, follow, max-snippet:-1, max-image-preview:large, max-video-preview:-1\" \/>\n<link rel=\"canonical\" href=\"https:\/\/kawasakirobotics.com\/es\/applications\/\" \/>\n<meta property=\"og:locale\" content=\"es_ES\" \/>\n<meta property=\"og:type\" content=\"article\" \/>\n<meta property=\"og:title\" content=\"Aplicaciones | Industrial Robots by Kawasaki Robotics\" \/>\n<meta property=\"og:description\" content=\"Explore Kawasaki&#039;s versatile robots for diverse global applications, from palletizing to aerospace, improving productivity and safety.\" \/>\n<meta property=\"og:url\" content=\"https:\/\/kawasakirobotics.com\/es\/applications\/\" \/>\n<meta property=\"og:site_name\" content=\"Kawasaki Robotics\" \/>\n<meta property=\"article:modified_time\" content=\"2024-01-30T07:41:23+00:00\" \/>\n<meta property=\"og:image\" content=\"https:\/\/kawasakirobotics.com\/content\/themes\/krobot-theme\/src\/images\/default\/ogp.jpg\" \/>\n\t<meta property=\"og:image:width\" content=\"1200\" \/>\n\t<meta property=\"og:image:height\" content=\"630\" \/>\n\t<meta property=\"og:image:type\" content=\"image\/jpeg\" \/>\n<meta name=\"twitter:card\" content=\"summary_large_image\" \/>\n<script type=\"application\/ld+json\" class=\"yoast-schema-graph\">{\"@context\":\"https:\/\/schema.org\",\"@graph\":[{\"@type\":\"WebPage\",\"@id\":\"https:\/\/kawasakirobotics.com\/es\/applications\/\",\"url\":\"https:\/\/kawasakirobotics.com\/es\/applications\/\",\"name\":\"Aplicaciones | Industrial Robots by Kawasaki Robotics\",\"isPartOf\":{\"@id\":\"https:\/\/kawasakirobotics.com\/es\/#website\"},\"primaryImageOfPage\":{\"@id\":\"https:\/\/kawasakirobotics.com\/es\/applications\/#primaryimage\"},\"image\":{\"@id\":\"https:\/\/kawasakirobotics.com\/es\/applications\/#primaryimage\"},\"thumbnailUrl\":\"https:\/\/kawasakirobotics.com\/tachyon\/sites\/31\/2022\/02\/title-background-B1830324.webp\",\"datePublished\":\"2022-02-01T04:12:20+00:00\",\"dateModified\":\"2024-01-30T07:41:23+00:00\",\"description\":\"Explore Kawasaki's versatile robots for diverse global applications, from palletizing to aerospace, improving productivity and safety.\",\"breadcrumb\":{\"@id\":\"https:\/\/kawasakirobotics.com\/es\/applications\/#breadcrumb\"},\"inLanguage\":\"es\",\"potentialAction\":[{\"@type\":\"ReadAction\",\"target\":[\"https:\/\/kawasakirobotics.com\/es\/applications\/\"]}]},{\"@type\":\"ImageObject\",\"inLanguage\":\"es\",\"@id\":\"https:\/\/kawasakirobotics.com\/es\/applications\/#primaryimage\",\"url\":\"https:\/\/kawasakirobotics.com\/tachyon\/sites\/31\/2022\/02\/title-background-B1830324.webp\",\"contentUrl\":\"https:\/\/kawasakirobotics.com\/tachyon\/sites\/31\/2022\/02\/title-background-B1830324.webp\",\"width\":2160,\"height\":360,\"caption\":\"Applications\"},{\"@type\":\"BreadcrumbList\",\"@id\":\"https:\/\/kawasakirobotics.com\/es\/applications\/#breadcrumb\",\"itemListElement\":[{\"@type\":\"ListItem\",\"position\":1,\"name\":\"Home\",\"item\":\"https:\/\/kawasakirobotics.com\/es\/\"},{\"@type\":\"ListItem\",\"position\":2,\"name\":\"Aplicaciones\"}]},{\"@type\":\"WebSite\",\"@id\":\"https:\/\/kawasakirobotics.com\/es\/#website\",\"url\":\"https:\/\/kawasakirobotics.com\/es\/\",\"name\":\"Kawasaki Robotics\",\"description\":\"\",\"publisher\":{\"@id\":\"https:\/\/kawasakirobotics.com\/es\/#organization\"},\"potentialAction\":[{\"@type\":\"SearchAction\",\"target\":{\"@type\":\"EntryPoint\",\"urlTemplate\":\"https:\/\/kawasakirobotics.com\/es\/?s={search_term_string}\"},\"query-input\":{\"@type\":\"PropertyValueSpecification\",\"valueRequired\":true,\"valueName\":\"search_term_string\"}}],\"inLanguage\":\"es\"},{\"@type\":\"Organization\",\"@id\":\"https:\/\/kawasakirobotics.com\/es\/#organization\",\"name\":\"\u5ddd\u5d0e\u91cd\u5de5\u696d\u30ed\u30dc\u30c3\u30c8\u30c7\u30a3\u30d3\u30b8\u30e7\u30f3\",\"url\":\"https:\/\/kawasakirobotics.com\/es\/\",\"logo\":{\"@type\":\"ImageObject\",\"inLanguage\":\"es\",\"@id\":\"https:\/\/kawasakirobotics.com\/es\/#\/schema\/logo\/image\/\",\"url\":\"\",\"contentUrl\":\"\",\"caption\":\"\u5ddd\u5d0e\u91cd\u5de5\u696d\u30ed\u30dc\u30c3\u30c8\u30c7\u30a3\u30d3\u30b8\u30e7\u30f3\"},\"image\":{\"@id\":\"https:\/\/kawasakirobotics.com\/es\/#\/schema\/logo\/image\/\"}}]}<\/script>\n<!-- \/ Yoast SEO plugin. -->","yoast_head_json":{"title":"Aplicaciones | Industrial Robots by Kawasaki Robotics","description":"Explore Kawasaki's versatile robots for diverse global applications, from palletizing to aerospace, improving productivity and safety.","robots":{"index":"index","follow":"follow","max-snippet":"max-snippet:-1","max-image-preview":"max-image-preview:large","max-video-preview":"max-video-preview:-1"},"canonical":"https:\/\/kawasakirobotics.com\/es\/applications\/","og_locale":"es_ES","og_type":"article","og_title":"Aplicaciones | Industrial Robots by Kawasaki Robotics","og_description":"Explore Kawasaki's versatile robots for diverse global applications, from palletizing to aerospace, improving productivity and safety.","og_url":"https:\/\/kawasakirobotics.com\/es\/applications\/","og_site_name":"Kawasaki Robotics","article_modified_time":"2024-01-30T07:41:23+00:00","og_image":[{"url":"https:\/\/kawasakirobotics.com\/content\/themes\/krobot-theme\/src\/images\/default\/ogp.jpg","width":"1200","height":"630","type":"image\/jpeg"}],"twitter_card":"summary_large_image","schema":{"@context":"https:\/\/schema.org","@graph":[{"@type":"WebPage","@id":"https:\/\/kawasakirobotics.com\/es\/applications\/","url":"https:\/\/kawasakirobotics.com\/es\/applications\/","name":"Aplicaciones | Industrial Robots by Kawasaki Robotics","isPartOf":{"@id":"https:\/\/kawasakirobotics.com\/es\/#website"},"primaryImageOfPage":{"@id":"https:\/\/kawasakirobotics.com\/es\/applications\/#primaryimage"},"image":{"@id":"https:\/\/kawasakirobotics.com\/es\/applications\/#primaryimage"},"thumbnailUrl":"https:\/\/kawasakirobotics.com\/tachyon\/sites\/31\/2022\/02\/title-background-B1830324.webp","datePublished":"2022-02-01T04:12:20+00:00","dateModified":"2024-01-30T07:41:23+00:00","description":"Explore Kawasaki's versatile robots for diverse global applications, from palletizing to aerospace, improving productivity and safety.","breadcrumb":{"@id":"https:\/\/kawasakirobotics.com\/es\/applications\/#breadcrumb"},"inLanguage":"es","potentialAction":[{"@type":"ReadAction","target":["https:\/\/kawasakirobotics.com\/es\/applications\/"]}]},{"@type":"ImageObject","inLanguage":"es","@id":"https:\/\/kawasakirobotics.com\/es\/applications\/#primaryimage","url":"https:\/\/kawasakirobotics.com\/tachyon\/sites\/31\/2022\/02\/title-background-B1830324.webp","contentUrl":"https:\/\/kawasakirobotics.com\/tachyon\/sites\/31\/2022\/02\/title-background-B1830324.webp","width":2160,"height":360,"caption":"Applications"},{"@type":"BreadcrumbList","@id":"https:\/\/kawasakirobotics.com\/es\/applications\/#breadcrumb","itemListElement":[{"@type":"ListItem","position":1,"name":"Home","item":"https:\/\/kawasakirobotics.com\/es\/"},{"@type":"ListItem","position":2,"name":"Aplicaciones"}]},{"@type":"WebSite","@id":"https:\/\/kawasakirobotics.com\/es\/#website","url":"https:\/\/kawasakirobotics.com\/es\/","name":"Kawasaki Robotics","description":"","publisher":{"@id":"https:\/\/kawasakirobotics.com\/es\/#organization"},"potentialAction":[{"@type":"SearchAction","target":{"@type":"EntryPoint","urlTemplate":"https:\/\/kawasakirobotics.com\/es\/?s={search_term_string}"},"query-input":{"@type":"PropertyValueSpecification","valueRequired":true,"valueName":"search_term_string"}}],"inLanguage":"es"},{"@type":"Organization","@id":"https:\/\/kawasakirobotics.com\/es\/#organization","name":"\u5ddd\u5d0e\u91cd\u5de5\u696d\u30ed\u30dc\u30c3\u30c8\u30c7\u30a3\u30d3\u30b8\u30e7\u30f3","url":"https:\/\/kawasakirobotics.com\/es\/","logo":{"@type":"ImageObject","inLanguage":"es","@id":"https:\/\/kawasakirobotics.com\/es\/#\/schema\/logo\/image\/","url":"","contentUrl":"","caption":"\u5ddd\u5d0e\u91cd\u5de5\u696d\u30ed\u30dc\u30c3\u30c8\u30c7\u30a3\u30d3\u30b8\u30e7\u30f3"},"image":{"@id":"https:\/\/kawasakirobotics.com\/es\/#\/schema\/logo\/image\/"}}]}},"_links":{"self":[{"href":"https:\/\/kawasakirobotics.com\/es\/wp-json\/wp\/v2\/pages\/1041","targetHints":{"allow":["GET"]}}],"collection":[{"href":"https:\/\/kawasakirobotics.com\/es\/wp-json\/wp\/v2\/pages"}],"about":[{"href":"https:\/\/kawasakirobotics.com\/es\/wp-json\/wp\/v2\/types\/page"}],"author":[{"embeddable":true,"href":"https:\/\/kawasakirobotics.com\/es\/wp-json\/wp\/v2\/users\/14"}],"replies":[{"embeddable":true,"href":"https:\/\/kawasakirobotics.com\/es\/wp-json\/wp\/v2\/comments?post=1041"}],"version-history":[{"count":2,"href":"https:\/\/kawasakirobotics.com\/es\/wp-json\/wp\/v2\/pages\/1041\/revisions"}],"predecessor-version":[{"id":5602,"href":"https:\/\/kawasakirobotics.com\/es\/wp-json\/wp\/v2\/pages\/1041\/revisions\/5602"}],"wp:featuredmedia":[{"embeddable":true,"href":"https:\/\/kawasakirobotics.com\/es\/wp-json\/wp\/v2\/media\/3280"}],"wp:attachment":[{"href":"https:\/\/kawasakirobotics.com\/es\/wp-json\/wp\/v2\/media?parent=1041"}],"curies":[{"name":"wp","href":"https:\/\/api.w.org\/{rel}","templated":true}]}}