{"id":24,"date":"2022-01-19T17:35:47","date_gmt":"2022-01-19T08:35:47","guid":{"rendered":"urn:uuid:3ce984ae-9a35-42a3-a76c-04107b6b322a"},"modified":"2024-01-31T09:17:42","modified_gmt":"2024-01-31T08:17:42","slug":"featured-video","status":"publish","type":"page","link":"https:\/\/kawasakirobotics.com\/es\/featured-video\/","title":{"rendered":"v\u00eddeo destacado"},"content":{"rendered":"\n<div class=\"wp-block-columns is-layout-flex wp-container-core-columns-is-layout-28f84493 wp-block-columns-is-layout-flex\">\n<div class=\"wp-block-column is-layout-flow wp-block-column-is-layout-flow\" style=\"flex-basis:33.33%\"><figure class=\"wp-block-image krobot-video-list__figure\">\n\t<a class=\"js-modal-btn\" data-video-id=\"j3S-laEgPfc\">\n\t\t<div class=\"krobot-video-list__thumbnail\">\n\t\t\t<img decoding=\"async\" src=\"https:\/\/img.youtube.com\/vi\/j3S-laEgPfc\/hqdefault.jpg\" alt=\"\" \/>\n\t\t<\/div>\n\t<\/a>\n<\/figure>\n<\/div>\n\n\n\n<div class=\"wp-block-column is-layout-flow wp-block-column-is-layout-flow\" style=\"flex-basis:66.66%\">\n<p><strong>50 a\u00f1os de historia del negocio de rob\u00f3tica de Kawasaki Heavy Industries<\/strong><\/p>\n\n\n\n<p>Kawasaki Robotics ha cumplido 50 a\u00f1os desde su creaci\u00f3n. Junto con sus clientes, Kawasaki ha estado desarrollando tecnolog\u00edas y adquiriendo experiencias a lo largo del camino. Partiendo de este conocimiento, Kawasaki devolver\u00e1 a la sociedad y aspirar\u00e1 a convertirse en un fabricante de robots totalmente integrado que dise\u00f1ar\u00e1 un futuro nuevo y brillante que promete un mundo donde los humanos y los robots puedan coexistir uno al lado del otro.<\/p>\n<\/div>\n<\/div>\n\n\n\n<hr class=\"wp-block-separator has-css-opacity is-style-wide\" \/>\n\n\n\n<div class=\"wp-block-columns wp-embed-aspect-16-9 wp-has-aspect-ratio is-layout-flex wp-container-core-columns-is-layout-28f84493 wp-block-columns-is-layout-flex\">\n<div class=\"wp-block-column is-layout-flow wp-block-column-is-layout-flow\" style=\"flex-basis:33.33%\"><figure class=\"wp-block-image krobot-video-list__figure\">\n\t<a class=\"js-modal-btn\" data-video-id=\"U-_kVDkyg4Y\">\n\t\t<div class=\"krobot-video-list__thumbnail\">\n\t\t\t<img decoding=\"async\" src=\"https:\/\/img.youtube.com\/vi\/U-_kVDkyg4Y\/hqdefault.jpg\" alt=\"\" \/>\n\t\t<\/div>\n\t<\/a>\n<\/figure>\n<\/div>\n\n\n\n<div class=\"wp-block-column is-layout-flow wp-block-column-is-layout-flow\" style=\"flex-basis:66.66%\">\n<p><strong>Robot de carga \u00fatil de una tonelada Kawasaki instalado en la planta de energ\u00eda de Siemens<\/strong><\/p>\n\n\n\n<p>El robot Kawasaki MG10HL, instalado en la central el\u00e9ctrica de Siemens Lausward en Dusseldorf, tiene una capacidad de carga \u00fatil de hasta 1.000 kg y un alcance de 4 metros. El potente robot Kawasaki de carga \u00fatil extra grande se instal\u00f3 para realizar la peligrosa tarea de mantenimiento de rutina de reemplazar quemadores y transiciones en enormes turbinas de gas. (Video proporcionado por Siemens)<\/p>\n<\/div>\n<\/div>\n\n\n\n<hr class=\"wp-block-separator has-css-opacity wp-embed-aspect-16-9 wp-has-aspect-ratio is-style-wide\" \/>\n\n\n\n<div class=\"wp-block-columns wp-embed-aspect-16-9 wp-has-aspect-ratio is-layout-flex wp-container-core-columns-is-layout-28f84493 wp-block-columns-is-layout-flex\">\n<div class=\"wp-block-column is-layout-flow wp-block-column-is-layout-flow\" style=\"flex-basis:33.33%\"><figure class=\"wp-block-image krobot-video-list__figure\">\n\t<a class=\"js-modal-btn\" data-video-id=\"WKw8McOFvTw\">\n\t\t<div class=\"krobot-video-list__thumbnail\">\n\t\t\t<img decoding=\"async\" src=\"https:\/\/img.youtube.com\/vi\/WKw8McOFvTw\/hqdefault.jpg\" alt=\"\" \/>\n\t\t<\/div>\n\t<\/a>\n<\/figure>\n<\/div>\n\n\n\n<div class=\"wp-block-column is-layout-flow wp-block-column-is-layout-flow\" style=\"flex-basis:66.66%\">\n<p><strong>Los robots de Kawasaki realizan un espect\u00e1culo de l\u00e1ser en la catedral de Colonia, Alemania<\/strong><\/p>\n\n\n\n<p>\u00a1Los robots act\u00faan en una iglesia por primera vez! En un esfuerzo por atraer a los j\u00f3venes para que visiten la hist\u00f3rica catedral de Colonia y reflexionen sobre su mensaje durante el programa de videojuegos m\u00e1s grande del mundo, GAMESCON, celebrado en Colonia, Alemania, en agosto de 2016, la iglesia se acerc\u00f3 a Ruhr-University Bochum para crear un grupo de trabajo para ayudar. El resultado fue la creaci\u00f3n de un evento \u00fanico, el espect\u00e1culo de luz y m\u00fasica SilentMOD con tres robots Kawasaki RS005L. Kawasaki Robotics GmbH tuvo el honor de tener la oportunidad de apoyar un esfuerzo tan hermoso y creativo.<\/p>\n<\/div>\n<\/div>\n\n\n\n<hr class=\"wp-block-separator has-css-opacity wp-embed-aspect-16-9 wp-has-aspect-ratio is-style-wide\" \/>\n\n\n\n<div class=\"wp-block-columns wp-embed-aspect-16-9 wp-has-aspect-ratio is-layout-flex wp-container-core-columns-is-layout-28f84493 wp-block-columns-is-layout-flex\">\n<div class=\"wp-block-column is-layout-flow wp-block-column-is-layout-flow\" style=\"flex-basis:33.33%\"><figure class=\"wp-block-image krobot-video-list__figure\">\n\t<a class=\"js-modal-btn\" data-video-id=\"wXhcEV4lHl8\">\n\t\t<div class=\"krobot-video-list__thumbnail\">\n\t\t\t<img decoding=\"async\" src=\"https:\/\/img.youtube.com\/vi\/wXhcEV4lHl8\/hqdefault.jpg\" alt=\"\" \/>\n\t\t<\/div>\n\t<\/a>\n<\/figure>\n<\/div>\n\n\n\n<div class=\"wp-block-column is-layout-flow wp-block-column-is-layout-flow\" style=\"flex-basis:66.66%\">\n<p><strong>Kawasaki Robotics con NUMBERS No:Z<\/strong><\/p>\n\n\n\n<p>\u00bfQu\u00e9 sucede cuando la imaginaci\u00f3n humana se encuentra con la tecnolog\u00eda Kawasaki? Una coreograf\u00eda perfectamente dise\u00f1ada que captura la esencia del movimiento armonizado entre humanos y robots, interpretada por el d\u00fao de baile de animaci\u00f3n de renombre mundial NUMBERS No:Z y los robots Kawasaki.<\/p>\n\n\n\n<p><a href=\"https:\/\/global.kawasaki.com\/en\/stories\/robotics_challengeK\/?youtube&amp;_ga=2.148872375.105631617.1644803412-1173242345.1634688932\" target=\"_blank\" rel=\"noreferrer noopener\">Para m\u00e1s informaci\u00f3n sobre el v\u00eddeo<\/a><\/p>\n<\/div>\n<\/div>\n\n\n\n<hr class=\"wp-block-separator has-css-opacity wp-embed-aspect-16-9 wp-has-aspect-ratio is-style-wide\" \/>\n\n\n\n<div class=\"wp-block-columns wp-embed-aspect-16-9 wp-has-aspect-ratio is-layout-flex wp-container-core-columns-is-layout-28f84493 wp-block-columns-is-layout-flex\">\n<div class=\"wp-block-column is-layout-flow wp-block-column-is-layout-flow\" style=\"flex-basis:33.33%\"><figure class=\"wp-block-image krobot-video-list__figure\">\n\t<a class=\"js-modal-btn\" data-video-id=\"3s715RRwQsM\">\n\t\t<div class=\"krobot-video-list__thumbnail\">\n\t\t\t<img decoding=\"async\" src=\"https:\/\/img.youtube.com\/vi\/3s715RRwQsM\/hqdefault.jpg\" alt=\"\" \/>\n\t\t<\/div>\n\t<\/a>\n<\/figure>\n<\/div>\n\n\n\n<div class=\"wp-block-column is-layout-flow wp-block-column-is-layout-flow\" style=\"flex-basis:66.66%\">\n<p><strong>Kawasaki: Kawasaki Robotics, Akashi \/ Nishi-Kobe Works<\/strong><\/p>\n\n\n\n<p>Con m\u00e1s de 139.000 robots instalados en todo el mundo, Kawasaki Robotics es un proveedor l\u00edder de robots industriales y sistemas de automatizaci\u00f3n rob\u00f3tica con una amplia cartera de productos, capaz de dar servicio a una amplia gama de aplicaciones en diversas industrias. Hemos incorporado m\u00e1s de 45 a\u00f1os de experiencia como l\u00edder de la industria de robots en el desarrollo de los controladores m\u00e1s avanzados t\u00e9cnicamente y robots de la m\u00e1s alta calidad. Apoyamos las necesidades de nuestros clientes desde la compra inicial, implementaci\u00f3n y capacitaci\u00f3n hasta asistencia t\u00e9cnica y mantenimiento. Con nuestras soluciones de automatizaci\u00f3n fiables y rentables, nos esforzamos por maximizar la productividad, la seguridad, la flexibilidad y la calidad del producto de nuestros clientes.<br>Kawasaki Robotics es su socio de automatizaci\u00f3n flexible.<\/p>\n<\/div>\n<\/div>\n\n\n\n<hr class=\"wp-block-separator has-css-opacity wp-embed-aspect-16-9 wp-has-aspect-ratio is-style-wide\" \/>\n\n\n\n<div class=\"wp-block-columns wp-embed-aspect-16-9 wp-has-aspect-ratio is-layout-flex wp-container-core-columns-is-layout-28f84493 wp-block-columns-is-layout-flex\">\n<div class=\"wp-block-column is-layout-flow wp-block-column-is-layout-flow\" style=\"flex-basis:33.33%\"><figure class=\"wp-block-image krobot-video-list__figure\">\n\t<a class=\"js-modal-btn\" data-video-id=\"c_kTwiUsyp4\">\n\t\t<div class=\"krobot-video-list__thumbnail\">\n\t\t\t<img decoding=\"async\" src=\"https:\/\/img.youtube.com\/vi\/c_kTwiUsyp4\/hqdefault.jpg\" alt=\"\" \/>\n\t\t<\/div>\n\t<\/a>\n<\/figure>\n<\/div>\n\n\n\n<div class=\"wp-block-column is-layout-flow wp-block-column-is-layout-flow\" style=\"flex-basis:66.66%\">\n<p><strong>Soldadura de estructuras Ninja H2R<\/strong><\/p>\n\n\n\n<p>Tenemos m\u00e1s de 45 a\u00f1os de experiencia en el desarrollo de robots que mejoran la productividad y la calidad de fabricaci\u00f3n tanto para nuestros clientes como para nosotros mismos: vea c\u00f3mo los robots Kawasaki sueldan el bastidor de la nueva motocicleta Kawasaki Ninja H2R.<\/p>\n<\/div>\n<\/div>\n\n\n\n<hr class=\"wp-block-separator has-css-opacity wp-embed-aspect-16-9 wp-has-aspect-ratio is-style-wide\" \/>\n\n\n\n<div class=\"wp-block-columns wp-embed-aspect-16-9 wp-has-aspect-ratio is-layout-flex wp-container-core-columns-is-layout-28f84493 wp-block-columns-is-layout-flex\">\n<div class=\"wp-block-column is-layout-flow wp-block-column-is-layout-flow\" style=\"flex-basis:33.33%\">\n<figure class=\"wp-block-embed is-type-video is-provider-youtube wp-block-embed-youtube wp-embed-aspect-16-9 wp-has-aspect-ratio\"><div class=\"wp-block-embed__wrapper\">\n<iframe loading=\"lazy\" title=\"iREX2017 Overview - Kawasaki Robotics\" width=\"900\" height=\"506\" src=\"https:\/\/www.youtube.com\/embed\/mOvKevdj3U0?feature=oembed\" frameborder=\"0\" allow=\"accelerometer; autoplay; clipboard-write; encrypted-media; gyroscope; picture-in-picture; web-share\" allowfullscreen><\/iframe>\n<\/div><\/figure>\n<\/div>\n\n\n\n<div class=\"wp-block-column is-layout-flow wp-block-column-is-layout-flow\" style=\"flex-basis:66.66%\">\n<p><strong>Exhibici\u00f3n de Kawasaki en iREX2017<\/strong><\/p>\n\n\n\n<p>Kawasaki tuvo su exhibici\u00f3n m\u00e1s grande hasta el momento en la Exposici\u00f3n Internacional de Robots 2017 (iREX2017) celebrada en Tokio del 29 de noviembre al 2 de diciembre. Mire este video para ver los muchos productos y tecnolog\u00edas nuevos que presentamos. \u201cDe industrial a fabricante de robots completamente integrado\u201d es nuestro mensaje al celebrar nuestro 50 aniversario en rob\u00f3tica este a\u00f1o.<\/p>\n<\/div>\n<\/div>\n\n\n\n<hr class=\"wp-block-separator has-css-opacity wp-embed-aspect-16-9 wp-has-aspect-ratio is-style-wide\" \/>\n","protected":false},"excerpt":{"rendered":"<p>50 a\u00f1os de historia del negocio de rob\u00f3tica de Kawasaki Heavy Industries Kawasaki Robotics ha cumplido 50 a\u00f1os desde su creaci\u00f3n. Junto con sus clientes, Kawasaki ha estado desarrollando tecnolog\u00edas y adquiriendo experiencias a lo largo del camino. Partiendo de este conocimiento, Kawasaki devolver\u00e1 a la sociedad y aspirar\u00e1 a convertirse en un fabricante de robots totalmente integrado que dise\u00f1ar\u00e1 un futuro nuevo y brillante que promete un mundo donde los humanos y los robots puedan coexistir uno al lado del otro. Robot de carga \u00fatil de una tonelada Kawasaki instalado en la planta de energ\u00eda de Siemens El robot Kawasaki MG10HL, instalado en la central el\u00e9ctrica de Siemens Lausward [&hellip;]<\/p>\n","protected":false},"author":9,"featured_media":926,"parent":0,"menu_order":6,"comment_status":"closed","ping_status":"closed","template":"page-templates\/custom-title-with-background.php","meta":{"ep_exclude_from_search":false,"footnotes":""},"class_list":["post-24","page","type-page","status-publish","has-post-thumbnail","hentry"],"yoast_head":"<!-- This site is optimized with the Yoast SEO plugin v25.9 - https:\/\/yoast.com\/wordpress\/plugins\/seo\/ -->\n<title>v\u00eddeo destacado | Industrial Robots by Kawasaki Robotics<\/title>\n<meta name=\"description\" content=\"Explore the must-watch videos showcasing Kawasaki Robots and their capabilities. Discover how they are transforming industries.\" \/>\n<meta name=\"robots\" content=\"index, follow, max-snippet:-1, max-image-preview:large, max-video-preview:-1\" \/>\n<link rel=\"canonical\" href=\"https:\/\/kawasakirobotics.com\/es\/featured-video\/\" \/>\n<meta property=\"og:locale\" content=\"es_ES\" \/>\n<meta property=\"og:type\" content=\"article\" \/>\n<meta property=\"og:title\" content=\"v\u00eddeo destacado | Industrial Robots by Kawasaki Robotics\" \/>\n<meta property=\"og:description\" content=\"Explore the must-watch videos showcasing Kawasaki Robots and their capabilities. Discover how they are transforming industries.\" \/>\n<meta property=\"og:url\" content=\"https:\/\/kawasakirobotics.com\/es\/featured-video\/\" \/>\n<meta property=\"og:site_name\" content=\"Kawasaki Robotics\" \/>\n<meta property=\"article:modified_time\" content=\"2024-01-31T08:17:42+00:00\" \/>\n<meta property=\"og:image\" content=\"https:\/\/kawasakirobotics.com\/content\/themes\/krobot-theme\/src\/images\/default\/ogp.jpg\" \/>\n\t<meta property=\"og:image:width\" content=\"1200\" \/>\n\t<meta property=\"og:image:height\" content=\"630\" \/>\n\t<meta property=\"og:image:type\" content=\"image\/jpeg\" \/>\n<meta name=\"twitter:card\" content=\"summary_large_image\" \/>\n<script type=\"application\/ld+json\" class=\"yoast-schema-graph\">{\"@context\":\"https:\/\/schema.org\",\"@graph\":[{\"@type\":\"WebPage\",\"@id\":\"https:\/\/kawasakirobotics.com\/es\/featured-video\/\",\"url\":\"https:\/\/kawasakirobotics.com\/es\/featured-video\/\",\"name\":\"v\u00eddeo destacado | Industrial Robots by Kawasaki Robotics\",\"isPartOf\":{\"@id\":\"https:\/\/kawasakirobotics.com\/es\/#website\"},\"primaryImageOfPage\":{\"@id\":\"https:\/\/kawasakirobotics.com\/es\/featured-video\/#primaryimage\"},\"image\":{\"@id\":\"https:\/\/kawasakirobotics.com\/es\/featured-video\/#primaryimage\"},\"thumbnailUrl\":\"https:\/\/kawasakirobotics.com\/tachyon\/sites\/2\/2022\/01\/title-background-A1760478.jpg?fit=2160%2C360\",\"datePublished\":\"2022-01-19T08:35:47+00:00\",\"dateModified\":\"2024-01-31T08:17:42+00:00\",\"description\":\"Explore the must-watch videos showcasing Kawasaki Robots and their capabilities. Discover how they are transforming industries.\",\"breadcrumb\":{\"@id\":\"https:\/\/kawasakirobotics.com\/es\/featured-video\/#breadcrumb\"},\"inLanguage\":\"es\",\"potentialAction\":[{\"@type\":\"ReadAction\",\"target\":[\"https:\/\/kawasakirobotics.com\/es\/featured-video\/\"]}]},{\"@type\":\"ImageObject\",\"inLanguage\":\"es\",\"@id\":\"https:\/\/kawasakirobotics.com\/es\/featured-video\/#primaryimage\",\"url\":\"https:\/\/kawasakirobotics.com\/tachyon\/sites\/2\/2022\/01\/title-background-A1760478.jpg?fit=2160%2C360\",\"contentUrl\":\"https:\/\/kawasakirobotics.com\/tachyon\/sites\/2\/2022\/01\/title-background-A1760478.jpg?fit=2160%2C360\",\"width\":2160,\"height\":360,\"caption\":\"Featured Video\"},{\"@type\":\"BreadcrumbList\",\"@id\":\"https:\/\/kawasakirobotics.com\/es\/featured-video\/#breadcrumb\",\"itemListElement\":[{\"@type\":\"ListItem\",\"position\":1,\"name\":\"Home\",\"item\":\"https:\/\/kawasakirobotics.com\/es\/\"},{\"@type\":\"ListItem\",\"position\":2,\"name\":\"v\u00eddeo destacado\"}]},{\"@type\":\"WebSite\",\"@id\":\"https:\/\/kawasakirobotics.com\/es\/#website\",\"url\":\"https:\/\/kawasakirobotics.com\/es\/\",\"name\":\"Kawasaki Robotics\",\"description\":\"\",\"publisher\":{\"@id\":\"https:\/\/kawasakirobotics.com\/es\/#organization\"},\"potentialAction\":[{\"@type\":\"SearchAction\",\"target\":{\"@type\":\"EntryPoint\",\"urlTemplate\":\"https:\/\/kawasakirobotics.com\/es\/?s={search_term_string}\"},\"query-input\":{\"@type\":\"PropertyValueSpecification\",\"valueRequired\":true,\"valueName\":\"search_term_string\"}}],\"inLanguage\":\"es\"},{\"@type\":\"Organization\",\"@id\":\"https:\/\/kawasakirobotics.com\/es\/#organization\",\"name\":\"\u5ddd\u5d0e\u91cd\u5de5\u696d\u30ed\u30dc\u30c3\u30c8\u30c7\u30a3\u30d3\u30b8\u30e7\u30f3\",\"url\":\"https:\/\/kawasakirobotics.com\/es\/\",\"logo\":{\"@type\":\"ImageObject\",\"inLanguage\":\"es\",\"@id\":\"https:\/\/kawasakirobotics.com\/es\/#\/schema\/logo\/image\/\",\"url\":\"\",\"contentUrl\":\"\",\"caption\":\"\u5ddd\u5d0e\u91cd\u5de5\u696d\u30ed\u30dc\u30c3\u30c8\u30c7\u30a3\u30d3\u30b8\u30e7\u30f3\"},\"image\":{\"@id\":\"https:\/\/kawasakirobotics.com\/es\/#\/schema\/logo\/image\/\"}}]}<\/script>\n<!-- \/ Yoast SEO plugin. -->","yoast_head_json":{"title":"v\u00eddeo destacado | Industrial Robots by Kawasaki Robotics","description":"Explore the must-watch videos showcasing Kawasaki Robots and their capabilities. Discover how they are transforming industries.","robots":{"index":"index","follow":"follow","max-snippet":"max-snippet:-1","max-image-preview":"max-image-preview:large","max-video-preview":"max-video-preview:-1"},"canonical":"https:\/\/kawasakirobotics.com\/es\/featured-video\/","og_locale":"es_ES","og_type":"article","og_title":"v\u00eddeo destacado | Industrial Robots by Kawasaki Robotics","og_description":"Explore the must-watch videos showcasing Kawasaki Robots and their capabilities. Discover how they are transforming industries.","og_url":"https:\/\/kawasakirobotics.com\/es\/featured-video\/","og_site_name":"Kawasaki Robotics","article_modified_time":"2024-01-31T08:17:42+00:00","og_image":[{"url":"https:\/\/kawasakirobotics.com\/content\/themes\/krobot-theme\/src\/images\/default\/ogp.jpg","width":"1200","height":"630","type":"image\/jpeg"}],"twitter_card":"summary_large_image","schema":{"@context":"https:\/\/schema.org","@graph":[{"@type":"WebPage","@id":"https:\/\/kawasakirobotics.com\/es\/featured-video\/","url":"https:\/\/kawasakirobotics.com\/es\/featured-video\/","name":"v\u00eddeo destacado | Industrial Robots by Kawasaki Robotics","isPartOf":{"@id":"https:\/\/kawasakirobotics.com\/es\/#website"},"primaryImageOfPage":{"@id":"https:\/\/kawasakirobotics.com\/es\/featured-video\/#primaryimage"},"image":{"@id":"https:\/\/kawasakirobotics.com\/es\/featured-video\/#primaryimage"},"thumbnailUrl":"https:\/\/kawasakirobotics.com\/tachyon\/sites\/2\/2022\/01\/title-background-A1760478.jpg?fit=2160%2C360","datePublished":"2022-01-19T08:35:47+00:00","dateModified":"2024-01-31T08:17:42+00:00","description":"Explore the must-watch videos showcasing Kawasaki Robots and their capabilities. Discover how they are transforming industries.","breadcrumb":{"@id":"https:\/\/kawasakirobotics.com\/es\/featured-video\/#breadcrumb"},"inLanguage":"es","potentialAction":[{"@type":"ReadAction","target":["https:\/\/kawasakirobotics.com\/es\/featured-video\/"]}]},{"@type":"ImageObject","inLanguage":"es","@id":"https:\/\/kawasakirobotics.com\/es\/featured-video\/#primaryimage","url":"https:\/\/kawasakirobotics.com\/tachyon\/sites\/2\/2022\/01\/title-background-A1760478.jpg?fit=2160%2C360","contentUrl":"https:\/\/kawasakirobotics.com\/tachyon\/sites\/2\/2022\/01\/title-background-A1760478.jpg?fit=2160%2C360","width":2160,"height":360,"caption":"Featured Video"},{"@type":"BreadcrumbList","@id":"https:\/\/kawasakirobotics.com\/es\/featured-video\/#breadcrumb","itemListElement":[{"@type":"ListItem","position":1,"name":"Home","item":"https:\/\/kawasakirobotics.com\/es\/"},{"@type":"ListItem","position":2,"name":"v\u00eddeo destacado"}]},{"@type":"WebSite","@id":"https:\/\/kawasakirobotics.com\/es\/#website","url":"https:\/\/kawasakirobotics.com\/es\/","name":"Kawasaki Robotics","description":"","publisher":{"@id":"https:\/\/kawasakirobotics.com\/es\/#organization"},"potentialAction":[{"@type":"SearchAction","target":{"@type":"EntryPoint","urlTemplate":"https:\/\/kawasakirobotics.com\/es\/?s={search_term_string}"},"query-input":{"@type":"PropertyValueSpecification","valueRequired":true,"valueName":"search_term_string"}}],"inLanguage":"es"},{"@type":"Organization","@id":"https:\/\/kawasakirobotics.com\/es\/#organization","name":"\u5ddd\u5d0e\u91cd\u5de5\u696d\u30ed\u30dc\u30c3\u30c8\u30c7\u30a3\u30d3\u30b8\u30e7\u30f3","url":"https:\/\/kawasakirobotics.com\/es\/","logo":{"@type":"ImageObject","inLanguage":"es","@id":"https:\/\/kawasakirobotics.com\/es\/#\/schema\/logo\/image\/","url":"","contentUrl":"","caption":"\u5ddd\u5d0e\u91cd\u5de5\u696d\u30ed\u30dc\u30c3\u30c8\u30c7\u30a3\u30d3\u30b8\u30e7\u30f3"},"image":{"@id":"https:\/\/kawasakirobotics.com\/es\/#\/schema\/logo\/image\/"}}]}},"_links":{"self":[{"href":"https:\/\/kawasakirobotics.com\/es\/wp-json\/wp\/v2\/pages\/24","targetHints":{"allow":["GET"]}}],"collection":[{"href":"https:\/\/kawasakirobotics.com\/es\/wp-json\/wp\/v2\/pages"}],"about":[{"href":"https:\/\/kawasakirobotics.com\/es\/wp-json\/wp\/v2\/types\/page"}],"author":[{"embeddable":true,"href":"https:\/\/kawasakirobotics.com\/es\/wp-json\/wp\/v2\/users\/9"}],"replies":[{"embeddable":true,"href":"https:\/\/kawasakirobotics.com\/es\/wp-json\/wp\/v2\/comments?post=24"}],"version-history":[{"count":4,"href":"https:\/\/kawasakirobotics.com\/es\/wp-json\/wp\/v2\/pages\/24\/revisions"}],"predecessor-version":[{"id":5662,"href":"https:\/\/kawasakirobotics.com\/es\/wp-json\/wp\/v2\/pages\/24\/revisions\/5662"}],"wp:featuredmedia":[{"embeddable":true,"href":"https:\/\/kawasakirobotics.com\/es\/wp-json\/wp\/v2\/media\/926"}],"wp:attachment":[{"href":"https:\/\/kawasakirobotics.com\/es\/wp-json\/wp\/v2\/media?parent=24"}],"curies":[{"name":"wp","href":"https:\/\/api.w.org\/{rel}","templated":true}]}}