{"id":30,"date":"2022-01-19T17:38:08","date_gmt":"2022-01-19T08:38:08","guid":{"rendered":"urn:uuid:d43f2f3a-229c-4cd4-89ba-88fcbe330f79"},"modified":"2026-04-06T09:50:37","modified_gmt":"2026-04-06T07:50:37","slug":"company","status":"publish","type":"page","link":"https:\/\/kawasakirobotics.com\/es\/company\/","title":{"rendered":"Sobre"},"content":{"rendered":"\n<h2 class=\"wp-block-heading\">Usando el ingenio humano para desarrollar una rob\u00f3tica que marque la diferencia<\/h2>\n\n\n\n<figure class=\"wp-block-image size-full\"><img loading=\"lazy\" decoding=\"async\" width=\"900\" height=\"600\" src=\"https:\/\/kawasakirobotics.com\/tachyon\/sites\/5\/2022\/03\/A1760184-scaled-1.webp\" alt=\"Rob\u00f3tica Kawasaki\" class=\"wp-image-4900\" srcset=\"https:\/\/kawasakirobotics.com\/tachyon\/sites\/31\/2022\/03\/A1760184-scaled-1.webp?resize=900%2C600&amp;zoom=1 900w, https:\/\/kawasakirobotics.com\/tachyon\/sites\/31\/2022\/03\/A1760184-scaled-1.webp?resize=900%2C600&amp;zoom=0.5 450w, https:\/\/kawasakirobotics.com\/tachyon\/sites\/31\/2022\/03\/A1760184-scaled-1.webp?resize=900%2C600&amp;zoom=0.25 225w\" sizes=\"auto, (max-width: 900px) 100vw, 900px\" \/><\/figure>\n\n\n\n<p>Desde 1878, Kawasaki Heavy Industries ha fabricado productos que van desde barcos, aviones y motocicletas hasta brazos rob\u00f3ticos industriales para la industria automotriz y general. Impulsados por d\u00e9cadas de experiencia en la fabricaci\u00f3n, nos enfocamos en crear robots l\u00edderes en la industria que nos gustar\u00eda usar en nuestras propias f\u00e1bricas. Ahora, Kawasaki Robotics es conocida por producir robots industriales de alta calidad que superan la prueba del tiempo a medida que evoluciona la fabricaci\u00f3n.<\/p>\n\n\n\n<div class=\"wp-block-media-text alignwide is-stacked-on-mobile\" style=\"grid-template-columns:53% auto\"><figure class=\"wp-block-media-text__media\"><img loading=\"lazy\" decoding=\"async\" width=\"900\" height=\"600\" src=\"https:\/\/kawasakirobotics.com\/tachyon\/sites\/5\/2022\/03\/inventory_003_1800x1200.webp?fit=450%2C450\" alt=\"\" class=\"wp-image-4898 size-medium\" srcset=\"https:\/\/kawasakirobotics.com\/tachyon\/sites\/31\/2022\/03\/inventory_003_1800x1200.webp?resize=900%2C600&amp;zoom=1 900w, https:\/\/kawasakirobotics.com\/tachyon\/sites\/31\/2022\/03\/inventory_003_1800x1200.webp?resize=900%2C600&amp;zoom=0.5 450w, https:\/\/kawasakirobotics.com\/tachyon\/sites\/31\/2022\/03\/inventory_003_1800x1200.webp?resize=900%2C600&amp;zoom=0.25 225w\" sizes=\"auto, (max-width: 900px) 100vw, 900px\" \/><\/figure><div class=\"wp-block-media-text__content\">\n<p>Como pionero, Kawasaki Robotics produjo el primer robot industrial comercial en Jap\u00f3n en 1969. Desde entonces, no hemos dejado de desarrollar tecnolog\u00eda de punta mientras diversificamos nuestra l\u00ednea de productos, aprovechando a\u00f1os de experiencia en automatizaci\u00f3n y nuestras profundas ra\u00edces. en la fabricaci\u00f3n. Adem\u00e1s, nuestros innovadores equipos de ingenier\u00eda y de servicio centrados en el cliente siguen elevando el list\u00f3n, lo que da como resultado una experiencia para el cliente de la que estamos muy orgullosos.<\/p>\n<\/div><\/div>\n\n\n\n<p>Kawasaki Robotics EMEA, headquartered in Neuss, is a leading global supplier of industrial robots and robotic automation system, covering a wide range of applications around the world. With more than 50 years of robot experience and an extensive portfolio, Kawasaki supplies robots for all industries from semicon to automotive.<\/p>\n\n\n<div class=\"taro-iframe-block-wrapper taro-iframe-responsive\"><div class=\"taro-iframe-responsive-spacer\" style=\"padding-top: 56.250000%\"><\/div> <iframe src=\"https:\/\/www.youtube.com\/embed\/a5b3pq9C228\" width=\"560\" height=\"315\" loading=\"lazy\" allowfullscreen frameborder=\"0\"><\/iframe><\/div>\n\n\n<div class=\"wp-block-group alignfull site-cta is-layout-flow wp-block-group-is-layout-flow\">\n<div class=\"wp-block-group site-cta__inside is-layout-flow wp-block-group-is-layout-flow\">\n<p class=\"site-cta__text\"><strong><a href=\"https:\/\/kawasaki-corporate.spiral-site.com\/ind_robot_eu?_ifbs-ind_robot_eu=s1_Step1\" target=\"_blank\" rel=\"noreferrer noopener\">Cont\u00e1ctenos<\/a><\/strong><\/p>\n<\/div>\n<\/div>\n\n\n\n<div class=\"wp-block-columns alignwide krobot-pattern-3cols krobot-pattern-plaincards is-layout-flex wp-container-core-columns-is-layout-28f84493 wp-block-columns-is-layout-flex\">\n<div class=\"wp-block-column krobot-pattern-3cols__item is-layout-flow wp-block-column-is-layout-flow\">\n<figure class=\"wp-block-image size-large krobot-pattern-plaincards__figure\"><img loading=\"lazy\" decoding=\"async\" width=\"950\" height=\"679\" src=\"https:\/\/kawasakirobotics.com\/tachyon\/sites\/5\/2022\/02\/company_1.jpg?fit=900%2C679&#038;resize=900%2C643&#038;crop_strategy=smart\" alt=\"Foto a\u00e9rea de la f\u00e1brica.\" class=\"wp-image-1559\" srcset=\"https:\/\/kawasakirobotics.com\/tachyon\/sites\/2\/2022\/02\/company_1.jpg?fit=950%2C679&amp;zoom=1 950w, https:\/\/kawasakirobotics.com\/tachyon\/sites\/2\/2022\/02\/company_1.jpg?fit=950%2C679&amp;zoom=0.5 475w, https:\/\/kawasakirobotics.com\/tachyon\/sites\/2\/2022\/02\/company_1.jpg?fit=950%2C679&amp;zoom=0.25 238w\" sizes=\"auto, (max-width: 950px) 100vw, 950px\" data-recalc-dims=\"1\" \/><\/figure>\n\n\n\n<h3 class=\"wp-block-heading has-text-align-center krobot-pattern-plaincards__title\">Acerca de la divisi\u00f3n de robots<\/h3>\n\n\n\n<p class=\"krobot-pattern-plaincards__description\">Los robots Kawasaki se utilizan en una variedad de sectores, incluidos los sectores automotriz, el\u00e9ctrico y electr\u00f3nico.<\/p>\n\n\n\n<div class=\"wp-block-buttons krobot-pattern-plaincards__more is-horizontal is-content-justification-center is-layout-flex wp-container-core-buttons-is-layout-03627597 wp-block-buttons-is-layout-flex\">\n<div class=\"wp-block-button is-style-outline is-style-outline--1\"><a class=\"wp-block-button__link wp-element-button\" href=\"https:\/\/kawasakirobotics.com\/eu-africa\/company\/robotics-division\/\">M\u00c1S<\/a><\/div>\n<\/div>\n<\/div>\n\n\n\n<div class=\"wp-block-column krobot-pattern-3cols__item is-layout-flow wp-block-column-is-layout-flow\">\n<figure class=\"wp-block-image size-large krobot-pattern-plaincards__figure\"><img loading=\"lazy\" decoding=\"async\" width=\"950\" height=\"679\" src=\"https:\/\/kawasakirobotics.com\/tachyon\/sites\/5\/2022\/02\/company_2.jpg?fit=900%2C679&#038;resize=900%2C643&#038;crop_strategy=smart\" alt=\"Global\" class=\"wp-image-1560\" srcset=\"https:\/\/kawasakirobotics.com\/tachyon\/sites\/2\/2022\/02\/company_2.jpg?fit=950%2C679&amp;zoom=1 950w, https:\/\/kawasakirobotics.com\/tachyon\/sites\/2\/2022\/02\/company_2.jpg?fit=950%2C679&amp;zoom=0.5 475w, https:\/\/kawasakirobotics.com\/tachyon\/sites\/2\/2022\/02\/company_2.jpg?fit=950%2C679&amp;zoom=0.25 238w\" sizes=\"auto, (max-width: 950px) 100vw, 950px\" data-recalc-dims=\"1\" \/><\/figure>\n\n\n\n<h3 class=\"wp-block-heading has-text-align-center krobot-pattern-plaincards__title\">Ubicaciones<\/h3>\n\n\n\n<p class=\"krobot-pattern-plaincards__description\">Contamos con una red de sedes y soporte en la UE y \u00c1frica.<\/p>\n\n\n\n<div class=\"wp-block-buttons krobot-pattern-plaincards__more is-horizontal is-content-justification-center is-layout-flex wp-container-core-buttons-is-layout-03627597 wp-block-buttons-is-layout-flex\">\n<div class=\"wp-block-button is-style-outline is-style-outline--2\"><a class=\"wp-block-button__link wp-element-button\" href=\"https:\/\/kawasakirobotics.com\/eu-africa\/company\/locations\/\">M\u00c1S<\/a><\/div>\n<\/div>\n<\/div>\n\n\n\n<div class=\"wp-block-column krobot-pattern-3cols__item is-layout-flow wp-block-column-is-layout-flow\">\n<figure class=\"wp-block-image size-large krobot-pattern-plaincards__figure\"><img loading=\"lazy\" decoding=\"async\" width=\"950\" height=\"679\" src=\"https:\/\/kawasakirobotics.com\/tachyon\/sites\/5\/2022\/02\/company_4.jpg?fit=900%2C679&#038;resize=900%2C643&#038;crop_strategy=smart\" alt=\"Kawasaki UNIMATE\" class=\"wp-image-1563\" srcset=\"https:\/\/kawasakirobotics.com\/tachyon\/sites\/2\/2022\/02\/company_4.jpg?fit=950%2C679&amp;zoom=1 950w, https:\/\/kawasakirobotics.com\/tachyon\/sites\/2\/2022\/02\/company_4.jpg?fit=950%2C679&amp;zoom=0.5 475w, https:\/\/kawasakirobotics.com\/tachyon\/sites\/2\/2022\/02\/company_4.jpg?fit=950%2C679&amp;zoom=0.25 238w\" sizes=\"auto, (max-width: 950px) 100vw, 950px\" data-recalc-dims=\"1\" \/><\/figure>\n\n\n\n<h3 class=\"wp-block-heading has-text-align-center krobot-pattern-plaincards__title\">Historia<\/h3>\n\n\n\n<p class=\"krobot-pattern-plaincards__description\">A continuaci\u00f3n se describe nuestra historia en rob\u00f3tica industrial, que abarca m\u00e1s de 50 a\u00f1os.<\/p>\n\n\n\n<div class=\"wp-block-buttons krobot-pattern-plaincards__more is-horizontal is-content-justification-center is-layout-flex wp-container-core-buttons-is-layout-03627597 wp-block-buttons-is-layout-flex\">\n<div class=\"wp-block-button is-style-outline is-style-outline--3\"><a class=\"wp-block-button__link wp-element-button\" href=\"https:\/\/kawasakirobotics.com\/eu-africa\/company\/history\/\">M\u00c1S<\/a><\/div>\n<\/div>\n<\/div>\n<\/div>\n\n\n\n<div style=\"height:30px\" aria-hidden=\"true\" class=\"wp-block-spacer\"><\/div>\n\n\n\n<div class=\"wp-block-columns alignwide krobot-pattern-3cols krobot-pattern-plaincards is-layout-flex wp-container-core-columns-is-layout-28f84493 wp-block-columns-is-layout-flex\">\n<div class=\"wp-block-column krobot-pattern-3cols__item is-layout-flow wp-block-column-is-layout-flow\">\n<figure class=\"wp-block-image size-large krobot-pattern-plaincards__figure\"><img loading=\"lazy\" decoding=\"async\" width=\"1755\" height=\"1241\" src=\"https:\/\/kawasakirobotics.com\/tachyon\/sites\/5\/2022\/02\/company_6.jpg?fit=900%2C900&#038;resize=900%2C636&#038;crop_strategy=smart\" alt=\"Kawasaki Robotics Soluciones confiables para el futuro\" class=\"wp-image-3180\" srcset=\"https:\/\/kawasakirobotics.com\/tachyon\/sites\/2\/2022\/02\/company_6.jpg?fit=1755%2C1241&amp;zoom=1 1755w, https:\/\/kawasakirobotics.com\/tachyon\/sites\/2\/2022\/02\/company_6.jpg?fit=1755%2C1241&amp;zoom=0.5 878w, https:\/\/kawasakirobotics.com\/tachyon\/sites\/2\/2022\/02\/company_6.jpg?fit=1755%2C1241&amp;zoom=0.25 439w\" sizes=\"auto, (max-width: 1755px) 100vw, 1755px\" data-recalc-dims=\"1\" \/><\/figure>\n\n\n\n<h3 class=\"wp-block-heading has-text-align-center krobot-pattern-plaincards__title\">Industrias Pesadas Kawasaki Ltd.<\/h3>\n\n\n\n<p class=\"krobot-pattern-plaincards__description\">Somos una empresa de ingenier\u00eda integral con m\u00e1s de 100 a\u00f1os de historia con tecnolog\u00edas que sirven a una amplia gama de \u00e1reas comerciales que cubren tierra, mar y aire.<\/p>\n\n\n\n<div class=\"wp-block-buttons krobot-pattern-plaincards__more is-horizontal is-content-justification-center is-layout-flex wp-container-core-buttons-is-layout-03627597 wp-block-buttons-is-layout-flex\">\n<div class=\"wp-block-button is-style-outline is-style-outline--4\"><a class=\"wp-block-button__link wp-element-button\" href=\"https:\/\/kawasakirobotics.com\/eu-africa\/company\/about-us\/\">M\u00c1S<\/a><\/div>\n<\/div>\n<\/div>\n\n\n\n<div class=\"wp-block-column krobot-pattern-3cols__item is-layout-flow wp-block-column-is-layout-flow\">\n<figure class=\"wp-block-image size-full krobot-pattern-plaincards__figure\"><img loading=\"lazy\" width=\"900\" height=\"630\" decoding=\"async\" src=\"https:\/\/kawasakirobotics.com\/tachyon\/sites\/31\/2026\/04\/ISO.webp\" alt=\"\" class=\"wp-image-5974\" srcset=\"https:\/\/kawasakirobotics.com\/tachyon\/sites\/31\/2026\/04\/ISO.webp?resize=900%2C630&amp;zoom=1 900w, https:\/\/kawasakirobotics.com\/tachyon\/sites\/31\/2026\/04\/ISO.webp?resize=900%2C630&amp;zoom=0.5 450w, https:\/\/kawasakirobotics.com\/tachyon\/sites\/31\/2026\/04\/ISO.webp?resize=900%2C630&amp;zoom=0.25 225w\" sizes=\"auto, (max-width: 900px) 100vw, 900px\" \/><\/figure>\n\n\n\n<h3 class=\"wp-block-heading has-text-align-center krobot-pattern-plaincards__title\">Certificaciones ISO<\/h3>\n\n\n\n<p class=\"krobot-pattern-plaincards__description\">Conoce nuestras certificaciones ISO.<\/p>\n\n\n\n<div class=\"wp-block-buttons krobot-pattern-plaincards__more is-horizontal is-content-justification-center is-layout-flex wp-container-core-buttons-is-layout-03627597 wp-block-buttons-is-layout-flex\">\n<div class=\"wp-block-button is-style-outline is-style-outline--5\"><a class=\"wp-block-button__link wp-element-button\" href=\"https:\/\/kawasakirobotics.com\/eu-africa\/company\/iso\/\">M\u00c1S<\/a><\/div>\n<\/div>\n<\/div>\n\n\n\n<div class=\"wp-block-column krobot-pattern-3cols__item is-layout-flow wp-block-column-is-layout-flow\">\n<figure class=\"wp-block-image size-large krobot-pattern-plaincards__figure\"><a href=\"https:\/\/www.khi-saiyo.jp\/?lc=1\"><img loading=\"lazy\" decoding=\"async\" width=\"950\" height=\"679\" src=\"https:\/\/kawasakirobotics.com\/tachyon\/sites\/5\/2022\/02\/company_8.jpg?fit=900%2C679&#038;resize=900%2C643&#038;crop_strategy=smart\" alt=\"Preguntarse\" class=\"wp-image-1566\" srcset=\"https:\/\/kawasakirobotics.com\/tachyon\/sites\/2\/2022\/02\/company_8.jpg?fit=950%2C679&amp;zoom=1 950w, https:\/\/kawasakirobotics.com\/tachyon\/sites\/2\/2022\/02\/company_8.jpg?fit=950%2C679&amp;zoom=0.5 475w, https:\/\/kawasakirobotics.com\/tachyon\/sites\/2\/2022\/02\/company_8.jpg?fit=950%2C679&amp;zoom=0.25 238w\" sizes=\"auto, (max-width: 950px) 100vw, 950px\" data-recalc-dims=\"1\" \/><\/a><\/figure>\n\n\n\n<h3 class=\"wp-block-heading has-text-align-center krobot-pattern-plaincards__title\">Carreras<\/h3>\n\n\n\n<p class=\"has-text-align-left krobot-pattern-plaincards__description\">Inf\u00f3rmese sobre informaci\u00f3n laboral.<\/p>\n\n\n\n<div class=\"wp-block-buttons krobot-pattern-plaincards__more is-horizontal is-content-justification-center is-layout-flex wp-container-core-buttons-is-layout-03627597 wp-block-buttons-is-layout-flex\">\n<div class=\"wp-block-button is-style-outline is-style-outline--6\"><a class=\"wp-block-button__link wp-element-button\" href=\"https:\/\/kawasakirobotics.com\/eu-africa\/company\/careers\/\">M\u00c1S<\/a><\/div>\n<\/div>\n<\/div>\n<\/div>\n\n\n\n<div style=\"height:50px\" aria-hidden=\"true\" class=\"wp-block-spacer\"><\/div>\n","protected":false},"excerpt":{"rendered":"<p>Usando el ingenio humano para desarrollar una rob\u00f3tica que marque la diferencia Desde 1878, Kawasaki Heavy Industries ha fabricado productos que van desde barcos, aviones y motocicletas hasta brazos rob\u00f3ticos industriales para la industria automotriz y general. Impulsados por d\u00e9cadas de experiencia en la fabricaci\u00f3n, nos enfocamos en crear robots l\u00edderes en la industria que nos gustar\u00eda usar en nuestras propias f\u00e1bricas. Ahora, Kawasaki Robotics es conocida por producir robots industriales de alta calidad que superan la prueba del tiempo a medida que evoluciona la fabricaci\u00f3n. Como pionero, Kawasaki Robotics produjo el primer robot industrial comercial en Jap\u00f3n en 1969. Desde entonces, no hemos dejado de desarrollar tecnolog\u00eda de punta [&hellip;]<\/p>\n","protected":false},"author":9,"featured_media":0,"parent":0,"menu_order":9,"comment_status":"closed","ping_status":"closed","template":"page-templates\/custom-title-with-background.php","meta":{"ep_exclude_from_search":false,"footnotes":""},"class_list":["post-30","page","type-page","status-publish","hentry"],"yoast_head":"<!-- This site is optimized with the Yoast SEO plugin v25.9 - https:\/\/yoast.com\/wordpress\/plugins\/seo\/ -->\n<title>Sobre | Industrial Robots by Kawasaki Robotics<\/title>\n<meta name=\"description\" content=\"Discover the Robot Division of Kawasaki Heavy Industries, a versatile engineering company with a rich history spanning over 100 years.\" \/>\n<meta name=\"robots\" content=\"index, follow, max-snippet:-1, max-image-preview:large, max-video-preview:-1\" \/>\n<link rel=\"canonical\" href=\"https:\/\/kawasakirobotics.com\/es\/company\/\" \/>\n<meta property=\"og:locale\" content=\"es_ES\" \/>\n<meta property=\"og:type\" content=\"article\" \/>\n<meta property=\"og:title\" content=\"Sobre | Industrial Robots by Kawasaki Robotics\" \/>\n<meta property=\"og:description\" content=\"Discover the Robot Division of Kawasaki Heavy Industries, a versatile engineering company with a rich history spanning over 100 years.\" \/>\n<meta property=\"og:url\" content=\"https:\/\/kawasakirobotics.com\/es\/company\/\" \/>\n<meta property=\"og:site_name\" content=\"Kawasaki Robotics\" \/>\n<meta property=\"article:modified_time\" content=\"2026-04-06T07:50:37+00:00\" \/>\n<meta property=\"og:image\" content=\"https:\/\/kawasakirobotics.com\/content\/themes\/krobot-theme\/src\/images\/default\/ogp.jpg\" \/>\n\t<meta property=\"og:image:width\" content=\"1200\" \/>\n\t<meta property=\"og:image:height\" content=\"630\" \/>\n\t<meta property=\"og:image:type\" content=\"image\/jpeg\" \/>\n<meta name=\"twitter:card\" content=\"summary_large_image\" \/>\n<script type=\"application\/ld+json\" class=\"yoast-schema-graph\">{\"@context\":\"https:\/\/schema.org\",\"@graph\":[{\"@type\":\"WebPage\",\"@id\":\"https:\/\/kawasakirobotics.com\/es\/company\/\",\"url\":\"https:\/\/kawasakirobotics.com\/es\/company\/\",\"name\":\"Sobre | Industrial Robots by Kawasaki Robotics\",\"isPartOf\":{\"@id\":\"https:\/\/kawasakirobotics.com\/es\/#website\"},\"primaryImageOfPage\":{\"@id\":\"https:\/\/kawasakirobotics.com\/es\/company\/#primaryimage\"},\"image\":{\"@id\":\"https:\/\/kawasakirobotics.com\/es\/company\/#primaryimage\"},\"thumbnailUrl\":\"https:\/\/kawasakirobotics.com\/tachyon\/sites\/5\/2022\/03\/A1760184-scaled-1.webp\",\"datePublished\":\"2022-01-19T08:38:08+00:00\",\"dateModified\":\"2026-04-06T07:50:37+00:00\",\"description\":\"Discover the Robot Division of Kawasaki Heavy Industries, a versatile engineering company with a rich history spanning over 100 years.\",\"breadcrumb\":{\"@id\":\"https:\/\/kawasakirobotics.com\/es\/company\/#breadcrumb\"},\"inLanguage\":\"es\",\"potentialAction\":[{\"@type\":\"ReadAction\",\"target\":[\"https:\/\/kawasakirobotics.com\/es\/company\/\"]}]},{\"@type\":\"ImageObject\",\"inLanguage\":\"es\",\"@id\":\"https:\/\/kawasakirobotics.com\/es\/company\/#primaryimage\",\"url\":\"https:\/\/kawasakirobotics.com\/tachyon\/sites\/5\/2022\/03\/A1760184-scaled-1.webp\",\"contentUrl\":\"https:\/\/kawasakirobotics.com\/tachyon\/sites\/5\/2022\/03\/A1760184-scaled-1.webp\"},{\"@type\":\"BreadcrumbList\",\"@id\":\"https:\/\/kawasakirobotics.com\/es\/company\/#breadcrumb\",\"itemListElement\":[{\"@type\":\"ListItem\",\"position\":1,\"name\":\"Home\",\"item\":\"https:\/\/kawasakirobotics.com\/es\/\"},{\"@type\":\"ListItem\",\"position\":2,\"name\":\"Sobre\"}]},{\"@type\":\"WebSite\",\"@id\":\"https:\/\/kawasakirobotics.com\/es\/#website\",\"url\":\"https:\/\/kawasakirobotics.com\/es\/\",\"name\":\"Kawasaki Robotics\",\"description\":\"\",\"publisher\":{\"@id\":\"https:\/\/kawasakirobotics.com\/es\/#organization\"},\"potentialAction\":[{\"@type\":\"SearchAction\",\"target\":{\"@type\":\"EntryPoint\",\"urlTemplate\":\"https:\/\/kawasakirobotics.com\/es\/?s={search_term_string}\"},\"query-input\":{\"@type\":\"PropertyValueSpecification\",\"valueRequired\":true,\"valueName\":\"search_term_string\"}}],\"inLanguage\":\"es\"},{\"@type\":\"Organization\",\"@id\":\"https:\/\/kawasakirobotics.com\/es\/#organization\",\"name\":\"\u5ddd\u5d0e\u91cd\u5de5\u696d\u30ed\u30dc\u30c3\u30c8\u30c7\u30a3\u30d3\u30b8\u30e7\u30f3\",\"url\":\"https:\/\/kawasakirobotics.com\/es\/\",\"logo\":{\"@type\":\"ImageObject\",\"inLanguage\":\"es\",\"@id\":\"https:\/\/kawasakirobotics.com\/es\/#\/schema\/logo\/image\/\",\"url\":\"\",\"contentUrl\":\"\",\"caption\":\"\u5ddd\u5d0e\u91cd\u5de5\u696d\u30ed\u30dc\u30c3\u30c8\u30c7\u30a3\u30d3\u30b8\u30e7\u30f3\"},\"image\":{\"@id\":\"https:\/\/kawasakirobotics.com\/es\/#\/schema\/logo\/image\/\"}}]}<\/script>\n<!-- \/ Yoast SEO plugin. -->","yoast_head_json":{"title":"Sobre | Industrial Robots by Kawasaki Robotics","description":"Discover the Robot Division of Kawasaki Heavy Industries, a versatile engineering company with a rich history spanning over 100 years.","robots":{"index":"index","follow":"follow","max-snippet":"max-snippet:-1","max-image-preview":"max-image-preview:large","max-video-preview":"max-video-preview:-1"},"canonical":"https:\/\/kawasakirobotics.com\/es\/company\/","og_locale":"es_ES","og_type":"article","og_title":"Sobre | Industrial Robots by Kawasaki Robotics","og_description":"Discover the Robot Division of Kawasaki Heavy Industries, a versatile engineering company with a rich history spanning over 100 years.","og_url":"https:\/\/kawasakirobotics.com\/es\/company\/","og_site_name":"Kawasaki Robotics","article_modified_time":"2026-04-06T07:50:37+00:00","og_image":[{"url":"https:\/\/kawasakirobotics.com\/content\/themes\/krobot-theme\/src\/images\/default\/ogp.jpg","width":"1200","height":"630","type":"image\/jpeg"}],"twitter_card":"summary_large_image","schema":{"@context":"https:\/\/schema.org","@graph":[{"@type":"WebPage","@id":"https:\/\/kawasakirobotics.com\/es\/company\/","url":"https:\/\/kawasakirobotics.com\/es\/company\/","name":"Sobre | Industrial Robots by Kawasaki Robotics","isPartOf":{"@id":"https:\/\/kawasakirobotics.com\/es\/#website"},"primaryImageOfPage":{"@id":"https:\/\/kawasakirobotics.com\/es\/company\/#primaryimage"},"image":{"@id":"https:\/\/kawasakirobotics.com\/es\/company\/#primaryimage"},"thumbnailUrl":"https:\/\/kawasakirobotics.com\/tachyon\/sites\/5\/2022\/03\/A1760184-scaled-1.webp","datePublished":"2022-01-19T08:38:08+00:00","dateModified":"2026-04-06T07:50:37+00:00","description":"Discover the Robot Division of Kawasaki Heavy Industries, a versatile engineering company with a rich history spanning over 100 years.","breadcrumb":{"@id":"https:\/\/kawasakirobotics.com\/es\/company\/#breadcrumb"},"inLanguage":"es","potentialAction":[{"@type":"ReadAction","target":["https:\/\/kawasakirobotics.com\/es\/company\/"]}]},{"@type":"ImageObject","inLanguage":"es","@id":"https:\/\/kawasakirobotics.com\/es\/company\/#primaryimage","url":"https:\/\/kawasakirobotics.com\/tachyon\/sites\/5\/2022\/03\/A1760184-scaled-1.webp","contentUrl":"https:\/\/kawasakirobotics.com\/tachyon\/sites\/5\/2022\/03\/A1760184-scaled-1.webp"},{"@type":"BreadcrumbList","@id":"https:\/\/kawasakirobotics.com\/es\/company\/#breadcrumb","itemListElement":[{"@type":"ListItem","position":1,"name":"Home","item":"https:\/\/kawasakirobotics.com\/es\/"},{"@type":"ListItem","position":2,"name":"Sobre"}]},{"@type":"WebSite","@id":"https:\/\/kawasakirobotics.com\/es\/#website","url":"https:\/\/kawasakirobotics.com\/es\/","name":"Kawasaki Robotics","description":"","publisher":{"@id":"https:\/\/kawasakirobotics.com\/es\/#organization"},"potentialAction":[{"@type":"SearchAction","target":{"@type":"EntryPoint","urlTemplate":"https:\/\/kawasakirobotics.com\/es\/?s={search_term_string}"},"query-input":{"@type":"PropertyValueSpecification","valueRequired":true,"valueName":"search_term_string"}}],"inLanguage":"es"},{"@type":"Organization","@id":"https:\/\/kawasakirobotics.com\/es\/#organization","name":"\u5ddd\u5d0e\u91cd\u5de5\u696d\u30ed\u30dc\u30c3\u30c8\u30c7\u30a3\u30d3\u30b8\u30e7\u30f3","url":"https:\/\/kawasakirobotics.com\/es\/","logo":{"@type":"ImageObject","inLanguage":"es","@id":"https:\/\/kawasakirobotics.com\/es\/#\/schema\/logo\/image\/","url":"","contentUrl":"","caption":"\u5ddd\u5d0e\u91cd\u5de5\u696d\u30ed\u30dc\u30c3\u30c8\u30c7\u30a3\u30d3\u30b8\u30e7\u30f3"},"image":{"@id":"https:\/\/kawasakirobotics.com\/es\/#\/schema\/logo\/image\/"}}]}},"_links":{"self":[{"href":"https:\/\/kawasakirobotics.com\/es\/wp-json\/wp\/v2\/pages\/30","targetHints":{"allow":["GET"]}}],"collection":[{"href":"https:\/\/kawasakirobotics.com\/es\/wp-json\/wp\/v2\/pages"}],"about":[{"href":"https:\/\/kawasakirobotics.com\/es\/wp-json\/wp\/v2\/types\/page"}],"author":[{"embeddable":true,"href":"https:\/\/kawasakirobotics.com\/es\/wp-json\/wp\/v2\/users\/9"}],"replies":[{"embeddable":true,"href":"https:\/\/kawasakirobotics.com\/es\/wp-json\/wp\/v2\/comments?post=30"}],"version-history":[{"count":21,"href":"https:\/\/kawasakirobotics.com\/es\/wp-json\/wp\/v2\/pages\/30\/revisions"}],"predecessor-version":[{"id":5987,"href":"https:\/\/kawasakirobotics.com\/es\/wp-json\/wp\/v2\/pages\/30\/revisions\/5987"}],"wp:attachment":[{"href":"https:\/\/kawasakirobotics.com\/es\/wp-json\/wp\/v2\/media?parent=30"}],"curies":[{"name":"wp","href":"https:\/\/api.w.org\/{rel}","templated":true}]}}