{"id":3292,"date":"2022-02-10T13:57:42","date_gmt":"2022-02-10T04:57:42","guid":{"rendered":"urn:uuid:c463f840-c247-4de3-9449-39a629349b17"},"modified":"2024-10-25T07:26:16","modified_gmt":"2024-10-25T05:26:16","slug":"cookie-policy","status":"publish","type":"page","link":"https:\/\/kawasakirobotics.com\/es\/cookie-policy\/","title":{"rendered":"Pol\u00edtica de cookies"},"content":{"rendered":"\n<p class=\"has-black-color has-text-color\">\u00daltima actualizaci\u00f3n: 28\/02\/2022<\/p>\n\n\n\n<h2 class=\"wp-block-heading\">1. Nuestra Pol\u00edtica de Cookies<\/h2>\n\n\n\n<h4 class=\"wp-block-heading\">(1) Reglas generales<\/h4>\n\n\n\n<p>Kawasaki Heavy Industries, Ltd., sus empresas afiliadas o sus agentes (\u00abKHI\u00bb) pueden usar cookies en los sitios web (\u00abSitio\u00bb), establecidos y operados por KHI, para proporcionar informaci\u00f3n m\u00e1s relevante a nuestros clientes (\u00abusted \u201d) y para medir y analizar el Sitio.<\/p>\n\n\n\n<p>Esta Pol\u00edtica de cookies se aplica a todos los usuarios del Sitio. Las cookies se pueden deshabilitar en la configuraci\u00f3n de su navegador; sin embargo, es posible que no pueda usar algunos de los contenidos al hacerlo.<\/p>\n\n\n\n<p>Esta Pol\u00edtica de cookies describe los tipos de cookies que se utilizan en el Sitio y c\u00f3mo cambiar la configuraci\u00f3n de su navegador.<\/p>\n\n\n\n<h4 class=\"wp-block-heading\">(2) Acerca de nuestra Pol\u00edtica de privacidad<\/h4>\n\n\n\n<p>En relaci\u00f3n con esta Pol\u00edtica de cookies, KHI ha establecido una pol\u00edtica separada con respecto al manejo de informaci\u00f3n personal. Consulte nuestra&nbsp;<a href=\"https:\/\/global.kawasaki.com\/en\/privacy_policy\/index.html\" target=\"_blank\" rel=\"noreferrer noopener\">Pol\u00edtica de privacidad<\/a>&nbsp;en el Sitio para obtener m\u00e1s informaci\u00f3n.<\/p>\n\n\n\n<h2 class=\"wp-block-heading\">2. \u00bfQu\u00e9 es una cookie?<\/h2>\n\n\n\n<p>Una cookie se refiere a una tecnolog\u00eda que coloca un peque\u00f1o archivo de datos (informaci\u00f3n) en su computadora u otros dispositivos a trav\u00e9s de su navegador web cuando accede a un sitio web. Las cookies permiten que los sitios web lo identifiquen cuando vuelve a visitar los mismos sitios web.<\/p>\n\n\n\n<h2 class=\"wp-block-heading\">3. Cookies utilizadas en el Sitio<\/h2>\n\n\n\n<h4 class=\"wp-block-heading\">(1) Cookies propias y de terceros<\/h4>\n\n\n\n<p>Todas las cookies pertenecen a un dominio preespecificado. Mientras que las cookies propias son cookies emitidas por el dominio del Sitio, las cookies de terceros son emitidas por dominios de terceros distintos del Sitio.<\/p>\n\n\n\n<h4 class=\"wp-block-heading\">(2) Cookies de sesi\u00f3n y cookies persistentes<\/h4>\n\n\n\n<p>Las cookies pueden ser cookies de sesi\u00f3n o cookies persistentes, seg\u00fan su duraci\u00f3n. Las cookies de sesi\u00f3n son cookies temporales que se almacenan en su dispositivo solo mientras navega por un sitio web. Por otro lado, las cookies persistentes permanecen almacenadas en su dispositivo hasta que alcanzan una fecha de vencimiento establecida o hasta que las elimina de su navegador.<\/p>\n\n\n\n<h2 class=\"wp-block-heading\">4. Por qu\u00e9 KHI utiliza cookies<\/h2>\n\n\n\n<p>El Sitio utiliza los siguientes tipos de cookies:<\/p>\n\n\n\n<h4 class=\"wp-block-heading\">(1) Galletas esenciales<\/h4>\n\n\n\n<p>Se requieren cookies esenciales para navegar por el Sitio y utilizar las funciones que se ofrecen en el Sitio. Estas cookies tambi\u00e9n se utilizan para registrar las actividades de un usuario dentro de una sola sesi\u00f3n de navegaci\u00f3n.<\/p>\n\n\n\n<h4 class=\"wp-block-heading\">(2) Cookies anal\u00edticas<\/h4>\n\n\n\n<p>Las cookies de an\u00e1lisis son utilizadas por KHI o proveedores de servicios de terceros para recopilar informaci\u00f3n sobre el uso del Sitio, como el an\u00e1lisis web. Estas cookies nos ayudan a comprender qu\u00e9 p\u00e1ginas visita, cu\u00e1nto tiempo visita, si se muestran o no mensajes de error y c\u00f3mo accede al Sitio para mejorar el rendimiento del Sitio.<br>KHI utiliza Google Analytics, un servicio de an\u00e1lisis web ofrecido por Google Inc., en algunas p\u00e1ginas del Sitio para comprender el uso del sitio y brindarle un mejor sitio web. Los datos obtenidos por Analytics se utilizar\u00e1n \u00fanicamente para fines operativos del sitio, como mejorar el Sitio. Para obtener m\u00e1s informaci\u00f3n sobre Google Analytics, visite el&nbsp;<a href=\"https:\/\/marketingplatform.google.com\/about\/analytics\/\" target=\"_blank\" rel=\"noreferrer noopener\">sitio web oficial<\/a>.<\/p>\n\n\n\n<h4 class=\"wp-block-heading\">(3) Cookies funcionales<\/h4>\n\n\n\n<p>Las cookies funcionales se utilizan para almacenar la configuraci\u00f3n del sitio del usuario para brindarle un contenido m\u00e1s optimizado. Estas cookies nos permiten recopilar informaci\u00f3n sobre los comportamientos de su sitio (p. ej., informaci\u00f3n de la cuenta, preferencias de idioma, regiones de acceso) y proporcionar servicios adaptados a sus preferencias.<\/p>\n\n\n\n<h4 class=\"wp-block-heading\">(4) Cookies publicitarias<\/h4>\n\n\n\n<p>Las cookies publicitarias se utilizan para almacenar el historial de navegaci\u00f3n de su sitio para recordar sus intereses y comportamientos dentro del Sitio. Estas cookies almacenan su informaci\u00f3n de acceso y atribuyen informaci\u00f3n en el momento del inicio de sesi\u00f3n para proporcionar informaci\u00f3n adaptada a sus preferencias en t\u00e9rminos de contenido y personalizaci\u00f3n de anuncios.<\/p>\n\n\n\n<h2 class=\"wp-block-heading\">5. Su configuraci\u00f3n de cookies<\/h2>\n\n\n\n<h4 class=\"wp-block-heading\">(1) Selecci\u00f3n en el men\u00fa Configuraci\u00f3n avanzada de cookies<\/h4>\n\n\n\n<p>El Sitio proporciona una funci\u00f3n que le permite establecer si desea permitir o deshabilitar sus cookies seg\u00fan sus preferencias. Consulte <button class=\"optanon-show-settings\" style=\"all:unset;cursor:pointer;text-decoration:underline;text-underline-offset:0;text-decoration-thickness:1px;\">Configuraci\u00f3n avanzada de cookies<\/button><\/li> en el Sitio para obtener m\u00e1s informaci\u00f3n.<\/p>\n\n\n\n<h4 class=\"wp-block-heading\">(2) Configuraci\u00f3n de cookies en su navegador<\/h4>\n\n\n\n<p>Su navegador le permite establecer preferencias de cookies, como permitir o deshabilitar las cookies. Tambi\u00e9n puede eliminar las cookies de su dispositivo desde su navegador. Consulte la p\u00e1gina de ayuda del navegador que est\u00e1 utilizando para conocer las instrucciones de configuraci\u00f3n reales. Sin embargo, tenga en cuenta que deshabilitar las cookies puede interferir con la visualizaci\u00f3n y el funcionamiento del Sitio.<\/p>\n\n\n\n<h2 class=\"wp-block-heading\">6. Cambios en esta Pol\u00edtica de Cookies<\/h2>\n\n\n\n<p>Tenga en cuenta que el contenido de esta Pol\u00edtica de cookies est\u00e1 sujeto a cambios en cualquier momento. Si se realizan cambios, la Pol\u00edtica de cookies m\u00e1s reciente se publicar\u00e1 en el Sitio.<\/p>\n\n\n\n<h2 class=\"wp-block-heading\">7. Consultas sobre esta Pol\u00edtica de Cookies<\/h2>\n\n\n\n<p>Si tiene alguna pregunta sobre esta Pol\u00edtica de cookies, cont\u00e1ctenos desde la p\u00e1gina de <a href=\"https:\/\/kawasaki-corporate.spiral-site.com\/cookiepolicy_EN\" target=\"_blank\" rel=\"noreferrer noopener\">Contacto<\/a> en el Sitio.<\/p>\n","protected":false},"excerpt":{"rendered":"<p>\u00daltima actualizaci\u00f3n: 28\/02\/2022 1. Nuestra Pol\u00edtica de Cookies (1) Reglas generales Kawasaki Heavy Industries, Ltd., sus empresas afiliadas o sus agentes (\u00abKHI\u00bb) pueden usar cookies en los sitios web (\u00abSitio\u00bb), establecidos y operados por KHI, para proporcionar informaci\u00f3n m\u00e1s relevante a nuestros clientes (\u00abusted \u201d) y para medir y analizar el Sitio. Esta Pol\u00edtica de cookies se aplica a todos los usuarios del Sitio. Las cookies se pueden deshabilitar en la configuraci\u00f3n de su navegador; sin embargo, es posible que no pueda usar algunos de los contenidos al hacerlo. Esta Pol\u00edtica de cookies describe los tipos de cookies que se utilizan en el Sitio y c\u00f3mo cambiar la configuraci\u00f3n de [&hellip;]<\/p>\n","protected":false},"author":9,"featured_media":0,"parent":0,"menu_order":19,"comment_status":"closed","ping_status":"closed","template":"","meta":{"ep_exclude_from_search":false,"footnotes":""},"class_list":["post-3292","page","type-page","status-publish","hentry"],"yoast_head":"<!-- This site is optimized with the Yoast SEO plugin v25.9 - https:\/\/yoast.com\/wordpress\/plugins\/seo\/ -->\n<title>Pol\u00edtica de cookies | Industrial Robots by Kawasaki Robotics<\/title>\n<meta name=\"description\" content=\"Kawasaki Heavy Industries | Pol\u00edtica de cookies\" \/>\n<meta name=\"robots\" content=\"index, follow, max-snippet:-1, max-image-preview:large, max-video-preview:-1\" \/>\n<link rel=\"canonical\" href=\"https:\/\/kawasakirobotics.com\/es\/cookie-policy\/\" \/>\n<meta property=\"og:locale\" content=\"es_ES\" \/>\n<meta property=\"og:type\" content=\"article\" \/>\n<meta property=\"og:title\" content=\"Pol\u00edtica de cookies | Industrial Robots by Kawasaki Robotics\" \/>\n<meta property=\"og:description\" content=\"Kawasaki Heavy Industries | Pol\u00edtica de cookies\" \/>\n<meta property=\"og:url\" content=\"https:\/\/kawasakirobotics.com\/es\/cookie-policy\/\" \/>\n<meta property=\"og:site_name\" content=\"Kawasaki Robotics\" \/>\n<meta property=\"article:modified_time\" content=\"2024-10-25T05:26:16+00:00\" \/>\n<meta property=\"og:image\" content=\"https:\/\/kawasakirobotics.com\/content\/themes\/krobot-theme\/src\/images\/default\/ogp.jpg\" \/>\n\t<meta property=\"og:image:width\" content=\"1200\" \/>\n\t<meta property=\"og:image:height\" content=\"630\" \/>\n\t<meta property=\"og:image:type\" content=\"image\/jpeg\" \/>\n<meta name=\"twitter:card\" content=\"summary_large_image\" \/>\n<script type=\"application\/ld+json\" class=\"yoast-schema-graph\">{\"@context\":\"https:\/\/schema.org\",\"@graph\":[{\"@type\":\"WebPage\",\"@id\":\"https:\/\/kawasakirobotics.com\/es\/cookie-policy\/\",\"url\":\"https:\/\/kawasakirobotics.com\/es\/cookie-policy\/\",\"name\":\"Pol\u00edtica de cookies | Industrial Robots by Kawasaki Robotics\",\"isPartOf\":{\"@id\":\"https:\/\/kawasakirobotics.com\/es\/#website\"},\"datePublished\":\"2022-02-10T04:57:42+00:00\",\"dateModified\":\"2024-10-25T05:26:16+00:00\",\"description\":\"Kawasaki Heavy Industries | Pol\u00edtica de cookies\",\"breadcrumb\":{\"@id\":\"https:\/\/kawasakirobotics.com\/es\/cookie-policy\/#breadcrumb\"},\"inLanguage\":\"es\",\"potentialAction\":[{\"@type\":\"ReadAction\",\"target\":[\"https:\/\/kawasakirobotics.com\/es\/cookie-policy\/\"]}]},{\"@type\":\"BreadcrumbList\",\"@id\":\"https:\/\/kawasakirobotics.com\/es\/cookie-policy\/#breadcrumb\",\"itemListElement\":[{\"@type\":\"ListItem\",\"position\":1,\"name\":\"Home\",\"item\":\"https:\/\/kawasakirobotics.com\/es\/\"},{\"@type\":\"ListItem\",\"position\":2,\"name\":\"Pol\u00edtica de cookies\"}]},{\"@type\":\"WebSite\",\"@id\":\"https:\/\/kawasakirobotics.com\/es\/#website\",\"url\":\"https:\/\/kawasakirobotics.com\/es\/\",\"name\":\"Kawasaki Robotics\",\"description\":\"\",\"publisher\":{\"@id\":\"https:\/\/kawasakirobotics.com\/es\/#organization\"},\"potentialAction\":[{\"@type\":\"SearchAction\",\"target\":{\"@type\":\"EntryPoint\",\"urlTemplate\":\"https:\/\/kawasakirobotics.com\/es\/?s={search_term_string}\"},\"query-input\":{\"@type\":\"PropertyValueSpecification\",\"valueRequired\":true,\"valueName\":\"search_term_string\"}}],\"inLanguage\":\"es\"},{\"@type\":\"Organization\",\"@id\":\"https:\/\/kawasakirobotics.com\/es\/#organization\",\"name\":\"\u5ddd\u5d0e\u91cd\u5de5\u696d\u30ed\u30dc\u30c3\u30c8\u30c7\u30a3\u30d3\u30b8\u30e7\u30f3\",\"url\":\"https:\/\/kawasakirobotics.com\/es\/\",\"logo\":{\"@type\":\"ImageObject\",\"inLanguage\":\"es\",\"@id\":\"https:\/\/kawasakirobotics.com\/es\/#\/schema\/logo\/image\/\",\"url\":\"\",\"contentUrl\":\"\",\"caption\":\"\u5ddd\u5d0e\u91cd\u5de5\u696d\u30ed\u30dc\u30c3\u30c8\u30c7\u30a3\u30d3\u30b8\u30e7\u30f3\"},\"image\":{\"@id\":\"https:\/\/kawasakirobotics.com\/es\/#\/schema\/logo\/image\/\"}}]}<\/script>\n<!-- \/ Yoast SEO plugin. -->","yoast_head_json":{"title":"Pol\u00edtica de cookies | Industrial Robots by Kawasaki Robotics","description":"Kawasaki Heavy Industries | Pol\u00edtica de cookies","robots":{"index":"index","follow":"follow","max-snippet":"max-snippet:-1","max-image-preview":"max-image-preview:large","max-video-preview":"max-video-preview:-1"},"canonical":"https:\/\/kawasakirobotics.com\/es\/cookie-policy\/","og_locale":"es_ES","og_type":"article","og_title":"Pol\u00edtica de cookies | Industrial Robots by Kawasaki Robotics","og_description":"Kawasaki Heavy Industries | Pol\u00edtica de cookies","og_url":"https:\/\/kawasakirobotics.com\/es\/cookie-policy\/","og_site_name":"Kawasaki Robotics","article_modified_time":"2024-10-25T05:26:16+00:00","og_image":[{"url":"https:\/\/kawasakirobotics.com\/content\/themes\/krobot-theme\/src\/images\/default\/ogp.jpg","width":"1200","height":"630","type":"image\/jpeg"}],"twitter_card":"summary_large_image","schema":{"@context":"https:\/\/schema.org","@graph":[{"@type":"WebPage","@id":"https:\/\/kawasakirobotics.com\/es\/cookie-policy\/","url":"https:\/\/kawasakirobotics.com\/es\/cookie-policy\/","name":"Pol\u00edtica de cookies | Industrial Robots by Kawasaki Robotics","isPartOf":{"@id":"https:\/\/kawasakirobotics.com\/es\/#website"},"datePublished":"2022-02-10T04:57:42+00:00","dateModified":"2024-10-25T05:26:16+00:00","description":"Kawasaki Heavy Industries | Pol\u00edtica de cookies","breadcrumb":{"@id":"https:\/\/kawasakirobotics.com\/es\/cookie-policy\/#breadcrumb"},"inLanguage":"es","potentialAction":[{"@type":"ReadAction","target":["https:\/\/kawasakirobotics.com\/es\/cookie-policy\/"]}]},{"@type":"BreadcrumbList","@id":"https:\/\/kawasakirobotics.com\/es\/cookie-policy\/#breadcrumb","itemListElement":[{"@type":"ListItem","position":1,"name":"Home","item":"https:\/\/kawasakirobotics.com\/es\/"},{"@type":"ListItem","position":2,"name":"Pol\u00edtica de cookies"}]},{"@type":"WebSite","@id":"https:\/\/kawasakirobotics.com\/es\/#website","url":"https:\/\/kawasakirobotics.com\/es\/","name":"Kawasaki Robotics","description":"","publisher":{"@id":"https:\/\/kawasakirobotics.com\/es\/#organization"},"potentialAction":[{"@type":"SearchAction","target":{"@type":"EntryPoint","urlTemplate":"https:\/\/kawasakirobotics.com\/es\/?s={search_term_string}"},"query-input":{"@type":"PropertyValueSpecification","valueRequired":true,"valueName":"search_term_string"}}],"inLanguage":"es"},{"@type":"Organization","@id":"https:\/\/kawasakirobotics.com\/es\/#organization","name":"\u5ddd\u5d0e\u91cd\u5de5\u696d\u30ed\u30dc\u30c3\u30c8\u30c7\u30a3\u30d3\u30b8\u30e7\u30f3","url":"https:\/\/kawasakirobotics.com\/es\/","logo":{"@type":"ImageObject","inLanguage":"es","@id":"https:\/\/kawasakirobotics.com\/es\/#\/schema\/logo\/image\/","url":"","contentUrl":"","caption":"\u5ddd\u5d0e\u91cd\u5de5\u696d\u30ed\u30dc\u30c3\u30c8\u30c7\u30a3\u30d3\u30b8\u30e7\u30f3"},"image":{"@id":"https:\/\/kawasakirobotics.com\/es\/#\/schema\/logo\/image\/"}}]}},"_links":{"self":[{"href":"https:\/\/kawasakirobotics.com\/es\/wp-json\/wp\/v2\/pages\/3292","targetHints":{"allow":["GET"]}}],"collection":[{"href":"https:\/\/kawasakirobotics.com\/es\/wp-json\/wp\/v2\/pages"}],"about":[{"href":"https:\/\/kawasakirobotics.com\/es\/wp-json\/wp\/v2\/types\/page"}],"author":[{"embeddable":true,"href":"https:\/\/kawasakirobotics.com\/es\/wp-json\/wp\/v2\/users\/9"}],"replies":[{"embeddable":true,"href":"https:\/\/kawasakirobotics.com\/es\/wp-json\/wp\/v2\/comments?post=3292"}],"version-history":[{"count":12,"href":"https:\/\/kawasakirobotics.com\/es\/wp-json\/wp\/v2\/pages\/3292\/revisions"}],"predecessor-version":[{"id":5777,"href":"https:\/\/kawasakirobotics.com\/es\/wp-json\/wp\/v2\/pages\/3292\/revisions\/5777"}],"wp:attachment":[{"href":"https:\/\/kawasakirobotics.com\/es\/wp-json\/wp\/v2\/media?parent=3292"}],"curies":[{"name":"wp","href":"https:\/\/api.w.org\/{rel}","templated":true}]}}