{"id":3868,"date":"2022-02-21T17:45:24","date_gmt":"2022-02-21T17:45:24","guid":{"rendered":"urn:uuid:ea5874b3-84a7-46f3-b0c8-88fc8d7b939e"},"modified":"2025-05-10T09:35:18","modified_gmt":"2025-05-10T07:35:18","slug":"why-kawasaki-robotics","status":"publish","type":"page","link":"https:\/\/kawasakirobotics.com\/es\/why-kawasaki-robotics\/","title":{"rendered":"WHY KAWASAKI ROBOTICS"},"content":{"rendered":"\n<p>Con un enfoque basado en el servicio, un lenguaje de programaci\u00f3n flexible y abierto y una mentalidad de fabricante primero, somos un tipo diferente de empresa de robots.<\/p>\n\n\n\n<h2 class=\"wp-block-heading\">Nuestra ACCESIBILIDAD.<\/h2>\n\n\n\n<figure class=\"wp-block-image size-large\"><img loading=\"lazy\" decoding=\"async\" width=\"900\" height=\"506\" src=\"https:\/\/kawasakirobotics.com\/tachyon\/sites\/5\/2022\/03\/accessibility_004_960x540.webp\" alt=\"imagen del cliente\" class=\"wp-image-4866\" srcset=\"https:\/\/kawasakirobotics.com\/tachyon\/sites\/31\/2022\/03\/accessibility_004_960x540.webp?resize=900%2C506&amp;crop_strategy=smart&amp;zoom=1 900w, https:\/\/kawasakirobotics.com\/tachyon\/sites\/31\/2022\/03\/accessibility_004_960x540.webp?resize=900%2C506&amp;crop_strategy=smart&amp;zoom=0.5 450w, https:\/\/kawasakirobotics.com\/tachyon\/sites\/31\/2022\/03\/accessibility_004_960x540.webp?resize=900%2C506&amp;crop_strategy=smart&amp;zoom=0.25 225w\" sizes=\"auto, (max-width: 900px) 100vw, 900px\" \/><\/figure>\n\n\n\n<p>La transparencia es importante para nosotros en todos los niveles de nuestra organizaci\u00f3n. Cuando trabaje con Kawasaki Robotics, no encontrar\u00e1 costos ocultos por software, manuales, capacitaci\u00f3n y llamadas de servicio remoto, etc. Nuestra plataforma de programaci\u00f3n de c\u00f3digo abierto ofrece varios tipos de lenguajes de programaci\u00f3n para todos los niveles de habilidad. Dando a los usuarios la capacidad de escalar desde operaciones b\u00e1sicas hasta integraciones de IA. Esto, combinado con nuestros exclusivos recursos y herramientas en l\u00ednea, permite a nuestros clientes y socios estar en el asiento del conductor. Estamos comprometidos a ser su socio de automatizaci\u00f3n accesible.<\/p>\n\n\n\n<div class=\"wp-block-buttons is-horizontal is-content-justification-center is-layout-flex wp-container-core-buttons-is-layout-03627597 wp-block-buttons-is-layout-flex\">\n<div class=\"wp-block-button\"><a class=\"wp-block-button__link wp-element-button\" href=\"https:\/\/kawasakirobotics.com\/es\/customer-experience\/exculsive-resources\/\">APRENDE M\u00c1S<\/a><\/div>\n<\/div>\n\n\n\n<h2 class=\"wp-block-heading\">Nuestra CALIDAD.<\/h2>\n\n\n\n<figure class=\"wp-block-image size-large\"><img loading=\"lazy\" decoding=\"async\" width=\"899\" height=\"506\" src=\"https:\/\/kawasakirobotics.com\/tachyon\/sites\/5\/2022\/03\/quality_001_960x540_blurredjpg-01.webp\" alt=\"Serie BX Serie BXP\" class=\"wp-image-4867\" srcset=\"https:\/\/kawasakirobotics.com\/tachyon\/sites\/31\/2022\/03\/quality_001_960x540_blurredjpg-01.webp?resize=899%2C506&amp;crop_strategy=smart&amp;zoom=1 899w, https:\/\/kawasakirobotics.com\/tachyon\/sites\/31\/2022\/03\/quality_001_960x540_blurredjpg-01.webp?resize=899%2C506&amp;crop_strategy=smart&amp;zoom=0.5 450w, https:\/\/kawasakirobotics.com\/tachyon\/sites\/31\/2022\/03\/quality_001_960x540_blurredjpg-01.webp?resize=899%2C506&amp;crop_strategy=smart&amp;zoom=0.25 225w\" sizes=\"auto, (max-width: 899px) 100vw, 899px\" \/><\/figure>\n\n\n\n<p>El nombre Kawasaki es sin\u00f3nimo de precisi\u00f3n y confiabilidad porque est\u00e1 en nuestro ADN. Desde el inicio de Kawaski, la calidad ha estado en el centro de cada producto construido, desde motocicletas hasta aviones. Como pionero, Kawasaki Robotics construy\u00f3 su primer brazo rob\u00f3tico en 1969. Desde entonces, hemos continuado desarrollando rob\u00f3tica de \u00faltima generaci\u00f3n, incluidos brazos rob\u00f3ticos con un dise\u00f1o de vestido interno patentado. Es un cambio de juego porque hace que nuestros robots sean f\u00e1ciles de instalar, mantener y minimiza el desgaste con el tiempo. Con cargas \u00fatiles de robots que van desde los 3 kg hasta los 1500 kg, sin duda experimentar\u00e1 nuestro compromiso con la calidad.<\/p>\n\n\n\n<div class=\"wp-block-buttons is-horizontal is-content-justification-center is-layout-flex wp-container-core-buttons-is-layout-03627597 wp-block-buttons-is-layout-flex\">\n<div class=\"wp-block-button\"><a class=\"wp-block-button__link wp-element-button\" href=\"https:\/\/kawasakirobotics.com\/es\/products\/\">APRENDE M\u00c1S<\/a><\/div>\n<\/div>\n\n\n\n<h2 class=\"wp-block-heading\">Nuestro INGENIO HUMANO.<\/h2>\n\n\n\n<figure class=\"wp-block-image size-large\"><img loading=\"lazy\" decoding=\"async\" width=\"900\" height=\"506\" src=\"https:\/\/kawasakirobotics.com\/tachyon\/sites\/5\/2022\/03\/ingenuity_03_960x540.webp\" alt=\"Cliente\" class=\"wp-image-4868\" srcset=\"https:\/\/kawasakirobotics.com\/tachyon\/sites\/31\/2022\/03\/ingenuity_03_960x540.webp?resize=900%2C506&amp;crop_strategy=smart&amp;zoom=1 900w, https:\/\/kawasakirobotics.com\/tachyon\/sites\/31\/2022\/03\/ingenuity_03_960x540.webp?resize=900%2C506&amp;crop_strategy=smart&amp;zoom=0.5 450w, https:\/\/kawasakirobotics.com\/tachyon\/sites\/31\/2022\/03\/ingenuity_03_960x540.webp?resize=900%2C506&amp;crop_strategy=smart&amp;zoom=0.25 225w\" sizes=\"auto, (max-width: 900px) 100vw, 900px\" \/><\/figure>\n\n\n\n<p>Automatizar un proceso es mucho m\u00e1s que simplemente comprar un robot, por eso queremos ser su socio en el camino. No solo actuamos como si nos importara; realmente nos importa. Contestamos el tel\u00e9fono cuando llama y lo tratamos de la misma manera, ya sea una empresa a gran escala o una peque\u00f1a o mediana empresa. Hablamos claramente y nunca enga\u00f1amos, siempre tratando a nuestros clientes y socios de la manera en que nos gustar\u00eda ser tratados. Este es nuestro compromiso de utilizar el ingenio humano para desarrollar una rob\u00f3tica que marque la diferencia.<\/p>\n\n\n\n<div class=\"wp-block-buttons is-horizontal is-content-justification-center is-layout-flex wp-container-core-buttons-is-layout-03627597 wp-block-buttons-is-layout-flex\">\n<div class=\"wp-block-button\"><a class=\"wp-block-button__link wp-element-button\" href=\"https:\/\/kawasakirobotics.com\/es\/company\/\">APRENDE M\u00c1S<\/a><\/div>\n<\/div>\n\n\n\n<h2 class=\"wp-block-heading\">Nuestra EXPERIENCIA DE CLIENTE.<\/h2>\n\n\n\n<figure class=\"wp-block-image size-large\"><img loading=\"lazy\" decoding=\"async\" width=\"900\" height=\"506\" src=\"https:\/\/kawasakirobotics.com\/tachyon\/sites\/5\/2022\/03\/cust-experience_01_960x540.webp\" alt=\"WHY KAWASAKI ROBOTICS02\" class=\"wp-image-4869\" srcset=\"https:\/\/kawasakirobotics.com\/tachyon\/sites\/31\/2022\/03\/cust-experience_01_960x540.webp?resize=900%2C506&amp;crop_strategy=smart&amp;zoom=1 900w, https:\/\/kawasakirobotics.com\/tachyon\/sites\/31\/2022\/03\/cust-experience_01_960x540.webp?resize=900%2C506&amp;crop_strategy=smart&amp;zoom=0.5 450w, https:\/\/kawasakirobotics.com\/tachyon\/sites\/31\/2022\/03\/cust-experience_01_960x540.webp?resize=900%2C506&amp;crop_strategy=smart&amp;zoom=0.25 225w\" sizes=\"auto, (max-width: 900px) 100vw, 900px\" \/><\/figure>\n\n\n\n<p>Realmente valoramos la experiencia de nuestros clientes, por lo que el equipo de Kawasaki Robotics siempre est\u00e1 disponible. Nuestros equipos de servicio y soporte son globales y su objetivo principal es encontrar la soluci\u00f3n adecuada para usted. Trabajaremos con usted para tratar de resolver problemas de forma remota, un servicio gratuito para todos los clientes y socios. Estamos comprometidos a convertirlo en una historia de \u00e9xito en automatizaci\u00f3n.<\/p>\n\n\n\n<div class=\"wp-block-buttons is-horizontal is-content-justification-center is-layout-flex wp-container-core-buttons-is-layout-03627597 wp-block-buttons-is-layout-flex\">\n<div class=\"wp-block-button\"><a class=\"wp-block-button__link wp-element-button\" href=\"https:\/\/kawasakirobotics.com\/es\/customer-experience\/\">APRENDE M\u00c1S<\/a><\/div>\n<\/div>\n\n\n\n<div class=\"wp-block-group alignfull site-cta is-layout-flow wp-block-group-is-layout-flow\">\n<div class=\"wp-block-group site-cta__inside is-layout-flow wp-block-group-is-layout-flow\">\n<p class=\"site-cta__text\"><strong><a rel=\"noreferrer noopener\" href=\"https:\/\/kawasaki-corporate.spiral-site.com\/ind_robot_en?_ifbs-ind_robot_en=s1_Step1\" target=\"_blank\">\u00bfListo para dar el siguiente paso hacia la automatizaci\u00f3n?<\/a><\/strong><\/p>\n<\/div>\n<\/div>\n","protected":false},"excerpt":{"rendered":"<p>Con un enfoque basado en el servicio, un lenguaje de programaci\u00f3n flexible y abierto y una mentalidad de fabricante primero, somos un tipo diferente de empresa de robots. Nuestra ACCESIBILIDAD. La transparencia es importante para nosotros en todos los niveles de nuestra organizaci\u00f3n. Cuando trabaje con Kawasaki Robotics, no encontrar\u00e1 costos ocultos por software, manuales, capacitaci\u00f3n y llamadas de servicio remoto, etc. Nuestra plataforma de programaci\u00f3n de c\u00f3digo abierto ofrece varios tipos de lenguajes de programaci\u00f3n para todos los niveles de habilidad. Dando a los usuarios la capacidad de escalar desde operaciones b\u00e1sicas hasta integraciones de IA. Esto, combinado con nuestros exclusivos recursos y herramientas en l\u00ednea, permite a nuestros [&hellip;]<\/p>\n","protected":false},"author":9,"featured_media":0,"parent":0,"menu_order":3,"comment_status":"closed","ping_status":"closed","template":"","meta":{"ep_exclude_from_search":false,"footnotes":""},"class_list":["post-3868","page","type-page","status-publish","hentry"],"yoast_head":"<!-- This site is optimized with the Yoast SEO plugin v25.9 - https:\/\/yoast.com\/wordpress\/plugins\/seo\/ -->\n<title>WHY KAWASAKI ROBOTICS | Industrial Robots by Kawasaki Robotics<\/title>\n<meta name=\"description\" content=\"With a service-based approach, an open programming language and a manufacturer-first mindset, we are a different type of robot company.\" \/>\n<meta name=\"robots\" content=\"index, follow, max-snippet:-1, max-image-preview:large, max-video-preview:-1\" \/>\n<link rel=\"canonical\" href=\"https:\/\/kawasakirobotics.com\/es\/why-kawasaki-robotics\/\" \/>\n<meta property=\"og:locale\" content=\"es_ES\" \/>\n<meta property=\"og:type\" content=\"article\" \/>\n<meta property=\"og:title\" content=\"WHY KAWASAKI ROBOTICS | Industrial Robots by Kawasaki Robotics\" \/>\n<meta property=\"og:description\" content=\"With a service-based approach, an open programming language and a manufacturer-first mindset, we are a different type of robot company.\" \/>\n<meta property=\"og:url\" content=\"https:\/\/kawasakirobotics.com\/es\/why-kawasaki-robotics\/\" \/>\n<meta property=\"og:site_name\" content=\"Kawasaki Robotics\" \/>\n<meta property=\"article:modified_time\" content=\"2025-05-10T07:35:18+00:00\" \/>\n<meta property=\"og:image\" content=\"https:\/\/kawasakirobotics.com\/content\/themes\/krobot-theme\/src\/images\/default\/ogp.jpg\" \/>\n\t<meta property=\"og:image:width\" content=\"1200\" \/>\n\t<meta property=\"og:image:height\" content=\"630\" \/>\n\t<meta property=\"og:image:type\" content=\"image\/jpeg\" \/>\n<meta name=\"twitter:card\" content=\"summary_large_image\" \/>\n<script type=\"application\/ld+json\" class=\"yoast-schema-graph\">{\"@context\":\"https:\/\/schema.org\",\"@graph\":[{\"@type\":\"WebPage\",\"@id\":\"https:\/\/kawasakirobotics.com\/es\/why-kawasaki-robotics\/\",\"url\":\"https:\/\/kawasakirobotics.com\/es\/why-kawasaki-robotics\/\",\"name\":\"WHY KAWASAKI ROBOTICS | Industrial Robots by Kawasaki Robotics\",\"isPartOf\":{\"@id\":\"https:\/\/kawasakirobotics.com\/es\/#website\"},\"primaryImageOfPage\":{\"@id\":\"https:\/\/kawasakirobotics.com\/es\/why-kawasaki-robotics\/#primaryimage\"},\"image\":{\"@id\":\"https:\/\/kawasakirobotics.com\/es\/why-kawasaki-robotics\/#primaryimage\"},\"thumbnailUrl\":\"https:\/\/kawasakirobotics.com\/tachyon\/sites\/5\/2022\/03\/accessibility_004_960x540.webp\",\"datePublished\":\"2022-02-21T17:45:24+00:00\",\"dateModified\":\"2025-05-10T07:35:18+00:00\",\"description\":\"With a service-based approach, an open programming language and a manufacturer-first mindset, we are a different type of robot company.\",\"breadcrumb\":{\"@id\":\"https:\/\/kawasakirobotics.com\/es\/why-kawasaki-robotics\/#breadcrumb\"},\"inLanguage\":\"es\",\"potentialAction\":[{\"@type\":\"ReadAction\",\"target\":[\"https:\/\/kawasakirobotics.com\/es\/why-kawasaki-robotics\/\"]}]},{\"@type\":\"ImageObject\",\"inLanguage\":\"es\",\"@id\":\"https:\/\/kawasakirobotics.com\/es\/why-kawasaki-robotics\/#primaryimage\",\"url\":\"https:\/\/kawasakirobotics.com\/tachyon\/sites\/5\/2022\/03\/accessibility_004_960x540.webp\",\"contentUrl\":\"https:\/\/kawasakirobotics.com\/tachyon\/sites\/5\/2022\/03\/accessibility_004_960x540.webp\"},{\"@type\":\"BreadcrumbList\",\"@id\":\"https:\/\/kawasakirobotics.com\/es\/why-kawasaki-robotics\/#breadcrumb\",\"itemListElement\":[{\"@type\":\"ListItem\",\"position\":1,\"name\":\"Home\",\"item\":\"https:\/\/kawasakirobotics.com\/es\/\"},{\"@type\":\"ListItem\",\"position\":2,\"name\":\"WHY KAWASAKI ROBOTICS\"}]},{\"@type\":\"WebSite\",\"@id\":\"https:\/\/kawasakirobotics.com\/es\/#website\",\"url\":\"https:\/\/kawasakirobotics.com\/es\/\",\"name\":\"Kawasaki Robotics\",\"description\":\"\",\"publisher\":{\"@id\":\"https:\/\/kawasakirobotics.com\/es\/#organization\"},\"potentialAction\":[{\"@type\":\"SearchAction\",\"target\":{\"@type\":\"EntryPoint\",\"urlTemplate\":\"https:\/\/kawasakirobotics.com\/es\/?s={search_term_string}\"},\"query-input\":{\"@type\":\"PropertyValueSpecification\",\"valueRequired\":true,\"valueName\":\"search_term_string\"}}],\"inLanguage\":\"es\"},{\"@type\":\"Organization\",\"@id\":\"https:\/\/kawasakirobotics.com\/es\/#organization\",\"name\":\"\u5ddd\u5d0e\u91cd\u5de5\u696d\u30ed\u30dc\u30c3\u30c8\u30c7\u30a3\u30d3\u30b8\u30e7\u30f3\",\"url\":\"https:\/\/kawasakirobotics.com\/es\/\",\"logo\":{\"@type\":\"ImageObject\",\"inLanguage\":\"es\",\"@id\":\"https:\/\/kawasakirobotics.com\/es\/#\/schema\/logo\/image\/\",\"url\":\"\",\"contentUrl\":\"\",\"caption\":\"\u5ddd\u5d0e\u91cd\u5de5\u696d\u30ed\u30dc\u30c3\u30c8\u30c7\u30a3\u30d3\u30b8\u30e7\u30f3\"},\"image\":{\"@id\":\"https:\/\/kawasakirobotics.com\/es\/#\/schema\/logo\/image\/\"}}]}<\/script>\n<!-- \/ Yoast SEO plugin. -->","yoast_head_json":{"title":"WHY KAWASAKI ROBOTICS | Industrial Robots by Kawasaki Robotics","description":"With a service-based approach, an open programming language and a manufacturer-first mindset, we are a different type of robot company.","robots":{"index":"index","follow":"follow","max-snippet":"max-snippet:-1","max-image-preview":"max-image-preview:large","max-video-preview":"max-video-preview:-1"},"canonical":"https:\/\/kawasakirobotics.com\/es\/why-kawasaki-robotics\/","og_locale":"es_ES","og_type":"article","og_title":"WHY KAWASAKI ROBOTICS | Industrial Robots by Kawasaki Robotics","og_description":"With a service-based approach, an open programming language and a manufacturer-first mindset, we are a different type of robot company.","og_url":"https:\/\/kawasakirobotics.com\/es\/why-kawasaki-robotics\/","og_site_name":"Kawasaki Robotics","article_modified_time":"2025-05-10T07:35:18+00:00","og_image":[{"url":"https:\/\/kawasakirobotics.com\/content\/themes\/krobot-theme\/src\/images\/default\/ogp.jpg","width":"1200","height":"630","type":"image\/jpeg"}],"twitter_card":"summary_large_image","schema":{"@context":"https:\/\/schema.org","@graph":[{"@type":"WebPage","@id":"https:\/\/kawasakirobotics.com\/es\/why-kawasaki-robotics\/","url":"https:\/\/kawasakirobotics.com\/es\/why-kawasaki-robotics\/","name":"WHY KAWASAKI ROBOTICS | Industrial Robots by Kawasaki Robotics","isPartOf":{"@id":"https:\/\/kawasakirobotics.com\/es\/#website"},"primaryImageOfPage":{"@id":"https:\/\/kawasakirobotics.com\/es\/why-kawasaki-robotics\/#primaryimage"},"image":{"@id":"https:\/\/kawasakirobotics.com\/es\/why-kawasaki-robotics\/#primaryimage"},"thumbnailUrl":"https:\/\/kawasakirobotics.com\/tachyon\/sites\/5\/2022\/03\/accessibility_004_960x540.webp","datePublished":"2022-02-21T17:45:24+00:00","dateModified":"2025-05-10T07:35:18+00:00","description":"With a service-based approach, an open programming language and a manufacturer-first mindset, we are a different type of robot company.","breadcrumb":{"@id":"https:\/\/kawasakirobotics.com\/es\/why-kawasaki-robotics\/#breadcrumb"},"inLanguage":"es","potentialAction":[{"@type":"ReadAction","target":["https:\/\/kawasakirobotics.com\/es\/why-kawasaki-robotics\/"]}]},{"@type":"ImageObject","inLanguage":"es","@id":"https:\/\/kawasakirobotics.com\/es\/why-kawasaki-robotics\/#primaryimage","url":"https:\/\/kawasakirobotics.com\/tachyon\/sites\/5\/2022\/03\/accessibility_004_960x540.webp","contentUrl":"https:\/\/kawasakirobotics.com\/tachyon\/sites\/5\/2022\/03\/accessibility_004_960x540.webp"},{"@type":"BreadcrumbList","@id":"https:\/\/kawasakirobotics.com\/es\/why-kawasaki-robotics\/#breadcrumb","itemListElement":[{"@type":"ListItem","position":1,"name":"Home","item":"https:\/\/kawasakirobotics.com\/es\/"},{"@type":"ListItem","position":2,"name":"WHY KAWASAKI ROBOTICS"}]},{"@type":"WebSite","@id":"https:\/\/kawasakirobotics.com\/es\/#website","url":"https:\/\/kawasakirobotics.com\/es\/","name":"Kawasaki Robotics","description":"","publisher":{"@id":"https:\/\/kawasakirobotics.com\/es\/#organization"},"potentialAction":[{"@type":"SearchAction","target":{"@type":"EntryPoint","urlTemplate":"https:\/\/kawasakirobotics.com\/es\/?s={search_term_string}"},"query-input":{"@type":"PropertyValueSpecification","valueRequired":true,"valueName":"search_term_string"}}],"inLanguage":"es"},{"@type":"Organization","@id":"https:\/\/kawasakirobotics.com\/es\/#organization","name":"\u5ddd\u5d0e\u91cd\u5de5\u696d\u30ed\u30dc\u30c3\u30c8\u30c7\u30a3\u30d3\u30b8\u30e7\u30f3","url":"https:\/\/kawasakirobotics.com\/es\/","logo":{"@type":"ImageObject","inLanguage":"es","@id":"https:\/\/kawasakirobotics.com\/es\/#\/schema\/logo\/image\/","url":"","contentUrl":"","caption":"\u5ddd\u5d0e\u91cd\u5de5\u696d\u30ed\u30dc\u30c3\u30c8\u30c7\u30a3\u30d3\u30b8\u30e7\u30f3"},"image":{"@id":"https:\/\/kawasakirobotics.com\/es\/#\/schema\/logo\/image\/"}}]}},"_links":{"self":[{"href":"https:\/\/kawasakirobotics.com\/es\/wp-json\/wp\/v2\/pages\/3868","targetHints":{"allow":["GET"]}}],"collection":[{"href":"https:\/\/kawasakirobotics.com\/es\/wp-json\/wp\/v2\/pages"}],"about":[{"href":"https:\/\/kawasakirobotics.com\/es\/wp-json\/wp\/v2\/types\/page"}],"author":[{"embeddable":true,"href":"https:\/\/kawasakirobotics.com\/es\/wp-json\/wp\/v2\/users\/9"}],"replies":[{"embeddable":true,"href":"https:\/\/kawasakirobotics.com\/es\/wp-json\/wp\/v2\/comments?post=3868"}],"version-history":[{"count":15,"href":"https:\/\/kawasakirobotics.com\/es\/wp-json\/wp\/v2\/pages\/3868\/revisions"}],"predecessor-version":[{"id":5838,"href":"https:\/\/kawasakirobotics.com\/es\/wp-json\/wp\/v2\/pages\/3868\/revisions\/5838"}],"wp:attachment":[{"href":"https:\/\/kawasakirobotics.com\/es\/wp-json\/wp\/v2\/media?parent=3868"}],"curies":[{"name":"wp","href":"https:\/\/api.w.org\/{rel}","templated":true}]}}