{"id":3871,"date":"2022-02-21T17:46:03","date_gmt":"2022-02-21T17:46:03","guid":{"rendered":"urn:uuid:52320cec-a814-4c62-b17b-e31c7a4f10a3"},"modified":"2025-05-10T09:36:57","modified_gmt":"2025-05-10T07:36:57","slug":"robot-automation-faqs","status":"publish","type":"page","link":"https:\/\/kawasakirobotics.com\/es\/robot-automation-faqs\/","title":{"rendered":"Preguntas frecuentes sobre automatizaci\u00f3n de robots"},"content":{"rendered":"\n<figure class=\"wp-block-gallery has-nested-images columns-default is-cropped wp-block-gallery-1 is-layout-flex wp-block-gallery-is-layout-flex\">\n<figure class=\"wp-block-image size-large\"><img loading=\"lazy\" decoding=\"async\" width=\"1117\" height=\"1117\" data-id=\"5497\" src=\"https:\/\/kawasakirobotics.com\/tachyon\/2022\/03\/quality_005_1800x1200-2.jpg?fit=900%2C900\" alt=\"Automatizaci\u00f3n de pintura de Robert Lambeck con Kawasaki Robotics\" class=\"wp-image-5497\" \/><\/figure>\n\n\n\n<figure class=\"wp-block-image size-large\"><img decoding=\"async\" data-id=\"5624\" src=\"https:\/\/kawasakirobotics.com\/tachyon\/2022\/03\/Harbour-Tech-Cell-1-1.png\" alt=\"Robots de soldadura Kawasaki con posicionador K PST375-I1\" class=\"wp-image-5624\" \/><\/figure>\n\n\n\n<figure class=\"wp-block-image size-large\"><img decoding=\"async\" data-id=\"5500\" src=\"https:\/\/kawasakirobotics.com\/tachyon\/2022\/03\/robot-arm_06_1800x1200.jpg?fit=900%2C900\" alt=\"\" class=\"wp-image-5500\" \/><\/figure>\n<\/figure>\n\n\n\n<h2 class=\"wp-block-heading\"><strong>Robots, rob\u00f3tica y automatizaci\u00f3n: \u00bfcu\u00e1l es la diferencia?<\/strong><\/h2>\n\n\n\n<p>Los robots, la rob\u00f3tica y la automatizaci\u00f3n se usan casi indistintamente pero tienen diferentes significados. Los robots son los brazos rob\u00f3ticos reales que se ven en una f\u00e1brica, y la rob\u00f3tica es la tecnolog\u00eda que implica la concepci\u00f3n, el dise\u00f1o, la construcci\u00f3n y el funcionamiento de los robots en la fabricaci\u00f3n. La automatizaci\u00f3n se define como una tecnolog\u00eda que utiliza sistemas mec\u00e1nicos, electr\u00f3nicos y basados en computadoras en la operaci\u00f3n y el control de la producci\u00f3n. Un sistema de robot automatizado utiliza muchos componentes para completar una tarea de forma aut\u00f3nom<\/p>\n\n\n\n<h2 class=\"wp-block-heading\"><strong>\u00bfCu\u00e1les son los principales tipos de aplicaciones rob\u00f3ticas?<\/strong><\/h2>\n\n\n\n<ul class=\"wp-block-list\">\n<li><strong>Material handling<\/strong> processes involve moving an item from one place to another, just as the name suggests.<\/li>\n\n\n\n<li><strong>Assembly <\/strong>tasks require a robot to put something together. That could mean assembling multiple parts, like a gear box or a printed circuit board.<\/li>\n\n\n\n<li><strong>Processing<\/strong> applications include tasks like painting, arc welding, spot welding, polishing, and grinding.<\/li>\n<\/ul>\n\n\n\n<h2 class=\"wp-block-heading\"><strong>\u00bfC\u00f3mo elijo el brazo rob\u00f3tico adecuado para mi aplicaci\u00f3n?<\/strong><\/h2>\n\n\n\n<p>Take the following items into account:<\/p>\n\n\n\n<ul class=\"wp-block-list\">\n<li><strong>Payload<\/strong> is the amount of weight a robot arm can lift. Don\u2019t forget to include the weight of the end effector and bracketing, if needed, into the payload calculation.<\/li>\n\n\n\n<li><strong>Reach<\/strong> is how far your robot arm can reach vertically and horizontally, which helps define the robot workspace and the application design.<\/li>\n\n\n\n<li><strong>Type<\/strong> is defined by the mechanical joints, rotary and\/or linear, that impart movement to the robot arm. Robots come with one to seven axes: Cartesian, SCARA, Delta, Collaborative and Articulated robots.<\/li>\n<\/ul>\n\n\n\n<h2 class=\"wp-block-heading\">\u00bfQu\u00e9 componentes entran en una celda rob\u00f3tica automatizada?<\/h2>\n\n\n\n<p>Un robot necesita equipo adicional para estar operativo y realizar tareas. Aqu\u00ed est\u00e1n algunos ejemplos:<\/p>\n\n\n\n<ul class=\"wp-block-list\">\n<li><strong>End effectors<\/strong> are also known as a gripper or end-of-arm tool. It\u2019s mounted to the end of the robot arm and is central to the application.<\/li>\n\n\n\n<li><strong>Cell controls<\/strong> include a controller that controls all operations of the cell. A teach pendant allows the user to program and operate the robot.<\/li>\n\n\n\n<li><strong>Peripheral equipment<\/strong> encompasses a wide range of items, such as infeed\/outfeed conveyors, part positioners, fixtures, vision systems and more.<\/li>\n\n\n\n<li><strong>Sensors<\/strong> relay presence\/absence information of parts to the robot. For example: When a part has reached a certain position on a conveyor, the sensor detects the part so the robot can execute a pick-up motion.<\/li>\n\n\n\n<li><strong>Safety<\/strong> is the most important part of any automated robotic cell. Safety methods protect personnel from hazards associated with the robot cell in operation. There are a wide range of options for safety equipment, from full safety fencing to sensors that require no actual hardware.<\/li>\n<\/ul>\n\n\n\n<h2 class=\"wp-block-heading\"><strong>\u00bfC\u00f3mo se programan los robots?<\/strong><\/h2>\n\n\n\n<p>Cada fabricante de robots usa su propio lenguaje de programaci\u00f3n, sin embargo, el nuestro es el mejor amigo de un ingeniero. La plataforma de programaci\u00f3n de Kawasaki Robotics se compone de tres lenguajes de programaci\u00f3n potentes, intuitivos y flexibles para las aplicaciones m\u00e1s b\u00e1sicas y complejas: no limitamos su potencial.<\/p>\n\n\n\n<ul class=\"wp-block-list\">\n<li><strong>Kawasaki Block-Step Language<\/strong> is our beginner programming language and can be used for most applications. It\u2019s for the everyday operator and can be used to touch up points if necessary.<\/li>\n\n\n\n<li><strong>Kawasaki AS Language<\/strong> is geared toward users who already have basic programming experience. It allows them to write simple or complex motion paths and control logic. The open structure of AS Language allows users to program even the most advanced applications<\/li>\n\n\n\n<li><strong>KRNX<\/strong> is for our more advanced programmers. It uses an API that lets externally generated motion programs control the robot<\/li>\n<\/ul>\n\n\n\n<h2 class=\"wp-block-heading\"><strong>\u00bfQu\u00e9 tipos de aplicaciones son ideales para la automatizaci\u00f3n?<\/strong><\/h2>\n\n\n\n<p>Los brazos rob\u00f3ticos industriales son ideales para tareas que no son ideales para los humanos. Aqu\u00ed hay una lista de criterios:<\/p>\n\n\n\n<ul class=\"wp-block-list\">\n<li><strong>Dull:<\/strong> Tedious and repetitive tasks<\/li>\n\n\n\n<li><strong>Dirty:<\/strong> Applications in environments with lots of dust, paint or excessive debris<\/li>\n\n\n\n<li><strong>Dangerous:<\/strong> Hazardous processes that put employees at risk of injury<\/li>\n\n\n\n<li><strong>High precision:<\/strong> For products that require a flawless finish or highly accurate measurements<\/li>\n<\/ul>\n\n\n\n<h2 class=\"wp-block-heading\"><strong>\u00bfCu\u00e1les son las ventajas de la automatizaci\u00f3n rob\u00f3tica?<\/strong><\/h2>\n\n\n\n<p>Para la aplicaci\u00f3n correcta, los sistemas rob\u00f3ticos brindan una gran cantidad de beneficios para el usuario final. Un robot puede funcionar sin parar a una velocidad definida sin supervisi\u00f3n, lo que le brinda la oportunidad de aumentar los vol\u00famenes de producci\u00f3n..&nbsp;&nbsp;<\/p>\n\n\n\n<p>Otro beneficio de la automatizaci\u00f3n rob\u00f3tica es la consistencia. Los robots funcionan con alta repetibilidad y precisi\u00f3n, y eso se refleja en la mejora de la calidad de las piezas. Y al permitir que los robots manejen tareas no amigables para los humanos, los empleadores pueden volver a capacitar a su fuerza laboral para un trabajo m\u00e1s satisfactorio en un entorno m\u00e1s seguro, solo por nombrar algunos.<\/p>\n\n\n\n<h2 class=\"wp-block-heading\"><strong>\u00bfQu\u00e9 medidas puedo tomar para asegurarme de que mi sistema de robot automatizado funcione correctamente?<\/strong><\/h2>\n\n\n\n<p>Al pasar de un proceso manual a un proceso automatizado, es posible que deba realizar algunos cambios en el dise\u00f1o de la pieza, las herramientas y los accesorios para asegurarse de que sea adecuado para la automatizaci\u00f3n. Esta inversi\u00f3n se justificar\u00e1 en los ahorros de costos que ver\u00e1 una vez que su celda est\u00e9 en funcionamiento.<\/p>\n\n\n\n<p>Es importante seleccionar un integrador de sistemas que suministre el sistema de robot desde el principio. Desea asociarse con expertos titulares que tengan experiencia en la concepci\u00f3n, el dise\u00f1o, la construcci\u00f3n y la puesta en marcha del sistema de robot. Pero no olvide que usted es el experto en la fabricaci\u00f3n de su producto: es la combinaci\u00f3n de su experiencia y la experiencia de ellos lo que da como resultado aplicaciones exitosas.<\/p>\n\n\n\n<div style=\"height:100px\" aria-hidden=\"true\" class=\"wp-block-spacer\"><\/div>\n\n\n\n<div class=\"wp-block-cover alignfull is-light full_cover_block no-margin\"><span aria-hidden=\"true\" class=\"wp-block-cover__background has-white-background-color has-background-dim-90 has-background-dim\"><\/span><img loading=\"lazy\" decoding=\"async\" width=\"2560\" height=\"1714\" class=\"wp-block-cover__image-background wp-image-4414\" alt=\"\" src=\"https:\/\/kawasakirobotics.com\/tachyon\/sites\/5\/2022\/03\/A1760478-scaled.jpg\" data-object-fit=\"cover\" srcset=\"https:\/\/kawasakirobotics.com\/tachyon\/sites\/31\/2022\/03\/A1760478-scaled.jpg?resize=2560%2C1714&amp;zoom=1 2560w, https:\/\/kawasakirobotics.com\/tachyon\/sites\/31\/2022\/03\/A1760478-scaled.jpg?resize=2560%2C1714&amp;zoom=0.5 1280w, https:\/\/kawasakirobotics.com\/tachyon\/sites\/31\/2022\/03\/A1760478-scaled.jpg?resize=2560%2C1714&amp;zoom=0.25 640w\" sizes=\"auto, (max-width: 2560px) 100vw, 2560px\" \/><div class=\"wp-block-cover__inner-container is-layout-flow wp-block-cover-is-layout-flow\">\n<h1 class=\"wp-block-heading has-text-align-center\">\u00bfTodav\u00eda tienes preguntas?<\/h1>\n\n\n\n<p>Estamos felices de chatear.<\/p>\n\n\n\n<div class=\"wp-block-buttons is-vertical is-content-justification-center is-layout-flex wp-container-core-buttons-is-layout-734eb2c2 wp-block-buttons-is-layout-flex\">\n<div class=\"wp-block-button is-style-outline is-style-outline--2\"><a class=\"wp-block-button__link wp-element-button\" href=\"https:\/\/kawasakirobotics.com\/es\/inquiry\/\">CONT\u00c1CTENOS<\/a><\/div>\n<\/div>\n<\/div><\/div>\n","protected":false},"excerpt":{"rendered":"<p>Robots, rob\u00f3tica y automatizaci\u00f3n: \u00bfcu\u00e1l es la diferencia? Los robots, la rob\u00f3tica y la automatizaci\u00f3n se usan casi indistintamente pero tienen diferentes significados. Los robots son los brazos rob\u00f3ticos reales que se ven en una f\u00e1brica, y la rob\u00f3tica es la tecnolog\u00eda que implica la concepci\u00f3n, el dise\u00f1o, la construcci\u00f3n y el funcionamiento de los robots en la fabricaci\u00f3n. La automatizaci\u00f3n se define como una tecnolog\u00eda que utiliza sistemas mec\u00e1nicos, electr\u00f3nicos y basados en computadoras en la operaci\u00f3n y el control de la producci\u00f3n. Un sistema de robot automatizado utiliza muchos componentes para completar una tarea de forma aut\u00f3nom \u00bfCu\u00e1les son los principales tipos de aplicaciones rob\u00f3ticas? \u00bfC\u00f3mo elijo el [&hellip;]<\/p>\n","protected":false},"author":9,"featured_media":0,"parent":0,"menu_order":4,"comment_status":"closed","ping_status":"closed","template":"","meta":{"ep_exclude_from_search":false,"footnotes":""},"class_list":["post-3871","page","type-page","status-publish","hentry"],"yoast_head":"<!-- This site is optimized with the Yoast SEO plugin v25.9 - https:\/\/yoast.com\/wordpress\/plugins\/seo\/ -->\n<title>Preguntas frecuentes sobre automatizaci\u00f3n de robots | Industrial Robots by Kawasaki Robotics<\/title>\n<meta name=\"description\" content=\"Getting started with robotics? Browse frequently asked robot automation questions and find answers straight from our experts.\" \/>\n<meta name=\"robots\" content=\"index, follow, max-snippet:-1, max-image-preview:large, max-video-preview:-1\" \/>\n<link rel=\"canonical\" href=\"https:\/\/kawasakirobotics.com\/es\/robot-automation-faqs\/\" \/>\n<meta property=\"og:locale\" content=\"es_ES\" \/>\n<meta property=\"og:type\" content=\"article\" \/>\n<meta property=\"og:title\" content=\"Preguntas frecuentes sobre automatizaci\u00f3n de robots | Industrial Robots by Kawasaki Robotics\" \/>\n<meta property=\"og:description\" content=\"Getting started with robotics? Browse frequently asked robot automation questions and find answers straight from our experts.\" \/>\n<meta property=\"og:url\" content=\"https:\/\/kawasakirobotics.com\/es\/robot-automation-faqs\/\" \/>\n<meta property=\"og:site_name\" content=\"Kawasaki Robotics\" \/>\n<meta property=\"article:modified_time\" content=\"2025-05-10T07:36:57+00:00\" \/>\n<meta property=\"og:image\" content=\"https:\/\/kawasakirobotics.com\/content\/themes\/krobot-theme\/src\/images\/default\/ogp.jpg\" \/>\n\t<meta property=\"og:image:width\" content=\"1200\" \/>\n\t<meta property=\"og:image:height\" content=\"630\" \/>\n\t<meta property=\"og:image:type\" content=\"image\/jpeg\" \/>\n<meta name=\"twitter:card\" content=\"summary_large_image\" \/>\n<script type=\"application\/ld+json\" class=\"yoast-schema-graph\">{\"@context\":\"https:\/\/schema.org\",\"@graph\":[{\"@type\":\"WebPage\",\"@id\":\"https:\/\/kawasakirobotics.com\/es\/robot-automation-faqs\/\",\"url\":\"https:\/\/kawasakirobotics.com\/es\/robot-automation-faqs\/\",\"name\":\"Preguntas frecuentes sobre automatizaci\u00f3n de robots | Industrial Robots by Kawasaki Robotics\",\"isPartOf\":{\"@id\":\"https:\/\/kawasakirobotics.com\/es\/#website\"},\"primaryImageOfPage\":{\"@id\":\"https:\/\/kawasakirobotics.com\/es\/robot-automation-faqs\/#primaryimage\"},\"image\":{\"@id\":\"https:\/\/kawasakirobotics.com\/es\/robot-automation-faqs\/#primaryimage\"},\"thumbnailUrl\":\"https:\/\/kawasakirobotics.com\/tachyon\/2022\/03\/quality_005_1800x1200-2.jpg?fit=900%2C900\",\"datePublished\":\"2022-02-21T17:46:03+00:00\",\"dateModified\":\"2025-05-10T07:36:57+00:00\",\"description\":\"Getting started with robotics? Browse frequently asked robot automation questions and find answers straight from our experts.\",\"breadcrumb\":{\"@id\":\"https:\/\/kawasakirobotics.com\/es\/robot-automation-faqs\/#breadcrumb\"},\"inLanguage\":\"es\",\"potentialAction\":[{\"@type\":\"ReadAction\",\"target\":[\"https:\/\/kawasakirobotics.com\/es\/robot-automation-faqs\/\"]}]},{\"@type\":\"ImageObject\",\"inLanguage\":\"es\",\"@id\":\"https:\/\/kawasakirobotics.com\/es\/robot-automation-faqs\/#primaryimage\",\"url\":\"https:\/\/kawasakirobotics.com\/tachyon\/2022\/03\/quality_005_1800x1200-2.jpg?fit=900%2C900\",\"contentUrl\":\"https:\/\/kawasakirobotics.com\/tachyon\/2022\/03\/quality_005_1800x1200-2.jpg?fit=900%2C900\"},{\"@type\":\"BreadcrumbList\",\"@id\":\"https:\/\/kawasakirobotics.com\/es\/robot-automation-faqs\/#breadcrumb\",\"itemListElement\":[{\"@type\":\"ListItem\",\"position\":1,\"name\":\"Home\",\"item\":\"https:\/\/kawasakirobotics.com\/es\/\"},{\"@type\":\"ListItem\",\"position\":2,\"name\":\"Preguntas frecuentes sobre automatizaci\u00f3n de robots\"}]},{\"@type\":\"WebSite\",\"@id\":\"https:\/\/kawasakirobotics.com\/es\/#website\",\"url\":\"https:\/\/kawasakirobotics.com\/es\/\",\"name\":\"Kawasaki Robotics\",\"description\":\"\",\"publisher\":{\"@id\":\"https:\/\/kawasakirobotics.com\/es\/#organization\"},\"potentialAction\":[{\"@type\":\"SearchAction\",\"target\":{\"@type\":\"EntryPoint\",\"urlTemplate\":\"https:\/\/kawasakirobotics.com\/es\/?s={search_term_string}\"},\"query-input\":{\"@type\":\"PropertyValueSpecification\",\"valueRequired\":true,\"valueName\":\"search_term_string\"}}],\"inLanguage\":\"es\"},{\"@type\":\"Organization\",\"@id\":\"https:\/\/kawasakirobotics.com\/es\/#organization\",\"name\":\"\u5ddd\u5d0e\u91cd\u5de5\u696d\u30ed\u30dc\u30c3\u30c8\u30c7\u30a3\u30d3\u30b8\u30e7\u30f3\",\"url\":\"https:\/\/kawasakirobotics.com\/es\/\",\"logo\":{\"@type\":\"ImageObject\",\"inLanguage\":\"es\",\"@id\":\"https:\/\/kawasakirobotics.com\/es\/#\/schema\/logo\/image\/\",\"url\":\"\",\"contentUrl\":\"\",\"caption\":\"\u5ddd\u5d0e\u91cd\u5de5\u696d\u30ed\u30dc\u30c3\u30c8\u30c7\u30a3\u30d3\u30b8\u30e7\u30f3\"},\"image\":{\"@id\":\"https:\/\/kawasakirobotics.com\/es\/#\/schema\/logo\/image\/\"}}]}<\/script>\n<!-- \/ Yoast SEO plugin. -->","yoast_head_json":{"title":"Preguntas frecuentes sobre automatizaci\u00f3n de robots | Industrial Robots by Kawasaki Robotics","description":"Getting started with robotics? Browse frequently asked robot automation questions and find answers straight from our experts.","robots":{"index":"index","follow":"follow","max-snippet":"max-snippet:-1","max-image-preview":"max-image-preview:large","max-video-preview":"max-video-preview:-1"},"canonical":"https:\/\/kawasakirobotics.com\/es\/robot-automation-faqs\/","og_locale":"es_ES","og_type":"article","og_title":"Preguntas frecuentes sobre automatizaci\u00f3n de robots | Industrial Robots by Kawasaki Robotics","og_description":"Getting started with robotics? Browse frequently asked robot automation questions and find answers straight from our experts.","og_url":"https:\/\/kawasakirobotics.com\/es\/robot-automation-faqs\/","og_site_name":"Kawasaki Robotics","article_modified_time":"2025-05-10T07:36:57+00:00","og_image":[{"url":"https:\/\/kawasakirobotics.com\/content\/themes\/krobot-theme\/src\/images\/default\/ogp.jpg","width":"1200","height":"630","type":"image\/jpeg"}],"twitter_card":"summary_large_image","schema":{"@context":"https:\/\/schema.org","@graph":[{"@type":"WebPage","@id":"https:\/\/kawasakirobotics.com\/es\/robot-automation-faqs\/","url":"https:\/\/kawasakirobotics.com\/es\/robot-automation-faqs\/","name":"Preguntas frecuentes sobre automatizaci\u00f3n de robots | Industrial Robots by Kawasaki Robotics","isPartOf":{"@id":"https:\/\/kawasakirobotics.com\/es\/#website"},"primaryImageOfPage":{"@id":"https:\/\/kawasakirobotics.com\/es\/robot-automation-faqs\/#primaryimage"},"image":{"@id":"https:\/\/kawasakirobotics.com\/es\/robot-automation-faqs\/#primaryimage"},"thumbnailUrl":"https:\/\/kawasakirobotics.com\/tachyon\/2022\/03\/quality_005_1800x1200-2.jpg?fit=900%2C900","datePublished":"2022-02-21T17:46:03+00:00","dateModified":"2025-05-10T07:36:57+00:00","description":"Getting started with robotics? Browse frequently asked robot automation questions and find answers straight from our experts.","breadcrumb":{"@id":"https:\/\/kawasakirobotics.com\/es\/robot-automation-faqs\/#breadcrumb"},"inLanguage":"es","potentialAction":[{"@type":"ReadAction","target":["https:\/\/kawasakirobotics.com\/es\/robot-automation-faqs\/"]}]},{"@type":"ImageObject","inLanguage":"es","@id":"https:\/\/kawasakirobotics.com\/es\/robot-automation-faqs\/#primaryimage","url":"https:\/\/kawasakirobotics.com\/tachyon\/2022\/03\/quality_005_1800x1200-2.jpg?fit=900%2C900","contentUrl":"https:\/\/kawasakirobotics.com\/tachyon\/2022\/03\/quality_005_1800x1200-2.jpg?fit=900%2C900"},{"@type":"BreadcrumbList","@id":"https:\/\/kawasakirobotics.com\/es\/robot-automation-faqs\/#breadcrumb","itemListElement":[{"@type":"ListItem","position":1,"name":"Home","item":"https:\/\/kawasakirobotics.com\/es\/"},{"@type":"ListItem","position":2,"name":"Preguntas frecuentes sobre automatizaci\u00f3n de robots"}]},{"@type":"WebSite","@id":"https:\/\/kawasakirobotics.com\/es\/#website","url":"https:\/\/kawasakirobotics.com\/es\/","name":"Kawasaki Robotics","description":"","publisher":{"@id":"https:\/\/kawasakirobotics.com\/es\/#organization"},"potentialAction":[{"@type":"SearchAction","target":{"@type":"EntryPoint","urlTemplate":"https:\/\/kawasakirobotics.com\/es\/?s={search_term_string}"},"query-input":{"@type":"PropertyValueSpecification","valueRequired":true,"valueName":"search_term_string"}}],"inLanguage":"es"},{"@type":"Organization","@id":"https:\/\/kawasakirobotics.com\/es\/#organization","name":"\u5ddd\u5d0e\u91cd\u5de5\u696d\u30ed\u30dc\u30c3\u30c8\u30c7\u30a3\u30d3\u30b8\u30e7\u30f3","url":"https:\/\/kawasakirobotics.com\/es\/","logo":{"@type":"ImageObject","inLanguage":"es","@id":"https:\/\/kawasakirobotics.com\/es\/#\/schema\/logo\/image\/","url":"","contentUrl":"","caption":"\u5ddd\u5d0e\u91cd\u5de5\u696d\u30ed\u30dc\u30c3\u30c8\u30c7\u30a3\u30d3\u30b8\u30e7\u30f3"},"image":{"@id":"https:\/\/kawasakirobotics.com\/es\/#\/schema\/logo\/image\/"}}]}},"_links":{"self":[{"href":"https:\/\/kawasakirobotics.com\/es\/wp-json\/wp\/v2\/pages\/3871","targetHints":{"allow":["GET"]}}],"collection":[{"href":"https:\/\/kawasakirobotics.com\/es\/wp-json\/wp\/v2\/pages"}],"about":[{"href":"https:\/\/kawasakirobotics.com\/es\/wp-json\/wp\/v2\/types\/page"}],"author":[{"embeddable":true,"href":"https:\/\/kawasakirobotics.com\/es\/wp-json\/wp\/v2\/users\/9"}],"replies":[{"embeddable":true,"href":"https:\/\/kawasakirobotics.com\/es\/wp-json\/wp\/v2\/comments?post=3871"}],"version-history":[{"count":13,"href":"https:\/\/kawasakirobotics.com\/es\/wp-json\/wp\/v2\/pages\/3871\/revisions"}],"predecessor-version":[{"id":5839,"href":"https:\/\/kawasakirobotics.com\/es\/wp-json\/wp\/v2\/pages\/3871\/revisions\/5839"}],"wp:attachment":[{"href":"https:\/\/kawasakirobotics.com\/es\/wp-json\/wp\/v2\/media?parent=3871"}],"curies":[{"name":"wp","href":"https:\/\/api.w.org\/{rel}","templated":true}]}}