{"id":3892,"date":"2022-02-21T18:22:44","date_gmt":"2022-02-21T18:22:44","guid":{"rendered":"urn:uuid:3d9739a4-784d-466c-a6d1-fdff1587f7e8"},"modified":"2026-04-06T09:50:04","modified_gmt":"2026-04-06T07:50:04","slug":"careers","status":"publish","type":"page","link":"https:\/\/kawasakirobotics.com\/es\/company\/careers\/","title":{"rendered":"Careers: Kawasaki Robotics GmbH"},"content":{"rendered":"\n<figure class=\"wp-block-flexible-table-block-table is-scroll-on-mobile\"><table class=\"has-fixed-layout\"><tbody><tr><td>Negocio<\/td><td>Rob\u00f3tica<\/td><\/tr><tr><td>Empresa<\/td><td><a href=\"https:\/\/global.kawasaki.com\/en\/corp\/profile\/network\/krg.html\" target=\"_blank\" rel=\"noreferrer noopener\">Kawasaki Robotics GmbH<\/a><\/td><\/tr><tr><td>Localizaci\u00f3n<\/td><td>Alemania<\/td><\/tr><\/tbody><\/table><\/figure>\n\n\n\n<p>Kawasaki Robotics GmbH es la sede europea de la divisi\u00f3n de rob\u00f3tica de Kawasaki Heavy Industries con sede en Neuss, Alemania, y responsable de ventas, ingenier\u00eda y servicio en Alemania y Europa. Una red conjunta con Distribuidores regionales asegura de manera r\u00e1pida, profesional y confiable que se satisfagan las necesidades de los clientes. Kawasaki ofrece un entorno de trabajo \u00fanico y diverso que fomenta la creatividad y la innovaci\u00f3n, y realmente adopta la filosof\u00eda de que nuestro mayor activo son nuestros empleados.<br>En Kawasaki Robotics GmbH, sabemos que nuestros empleados son la columna vertebral de nuestra organizaci\u00f3n, nuestra ventaja competitiva. Su creatividad, compromiso y trabajo duro son el motor que mueve nuestra empresa.<\/p>\n\n\n\n<h2 class=\"wp-block-heading\">OFERTAS DE TRABAJO<\/h2>\n\n\n\n<p>Trabajamos arduamente para mantener un ambiente de trabajo agradable en el que todos los empleados se enfrentan a desaf\u00edos y se capacitan continuamente en la \u00faltima tecnolog\u00eda. A medida que la empresa siga creciendo, habr\u00e1 muchas oportunidades para el desarrollo y el avance profesional, as\u00ed como la participaci\u00f3n en un trabajo innovador y gratificante.<\/p>\n\n\n\n<p>Please click on the links below to view current opportunities to join the global Kawasaki team and submit a resume to us online.<\/p>\n\n\n\n<p><\/p>\n\n\n\n<h2 class=\"wp-block-heading alignfull has-text-align-center\">Sobre<\/h2>\n\n\n\n<div class=\"wp-block-columns alignwide krobot-pattern-3cols krobot-pattern-plaincards is-layout-flex wp-container-core-columns-is-layout-28f84493 wp-block-columns-is-layout-flex\">\n<div class=\"wp-block-column krobot-pattern-3cols__item is-layout-flow wp-block-column-is-layout-flow\">\n<figure class=\"wp-block-image size-large krobot-pattern-plaincards__figure\"><img loading=\"lazy\" decoding=\"async\" width=\"950\" height=\"679\" src=\"https:\/\/kawasakirobotics.com\/tachyon\/sites\/5\/2022\/02\/company_1.jpg?fit=900%2C679&#038;resize=900%2C643&#038;crop_strategy=smart\" alt=\"Foto a\u00e9rea de la f\u00e1brica.\" class=\"wp-image-1559\" srcset=\"https:\/\/kawasakirobotics.com\/tachyon\/sites\/2\/2022\/02\/company_1.jpg?fit=950%2C679&amp;zoom=1 950w, https:\/\/kawasakirobotics.com\/tachyon\/sites\/2\/2022\/02\/company_1.jpg?fit=950%2C679&amp;zoom=0.5 475w, https:\/\/kawasakirobotics.com\/tachyon\/sites\/2\/2022\/02\/company_1.jpg?fit=950%2C679&amp;zoom=0.25 238w\" sizes=\"auto, (max-width: 950px) 100vw, 950px\" data-recalc-dims=\"1\" \/><\/figure>\n\n\n\n<h3 class=\"wp-block-heading has-text-align-center krobot-pattern-plaincards__title\">Acerca de la divisi\u00f3n de robots<\/h3>\n\n\n\n<div class=\"wp-block-buttons krobot-pattern-plaincards__more is-horizontal is-content-justification-center is-layout-flex wp-container-core-buttons-is-layout-03627597 wp-block-buttons-is-layout-flex\">\n<div class=\"wp-block-button is-style-outline is-style-outline--1\"><a class=\"wp-block-button__link wp-element-button\" href=\"https:\/\/kawasakirobotics.com\/es\/company\/robotics-division\/\">M\u00c1S<\/a><\/div>\n<\/div>\n<\/div>\n\n\n\n<div class=\"wp-block-column krobot-pattern-3cols__item is-layout-flow wp-block-column-is-layout-flow\">\n<figure class=\"wp-block-image size-large krobot-pattern-plaincards__figure\"><img loading=\"lazy\" decoding=\"async\" width=\"950\" height=\"679\" src=\"https:\/\/kawasakirobotics.com\/tachyon\/sites\/5\/2022\/02\/company_2.jpg?fit=900%2C679&#038;resize=900%2C643&#038;crop_strategy=smart\" alt=\"GLOBAL\" class=\"wp-image-1560\" srcset=\"https:\/\/kawasakirobotics.com\/tachyon\/sites\/2\/2022\/02\/company_2.jpg?fit=950%2C679&amp;zoom=1 950w, https:\/\/kawasakirobotics.com\/tachyon\/sites\/2\/2022\/02\/company_2.jpg?fit=950%2C679&amp;zoom=0.5 475w, https:\/\/kawasakirobotics.com\/tachyon\/sites\/2\/2022\/02\/company_2.jpg?fit=950%2C679&amp;zoom=0.25 238w\" sizes=\"auto, (max-width: 950px) 100vw, 950px\" data-recalc-dims=\"1\" \/><\/figure>\n\n\n\n<h3 class=\"wp-block-heading has-text-align-center krobot-pattern-plaincards__title\">Ubicaciones<\/h3>\n\n\n\n<div class=\"wp-block-buttons krobot-pattern-plaincards__more is-horizontal is-content-justification-center is-layout-flex wp-container-core-buttons-is-layout-03627597 wp-block-buttons-is-layout-flex\">\n<div class=\"wp-block-button is-style-outline is-style-outline--2\"><a class=\"wp-block-button__link wp-element-button\" href=\"https:\/\/kawasakirobotics.com\/es\/company\/locations\/\">M\u00c1S<\/a><\/div>\n<\/div>\n<\/div>\n\n\n\n<div class=\"wp-block-column krobot-pattern-3cols__item is-layout-flow wp-block-column-is-layout-flow\">\n<figure class=\"wp-block-image size-large krobot-pattern-plaincards__figure\"><img loading=\"lazy\" decoding=\"async\" width=\"950\" height=\"679\" src=\"https:\/\/kawasakirobotics.com\/tachyon\/sites\/5\/2022\/02\/company_4.jpg?fit=900%2C679&#038;resize=900%2C643&#038;crop_strategy=smart\" alt=\"KAWASAKI UNIMATE\" class=\"wp-image-1563\" srcset=\"https:\/\/kawasakirobotics.com\/tachyon\/sites\/2\/2022\/02\/company_4.jpg?fit=950%2C679&amp;zoom=1 950w, https:\/\/kawasakirobotics.com\/tachyon\/sites\/2\/2022\/02\/company_4.jpg?fit=950%2C679&amp;zoom=0.5 475w, https:\/\/kawasakirobotics.com\/tachyon\/sites\/2\/2022\/02\/company_4.jpg?fit=950%2C679&amp;zoom=0.25 238w\" sizes=\"auto, (max-width: 950px) 100vw, 950px\" data-recalc-dims=\"1\" \/><\/figure>\n\n\n\n<h3 class=\"wp-block-heading has-text-align-center krobot-pattern-plaincards__title\">Historia<\/h3>\n\n\n\n<div class=\"wp-block-buttons krobot-pattern-plaincards__more is-horizontal is-content-justification-center is-layout-flex wp-container-core-buttons-is-layout-03627597 wp-block-buttons-is-layout-flex\">\n<div class=\"wp-block-button is-style-outline is-style-outline--3\"><a class=\"wp-block-button__link wp-element-button\" href=\"https:\/\/kawasakirobotics.com\/es\/company\/history\/\">M\u00c1S<\/a><\/div>\n<\/div>\n<\/div>\n<\/div>\n\n\n\n<div style=\"height:30px\" aria-hidden=\"true\" class=\"wp-block-spacer\"><\/div>\n\n\n\n<div class=\"wp-block-columns alignwide krobot-pattern-3cols krobot-pattern-plaincards is-layout-flex wp-container-core-columns-is-layout-28f84493 wp-block-columns-is-layout-flex\">\n<div class=\"wp-block-column krobot-pattern-3cols__item is-layout-flow wp-block-column-is-layout-flow\">\n<figure class=\"wp-block-image size-large krobot-pattern-plaincards__figure\"><img loading=\"lazy\" decoding=\"async\" width=\"1755\" height=\"1241\" src=\"https:\/\/kawasakirobotics.com\/tachyon\/sites\/5\/2022\/02\/company_6.jpg?fit=900%2C900&#038;resize=900%2C636&#038;crop_strategy=smart\" alt=\"Kawasaki Robotics Soluciones confiables para el futuro\" class=\"wp-image-3180\" srcset=\"https:\/\/kawasakirobotics.com\/tachyon\/sites\/2\/2022\/02\/company_6.jpg?fit=1755%2C1241&amp;zoom=1 1755w, https:\/\/kawasakirobotics.com\/tachyon\/sites\/2\/2022\/02\/company_6.jpg?fit=1755%2C1241&amp;zoom=0.5 878w, https:\/\/kawasakirobotics.com\/tachyon\/sites\/2\/2022\/02\/company_6.jpg?fit=1755%2C1241&amp;zoom=0.25 439w\" sizes=\"auto, (max-width: 1755px) 100vw, 1755px\" data-recalc-dims=\"1\" \/><\/figure>\n\n\n\n<h3 class=\"wp-block-heading has-text-align-center krobot-pattern-plaincards__title\">Industrias Pesadas Kawasaki Ltd.<\/h3>\n\n\n\n<p class=\"krobot-pattern-plaincards__description\">Somos una empresa de ingenier\u00eda integral con m\u00e1s de 100 a\u00f1os de historia con tecnolog\u00edas que sirven a una amplia gama de \u00e1reas comerciales que cubren tierra, mar y aire.<\/p>\n\n\n\n<div class=\"wp-block-buttons krobot-pattern-plaincards__more is-horizontal is-content-justification-center is-layout-flex wp-container-core-buttons-is-layout-03627597 wp-block-buttons-is-layout-flex\">\n<div class=\"wp-block-button is-style-outline is-style-outline--4\"><a class=\"wp-block-button__link wp-element-button\" href=\"https:\/\/kawasakirobotics.com\/eu-africa\/company\/about-us\/\">M\u00c1S<\/a><\/div>\n<\/div>\n<\/div>\n\n\n\n<div class=\"wp-block-column krobot-pattern-3cols__item is-layout-flow wp-block-column-is-layout-flow\">\n<figure class=\"wp-block-image size-full krobot-pattern-plaincards__figure\"><img loading=\"lazy\" width=\"900\" height=\"630\" decoding=\"async\" src=\"https:\/\/kawasakirobotics.com\/tachyon\/sites\/31\/2026\/04\/ISO.webp\" alt=\"\" class=\"wp-image-5974\" srcset=\"https:\/\/kawasakirobotics.com\/tachyon\/sites\/31\/2026\/04\/ISO.webp?resize=900%2C630&amp;zoom=1 900w, https:\/\/kawasakirobotics.com\/tachyon\/sites\/31\/2026\/04\/ISO.webp?resize=900%2C630&amp;zoom=0.5 450w, https:\/\/kawasakirobotics.com\/tachyon\/sites\/31\/2026\/04\/ISO.webp?resize=900%2C630&amp;zoom=0.25 225w\" sizes=\"auto, (max-width: 900px) 100vw, 900px\" \/><\/figure>\n\n\n\n<h3 class=\"wp-block-heading has-text-align-center krobot-pattern-plaincards__title\">Certificaciones ISO<\/h3>\n\n\n\n<p class=\"krobot-pattern-plaincards__description\">Conoce nuestras certificaciones ISO.<\/p>\n\n\n\n<div class=\"wp-block-buttons krobot-pattern-plaincards__more is-horizontal is-content-justification-center is-layout-flex wp-container-core-buttons-is-layout-03627597 wp-block-buttons-is-layout-flex\">\n<div class=\"wp-block-button is-style-outline is-style-outline--5\"><a class=\"wp-block-button__link wp-element-button\" href=\"https:\/\/kawasakirobotics.com\/eu-africa\/company\/iso\/\">M\u00c1S<\/a><\/div>\n<\/div>\n<\/div>\n\n\n\n<div class=\"wp-block-column krobot-pattern-3cols__item is-layout-flow wp-block-column-is-layout-flow\">\n<figure class=\"wp-block-image size-large krobot-pattern-plaincards__figure\"><a href=\"https:\/\/www.khi-saiyo.jp\/?lc=1\"><img loading=\"lazy\" decoding=\"async\" width=\"950\" height=\"679\" src=\"https:\/\/kawasakirobotics.com\/tachyon\/sites\/5\/2022\/02\/company_8.jpg?fit=900%2C679&#038;resize=900%2C643&#038;crop_strategy=smart\" alt=\"Preguntarse\" class=\"wp-image-1566\" srcset=\"https:\/\/kawasakirobotics.com\/tachyon\/sites\/2\/2022\/02\/company_8.jpg?fit=950%2C679&amp;zoom=1 950w, https:\/\/kawasakirobotics.com\/tachyon\/sites\/2\/2022\/02\/company_8.jpg?fit=950%2C679&amp;zoom=0.5 475w, https:\/\/kawasakirobotics.com\/tachyon\/sites\/2\/2022\/02\/company_8.jpg?fit=950%2C679&amp;zoom=0.25 238w\" sizes=\"auto, (max-width: 950px) 100vw, 950px\" data-recalc-dims=\"1\" \/><\/a><\/figure>\n\n\n\n<h3 class=\"wp-block-heading has-text-align-center krobot-pattern-plaincards__title\">Carreras<\/h3>\n\n\n\n<p class=\"has-text-align-left krobot-pattern-plaincards__description\">Inf\u00f3rmese sobre informaci\u00f3n laboral.<\/p>\n\n\n\n<div class=\"wp-block-buttons krobot-pattern-plaincards__more is-horizontal is-content-justification-center is-layout-flex wp-container-core-buttons-is-layout-03627597 wp-block-buttons-is-layout-flex\">\n<div class=\"wp-block-button is-style-outline is-style-outline--6\"><a class=\"wp-block-button__link wp-element-button\" href=\"https:\/\/kawasakirobotics.com\/eu-africa\/company\/careers\/\">M\u00c1S<\/a><\/div>\n<\/div>\n<\/div>\n<\/div>\n","protected":false},"excerpt":{"rendered":"<p>Kawasaki Robotics GmbH es la sede europea de la divisi\u00f3n de rob\u00f3tica de Kawasaki Heavy Industries con sede en Neuss, Alemania, y responsable de ventas, ingenier\u00eda y servicio en Alemania y Europa. Una red conjunta con Distribuidores regionales asegura de manera r\u00e1pida, profesional y confiable que se satisfagan las necesidades de los clientes. Kawasaki ofrece un entorno de trabajo \u00fanico y diverso que fomenta la creatividad y la innovaci\u00f3n, y realmente adopta la filosof\u00eda de que nuestro mayor activo son nuestros empleados.En Kawasaki Robotics GmbH, sabemos que nuestros empleados son la columna vertebral de nuestra organizaci\u00f3n, nuestra ventaja competitiva. Su creatividad, compromiso y trabajo duro son el motor que mueve [&hellip;]<\/p>\n","protected":false},"author":9,"featured_media":0,"parent":30,"menu_order":7,"comment_status":"closed","ping_status":"closed","template":"","meta":{"ep_exclude_from_search":false,"footnotes":""},"class_list":["post-3892","page","type-page","status-publish","hentry"],"yoast_head":"<!-- This site is optimized with the Yoast SEO plugin v25.9 - https:\/\/yoast.com\/wordpress\/plugins\/seo\/ -->\n<title>Careers: Kawasaki Robotics GmbH | Kawasaki Robotics<\/title>\n<meta name=\"description\" content=\"Discover how Kawasaki Robotics GmbH in Germany is responsible for sales, engineering, and service in Europe.\" \/>\n<meta name=\"robots\" content=\"index, follow, max-snippet:-1, max-image-preview:large, max-video-preview:-1\" \/>\n<link rel=\"canonical\" href=\"https:\/\/kawasakirobotics.com\/es\/company\/careers\/\" \/>\n<meta property=\"og:locale\" content=\"es_ES\" \/>\n<meta property=\"og:type\" content=\"article\" \/>\n<meta property=\"og:title\" content=\"Careers: Kawasaki Robotics GmbH | Kawasaki Robotics\" \/>\n<meta property=\"og:description\" content=\"Discover how Kawasaki Robotics GmbH in Germany is responsible for sales, engineering, and service in Europe.\" \/>\n<meta property=\"og:url\" content=\"https:\/\/kawasakirobotics.com\/es\/company\/careers\/\" \/>\n<meta property=\"og:site_name\" content=\"Kawasaki Robotics\" \/>\n<meta property=\"article:modified_time\" content=\"2026-04-06T07:50:04+00:00\" \/>\n<meta property=\"og:image\" content=\"https:\/\/kawasakirobotics.com\/content\/themes\/krobot-theme\/src\/images\/default\/ogp.jpg\" \/>\n\t<meta property=\"og:image:width\" content=\"1200\" \/>\n\t<meta property=\"og:image:height\" content=\"630\" \/>\n\t<meta property=\"og:image:type\" content=\"image\/jpeg\" \/>\n<meta name=\"twitter:card\" content=\"summary_large_image\" \/>\n<script type=\"application\/ld+json\" class=\"yoast-schema-graph\">{\"@context\":\"https:\/\/schema.org\",\"@graph\":[{\"@type\":\"WebPage\",\"@id\":\"https:\/\/kawasakirobotics.com\/es\/company\/careers\/\",\"url\":\"https:\/\/kawasakirobotics.com\/es\/company\/careers\/\",\"name\":\"Careers: Kawasaki Robotics GmbH | Kawasaki Robotics\",\"isPartOf\":{\"@id\":\"https:\/\/kawasakirobotics.com\/es\/#website\"},\"primaryImageOfPage\":{\"@id\":\"https:\/\/kawasakirobotics.com\/es\/company\/careers\/#primaryimage\"},\"image\":{\"@id\":\"https:\/\/kawasakirobotics.com\/es\/company\/careers\/#primaryimage\"},\"thumbnailUrl\":\"https:\/\/kawasakirobotics.com\/uploads\/sites\/5\/2022\/02\/company_1.jpg?fit=900%2C679\",\"datePublished\":\"2022-02-21T18:22:44+00:00\",\"dateModified\":\"2026-04-06T07:50:04+00:00\",\"description\":\"Discover how Kawasaki Robotics GmbH in Germany is responsible for sales, engineering, and service in Europe.\",\"breadcrumb\":{\"@id\":\"https:\/\/kawasakirobotics.com\/es\/company\/careers\/#breadcrumb\"},\"inLanguage\":\"es\",\"potentialAction\":[{\"@type\":\"ReadAction\",\"target\":[\"https:\/\/kawasakirobotics.com\/es\/company\/careers\/\"]}]},{\"@type\":\"ImageObject\",\"inLanguage\":\"es\",\"@id\":\"https:\/\/kawasakirobotics.com\/es\/company\/careers\/#primaryimage\",\"url\":\"https:\/\/kawasakirobotics.com\/uploads\/sites\/5\/2022\/02\/company_1.jpg?fit=900%2C679\",\"contentUrl\":\"https:\/\/kawasakirobotics.com\/uploads\/sites\/5\/2022\/02\/company_1.jpg?fit=900%2C679\"},{\"@type\":\"BreadcrumbList\",\"@id\":\"https:\/\/kawasakirobotics.com\/es\/company\/careers\/#breadcrumb\",\"itemListElement\":[{\"@type\":\"ListItem\",\"position\":1,\"name\":\"Home\",\"item\":\"https:\/\/kawasakirobotics.com\/es\/\"},{\"@type\":\"ListItem\",\"position\":2,\"name\":\"Sobre\",\"item\":\"https:\/\/kawasakirobotics.com\/es\/company\/\"},{\"@type\":\"ListItem\",\"position\":3,\"name\":\"Careers: Kawasaki Robotics GmbH\"}]},{\"@type\":\"WebSite\",\"@id\":\"https:\/\/kawasakirobotics.com\/es\/#website\",\"url\":\"https:\/\/kawasakirobotics.com\/es\/\",\"name\":\"Kawasaki Robotics\",\"description\":\"\",\"publisher\":{\"@id\":\"https:\/\/kawasakirobotics.com\/es\/#organization\"},\"potentialAction\":[{\"@type\":\"SearchAction\",\"target\":{\"@type\":\"EntryPoint\",\"urlTemplate\":\"https:\/\/kawasakirobotics.com\/es\/?s={search_term_string}\"},\"query-input\":{\"@type\":\"PropertyValueSpecification\",\"valueRequired\":true,\"valueName\":\"search_term_string\"}}],\"inLanguage\":\"es\"},{\"@type\":\"Organization\",\"@id\":\"https:\/\/kawasakirobotics.com\/es\/#organization\",\"name\":\"\u5ddd\u5d0e\u91cd\u5de5\u696d\u30ed\u30dc\u30c3\u30c8\u30c7\u30a3\u30d3\u30b8\u30e7\u30f3\",\"url\":\"https:\/\/kawasakirobotics.com\/es\/\",\"logo\":{\"@type\":\"ImageObject\",\"inLanguage\":\"es\",\"@id\":\"https:\/\/kawasakirobotics.com\/es\/#\/schema\/logo\/image\/\",\"url\":\"\",\"contentUrl\":\"\",\"caption\":\"\u5ddd\u5d0e\u91cd\u5de5\u696d\u30ed\u30dc\u30c3\u30c8\u30c7\u30a3\u30d3\u30b8\u30e7\u30f3\"},\"image\":{\"@id\":\"https:\/\/kawasakirobotics.com\/es\/#\/schema\/logo\/image\/\"}}]}<\/script>\n<!-- \/ Yoast SEO plugin. -->","yoast_head_json":{"title":"Careers: Kawasaki Robotics GmbH | Kawasaki Robotics","description":"Discover how Kawasaki Robotics GmbH in Germany is responsible for sales, engineering, and service in Europe.","robots":{"index":"index","follow":"follow","max-snippet":"max-snippet:-1","max-image-preview":"max-image-preview:large","max-video-preview":"max-video-preview:-1"},"canonical":"https:\/\/kawasakirobotics.com\/es\/company\/careers\/","og_locale":"es_ES","og_type":"article","og_title":"Careers: Kawasaki Robotics GmbH | Kawasaki Robotics","og_description":"Discover how Kawasaki Robotics GmbH in Germany is responsible for sales, engineering, and service in Europe.","og_url":"https:\/\/kawasakirobotics.com\/es\/company\/careers\/","og_site_name":"Kawasaki Robotics","article_modified_time":"2026-04-06T07:50:04+00:00","og_image":[{"url":"https:\/\/kawasakirobotics.com\/content\/themes\/krobot-theme\/src\/images\/default\/ogp.jpg","width":"1200","height":"630","type":"image\/jpeg"}],"twitter_card":"summary_large_image","schema":{"@context":"https:\/\/schema.org","@graph":[{"@type":"WebPage","@id":"https:\/\/kawasakirobotics.com\/es\/company\/careers\/","url":"https:\/\/kawasakirobotics.com\/es\/company\/careers\/","name":"Careers: Kawasaki Robotics GmbH | Kawasaki Robotics","isPartOf":{"@id":"https:\/\/kawasakirobotics.com\/es\/#website"},"primaryImageOfPage":{"@id":"https:\/\/kawasakirobotics.com\/es\/company\/careers\/#primaryimage"},"image":{"@id":"https:\/\/kawasakirobotics.com\/es\/company\/careers\/#primaryimage"},"thumbnailUrl":"https:\/\/kawasakirobotics.com\/uploads\/sites\/5\/2022\/02\/company_1.jpg?fit=900%2C679","datePublished":"2022-02-21T18:22:44+00:00","dateModified":"2026-04-06T07:50:04+00:00","description":"Discover how Kawasaki Robotics GmbH in Germany is responsible for sales, engineering, and service in Europe.","breadcrumb":{"@id":"https:\/\/kawasakirobotics.com\/es\/company\/careers\/#breadcrumb"},"inLanguage":"es","potentialAction":[{"@type":"ReadAction","target":["https:\/\/kawasakirobotics.com\/es\/company\/careers\/"]}]},{"@type":"ImageObject","inLanguage":"es","@id":"https:\/\/kawasakirobotics.com\/es\/company\/careers\/#primaryimage","url":"https:\/\/kawasakirobotics.com\/uploads\/sites\/5\/2022\/02\/company_1.jpg?fit=900%2C679","contentUrl":"https:\/\/kawasakirobotics.com\/uploads\/sites\/5\/2022\/02\/company_1.jpg?fit=900%2C679"},{"@type":"BreadcrumbList","@id":"https:\/\/kawasakirobotics.com\/es\/company\/careers\/#breadcrumb","itemListElement":[{"@type":"ListItem","position":1,"name":"Home","item":"https:\/\/kawasakirobotics.com\/es\/"},{"@type":"ListItem","position":2,"name":"Sobre","item":"https:\/\/kawasakirobotics.com\/es\/company\/"},{"@type":"ListItem","position":3,"name":"Careers: Kawasaki Robotics GmbH"}]},{"@type":"WebSite","@id":"https:\/\/kawasakirobotics.com\/es\/#website","url":"https:\/\/kawasakirobotics.com\/es\/","name":"Kawasaki Robotics","description":"","publisher":{"@id":"https:\/\/kawasakirobotics.com\/es\/#organization"},"potentialAction":[{"@type":"SearchAction","target":{"@type":"EntryPoint","urlTemplate":"https:\/\/kawasakirobotics.com\/es\/?s={search_term_string}"},"query-input":{"@type":"PropertyValueSpecification","valueRequired":true,"valueName":"search_term_string"}}],"inLanguage":"es"},{"@type":"Organization","@id":"https:\/\/kawasakirobotics.com\/es\/#organization","name":"\u5ddd\u5d0e\u91cd\u5de5\u696d\u30ed\u30dc\u30c3\u30c8\u30c7\u30a3\u30d3\u30b8\u30e7\u30f3","url":"https:\/\/kawasakirobotics.com\/es\/","logo":{"@type":"ImageObject","inLanguage":"es","@id":"https:\/\/kawasakirobotics.com\/es\/#\/schema\/logo\/image\/","url":"","contentUrl":"","caption":"\u5ddd\u5d0e\u91cd\u5de5\u696d\u30ed\u30dc\u30c3\u30c8\u30c7\u30a3\u30d3\u30b8\u30e7\u30f3"},"image":{"@id":"https:\/\/kawasakirobotics.com\/es\/#\/schema\/logo\/image\/"}}]}},"_links":{"self":[{"href":"https:\/\/kawasakirobotics.com\/es\/wp-json\/wp\/v2\/pages\/3892","targetHints":{"allow":["GET"]}}],"collection":[{"href":"https:\/\/kawasakirobotics.com\/es\/wp-json\/wp\/v2\/pages"}],"about":[{"href":"https:\/\/kawasakirobotics.com\/es\/wp-json\/wp\/v2\/types\/page"}],"author":[{"embeddable":true,"href":"https:\/\/kawasakirobotics.com\/es\/wp-json\/wp\/v2\/users\/9"}],"replies":[{"embeddable":true,"href":"https:\/\/kawasakirobotics.com\/es\/wp-json\/wp\/v2\/comments?post=3892"}],"version-history":[{"count":25,"href":"https:\/\/kawasakirobotics.com\/es\/wp-json\/wp\/v2\/pages\/3892\/revisions"}],"predecessor-version":[{"id":5981,"href":"https:\/\/kawasakirobotics.com\/es\/wp-json\/wp\/v2\/pages\/3892\/revisions\/5981"}],"up":[{"embeddable":true,"href":"https:\/\/kawasakirobotics.com\/es\/wp-json\/wp\/v2\/pages\/30"}],"wp:attachment":[{"href":"https:\/\/kawasakirobotics.com\/es\/wp-json\/wp\/v2\/media?parent=3892"}],"curies":[{"name":"wp","href":"https:\/\/api.w.org\/{rel}","templated":true}]}}