{"id":42,"date":"2022-01-19T17:46:05","date_gmt":"2022-01-19T16:46:05","guid":{"rendered":"urn:uuid:ea6275e6-44c9-4e65-a6ce-c1182e562a6d"},"modified":"2026-04-06T09:50:06","modified_gmt":"2026-04-06T07:50:06","slug":"iso","status":"publish","type":"page","link":"https:\/\/kawasakirobotics.com\/es\/company\/iso\/","title":{"rendered":"Certificaciones ISO"},"content":{"rendered":"\n<h2 class=\"wp-block-heading\">Pol\u00edtica de calidad<\/h2>\n\n\n\n<p>La Divisi\u00f3n de Robots lleva a cabo sus actividades comerciales de acuerdo con la siguiente pol\u00edtica de calidad.<\/p>\n\n\n\n<ol class=\"wp-block-list\">\n<li>Garantizar el cumplimiento de las leyes, normas y regulaciones aplicables.<\/li>\n\n\n\n<li>Mejorar continuamente nuestro sistema de gesti\u00f3n de calidad alentando a todos los empleados a participar en actividades de TQM.<\/li>\n\n\n\n<li>Compartir informaci\u00f3n con nuestros clientes y reflejar las necesidades y expectativas del mercado en nuestros productos y servicios.<\/li>\n<\/ol>\n\n\n\n<p>Cumpliremos con esta pol\u00edtica de calidad y aspiramos a ser el fabricante de rob\u00f3tica m\u00e1s \u00fatil del mundo, ofreciendo soluciones integrales que satisfagan las necesidades de nuestros clientes en los \u00e1mbitos industrial, m\u00e9dico y social.<\/p>\n\n\n\n<h2 class=\"wp-block-heading\">Pol\u00edtica de medio ambiente<\/h2>\n\n\n\n<p>La Divisi\u00f3n de Robots llevar\u00e1 a cabo sus actividades comerciales de acuerdo con la siguiente pol\u00edtica ambiental.<\/p>\n\n\n\n<ol class=\"wp-block-list\">\n<li>Participe en actividades que ayuden a ahorrar energ\u00eda y reducir las emisiones de CO2.<\/li>\n\n\n\n<li>Esforzarse por reducir los residuos y las sustancias peligrosas para el medio ambiente.<\/li>\n\n\n\n<li>Promover actividades que tengan en cuenta el ciclo de vida del producto.<\/li>\n\n\n\n<li>Establecer medidas de emergencia y esforzarse por prevenir la contaminaci\u00f3n ambiental.<\/li>\n\n\n\n<li>Trabajar continuamente para mejorar nuestro sistema de gesti\u00f3n ambiental.<\/li>\n\n\n\n<li>Cumplir con las leyes y regulaciones ambientales.<\/li>\n\n\n\n<li>Aseg\u00farese de que todos los empleados conozcan nuestra pol\u00edtica medioambiental.<\/li>\n\n\n\n<li>Profundizar el entendimiento mutuo con las partes interesadas mediante la divulgaci\u00f3n proactiva de informaci\u00f3n ambiental.<\/li>\n\n\n\n<li>Promover esfuerzos para abordar los problemas ambientales aumentando la conciencia ambiental de todos los empleados.<\/li>\n<\/ol>\n\n\n\n<p>Cumpliremos con esta pol\u00edtica medioambiental y nuestro objetivo ser\u00e1 ser el fabricante de rob\u00f3tica m\u00e1s \u00fatil del mundo, proporcionando soluciones totales que satisfagan las necesidades de los clientes en los campos industrial, m\u00e9dico y social.<\/p>\n\n\n\n<div style=\"height:100px\" aria-hidden=\"true\" class=\"wp-block-spacer\"><\/div>\n\n\n\n<h2 class=\"wp-block-heading alignfull has-text-align-center\">Sobre<\/h2>\n\n\n\n<div class=\"wp-block-columns alignwide krobot-pattern-3cols krobot-pattern-plaincards is-layout-flex wp-container-core-columns-is-layout-28f84493 wp-block-columns-is-layout-flex\">\n<div class=\"wp-block-column krobot-pattern-3cols__item is-layout-flow wp-block-column-is-layout-flow\">\n<figure class=\"wp-block-image size-large krobot-pattern-plaincards__figure\"><img loading=\"lazy\" decoding=\"async\" width=\"950\" height=\"679\" src=\"https:\/\/kawasakirobotics.com\/tachyon\/sites\/5\/2022\/02\/company_1.jpg?fit=900%2C679&#038;resize=900%2C643&#038;crop_strategy=smart\" alt=\"Foto a\u00e9rea de la f\u00e1brica.\" class=\"wp-image-1559\" srcset=\"https:\/\/kawasakirobotics.com\/tachyon\/sites\/2\/2022\/02\/company_1.jpg?fit=950%2C679&amp;zoom=1 950w, https:\/\/kawasakirobotics.com\/tachyon\/sites\/2\/2022\/02\/company_1.jpg?fit=950%2C679&amp;zoom=0.5 475w, https:\/\/kawasakirobotics.com\/tachyon\/sites\/2\/2022\/02\/company_1.jpg?fit=950%2C679&amp;zoom=0.25 238w\" sizes=\"auto, (max-width: 950px) 100vw, 950px\" data-recalc-dims=\"1\" \/><\/figure>\n\n\n\n<h3 class=\"wp-block-heading has-text-align-center krobot-pattern-plaincards__title\">Acerca de la divisi\u00f3n de robots<\/h3>\n\n\n\n<p class=\"krobot-pattern-plaincards__description\">Los robots Kawasaki se utilizan en una variedad de sectores, incluidos los sectores automotriz, el\u00e9ctrico y electr\u00f3nico.<\/p>\n\n\n\n<div class=\"wp-block-buttons krobot-pattern-plaincards__more is-horizontal is-content-justification-center is-layout-flex wp-container-core-buttons-is-layout-03627597 wp-block-buttons-is-layout-flex\">\n<div class=\"wp-block-button is-style-outline is-style-outline--1\"><a class=\"wp-block-button__link wp-element-button\" href=\"https:\/\/kawasakirobotics.com\/eu-africa\/company\/robotics-division\/\">M\u00c1S<\/a><\/div>\n<\/div>\n<\/div>\n\n\n\n<div class=\"wp-block-column krobot-pattern-3cols__item is-layout-flow wp-block-column-is-layout-flow\">\n<figure class=\"wp-block-image size-large krobot-pattern-plaincards__figure\"><img loading=\"lazy\" decoding=\"async\" width=\"950\" height=\"679\" src=\"https:\/\/kawasakirobotics.com\/tachyon\/sites\/5\/2022\/02\/company_2.jpg?fit=900%2C679&#038;resize=900%2C643&#038;crop_strategy=smart\" alt=\"Global\" class=\"wp-image-1560\" srcset=\"https:\/\/kawasakirobotics.com\/tachyon\/sites\/2\/2022\/02\/company_2.jpg?fit=950%2C679&amp;zoom=1 950w, https:\/\/kawasakirobotics.com\/tachyon\/sites\/2\/2022\/02\/company_2.jpg?fit=950%2C679&amp;zoom=0.5 475w, https:\/\/kawasakirobotics.com\/tachyon\/sites\/2\/2022\/02\/company_2.jpg?fit=950%2C679&amp;zoom=0.25 238w\" sizes=\"auto, (max-width: 950px) 100vw, 950px\" data-recalc-dims=\"1\" \/><\/figure>\n\n\n\n<h3 class=\"wp-block-heading has-text-align-center krobot-pattern-plaincards__title\">Ubicaciones<\/h3>\n\n\n\n<p class=\"krobot-pattern-plaincards__description\">Contamos con una red de sedes y soporte en la UE y \u00c1frica.<\/p>\n\n\n\n<div class=\"wp-block-buttons krobot-pattern-plaincards__more is-horizontal is-content-justification-center is-layout-flex wp-container-core-buttons-is-layout-03627597 wp-block-buttons-is-layout-flex\">\n<div class=\"wp-block-button is-style-outline is-style-outline--2\"><a class=\"wp-block-button__link wp-element-button\" href=\"https:\/\/kawasakirobotics.com\/eu-africa\/company\/locations\/\">M\u00c1S<\/a><\/div>\n<\/div>\n<\/div>\n\n\n\n<div class=\"wp-block-column krobot-pattern-3cols__item is-layout-flow wp-block-column-is-layout-flow\">\n<figure class=\"wp-block-image size-large krobot-pattern-plaincards__figure\"><img loading=\"lazy\" decoding=\"async\" width=\"950\" height=\"679\" src=\"https:\/\/kawasakirobotics.com\/tachyon\/sites\/5\/2022\/02\/company_4.jpg?fit=900%2C679&#038;resize=900%2C643&#038;crop_strategy=smart\" alt=\"Kawasaki UNIMATE\" class=\"wp-image-1563\" srcset=\"https:\/\/kawasakirobotics.com\/tachyon\/sites\/2\/2022\/02\/company_4.jpg?fit=950%2C679&amp;zoom=1 950w, https:\/\/kawasakirobotics.com\/tachyon\/sites\/2\/2022\/02\/company_4.jpg?fit=950%2C679&amp;zoom=0.5 475w, https:\/\/kawasakirobotics.com\/tachyon\/sites\/2\/2022\/02\/company_4.jpg?fit=950%2C679&amp;zoom=0.25 238w\" sizes=\"auto, (max-width: 950px) 100vw, 950px\" data-recalc-dims=\"1\" \/><\/figure>\n\n\n\n<h3 class=\"wp-block-heading has-text-align-center krobot-pattern-plaincards__title\">Historia<\/h3>\n\n\n\n<p class=\"krobot-pattern-plaincards__description\">A continuaci\u00f3n se describe nuestra historia en rob\u00f3tica industrial, que abarca m\u00e1s de 50 a\u00f1os.<\/p>\n\n\n\n<div class=\"wp-block-buttons krobot-pattern-plaincards__more is-horizontal is-content-justification-center is-layout-flex wp-container-core-buttons-is-layout-03627597 wp-block-buttons-is-layout-flex\">\n<div class=\"wp-block-button is-style-outline is-style-outline--3\"><a class=\"wp-block-button__link wp-element-button\" href=\"https:\/\/kawasakirobotics.com\/eu-africa\/company\/history\/\">M\u00c1S<\/a><\/div>\n<\/div>\n<\/div>\n<\/div>\n\n\n\n<div style=\"height:3px\" aria-hidden=\"true\" class=\"wp-block-spacer\"><\/div>\n\n\n\n<div class=\"wp-block-columns alignwide krobot-pattern-3cols krobot-pattern-plaincards is-layout-flex wp-container-core-columns-is-layout-28f84493 wp-block-columns-is-layout-flex\">\n<div class=\"wp-block-column krobot-pattern-3cols__item is-layout-flow wp-block-column-is-layout-flow\">\n<figure class=\"wp-block-image size-large krobot-pattern-plaincards__figure\"><img loading=\"lazy\" decoding=\"async\" width=\"1755\" height=\"1241\" src=\"https:\/\/kawasakirobotics.com\/tachyon\/sites\/5\/2022\/02\/company_6.jpg?fit=900%2C900&#038;resize=900%2C636&#038;crop_strategy=smart\" alt=\"Kawasaki Robotics Soluciones confiables para el futuro\" class=\"wp-image-3180\" srcset=\"https:\/\/kawasakirobotics.com\/tachyon\/sites\/2\/2022\/02\/company_6.jpg?fit=1755%2C1241&amp;zoom=1 1755w, https:\/\/kawasakirobotics.com\/tachyon\/sites\/2\/2022\/02\/company_6.jpg?fit=1755%2C1241&amp;zoom=0.5 878w, https:\/\/kawasakirobotics.com\/tachyon\/sites\/2\/2022\/02\/company_6.jpg?fit=1755%2C1241&amp;zoom=0.25 439w\" sizes=\"auto, (max-width: 1755px) 100vw, 1755px\" data-recalc-dims=\"1\" \/><\/figure>\n\n\n\n<h3 class=\"wp-block-heading has-text-align-center krobot-pattern-plaincards__title\">Industrias Pesadas Kawasaki Ltd.<\/h3>\n\n\n\n<p class=\"krobot-pattern-plaincards__description\">Somos una empresa de ingenier\u00eda integral con m\u00e1s de 100 a\u00f1os de historia con tecnolog\u00edas que sirven a una amplia gama de \u00e1reas comerciales que cubren tierra, mar y aire.<\/p>\n\n\n\n<div class=\"wp-block-buttons krobot-pattern-plaincards__more is-horizontal is-content-justification-center is-layout-flex wp-container-core-buttons-is-layout-03627597 wp-block-buttons-is-layout-flex\">\n<div class=\"wp-block-button is-style-outline is-style-outline--4\"><a class=\"wp-block-button__link wp-element-button\" href=\"https:\/\/kawasakirobotics.com\/eu-africa\/company\/about-us\/\">M\u00c1S<\/a><\/div>\n<\/div>\n<\/div>\n\n\n\n<div class=\"wp-block-column krobot-pattern-3cols__item is-layout-flow wp-block-column-is-layout-flow\">\n<figure class=\"wp-block-image size-full krobot-pattern-plaincards__figure\"><img loading=\"lazy\" width=\"900\" height=\"630\" decoding=\"async\" src=\"https:\/\/kawasakirobotics.com\/tachyon\/sites\/31\/2026\/04\/ISO.webp\" alt=\"\" class=\"wp-image-5974\" srcset=\"https:\/\/kawasakirobotics.com\/tachyon\/sites\/31\/2026\/04\/ISO.webp?resize=900%2C630&amp;zoom=1 900w, https:\/\/kawasakirobotics.com\/tachyon\/sites\/31\/2026\/04\/ISO.webp?resize=900%2C630&amp;zoom=0.5 450w, https:\/\/kawasakirobotics.com\/tachyon\/sites\/31\/2026\/04\/ISO.webp?resize=900%2C630&amp;zoom=0.25 225w\" sizes=\"auto, (max-width: 900px) 100vw, 900px\" \/><\/figure>\n\n\n\n<h3 class=\"wp-block-heading has-text-align-center krobot-pattern-plaincards__title\">Certificaciones ISO<\/h3>\n\n\n\n<p class=\"krobot-pattern-plaincards__description\">Conoce nuestras certificaciones ISO.<\/p>\n\n\n\n<div class=\"wp-block-buttons krobot-pattern-plaincards__more is-horizontal is-content-justification-center is-layout-flex wp-container-core-buttons-is-layout-03627597 wp-block-buttons-is-layout-flex\">\n<div class=\"wp-block-button is-style-outline is-style-outline--5\"><a class=\"wp-block-button__link wp-element-button\" href=\"https:\/\/kawasakirobotics.com\/eu-africa\/company\/iso\/\">M\u00c1S<\/a><\/div>\n<\/div>\n<\/div>\n\n\n\n<div class=\"wp-block-column krobot-pattern-3cols__item is-layout-flow wp-block-column-is-layout-flow\">\n<figure class=\"wp-block-image size-large krobot-pattern-plaincards__figure\"><a href=\"https:\/\/www.khi-saiyo.jp\/?lc=1\"><img loading=\"lazy\" decoding=\"async\" width=\"950\" height=\"679\" src=\"https:\/\/kawasakirobotics.com\/tachyon\/sites\/5\/2022\/02\/company_8.jpg?fit=900%2C679&#038;resize=900%2C643&#038;crop_strategy=smart\" alt=\"Preguntarse\" class=\"wp-image-1566\" srcset=\"https:\/\/kawasakirobotics.com\/tachyon\/sites\/2\/2022\/02\/company_8.jpg?fit=950%2C679&amp;zoom=1 950w, https:\/\/kawasakirobotics.com\/tachyon\/sites\/2\/2022\/02\/company_8.jpg?fit=950%2C679&amp;zoom=0.5 475w, https:\/\/kawasakirobotics.com\/tachyon\/sites\/2\/2022\/02\/company_8.jpg?fit=950%2C679&amp;zoom=0.25 238w\" sizes=\"auto, (max-width: 950px) 100vw, 950px\" data-recalc-dims=\"1\" \/><\/a><\/figure>\n\n\n\n<h3 class=\"wp-block-heading has-text-align-center krobot-pattern-plaincards__title\">Carreras<\/h3>\n\n\n\n<p class=\"has-text-align-left krobot-pattern-plaincards__description\">Inf\u00f3rmese sobre informaci\u00f3n laboral.<\/p>\n\n\n\n<div class=\"wp-block-buttons krobot-pattern-plaincards__more is-horizontal is-content-justification-center is-layout-flex wp-container-core-buttons-is-layout-03627597 wp-block-buttons-is-layout-flex\">\n<div class=\"wp-block-button is-style-outline is-style-outline--6\"><a class=\"wp-block-button__link wp-element-button\" href=\"https:\/\/kawasakirobotics.com\/eu-africa\/company\/careers\/\">M\u00c1S<\/a><\/div>\n<\/div>\n<\/div>\n<\/div>\n","protected":false},"excerpt":{"rendered":"<p>Pol\u00edtica de calidad La Divisi\u00f3n de Robots lleva a cabo sus actividades comerciales de acuerdo con la siguiente pol\u00edtica de calidad. Cumpliremos con esta pol\u00edtica de calidad y aspiramos a ser el fabricante de rob\u00f3tica m\u00e1s \u00fatil del mundo, ofreciendo soluciones integrales que satisfagan las necesidades de nuestros clientes en los \u00e1mbitos industrial, m\u00e9dico y social. Pol\u00edtica de medio ambiente La Divisi\u00f3n de Robots llevar\u00e1 a cabo sus actividades comerciales de acuerdo con la siguiente pol\u00edtica ambiental. Cumpliremos con esta pol\u00edtica medioambiental y nuestro objetivo ser\u00e1 ser el fabricante de rob\u00f3tica m\u00e1s \u00fatil del mundo, proporcionando soluciones totales que satisfagan las necesidades de los clientes en los campos industrial, m\u00e9dico [&hellip;]<\/p>\n","protected":false},"author":13,"featured_media":0,"parent":30,"menu_order":6,"comment_status":"closed","ping_status":"closed","template":"","meta":{"ep_exclude_from_search":false,"footnotes":""},"class_list":["post-42","page","type-page","status-publish","hentry"],"yoast_head":"<!-- This site is optimized with the Yoast SEO plugin v25.9 - https:\/\/yoast.com\/wordpress\/plugins\/seo\/ -->\n<title>Certificaciones ISO | Industrial Robots by Kawasaki Robotics<\/title>\n<meta name=\"description\" content=\"Explore the Robot Division&#039;s commitment to quality with our ISO certifications, ensuring compliance and customer satisfaction.\" \/>\n<meta name=\"robots\" content=\"index, follow, max-snippet:-1, max-image-preview:large, max-video-preview:-1\" \/>\n<link rel=\"canonical\" href=\"https:\/\/kawasakirobotics.com\/es\/company\/iso\/\" \/>\n<meta property=\"og:locale\" content=\"es_ES\" \/>\n<meta property=\"og:type\" content=\"article\" \/>\n<meta property=\"og:title\" content=\"Certificaciones ISO | Industrial Robots by Kawasaki Robotics\" \/>\n<meta property=\"og:description\" content=\"Explore the Robot Division&#039;s commitment to quality with our ISO certifications, ensuring compliance and customer satisfaction.\" \/>\n<meta property=\"og:url\" content=\"https:\/\/kawasakirobotics.com\/es\/company\/iso\/\" \/>\n<meta property=\"og:site_name\" content=\"Kawasaki Robotics\" \/>\n<meta property=\"article:modified_time\" content=\"2026-04-06T07:50:06+00:00\" \/>\n<meta property=\"og:image\" content=\"https:\/\/kawasakirobotics.com\/content\/themes\/krobot-theme\/src\/images\/default\/ogp.jpg\" \/>\n\t<meta property=\"og:image:width\" content=\"1200\" \/>\n\t<meta property=\"og:image:height\" content=\"630\" \/>\n\t<meta property=\"og:image:type\" content=\"image\/jpeg\" \/>\n<meta name=\"twitter:card\" content=\"summary_large_image\" \/>\n<script type=\"application\/ld+json\" class=\"yoast-schema-graph\">{\"@context\":\"https:\/\/schema.org\",\"@graph\":[{\"@type\":\"WebPage\",\"@id\":\"https:\/\/kawasakirobotics.com\/es\/company\/iso\/\",\"url\":\"https:\/\/kawasakirobotics.com\/es\/company\/iso\/\",\"name\":\"Certificaciones ISO | Industrial Robots by Kawasaki Robotics\",\"isPartOf\":{\"@id\":\"https:\/\/kawasakirobotics.com\/es\/#website\"},\"primaryImageOfPage\":{\"@id\":\"https:\/\/kawasakirobotics.com\/es\/company\/iso\/#primaryimage\"},\"image\":{\"@id\":\"https:\/\/kawasakirobotics.com\/es\/company\/iso\/#primaryimage\"},\"thumbnailUrl\":\"https:\/\/kawasakirobotics.com\/uploads\/sites\/5\/2022\/02\/company_1.jpg?fit=900%2C679\",\"datePublished\":\"2022-01-19T16:46:05+00:00\",\"dateModified\":\"2026-04-06T07:50:06+00:00\",\"description\":\"Explore the Robot Division's commitment to quality with our ISO certifications, ensuring compliance and customer satisfaction.\",\"breadcrumb\":{\"@id\":\"https:\/\/kawasakirobotics.com\/es\/company\/iso\/#breadcrumb\"},\"inLanguage\":\"es\",\"potentialAction\":[{\"@type\":\"ReadAction\",\"target\":[\"https:\/\/kawasakirobotics.com\/es\/company\/iso\/\"]}]},{\"@type\":\"ImageObject\",\"inLanguage\":\"es\",\"@id\":\"https:\/\/kawasakirobotics.com\/es\/company\/iso\/#primaryimage\",\"url\":\"https:\/\/kawasakirobotics.com\/uploads\/sites\/5\/2022\/02\/company_1.jpg?fit=900%2C679\",\"contentUrl\":\"https:\/\/kawasakirobotics.com\/uploads\/sites\/5\/2022\/02\/company_1.jpg?fit=900%2C679\"},{\"@type\":\"BreadcrumbList\",\"@id\":\"https:\/\/kawasakirobotics.com\/es\/company\/iso\/#breadcrumb\",\"itemListElement\":[{\"@type\":\"ListItem\",\"position\":1,\"name\":\"Home\",\"item\":\"https:\/\/kawasakirobotics.com\/es\/\"},{\"@type\":\"ListItem\",\"position\":2,\"name\":\"Sobre\",\"item\":\"https:\/\/kawasakirobotics.com\/es\/company\/\"},{\"@type\":\"ListItem\",\"position\":3,\"name\":\"Certificaciones ISO\"}]},{\"@type\":\"WebSite\",\"@id\":\"https:\/\/kawasakirobotics.com\/es\/#website\",\"url\":\"https:\/\/kawasakirobotics.com\/es\/\",\"name\":\"Kawasaki Robotics\",\"description\":\"\",\"publisher\":{\"@id\":\"https:\/\/kawasakirobotics.com\/es\/#organization\"},\"potentialAction\":[{\"@type\":\"SearchAction\",\"target\":{\"@type\":\"EntryPoint\",\"urlTemplate\":\"https:\/\/kawasakirobotics.com\/es\/?s={search_term_string}\"},\"query-input\":{\"@type\":\"PropertyValueSpecification\",\"valueRequired\":true,\"valueName\":\"search_term_string\"}}],\"inLanguage\":\"es\"},{\"@type\":\"Organization\",\"@id\":\"https:\/\/kawasakirobotics.com\/es\/#organization\",\"name\":\"\u5ddd\u5d0e\u91cd\u5de5\u696d\u30ed\u30dc\u30c3\u30c8\u30c7\u30a3\u30d3\u30b8\u30e7\u30f3\",\"url\":\"https:\/\/kawasakirobotics.com\/es\/\",\"logo\":{\"@type\":\"ImageObject\",\"inLanguage\":\"es\",\"@id\":\"https:\/\/kawasakirobotics.com\/es\/#\/schema\/logo\/image\/\",\"url\":\"\",\"contentUrl\":\"\",\"caption\":\"\u5ddd\u5d0e\u91cd\u5de5\u696d\u30ed\u30dc\u30c3\u30c8\u30c7\u30a3\u30d3\u30b8\u30e7\u30f3\"},\"image\":{\"@id\":\"https:\/\/kawasakirobotics.com\/es\/#\/schema\/logo\/image\/\"}}]}<\/script>\n<!-- \/ Yoast SEO plugin. -->","yoast_head_json":{"title":"Certificaciones ISO | Industrial Robots by Kawasaki Robotics","description":"Explore the Robot Division's commitment to quality with our ISO certifications, ensuring compliance and customer satisfaction.","robots":{"index":"index","follow":"follow","max-snippet":"max-snippet:-1","max-image-preview":"max-image-preview:large","max-video-preview":"max-video-preview:-1"},"canonical":"https:\/\/kawasakirobotics.com\/es\/company\/iso\/","og_locale":"es_ES","og_type":"article","og_title":"Certificaciones ISO | Industrial Robots by Kawasaki Robotics","og_description":"Explore the Robot Division's commitment to quality with our ISO certifications, ensuring compliance and customer satisfaction.","og_url":"https:\/\/kawasakirobotics.com\/es\/company\/iso\/","og_site_name":"Kawasaki Robotics","article_modified_time":"2026-04-06T07:50:06+00:00","og_image":[{"url":"https:\/\/kawasakirobotics.com\/content\/themes\/krobot-theme\/src\/images\/default\/ogp.jpg","width":"1200","height":"630","type":"image\/jpeg"}],"twitter_card":"summary_large_image","schema":{"@context":"https:\/\/schema.org","@graph":[{"@type":"WebPage","@id":"https:\/\/kawasakirobotics.com\/es\/company\/iso\/","url":"https:\/\/kawasakirobotics.com\/es\/company\/iso\/","name":"Certificaciones ISO | Industrial Robots by Kawasaki Robotics","isPartOf":{"@id":"https:\/\/kawasakirobotics.com\/es\/#website"},"primaryImageOfPage":{"@id":"https:\/\/kawasakirobotics.com\/es\/company\/iso\/#primaryimage"},"image":{"@id":"https:\/\/kawasakirobotics.com\/es\/company\/iso\/#primaryimage"},"thumbnailUrl":"https:\/\/kawasakirobotics.com\/uploads\/sites\/5\/2022\/02\/company_1.jpg?fit=900%2C679","datePublished":"2022-01-19T16:46:05+00:00","dateModified":"2026-04-06T07:50:06+00:00","description":"Explore the Robot Division's commitment to quality with our ISO certifications, ensuring compliance and customer satisfaction.","breadcrumb":{"@id":"https:\/\/kawasakirobotics.com\/es\/company\/iso\/#breadcrumb"},"inLanguage":"es","potentialAction":[{"@type":"ReadAction","target":["https:\/\/kawasakirobotics.com\/es\/company\/iso\/"]}]},{"@type":"ImageObject","inLanguage":"es","@id":"https:\/\/kawasakirobotics.com\/es\/company\/iso\/#primaryimage","url":"https:\/\/kawasakirobotics.com\/uploads\/sites\/5\/2022\/02\/company_1.jpg?fit=900%2C679","contentUrl":"https:\/\/kawasakirobotics.com\/uploads\/sites\/5\/2022\/02\/company_1.jpg?fit=900%2C679"},{"@type":"BreadcrumbList","@id":"https:\/\/kawasakirobotics.com\/es\/company\/iso\/#breadcrumb","itemListElement":[{"@type":"ListItem","position":1,"name":"Home","item":"https:\/\/kawasakirobotics.com\/es\/"},{"@type":"ListItem","position":2,"name":"Sobre","item":"https:\/\/kawasakirobotics.com\/es\/company\/"},{"@type":"ListItem","position":3,"name":"Certificaciones ISO"}]},{"@type":"WebSite","@id":"https:\/\/kawasakirobotics.com\/es\/#website","url":"https:\/\/kawasakirobotics.com\/es\/","name":"Kawasaki Robotics","description":"","publisher":{"@id":"https:\/\/kawasakirobotics.com\/es\/#organization"},"potentialAction":[{"@type":"SearchAction","target":{"@type":"EntryPoint","urlTemplate":"https:\/\/kawasakirobotics.com\/es\/?s={search_term_string}"},"query-input":{"@type":"PropertyValueSpecification","valueRequired":true,"valueName":"search_term_string"}}],"inLanguage":"es"},{"@type":"Organization","@id":"https:\/\/kawasakirobotics.com\/es\/#organization","name":"\u5ddd\u5d0e\u91cd\u5de5\u696d\u30ed\u30dc\u30c3\u30c8\u30c7\u30a3\u30d3\u30b8\u30e7\u30f3","url":"https:\/\/kawasakirobotics.com\/es\/","logo":{"@type":"ImageObject","inLanguage":"es","@id":"https:\/\/kawasakirobotics.com\/es\/#\/schema\/logo\/image\/","url":"","contentUrl":"","caption":"\u5ddd\u5d0e\u91cd\u5de5\u696d\u30ed\u30dc\u30c3\u30c8\u30c7\u30a3\u30d3\u30b8\u30e7\u30f3"},"image":{"@id":"https:\/\/kawasakirobotics.com\/es\/#\/schema\/logo\/image\/"}}]}},"_links":{"self":[{"href":"https:\/\/kawasakirobotics.com\/es\/wp-json\/wp\/v2\/pages\/42","targetHints":{"allow":["GET"]}}],"collection":[{"href":"https:\/\/kawasakirobotics.com\/es\/wp-json\/wp\/v2\/pages"}],"about":[{"href":"https:\/\/kawasakirobotics.com\/es\/wp-json\/wp\/v2\/types\/page"}],"author":[{"embeddable":true,"href":"https:\/\/kawasakirobotics.com\/es\/wp-json\/wp\/v2\/users\/13"}],"replies":[{"embeddable":true,"href":"https:\/\/kawasakirobotics.com\/es\/wp-json\/wp\/v2\/comments?post=42"}],"version-history":[{"count":17,"href":"https:\/\/kawasakirobotics.com\/es\/wp-json\/wp\/v2\/pages\/42\/revisions"}],"predecessor-version":[{"id":5982,"href":"https:\/\/kawasakirobotics.com\/es\/wp-json\/wp\/v2\/pages\/42\/revisions\/5982"}],"up":[{"embeddable":true,"href":"https:\/\/kawasakirobotics.com\/es\/wp-json\/wp\/v2\/pages\/30"}],"wp:attachment":[{"href":"https:\/\/kawasakirobotics.com\/es\/wp-json\/wp\/v2\/media?parent=42"}],"curies":[{"name":"wp","href":"https:\/\/api.w.org\/{rel}","templated":true}]}}