{"id":4768,"date":"2022-03-03T03:19:35","date_gmt":"2022-03-03T03:19:35","guid":{"rendered":"urn:uuid:8c138585-29cc-422a-b085-b7641cb9c987"},"modified":"2024-01-30T03:23:53","modified_gmt":"2024-01-30T02:23:53","slug":"k-pall","status":"publish","type":"page","link":"https:\/\/kawasakirobotics.com\/es\/k-pall\/","title":{"rendered":"K-PALL"},"content":{"rendered":"\n<h2 class=\"wp-block-heading\">K-PALL: The compact palletising cell from Kawasaki<\/h2>\n\n\n\n<div class=\"wp-block-media-text alignwide is-stacked-on-mobile\"><figure class=\"wp-block-media-text__media\"><img decoding=\"async\" src=\"https:\/\/kawasakirobotics.com\/tachyon\/sites\/9\/2023\/03\/Simply-unique-1.png\" alt=\"\" class=\"wp-image-5851 size-full\" \/><\/figure><div class=\"wp-block-media-text__content\">\n<p class=\"has-large-font-size\">Experience K-PALL live at <strong>Interpack 2023 in D\u00fcsseldorf<\/strong> (Hall 6, Booth A66). Find more details and receive your free personal ticket <strong><a href=\"https:\/\/kawasakirobotics.com\/eu-africa\/interpack2023\/\">here<\/a><\/strong>!<\/p>\n<\/div><\/div>\n\n\n\n<figure class=\"wp-block-embed is-type-video is-provider-youtube wp-block-embed-youtube wp-embed-aspect-16-9 wp-has-aspect-ratio\"><div class=\"wp-block-embed__wrapper\">\n<iframe loading=\"lazy\" title=\"Introducing K-PALL by Kawasaki Robotics\" width=\"900\" height=\"506\" src=\"https:\/\/www.youtube.com\/embed\/vaKKaudsuFo?feature=oembed\" frameborder=\"0\" allow=\"accelerometer; autoplay; clipboard-write; encrypted-media; gyroscope; picture-in-picture; web-share\" referrerpolicy=\"strict-origin-when-cross-origin\" allowfullscreen><\/iframe>\n<\/div><\/figure>\n\n\n\n<p class=\"has-light-gray-background-color has-background\"><strong><strong>Available now!<\/strong><\/strong><\/p>\n\n\n\n<h4 class=\"wp-block-heading\"><strong>La automatizaci\u00f3n nunca ha sido tan f\u00e1cil<\/strong><\/h4>\n\n\n\n<p>Todo lo que necesita en el espacio m\u00e1s peque\u00f1o: K-PALL de Kawasaki Robotics, con su dise\u00f1o extremadamente compacto y liviano, es una de las celdas de paletizaci\u00f3n m\u00e1s peque\u00f1as pero m\u00e1s potentes del mer<\/p>\n\n\n\n<p>La tecnolog\u00eda moderna, el dise\u00f1o inteligente y la operaci\u00f3n intuitiva hacen de K-PALL su primer paso \u00f3ptimo hacia la automatizaci\u00f3n de sus tareas de paletizado.<\/p>\n\n\n\n<figure class=\"wp-block-image aligncenter size-full\"><img loading=\"lazy\" decoding=\"async\" width=\"738\" height=\"493\" src=\"https:\/\/kawasakirobotics.com\/tachyon\/sites\/5\/2022\/03\/K-PALL-Flyer-GER-Digital.jpeg\" alt=\"K-PALL\" class=\"wp-image-4732\" srcset=\"https:\/\/kawasakirobotics.com\/tachyon\/sites\/31\/2022\/03\/K-PALL-Flyer-GER-Digital.jpeg?resize=738%2C493&amp;zoom=1 738w, https:\/\/kawasakirobotics.com\/tachyon\/sites\/31\/2022\/03\/K-PALL-Flyer-GER-Digital.jpeg?resize=738%2C493&amp;zoom=0.5 369w, https:\/\/kawasakirobotics.com\/tachyon\/sites\/31\/2022\/03\/K-PALL-Flyer-GER-Digital.jpeg?resize=738%2C493&amp;zoom=0.25 185w\" sizes=\"auto, (max-width: 738px) 100vw, 738px\" \/><\/figure>\n\n\n\n<ul class=\"wp-block-list\">\n<li><strong><strong>Plug &amp; Play y listo para usar<\/strong>:<\/strong><br>Nuestra celda es f\u00e1cil de transportar y poner en funcionamiento, \u00a1as\u00ed que se beneficia de la m\u00e1xima flexibilidad!<\/li>\n\n\n\n<li><strong>F\u00e1cil de integrar:<\/strong><br>La soluci\u00f3n independiente es compatible con una amplia gama de sistemas y tambi\u00e9n se puede integrar f\u00e1cilmente en plantas de producci\u00f3n existentes con poco esfuerzo de planificaci\u00f3n.<\/li>\n\n\n\n<li><strong>La velocidad importa:<\/strong><br>K-PALL no solo ofrece tiempos de ciclo extremadamente r\u00e1pidos y est\u00e1 disponible en el menor tiempo posible, sino que tambi\u00e9n puede aprenderse y operarse con muy poco esfuerzo.<\/li>\n\n\n\n<li><strong>M\u00e1ximo rendimiento con rob\u00f3tica de gama alta:<\/strong><br>Un robot de paletizado Kawasaki de la probada serie R proporciona el rendimiento, la velocidad y la precisi\u00f3n necesarios en el n\u00facleo de la celda K-PALL.<\/li>\n<\/ul>\n\n\n\n<h4 class=\"wp-block-heading\"><strong>Las caracter\u00edsticas de un vistazo: paletizar con K-PALL es as\u00ed de f\u00e1cil<\/strong><\/h4>\n\n\n\n<figure class=\"wp-block-image aligncenter size-full\"><img decoding=\"async\" src=\"https:\/\/kawasakirobotics.com\/tachyon\/sites\/9\/2022\/02\/2K-PALL-Flyer-GER-Digital.jpeg\" alt=\"\" class=\"wp-image-4742\" \/><\/figure>\n\n\n\n<ul class=\"wp-block-list\">\n<li><strong>Simplemente seleccione y comience:<\/strong><br>Nuestro software K-PALL Control con patrones de embalaje predefinidos lo hace posible.<\/li>\n\n\n\n<li><strong>Intuitivo y claro:<\/strong><br>Manejo sencillo a trav\u00e9s de la gran pantalla t\u00e1ctil.<\/li>\n\n\n\n<li><strong>Esfuerzo m\u00ednimo:<br><\/strong>Con la puesta en marcha digital a trav\u00e9s de e-learning, la configuraci\u00f3n se completa en un abrir y cerrar de ojos.<\/li>\n\n\n\n<li><strong>Soporte r\u00e1pido:<\/strong><br>La soluci\u00f3n de problemas asistida por el sistema garantiza una ayuda directa y precisa en caso de problemas.<\/li>\n\n\n\n<li><strong>Mantenimiento predictivo:<\/strong><br>El monitoreo en tiempo real nos permite reducir el tiempo de inactividad a un m\u00ednimo absoluto.<\/li>\n<\/ul>\n\n\n\n<div class=\"wp-block-group has-light-gray-background-color has-background is-layout-flow wp-block-group-is-layout-flow\">\n<h4 class=\"wp-block-heading has-text-align-center\"><strong>M\u00e1s informaci\u00f3n sobre K-PALL<\/strong><\/h4>\n\n\n\n<div class=\"wp-block-buttons is-horizontal is-content-justification-center is-layout-flex wp-container-core-buttons-is-layout-03627597 wp-block-buttons-is-layout-flex\">\n<div class=\"wp-block-button\"><a class=\"wp-block-button__link wp-element-button\" href=\"https:\/\/kawasakirobotics.com\/uploads\/sites\/5\/2022\/03\/K-PALL-Flyer-Kawasaki-Robotics-2021-EN.pdf\" target=\"_blank\" rel=\"noreferrer noopener\">Descargar folleto<\/a><\/div>\n<\/div>\n<\/div>\n\n\n\n<div class=\"wp-block-media-text is-stacked-on-mobile\" style=\"grid-template-columns:25% auto\"><figure class=\"wp-block-media-text__media\"><img decoding=\"async\" src=\"https:\/\/kawasakirobotics.com\/tachyon\/sites\/9\/2022\/03\/A1180962-300x300-1.jpg\" alt=\"\" class=\"wp-image-5185 size-full\" \/><\/figure><div class=\"wp-block-media-text__content\">\n<h4 class=\"wp-block-heading\"><strong>H\u00e1blanos<\/strong><\/h4>\n\n\n\n<p>Andreas Bettenbrock<br><a href=\"mailto:k-pall@kawasakirobotics.de\">K-PALL@kawasakirobotics.de<\/a><br><\/p>\n<\/div><\/div>\n","protected":false},"excerpt":{"rendered":"<p>K-PALL: The compact palletising cell from Kawasaki Experience K-PALL live at Interpack 2023 in D\u00fcsseldorf (Hall 6, Booth A66). Find more details and receive your free personal ticket here! Available now! La automatizaci\u00f3n nunca ha sido tan f\u00e1cil Todo lo que necesita en el espacio m\u00e1s peque\u00f1o: K-PALL de Kawasaki Robotics, con su dise\u00f1o extremadamente compacto y liviano, es una de las celdas de paletizaci\u00f3n m\u00e1s peque\u00f1as pero m\u00e1s potentes del mer La tecnolog\u00eda moderna, el dise\u00f1o inteligente y la operaci\u00f3n intuitiva hacen de K-PALL su primer paso \u00f3ptimo hacia la automatizaci\u00f3n de sus tareas de paletizado. Las caracter\u00edsticas de un vistazo: paletizar con K-PALL es as\u00ed de f\u00e1cil M\u00e1s [&hellip;]<\/p>\n","protected":false},"author":3,"featured_media":0,"parent":0,"menu_order":0,"comment_status":"closed","ping_status":"closed","template":"","meta":{"ep_exclude_from_search":false,"footnotes":""},"class_list":["post-4768","page","type-page","status-publish","hentry"],"yoast_head":"<!-- This site is optimized with the Yoast SEO plugin v25.9 - https:\/\/yoast.com\/wordpress\/plugins\/seo\/ -->\n<title>K-PALL | Industrial Robots by Kawasaki Robotics<\/title>\n<meta name=\"description\" content=\"Discover K-PALL, the extremely compact and lightweight palletizing solution from Kawasaki Robotics. K-PALL automates your palletizing tasks.\" \/>\n<meta name=\"robots\" content=\"index, follow, max-snippet:-1, max-image-preview:large, max-video-preview:-1\" \/>\n<link rel=\"canonical\" href=\"https:\/\/kawasakirobotics.com\/es\/k-pall\/\" \/>\n<meta property=\"og:locale\" content=\"es_ES\" \/>\n<meta property=\"og:type\" content=\"article\" \/>\n<meta property=\"og:title\" content=\"K-PALL | Industrial Robots by Kawasaki Robotics\" \/>\n<meta property=\"og:description\" content=\"Discover K-PALL, the extremely compact and lightweight palletizing solution from Kawasaki Robotics. K-PALL automates your palletizing tasks.\" \/>\n<meta property=\"og:url\" content=\"https:\/\/kawasakirobotics.com\/es\/k-pall\/\" \/>\n<meta property=\"og:site_name\" content=\"Kawasaki Robotics\" \/>\n<meta property=\"article:modified_time\" content=\"2024-01-30T02:23:53+00:00\" \/>\n<meta property=\"og:image\" content=\"https:\/\/kawasakirobotics.com\/content\/themes\/krobot-theme\/src\/images\/default\/ogp.jpg\" \/>\n\t<meta property=\"og:image:width\" content=\"1200\" \/>\n\t<meta property=\"og:image:height\" content=\"630\" \/>\n\t<meta property=\"og:image:type\" content=\"image\/jpeg\" \/>\n<meta name=\"twitter:card\" content=\"summary_large_image\" \/>\n<script type=\"application\/ld+json\" class=\"yoast-schema-graph\">{\"@context\":\"https:\/\/schema.org\",\"@graph\":[{\"@type\":\"WebPage\",\"@id\":\"https:\/\/kawasakirobotics.com\/es\/k-pall\/\",\"url\":\"https:\/\/kawasakirobotics.com\/es\/k-pall\/\",\"name\":\"K-PALL | Industrial Robots by Kawasaki Robotics\",\"isPartOf\":{\"@id\":\"https:\/\/kawasakirobotics.com\/es\/#website\"},\"primaryImageOfPage\":{\"@id\":\"https:\/\/kawasakirobotics.com\/es\/k-pall\/#primaryimage\"},\"image\":{\"@id\":\"https:\/\/kawasakirobotics.com\/es\/k-pall\/#primaryimage\"},\"thumbnailUrl\":\"https:\/\/kawasakirobotics.com\/tachyon\/sites\/9\/2023\/03\/Simply-unique-1.png\",\"datePublished\":\"2022-03-03T03:19:35+00:00\",\"dateModified\":\"2024-01-30T02:23:53+00:00\",\"description\":\"Discover K-PALL, the extremely compact and lightweight palletizing solution from Kawasaki Robotics. K-PALL automates your palletizing tasks.\",\"breadcrumb\":{\"@id\":\"https:\/\/kawasakirobotics.com\/es\/k-pall\/#breadcrumb\"},\"inLanguage\":\"es\",\"potentialAction\":[{\"@type\":\"ReadAction\",\"target\":[\"https:\/\/kawasakirobotics.com\/es\/k-pall\/\"]}]},{\"@type\":\"ImageObject\",\"inLanguage\":\"es\",\"@id\":\"https:\/\/kawasakirobotics.com\/es\/k-pall\/#primaryimage\",\"url\":\"https:\/\/kawasakirobotics.com\/tachyon\/sites\/9\/2023\/03\/Simply-unique-1.png\",\"contentUrl\":\"https:\/\/kawasakirobotics.com\/tachyon\/sites\/9\/2023\/03\/Simply-unique-1.png\"},{\"@type\":\"BreadcrumbList\",\"@id\":\"https:\/\/kawasakirobotics.com\/es\/k-pall\/#breadcrumb\",\"itemListElement\":[{\"@type\":\"ListItem\",\"position\":1,\"name\":\"Home\",\"item\":\"https:\/\/kawasakirobotics.com\/es\/\"},{\"@type\":\"ListItem\",\"position\":2,\"name\":\"K-PALL\"}]},{\"@type\":\"WebSite\",\"@id\":\"https:\/\/kawasakirobotics.com\/es\/#website\",\"url\":\"https:\/\/kawasakirobotics.com\/es\/\",\"name\":\"Kawasaki Robotics\",\"description\":\"\",\"publisher\":{\"@id\":\"https:\/\/kawasakirobotics.com\/es\/#organization\"},\"potentialAction\":[{\"@type\":\"SearchAction\",\"target\":{\"@type\":\"EntryPoint\",\"urlTemplate\":\"https:\/\/kawasakirobotics.com\/es\/?s={search_term_string}\"},\"query-input\":{\"@type\":\"PropertyValueSpecification\",\"valueRequired\":true,\"valueName\":\"search_term_string\"}}],\"inLanguage\":\"es\"},{\"@type\":\"Organization\",\"@id\":\"https:\/\/kawasakirobotics.com\/es\/#organization\",\"name\":\"\u5ddd\u5d0e\u91cd\u5de5\u696d\u30ed\u30dc\u30c3\u30c8\u30c7\u30a3\u30d3\u30b8\u30e7\u30f3\",\"url\":\"https:\/\/kawasakirobotics.com\/es\/\",\"logo\":{\"@type\":\"ImageObject\",\"inLanguage\":\"es\",\"@id\":\"https:\/\/kawasakirobotics.com\/es\/#\/schema\/logo\/image\/\",\"url\":\"\",\"contentUrl\":\"\",\"caption\":\"\u5ddd\u5d0e\u91cd\u5de5\u696d\u30ed\u30dc\u30c3\u30c8\u30c7\u30a3\u30d3\u30b8\u30e7\u30f3\"},\"image\":{\"@id\":\"https:\/\/kawasakirobotics.com\/es\/#\/schema\/logo\/image\/\"}}]}<\/script>\n<!-- \/ Yoast SEO plugin. -->","yoast_head_json":{"title":"K-PALL | Industrial Robots by Kawasaki Robotics","description":"Discover K-PALL, the extremely compact and lightweight palletizing solution from Kawasaki Robotics. K-PALL automates your palletizing tasks.","robots":{"index":"index","follow":"follow","max-snippet":"max-snippet:-1","max-image-preview":"max-image-preview:large","max-video-preview":"max-video-preview:-1"},"canonical":"https:\/\/kawasakirobotics.com\/es\/k-pall\/","og_locale":"es_ES","og_type":"article","og_title":"K-PALL | Industrial Robots by Kawasaki Robotics","og_description":"Discover K-PALL, the extremely compact and lightweight palletizing solution from Kawasaki Robotics. K-PALL automates your palletizing tasks.","og_url":"https:\/\/kawasakirobotics.com\/es\/k-pall\/","og_site_name":"Kawasaki Robotics","article_modified_time":"2024-01-30T02:23:53+00:00","og_image":[{"url":"https:\/\/kawasakirobotics.com\/content\/themes\/krobot-theme\/src\/images\/default\/ogp.jpg","width":"1200","height":"630","type":"image\/jpeg"}],"twitter_card":"summary_large_image","schema":{"@context":"https:\/\/schema.org","@graph":[{"@type":"WebPage","@id":"https:\/\/kawasakirobotics.com\/es\/k-pall\/","url":"https:\/\/kawasakirobotics.com\/es\/k-pall\/","name":"K-PALL | Industrial Robots by Kawasaki Robotics","isPartOf":{"@id":"https:\/\/kawasakirobotics.com\/es\/#website"},"primaryImageOfPage":{"@id":"https:\/\/kawasakirobotics.com\/es\/k-pall\/#primaryimage"},"image":{"@id":"https:\/\/kawasakirobotics.com\/es\/k-pall\/#primaryimage"},"thumbnailUrl":"https:\/\/kawasakirobotics.com\/tachyon\/sites\/9\/2023\/03\/Simply-unique-1.png","datePublished":"2022-03-03T03:19:35+00:00","dateModified":"2024-01-30T02:23:53+00:00","description":"Discover K-PALL, the extremely compact and lightweight palletizing solution from Kawasaki Robotics. K-PALL automates your palletizing tasks.","breadcrumb":{"@id":"https:\/\/kawasakirobotics.com\/es\/k-pall\/#breadcrumb"},"inLanguage":"es","potentialAction":[{"@type":"ReadAction","target":["https:\/\/kawasakirobotics.com\/es\/k-pall\/"]}]},{"@type":"ImageObject","inLanguage":"es","@id":"https:\/\/kawasakirobotics.com\/es\/k-pall\/#primaryimage","url":"https:\/\/kawasakirobotics.com\/tachyon\/sites\/9\/2023\/03\/Simply-unique-1.png","contentUrl":"https:\/\/kawasakirobotics.com\/tachyon\/sites\/9\/2023\/03\/Simply-unique-1.png"},{"@type":"BreadcrumbList","@id":"https:\/\/kawasakirobotics.com\/es\/k-pall\/#breadcrumb","itemListElement":[{"@type":"ListItem","position":1,"name":"Home","item":"https:\/\/kawasakirobotics.com\/es\/"},{"@type":"ListItem","position":2,"name":"K-PALL"}]},{"@type":"WebSite","@id":"https:\/\/kawasakirobotics.com\/es\/#website","url":"https:\/\/kawasakirobotics.com\/es\/","name":"Kawasaki Robotics","description":"","publisher":{"@id":"https:\/\/kawasakirobotics.com\/es\/#organization"},"potentialAction":[{"@type":"SearchAction","target":{"@type":"EntryPoint","urlTemplate":"https:\/\/kawasakirobotics.com\/es\/?s={search_term_string}"},"query-input":{"@type":"PropertyValueSpecification","valueRequired":true,"valueName":"search_term_string"}}],"inLanguage":"es"},{"@type":"Organization","@id":"https:\/\/kawasakirobotics.com\/es\/#organization","name":"\u5ddd\u5d0e\u91cd\u5de5\u696d\u30ed\u30dc\u30c3\u30c8\u30c7\u30a3\u30d3\u30b8\u30e7\u30f3","url":"https:\/\/kawasakirobotics.com\/es\/","logo":{"@type":"ImageObject","inLanguage":"es","@id":"https:\/\/kawasakirobotics.com\/es\/#\/schema\/logo\/image\/","url":"","contentUrl":"","caption":"\u5ddd\u5d0e\u91cd\u5de5\u696d\u30ed\u30dc\u30c3\u30c8\u30c7\u30a3\u30d3\u30b8\u30e7\u30f3"},"image":{"@id":"https:\/\/kawasakirobotics.com\/es\/#\/schema\/logo\/image\/"}}]}},"_links":{"self":[{"href":"https:\/\/kawasakirobotics.com\/es\/wp-json\/wp\/v2\/pages\/4768","targetHints":{"allow":["GET"]}}],"collection":[{"href":"https:\/\/kawasakirobotics.com\/es\/wp-json\/wp\/v2\/pages"}],"about":[{"href":"https:\/\/kawasakirobotics.com\/es\/wp-json\/wp\/v2\/types\/page"}],"author":[{"embeddable":true,"href":"https:\/\/kawasakirobotics.com\/es\/wp-json\/wp\/v2\/users\/3"}],"replies":[{"embeddable":true,"href":"https:\/\/kawasakirobotics.com\/es\/wp-json\/wp\/v2\/comments?post=4768"}],"version-history":[{"count":10,"href":"https:\/\/kawasakirobotics.com\/es\/wp-json\/wp\/v2\/pages\/4768\/revisions"}],"predecessor-version":[{"id":5580,"href":"https:\/\/kawasakirobotics.com\/es\/wp-json\/wp\/v2\/pages\/4768\/revisions\/5580"}],"wp:attachment":[{"href":"https:\/\/kawasakirobotics.com\/es\/wp-json\/wp\/v2\/media?parent=4768"}],"curies":[{"name":"wp","href":"https:\/\/api.w.org\/{rel}","templated":true}]}}