{"id":4771,"date":"2022-03-03T03:37:12","date_gmt":"2022-03-03T03:37:12","guid":{"rendered":"urn:uuid:d3860912-7f92-42ec-9957-10281bddbeee"},"modified":"2025-05-10T10:47:10","modified_gmt":"2025-05-10T08:47:10","slug":"k-positioner","status":"publish","type":"page","link":"https:\/\/kawasakirobotics.com\/es\/k-positioner\/","title":{"rendered":"Posicionador K"},"content":{"rendered":"\n<figure class=\"wp-block-embed is-type-video is-provider-youtube wp-block-embed-youtube wp-embed-aspect-16-9 wp-has-aspect-ratio\"><div class=\"wp-block-embed__wrapper\">\n<iframe loading=\"lazy\" title=\"Kawasaki Robotics BA006L welding motorbike steel frame\" width=\"900\" height=\"506\" src=\"https:\/\/www.youtube.com\/embed\/sBDzODSBCUE?feature=oembed\" frameborder=\"0\" allow=\"accelerometer; autoplay; clipboard-write; encrypted-media; gyroscope; picture-in-picture; web-share\" referrerpolicy=\"strict-origin-when-cross-origin\" allowfullscreen><\/iframe>\n<\/div><\/figure>\n\n\n\n<h2 class=\"wp-block-heading\"><strong>Posicionadores de gama alta para sus aplicaciones individuales<\/strong><\/h2>\n\n\n\n<p>Kawasaki suministra una gama completa de posicionadores de gama alta, desde posicionadores de un solo eje con eje vertical (mesas giratorias) o eje horizontal (con o sin soporte adicional) hasta posicionadores m\u00faltiples. Los posicionadores pueden manejar productos que van desde 100 kg hasta 3000 kg. Cada uno de los posicionadores puede entregarse inmediatamente en su configuraci\u00f3n est\u00e1ndar o prepararse en dise\u00f1os especializados que se adapten a todas las necesidades de las aplicaciones individuales.<\/p>\n\n\n\n<figure class=\"wp-block-image size-large\"><img loading=\"lazy\" decoding=\"async\" width=\"2048\" height=\"1301\" src=\"https:\/\/kawasakirobotics.com\/tachyon\/sites\/5\/2022\/03\/K-Positioners-no-background-shades-2048x1301-1.png?fit=900%2C900\" alt=\"Posicionador K 01\" class=\"wp-image-4772\" srcset=\"https:\/\/kawasakirobotics.com\/tachyon\/sites\/31\/2022\/03\/K-Positioners-no-background-shades-2048x1301-1.png?resize=2048%2C1301&amp;zoom=1 2048w, https:\/\/kawasakirobotics.com\/tachyon\/sites\/31\/2022\/03\/K-Positioners-no-background-shades-2048x1301-1.png?resize=2048%2C1301&amp;zoom=0.5 1024w, https:\/\/kawasakirobotics.com\/tachyon\/sites\/31\/2022\/03\/K-Positioners-no-background-shades-2048x1301-1.png?resize=2048%2C1301&amp;zoom=0.25 512w\" sizes=\"auto, (max-width: 2048px) 100vw, 2048px\" \/><\/figure>\n\n\n\n<h2 class=\"wp-block-heading\">Tan fiable y preciso como los propios Kawasaki Robots<\/h2>\n\n\n\n<p>Los posicionadores K se han desarrollado espec\u00edficamente para funcionar a la perfecci\u00f3n con los robots Kawasaki. Gracias a las piezas originales de Kawasaki, son tan fiables y precisos como los propios robots. Los posicionadores son accionados por un eje Kawasaki adicional controlado por el controlador del robot, lo que garantiza una integraci\u00f3n f\u00e1cil y r\u00e1pida.<\/p>\n\n\n\n<figure class=\"wp-block-image size-large\"><img loading=\"lazy\" decoding=\"async\" width=\"1000\" height=\"667\" src=\"https:\/\/kawasakirobotics.com\/tachyon\/sites\/5\/2022\/03\/anipol-65-tme1.jpeg?fit=900%2C667\" alt=\"Posicionador K 02\" class=\"wp-image-4773\" srcset=\"https:\/\/kawasakirobotics.com\/tachyon\/sites\/31\/2022\/03\/anipol-65-tme1.jpeg?resize=1000%2C667&amp;zoom=1 1000w, https:\/\/kawasakirobotics.com\/tachyon\/sites\/31\/2022\/03\/anipol-65-tme1.jpeg?resize=1000%2C667&amp;zoom=0.5 500w, https:\/\/kawasakirobotics.com\/tachyon\/sites\/31\/2022\/03\/anipol-65-tme1.jpeg?resize=1000%2C667&amp;zoom=0.25 250w\" sizes=\"auto, (max-width: 1000px) 100vw, 1000px\" \/><\/figure>\n\n\n\n<h2 class=\"wp-block-heading\">La construcci\u00f3n modular ofrece la m\u00e1xima flexibilidad y rendimiento.<\/h2>\n\n\n\n<p>La l\u00ednea de posicionadores K se basa en el concepto de construcci\u00f3n modular, lo que facilita su modificaci\u00f3n y adaptaci\u00f3n a las cambiantes necesidades de producci\u00f3n. Su construcci\u00f3n robusta y r\u00edgida permite soldar con rendimiento y productividad \u00f3ptimos constantes, manteniendo as\u00ed una excelente calidad del producto y garantizando la ejecuci\u00f3n oportuna de los pedidos.<\/p>\n\n\n\n<div class=\"wp-block-group has-light-gray-background-color has-background is-layout-flow wp-block-group-is-layout-flow\">\n<h4 class=\"wp-block-heading has-text-align-center\">M\u00e1s informaci\u00f3n sobre el posicionador K<\/h4>\n\n\n\n<div class=\"wp-block-buttons is-horizontal is-content-justification-center is-layout-flex wp-container-core-buttons-is-layout-03627597 wp-block-buttons-is-layout-flex\">\n<div class=\"wp-block-button\"><a class=\"wp-block-button__link wp-element-button\" href=\"https:\/\/kawasaki-corporate.spiral-site.com\/ind_robot_eu?_ifbs-ind_robot_eu=s1_Step1&amp;_gl=1*1iapzqc*_ga*MTQ4ODM3MDE3MC4xNjM3NzMyNDU4*_ga_GRRCX7N19P*MTY0NjI2ODUzOC4yLjEuMTY0NjI3ODE0NC4w\" target=\"_blank\" rel=\"noreferrer noopener\">Contacto<\/a><\/div>\n<\/div>\n<\/div>\n","protected":false},"excerpt":{"rendered":"<p>Posicionadores de gama alta para sus aplicaciones individuales Kawasaki suministra una gama completa de posicionadores de gama alta, desde posicionadores de un solo eje con eje vertical (mesas giratorias) o eje horizontal (con o sin soporte adicional) hasta posicionadores m\u00faltiples. Los posicionadores pueden manejar productos que van desde 100 kg hasta 3000 kg. Cada uno de los posicionadores puede entregarse inmediatamente en su configuraci\u00f3n est\u00e1ndar o prepararse en dise\u00f1os especializados que se adapten a todas las necesidades de las aplicaciones individuales. Tan fiable y preciso como los propios Kawasaki Robots Los posicionadores K se han desarrollado espec\u00edficamente para funcionar a la perfecci\u00f3n con los robots Kawasaki. Gracias a las piezas [&hellip;]<\/p>\n","protected":false},"author":3,"featured_media":0,"parent":0,"menu_order":0,"comment_status":"closed","ping_status":"closed","template":"","meta":{"ep_exclude_from_search":false,"footnotes":""},"class_list":["post-4771","page","type-page","status-publish","hentry"],"yoast_head":"<!-- This site is optimized with the Yoast SEO plugin v25.9 - https:\/\/yoast.com\/wordpress\/plugins\/seo\/ -->\n<title>Posicionador K | Industrial Robots by Kawasaki Robotics<\/title>\n<meta name=\"description\" content=\"Kawasaki Robotics offers a wide range of high-end positioners, from single to multi-axis, capable of handling products from 100kg to 3,000kg.\" \/>\n<meta name=\"robots\" content=\"index, follow, max-snippet:-1, max-image-preview:large, max-video-preview:-1\" \/>\n<link rel=\"canonical\" href=\"https:\/\/kawasakirobotics.com\/es\/k-positioner\/\" \/>\n<meta property=\"og:locale\" content=\"es_ES\" \/>\n<meta property=\"og:type\" content=\"article\" \/>\n<meta property=\"og:title\" content=\"Posicionador K | Industrial Robots by Kawasaki Robotics\" \/>\n<meta property=\"og:description\" content=\"Kawasaki Robotics offers a wide range of high-end positioners, from single to multi-axis, capable of handling products from 100kg to 3,000kg.\" \/>\n<meta property=\"og:url\" content=\"https:\/\/kawasakirobotics.com\/es\/k-positioner\/\" \/>\n<meta property=\"og:site_name\" content=\"Kawasaki Robotics\" \/>\n<meta property=\"article:modified_time\" content=\"2025-05-10T08:47:10+00:00\" \/>\n<meta property=\"og:image\" content=\"https:\/\/kawasakirobotics.com\/content\/themes\/krobot-theme\/src\/images\/default\/ogp.jpg\" \/>\n\t<meta property=\"og:image:width\" content=\"1200\" \/>\n\t<meta property=\"og:image:height\" content=\"630\" \/>\n\t<meta property=\"og:image:type\" content=\"image\/jpeg\" \/>\n<meta name=\"twitter:card\" content=\"summary_large_image\" \/>\n<script type=\"application\/ld+json\" class=\"yoast-schema-graph\">{\"@context\":\"https:\/\/schema.org\",\"@graph\":[{\"@type\":\"WebPage\",\"@id\":\"https:\/\/kawasakirobotics.com\/es\/k-positioner\/\",\"url\":\"https:\/\/kawasakirobotics.com\/es\/k-positioner\/\",\"name\":\"Posicionador K | Industrial Robots by Kawasaki Robotics\",\"isPartOf\":{\"@id\":\"https:\/\/kawasakirobotics.com\/es\/#website\"},\"primaryImageOfPage\":{\"@id\":\"https:\/\/kawasakirobotics.com\/es\/k-positioner\/#primaryimage\"},\"image\":{\"@id\":\"https:\/\/kawasakirobotics.com\/es\/k-positioner\/#primaryimage\"},\"thumbnailUrl\":\"https:\/\/kawasakirobotics.com\/tachyon\/sites\/5\/2022\/03\/K-Positioners-no-background-shades-2048x1301-1.png?fit=900%2C900\",\"datePublished\":\"2022-03-03T03:37:12+00:00\",\"dateModified\":\"2025-05-10T08:47:10+00:00\",\"description\":\"Kawasaki Robotics offers a wide range of high-end positioners, from single to multi-axis, capable of handling products from 100kg to 3,000kg.\",\"breadcrumb\":{\"@id\":\"https:\/\/kawasakirobotics.com\/es\/k-positioner\/#breadcrumb\"},\"inLanguage\":\"es\",\"potentialAction\":[{\"@type\":\"ReadAction\",\"target\":[\"https:\/\/kawasakirobotics.com\/es\/k-positioner\/\"]}]},{\"@type\":\"ImageObject\",\"inLanguage\":\"es\",\"@id\":\"https:\/\/kawasakirobotics.com\/es\/k-positioner\/#primaryimage\",\"url\":\"https:\/\/kawasakirobotics.com\/tachyon\/sites\/5\/2022\/03\/K-Positioners-no-background-shades-2048x1301-1.png?fit=900%2C900\",\"contentUrl\":\"https:\/\/kawasakirobotics.com\/tachyon\/sites\/5\/2022\/03\/K-Positioners-no-background-shades-2048x1301-1.png?fit=900%2C900\"},{\"@type\":\"BreadcrumbList\",\"@id\":\"https:\/\/kawasakirobotics.com\/es\/k-positioner\/#breadcrumb\",\"itemListElement\":[{\"@type\":\"ListItem\",\"position\":1,\"name\":\"Home\",\"item\":\"https:\/\/kawasakirobotics.com\/es\/\"},{\"@type\":\"ListItem\",\"position\":2,\"name\":\"Posicionador K\"}]},{\"@type\":\"WebSite\",\"@id\":\"https:\/\/kawasakirobotics.com\/es\/#website\",\"url\":\"https:\/\/kawasakirobotics.com\/es\/\",\"name\":\"Kawasaki Robotics\",\"description\":\"\",\"publisher\":{\"@id\":\"https:\/\/kawasakirobotics.com\/es\/#organization\"},\"potentialAction\":[{\"@type\":\"SearchAction\",\"target\":{\"@type\":\"EntryPoint\",\"urlTemplate\":\"https:\/\/kawasakirobotics.com\/es\/?s={search_term_string}\"},\"query-input\":{\"@type\":\"PropertyValueSpecification\",\"valueRequired\":true,\"valueName\":\"search_term_string\"}}],\"inLanguage\":\"es\"},{\"@type\":\"Organization\",\"@id\":\"https:\/\/kawasakirobotics.com\/es\/#organization\",\"name\":\"\u5ddd\u5d0e\u91cd\u5de5\u696d\u30ed\u30dc\u30c3\u30c8\u30c7\u30a3\u30d3\u30b8\u30e7\u30f3\",\"url\":\"https:\/\/kawasakirobotics.com\/es\/\",\"logo\":{\"@type\":\"ImageObject\",\"inLanguage\":\"es\",\"@id\":\"https:\/\/kawasakirobotics.com\/es\/#\/schema\/logo\/image\/\",\"url\":\"\",\"contentUrl\":\"\",\"caption\":\"\u5ddd\u5d0e\u91cd\u5de5\u696d\u30ed\u30dc\u30c3\u30c8\u30c7\u30a3\u30d3\u30b8\u30e7\u30f3\"},\"image\":{\"@id\":\"https:\/\/kawasakirobotics.com\/es\/#\/schema\/logo\/image\/\"}}]}<\/script>\n<!-- \/ Yoast SEO plugin. -->","yoast_head_json":{"title":"Posicionador K | Industrial Robots by Kawasaki Robotics","description":"Kawasaki Robotics offers a wide range of high-end positioners, from single to multi-axis, capable of handling products from 100kg to 3,000kg.","robots":{"index":"index","follow":"follow","max-snippet":"max-snippet:-1","max-image-preview":"max-image-preview:large","max-video-preview":"max-video-preview:-1"},"canonical":"https:\/\/kawasakirobotics.com\/es\/k-positioner\/","og_locale":"es_ES","og_type":"article","og_title":"Posicionador K | Industrial Robots by Kawasaki Robotics","og_description":"Kawasaki Robotics offers a wide range of high-end positioners, from single to multi-axis, capable of handling products from 100kg to 3,000kg.","og_url":"https:\/\/kawasakirobotics.com\/es\/k-positioner\/","og_site_name":"Kawasaki Robotics","article_modified_time":"2025-05-10T08:47:10+00:00","og_image":[{"url":"https:\/\/kawasakirobotics.com\/content\/themes\/krobot-theme\/src\/images\/default\/ogp.jpg","width":"1200","height":"630","type":"image\/jpeg"}],"twitter_card":"summary_large_image","schema":{"@context":"https:\/\/schema.org","@graph":[{"@type":"WebPage","@id":"https:\/\/kawasakirobotics.com\/es\/k-positioner\/","url":"https:\/\/kawasakirobotics.com\/es\/k-positioner\/","name":"Posicionador K | Industrial Robots by Kawasaki Robotics","isPartOf":{"@id":"https:\/\/kawasakirobotics.com\/es\/#website"},"primaryImageOfPage":{"@id":"https:\/\/kawasakirobotics.com\/es\/k-positioner\/#primaryimage"},"image":{"@id":"https:\/\/kawasakirobotics.com\/es\/k-positioner\/#primaryimage"},"thumbnailUrl":"https:\/\/kawasakirobotics.com\/tachyon\/sites\/5\/2022\/03\/K-Positioners-no-background-shades-2048x1301-1.png?fit=900%2C900","datePublished":"2022-03-03T03:37:12+00:00","dateModified":"2025-05-10T08:47:10+00:00","description":"Kawasaki Robotics offers a wide range of high-end positioners, from single to multi-axis, capable of handling products from 100kg to 3,000kg.","breadcrumb":{"@id":"https:\/\/kawasakirobotics.com\/es\/k-positioner\/#breadcrumb"},"inLanguage":"es","potentialAction":[{"@type":"ReadAction","target":["https:\/\/kawasakirobotics.com\/es\/k-positioner\/"]}]},{"@type":"ImageObject","inLanguage":"es","@id":"https:\/\/kawasakirobotics.com\/es\/k-positioner\/#primaryimage","url":"https:\/\/kawasakirobotics.com\/tachyon\/sites\/5\/2022\/03\/K-Positioners-no-background-shades-2048x1301-1.png?fit=900%2C900","contentUrl":"https:\/\/kawasakirobotics.com\/tachyon\/sites\/5\/2022\/03\/K-Positioners-no-background-shades-2048x1301-1.png?fit=900%2C900"},{"@type":"BreadcrumbList","@id":"https:\/\/kawasakirobotics.com\/es\/k-positioner\/#breadcrumb","itemListElement":[{"@type":"ListItem","position":1,"name":"Home","item":"https:\/\/kawasakirobotics.com\/es\/"},{"@type":"ListItem","position":2,"name":"Posicionador K"}]},{"@type":"WebSite","@id":"https:\/\/kawasakirobotics.com\/es\/#website","url":"https:\/\/kawasakirobotics.com\/es\/","name":"Kawasaki Robotics","description":"","publisher":{"@id":"https:\/\/kawasakirobotics.com\/es\/#organization"},"potentialAction":[{"@type":"SearchAction","target":{"@type":"EntryPoint","urlTemplate":"https:\/\/kawasakirobotics.com\/es\/?s={search_term_string}"},"query-input":{"@type":"PropertyValueSpecification","valueRequired":true,"valueName":"search_term_string"}}],"inLanguage":"es"},{"@type":"Organization","@id":"https:\/\/kawasakirobotics.com\/es\/#organization","name":"\u5ddd\u5d0e\u91cd\u5de5\u696d\u30ed\u30dc\u30c3\u30c8\u30c7\u30a3\u30d3\u30b8\u30e7\u30f3","url":"https:\/\/kawasakirobotics.com\/es\/","logo":{"@type":"ImageObject","inLanguage":"es","@id":"https:\/\/kawasakirobotics.com\/es\/#\/schema\/logo\/image\/","url":"","contentUrl":"","caption":"\u5ddd\u5d0e\u91cd\u5de5\u696d\u30ed\u30dc\u30c3\u30c8\u30c7\u30a3\u30d3\u30b8\u30e7\u30f3"},"image":{"@id":"https:\/\/kawasakirobotics.com\/es\/#\/schema\/logo\/image\/"}}]}},"_links":{"self":[{"href":"https:\/\/kawasakirobotics.com\/es\/wp-json\/wp\/v2\/pages\/4771","targetHints":{"allow":["GET"]}}],"collection":[{"href":"https:\/\/kawasakirobotics.com\/es\/wp-json\/wp\/v2\/pages"}],"about":[{"href":"https:\/\/kawasakirobotics.com\/es\/wp-json\/wp\/v2\/types\/page"}],"author":[{"embeddable":true,"href":"https:\/\/kawasakirobotics.com\/es\/wp-json\/wp\/v2\/users\/3"}],"replies":[{"embeddable":true,"href":"https:\/\/kawasakirobotics.com\/es\/wp-json\/wp\/v2\/comments?post=4771"}],"version-history":[{"count":4,"href":"https:\/\/kawasakirobotics.com\/es\/wp-json\/wp\/v2\/pages\/4771\/revisions"}],"predecessor-version":[{"id":5859,"href":"https:\/\/kawasakirobotics.com\/es\/wp-json\/wp\/v2\/pages\/4771\/revisions\/5859"}],"wp:attachment":[{"href":"https:\/\/kawasakirobotics.com\/es\/wp-json\/wp\/v2\/media?parent=4771"}],"curies":[{"name":"wp","href":"https:\/\/api.w.org\/{rel}","templated":true}]}}