{"id":4775,"date":"2022-03-03T04:05:51","date_gmt":"2022-03-03T04:05:51","guid":{"rendered":"urn:uuid:38146940-4ff2-410d-8a03-b360c15c8781"},"modified":"2025-05-10T10:49:48","modified_gmt":"2025-05-10T08:49:48","slug":"k-virtual","status":"publish","type":"page","link":"https:\/\/kawasakirobotics.com\/es\/k-virtual\/","title":{"rendered":"K-Virtual"},"content":{"rendered":"\n<figure class=\"wp-block-embed is-type-video is-provider-youtube wp-block-embed-youtube wp-embed-aspect-16-9 wp-has-aspect-ratio\"><div class=\"wp-block-embed__wrapper\">\n<iframe loading=\"lazy\" title=\"K-Virtual the 3D-Simulation Tool for Kawasaki Robots\" width=\"900\" height=\"506\" src=\"https:\/\/www.youtube.com\/embed\/hN77S2OpI-E?feature=oembed\" frameborder=\"0\" allow=\"accelerometer; autoplay; clipboard-write; encrypted-media; gyroscope; picture-in-picture; web-share\" referrerpolicy=\"strict-origin-when-cross-origin\" allowfullscreen><\/iframe>\n<\/div><\/figure>\n\n\n\n<h2 class=\"wp-block-heading\">Plataforma de simulaci\u00f3n 3D intuitiva<\/h2>\n\n\n\n<p>La complejidad de los procesos y soluciones de fabricaci\u00f3n aumenta d\u00eda a d\u00eda: nuestro objetivo es simplificarlos y permitirle concentrarse en sus tareas principales. Basado en la tecnolog\u00eda probada FASTSUITE de CENIT, K-Virtual permite el desarrollo, la programaci\u00f3n y la optimizaci\u00f3n \u00e1giles de aplicaciones rob\u00f3ticas complejas a trav\u00e9s de una plataforma intuitiva y un gemelo digital de su sistema.<\/p>\n\n\n\n<p><strong>Disponible en tres ediciones, perfectamente adaptadas a sus necesidades individuales. \u00a1Aprenda m\u00e1s sobre cada uno en los videos vinculados en la lista!<\/strong><\/p>\n\n\n\n<div class=\"wp-block-columns has-light-gray-background-color has-background is-layout-flex wp-container-core-columns-is-layout-28f84493 wp-block-columns-is-layout-flex\">\n<div class=\"wp-block-column is-layout-flow wp-block-column-is-layout-flow\">\n<p class=\"has-text-align-center\">Edici\u00f3n 1: K-Virtual Basic<\/p>\n\n\n\n<div class=\"wp-block-buttons is-horizontal is-content-justification-center is-layout-flex wp-container-core-buttons-is-layout-03627597 wp-block-buttons-is-layout-flex\">\n<div class=\"wp-block-button\"><a class=\"wp-block-button__link wp-element-button\" href=\"https:\/\/youtu.be\/yWhfuBYrFDA\" target=\"_blank\" rel=\"noreferrer noopener\">Video<\/a><\/div>\n<\/div>\n<\/div>\n\n\n\n<div class=\"wp-block-column is-layout-flow wp-block-column-is-layout-flow\">\n<p class=\"has-text-align-center\">Edici\u00f3n 2: K-OLP virtual<\/p>\n\n\n\n<div class=\"wp-block-buttons is-horizontal is-content-justification-center is-layout-flex wp-container-core-buttons-is-layout-03627597 wp-block-buttons-is-layout-flex\">\n<div class=\"wp-block-button\"><a class=\"wp-block-button__link wp-element-button\" href=\"https:\/\/youtu.be\/ksMn1d4pGE4\" target=\"_blank\" rel=\"noreferrer noopener\">Video<\/a><\/div>\n<\/div>\n<\/div>\n\n\n\n<div class=\"wp-block-column is-layout-flow wp-block-column-is-layout-flow\">\n<p class=\"has-text-align-center\">Edici\u00f3n 3: K-Experto virtual<\/p>\n\n\n\n<div class=\"wp-block-buttons is-horizontal is-content-justification-center is-layout-flex wp-container-core-buttons-is-layout-03627597 wp-block-buttons-is-layout-flex\">\n<div class=\"wp-block-button\"><a class=\"wp-block-button__link wp-element-button\" href=\"https:\/\/youtu.be\/65ivUh0T160\" target=\"_blank\" rel=\"noreferrer noopener\">Video<\/a><\/div>\n<\/div>\n<\/div>\n<\/div>\n\n\n\n<h2 class=\"wp-block-heading\"><strong>Listo para la Industria 4.0<\/strong><\/h2>\n\n\n\n<figure class=\"wp-block-image size-large\"><img loading=\"lazy\" decoding=\"async\" width=\"2048\" height=\"1152\" src=\"https:\/\/kawasakirobotics.com\/tachyon\/sites\/5\/2022\/03\/Scenario1-2048x1152-1.jpeg?fit=900%2C900\" alt=\"Escenario K-Virtual01\" class=\"wp-image-4776\" srcset=\"https:\/\/kawasakirobotics.com\/tachyon\/sites\/31\/2022\/03\/Scenario1-2048x1152-1.jpeg?resize=2048%2C1152&amp;crop_strategy=smart&amp;zoom=1 2048w, https:\/\/kawasakirobotics.com\/tachyon\/sites\/31\/2022\/03\/Scenario1-2048x1152-1.jpeg?resize=2048%2C1152&amp;crop_strategy=smart&amp;zoom=0.5 1024w, https:\/\/kawasakirobotics.com\/tachyon\/sites\/31\/2022\/03\/Scenario1-2048x1152-1.jpeg?resize=2048%2C1152&amp;crop_strategy=smart&amp;zoom=0.25 512w\" sizes=\"auto, (max-width: 2048px) 100vw, 2048px\" \/><\/figure>\n\n\n\n<p>La Industria 4.0 requiere nuevos enfoques y conceptos. Las f\u00e1bricas virtuales y los modelos de plantas deben ser una representaci\u00f3n precisa de los sistemas de producci\u00f3n reales en todos los aspectos. Con K-Virtual le ofrecemos la herramienta \u00f3ptima para planificar la automatizaci\u00f3n individual. K-Virtual es la nueva soluci\u00f3n de software para ingenier\u00eda de plantas eficiente, simulaci\u00f3n pr\u00e1ctica de robots y<br>conveniente programaci\u00f3n fuera de l\u00ednea de los robots Kawasaki.<\/p>\n\n\n\n<h2 class=\"wp-block-heading\"><strong>Utilice todo el potencial de sus robots Kawasaki<\/strong><\/h2>\n\n\n\n<figure class=\"wp-block-image size-large\"><img loading=\"lazy\" decoding=\"async\" width=\"2048\" height=\"1152\" src=\"https:\/\/kawasakirobotics.com\/tachyon\/sites\/5\/2022\/03\/Scenario4-2048x1152-1.jpeg?fit=900%2C900\" alt=\"Escenario K-Virtual01\" class=\"wp-image-4777\" srcset=\"https:\/\/kawasakirobotics.com\/tachyon\/sites\/31\/2022\/03\/Scenario4-2048x1152-1.jpeg?resize=2048%2C1152&amp;crop_strategy=smart&amp;zoom=1 2048w, https:\/\/kawasakirobotics.com\/tachyon\/sites\/31\/2022\/03\/Scenario4-2048x1152-1.jpeg?resize=2048%2C1152&amp;crop_strategy=smart&amp;zoom=0.5 1024w, https:\/\/kawasakirobotics.com\/tachyon\/sites\/31\/2022\/03\/Scenario4-2048x1152-1.jpeg?resize=2048%2C1152&amp;crop_strategy=smart&amp;zoom=0.25 512w\" sizes=\"auto, (max-width: 2048px) 100vw, 2048px\" \/><\/figure>\n\n\n\n<p>K-Virtual est\u00e1 disponible en varias ediciones, desde Basic hasta Expert, y est\u00e1 optimizado para diversas aplicaciones, como la soldadura por arco. De este modo, las empresas pueden aprovechar al m\u00e1ximo la capacidad de rendimiento total de sus robots Kawasaki dentro de las soluciones de automatizaci\u00f3n individuales, desde la instalaci\u00f3n inicial hasta la reprogramaci\u00f3n y la reingenier\u00eda de la planta.<\/p>\n\n\n\n<div class=\"wp-block-group has-light-gray-background-color has-background is-layout-flow wp-block-group-is-layout-flow\">\n<h4 class=\"wp-block-heading has-text-align-center\"><strong>Aprende m\u00e1s<\/strong><\/h4>\n\n\n\n<div class=\"wp-block-columns is-layout-flex wp-container-core-columns-is-layout-28f84493 wp-block-columns-is-layout-flex\">\n<div class=\"wp-block-column is-layout-flow wp-block-column-is-layout-flow\">\n<h6 class=\"wp-block-heading has-text-align-center\">Nuestro folleto K-Virtual<\/h6>\n\n\n\n<div class=\"wp-block-buttons is-horizontal is-content-justification-center is-layout-flex wp-container-core-buttons-is-layout-03627597 wp-block-buttons-is-layout-flex\">\n<div class=\"wp-block-button\"><a class=\"wp-block-button__link wp-element-button\" href=\"https:\/\/kawasakirobotics.com\/uploads\/sites\/5\/2022\/03\/K-Virtual-EN-Digital-1.pdf\" target=\"_blank\" rel=\"noreferrer noopener\">Descargar<\/a><\/div>\n<\/div>\n<\/div>\n\n\n\n<div class=\"wp-block-column is-layout-flow wp-block-column-is-layout-flow\">\n<h6 class=\"wp-block-heading has-text-align-center\">H\u00e1blanos<\/h6>\n\n\n\n<div class=\"wp-block-buttons is-horizontal is-content-justification-center is-layout-flex wp-container-core-buttons-is-layout-03627597 wp-block-buttons-is-layout-flex\">\n<div class=\"wp-block-button\"><a class=\"wp-block-button__link wp-element-button\" href=\"https:\/\/kawasaki-corporate.spiral-site.com\/ind_robot_eu?_ifbs-ind_robot_eu=s1_Step1&amp;_gl=1*1iapzqc*_ga*MTQ4ODM3MDE3MC4xNjM3NzMyNDU4*_ga_GRRCX7N19P*MTY0NjI2ODUzOC4yLjEuMTY0NjI3ODE0NC4w\" target=\"_blank\" rel=\"noreferrer noopener\">Contacto<\/a><\/div>\n<\/div>\n<\/div>\n<\/div>\n<\/div>\n","protected":false},"excerpt":{"rendered":"<p>Plataforma de simulaci\u00f3n 3D intuitiva La complejidad de los procesos y soluciones de fabricaci\u00f3n aumenta d\u00eda a d\u00eda: nuestro objetivo es simplificarlos y permitirle concentrarse en sus tareas principales. Basado en la tecnolog\u00eda probada FASTSUITE de CENIT, K-Virtual permite el desarrollo, la programaci\u00f3n y la optimizaci\u00f3n \u00e1giles de aplicaciones rob\u00f3ticas complejas a trav\u00e9s de una plataforma intuitiva y un gemelo digital de su sistema. Disponible en tres ediciones, perfectamente adaptadas a sus necesidades individuales. \u00a1Aprenda m\u00e1s sobre cada uno en los videos vinculados en la lista! Edici\u00f3n 1: K-Virtual Basic Edici\u00f3n 2: K-OLP virtual Edici\u00f3n 3: K-Experto virtual Listo para la Industria 4.0 La Industria 4.0 requiere nuevos enfoques y [&hellip;]<\/p>\n","protected":false},"author":3,"featured_media":0,"parent":0,"menu_order":0,"comment_status":"closed","ping_status":"closed","template":"","meta":{"ep_exclude_from_search":false,"footnotes":""},"class_list":["post-4775","page","type-page","status-publish","hentry"],"yoast_head":"<!-- This site is optimized with the Yoast SEO plugin v25.9 - https:\/\/yoast.com\/wordpress\/plugins\/seo\/ -->\n<title>K-Virtual | Industrial Robots by Kawasaki Robotics<\/title>\n<meta name=\"description\" content=\"K-Virtual by Kawasaki Robotics simplifies manufacturing with its intuitive platform and digital twin technology based on CENIT&#039;s FASTSUITE.\" \/>\n<meta name=\"robots\" content=\"index, follow, max-snippet:-1, max-image-preview:large, max-video-preview:-1\" \/>\n<link rel=\"canonical\" href=\"https:\/\/kawasakirobotics.com\/es\/k-virtual\/\" \/>\n<meta property=\"og:locale\" content=\"es_ES\" \/>\n<meta property=\"og:type\" content=\"article\" \/>\n<meta property=\"og:title\" content=\"K-Virtual | Industrial Robots by Kawasaki Robotics\" \/>\n<meta property=\"og:description\" content=\"K-Virtual by Kawasaki Robotics simplifies manufacturing with its intuitive platform and digital twin technology based on CENIT&#039;s FASTSUITE.\" \/>\n<meta property=\"og:url\" content=\"https:\/\/kawasakirobotics.com\/es\/k-virtual\/\" \/>\n<meta property=\"og:site_name\" content=\"Kawasaki Robotics\" \/>\n<meta property=\"article:modified_time\" content=\"2025-05-10T08:49:48+00:00\" \/>\n<meta property=\"og:image\" content=\"https:\/\/kawasakirobotics.com\/content\/themes\/krobot-theme\/src\/images\/default\/ogp.jpg\" \/>\n\t<meta property=\"og:image:width\" content=\"1200\" \/>\n\t<meta property=\"og:image:height\" content=\"630\" \/>\n\t<meta property=\"og:image:type\" content=\"image\/jpeg\" \/>\n<meta name=\"twitter:card\" content=\"summary_large_image\" \/>\n<script type=\"application\/ld+json\" class=\"yoast-schema-graph\">{\"@context\":\"https:\/\/schema.org\",\"@graph\":[{\"@type\":\"WebPage\",\"@id\":\"https:\/\/kawasakirobotics.com\/es\/k-virtual\/\",\"url\":\"https:\/\/kawasakirobotics.com\/es\/k-virtual\/\",\"name\":\"K-Virtual | Industrial Robots by Kawasaki Robotics\",\"isPartOf\":{\"@id\":\"https:\/\/kawasakirobotics.com\/es\/#website\"},\"primaryImageOfPage\":{\"@id\":\"https:\/\/kawasakirobotics.com\/es\/k-virtual\/#primaryimage\"},\"image\":{\"@id\":\"https:\/\/kawasakirobotics.com\/es\/k-virtual\/#primaryimage\"},\"thumbnailUrl\":\"https:\/\/kawasakirobotics.com\/tachyon\/sites\/5\/2022\/03\/Scenario1-2048x1152-1.jpeg?fit=900%2C900\",\"datePublished\":\"2022-03-03T04:05:51+00:00\",\"dateModified\":\"2025-05-10T08:49:48+00:00\",\"description\":\"K-Virtual by Kawasaki Robotics simplifies manufacturing with its intuitive platform and digital twin technology based on CENIT's FASTSUITE.\",\"breadcrumb\":{\"@id\":\"https:\/\/kawasakirobotics.com\/es\/k-virtual\/#breadcrumb\"},\"inLanguage\":\"es\",\"potentialAction\":[{\"@type\":\"ReadAction\",\"target\":[\"https:\/\/kawasakirobotics.com\/es\/k-virtual\/\"]}]},{\"@type\":\"ImageObject\",\"inLanguage\":\"es\",\"@id\":\"https:\/\/kawasakirobotics.com\/es\/k-virtual\/#primaryimage\",\"url\":\"https:\/\/kawasakirobotics.com\/tachyon\/sites\/5\/2022\/03\/Scenario1-2048x1152-1.jpeg?fit=900%2C900\",\"contentUrl\":\"https:\/\/kawasakirobotics.com\/tachyon\/sites\/5\/2022\/03\/Scenario1-2048x1152-1.jpeg?fit=900%2C900\"},{\"@type\":\"BreadcrumbList\",\"@id\":\"https:\/\/kawasakirobotics.com\/es\/k-virtual\/#breadcrumb\",\"itemListElement\":[{\"@type\":\"ListItem\",\"position\":1,\"name\":\"Home\",\"item\":\"https:\/\/kawasakirobotics.com\/es\/\"},{\"@type\":\"ListItem\",\"position\":2,\"name\":\"K-Virtual\"}]},{\"@type\":\"WebSite\",\"@id\":\"https:\/\/kawasakirobotics.com\/es\/#website\",\"url\":\"https:\/\/kawasakirobotics.com\/es\/\",\"name\":\"Kawasaki Robotics\",\"description\":\"\",\"publisher\":{\"@id\":\"https:\/\/kawasakirobotics.com\/es\/#organization\"},\"potentialAction\":[{\"@type\":\"SearchAction\",\"target\":{\"@type\":\"EntryPoint\",\"urlTemplate\":\"https:\/\/kawasakirobotics.com\/es\/?s={search_term_string}\"},\"query-input\":{\"@type\":\"PropertyValueSpecification\",\"valueRequired\":true,\"valueName\":\"search_term_string\"}}],\"inLanguage\":\"es\"},{\"@type\":\"Organization\",\"@id\":\"https:\/\/kawasakirobotics.com\/es\/#organization\",\"name\":\"\u5ddd\u5d0e\u91cd\u5de5\u696d\u30ed\u30dc\u30c3\u30c8\u30c7\u30a3\u30d3\u30b8\u30e7\u30f3\",\"url\":\"https:\/\/kawasakirobotics.com\/es\/\",\"logo\":{\"@type\":\"ImageObject\",\"inLanguage\":\"es\",\"@id\":\"https:\/\/kawasakirobotics.com\/es\/#\/schema\/logo\/image\/\",\"url\":\"\",\"contentUrl\":\"\",\"caption\":\"\u5ddd\u5d0e\u91cd\u5de5\u696d\u30ed\u30dc\u30c3\u30c8\u30c7\u30a3\u30d3\u30b8\u30e7\u30f3\"},\"image\":{\"@id\":\"https:\/\/kawasakirobotics.com\/es\/#\/schema\/logo\/image\/\"}}]}<\/script>\n<!-- \/ Yoast SEO plugin. -->","yoast_head_json":{"title":"K-Virtual | Industrial Robots by Kawasaki Robotics","description":"K-Virtual by Kawasaki Robotics simplifies manufacturing with its intuitive platform and digital twin technology based on CENIT's FASTSUITE.","robots":{"index":"index","follow":"follow","max-snippet":"max-snippet:-1","max-image-preview":"max-image-preview:large","max-video-preview":"max-video-preview:-1"},"canonical":"https:\/\/kawasakirobotics.com\/es\/k-virtual\/","og_locale":"es_ES","og_type":"article","og_title":"K-Virtual | Industrial Robots by Kawasaki Robotics","og_description":"K-Virtual by Kawasaki Robotics simplifies manufacturing with its intuitive platform and digital twin technology based on CENIT's FASTSUITE.","og_url":"https:\/\/kawasakirobotics.com\/es\/k-virtual\/","og_site_name":"Kawasaki Robotics","article_modified_time":"2025-05-10T08:49:48+00:00","og_image":[{"url":"https:\/\/kawasakirobotics.com\/content\/themes\/krobot-theme\/src\/images\/default\/ogp.jpg","width":"1200","height":"630","type":"image\/jpeg"}],"twitter_card":"summary_large_image","schema":{"@context":"https:\/\/schema.org","@graph":[{"@type":"WebPage","@id":"https:\/\/kawasakirobotics.com\/es\/k-virtual\/","url":"https:\/\/kawasakirobotics.com\/es\/k-virtual\/","name":"K-Virtual | Industrial Robots by Kawasaki Robotics","isPartOf":{"@id":"https:\/\/kawasakirobotics.com\/es\/#website"},"primaryImageOfPage":{"@id":"https:\/\/kawasakirobotics.com\/es\/k-virtual\/#primaryimage"},"image":{"@id":"https:\/\/kawasakirobotics.com\/es\/k-virtual\/#primaryimage"},"thumbnailUrl":"https:\/\/kawasakirobotics.com\/tachyon\/sites\/5\/2022\/03\/Scenario1-2048x1152-1.jpeg?fit=900%2C900","datePublished":"2022-03-03T04:05:51+00:00","dateModified":"2025-05-10T08:49:48+00:00","description":"K-Virtual by Kawasaki Robotics simplifies manufacturing with its intuitive platform and digital twin technology based on CENIT's FASTSUITE.","breadcrumb":{"@id":"https:\/\/kawasakirobotics.com\/es\/k-virtual\/#breadcrumb"},"inLanguage":"es","potentialAction":[{"@type":"ReadAction","target":["https:\/\/kawasakirobotics.com\/es\/k-virtual\/"]}]},{"@type":"ImageObject","inLanguage":"es","@id":"https:\/\/kawasakirobotics.com\/es\/k-virtual\/#primaryimage","url":"https:\/\/kawasakirobotics.com\/tachyon\/sites\/5\/2022\/03\/Scenario1-2048x1152-1.jpeg?fit=900%2C900","contentUrl":"https:\/\/kawasakirobotics.com\/tachyon\/sites\/5\/2022\/03\/Scenario1-2048x1152-1.jpeg?fit=900%2C900"},{"@type":"BreadcrumbList","@id":"https:\/\/kawasakirobotics.com\/es\/k-virtual\/#breadcrumb","itemListElement":[{"@type":"ListItem","position":1,"name":"Home","item":"https:\/\/kawasakirobotics.com\/es\/"},{"@type":"ListItem","position":2,"name":"K-Virtual"}]},{"@type":"WebSite","@id":"https:\/\/kawasakirobotics.com\/es\/#website","url":"https:\/\/kawasakirobotics.com\/es\/","name":"Kawasaki Robotics","description":"","publisher":{"@id":"https:\/\/kawasakirobotics.com\/es\/#organization"},"potentialAction":[{"@type":"SearchAction","target":{"@type":"EntryPoint","urlTemplate":"https:\/\/kawasakirobotics.com\/es\/?s={search_term_string}"},"query-input":{"@type":"PropertyValueSpecification","valueRequired":true,"valueName":"search_term_string"}}],"inLanguage":"es"},{"@type":"Organization","@id":"https:\/\/kawasakirobotics.com\/es\/#organization","name":"\u5ddd\u5d0e\u91cd\u5de5\u696d\u30ed\u30dc\u30c3\u30c8\u30c7\u30a3\u30d3\u30b8\u30e7\u30f3","url":"https:\/\/kawasakirobotics.com\/es\/","logo":{"@type":"ImageObject","inLanguage":"es","@id":"https:\/\/kawasakirobotics.com\/es\/#\/schema\/logo\/image\/","url":"","contentUrl":"","caption":"\u5ddd\u5d0e\u91cd\u5de5\u696d\u30ed\u30dc\u30c3\u30c8\u30c7\u30a3\u30d3\u30b8\u30e7\u30f3"},"image":{"@id":"https:\/\/kawasakirobotics.com\/es\/#\/schema\/logo\/image\/"}}]}},"_links":{"self":[{"href":"https:\/\/kawasakirobotics.com\/es\/wp-json\/wp\/v2\/pages\/4775","targetHints":{"allow":["GET"]}}],"collection":[{"href":"https:\/\/kawasakirobotics.com\/es\/wp-json\/wp\/v2\/pages"}],"about":[{"href":"https:\/\/kawasakirobotics.com\/es\/wp-json\/wp\/v2\/types\/page"}],"author":[{"embeddable":true,"href":"https:\/\/kawasakirobotics.com\/es\/wp-json\/wp\/v2\/users\/3"}],"replies":[{"embeddable":true,"href":"https:\/\/kawasakirobotics.com\/es\/wp-json\/wp\/v2\/comments?post=4775"}],"version-history":[{"count":8,"href":"https:\/\/kawasakirobotics.com\/es\/wp-json\/wp\/v2\/pages\/4775\/revisions"}],"predecessor-version":[{"id":5861,"href":"https:\/\/kawasakirobotics.com\/es\/wp-json\/wp\/v2\/pages\/4775\/revisions\/5861"}],"wp:attachment":[{"href":"https:\/\/kawasakirobotics.com\/es\/wp-json\/wp\/v2\/media?parent=4775"}],"curies":[{"name":"wp","href":"https:\/\/api.w.org\/{rel}","templated":true}]}}