{"id":4787,"date":"2022-03-03T04:21:22","date_gmt":"2022-03-03T04:21:22","guid":{"rendered":"urn:uuid:1fd1062f-1951-4905-b49a-d45412fd0ed9"},"modified":"2025-05-10T10:51:01","modified_gmt":"2025-05-10T08:51:01","slug":"k-arc","status":"publish","type":"page","link":"https:\/\/kawasakirobotics.com\/es\/k-arc\/","title":{"rendered":"K-ARC"},"content":{"rendered":"\n<h2 class=\"wp-block-heading\">Soldadura por arco: nuestras soluciones<\/h2>\n\n\n\n<figure class=\"wp-block-image size-large\"><img loading=\"lazy\" decoding=\"async\" width=\"2048\" height=\"1365\" src=\"https:\/\/kawasakirobotics.com\/tachyon\/sites\/5\/2022\/03\/B1830324-2048x1365-1.jpeg?fit=900%2C900\" alt=\"Soldadura por arco rob\u00f3tica Kawasaki\" class=\"wp-image-4788\" srcset=\"https:\/\/kawasakirobotics.com\/tachyon\/sites\/31\/2022\/03\/B1830324-2048x1365-1.jpeg?resize=2048%2C1365&amp;zoom=1 2048w, https:\/\/kawasakirobotics.com\/tachyon\/sites\/31\/2022\/03\/B1830324-2048x1365-1.jpeg?resize=2048%2C1365&amp;zoom=0.5 1024w, https:\/\/kawasakirobotics.com\/tachyon\/sites\/31\/2022\/03\/B1830324-2048x1365-1.jpeg?resize=2048%2C1365&amp;zoom=0.25 512w\" sizes=\"auto, (max-width: 2048px) 100vw, 2048px\" \/><\/figure>\n\n\n\n<h4 class=\"wp-block-heading\">Automatice sus procesos de soldadura<\/h4>\n\n\n\n<p>Desde robots de soldadura de \u00faltima generaci\u00f3n hasta ejes lineales y posicionadores: Kawasaki Robotics ofrece una cartera completa en el campo de la soldadura por arco, especialmente desarrollada para el mercado europeo.<\/p>\n\n\n\n<div class=\"wp-block-group has-light-gray-background-color has-background is-layout-flow wp-block-group-is-layout-flow\">\n<h4 class=\"wp-block-heading has-text-align-center\"><strong>Aprende m\u00e1s<\/strong><\/h4>\n\n\n\n<ul class=\"wp-block-list\">\n<li><a href=\"https:\/\/kawasakirobotics.com\/es\/applications\/arc-welding\/\"><strong>Robots de soldadura por arco Kawasaki Robotics<\/strong><\/a><br>Nuestra cartera de robots de soldadura por arco<\/li>\n\n\n\n<li><strong><a href=\"https:\/\/kawasakirobotics.com\/es\/k-positioner\/\">Posicionador<\/a><\/strong><a href=\"https:\/\/kawasakirobotics.com\/eu-africa\/k-positioner\/?wovn=es\"><strong> K de Kawasaki Robotics<\/strong><\/a><br>Posicionadores de gama alta para todas sus necesidades individuales<\/li>\n\n\n\n<li><a href=\"https:\/\/kawasakirobotics.com\/es\/k-track\/\"><strong>Kawasaki Robotics K-Pista<\/strong><\/a><br>Ejes lineales originales de Kawasaki Robotics<\/li>\n\n\n\n<li><a href=\"https:\/\/kawasakirobotics.com\/es\/k-virtual\/\"><strong>Kawasaki Robotics K-Virtual<\/strong><\/a><br>Herramienta intuitiva de programaci\u00f3n fuera de l\u00ednea para soldadura y m\u00e1s<\/li>\n\n\n\n<li><strong><a href=\"https:\/\/kawasakirobotics.com\/es\/k-arc\/\">Kawasaki Robotics K-ARC b\u00e1sico<\/a><\/strong><br>Nuestra celda de soldadura por arco compacta y lista para usar<\/li>\n<\/ul>\n<\/div>\n\n\n\n<h2 class=\"wp-block-heading\">Tambi\u00e9n disponible en Kawasaki Robotics<\/h2>\n\n\n\n<p>Equipos de soldadura de fabricantes l\u00edderes como Kemppi, Binzel, Fronius y OTC, as\u00ed como muchas m\u00e1s opciones. \u00a1H\u00e1blanos!<\/p>\n\n\n\n<figure class=\"wp-block-embed is-type-video is-provider-youtube wp-block-embed-youtube wp-embed-aspect-16-9 wp-has-aspect-ratio\"><div class=\"wp-block-embed__wrapper\">\n<iframe loading=\"lazy\" title=\"BA006L with K Track and K Positioner\" width=\"900\" height=\"506\" src=\"https:\/\/www.youtube.com\/embed\/gDs_6IfSPBw?feature=oembed\" frameborder=\"0\" allow=\"accelerometer; autoplay; clipboard-write; encrypted-media; gyroscope; picture-in-picture; web-share\" referrerpolicy=\"strict-origin-when-cross-origin\" allowfullscreen><\/iframe>\n<\/div><\/figure>\n\n\n\n<div class=\"wp-block-group has-light-gray-background-color has-background is-layout-flow wp-block-group-is-layout-flow\">\n<h4 class=\"wp-block-heading has-text-align-center\">M\u00e1s informaci\u00f3n sobre KARC<\/h4>\n\n\n\n<div class=\"wp-block-buttons is-horizontal is-content-justification-center is-layout-flex wp-container-core-buttons-is-layout-03627597 wp-block-buttons-is-layout-flex\">\n<div class=\"wp-block-button\"><a class=\"wp-block-button__link wp-element-button\" href=\"https:\/\/kawasaki-corporate.spiral-site.com\/ind_robot_eu?_ifbs-ind_robot_eu=s1_Step1&amp;_gl=1*1iapzqc*_ga*MTQ4ODM3MDE3MC4xNjM3NzMyNDU4*_ga_GRRCX7N19P*MTY0NjI2ODUzOC4yLjEuMTY0NjI3ODE0NC4w\" target=\"_blank\" rel=\"noreferrer noopener\">Contacto<\/a><\/div>\n<\/div>\n<\/div>\n","protected":false},"excerpt":{"rendered":"<p>Soldadura por arco: nuestras soluciones Automatice sus procesos de soldadura Desde robots de soldadura de \u00faltima generaci\u00f3n hasta ejes lineales y posicionadores: Kawasaki Robotics ofrece una cartera completa en el campo de la soldadura por arco, especialmente desarrollada para el mercado europeo. Aprende m\u00e1s Tambi\u00e9n disponible en Kawasaki Robotics Equipos de soldadura de fabricantes l\u00edderes como Kemppi, Binzel, Fronius y OTC, as\u00ed como muchas m\u00e1s opciones. \u00a1H\u00e1blanos! M\u00e1s informaci\u00f3n sobre KARC<\/p>\n","protected":false},"author":3,"featured_media":0,"parent":0,"menu_order":0,"comment_status":"closed","ping_status":"closed","template":"","meta":{"ep_exclude_from_search":false,"footnotes":""},"class_list":["post-4787","page","type-page","status-publish","hentry"],"yoast_head":"<!-- This site is optimized with the Yoast SEO plugin v25.9 - https:\/\/yoast.com\/wordpress\/plugins\/seo\/ -->\n<title>K-ARC | Industrial Robots by Kawasaki Robotics<\/title>\n<meta name=\"description\" content=\"Explore Kawasaki Robotics&#039; comprehensive portfolio of arc welding solutions specifically developed for the European market.\" \/>\n<meta name=\"robots\" content=\"index, follow, max-snippet:-1, max-image-preview:large, max-video-preview:-1\" \/>\n<link rel=\"canonical\" href=\"https:\/\/kawasakirobotics.com\/es\/k-arc\/\" \/>\n<meta property=\"og:locale\" content=\"es_ES\" \/>\n<meta property=\"og:type\" content=\"article\" \/>\n<meta property=\"og:title\" content=\"K-ARC | Industrial Robots by Kawasaki Robotics\" \/>\n<meta property=\"og:description\" content=\"Explore Kawasaki Robotics&#039; comprehensive portfolio of arc welding solutions specifically developed for the European market.\" \/>\n<meta property=\"og:url\" content=\"https:\/\/kawasakirobotics.com\/es\/k-arc\/\" \/>\n<meta property=\"og:site_name\" content=\"Kawasaki Robotics\" \/>\n<meta property=\"article:modified_time\" content=\"2025-05-10T08:51:01+00:00\" \/>\n<meta property=\"og:image\" content=\"https:\/\/kawasakirobotics.com\/content\/themes\/krobot-theme\/src\/images\/default\/ogp.jpg\" \/>\n\t<meta property=\"og:image:width\" content=\"1200\" \/>\n\t<meta property=\"og:image:height\" content=\"630\" \/>\n\t<meta property=\"og:image:type\" content=\"image\/jpeg\" \/>\n<meta name=\"twitter:card\" content=\"summary_large_image\" \/>\n<script type=\"application\/ld+json\" class=\"yoast-schema-graph\">{\"@context\":\"https:\/\/schema.org\",\"@graph\":[{\"@type\":\"WebPage\",\"@id\":\"https:\/\/kawasakirobotics.com\/es\/k-arc\/\",\"url\":\"https:\/\/kawasakirobotics.com\/es\/k-arc\/\",\"name\":\"K-ARC | Industrial Robots by Kawasaki Robotics\",\"isPartOf\":{\"@id\":\"https:\/\/kawasakirobotics.com\/es\/#website\"},\"primaryImageOfPage\":{\"@id\":\"https:\/\/kawasakirobotics.com\/es\/k-arc\/#primaryimage\"},\"image\":{\"@id\":\"https:\/\/kawasakirobotics.com\/es\/k-arc\/#primaryimage\"},\"thumbnailUrl\":\"https:\/\/kawasakirobotics.com\/tachyon\/sites\/5\/2022\/03\/B1830324-2048x1365-1.jpeg?fit=900%2C900\",\"datePublished\":\"2022-03-03T04:21:22+00:00\",\"dateModified\":\"2025-05-10T08:51:01+00:00\",\"description\":\"Explore Kawasaki Robotics' comprehensive portfolio of arc welding solutions specifically developed for the European market.\",\"breadcrumb\":{\"@id\":\"https:\/\/kawasakirobotics.com\/es\/k-arc\/#breadcrumb\"},\"inLanguage\":\"es\",\"potentialAction\":[{\"@type\":\"ReadAction\",\"target\":[\"https:\/\/kawasakirobotics.com\/es\/k-arc\/\"]}]},{\"@type\":\"ImageObject\",\"inLanguage\":\"es\",\"@id\":\"https:\/\/kawasakirobotics.com\/es\/k-arc\/#primaryimage\",\"url\":\"https:\/\/kawasakirobotics.com\/tachyon\/sites\/5\/2022\/03\/B1830324-2048x1365-1.jpeg?fit=900%2C900\",\"contentUrl\":\"https:\/\/kawasakirobotics.com\/tachyon\/sites\/5\/2022\/03\/B1830324-2048x1365-1.jpeg?fit=900%2C900\"},{\"@type\":\"BreadcrumbList\",\"@id\":\"https:\/\/kawasakirobotics.com\/es\/k-arc\/#breadcrumb\",\"itemListElement\":[{\"@type\":\"ListItem\",\"position\":1,\"name\":\"Home\",\"item\":\"https:\/\/kawasakirobotics.com\/es\/\"},{\"@type\":\"ListItem\",\"position\":2,\"name\":\"K-ARC\"}]},{\"@type\":\"WebSite\",\"@id\":\"https:\/\/kawasakirobotics.com\/es\/#website\",\"url\":\"https:\/\/kawasakirobotics.com\/es\/\",\"name\":\"Kawasaki Robotics\",\"description\":\"\",\"publisher\":{\"@id\":\"https:\/\/kawasakirobotics.com\/es\/#organization\"},\"potentialAction\":[{\"@type\":\"SearchAction\",\"target\":{\"@type\":\"EntryPoint\",\"urlTemplate\":\"https:\/\/kawasakirobotics.com\/es\/?s={search_term_string}\"},\"query-input\":{\"@type\":\"PropertyValueSpecification\",\"valueRequired\":true,\"valueName\":\"search_term_string\"}}],\"inLanguage\":\"es\"},{\"@type\":\"Organization\",\"@id\":\"https:\/\/kawasakirobotics.com\/es\/#organization\",\"name\":\"\u5ddd\u5d0e\u91cd\u5de5\u696d\u30ed\u30dc\u30c3\u30c8\u30c7\u30a3\u30d3\u30b8\u30e7\u30f3\",\"url\":\"https:\/\/kawasakirobotics.com\/es\/\",\"logo\":{\"@type\":\"ImageObject\",\"inLanguage\":\"es\",\"@id\":\"https:\/\/kawasakirobotics.com\/es\/#\/schema\/logo\/image\/\",\"url\":\"\",\"contentUrl\":\"\",\"caption\":\"\u5ddd\u5d0e\u91cd\u5de5\u696d\u30ed\u30dc\u30c3\u30c8\u30c7\u30a3\u30d3\u30b8\u30e7\u30f3\"},\"image\":{\"@id\":\"https:\/\/kawasakirobotics.com\/es\/#\/schema\/logo\/image\/\"}}]}<\/script>\n<!-- \/ Yoast SEO plugin. -->","yoast_head_json":{"title":"K-ARC | Industrial Robots by Kawasaki Robotics","description":"Explore Kawasaki Robotics' comprehensive portfolio of arc welding solutions specifically developed for the European market.","robots":{"index":"index","follow":"follow","max-snippet":"max-snippet:-1","max-image-preview":"max-image-preview:large","max-video-preview":"max-video-preview:-1"},"canonical":"https:\/\/kawasakirobotics.com\/es\/k-arc\/","og_locale":"es_ES","og_type":"article","og_title":"K-ARC | Industrial Robots by Kawasaki Robotics","og_description":"Explore Kawasaki Robotics' comprehensive portfolio of arc welding solutions specifically developed for the European market.","og_url":"https:\/\/kawasakirobotics.com\/es\/k-arc\/","og_site_name":"Kawasaki Robotics","article_modified_time":"2025-05-10T08:51:01+00:00","og_image":[{"url":"https:\/\/kawasakirobotics.com\/content\/themes\/krobot-theme\/src\/images\/default\/ogp.jpg","width":"1200","height":"630","type":"image\/jpeg"}],"twitter_card":"summary_large_image","schema":{"@context":"https:\/\/schema.org","@graph":[{"@type":"WebPage","@id":"https:\/\/kawasakirobotics.com\/es\/k-arc\/","url":"https:\/\/kawasakirobotics.com\/es\/k-arc\/","name":"K-ARC | Industrial Robots by Kawasaki Robotics","isPartOf":{"@id":"https:\/\/kawasakirobotics.com\/es\/#website"},"primaryImageOfPage":{"@id":"https:\/\/kawasakirobotics.com\/es\/k-arc\/#primaryimage"},"image":{"@id":"https:\/\/kawasakirobotics.com\/es\/k-arc\/#primaryimage"},"thumbnailUrl":"https:\/\/kawasakirobotics.com\/tachyon\/sites\/5\/2022\/03\/B1830324-2048x1365-1.jpeg?fit=900%2C900","datePublished":"2022-03-03T04:21:22+00:00","dateModified":"2025-05-10T08:51:01+00:00","description":"Explore Kawasaki Robotics' comprehensive portfolio of arc welding solutions specifically developed for the European market.","breadcrumb":{"@id":"https:\/\/kawasakirobotics.com\/es\/k-arc\/#breadcrumb"},"inLanguage":"es","potentialAction":[{"@type":"ReadAction","target":["https:\/\/kawasakirobotics.com\/es\/k-arc\/"]}]},{"@type":"ImageObject","inLanguage":"es","@id":"https:\/\/kawasakirobotics.com\/es\/k-arc\/#primaryimage","url":"https:\/\/kawasakirobotics.com\/tachyon\/sites\/5\/2022\/03\/B1830324-2048x1365-1.jpeg?fit=900%2C900","contentUrl":"https:\/\/kawasakirobotics.com\/tachyon\/sites\/5\/2022\/03\/B1830324-2048x1365-1.jpeg?fit=900%2C900"},{"@type":"BreadcrumbList","@id":"https:\/\/kawasakirobotics.com\/es\/k-arc\/#breadcrumb","itemListElement":[{"@type":"ListItem","position":1,"name":"Home","item":"https:\/\/kawasakirobotics.com\/es\/"},{"@type":"ListItem","position":2,"name":"K-ARC"}]},{"@type":"WebSite","@id":"https:\/\/kawasakirobotics.com\/es\/#website","url":"https:\/\/kawasakirobotics.com\/es\/","name":"Kawasaki Robotics","description":"","publisher":{"@id":"https:\/\/kawasakirobotics.com\/es\/#organization"},"potentialAction":[{"@type":"SearchAction","target":{"@type":"EntryPoint","urlTemplate":"https:\/\/kawasakirobotics.com\/es\/?s={search_term_string}"},"query-input":{"@type":"PropertyValueSpecification","valueRequired":true,"valueName":"search_term_string"}}],"inLanguage":"es"},{"@type":"Organization","@id":"https:\/\/kawasakirobotics.com\/es\/#organization","name":"\u5ddd\u5d0e\u91cd\u5de5\u696d\u30ed\u30dc\u30c3\u30c8\u30c7\u30a3\u30d3\u30b8\u30e7\u30f3","url":"https:\/\/kawasakirobotics.com\/es\/","logo":{"@type":"ImageObject","inLanguage":"es","@id":"https:\/\/kawasakirobotics.com\/es\/#\/schema\/logo\/image\/","url":"","contentUrl":"","caption":"\u5ddd\u5d0e\u91cd\u5de5\u696d\u30ed\u30dc\u30c3\u30c8\u30c7\u30a3\u30d3\u30b8\u30e7\u30f3"},"image":{"@id":"https:\/\/kawasakirobotics.com\/es\/#\/schema\/logo\/image\/"}}]}},"_links":{"self":[{"href":"https:\/\/kawasakirobotics.com\/es\/wp-json\/wp\/v2\/pages\/4787","targetHints":{"allow":["GET"]}}],"collection":[{"href":"https:\/\/kawasakirobotics.com\/es\/wp-json\/wp\/v2\/pages"}],"about":[{"href":"https:\/\/kawasakirobotics.com\/es\/wp-json\/wp\/v2\/types\/page"}],"author":[{"embeddable":true,"href":"https:\/\/kawasakirobotics.com\/es\/wp-json\/wp\/v2\/users\/3"}],"replies":[{"embeddable":true,"href":"https:\/\/kawasakirobotics.com\/es\/wp-json\/wp\/v2\/comments?post=4787"}],"version-history":[{"count":7,"href":"https:\/\/kawasakirobotics.com\/es\/wp-json\/wp\/v2\/pages\/4787\/revisions"}],"predecessor-version":[{"id":5862,"href":"https:\/\/kawasakirobotics.com\/es\/wp-json\/wp\/v2\/pages\/4787\/revisions\/5862"}],"wp:attachment":[{"href":"https:\/\/kawasakirobotics.com\/es\/wp-json\/wp\/v2\/media?parent=4787"}],"curies":[{"name":"wp","href":"https:\/\/api.w.org\/{rel}","templated":true}]}}