{"id":52,"date":"2022-01-19T17:55:28","date_gmt":"2022-01-19T08:55:28","guid":{"rendered":"urn:uuid:fd19f245-d6ee-4174-90d2-c5d578caf63a"},"modified":"2025-06-27T07:29:29","modified_gmt":"2025-06-27T05:29:29","slug":"k-addon","status":"publish","type":"page","link":"https:\/\/kawasakirobotics.com\/es\/products\/k-addon\/","title":{"rendered":"Productos Kawasaki Robot K-AddOn"},"content":{"rendered":"\n<div class=\"wp-block-group krobot-pattern-section-heading is-layout-flow wp-block-group-is-layout-flow\">\n<h2 class=\"wp-block-heading has-text-align-center krobot-pattern-section-heading__title\">\u00bfQu\u00e9 es K-AddOn?<\/h2>\n<\/div>\n\n\n\n<div class=\"wp-block-columns are-vertically-aligned-top is-layout-flex wp-container-core-columns-is-layout-28f84493 wp-block-columns-is-layout-flex\">\n<div class=\"wp-block-column is-vertically-aligned-top is-layout-flow wp-block-column-is-layout-flow\" style=\"flex-basis:250px\">\n<h3 class=\"wp-block-heading\">Promoci\u00f3n de ventas reforzada.<\/h3>\n<\/div>\n\n\n\n<div class=\"wp-block-column is-vertically-aligned-top is-layout-flow wp-block-column-is-layout-flow\">\n<ul class=\"wp-block-list\">\n<li>Introducci\u00f3n de equipos y robots en ambos sitios web<\/li>\n\n\n\n<li>Mostrando ejemplos de aplicaci\u00f3n en combinaci\u00f3n con robots Kawasaki<\/li>\n\n\n\n<li>Implementaci\u00f3n de presentaciones externas<\/li>\n<\/ul>\n<\/div>\n<\/div>\n\n\n\n<div class=\"wp-block-columns are-vertically-aligned-top is-layout-flex wp-container-core-columns-is-layout-28f84493 wp-block-columns-is-layout-flex\">\n<div class=\"wp-block-column is-vertically-aligned-top is-layout-flow wp-block-column-is-layout-flow\" style=\"flex-basis:250px\">\n<h3 class=\"wp-block-heading\">Canal de ventas ampliado<\/h3>\n<\/div>\n\n\n\n<div class=\"wp-block-column is-vertically-aligned-top is-layout-flow wp-block-column-is-layout-flow\">\n<ul class=\"wp-block-list\">\n<li>Compartir prospectos de ventas<\/li>\n\n\n\n<li>Cooperaci\u00f3n mutua en actividades de ventaPermite ampliar las funciones de los robots Kawasaki.<\/li>\n<\/ul>\n<\/div>\n<\/div>\n\n\n\n<div class=\"wp-block-columns are-vertically-aligned-top is-layout-flex wp-container-core-columns-is-layout-28f84493 wp-block-columns-is-layout-flex\">\n<div class=\"wp-block-column is-vertically-aligned-top is-layout-flow wp-block-column-is-layout-flow\" style=\"flex-basis:250px\">\n<h3 class=\"wp-block-heading\">Soporte de desarrollo de productos<\/h3>\n<\/div>\n\n\n\n<div class=\"wp-block-column is-vertically-aligned-top is-layout-flow wp-block-column-is-layout-flow\">\n<ul class=\"wp-block-list\">\n<li>Divulgaci\u00f3n de informaci\u00f3n I\/F del robot<\/li>\n\n\n\n<li>Respuesta a consultas<\/li>\n<\/ul>\n<\/div>\n<\/div>\n\n\n\n<p>*Kawasaki responder\u00e1 y apoyar\u00e1 a los fabricantes de equipos.<br>No hay restricciones en la venta y distribuci\u00f3n de productos.<\/p>\n\n\n\n<div class=\"wp-block-group krobot-pattern-section-heading is-layout-flow wp-block-group-is-layout-flow\">\n<h2 class=\"wp-block-heading has-text-align-center krobot-pattern-section-heading__title\">Productos reci\u00e9n registrados<\/h2>\n<\/div>\n\n\n\n<div class=\"wp-block-columns alignwide krobot-pattern-products krobot-pattern-products--3cols is-layout-flex wp-container-core-columns-is-layout-28f84493 wp-block-columns-is-layout-flex\">\n<div class=\"wp-block-column krobot-pattern-products__item is-layout-flow wp-block-column-is-layout-flow\">\n<div class=\"wp-block-media-text is-stacked-on-mobile krobot-pattern-products__img-title\"><figure class=\"wp-block-media-text__media\"><img decoding=\"async\" src=\"https:\/\/kawasakirobotics.com\/tachyon\/sites\/5\/2025\/03\/SE2L-HA05LPC-jp2.jpg?fit=900%2C900\" alt=\"Esc\u00e1ner l\u00e1ser de seguridad SE2L Serie avanzada y terminales de conexi\u00f3n\" class=\"wp-image-6085 size-full\" \/><\/figure><div class=\"wp-block-media-text__content\">\n<p>Esc\u00e1ner l\u00e1ser de seguridad SE2L Serie avanzada y terminales de conexi\u00f3n<\/p>\n<\/div><\/div>\n\n\n\n<h4 class=\"wp-block-heading\">Company<\/h4>\n\n\n\n<p>IDEC EMEA Headquarter\uff1aAPEM SAS<\/p>\n\n\n\n<h4 class=\"wp-block-heading\">Product<\/h4>\n\n\n\n<p>[Esc\u00e1ner l\u00e1ser]<br>Garantiza la seguridad de las personas que se encuentran en zonas peligrosas o que se acercan a la maquinaria.<\/p>\n\n\n\n<p>[Terminales de conexi\u00f3n]<br>Entrada de seguridad al controlador del robot<\/p>\n\n\n\n<div class=\"wp-block-buttons is-content-justification-center is-layout-flex wp-container-core-buttons-is-layout-a89b3969 wp-block-buttons-is-layout-flex\">\n<div class=\"wp-block-button is-style-outline is-style-outline--1\"><a class=\"wp-block-button__link wp-element-button\" href=\"https:\/\/kawasakirobotics.com\/es\/products-kaddon\/safety-laser-scanner-se2l-advanced-series-and-connection-terminals\/\">MORE<\/a><\/div>\n<\/div>\n<\/div>\n<\/div>\n\n\n\n<div class=\"wp-block-buttons is-horizontal is-content-justification-center is-layout-flex wp-container-core-buttons-is-layout-03627597 wp-block-buttons-is-layout-flex\">\n<div class=\"wp-block-button has-custom-width wp-block-button__width-50\"><a class=\"wp-block-button__link wp-element-button\" href=\"https:\/\/kawasakirobotics.com\/es\/products-kaddon\/\">Explorar todos los productos K-AddOn<\/a><\/div>\n<\/div>\n\n\n\n<div class=\"wp-block-buttons is-horizontal is-content-justification-center is-layout-flex wp-container-core-buttons-is-layout-03627597 wp-block-buttons-is-layout-flex\">\n<div class=\"wp-block-button has-custom-width wp-block-button__width-50\"><a class=\"wp-block-button__link wp-element-button\" href=\"https:\/\/kawasaki-corporate.spiral-site.com\/K_AddOn_asia?_gl=1*1dvyb1e*_ga*NTMwMjUzNTUwLjE2NDA2NDQ5Mzg.*_ga_GRRCX7N19P*MTY0NTU3OTMyMC4xNzguMS4xNjQ1NTc5NjcxLjA.&amp;_ifbs-K_AddOn_EN=s1_Step1\" target=\"_blank\" rel=\"noreferrer noopener\">Contacto K-AddOn<\/a><\/div>\n<\/div>\n\n\n\n<div style=\"height:30px\" aria-hidden=\"true\" class=\"wp-block-spacer\"><\/div>\n\n\n\n<div class=\"wp-block-group krobot-pattern-section-heading is-layout-flow wp-block-group-is-layout-flow\">\n<h2 class=\"wp-block-heading has-text-align-center krobot-pattern-section-heading__title\">Convertirse en un socio K-AddOn de Kawasaki Robotics<\/h2>\n<\/div>\n\n\n\n<p class=\"has-text-align-left\">Los productos de su empresa que sean compatibles con Kawasaki Robots se registrar\u00e1n y exhibir\u00e1n en nuestro sitio web como productos K-AddOn. Brindamos a nuestros socios soporte para la expansi\u00f3n del canal de ventas de sus productos y soporte de desarrollo de productos para complementos de robots.<\/p>\n\n\n\n<div class=\"wp-block-group has-light-gray-background-color has-background is-layout-flow wp-block-group-is-layout-flow\">\n<p class=\"has-text-align-left\">Solicite convertirse en socio de K-AddOn proporcionando la siguiente informaci\u00f3n en el formulario de contacto.<\/p>\n\n\n\n<ul class=\"wp-block-list\">\n<li>Nombres de productos y aplicaciones que desea agregar a K-AddOn<\/li>\n\n\n\n<li>Modelos de robots Kawasaki compatibles<\/li>\n\n\n\n<li>Solicitudes sobre la asociaci\u00f3n de ventas <\/li>\n\n\n\n<li>Cualquier otra solicitud o pregunta<\/li>\n<\/ul>\n<\/div>\n\n\n\n<div class=\"wp-block-buttons is-horizontal is-content-justification-center is-layout-flex wp-container-core-buttons-is-layout-03627597 wp-block-buttons-is-layout-flex\">\n<div class=\"wp-block-button has-custom-width wp-block-button__width-50\"><a class=\"wp-block-button__link wp-element-button\" href=\"https:\/\/kawasakirobotics.com\/es\/k-addon-join\/\">Convertirse en un socio de K-AddOn<\/a><\/div>\n<\/div>\n\n\n\n<div class=\"wp-block-buttons is-horizontal is-content-justification-center is-layout-flex wp-container-core-buttons-is-layout-03627597 wp-block-buttons-is-layout-flex\">\n<div class=\"wp-block-button has-custom-width wp-block-button__width-50\"><a class=\"wp-block-button__link wp-element-button\" href=\"https:\/\/kawasaki-corporate.spiral-site.com\/K_AddOn_asia?_gl=1*1dvyb1e*_ga*NTMwMjUzNTUwLjE2NDA2NDQ5Mzg.*_ga_GRRCX7N19P*MTY0NTU3OTMyMC4xNzguMS4xNjQ1NTc5NjcxLjA.&amp;_ifbs-K_AddOn_EN=s1_Step1\" target=\"_blank\" rel=\"noreferrer noopener\">Solicite convertirse en socio de K-AddOn<\/a><\/div>\n<\/div>\n","protected":false},"excerpt":{"rendered":"<p>\u00bfQu\u00e9 es K-AddOn? Promoci\u00f3n de ventas reforzada. Canal de ventas ampliado Soporte de desarrollo de productos *Kawasaki responder\u00e1 y apoyar\u00e1 a los fabricantes de equipos.No hay restricciones en la venta y distribuci\u00f3n de productos. Productos reci\u00e9n registrados Esc\u00e1ner l\u00e1ser de seguridad SE2L Serie avanzada y terminales de conexi\u00f3n Company IDEC EMEA Headquarter\uff1aAPEM SAS Product [Esc\u00e1ner l\u00e1ser]Garantiza la seguridad de las personas que se encuentran en zonas peligrosas o que se acercan a la maquinaria. [Terminales de conexi\u00f3n]Entrada de seguridad al controlador del robot Convertirse en un socio K-AddOn de Kawasaki Robotics Los productos de su empresa que sean compatibles con Kawasaki Robots se registrar\u00e1n y exhibir\u00e1n en nuestro sitio web [&hellip;]<\/p>\n","protected":false},"author":9,"featured_media":930,"parent":50,"menu_order":1,"comment_status":"closed","ping_status":"closed","template":"page-templates\/custom-title-with-background.php","meta":{"ep_exclude_from_search":false,"footnotes":""},"class_list":["post-52","page","type-page","status-publish","has-post-thumbnail","hentry"],"yoast_head":"<!-- This site is optimized with the Yoast SEO plugin v25.9 - https:\/\/yoast.com\/wordpress\/plugins\/seo\/ -->\n<title>Productos Kawasaki Robot K-AddOn | Kawasaki Robotics<\/title>\n<meta name=\"description\" content=\"K-AddOn is a platform for integrators and users, offering evaluated tools for seamless Kawasaki Robot integration. Join the program today.\" \/>\n<meta name=\"robots\" content=\"index, follow, max-snippet:-1, max-image-preview:large, max-video-preview:-1\" \/>\n<link rel=\"canonical\" href=\"https:\/\/kawasakirobotics.com\/es\/products\/k-addon\/\" \/>\n<meta property=\"og:locale\" content=\"es_ES\" \/>\n<meta property=\"og:type\" content=\"article\" \/>\n<meta property=\"og:title\" content=\"Productos Kawasaki Robot K-AddOn | Kawasaki Robotics\" \/>\n<meta property=\"og:description\" content=\"K-AddOn is a platform for integrators and users, offering evaluated tools for seamless Kawasaki Robot integration. Join the program today.\" \/>\n<meta property=\"og:url\" content=\"https:\/\/kawasakirobotics.com\/es\/products\/k-addon\/\" \/>\n<meta property=\"og:site_name\" content=\"Kawasaki Robotics\" \/>\n<meta property=\"article:modified_time\" content=\"2025-06-27T05:29:29+00:00\" \/>\n<meta property=\"og:image\" content=\"https:\/\/kawasakirobotics.com\/content\/themes\/krobot-theme\/src\/images\/default\/ogp.jpg\" \/>\n\t<meta property=\"og:image:width\" content=\"1200\" \/>\n\t<meta property=\"og:image:height\" content=\"630\" \/>\n\t<meta property=\"og:image:type\" content=\"image\/jpeg\" \/>\n<meta name=\"twitter:card\" content=\"summary_large_image\" \/>\n<script type=\"application\/ld+json\" class=\"yoast-schema-graph\">{\"@context\":\"https:\/\/schema.org\",\"@graph\":[{\"@type\":\"WebPage\",\"@id\":\"https:\/\/kawasakirobotics.com\/es\/products\/k-addon\/\",\"url\":\"https:\/\/kawasakirobotics.com\/es\/products\/k-addon\/\",\"name\":\"Productos Kawasaki Robot K-AddOn | Kawasaki Robotics\",\"isPartOf\":{\"@id\":\"https:\/\/kawasakirobotics.com\/es\/#website\"},\"primaryImageOfPage\":{\"@id\":\"https:\/\/kawasakirobotics.com\/es\/products\/k-addon\/#primaryimage\"},\"image\":{\"@id\":\"https:\/\/kawasakirobotics.com\/es\/products\/k-addon\/#primaryimage\"},\"thumbnailUrl\":\"https:\/\/kawasakirobotics.com\/tachyon\/sites\/2\/2022\/01\/title-background-A1750927-2_ed.jpg?fit=2160%2C360\",\"datePublished\":\"2022-01-19T08:55:28+00:00\",\"dateModified\":\"2025-06-27T05:29:29+00:00\",\"description\":\"K-AddOn is a platform for integrators and users, offering evaluated tools for seamless Kawasaki Robot integration. Join the program today.\",\"breadcrumb\":{\"@id\":\"https:\/\/kawasakirobotics.com\/es\/products\/k-addon\/#breadcrumb\"},\"inLanguage\":\"es\",\"potentialAction\":[{\"@type\":\"ReadAction\",\"target\":[\"https:\/\/kawasakirobotics.com\/es\/products\/k-addon\/\"]}]},{\"@type\":\"ImageObject\",\"inLanguage\":\"es\",\"@id\":\"https:\/\/kawasakirobotics.com\/es\/products\/k-addon\/#primaryimage\",\"url\":\"https:\/\/kawasakirobotics.com\/tachyon\/sites\/2\/2022\/01\/title-background-A1750927-2_ed.jpg?fit=2160%2C360\",\"contentUrl\":\"https:\/\/kawasakirobotics.com\/tachyon\/sites\/2\/2022\/01\/title-background-A1750927-2_ed.jpg?fit=2160%2C360\",\"width\":2160,\"height\":360,\"caption\":\"Kawasaki Robot K-AddOn Products\"},{\"@type\":\"BreadcrumbList\",\"@id\":\"https:\/\/kawasakirobotics.com\/es\/products\/k-addon\/#breadcrumb\",\"itemListElement\":[{\"@type\":\"ListItem\",\"position\":1,\"name\":\"Home\",\"item\":\"https:\/\/kawasakirobotics.com\/es\/\"},{\"@type\":\"ListItem\",\"position\":2,\"name\":\"B\u00fasqueda de Producto\",\"item\":\"https:\/\/kawasakirobotics.com\/es\/products\/\"},{\"@type\":\"ListItem\",\"position\":3,\"name\":\"Productos Kawasaki Robot K-AddOn\"}]},{\"@type\":\"WebSite\",\"@id\":\"https:\/\/kawasakirobotics.com\/es\/#website\",\"url\":\"https:\/\/kawasakirobotics.com\/es\/\",\"name\":\"Kawasaki Robotics\",\"description\":\"\",\"publisher\":{\"@id\":\"https:\/\/kawasakirobotics.com\/es\/#organization\"},\"potentialAction\":[{\"@type\":\"SearchAction\",\"target\":{\"@type\":\"EntryPoint\",\"urlTemplate\":\"https:\/\/kawasakirobotics.com\/es\/?s={search_term_string}\"},\"query-input\":{\"@type\":\"PropertyValueSpecification\",\"valueRequired\":true,\"valueName\":\"search_term_string\"}}],\"inLanguage\":\"es\"},{\"@type\":\"Organization\",\"@id\":\"https:\/\/kawasakirobotics.com\/es\/#organization\",\"name\":\"\u5ddd\u5d0e\u91cd\u5de5\u696d\u30ed\u30dc\u30c3\u30c8\u30c7\u30a3\u30d3\u30b8\u30e7\u30f3\",\"url\":\"https:\/\/kawasakirobotics.com\/es\/\",\"logo\":{\"@type\":\"ImageObject\",\"inLanguage\":\"es\",\"@id\":\"https:\/\/kawasakirobotics.com\/es\/#\/schema\/logo\/image\/\",\"url\":\"\",\"contentUrl\":\"\",\"caption\":\"\u5ddd\u5d0e\u91cd\u5de5\u696d\u30ed\u30dc\u30c3\u30c8\u30c7\u30a3\u30d3\u30b8\u30e7\u30f3\"},\"image\":{\"@id\":\"https:\/\/kawasakirobotics.com\/es\/#\/schema\/logo\/image\/\"}}]}<\/script>\n<!-- \/ Yoast SEO plugin. -->","yoast_head_json":{"title":"Productos Kawasaki Robot K-AddOn | Kawasaki Robotics","description":"K-AddOn is a platform for integrators and users, offering evaluated tools for seamless Kawasaki Robot integration. Join the program today.","robots":{"index":"index","follow":"follow","max-snippet":"max-snippet:-1","max-image-preview":"max-image-preview:large","max-video-preview":"max-video-preview:-1"},"canonical":"https:\/\/kawasakirobotics.com\/es\/products\/k-addon\/","og_locale":"es_ES","og_type":"article","og_title":"Productos Kawasaki Robot K-AddOn | Kawasaki Robotics","og_description":"K-AddOn is a platform for integrators and users, offering evaluated tools for seamless Kawasaki Robot integration. Join the program today.","og_url":"https:\/\/kawasakirobotics.com\/es\/products\/k-addon\/","og_site_name":"Kawasaki Robotics","article_modified_time":"2025-06-27T05:29:29+00:00","og_image":[{"url":"https:\/\/kawasakirobotics.com\/content\/themes\/krobot-theme\/src\/images\/default\/ogp.jpg","width":"1200","height":"630","type":"image\/jpeg"}],"twitter_card":"summary_large_image","schema":{"@context":"https:\/\/schema.org","@graph":[{"@type":"WebPage","@id":"https:\/\/kawasakirobotics.com\/es\/products\/k-addon\/","url":"https:\/\/kawasakirobotics.com\/es\/products\/k-addon\/","name":"Productos Kawasaki Robot K-AddOn | Kawasaki Robotics","isPartOf":{"@id":"https:\/\/kawasakirobotics.com\/es\/#website"},"primaryImageOfPage":{"@id":"https:\/\/kawasakirobotics.com\/es\/products\/k-addon\/#primaryimage"},"image":{"@id":"https:\/\/kawasakirobotics.com\/es\/products\/k-addon\/#primaryimage"},"thumbnailUrl":"https:\/\/kawasakirobotics.com\/tachyon\/sites\/2\/2022\/01\/title-background-A1750927-2_ed.jpg?fit=2160%2C360","datePublished":"2022-01-19T08:55:28+00:00","dateModified":"2025-06-27T05:29:29+00:00","description":"K-AddOn is a platform for integrators and users, offering evaluated tools for seamless Kawasaki Robot integration. Join the program today.","breadcrumb":{"@id":"https:\/\/kawasakirobotics.com\/es\/products\/k-addon\/#breadcrumb"},"inLanguage":"es","potentialAction":[{"@type":"ReadAction","target":["https:\/\/kawasakirobotics.com\/es\/products\/k-addon\/"]}]},{"@type":"ImageObject","inLanguage":"es","@id":"https:\/\/kawasakirobotics.com\/es\/products\/k-addon\/#primaryimage","url":"https:\/\/kawasakirobotics.com\/tachyon\/sites\/2\/2022\/01\/title-background-A1750927-2_ed.jpg?fit=2160%2C360","contentUrl":"https:\/\/kawasakirobotics.com\/tachyon\/sites\/2\/2022\/01\/title-background-A1750927-2_ed.jpg?fit=2160%2C360","width":2160,"height":360,"caption":"Kawasaki Robot K-AddOn Products"},{"@type":"BreadcrumbList","@id":"https:\/\/kawasakirobotics.com\/es\/products\/k-addon\/#breadcrumb","itemListElement":[{"@type":"ListItem","position":1,"name":"Home","item":"https:\/\/kawasakirobotics.com\/es\/"},{"@type":"ListItem","position":2,"name":"B\u00fasqueda de Producto","item":"https:\/\/kawasakirobotics.com\/es\/products\/"},{"@type":"ListItem","position":3,"name":"Productos Kawasaki Robot K-AddOn"}]},{"@type":"WebSite","@id":"https:\/\/kawasakirobotics.com\/es\/#website","url":"https:\/\/kawasakirobotics.com\/es\/","name":"Kawasaki Robotics","description":"","publisher":{"@id":"https:\/\/kawasakirobotics.com\/es\/#organization"},"potentialAction":[{"@type":"SearchAction","target":{"@type":"EntryPoint","urlTemplate":"https:\/\/kawasakirobotics.com\/es\/?s={search_term_string}"},"query-input":{"@type":"PropertyValueSpecification","valueRequired":true,"valueName":"search_term_string"}}],"inLanguage":"es"},{"@type":"Organization","@id":"https:\/\/kawasakirobotics.com\/es\/#organization","name":"\u5ddd\u5d0e\u91cd\u5de5\u696d\u30ed\u30dc\u30c3\u30c8\u30c7\u30a3\u30d3\u30b8\u30e7\u30f3","url":"https:\/\/kawasakirobotics.com\/es\/","logo":{"@type":"ImageObject","inLanguage":"es","@id":"https:\/\/kawasakirobotics.com\/es\/#\/schema\/logo\/image\/","url":"","contentUrl":"","caption":"\u5ddd\u5d0e\u91cd\u5de5\u696d\u30ed\u30dc\u30c3\u30c8\u30c7\u30a3\u30d3\u30b8\u30e7\u30f3"},"image":{"@id":"https:\/\/kawasakirobotics.com\/es\/#\/schema\/logo\/image\/"}}]}},"_links":{"self":[{"href":"https:\/\/kawasakirobotics.com\/es\/wp-json\/wp\/v2\/pages\/52","targetHints":{"allow":["GET"]}}],"collection":[{"href":"https:\/\/kawasakirobotics.com\/es\/wp-json\/wp\/v2\/pages"}],"about":[{"href":"https:\/\/kawasakirobotics.com\/es\/wp-json\/wp\/v2\/types\/page"}],"author":[{"embeddable":true,"href":"https:\/\/kawasakirobotics.com\/es\/wp-json\/wp\/v2\/users\/9"}],"replies":[{"embeddable":true,"href":"https:\/\/kawasakirobotics.com\/es\/wp-json\/wp\/v2\/comments?post=52"}],"version-history":[{"count":26,"href":"https:\/\/kawasakirobotics.com\/es\/wp-json\/wp\/v2\/pages\/52\/revisions"}],"predecessor-version":[{"id":5896,"href":"https:\/\/kawasakirobotics.com\/es\/wp-json\/wp\/v2\/pages\/52\/revisions\/5896"}],"up":[{"embeddable":true,"href":"https:\/\/kawasakirobotics.com\/es\/wp-json\/wp\/v2\/pages\/50"}],"wp:featuredmedia":[{"embeddable":true,"href":"https:\/\/kawasakirobotics.com\/es\/wp-json\/wp\/v2\/media\/930"}],"wp:attachment":[{"href":"https:\/\/kawasakirobotics.com\/es\/wp-json\/wp\/v2\/media?parent=52"}],"curies":[{"name":"wp","href":"https:\/\/api.w.org\/{rel}","templated":true}]}}