{"id":5222,"date":"2023-01-11T10:50:18","date_gmt":"2023-01-11T10:50:18","guid":{"rendered":"urn:uuid:797bd7e9-1362-4dd9-906d-43b9ff4058fa"},"modified":"2023-03-16T12:04:10","modified_gmt":"2023-03-16T12:04:10","slug":"imprint-emea","status":"publish","type":"page","link":"https:\/\/kawasakirobotics.com\/es\/imprint-emea\/","title":{"rendered":"Imprint EMEA"},"content":{"rendered":"\n<p class=\"has-red-color has-text-color\"><mark class=\"has-inline-color has-black-color\">Last Updated: 03\/10\/2023<\/mark><\/p>\n\n\n\n<p><strong>Privacy Policy<\/strong><\/p>\n\n\n\n<p><strong>Responsible for the content as defined by TMG and for data protection in the sense of the DSGVO:<\/strong><\/p>\n\n\n\n<p><strong>Kawasaki Robotics GmbH<\/strong><br>Im Taubental 32<br>41468 Neuss<br>Tel.:+49 (0) 2131 34260<br>E-Mail:&nbsp;<a href=\"mailto:info@kawasakirobotics.de\" target=\"_blank\" rel=\"noreferrer noopener\">info@kawasakirobotics.de<\/a><\/p>\n\n\n\n<p><strong>Managing Directors:<\/strong><br>Shuhei Kuraoka, Makoto Tanami<\/p>\n\n\n\n<p><strong>Registergericht:<\/strong><br>Amtsgericht Neuss HRB 8188<br>USt-ID-Nr: DE 811916177<\/p>\n\n\n\n<p><strong>Design and programming:<\/strong><br>Kawasaki Heavy Industries, Ltd.<\/p>\n\n\n\n<p><strong>Legal notice and disclaimer<\/strong><\/p>\n\n\n\n<p>Form and content of this website are protected by copyright. \u00a9 2020 by Kawasaki Robotics GmbH<\/p>\n\n\n\n<p>The copying and use of contents, especially the use of pictures, texts or parts of texts requires the prior written consent of Kawasaki Robotics GmbH.<\/p>\n\n\n\n<p>Kawasaki Robotics GmbH assumes no responsibility for the correctness, completeness, topicality or quality of the information provided.<\/p>\n\n\n\n<p>Liability claims of any kind against Kawasaki Robotics GmbH caused by the use of this website or its contents are generally excluded.<\/p>\n\n\n\n<p>Kawasaki Robotics GmbH reserves the right to make changes or additions to this website at any time.<\/p>\n\n\n\n<p>All offers on this website are subject to change and non-binding.<\/p>\n\n\n\n<p>Please inform yourself about our data protection measures before contacting us. You will find this information in our&nbsp;<a href=\"https:\/\/kawasakirobotics.com\/eu-africa\/privacy-policy\/\" target=\"_blank\" rel=\"noreferrer noopener\">privacy policy<\/a>.<\/p>\n\n\n\n<p><strong>Information on data collection according to article 13 DSGVO<\/strong><\/p>\n\n\n\n<p>Kawasaki Robotics GmbH<br>Im Taubental 32<br>41468 Neuss<br>Tel.:+49 (0) 2131 34260<br>E-Mail:\u00a0<a href=\"mailto:info@kawasakirobotics.de\" target=\"_blank\" rel=\"noreferrer noopener\">info@kawasakirobotics.de<\/a><\/p>\n\n\n\n<p>collects your data for the purpose of contract implementation, for the fulfilment of its contractual and pre-contractual obligations and for direct advertising.<\/p>\n\n\n\n<p>The data collection and data processing is necessary for the execution of the contract and is based on article 6 paragraph 1 b) DSGVO.<br>The data will not be passed on to third parties.<br>The data will be deleted as soon as they are no longer required for the purpose of their processing and as long as there are no legal regulations, e.g. obligations to retain data, that conflict with the deletion.<\/p>\n\n\n\n<p>You have the right to object to the use of your data for direct marketing purposes at any time.<\/p>\n\n\n\n<p>In addition, you are entitled to request information about the data we have stored about you and, if the data is incorrect, to demand that it be corrected or, in the case of inadmissible data storage, that it be deleted.<\/p>\n\n\n\n<p>You can contact our data protection officer, Mr. Bando, at the contact details given above or by post to our address.<\/p>\n\n\n\n<p>You also have the right of appeal to the supervisory authority.<br>This is:<\/p>\n\n\n\n<p>Landesbeauftragte f\u00fcr Datenschutz und Informationsfreiheit NRW<br>Kavalleriestra\u00dfe 2-4<br>40213 D\u00fcsseldorf<br>Phone: +49 (0) 211 38424-0<br>Fax: +49 (0) 211 38424-10<br>E-mail: poststelle@ldi.nrw.de<br>Web: www.ldi.nrw.de<\/p>\n\n\n\n<p>or postal address:<\/p>\n\n\n\n<p>Landesbeauftragte f\u00fcr Datenschutz und Informationsfreiheit NRW<br>Postfach 20 04 44<br>40102 D\u00fcsseldorf<\/p>\n","protected":false},"excerpt":{"rendered":"<p>Last Updated: 03\/10\/2023 Privacy Policy Responsible for the content as defined by TMG and for data protection in the sense of the DSGVO: Kawasaki Robotics GmbHIm Taubental 3241468 NeussTel.:+49 (0) 2131 34260E-Mail:&nbsp;info@kawasakirobotics.de Managing Directors:Shuhei Kuraoka, Makoto Tanami Registergericht:Amtsgericht Neuss HRB 8188USt-ID-Nr: DE 811916177 Design and programming:Kawasaki Heavy Industries, Ltd. Legal notice and disclaimer Form and content of this website are protected by copyright. \u00a9 2020 by Kawasaki Robotics GmbH The copying and use of contents, especially the use of pictures, texts or parts of texts requires the prior written consent of Kawasaki Robotics GmbH. Kawasaki Robotics GmbH assumes no responsibility for the correctness, completeness, topicality or quality of the information [&hellip;]<\/p>\n","protected":false},"author":26,"featured_media":0,"parent":0,"menu_order":19,"comment_status":"closed","ping_status":"closed","template":"","meta":{"ep_exclude_from_search":false,"footnotes":""},"class_list":["post-5222","page","type-page","status-publish","hentry"],"yoast_head":"<!-- This site is optimized with the Yoast SEO plugin v25.9 - https:\/\/yoast.com\/wordpress\/plugins\/seo\/ -->\n<title>Imprint EMEA | Industrial Robots by Kawasaki Robotics<\/title>\n<meta name=\"description\" content=\"Kawasaki Heavy Industries | Imprint EMEA\" \/>\n<meta name=\"robots\" content=\"index, follow, max-snippet:-1, max-image-preview:large, max-video-preview:-1\" \/>\n<link rel=\"canonical\" href=\"https:\/\/kawasakirobotics.com\/es\/imprint-emea\/\" \/>\n<meta property=\"og:locale\" content=\"es_ES\" \/>\n<meta property=\"og:type\" content=\"article\" \/>\n<meta property=\"og:title\" content=\"Imprint EMEA | Industrial Robots by Kawasaki Robotics\" \/>\n<meta property=\"og:description\" content=\"Kawasaki Heavy Industries | Imprint EMEA\" \/>\n<meta property=\"og:url\" content=\"https:\/\/kawasakirobotics.com\/es\/imprint-emea\/\" \/>\n<meta property=\"og:site_name\" content=\"Kawasaki Robotics\" \/>\n<meta property=\"article:modified_time\" content=\"2023-03-16T12:04:10+00:00\" \/>\n<meta property=\"og:image\" content=\"https:\/\/kawasakirobotics.com\/content\/themes\/krobot-theme\/src\/images\/default\/ogp.jpg\" \/>\n\t<meta property=\"og:image:width\" content=\"1200\" \/>\n\t<meta property=\"og:image:height\" content=\"630\" \/>\n\t<meta property=\"og:image:type\" content=\"image\/jpeg\" \/>\n<meta name=\"twitter:card\" content=\"summary_large_image\" \/>\n<script type=\"application\/ld+json\" class=\"yoast-schema-graph\">{\"@context\":\"https:\/\/schema.org\",\"@graph\":[{\"@type\":\"WebPage\",\"@id\":\"https:\/\/kawasakirobotics.com\/es\/imprint-emea\/\",\"url\":\"https:\/\/kawasakirobotics.com\/es\/imprint-emea\/\",\"name\":\"Imprint EMEA | Industrial Robots by Kawasaki Robotics\",\"isPartOf\":{\"@id\":\"https:\/\/kawasakirobotics.com\/es\/#website\"},\"datePublished\":\"2023-01-11T10:50:18+00:00\",\"dateModified\":\"2023-03-16T12:04:10+00:00\",\"description\":\"Kawasaki Heavy Industries | Imprint EMEA\",\"breadcrumb\":{\"@id\":\"https:\/\/kawasakirobotics.com\/es\/imprint-emea\/#breadcrumb\"},\"inLanguage\":\"es\",\"potentialAction\":[{\"@type\":\"ReadAction\",\"target\":[\"https:\/\/kawasakirobotics.com\/es\/imprint-emea\/\"]}]},{\"@type\":\"BreadcrumbList\",\"@id\":\"https:\/\/kawasakirobotics.com\/es\/imprint-emea\/#breadcrumb\",\"itemListElement\":[{\"@type\":\"ListItem\",\"position\":1,\"name\":\"Home\",\"item\":\"https:\/\/kawasakirobotics.com\/es\/\"},{\"@type\":\"ListItem\",\"position\":2,\"name\":\"Imprint EMEA\"}]},{\"@type\":\"WebSite\",\"@id\":\"https:\/\/kawasakirobotics.com\/es\/#website\",\"url\":\"https:\/\/kawasakirobotics.com\/es\/\",\"name\":\"Kawasaki Robotics\",\"description\":\"\",\"publisher\":{\"@id\":\"https:\/\/kawasakirobotics.com\/es\/#organization\"},\"potentialAction\":[{\"@type\":\"SearchAction\",\"target\":{\"@type\":\"EntryPoint\",\"urlTemplate\":\"https:\/\/kawasakirobotics.com\/es\/?s={search_term_string}\"},\"query-input\":{\"@type\":\"PropertyValueSpecification\",\"valueRequired\":true,\"valueName\":\"search_term_string\"}}],\"inLanguage\":\"es\"},{\"@type\":\"Organization\",\"@id\":\"https:\/\/kawasakirobotics.com\/es\/#organization\",\"name\":\"\u5ddd\u5d0e\u91cd\u5de5\u696d\u30ed\u30dc\u30c3\u30c8\u30c7\u30a3\u30d3\u30b8\u30e7\u30f3\",\"url\":\"https:\/\/kawasakirobotics.com\/es\/\",\"logo\":{\"@type\":\"ImageObject\",\"inLanguage\":\"es\",\"@id\":\"https:\/\/kawasakirobotics.com\/es\/#\/schema\/logo\/image\/\",\"url\":\"\",\"contentUrl\":\"\",\"caption\":\"\u5ddd\u5d0e\u91cd\u5de5\u696d\u30ed\u30dc\u30c3\u30c8\u30c7\u30a3\u30d3\u30b8\u30e7\u30f3\"},\"image\":{\"@id\":\"https:\/\/kawasakirobotics.com\/es\/#\/schema\/logo\/image\/\"}}]}<\/script>\n<!-- \/ Yoast SEO plugin. -->","yoast_head_json":{"title":"Imprint EMEA | Industrial Robots by Kawasaki Robotics","description":"Kawasaki Heavy Industries | Imprint EMEA","robots":{"index":"index","follow":"follow","max-snippet":"max-snippet:-1","max-image-preview":"max-image-preview:large","max-video-preview":"max-video-preview:-1"},"canonical":"https:\/\/kawasakirobotics.com\/es\/imprint-emea\/","og_locale":"es_ES","og_type":"article","og_title":"Imprint EMEA | Industrial Robots by Kawasaki Robotics","og_description":"Kawasaki Heavy Industries | Imprint EMEA","og_url":"https:\/\/kawasakirobotics.com\/es\/imprint-emea\/","og_site_name":"Kawasaki Robotics","article_modified_time":"2023-03-16T12:04:10+00:00","og_image":[{"url":"https:\/\/kawasakirobotics.com\/content\/themes\/krobot-theme\/src\/images\/default\/ogp.jpg","width":"1200","height":"630","type":"image\/jpeg"}],"twitter_card":"summary_large_image","schema":{"@context":"https:\/\/schema.org","@graph":[{"@type":"WebPage","@id":"https:\/\/kawasakirobotics.com\/es\/imprint-emea\/","url":"https:\/\/kawasakirobotics.com\/es\/imprint-emea\/","name":"Imprint EMEA | Industrial Robots by Kawasaki Robotics","isPartOf":{"@id":"https:\/\/kawasakirobotics.com\/es\/#website"},"datePublished":"2023-01-11T10:50:18+00:00","dateModified":"2023-03-16T12:04:10+00:00","description":"Kawasaki Heavy Industries | Imprint EMEA","breadcrumb":{"@id":"https:\/\/kawasakirobotics.com\/es\/imprint-emea\/#breadcrumb"},"inLanguage":"es","potentialAction":[{"@type":"ReadAction","target":["https:\/\/kawasakirobotics.com\/es\/imprint-emea\/"]}]},{"@type":"BreadcrumbList","@id":"https:\/\/kawasakirobotics.com\/es\/imprint-emea\/#breadcrumb","itemListElement":[{"@type":"ListItem","position":1,"name":"Home","item":"https:\/\/kawasakirobotics.com\/es\/"},{"@type":"ListItem","position":2,"name":"Imprint EMEA"}]},{"@type":"WebSite","@id":"https:\/\/kawasakirobotics.com\/es\/#website","url":"https:\/\/kawasakirobotics.com\/es\/","name":"Kawasaki Robotics","description":"","publisher":{"@id":"https:\/\/kawasakirobotics.com\/es\/#organization"},"potentialAction":[{"@type":"SearchAction","target":{"@type":"EntryPoint","urlTemplate":"https:\/\/kawasakirobotics.com\/es\/?s={search_term_string}"},"query-input":{"@type":"PropertyValueSpecification","valueRequired":true,"valueName":"search_term_string"}}],"inLanguage":"es"},{"@type":"Organization","@id":"https:\/\/kawasakirobotics.com\/es\/#organization","name":"\u5ddd\u5d0e\u91cd\u5de5\u696d\u30ed\u30dc\u30c3\u30c8\u30c7\u30a3\u30d3\u30b8\u30e7\u30f3","url":"https:\/\/kawasakirobotics.com\/es\/","logo":{"@type":"ImageObject","inLanguage":"es","@id":"https:\/\/kawasakirobotics.com\/es\/#\/schema\/logo\/image\/","url":"","contentUrl":"","caption":"\u5ddd\u5d0e\u91cd\u5de5\u696d\u30ed\u30dc\u30c3\u30c8\u30c7\u30a3\u30d3\u30b8\u30e7\u30f3"},"image":{"@id":"https:\/\/kawasakirobotics.com\/es\/#\/schema\/logo\/image\/"}}]}},"_links":{"self":[{"href":"https:\/\/kawasakirobotics.com\/es\/wp-json\/wp\/v2\/pages\/5222","targetHints":{"allow":["GET"]}}],"collection":[{"href":"https:\/\/kawasakirobotics.com\/es\/wp-json\/wp\/v2\/pages"}],"about":[{"href":"https:\/\/kawasakirobotics.com\/es\/wp-json\/wp\/v2\/types\/page"}],"author":[{"embeddable":true,"href":"https:\/\/kawasakirobotics.com\/es\/wp-json\/wp\/v2\/users\/26"}],"replies":[{"embeddable":true,"href":"https:\/\/kawasakirobotics.com\/es\/wp-json\/wp\/v2\/comments?post=5222"}],"version-history":[{"count":6,"href":"https:\/\/kawasakirobotics.com\/es\/wp-json\/wp\/v2\/pages\/5222\/revisions"}],"predecessor-version":[{"id":5386,"href":"https:\/\/kawasakirobotics.com\/es\/wp-json\/wp\/v2\/pages\/5222\/revisions\/5386"}],"wp:attachment":[{"href":"https:\/\/kawasakirobotics.com\/es\/wp-json\/wp\/v2\/media?parent=5222"}],"curies":[{"name":"wp","href":"https:\/\/api.w.org\/{rel}","templated":true}]}}