{"id":54,"date":"2022-01-19T17:55:56","date_gmt":"2022-01-19T08:55:56","guid":{"rendered":"urn:uuid:8f4034a0-45c0-4d83-94d6-fbc8f463c5ae"},"modified":"2025-08-01T02:10:14","modified_gmt":"2025-08-01T00:10:14","slug":"retired-models","status":"publish","type":"page","link":"https:\/\/kawasakirobotics.com\/es\/products\/retired-models\/","title":{"rendered":"Modelos retirados"},"content":{"rendered":"\n<p>Kawasaki se encuentra entre los l\u00edderes en instalaciones de robots en todo el mundo. La mayor\u00eda de nuestros productos retirados todav\u00eda est\u00e1n en producci\u00f3n en plantas de todo el mundo. Si necesita piezas o soporte en cualquiera de nuestros productos, comun\u00edquese con nuestro Departamento de Servicio al Cliente.<\/p>\n\n\n\n<p><a href=\"https:\/\/kawasakirobotics.com\/uploads\/sites\/2\/2025\/07\/KHI_retiredmodels202508.pdf\" target=\"_blank\" rel=\"noreferrer noopener\">Lista de modelos de robot \/ controlador descontinuados y a\u00f1o de descontinuaci\u00f3n<\/a><\/p>\n\n\n\n<h2 class=\"wp-block-heading\"><strong>MOTIVO DE LA DESCONTINUACI\u00d3N<\/strong><\/h2>\n\n\n\n<p>Lanzamiento de modelos sucesores.<\/p>\n\n\n\n<h4 class=\"wp-block-heading\"><strong>PIEZAS DE REPUESTO<\/strong><\/h4>\n\n\n\n<ul class=\"wp-block-list\">\n<li>Las piezas de repuesto para los modelos afectados se deben suministrar hasta 10 a\u00f1os despu\u00e9s de la fecha de descontinuaci\u00f3n.<\/li>\n\n\n\n<li>Kawasaki har\u00e1 todo lo posible para obtener piezas y materiales en respuesta a las demandas de los clientes. Sin embargo, debido a circunstancias externas, como cambios en el mercado de materiales (es decir, discontinuaci\u00f3n por parte de los fabricantes de materiales), Kawasaki podr\u00eda no poder proporcionar piezas para los modelos afectados.<\/li>\n\n\n\n<li>Dependiendo del per\u00edodo transcurrido despu\u00e9s de la descontinuaci\u00f3n del producto, los plazos de entrega pueden aumentar.<\/li>\n<\/ul>\n\n\n\n<p><\/p>\n","protected":false},"excerpt":{"rendered":"<p>Kawasaki se encuentra entre los l\u00edderes en instalaciones de robots en todo el mundo. La mayor\u00eda de nuestros productos retirados todav\u00eda est\u00e1n en producci\u00f3n en plantas de todo el mundo. Si necesita piezas o soporte en cualquiera de nuestros productos, comun\u00edquese con nuestro Departamento de Servicio al Cliente. Lista de modelos de robot \/ controlador descontinuados y a\u00f1o de descontinuaci\u00f3n MOTIVO DE LA DESCONTINUACI\u00d3N Lanzamiento de modelos sucesores. PIEZAS DE REPUESTO<\/p>\n","protected":false},"author":3,"featured_media":4319,"parent":50,"menu_order":2,"comment_status":"closed","ping_status":"closed","template":"page-templates\/custom-title-with-background.php","meta":{"ep_exclude_from_search":false,"footnotes":""},"class_list":["post-54","page","type-page","status-publish","has-post-thumbnail","hentry"],"yoast_head":"<!-- This site is optimized with the Yoast SEO plugin v25.9 - https:\/\/yoast.com\/wordpress\/plugins\/seo\/ -->\n<title>Modelos retirados | Industrial Robots by Kawasaki Robotics<\/title>\n<meta name=\"description\" content=\"Discover Kawasaki&#039;s retired robot models and their parts availability. We offer support for up to 10 years post-discontinuation.\" \/>\n<meta name=\"robots\" content=\"index, follow, max-snippet:-1, max-image-preview:large, max-video-preview:-1\" \/>\n<link rel=\"canonical\" href=\"https:\/\/kawasakirobotics.com\/es\/products\/retired-models\/\" \/>\n<meta property=\"og:locale\" content=\"es_ES\" \/>\n<meta property=\"og:type\" content=\"article\" \/>\n<meta property=\"og:title\" content=\"Modelos retirados | Industrial Robots by Kawasaki Robotics\" \/>\n<meta property=\"og:description\" content=\"Discover Kawasaki&#039;s retired robot models and their parts availability. We offer support for up to 10 years post-discontinuation.\" \/>\n<meta property=\"og:url\" content=\"https:\/\/kawasakirobotics.com\/es\/products\/retired-models\/\" \/>\n<meta property=\"og:site_name\" content=\"Kawasaki Robotics\" \/>\n<meta property=\"article:modified_time\" content=\"2025-08-01T00:10:14+00:00\" \/>\n<meta property=\"og:image\" content=\"https:\/\/kawasakirobotics.com\/content\/themes\/krobot-theme\/src\/images\/default\/ogp.jpg\" \/>\n\t<meta property=\"og:image:width\" content=\"1200\" \/>\n\t<meta property=\"og:image:height\" content=\"630\" \/>\n\t<meta property=\"og:image:type\" content=\"image\/jpeg\" \/>\n<meta name=\"twitter:card\" content=\"summary_large_image\" \/>\n<script type=\"application\/ld+json\" class=\"yoast-schema-graph\">{\"@context\":\"https:\/\/schema.org\",\"@graph\":[{\"@type\":\"WebPage\",\"@id\":\"https:\/\/kawasakirobotics.com\/es\/products\/retired-models\/\",\"url\":\"https:\/\/kawasakirobotics.com\/es\/products\/retired-models\/\",\"name\":\"Modelos retirados | Industrial Robots by Kawasaki Robotics\",\"isPartOf\":{\"@id\":\"https:\/\/kawasakirobotics.com\/es\/#website\"},\"primaryImageOfPage\":{\"@id\":\"https:\/\/kawasakirobotics.com\/es\/products\/retired-models\/#primaryimage\"},\"image\":{\"@id\":\"https:\/\/kawasakirobotics.com\/es\/products\/retired-models\/#primaryimage\"},\"thumbnailUrl\":\"https:\/\/kawasakirobotics.com\/tachyon\/sites\/2\/2022\/01\/title-background-B1830324.jpg?fit=2160%2C360\",\"datePublished\":\"2022-01-19T08:55:56+00:00\",\"dateModified\":\"2025-08-01T00:10:14+00:00\",\"description\":\"Discover Kawasaki's retired robot models and their parts availability. We offer support for up to 10 years post-discontinuation.\",\"breadcrumb\":{\"@id\":\"https:\/\/kawasakirobotics.com\/es\/products\/retired-models\/#breadcrumb\"},\"inLanguage\":\"es\",\"potentialAction\":[{\"@type\":\"ReadAction\",\"target\":[\"https:\/\/kawasakirobotics.com\/es\/products\/retired-models\/\"]}]},{\"@type\":\"ImageObject\",\"inLanguage\":\"es\",\"@id\":\"https:\/\/kawasakirobotics.com\/es\/products\/retired-models\/#primaryimage\",\"url\":\"https:\/\/kawasakirobotics.com\/tachyon\/sites\/2\/2022\/01\/title-background-B1830324.jpg?fit=2160%2C360\",\"contentUrl\":\"https:\/\/kawasakirobotics.com\/tachyon\/sites\/2\/2022\/01\/title-background-B1830324.jpg?fit=2160%2C360\",\"width\":2160,\"height\":360,\"caption\":\"CAD Data Disclaimer\"},{\"@type\":\"BreadcrumbList\",\"@id\":\"https:\/\/kawasakirobotics.com\/es\/products\/retired-models\/#breadcrumb\",\"itemListElement\":[{\"@type\":\"ListItem\",\"position\":1,\"name\":\"Home\",\"item\":\"https:\/\/kawasakirobotics.com\/es\/\"},{\"@type\":\"ListItem\",\"position\":2,\"name\":\"B\u00fasqueda de Producto\",\"item\":\"https:\/\/kawasakirobotics.com\/es\/products\/\"},{\"@type\":\"ListItem\",\"position\":3,\"name\":\"Modelos retirados\"}]},{\"@type\":\"WebSite\",\"@id\":\"https:\/\/kawasakirobotics.com\/es\/#website\",\"url\":\"https:\/\/kawasakirobotics.com\/es\/\",\"name\":\"Kawasaki Robotics\",\"description\":\"\",\"publisher\":{\"@id\":\"https:\/\/kawasakirobotics.com\/es\/#organization\"},\"potentialAction\":[{\"@type\":\"SearchAction\",\"target\":{\"@type\":\"EntryPoint\",\"urlTemplate\":\"https:\/\/kawasakirobotics.com\/es\/?s={search_term_string}\"},\"query-input\":{\"@type\":\"PropertyValueSpecification\",\"valueRequired\":true,\"valueName\":\"search_term_string\"}}],\"inLanguage\":\"es\"},{\"@type\":\"Organization\",\"@id\":\"https:\/\/kawasakirobotics.com\/es\/#organization\",\"name\":\"\u5ddd\u5d0e\u91cd\u5de5\u696d\u30ed\u30dc\u30c3\u30c8\u30c7\u30a3\u30d3\u30b8\u30e7\u30f3\",\"url\":\"https:\/\/kawasakirobotics.com\/es\/\",\"logo\":{\"@type\":\"ImageObject\",\"inLanguage\":\"es\",\"@id\":\"https:\/\/kawasakirobotics.com\/es\/#\/schema\/logo\/image\/\",\"url\":\"\",\"contentUrl\":\"\",\"caption\":\"\u5ddd\u5d0e\u91cd\u5de5\u696d\u30ed\u30dc\u30c3\u30c8\u30c7\u30a3\u30d3\u30b8\u30e7\u30f3\"},\"image\":{\"@id\":\"https:\/\/kawasakirobotics.com\/es\/#\/schema\/logo\/image\/\"}}]}<\/script>\n<!-- \/ Yoast SEO plugin. -->","yoast_head_json":{"title":"Modelos retirados | Industrial Robots by Kawasaki Robotics","description":"Discover Kawasaki's retired robot models and their parts availability. We offer support for up to 10 years post-discontinuation.","robots":{"index":"index","follow":"follow","max-snippet":"max-snippet:-1","max-image-preview":"max-image-preview:large","max-video-preview":"max-video-preview:-1"},"canonical":"https:\/\/kawasakirobotics.com\/es\/products\/retired-models\/","og_locale":"es_ES","og_type":"article","og_title":"Modelos retirados | Industrial Robots by Kawasaki Robotics","og_description":"Discover Kawasaki's retired robot models and their parts availability. We offer support for up to 10 years post-discontinuation.","og_url":"https:\/\/kawasakirobotics.com\/es\/products\/retired-models\/","og_site_name":"Kawasaki Robotics","article_modified_time":"2025-08-01T00:10:14+00:00","og_image":[{"url":"https:\/\/kawasakirobotics.com\/content\/themes\/krobot-theme\/src\/images\/default\/ogp.jpg","width":"1200","height":"630","type":"image\/jpeg"}],"twitter_card":"summary_large_image","schema":{"@context":"https:\/\/schema.org","@graph":[{"@type":"WebPage","@id":"https:\/\/kawasakirobotics.com\/es\/products\/retired-models\/","url":"https:\/\/kawasakirobotics.com\/es\/products\/retired-models\/","name":"Modelos retirados | Industrial Robots by Kawasaki Robotics","isPartOf":{"@id":"https:\/\/kawasakirobotics.com\/es\/#website"},"primaryImageOfPage":{"@id":"https:\/\/kawasakirobotics.com\/es\/products\/retired-models\/#primaryimage"},"image":{"@id":"https:\/\/kawasakirobotics.com\/es\/products\/retired-models\/#primaryimage"},"thumbnailUrl":"https:\/\/kawasakirobotics.com\/tachyon\/sites\/2\/2022\/01\/title-background-B1830324.jpg?fit=2160%2C360","datePublished":"2022-01-19T08:55:56+00:00","dateModified":"2025-08-01T00:10:14+00:00","description":"Discover Kawasaki's retired robot models and their parts availability. We offer support for up to 10 years post-discontinuation.","breadcrumb":{"@id":"https:\/\/kawasakirobotics.com\/es\/products\/retired-models\/#breadcrumb"},"inLanguage":"es","potentialAction":[{"@type":"ReadAction","target":["https:\/\/kawasakirobotics.com\/es\/products\/retired-models\/"]}]},{"@type":"ImageObject","inLanguage":"es","@id":"https:\/\/kawasakirobotics.com\/es\/products\/retired-models\/#primaryimage","url":"https:\/\/kawasakirobotics.com\/tachyon\/sites\/2\/2022\/01\/title-background-B1830324.jpg?fit=2160%2C360","contentUrl":"https:\/\/kawasakirobotics.com\/tachyon\/sites\/2\/2022\/01\/title-background-B1830324.jpg?fit=2160%2C360","width":2160,"height":360,"caption":"CAD Data Disclaimer"},{"@type":"BreadcrumbList","@id":"https:\/\/kawasakirobotics.com\/es\/products\/retired-models\/#breadcrumb","itemListElement":[{"@type":"ListItem","position":1,"name":"Home","item":"https:\/\/kawasakirobotics.com\/es\/"},{"@type":"ListItem","position":2,"name":"B\u00fasqueda de Producto","item":"https:\/\/kawasakirobotics.com\/es\/products\/"},{"@type":"ListItem","position":3,"name":"Modelos retirados"}]},{"@type":"WebSite","@id":"https:\/\/kawasakirobotics.com\/es\/#website","url":"https:\/\/kawasakirobotics.com\/es\/","name":"Kawasaki Robotics","description":"","publisher":{"@id":"https:\/\/kawasakirobotics.com\/es\/#organization"},"potentialAction":[{"@type":"SearchAction","target":{"@type":"EntryPoint","urlTemplate":"https:\/\/kawasakirobotics.com\/es\/?s={search_term_string}"},"query-input":{"@type":"PropertyValueSpecification","valueRequired":true,"valueName":"search_term_string"}}],"inLanguage":"es"},{"@type":"Organization","@id":"https:\/\/kawasakirobotics.com\/es\/#organization","name":"\u5ddd\u5d0e\u91cd\u5de5\u696d\u30ed\u30dc\u30c3\u30c8\u30c7\u30a3\u30d3\u30b8\u30e7\u30f3","url":"https:\/\/kawasakirobotics.com\/es\/","logo":{"@type":"ImageObject","inLanguage":"es","@id":"https:\/\/kawasakirobotics.com\/es\/#\/schema\/logo\/image\/","url":"","contentUrl":"","caption":"\u5ddd\u5d0e\u91cd\u5de5\u696d\u30ed\u30dc\u30c3\u30c8\u30c7\u30a3\u30d3\u30b8\u30e7\u30f3"},"image":{"@id":"https:\/\/kawasakirobotics.com\/es\/#\/schema\/logo\/image\/"}}]}},"_links":{"self":[{"href":"https:\/\/kawasakirobotics.com\/es\/wp-json\/wp\/v2\/pages\/54","targetHints":{"allow":["GET"]}}],"collection":[{"href":"https:\/\/kawasakirobotics.com\/es\/wp-json\/wp\/v2\/pages"}],"about":[{"href":"https:\/\/kawasakirobotics.com\/es\/wp-json\/wp\/v2\/types\/page"}],"author":[{"embeddable":true,"href":"https:\/\/kawasakirobotics.com\/es\/wp-json\/wp\/v2\/users\/3"}],"replies":[{"embeddable":true,"href":"https:\/\/kawasakirobotics.com\/es\/wp-json\/wp\/v2\/comments?post=54"}],"version-history":[{"count":6,"href":"https:\/\/kawasakirobotics.com\/es\/wp-json\/wp\/v2\/pages\/54\/revisions"}],"predecessor-version":[{"id":5941,"href":"https:\/\/kawasakirobotics.com\/es\/wp-json\/wp\/v2\/pages\/54\/revisions\/5941"}],"up":[{"embeddable":true,"href":"https:\/\/kawasakirobotics.com\/es\/wp-json\/wp\/v2\/pages\/50"}],"wp:featuredmedia":[{"embeddable":true,"href":"https:\/\/kawasakirobotics.com\/es\/wp-json\/wp\/v2\/media\/4319"}],"wp:attachment":[{"href":"https:\/\/kawasakirobotics.com\/es\/wp-json\/wp\/v2\/media?parent=54"}],"curies":[{"name":"wp","href":"https:\/\/api.w.org\/{rel}","templated":true}]}}