{"id":56,"date":"2022-01-19T17:56:24","date_gmt":"2022-01-19T08:56:24","guid":{"rendered":"urn:uuid:f979949d-bcb6-4ad2-81d2-99435ce77cf1"},"modified":"2024-01-31T02:46:16","modified_gmt":"2024-01-31T01:46:16","slug":"cad-disclaimer","status":"publish","type":"page","link":"https:\/\/kawasakirobotics.com\/es\/products\/cad-disclaimer\/","title":{"rendered":"Descargo de responsabilidad de datos CAD"},"content":{"rendered":"\n<p>Lea lo siguiente antes de utilizar los datos CAD en este sitio web.<\/p>\n\n\n\n<h2 class=\"wp-block-heading\"><strong>1. Finalidad del uso de los datos<\/strong><\/h2>\n\n\n\n<p>Los datos CAD de este sitio web se utilizar\u00e1n para comprobar la interferencia y la forma del robot, etc., \u00fanicamente en el dise\u00f1o del dise\u00f1o.<\/p>\n\n\n\n<h2 class=\"wp-block-heading\"><strong>2. Caracter\u00edsticas de los datos<\/strong><\/h2>\n\n\n\n<p>Tenga en cuenta que los datos de forma como la tolerancia, la rugosidad de la superficie y los agujeros en los datos CAD pueden ser diferentes a los del producto real. Adem\u00e1s, algunos productos no tienen datos de forma para reducir el tama\u00f1o del archivo de datos CAD y facilitar el intercambio de datos.<\/p>\n\n\n\n<h2 class=\"wp-block-heading\"><strong>3. Descargo de responsabilidad<\/strong><\/h2>\n\n\n\n<p>Aunque Kawasaki crea meticulosamente los datos CAD, no se puede garantizar la precisi\u00f3n de los datos CAD debido a las caracter\u00edsticas de los datos mencionados anteriormente. Adem\u00e1s, los datos CAD en este sitio web est\u00e1n sujetos a cambio, adici\u00f3n y\/o eliminaci\u00f3n sin previo aviso. Kawasaki no asumir\u00e1 ninguna responsabilidad por los da\u00f1os sufridos por el uso, cambio y eliminaci\u00f3n de los datos CAD por cualquier motivo.<\/p>\n\n\n\n<h2 class=\"wp-block-heading\"><strong>4. Asignaci\u00f3n de derechos de propiedad intelectual<\/strong><\/h2>\n\n\n\n<p>Kawasaki conservar\u00e1 todos los derechos, incluidos los derechos de propiedad intelectual, sobre los datos CAD. No puede copiar, reproducir, distribuir, transmitir, modificar y\/o vender los datos CAD para fines distintos a los mencionados anteriormente sin el consentimiento previo por escrito de Kawasaki. Si el uso de los datos CAD viola el prop\u00f3sito de uso y las normas antes mencionadas, Kawasaki puede prohibir el uso de los datos CAD y emprender acciones legales contra el usuario.<\/p>\n\n\n\n<hr class=\"wp-block-separator has-css-opacity alignfull\" \/>\n","protected":false},"excerpt":{"rendered":"<p>Lea lo siguiente antes de utilizar los datos CAD en este sitio web. 1. Finalidad del uso de los datos Los datos CAD de este sitio web se utilizar\u00e1n para comprobar la interferencia y la forma del robot, etc., \u00fanicamente en el dise\u00f1o del dise\u00f1o. 2. Caracter\u00edsticas de los datos Tenga en cuenta que los datos de forma como la tolerancia, la rugosidad de la superficie y los agujeros en los datos CAD pueden ser diferentes a los del producto real. Adem\u00e1s, algunos productos no tienen datos de forma para reducir el tama\u00f1o del archivo de datos CAD y facilitar el intercambio de datos. 3. Descargo de responsabilidad Aunque Kawasaki [&hellip;]<\/p>\n","protected":false},"author":9,"featured_media":4319,"parent":50,"menu_order":3,"comment_status":"closed","ping_status":"closed","template":"page-templates\/custom-title-with-background.php","meta":{"ep_exclude_from_search":false,"footnotes":""},"class_list":["post-56","page","type-page","status-publish","has-post-thumbnail","hentry"],"yoast_head":"<!-- This site is optimized with the Yoast SEO plugin v25.9 - https:\/\/yoast.com\/wordpress\/plugins\/seo\/ -->\n<title>Descargo de responsabilidad de datos CAD | Industrial Robots by Kawasaki Robotics<\/title>\n<meta name=\"description\" content=\"Kawasaki Heavy Industries | Descargo de responsabilidad de datos CAD\" \/>\n<meta name=\"robots\" content=\"index, follow, max-snippet:-1, max-image-preview:large, max-video-preview:-1\" \/>\n<link rel=\"canonical\" href=\"https:\/\/kawasakirobotics.com\/es\/products\/cad-disclaimer\/\" \/>\n<meta property=\"og:locale\" content=\"es_ES\" \/>\n<meta property=\"og:type\" content=\"article\" \/>\n<meta property=\"og:title\" content=\"Descargo de responsabilidad de datos CAD | Industrial Robots by Kawasaki Robotics\" \/>\n<meta property=\"og:description\" content=\"Kawasaki Heavy Industries | Descargo de responsabilidad de datos CAD\" \/>\n<meta property=\"og:url\" content=\"https:\/\/kawasakirobotics.com\/es\/products\/cad-disclaimer\/\" \/>\n<meta property=\"og:site_name\" content=\"Kawasaki Robotics\" \/>\n<meta property=\"article:modified_time\" content=\"2024-01-31T01:46:16+00:00\" \/>\n<meta property=\"og:image\" content=\"https:\/\/kawasakirobotics.com\/content\/themes\/krobot-theme\/src\/images\/default\/ogp.jpg\" \/>\n\t<meta property=\"og:image:width\" content=\"1200\" \/>\n\t<meta property=\"og:image:height\" content=\"630\" \/>\n\t<meta property=\"og:image:type\" content=\"image\/jpeg\" \/>\n<meta name=\"twitter:card\" content=\"summary_large_image\" \/>\n<script type=\"application\/ld+json\" class=\"yoast-schema-graph\">{\"@context\":\"https:\/\/schema.org\",\"@graph\":[{\"@type\":\"WebPage\",\"@id\":\"https:\/\/kawasakirobotics.com\/es\/products\/cad-disclaimer\/\",\"url\":\"https:\/\/kawasakirobotics.com\/es\/products\/cad-disclaimer\/\",\"name\":\"Descargo de responsabilidad de datos CAD | Industrial Robots by Kawasaki Robotics\",\"isPartOf\":{\"@id\":\"https:\/\/kawasakirobotics.com\/es\/#website\"},\"primaryImageOfPage\":{\"@id\":\"https:\/\/kawasakirobotics.com\/es\/products\/cad-disclaimer\/#primaryimage\"},\"image\":{\"@id\":\"https:\/\/kawasakirobotics.com\/es\/products\/cad-disclaimer\/#primaryimage\"},\"thumbnailUrl\":\"https:\/\/kawasakirobotics.com\/tachyon\/sites\/2\/2022\/01\/title-background-B1830324.jpg?fit=2160%2C360\",\"datePublished\":\"2022-01-19T08:56:24+00:00\",\"dateModified\":\"2024-01-31T01:46:16+00:00\",\"description\":\"Kawasaki Heavy Industries | Descargo de responsabilidad de datos CAD\",\"breadcrumb\":{\"@id\":\"https:\/\/kawasakirobotics.com\/es\/products\/cad-disclaimer\/#breadcrumb\"},\"inLanguage\":\"es\",\"potentialAction\":[{\"@type\":\"ReadAction\",\"target\":[\"https:\/\/kawasakirobotics.com\/es\/products\/cad-disclaimer\/\"]}]},{\"@type\":\"ImageObject\",\"inLanguage\":\"es\",\"@id\":\"https:\/\/kawasakirobotics.com\/es\/products\/cad-disclaimer\/#primaryimage\",\"url\":\"https:\/\/kawasakirobotics.com\/tachyon\/sites\/2\/2022\/01\/title-background-B1830324.jpg?fit=2160%2C360\",\"contentUrl\":\"https:\/\/kawasakirobotics.com\/tachyon\/sites\/2\/2022\/01\/title-background-B1830324.jpg?fit=2160%2C360\",\"width\":2160,\"height\":360,\"caption\":\"CAD Data Disclaimer\"},{\"@type\":\"BreadcrumbList\",\"@id\":\"https:\/\/kawasakirobotics.com\/es\/products\/cad-disclaimer\/#breadcrumb\",\"itemListElement\":[{\"@type\":\"ListItem\",\"position\":1,\"name\":\"Home\",\"item\":\"https:\/\/kawasakirobotics.com\/es\/\"},{\"@type\":\"ListItem\",\"position\":2,\"name\":\"B\u00fasqueda de Producto\",\"item\":\"https:\/\/kawasakirobotics.com\/es\/products\/\"},{\"@type\":\"ListItem\",\"position\":3,\"name\":\"Descargo de responsabilidad de datos CAD\"}]},{\"@type\":\"WebSite\",\"@id\":\"https:\/\/kawasakirobotics.com\/es\/#website\",\"url\":\"https:\/\/kawasakirobotics.com\/es\/\",\"name\":\"Kawasaki Robotics\",\"description\":\"\",\"publisher\":{\"@id\":\"https:\/\/kawasakirobotics.com\/es\/#organization\"},\"potentialAction\":[{\"@type\":\"SearchAction\",\"target\":{\"@type\":\"EntryPoint\",\"urlTemplate\":\"https:\/\/kawasakirobotics.com\/es\/?s={search_term_string}\"},\"query-input\":{\"@type\":\"PropertyValueSpecification\",\"valueRequired\":true,\"valueName\":\"search_term_string\"}}],\"inLanguage\":\"es\"},{\"@type\":\"Organization\",\"@id\":\"https:\/\/kawasakirobotics.com\/es\/#organization\",\"name\":\"\u5ddd\u5d0e\u91cd\u5de5\u696d\u30ed\u30dc\u30c3\u30c8\u30c7\u30a3\u30d3\u30b8\u30e7\u30f3\",\"url\":\"https:\/\/kawasakirobotics.com\/es\/\",\"logo\":{\"@type\":\"ImageObject\",\"inLanguage\":\"es\",\"@id\":\"https:\/\/kawasakirobotics.com\/es\/#\/schema\/logo\/image\/\",\"url\":\"\",\"contentUrl\":\"\",\"caption\":\"\u5ddd\u5d0e\u91cd\u5de5\u696d\u30ed\u30dc\u30c3\u30c8\u30c7\u30a3\u30d3\u30b8\u30e7\u30f3\"},\"image\":{\"@id\":\"https:\/\/kawasakirobotics.com\/es\/#\/schema\/logo\/image\/\"}}]}<\/script>\n<!-- \/ Yoast SEO plugin. -->","yoast_head_json":{"title":"Descargo de responsabilidad de datos CAD | Industrial Robots by Kawasaki Robotics","description":"Kawasaki Heavy Industries | Descargo de responsabilidad de datos CAD","robots":{"index":"index","follow":"follow","max-snippet":"max-snippet:-1","max-image-preview":"max-image-preview:large","max-video-preview":"max-video-preview:-1"},"canonical":"https:\/\/kawasakirobotics.com\/es\/products\/cad-disclaimer\/","og_locale":"es_ES","og_type":"article","og_title":"Descargo de responsabilidad de datos CAD | Industrial Robots by Kawasaki Robotics","og_description":"Kawasaki Heavy Industries | Descargo de responsabilidad de datos CAD","og_url":"https:\/\/kawasakirobotics.com\/es\/products\/cad-disclaimer\/","og_site_name":"Kawasaki Robotics","article_modified_time":"2024-01-31T01:46:16+00:00","og_image":[{"url":"https:\/\/kawasakirobotics.com\/content\/themes\/krobot-theme\/src\/images\/default\/ogp.jpg","width":"1200","height":"630","type":"image\/jpeg"}],"twitter_card":"summary_large_image","schema":{"@context":"https:\/\/schema.org","@graph":[{"@type":"WebPage","@id":"https:\/\/kawasakirobotics.com\/es\/products\/cad-disclaimer\/","url":"https:\/\/kawasakirobotics.com\/es\/products\/cad-disclaimer\/","name":"Descargo de responsabilidad de datos CAD | Industrial Robots by Kawasaki Robotics","isPartOf":{"@id":"https:\/\/kawasakirobotics.com\/es\/#website"},"primaryImageOfPage":{"@id":"https:\/\/kawasakirobotics.com\/es\/products\/cad-disclaimer\/#primaryimage"},"image":{"@id":"https:\/\/kawasakirobotics.com\/es\/products\/cad-disclaimer\/#primaryimage"},"thumbnailUrl":"https:\/\/kawasakirobotics.com\/tachyon\/sites\/2\/2022\/01\/title-background-B1830324.jpg?fit=2160%2C360","datePublished":"2022-01-19T08:56:24+00:00","dateModified":"2024-01-31T01:46:16+00:00","description":"Kawasaki Heavy Industries | Descargo de responsabilidad de datos CAD","breadcrumb":{"@id":"https:\/\/kawasakirobotics.com\/es\/products\/cad-disclaimer\/#breadcrumb"},"inLanguage":"es","potentialAction":[{"@type":"ReadAction","target":["https:\/\/kawasakirobotics.com\/es\/products\/cad-disclaimer\/"]}]},{"@type":"ImageObject","inLanguage":"es","@id":"https:\/\/kawasakirobotics.com\/es\/products\/cad-disclaimer\/#primaryimage","url":"https:\/\/kawasakirobotics.com\/tachyon\/sites\/2\/2022\/01\/title-background-B1830324.jpg?fit=2160%2C360","contentUrl":"https:\/\/kawasakirobotics.com\/tachyon\/sites\/2\/2022\/01\/title-background-B1830324.jpg?fit=2160%2C360","width":2160,"height":360,"caption":"CAD Data Disclaimer"},{"@type":"BreadcrumbList","@id":"https:\/\/kawasakirobotics.com\/es\/products\/cad-disclaimer\/#breadcrumb","itemListElement":[{"@type":"ListItem","position":1,"name":"Home","item":"https:\/\/kawasakirobotics.com\/es\/"},{"@type":"ListItem","position":2,"name":"B\u00fasqueda de Producto","item":"https:\/\/kawasakirobotics.com\/es\/products\/"},{"@type":"ListItem","position":3,"name":"Descargo de responsabilidad de datos CAD"}]},{"@type":"WebSite","@id":"https:\/\/kawasakirobotics.com\/es\/#website","url":"https:\/\/kawasakirobotics.com\/es\/","name":"Kawasaki Robotics","description":"","publisher":{"@id":"https:\/\/kawasakirobotics.com\/es\/#organization"},"potentialAction":[{"@type":"SearchAction","target":{"@type":"EntryPoint","urlTemplate":"https:\/\/kawasakirobotics.com\/es\/?s={search_term_string}"},"query-input":{"@type":"PropertyValueSpecification","valueRequired":true,"valueName":"search_term_string"}}],"inLanguage":"es"},{"@type":"Organization","@id":"https:\/\/kawasakirobotics.com\/es\/#organization","name":"\u5ddd\u5d0e\u91cd\u5de5\u696d\u30ed\u30dc\u30c3\u30c8\u30c7\u30a3\u30d3\u30b8\u30e7\u30f3","url":"https:\/\/kawasakirobotics.com\/es\/","logo":{"@type":"ImageObject","inLanguage":"es","@id":"https:\/\/kawasakirobotics.com\/es\/#\/schema\/logo\/image\/","url":"","contentUrl":"","caption":"\u5ddd\u5d0e\u91cd\u5de5\u696d\u30ed\u30dc\u30c3\u30c8\u30c7\u30a3\u30d3\u30b8\u30e7\u30f3"},"image":{"@id":"https:\/\/kawasakirobotics.com\/es\/#\/schema\/logo\/image\/"}}]}},"_links":{"self":[{"href":"https:\/\/kawasakirobotics.com\/es\/wp-json\/wp\/v2\/pages\/56","targetHints":{"allow":["GET"]}}],"collection":[{"href":"https:\/\/kawasakirobotics.com\/es\/wp-json\/wp\/v2\/pages"}],"about":[{"href":"https:\/\/kawasakirobotics.com\/es\/wp-json\/wp\/v2\/types\/page"}],"author":[{"embeddable":true,"href":"https:\/\/kawasakirobotics.com\/es\/wp-json\/wp\/v2\/users\/9"}],"replies":[{"embeddable":true,"href":"https:\/\/kawasakirobotics.com\/es\/wp-json\/wp\/v2\/comments?post=56"}],"version-history":[{"count":3,"href":"https:\/\/kawasakirobotics.com\/es\/wp-json\/wp\/v2\/pages\/56\/revisions"}],"predecessor-version":[{"id":5636,"href":"https:\/\/kawasakirobotics.com\/es\/wp-json\/wp\/v2\/pages\/56\/revisions\/5636"}],"up":[{"embeddable":true,"href":"https:\/\/kawasakirobotics.com\/es\/wp-json\/wp\/v2\/pages\/50"}],"wp:featuredmedia":[{"embeddable":true,"href":"https:\/\/kawasakirobotics.com\/es\/wp-json\/wp\/v2\/media\/4319"}],"wp:attachment":[{"href":"https:\/\/kawasakirobotics.com\/es\/wp-json\/wp\/v2\/media?parent=56"}],"curies":[{"name":"wp","href":"https:\/\/api.w.org\/{rel}","templated":true}]}}