{"id":878,"date":"2022-01-28T15:59:56","date_gmt":"2022-01-28T06:59:56","guid":{"rendered":"urn:uuid:05909656-85ca-4e9a-825e-bd0510bb7943"},"modified":"2024-01-30T09:54:09","modified_gmt":"2024-01-30T08:54:09","slug":"products-controllers","status":"publish","type":"page","link":"https:\/\/kawasakirobotics.com\/es\/products-controllers\/","title":{"rendered":"Controladores"},"content":{"rendered":"\n<p>Kawasaki ha incorporado sus 50 a\u00f1os de experiencia como l\u00edder de la industria de robots en el desarrollo del controlador m\u00e1s avanzado t\u00e9cnicamente disponible.<\/p>\n\n\n\n<div class=\"wp-block-columns alignwide krobot-pattern-robot-categories\">\n\t<div class=\"wp-block-column krobot-pattern-robot-categories__item\">\n\t<figure class=\"wp-block-image krobot-pattern-robot-categories__figure\">\n\t\t\t\t\t<img decoding=\"async\" src=\"https:\/\/kawasakirobotics.com\/tachyon\/sites\/5\/2022\/02\/eController-v2-thumb.png\" alt=\"Controladores E\" \/>\n\t\t\t<\/figure>\n\t<div class=\"wp-block-group krobot-pattern-robot-categories__summary\">\n\t\t<h2 class=\"krobot-pattern-robot-categories__category-name\">Controladores E<\/h2>\n\t\t<div class=\"wp-block-group krobot-pattern-robot-categories__description\">\n\t\t\t<p>\n\t\t\t\tLos controladores universales tienen especificaciones comunes para ser utilizados globalmente.\t\t\t<\/p>\n\t\t<\/div>\n\t<\/div>\n\t<div class=\"wp-block-buttons is-content-justification-center is-layout-flex krobot-pattern-robot-categories__more\">\n\t\t<div class=\"wp-block-button is-style-outline\">\n\t\t\t<a class=\"wp-block-button__link\" href=\"https:\/\/kawasakirobotics.com\/es\/controllers-category\/e-controllers\/\">\n\t\t\t\tM\u00c1S\t\t\t<\/a>\n\t\t<\/div>\n\t<\/div>\n<\/div>\n<div class=\"wp-block-column krobot-pattern-robot-categories__item\">\n\t<figure class=\"wp-block-image krobot-pattern-robot-categories__figure\">\n\t\t\t\t\t<img decoding=\"async\" src=\"https:\/\/kawasakirobotics.com\/tachyon\/sites\/5\/2022\/02\/paintController_thumb.png\" alt=\"Controladores E a prueba de explosiones\" \/>\n\t\t\t<\/figure>\n\t<div class=\"wp-block-group krobot-pattern-robot-categories__summary\">\n\t\t<h2 class=\"krobot-pattern-robot-categories__category-name\">Controladores E a prueba de explosiones<\/h2>\n\t\t<div class=\"wp-block-group krobot-pattern-robot-categories__description\">\n\t\t\t<p>\n\t\t\t\tLos controladores de tipo a prueba de explosiones han sido desarrollados para pintar robots.\t\t\t<\/p>\n\t\t<\/div>\n\t<\/div>\n\t<div class=\"wp-block-buttons is-content-justification-center is-layout-flex krobot-pattern-robot-categories__more\">\n\t\t<div class=\"wp-block-button is-style-outline\">\n\t\t\t<a class=\"wp-block-button__link\" href=\"https:\/\/kawasakirobotics.com\/es\/controllers-category\/explosion-proof-e-controllers\/\">\n\t\t\t\tM\u00c1S\t\t\t<\/a>\n\t\t<\/div>\n\t<\/div>\n<\/div>\n<div class=\"wp-block-column krobot-pattern-robot-categories__item\">\n\t<figure class=\"wp-block-image krobot-pattern-robot-categories__figure\">\n\t\t\t\t\t<img decoding=\"async\" src=\"https:\/\/kawasakirobotics.com\/tachyon\/sites\/5\/2022\/02\/Universal_f_Controller-thumb.png\" alt=\"Controladores F\" \/>\n\t\t\t<\/figure>\n\t<div class=\"wp-block-group krobot-pattern-robot-categories__summary\">\n\t\t<h2 class=\"krobot-pattern-robot-categories__category-name\">Controladores F<\/h2>\n\t\t<div class=\"wp-block-group krobot-pattern-robot-categories__description\">\n\t\t\t<p>\n\t\t\t\tLos \u00faltimos controladores cuentan con un tama\u00f1o reducido y un rendimiento y escalabilidad significativamente mejorados en comparaci\u00f3n con los controladores E.\t\t\t<\/p>\n\t\t<\/div>\n\t<\/div>\n\t<div class=\"wp-block-buttons is-content-justification-center is-layout-flex krobot-pattern-robot-categories__more\">\n\t\t<div class=\"wp-block-button is-style-outline\">\n\t\t\t<a class=\"wp-block-button__link\" href=\"https:\/\/kawasakirobotics.com\/es\/controllers-category\/f-controllers\/\">\n\t\t\t\tM\u00c1S\t\t\t<\/a>\n\t\t<\/div>\n\t<\/div>\n<\/div>\n<\/div>\n","protected":false},"excerpt":{"rendered":"<p>Kawasaki ha incorporado sus 50 a\u00f1os de experiencia como l\u00edder de la industria de robots en el desarrollo del controlador m\u00e1s avanzado t\u00e9cnicamente disponible.<\/p>\n","protected":false},"author":14,"featured_media":0,"parent":0,"menu_order":14,"comment_status":"closed","ping_status":"closed","template":"","meta":{"ep_exclude_from_search":false,"footnotes":""},"class_list":["post-878","page","type-page","status-publish","hentry"],"yoast_head":"<!-- This site is optimized with the Yoast SEO plugin v25.9 - https:\/\/yoast.com\/wordpress\/plugins\/seo\/ -->\n<title>Controladores | Industrial Robots by Kawasaki Robotics<\/title>\n<meta name=\"description\" content=\"Choose Kawasaki&#039;s advanced product controllers for high-performance applications, with global usability, integrated technology, and explosion-proof options.\" \/>\n<meta name=\"robots\" content=\"index, follow, max-snippet:-1, max-image-preview:large, max-video-preview:-1\" \/>\n<link rel=\"canonical\" href=\"https:\/\/kawasakirobotics.com\/es\/products-controllers\/\" \/>\n<meta property=\"og:locale\" content=\"es_ES\" \/>\n<meta property=\"og:type\" content=\"article\" \/>\n<meta property=\"og:title\" content=\"Controladores | Industrial Robots by Kawasaki Robotics\" \/>\n<meta property=\"og:description\" content=\"Choose Kawasaki&#039;s advanced product controllers for high-performance applications, with global usability, integrated technology, and explosion-proof options.\" \/>\n<meta property=\"og:url\" content=\"https:\/\/kawasakirobotics.com\/es\/products-controllers\/\" \/>\n<meta property=\"og:site_name\" content=\"Kawasaki Robotics\" \/>\n<meta property=\"article:modified_time\" content=\"2024-01-30T08:54:09+00:00\" \/>\n<meta property=\"og:image\" content=\"https:\/\/kawasakirobotics.com\/content\/themes\/krobot-theme\/src\/images\/default\/ogp.jpg\" \/>\n\t<meta property=\"og:image:width\" content=\"1200\" \/>\n\t<meta property=\"og:image:height\" content=\"630\" \/>\n\t<meta property=\"og:image:type\" content=\"image\/jpeg\" \/>\n<meta name=\"twitter:card\" content=\"summary_large_image\" \/>\n<script type=\"application\/ld+json\" class=\"yoast-schema-graph\">{\"@context\":\"https:\/\/schema.org\",\"@graph\":[{\"@type\":\"WebPage\",\"@id\":\"https:\/\/kawasakirobotics.com\/es\/products-controllers\/\",\"url\":\"https:\/\/kawasakirobotics.com\/es\/products-controllers\/\",\"name\":\"Controladores | Industrial Robots by Kawasaki Robotics\",\"isPartOf\":{\"@id\":\"https:\/\/kawasakirobotics.com\/es\/#website\"},\"datePublished\":\"2022-01-28T06:59:56+00:00\",\"dateModified\":\"2024-01-30T08:54:09+00:00\",\"description\":\"Choose Kawasaki's advanced product controllers for high-performance applications, with global usability, integrated technology, and explosion-proof options.\",\"breadcrumb\":{\"@id\":\"https:\/\/kawasakirobotics.com\/es\/products-controllers\/#breadcrumb\"},\"inLanguage\":\"es\",\"potentialAction\":[{\"@type\":\"ReadAction\",\"target\":[\"https:\/\/kawasakirobotics.com\/es\/products-controllers\/\"]}]},{\"@type\":\"BreadcrumbList\",\"@id\":\"https:\/\/kawasakirobotics.com\/es\/products-controllers\/#breadcrumb\",\"itemListElement\":[{\"@type\":\"ListItem\",\"position\":1,\"name\":\"Home\",\"item\":\"https:\/\/kawasakirobotics.com\/es\/\"},{\"@type\":\"ListItem\",\"position\":2,\"name\":\"Controladores\"}]},{\"@type\":\"WebSite\",\"@id\":\"https:\/\/kawasakirobotics.com\/es\/#website\",\"url\":\"https:\/\/kawasakirobotics.com\/es\/\",\"name\":\"Kawasaki Robotics\",\"description\":\"\",\"publisher\":{\"@id\":\"https:\/\/kawasakirobotics.com\/es\/#organization\"},\"potentialAction\":[{\"@type\":\"SearchAction\",\"target\":{\"@type\":\"EntryPoint\",\"urlTemplate\":\"https:\/\/kawasakirobotics.com\/es\/?s={search_term_string}\"},\"query-input\":{\"@type\":\"PropertyValueSpecification\",\"valueRequired\":true,\"valueName\":\"search_term_string\"}}],\"inLanguage\":\"es\"},{\"@type\":\"Organization\",\"@id\":\"https:\/\/kawasakirobotics.com\/es\/#organization\",\"name\":\"\u5ddd\u5d0e\u91cd\u5de5\u696d\u30ed\u30dc\u30c3\u30c8\u30c7\u30a3\u30d3\u30b8\u30e7\u30f3\",\"url\":\"https:\/\/kawasakirobotics.com\/es\/\",\"logo\":{\"@type\":\"ImageObject\",\"inLanguage\":\"es\",\"@id\":\"https:\/\/kawasakirobotics.com\/es\/#\/schema\/logo\/image\/\",\"url\":\"\",\"contentUrl\":\"\",\"caption\":\"\u5ddd\u5d0e\u91cd\u5de5\u696d\u30ed\u30dc\u30c3\u30c8\u30c7\u30a3\u30d3\u30b8\u30e7\u30f3\"},\"image\":{\"@id\":\"https:\/\/kawasakirobotics.com\/es\/#\/schema\/logo\/image\/\"}}]}<\/script>\n<!-- \/ Yoast SEO plugin. -->","yoast_head_json":{"title":"Controladores | Industrial Robots by Kawasaki Robotics","description":"Choose Kawasaki's advanced product controllers for high-performance applications, with global usability, integrated technology, and explosion-proof options.","robots":{"index":"index","follow":"follow","max-snippet":"max-snippet:-1","max-image-preview":"max-image-preview:large","max-video-preview":"max-video-preview:-1"},"canonical":"https:\/\/kawasakirobotics.com\/es\/products-controllers\/","og_locale":"es_ES","og_type":"article","og_title":"Controladores | Industrial Robots by Kawasaki Robotics","og_description":"Choose Kawasaki's advanced product controllers for high-performance applications, with global usability, integrated technology, and explosion-proof options.","og_url":"https:\/\/kawasakirobotics.com\/es\/products-controllers\/","og_site_name":"Kawasaki Robotics","article_modified_time":"2024-01-30T08:54:09+00:00","og_image":[{"url":"https:\/\/kawasakirobotics.com\/content\/themes\/krobot-theme\/src\/images\/default\/ogp.jpg","width":"1200","height":"630","type":"image\/jpeg"}],"twitter_card":"summary_large_image","schema":{"@context":"https:\/\/schema.org","@graph":[{"@type":"WebPage","@id":"https:\/\/kawasakirobotics.com\/es\/products-controllers\/","url":"https:\/\/kawasakirobotics.com\/es\/products-controllers\/","name":"Controladores | Industrial Robots by Kawasaki Robotics","isPartOf":{"@id":"https:\/\/kawasakirobotics.com\/es\/#website"},"datePublished":"2022-01-28T06:59:56+00:00","dateModified":"2024-01-30T08:54:09+00:00","description":"Choose Kawasaki's advanced product controllers for high-performance applications, with global usability, integrated technology, and explosion-proof options.","breadcrumb":{"@id":"https:\/\/kawasakirobotics.com\/es\/products-controllers\/#breadcrumb"},"inLanguage":"es","potentialAction":[{"@type":"ReadAction","target":["https:\/\/kawasakirobotics.com\/es\/products-controllers\/"]}]},{"@type":"BreadcrumbList","@id":"https:\/\/kawasakirobotics.com\/es\/products-controllers\/#breadcrumb","itemListElement":[{"@type":"ListItem","position":1,"name":"Home","item":"https:\/\/kawasakirobotics.com\/es\/"},{"@type":"ListItem","position":2,"name":"Controladores"}]},{"@type":"WebSite","@id":"https:\/\/kawasakirobotics.com\/es\/#website","url":"https:\/\/kawasakirobotics.com\/es\/","name":"Kawasaki Robotics","description":"","publisher":{"@id":"https:\/\/kawasakirobotics.com\/es\/#organization"},"potentialAction":[{"@type":"SearchAction","target":{"@type":"EntryPoint","urlTemplate":"https:\/\/kawasakirobotics.com\/es\/?s={search_term_string}"},"query-input":{"@type":"PropertyValueSpecification","valueRequired":true,"valueName":"search_term_string"}}],"inLanguage":"es"},{"@type":"Organization","@id":"https:\/\/kawasakirobotics.com\/es\/#organization","name":"\u5ddd\u5d0e\u91cd\u5de5\u696d\u30ed\u30dc\u30c3\u30c8\u30c7\u30a3\u30d3\u30b8\u30e7\u30f3","url":"https:\/\/kawasakirobotics.com\/es\/","logo":{"@type":"ImageObject","inLanguage":"es","@id":"https:\/\/kawasakirobotics.com\/es\/#\/schema\/logo\/image\/","url":"","contentUrl":"","caption":"\u5ddd\u5d0e\u91cd\u5de5\u696d\u30ed\u30dc\u30c3\u30c8\u30c7\u30a3\u30d3\u30b8\u30e7\u30f3"},"image":{"@id":"https:\/\/kawasakirobotics.com\/es\/#\/schema\/logo\/image\/"}}]}},"_links":{"self":[{"href":"https:\/\/kawasakirobotics.com\/es\/wp-json\/wp\/v2\/pages\/878","targetHints":{"allow":["GET"]}}],"collection":[{"href":"https:\/\/kawasakirobotics.com\/es\/wp-json\/wp\/v2\/pages"}],"about":[{"href":"https:\/\/kawasakirobotics.com\/es\/wp-json\/wp\/v2\/types\/page"}],"author":[{"embeddable":true,"href":"https:\/\/kawasakirobotics.com\/es\/wp-json\/wp\/v2\/users\/14"}],"replies":[{"embeddable":true,"href":"https:\/\/kawasakirobotics.com\/es\/wp-json\/wp\/v2\/comments?post=878"}],"version-history":[{"count":2,"href":"https:\/\/kawasakirobotics.com\/es\/wp-json\/wp\/v2\/pages\/878\/revisions"}],"predecessor-version":[{"id":5628,"href":"https:\/\/kawasakirobotics.com\/es\/wp-json\/wp\/v2\/pages\/878\/revisions\/5628"}],"wp:attachment":[{"href":"https:\/\/kawasakirobotics.com\/es\/wp-json\/wp\/v2\/media?parent=878"}],"curies":[{"name":"wp","href":"https:\/\/api.w.org\/{rel}","templated":true}]}}