{"id":1039,"date":"2022-02-01T12:51:52","date_gmt":"2022-02-01T03:51:52","guid":{"rendered":"urn:uuid:a80df6e6-0510-4ed6-8d5f-fcf3ca6f167e"},"modified":"2024-01-25T04:02:58","modified_gmt":"2024-01-25T03:02:58","slug":"industries","status":"publish","type":"page","link":"https:\/\/kawasakirobotics.com\/fr\/industries\/","title":{"rendered":"les industries"},"content":{"rendered":"\n<p>Avec 50 ans d&rsquo;exp\u00e9rience dans l&rsquo;industrie de la robotique, Kawasaki Robotics peut fournir des robots industriels pour un large \u00e9ventail d&rsquo;industries.<\/p>\n\n\n\n<div aria-hidden=\"true\" class=\"wp-block-fsb-flexible-spacer fsb-flexible-spacer\"><div class=\"fsb-flexible-spacer__device fsb-flexible-spacer__device--lg\" style=\"height:60px\"><\/div><div class=\"fsb-flexible-spacer__device fsb-flexible-spacer__device--md\" style=\"height:40px\"><\/div><div class=\"fsb-flexible-spacer__device fsb-flexible-spacer__device--sm\" style=\"height:18px\"><\/div><\/div>\n\n\n\n<div class=\"wp-block-group krobot-pattern-section-heading is-layout-flow wp-block-group-is-layout-flow\">\n<h2 class=\"wp-block-heading has-text-align-center krobot-pattern-section-heading__title\">Quel est votre secteur d&rsquo;activit\u00e9 ?<\/h2>\n<\/div>\n\n\n\n<div class=\"wp-block-group alignwide is-layout-flow wp-block-group-is-layout-flow\"><div class=\"wp-block-columns krobot-pattern-3cols krobot-pattern-plaincards alignwide is-mobile-column\">\n\t\t\t<div class=\"wp-block-column krobot-pattern-3cols__item\">\n\t\t\t\t\t\t\t<figure class=\"wp-block-image krobot-pattern-plaincards__figure\">\n\t\t\t\t\t<img decoding=\"async\" loading=\"eager\" src=\"https:\/\/kawasakirobotics.com\/tachyon\/sites\/5\/2022\/02\/industries_electronics.jpg?w=900\" alt=\"\u00c9lectronique\" data-recalc-dims=\"1\">\n\t\t\t\t<\/figure>\n\t\t\t\t\t\t<h3 class=\"krobot-pattern-plaincards__title has-text-align-center\">\u00c9lectronique<\/h3>\n\t\t\t\t\t\t<div class=\"wp-block-buttons is-content-justification-center is-layout-flex krobot-pattern-plaincards__more\">\n\t\t\t\t<div class=\"wp-block-button is-style-outline\">\n\t\t\t\t\t<a class=\"wp-block-button__link\" href=\"https:\/\/kawasakirobotics.com\/fr\/industries\/electronics\/\">\n\t\t\t\t\t\tSUITE\t\t\t\t\t<\/a>\n\t\t\t\t<\/div>\n\t\t\t<\/div>\n\t\t<\/div>\n\t\t\t\t<div class=\"wp-block-column krobot-pattern-3cols__item\">\n\t\t\t\t\t\t\t<figure class=\"wp-block-image krobot-pattern-plaincards__figure\">\n\t\t\t\t\t<img decoding=\"async\" loading=\"eager\" src=\"https:\/\/kawasakirobotics.com\/tachyon\/sites\/5\/2022\/02\/industries_food-and-beverage.jpg?w=900\" alt=\"Alimentation et boissons\" data-recalc-dims=\"1\">\n\t\t\t\t<\/figure>\n\t\t\t\t\t\t<h3 class=\"krobot-pattern-plaincards__title has-text-align-center\">Alimentation et boissons<\/h3>\n\t\t\t\t\t\t<div class=\"wp-block-buttons is-content-justification-center is-layout-flex krobot-pattern-plaincards__more\">\n\t\t\t\t<div class=\"wp-block-button is-style-outline\">\n\t\t\t\t\t<a class=\"wp-block-button__link\" href=\"https:\/\/kawasakirobotics.com\/fr\/industries\/food-and-beverage\/\">\n\t\t\t\t\t\tSUITE\t\t\t\t\t<\/a>\n\t\t\t\t<\/div>\n\t\t\t<\/div>\n\t\t<\/div>\n\t\t\t\t<div class=\"wp-block-column krobot-pattern-3cols__item\">\n\t\t\t\t\t\t\t<figure class=\"wp-block-image krobot-pattern-plaincards__figure\">\n\t\t\t\t\t<img decoding=\"async\" loading=\"eager\" src=\"https:\/\/kawasakirobotics.com\/tachyon\/sites\/5\/2022\/02\/industries_logistics.jpg?w=900\" alt=\"Logistique\" data-recalc-dims=\"1\">\n\t\t\t\t<\/figure>\n\t\t\t\t\t\t<h3 class=\"krobot-pattern-plaincards__title has-text-align-center\">Logistique<\/h3>\n\t\t\t\t\t\t<div class=\"wp-block-buttons is-content-justification-center is-layout-flex krobot-pattern-plaincards__more\">\n\t\t\t\t<div class=\"wp-block-button is-style-outline\">\n\t\t\t\t\t<a class=\"wp-block-button__link\" href=\"https:\/\/kawasakirobotics.com\/fr\/industries\/logistics\/\">\n\t\t\t\t\t\tSUITE\t\t\t\t\t<\/a>\n\t\t\t\t<\/div>\n\t\t\t<\/div>\n\t\t<\/div>\n\t\t\t\t<div class=\"wp-block-column krobot-pattern-3cols__item\">\n\t\t\t\t\t\t\t<figure class=\"wp-block-image krobot-pattern-plaincards__figure\">\n\t\t\t\t\t<img decoding=\"async\" loading=\"eager\" src=\"https:\/\/kawasakirobotics.com\/tachyon\/sites\/5\/2022\/02\/industries_aerospace.jpg?w=900\" alt=\"A\u00e9rospatial\" data-recalc-dims=\"1\">\n\t\t\t\t<\/figure>\n\t\t\t\t\t\t<h3 class=\"krobot-pattern-plaincards__title has-text-align-center\">A\u00e9rospatial<\/h3>\n\t\t\t\t\t\t<div class=\"wp-block-buttons is-content-justification-center is-layout-flex krobot-pattern-plaincards__more\">\n\t\t\t\t<div class=\"wp-block-button is-style-outline\">\n\t\t\t\t\t<a class=\"wp-block-button__link\" href=\"https:\/\/kawasakirobotics.com\/fr\/industries\/aerospace\/\">\n\t\t\t\t\t\tSUITE\t\t\t\t\t<\/a>\n\t\t\t\t<\/div>\n\t\t\t<\/div>\n\t\t<\/div>\n\t\t\t\t<div class=\"wp-block-column krobot-pattern-3cols__item\">\n\t\t\t\t\t\t\t<figure class=\"wp-block-image krobot-pattern-plaincards__figure\">\n\t\t\t\t\t<img decoding=\"async\" loading=\"eager\" src=\"https:\/\/kawasakirobotics.com\/tachyon\/sites\/5\/2022\/02\/industries_shipbuilding.jpg?w=900\" alt=\"Marin\" data-recalc-dims=\"1\">\n\t\t\t\t<\/figure>\n\t\t\t\t\t\t<h3 class=\"krobot-pattern-plaincards__title has-text-align-center\">Marin<\/h3>\n\t\t\t\t\t\t<div class=\"wp-block-buttons is-content-justification-center is-layout-flex krobot-pattern-plaincards__more\">\n\t\t\t\t<div class=\"wp-block-button is-style-outline\">\n\t\t\t\t\t<a class=\"wp-block-button__link\" href=\"https:\/\/kawasakirobotics.com\/fr\/industries\/shipbuilding\/\">\n\t\t\t\t\t\tSUITE\t\t\t\t\t<\/a>\n\t\t\t\t<\/div>\n\t\t\t<\/div>\n\t\t<\/div>\n\t\t\t\t<div class=\"wp-block-column krobot-pattern-3cols__item\">\n\t\t\t\t\t\t\t<figure class=\"wp-block-image krobot-pattern-plaincards__figure\">\n\t\t\t\t\t<img decoding=\"async\" loading=\"eager\" src=\"https:\/\/kawasakirobotics.com\/tachyon\/sites\/5\/2022\/02\/industries_rolling-stock.jpg?w=900\" alt=\"Mat\u00e9riel roulant\" data-recalc-dims=\"1\">\n\t\t\t\t<\/figure>\n\t\t\t\t\t\t<h3 class=\"krobot-pattern-plaincards__title has-text-align-center\">Mat\u00e9riel roulant<\/h3>\n\t\t\t\t\t\t<div class=\"wp-block-buttons is-content-justification-center is-layout-flex krobot-pattern-plaincards__more\">\n\t\t\t\t<div class=\"wp-block-button is-style-outline\">\n\t\t\t\t\t<a class=\"wp-block-button__link\" href=\"https:\/\/kawasakirobotics.com\/fr\/industries\/rolling-stock\/\">\n\t\t\t\t\t\tSUITE\t\t\t\t\t<\/a>\n\t\t\t\t<\/div>\n\t\t\t<\/div>\n\t\t<\/div>\n\t\t\t\t<div class=\"wp-block-column krobot-pattern-3cols__item\">\n\t\t\t\t\t\t\t<figure class=\"wp-block-image krobot-pattern-plaincards__figure\">\n\t\t\t\t\t<img decoding=\"async\" loading=\"eager\" src=\"https:\/\/kawasakirobotics.com\/tachyon\/sites\/5\/2022\/02\/industries_machinery-and-metal-manufacturing.jpg?w=900\" alt=\"Fabrication de machines et de m\u00e9taux\" data-recalc-dims=\"1\">\n\t\t\t\t<\/figure>\n\t\t\t\t\t\t<h3 class=\"krobot-pattern-plaincards__title has-text-align-center\">Fabrication de machines et de m\u00e9taux<\/h3>\n\t\t\t\t\t\t<div class=\"wp-block-buttons is-content-justification-center is-layout-flex krobot-pattern-plaincards__more\">\n\t\t\t\t<div class=\"wp-block-button is-style-outline\">\n\t\t\t\t\t<a class=\"wp-block-button__link\" href=\"https:\/\/kawasakirobotics.com\/fr\/industries\/machinery-and-metal-manufacturing\/\">\n\t\t\t\t\t\tSUITE\t\t\t\t\t<\/a>\n\t\t\t\t<\/div>\n\t\t\t<\/div>\n\t\t<\/div>\n\t\t\t\t<div class=\"wp-block-column krobot-pattern-3cols__item\">\n\t\t\t\t\t\t\t<figure class=\"wp-block-image krobot-pattern-plaincards__figure\">\n\t\t\t\t\t<img decoding=\"async\" loading=\"eager\" src=\"https:\/\/kawasakirobotics.com\/tachyon\/sites\/5\/2022\/02\/industries_foundry.jpg?w=900\" alt=\"Fonderie\" data-recalc-dims=\"1\">\n\t\t\t\t<\/figure>\n\t\t\t\t\t\t<h3 class=\"krobot-pattern-plaincards__title has-text-align-center\">Fonderie<\/h3>\n\t\t\t\t\t\t<div class=\"wp-block-buttons is-content-justification-center is-layout-flex krobot-pattern-plaincards__more\">\n\t\t\t\t<div class=\"wp-block-button is-style-outline\">\n\t\t\t\t\t<a class=\"wp-block-button__link\" href=\"https:\/\/kawasakirobotics.com\/fr\/industries\/foundry\/\">\n\t\t\t\t\t\tSUITE\t\t\t\t\t<\/a>\n\t\t\t\t<\/div>\n\t\t\t<\/div>\n\t\t<\/div>\n\t\t\t\t<div class=\"wp-block-column krobot-pattern-3cols__item\">\n\t\t\t\t\t\t\t<figure class=\"wp-block-image krobot-pattern-plaincards__figure\">\n\t\t\t\t\t<img decoding=\"async\" loading=\"eager\" src=\"https:\/\/kawasakirobotics.com\/tachyon\/sites\/5\/2022\/02\/industries_petrochemical.jpg?w=900\" alt=\"P\u00e9trochimique\" data-recalc-dims=\"1\">\n\t\t\t\t<\/figure>\n\t\t\t\t\t\t<h3 class=\"krobot-pattern-plaincards__title has-text-align-center\">P\u00e9trochimique<\/h3>\n\t\t\t\t\t\t<div class=\"wp-block-buttons is-content-justification-center is-layout-flex krobot-pattern-plaincards__more\">\n\t\t\t\t<div class=\"wp-block-button is-style-outline\">\n\t\t\t\t\t<a class=\"wp-block-button__link\" href=\"https:\/\/kawasakirobotics.com\/fr\/industries\/petrochemical\/\">\n\t\t\t\t\t\tSUITE\t\t\t\t\t<\/a>\n\t\t\t\t<\/div>\n\t\t\t<\/div>\n\t\t<\/div>\n\t\t\t\t<div class=\"wp-block-column krobot-pattern-3cols__item\">\n\t\t\t\t\t\t\t<figure class=\"wp-block-image krobot-pattern-plaincards__figure\">\n\t\t\t\t\t<img decoding=\"async\" loading=\"eager\" src=\"https:\/\/kawasakirobotics.com\/tachyon\/sites\/5\/2022\/02\/industries_medical.jpg?w=900\" alt=\"M\u00e9dical\" data-recalc-dims=\"1\">\n\t\t\t\t<\/figure>\n\t\t\t\t\t\t<h3 class=\"krobot-pattern-plaincards__title has-text-align-center\">M\u00e9dical<\/h3>\n\t\t\t\t\t\t<div class=\"wp-block-buttons is-content-justification-center is-layout-flex krobot-pattern-plaincards__more\">\n\t\t\t\t<div class=\"wp-block-button is-style-outline\">\n\t\t\t\t\t<a class=\"wp-block-button__link\" href=\"https:\/\/kawasakirobotics.com\/fr\/industries\/medical\/\">\n\t\t\t\t\t\tSUITE\t\t\t\t\t<\/a>\n\t\t\t\t<\/div>\n\t\t\t<\/div>\n\t\t<\/div>\n\t\t\t\t<div class=\"wp-block-column krobot-pattern-3cols__item\">\n\t\t\t\t\t\t\t<figure class=\"wp-block-image krobot-pattern-plaincards__figure\">\n\t\t\t\t\t<img decoding=\"async\" loading=\"eager\" src=\"https:\/\/kawasakirobotics.com\/tachyon\/sites\/5\/2022\/02\/industries_semiconductor.jpg?w=900\" alt=\"Semi-conducteur\" data-recalc-dims=\"1\">\n\t\t\t\t<\/figure>\n\t\t\t\t\t\t<h3 class=\"krobot-pattern-plaincards__title has-text-align-center\">Semi-conducteur<\/h3>\n\t\t\t\t\t\t<div class=\"wp-block-buttons is-content-justification-center is-layout-flex krobot-pattern-plaincards__more\">\n\t\t\t\t<div class=\"wp-block-button is-style-outline\">\n\t\t\t\t\t<a class=\"wp-block-button__link\" href=\"https:\/\/kawasakirobotics.com\/fr\/industries\/semiconductor\/\">\n\t\t\t\t\t\tSUITE\t\t\t\t\t<\/a>\n\t\t\t\t<\/div>\n\t\t\t<\/div>\n\t\t<\/div>\n\t\t\t\t<div class=\"wp-block-column krobot-pattern-3cols__item\">\n\t\t\t\t\t\t\t<figure class=\"wp-block-image krobot-pattern-plaincards__figure\">\n\t\t\t\t\t<img decoding=\"async\" loading=\"eager\" src=\"https:\/\/kawasakirobotics.com\/tachyon\/sites\/5\/2022\/02\/industries_automotive.jpg?w=900\" alt=\"Automobile\" data-recalc-dims=\"1\">\n\t\t\t\t<\/figure>\n\t\t\t\t\t\t<h3 class=\"krobot-pattern-plaincards__title has-text-align-center\">Automobile<\/h3>\n\t\t\t\t\t\t<div class=\"wp-block-buttons is-content-justification-center is-layout-flex krobot-pattern-plaincards__more\">\n\t\t\t\t<div class=\"wp-block-button is-style-outline\">\n\t\t\t\t\t<a class=\"wp-block-button__link\" href=\"https:\/\/kawasakirobotics.com\/fr\/industries\/automotive\/\">\n\t\t\t\t\t\tSUITE\t\t\t\t\t<\/a>\n\t\t\t\t<\/div>\n\t\t\t<\/div>\n\t\t<\/div>\n\t\t<\/div>\n<\/div>\n","protected":false},"excerpt":{"rendered":"<p>Avec 50 ans d&rsquo;exp\u00e9rience dans l&rsquo;industrie de la robotique, Kawasaki Robotics peut fournir des robots industriels pour un large \u00e9ventail d&rsquo;industries. Quel est votre secteur d&rsquo;activit\u00e9 ?<\/p>\n","protected":false},"author":14,"featured_media":2311,"parent":0,"menu_order":11,"comment_status":"closed","ping_status":"closed","template":"page-templates\/custom-title-with-background.php","meta":{"ep_exclude_from_search":false,"footnotes":""},"class_list":["post-1039","page","type-page","status-publish","has-post-thumbnail","hentry"],"yoast_head":"<!-- This site is optimized with the Yoast SEO plugin v25.9 - https:\/\/yoast.com\/wordpress\/plugins\/seo\/ -->\n<title>les industries | Industrial Robots by Kawasaki Robotics<\/title>\n<meta name=\"description\" content=\"Discover our industrial robots deployed across industries like automotive, electronics, logistics - enhancing efficiency and productivity.\" \/>\n<meta name=\"robots\" content=\"index, follow, max-snippet:-1, max-image-preview:large, max-video-preview:-1\" \/>\n<link rel=\"canonical\" href=\"https:\/\/kawasakirobotics.com\/fr\/industries\/\" \/>\n<meta property=\"og:locale\" content=\"fr_FR\" \/>\n<meta property=\"og:type\" content=\"article\" \/>\n<meta property=\"og:title\" content=\"les industries | Industrial Robots by Kawasaki Robotics\" \/>\n<meta property=\"og:description\" content=\"Discover our industrial robots deployed across industries like automotive, electronics, logistics - enhancing efficiency and productivity.\" \/>\n<meta property=\"og:url\" content=\"https:\/\/kawasakirobotics.com\/fr\/industries\/\" \/>\n<meta property=\"og:site_name\" content=\"Kawasaki Robotics\" \/>\n<meta property=\"article:modified_time\" content=\"2024-01-25T03:02:58+00:00\" \/>\n<meta property=\"og:image\" content=\"https:\/\/kawasakirobotics.com\/content\/themes\/krobot-theme\/src\/images\/default\/ogp.jpg\" \/>\n\t<meta property=\"og:image:width\" content=\"1200\" \/>\n\t<meta property=\"og:image:height\" content=\"630\" \/>\n\t<meta property=\"og:image:type\" content=\"image\/jpeg\" \/>\n<meta name=\"twitter:card\" content=\"summary_large_image\" \/>\n<script type=\"application\/ld+json\" class=\"yoast-schema-graph\">{\"@context\":\"https:\/\/schema.org\",\"@graph\":[{\"@type\":\"WebPage\",\"@id\":\"https:\/\/kawasakirobotics.com\/fr\/industries\/\",\"url\":\"https:\/\/kawasakirobotics.com\/fr\/industries\/\",\"name\":\"les industries | Industrial Robots by Kawasaki Robotics\",\"isPartOf\":{\"@id\":\"https:\/\/kawasakirobotics.com\/fr\/#website\"},\"primaryImageOfPage\":{\"@id\":\"https:\/\/kawasakirobotics.com\/fr\/industries\/#primaryimage\"},\"image\":{\"@id\":\"https:\/\/kawasakirobotics.com\/fr\/industries\/#primaryimage\"},\"thumbnailUrl\":\"https:\/\/kawasakirobotics.com\/tachyon\/sites\/30\/2022\/02\/title-background-B1830324.jpg\",\"datePublished\":\"2022-02-01T03:51:52+00:00\",\"dateModified\":\"2024-01-25T03:02:58+00:00\",\"description\":\"Discover our industrial robots deployed across industries like automotive, electronics, logistics - enhancing efficiency and productivity.\",\"breadcrumb\":{\"@id\":\"https:\/\/kawasakirobotics.com\/fr\/industries\/#breadcrumb\"},\"inLanguage\":\"fr-FR\",\"potentialAction\":[{\"@type\":\"ReadAction\",\"target\":[\"https:\/\/kawasakirobotics.com\/fr\/industries\/\"]}]},{\"@type\":\"ImageObject\",\"inLanguage\":\"fr-FR\",\"@id\":\"https:\/\/kawasakirobotics.com\/fr\/industries\/#primaryimage\",\"url\":\"https:\/\/kawasakirobotics.com\/tachyon\/sites\/30\/2022\/02\/title-background-B1830324.jpg\",\"contentUrl\":\"https:\/\/kawasakirobotics.com\/tachyon\/sites\/30\/2022\/02\/title-background-B1830324.jpg\",\"width\":2160,\"height\":360,\"caption\":\"Industries\"},{\"@type\":\"BreadcrumbList\",\"@id\":\"https:\/\/kawasakirobotics.com\/fr\/industries\/#breadcrumb\",\"itemListElement\":[{\"@type\":\"ListItem\",\"position\":1,\"name\":\"Hau\",\"item\":\"https:\/\/kawasakirobotics.com\/fr\/\"},{\"@type\":\"ListItem\",\"position\":2,\"name\":\"les industries\"}]},{\"@type\":\"WebSite\",\"@id\":\"https:\/\/kawasakirobotics.com\/fr\/#website\",\"url\":\"https:\/\/kawasakirobotics.com\/fr\/\",\"name\":\"Kawasaki Robotics\",\"description\":\"\",\"publisher\":{\"@id\":\"https:\/\/kawasakirobotics.com\/fr\/#organization\"},\"potentialAction\":[{\"@type\":\"SearchAction\",\"target\":{\"@type\":\"EntryPoint\",\"urlTemplate\":\"https:\/\/kawasakirobotics.com\/fr\/?s={search_term_string}\"},\"query-input\":{\"@type\":\"PropertyValueSpecification\",\"valueRequired\":true,\"valueName\":\"search_term_string\"}}],\"inLanguage\":\"fr-FR\"},{\"@type\":\"Organization\",\"@id\":\"https:\/\/kawasakirobotics.com\/fr\/#organization\",\"name\":\"\u5ddd\u5d0e\u91cd\u5de5\u696d\u30ed\u30dc\u30c3\u30c8\u30c7\u30a3\u30d3\u30b8\u30e7\u30f3\",\"url\":\"https:\/\/kawasakirobotics.com\/fr\/\",\"logo\":{\"@type\":\"ImageObject\",\"inLanguage\":\"fr-FR\",\"@id\":\"https:\/\/kawasakirobotics.com\/fr\/#\/schema\/logo\/image\/\",\"url\":\"\",\"contentUrl\":\"\",\"caption\":\"\u5ddd\u5d0e\u91cd\u5de5\u696d\u30ed\u30dc\u30c3\u30c8\u30c7\u30a3\u30d3\u30b8\u30e7\u30f3\"},\"image\":{\"@id\":\"https:\/\/kawasakirobotics.com\/fr\/#\/schema\/logo\/image\/\"}}]}<\/script>\n<!-- \/ Yoast SEO plugin. -->","yoast_head_json":{"title":"les industries | Industrial Robots by Kawasaki Robotics","description":"Discover our industrial robots deployed across industries like automotive, electronics, logistics - enhancing efficiency and productivity.","robots":{"index":"index","follow":"follow","max-snippet":"max-snippet:-1","max-image-preview":"max-image-preview:large","max-video-preview":"max-video-preview:-1"},"canonical":"https:\/\/kawasakirobotics.com\/fr\/industries\/","og_locale":"fr_FR","og_type":"article","og_title":"les industries | Industrial Robots by Kawasaki Robotics","og_description":"Discover our industrial robots deployed across industries like automotive, electronics, logistics - enhancing efficiency and productivity.","og_url":"https:\/\/kawasakirobotics.com\/fr\/industries\/","og_site_name":"Kawasaki Robotics","article_modified_time":"2024-01-25T03:02:58+00:00","og_image":[{"url":"https:\/\/kawasakirobotics.com\/content\/themes\/krobot-theme\/src\/images\/default\/ogp.jpg","width":"1200","height":"630","type":"image\/jpeg"}],"twitter_card":"summary_large_image","schema":{"@context":"https:\/\/schema.org","@graph":[{"@type":"WebPage","@id":"https:\/\/kawasakirobotics.com\/fr\/industries\/","url":"https:\/\/kawasakirobotics.com\/fr\/industries\/","name":"les industries | Industrial Robots by Kawasaki Robotics","isPartOf":{"@id":"https:\/\/kawasakirobotics.com\/fr\/#website"},"primaryImageOfPage":{"@id":"https:\/\/kawasakirobotics.com\/fr\/industries\/#primaryimage"},"image":{"@id":"https:\/\/kawasakirobotics.com\/fr\/industries\/#primaryimage"},"thumbnailUrl":"https:\/\/kawasakirobotics.com\/tachyon\/sites\/30\/2022\/02\/title-background-B1830324.jpg","datePublished":"2022-02-01T03:51:52+00:00","dateModified":"2024-01-25T03:02:58+00:00","description":"Discover our industrial robots deployed across industries like automotive, electronics, logistics - enhancing efficiency and productivity.","breadcrumb":{"@id":"https:\/\/kawasakirobotics.com\/fr\/industries\/#breadcrumb"},"inLanguage":"fr-FR","potentialAction":[{"@type":"ReadAction","target":["https:\/\/kawasakirobotics.com\/fr\/industries\/"]}]},{"@type":"ImageObject","inLanguage":"fr-FR","@id":"https:\/\/kawasakirobotics.com\/fr\/industries\/#primaryimage","url":"https:\/\/kawasakirobotics.com\/tachyon\/sites\/30\/2022\/02\/title-background-B1830324.jpg","contentUrl":"https:\/\/kawasakirobotics.com\/tachyon\/sites\/30\/2022\/02\/title-background-B1830324.jpg","width":2160,"height":360,"caption":"Industries"},{"@type":"BreadcrumbList","@id":"https:\/\/kawasakirobotics.com\/fr\/industries\/#breadcrumb","itemListElement":[{"@type":"ListItem","position":1,"name":"Hau","item":"https:\/\/kawasakirobotics.com\/fr\/"},{"@type":"ListItem","position":2,"name":"les industries"}]},{"@type":"WebSite","@id":"https:\/\/kawasakirobotics.com\/fr\/#website","url":"https:\/\/kawasakirobotics.com\/fr\/","name":"Kawasaki Robotics","description":"","publisher":{"@id":"https:\/\/kawasakirobotics.com\/fr\/#organization"},"potentialAction":[{"@type":"SearchAction","target":{"@type":"EntryPoint","urlTemplate":"https:\/\/kawasakirobotics.com\/fr\/?s={search_term_string}"},"query-input":{"@type":"PropertyValueSpecification","valueRequired":true,"valueName":"search_term_string"}}],"inLanguage":"fr-FR"},{"@type":"Organization","@id":"https:\/\/kawasakirobotics.com\/fr\/#organization","name":"\u5ddd\u5d0e\u91cd\u5de5\u696d\u30ed\u30dc\u30c3\u30c8\u30c7\u30a3\u30d3\u30b8\u30e7\u30f3","url":"https:\/\/kawasakirobotics.com\/fr\/","logo":{"@type":"ImageObject","inLanguage":"fr-FR","@id":"https:\/\/kawasakirobotics.com\/fr\/#\/schema\/logo\/image\/","url":"","contentUrl":"","caption":"\u5ddd\u5d0e\u91cd\u5de5\u696d\u30ed\u30dc\u30c3\u30c8\u30c7\u30a3\u30d3\u30b8\u30e7\u30f3"},"image":{"@id":"https:\/\/kawasakirobotics.com\/fr\/#\/schema\/logo\/image\/"}}]}},"_links":{"self":[{"href":"https:\/\/kawasakirobotics.com\/fr\/wp-json\/wp\/v2\/pages\/1039","targetHints":{"allow":["GET"]}}],"collection":[{"href":"https:\/\/kawasakirobotics.com\/fr\/wp-json\/wp\/v2\/pages"}],"about":[{"href":"https:\/\/kawasakirobotics.com\/fr\/wp-json\/wp\/v2\/types\/page"}],"author":[{"embeddable":true,"href":"https:\/\/kawasakirobotics.com\/fr\/wp-json\/wp\/v2\/users\/14"}],"replies":[{"embeddable":true,"href":"https:\/\/kawasakirobotics.com\/fr\/wp-json\/wp\/v2\/comments?post=1039"}],"version-history":[{"count":2,"href":"https:\/\/kawasakirobotics.com\/fr\/wp-json\/wp\/v2\/pages\/1039\/revisions"}],"predecessor-version":[{"id":5579,"href":"https:\/\/kawasakirobotics.com\/fr\/wp-json\/wp\/v2\/pages\/1039\/revisions\/5579"}],"wp:featuredmedia":[{"embeddable":true,"href":"https:\/\/kawasakirobotics.com\/fr\/wp-json\/wp\/v2\/media\/2311"}],"wp:attachment":[{"href":"https:\/\/kawasakirobotics.com\/fr\/wp-json\/wp\/v2\/media?parent=1039"}],"curies":[{"name":"wp","href":"https:\/\/api.w.org\/{rel}","templated":true}]}}