{"id":24,"date":"2022-01-19T17:35:47","date_gmt":"2022-01-19T08:35:47","guid":{"rendered":"urn:uuid:3ce984ae-9a35-42a3-a76c-04107b6b322a"},"modified":"2024-01-26T04:04:09","modified_gmt":"2024-01-26T03:04:09","slug":"featured-video","status":"publish","type":"page","link":"https:\/\/kawasakirobotics.com\/fr\/featured-video\/","title":{"rendered":"Vid\u00e9o en vedette"},"content":{"rendered":"\n<div class=\"wp-block-columns is-layout-flex wp-container-core-columns-is-layout-28f84493 wp-block-columns-is-layout-flex\">\n<div class=\"wp-block-column is-layout-flow wp-block-column-is-layout-flow\" style=\"flex-basis:33.33%\"><figure class=\"wp-block-image krobot-video-list__figure\">\n\t<a class=\"js-modal-btn\" data-video-id=\"j3S-laEgPfc\">\n\t\t<div class=\"krobot-video-list__thumbnail\">\n\t\t\t<img decoding=\"async\" src=\"https:\/\/img.youtube.com\/vi\/j3S-laEgPfc\/hqdefault.jpg\" alt=\"\" \/>\n\t\t<\/div>\n\t<\/a>\n<\/figure>\n<\/div>\n\n\n\n<div class=\"wp-block-column is-layout-flow wp-block-column-is-layout-flow\" style=\"flex-basis:66.66%\">\n<p><strong>50 ans d&rsquo;histoire de l&rsquo;activit\u00e9 robotique de Kawasaki Heavy Industries<\/strong><\/p>\n\n\n\n<p>Kawasaki Robotics a f\u00eat\u00e9 ses 50 ans depuis sa cr\u00e9ation. En collaboration avec ses clients, Kawasaki a d\u00e9velopp\u00e9 des technologies et acquis de l&rsquo;exp\u00e9rience en cours de route. Fort de ces connaissances, Kawasaki redonnera \u00e0 la soci\u00e9t\u00e9 et aspirera \u00e0 devenir un fabricant de robots enti\u00e8rement int\u00e9gr\u00e9 qui concevra un nouvel avenir brillant promettant un monde o\u00f9 les humains et les robots peuvent coexister c\u00f4te \u00e0 c\u00f4te.<\/p>\n<\/div>\n<\/div>\n\n\n\n<hr class=\"wp-block-separator has-css-opacity is-style-wide\" \/>\n\n\n\n<div class=\"wp-block-columns wp-embed-aspect-16-9 wp-has-aspect-ratio is-layout-flex wp-container-core-columns-is-layout-28f84493 wp-block-columns-is-layout-flex\">\n<div class=\"wp-block-column is-layout-flow wp-block-column-is-layout-flow\" style=\"flex-basis:33.33%\"><figure class=\"wp-block-image krobot-video-list__figure\">\n\t<a class=\"js-modal-btn\" data-video-id=\"U-_kVDkyg4Y\">\n\t\t<div class=\"krobot-video-list__thumbnail\">\n\t\t\t<img decoding=\"async\" src=\"https:\/\/img.youtube.com\/vi\/U-_kVDkyg4Y\/hqdefault.jpg\" alt=\"\" \/>\n\t\t<\/div>\n\t<\/a>\n<\/figure>\n<\/div>\n\n\n\n<div class=\"wp-block-column is-layout-flow wp-block-column-is-layout-flow\" style=\"flex-basis:66.66%\">\n<p><strong>Robot de charge utile Kawasaki One Ton install\u00e9 dans la centrale \u00e9lectrique de Siemens<\/strong><\/p>\n\n\n\n<p>Le robot Kawasaki MG10HL, install\u00e9 \u00e0 la centrale \u00e9lectrique Siemens Lausward \u00e0 D\u00fcsseldorf, a une capacit\u00e9 de charge utile allant jusqu&rsquo;\u00e0 1000 kg et une port\u00e9e de 4 m\u00e8tres. Le puissant robot Kawasaki \u00e0 tr\u00e8s grande charge utile a \u00e9t\u00e9 install\u00e9 pour effectuer la t\u00e2che d&rsquo;entretien de routine dangereuse consistant \u00e0 remplacer les br\u00fbleurs et les transitions sur d&rsquo;\u00e9normes turbines \u00e0 gaz. (Vid\u00e9o fournie par Siemens)<\/p>\n<\/div>\n<\/div>\n\n\n\n<hr class=\"wp-block-separator has-css-opacity wp-embed-aspect-16-9 wp-has-aspect-ratio is-style-wide\" \/>\n\n\n\n<div class=\"wp-block-columns wp-embed-aspect-16-9 wp-has-aspect-ratio is-layout-flex wp-container-core-columns-is-layout-28f84493 wp-block-columns-is-layout-flex\">\n<div class=\"wp-block-column is-layout-flow wp-block-column-is-layout-flow\" style=\"flex-basis:33.33%\"><figure class=\"wp-block-image krobot-video-list__figure\">\n\t<a class=\"js-modal-btn\" data-video-id=\"WKw8McOFvTw\">\n\t\t<div class=\"krobot-video-list__thumbnail\">\n\t\t\t<img decoding=\"async\" src=\"https:\/\/img.youtube.com\/vi\/WKw8McOFvTw\/hqdefault.jpg\" alt=\"\" \/>\n\t\t<\/div>\n\t<\/a>\n<\/figure>\n<\/div>\n\n\n\n<div class=\"wp-block-column is-layout-flow wp-block-column-is-layout-flow\" style=\"flex-basis:66.66%\">\n<p><strong>Des robots Kawasaki pr\u00e9sentent un spectacle laser dans la cath\u00e9drale de Cologne, en Allemagne<\/strong><\/p>\n\n\n\n<p>Les robots se produisent dans une \u00e9glise pour la toute premi\u00e8re fois! Dans un effort pour attirer les jeunes \u00e0 visiter la cath\u00e9drale historique de Cologne et \u00e0 r\u00e9fl\u00e9chir \u00e0 son message lors de la plus grande \u00e9mission de jeux vid\u00e9o au monde, GAMESCON, qui s&rsquo;est tenue \u00e0 Cologne, en Allemagne, en ao\u00fbt 2016, l&rsquo;\u00e9glise a contact\u00e9 l&rsquo;Universit\u00e9 de la Ruhr \u00e0 Bochum pour cr\u00e9er un groupe de travail pour aider. Le r\u00e9sultat a \u00e9t\u00e9 la cr\u00e9ation d&rsquo;un \u00e9v\u00e9nement unique, le spectacle de lumi\u00e8re et de musique SilentMOD mettant en vedette trois robots Kawasaki RS005L. Kawasaki Robotics GmbH a \u00e9t\u00e9 honor\u00e9 d&rsquo;avoir l&rsquo;opportunit\u00e9 de soutenir une entreprise aussi belle et cr\u00e9ative.<\/p>\n<\/div>\n<\/div>\n\n\n\n<hr class=\"wp-block-separator has-css-opacity wp-embed-aspect-16-9 wp-has-aspect-ratio is-style-wide\" \/>\n\n\n\n<div class=\"wp-block-columns wp-embed-aspect-16-9 wp-has-aspect-ratio is-layout-flex wp-container-core-columns-is-layout-28f84493 wp-block-columns-is-layout-flex\">\n<div class=\"wp-block-column is-layout-flow wp-block-column-is-layout-flow\" style=\"flex-basis:33.33%\"><figure class=\"wp-block-image krobot-video-list__figure\">\n\t<a class=\"js-modal-btn\" data-video-id=\"wXhcEV4lHl8\">\n\t\t<div class=\"krobot-video-list__thumbnail\">\n\t\t\t<img decoding=\"async\" src=\"https:\/\/img.youtube.com\/vi\/wXhcEV4lHl8\/hqdefault.jpg\" alt=\"\" \/>\n\t\t<\/div>\n\t<\/a>\n<\/figure>\n<\/div>\n\n\n\n<div class=\"wp-block-column is-layout-flow wp-block-column-is-layout-flow\" style=\"flex-basis:66.66%\">\n<p><strong>Kawasaki Robotics avec NUMBERS No:Z<\/strong><\/p>\n\n\n\n<p>Que se passe-t-il lorsque l&rsquo;imagination humaine rencontre la technologie Kawasaki ? Une chor\u00e9graphie parfaitement con\u00e7ue qui capture l&rsquo;essence du mouvement harmonis\u00e9 entre les humains et les robots, interpr\u00e9t\u00e9e par le duo de danse d&rsquo;animation de renomm\u00e9e mondiale NUMBERS No:Z et les robots Kawasaki.<\/p>\n\n\n\n<p><a href=\"https:\/\/global.kawasaki.com\/en\/stories\/robotics_challengeK\/?youtube&amp;_ga=2.148872375.105631617.1644803412-1173242345.1634688932\" target=\"_blank\" rel=\"noreferrer noopener\">Pour plus d&rsquo;infos sur la vid\u00e9o<\/a><\/p>\n<\/div>\n<\/div>\n\n\n\n<hr class=\"wp-block-separator has-css-opacity wp-embed-aspect-16-9 wp-has-aspect-ratio is-style-wide\" \/>\n\n\n\n<div class=\"wp-block-columns wp-embed-aspect-16-9 wp-has-aspect-ratio is-layout-flex wp-container-core-columns-is-layout-28f84493 wp-block-columns-is-layout-flex\">\n<div class=\"wp-block-column is-layout-flow wp-block-column-is-layout-flow\" style=\"flex-basis:33.33%\"><figure class=\"wp-block-image krobot-video-list__figure\">\n\t<a class=\"js-modal-btn\" data-video-id=\"3s715RRwQsM\">\n\t\t<div class=\"krobot-video-list__thumbnail\">\n\t\t\t<img decoding=\"async\" src=\"https:\/\/img.youtube.com\/vi\/3s715RRwQsM\/hqdefault.jpg\" alt=\"\" \/>\n\t\t<\/div>\n\t<\/a>\n<\/figure>\n<\/div>\n\n\n\n<div class=\"wp-block-column is-layout-flow wp-block-column-is-layout-flow\" style=\"flex-basis:66.66%\">\n<p><strong>Kawasaki : Robotique Kawasaki, Akashi \/ Nishi-Kobe Works<\/strong><\/p>\n\n\n\n<p>Avec plus de 139 000 robots install\u00e9s dans le monde, Kawasaki Robotics est un fournisseur leader de robots industriels et de syst\u00e8mes d&rsquo;automatisation robotique avec un large portefeuille de produits, capable de desservir une large gamme d&rsquo;applications dans divers secteurs. Nous avons int\u00e9gr\u00e9 plus de 45 ans d&rsquo;exp\u00e9rience en tant que leader de l&rsquo;industrie des robots dans le d\u00e9veloppement des contr\u00f4leurs les plus avanc\u00e9s techniquement et des robots de la plus haute qualit\u00e9. Nous r\u00e9pondons aux besoins de nos clients depuis l&rsquo;achat initial, la mise en \u0153uvre et la formation jusqu&rsquo;\u00e0 l&rsquo;assistance technique et la maintenance. Avec nos solutions d&rsquo;automatisation rentables et fiables, nous nous effor\u00e7ons de maximiser la productivit\u00e9, la s\u00e9curit\u00e9, la flexibilit\u00e9 et la qualit\u00e9 des produits de nos clients.<br>Kawasaki Robotics est votre partenaire d&rsquo;automatisation flexible.<\/p>\n<\/div>\n<\/div>\n\n\n\n<hr class=\"wp-block-separator has-css-opacity wp-embed-aspect-16-9 wp-has-aspect-ratio is-style-wide\" \/>\n\n\n\n<div class=\"wp-block-columns wp-embed-aspect-16-9 wp-has-aspect-ratio is-layout-flex wp-container-core-columns-is-layout-28f84493 wp-block-columns-is-layout-flex\">\n<div class=\"wp-block-column is-layout-flow wp-block-column-is-layout-flow\" style=\"flex-basis:33.33%\"><figure class=\"wp-block-image krobot-video-list__figure\">\n\t<a class=\"js-modal-btn\" data-video-id=\"c_kTwiUsyp4\">\n\t\t<div class=\"krobot-video-list__thumbnail\">\n\t\t\t<img decoding=\"async\" src=\"https:\/\/img.youtube.com\/vi\/c_kTwiUsyp4\/hqdefault.jpg\" alt=\"\" \/>\n\t\t<\/div>\n\t<\/a>\n<\/figure>\n<\/div>\n\n\n\n<div class=\"wp-block-column is-layout-flow wp-block-column-is-layout-flow\" style=\"flex-basis:66.66%\">\n<p><strong>Soudage d&rsquo;armatures Ninja H2R<\/strong><\/p>\n\n\n\n<p>Nous avons plus de 45 ans d&rsquo;exp\u00e9rience dans le d\u00e9veloppement de robots qui am\u00e9liorent la productivit\u00e9 et la qualit\u00e9 de fabrication pour nos clients et pour nous-m\u00eames &#8211; voyez les robots Kawasaki souder le cadre de la nouvelle moto Kawasaki Ninja H2R.<\/p>\n<\/div>\n<\/div>\n\n\n\n<hr class=\"wp-block-separator has-css-opacity wp-embed-aspect-16-9 wp-has-aspect-ratio is-style-wide\" \/>\n\n\n\n<div class=\"wp-block-columns wp-embed-aspect-16-9 wp-has-aspect-ratio is-layout-flex wp-container-core-columns-is-layout-28f84493 wp-block-columns-is-layout-flex\">\n<div class=\"wp-block-column is-layout-flow wp-block-column-is-layout-flow\" style=\"flex-basis:33.33%\">\n<figure class=\"wp-block-embed is-type-video is-provider-youtube wp-block-embed-youtube wp-embed-aspect-16-9 wp-has-aspect-ratio\"><div class=\"wp-block-embed__wrapper\">\n<iframe loading=\"lazy\" title=\"iREX2017 Overview - Kawasaki Robotics\" width=\"900\" height=\"506\" src=\"https:\/\/www.youtube.com\/embed\/mOvKevdj3U0?feature=oembed\" frameborder=\"0\" allow=\"accelerometer; autoplay; clipboard-write; encrypted-media; gyroscope; picture-in-picture; web-share\" allowfullscreen><\/iframe>\n<\/div><\/figure>\n<\/div>\n\n\n\n<div class=\"wp-block-column is-layout-flow wp-block-column-is-layout-flow\" style=\"flex-basis:66.66%\">\n<p><strong>L&rsquo;exposition de Kawasaki \u00e0 l&rsquo;iREX2017<\/strong><\/p>\n\n\n\n<p>Kawasaki a eu sa plus grande exposition \u00e0 ce jour \u00e0 l&rsquo;International Robot Exhibition 2017 (iREX2017) qui s&rsquo;est tenue \u00e0 Tokyo du 29 novembre au 2 d\u00e9cembre. Regardez cette vid\u00e9o pour voir les nombreux nouveaux produits et technologies que nous avons pr\u00e9sent\u00e9s. \u00ab\u00a0Du fabricant industriel au fabricant de robots enti\u00e8rement int\u00e9gr\u00e9s\u00a0\u00bb est notre message alors que nous c\u00e9l\u00e9brons cette ann\u00e9e notre 50e anniversaire en robotique.<\/p>\n<\/div>\n<\/div>\n\n\n\n<hr class=\"wp-block-separator has-css-opacity wp-embed-aspect-16-9 wp-has-aspect-ratio is-style-wide\" \/>\n","protected":false},"excerpt":{"rendered":"<p>50 ans d&rsquo;histoire de l&rsquo;activit\u00e9 robotique de Kawasaki Heavy Industries Kawasaki Robotics a f\u00eat\u00e9 ses 50 ans depuis sa cr\u00e9ation. En collaboration avec ses clients, Kawasaki a d\u00e9velopp\u00e9 des technologies et acquis de l&rsquo;exp\u00e9rience en cours de route. Fort de ces connaissances, Kawasaki redonnera \u00e0 la soci\u00e9t\u00e9 et aspirera \u00e0 devenir un fabricant de robots enti\u00e8rement int\u00e9gr\u00e9 qui concevra un nouvel avenir brillant promettant un monde o\u00f9 les humains et les robots peuvent coexister c\u00f4te \u00e0 c\u00f4te. Robot de charge utile Kawasaki One Ton install\u00e9 dans la centrale \u00e9lectrique de Siemens Le robot Kawasaki MG10HL, install\u00e9 \u00e0 la centrale \u00e9lectrique Siemens Lausward \u00e0 D\u00fcsseldorf, a une capacit\u00e9 de charge utile [&hellip;]<\/p>\n","protected":false},"author":9,"featured_media":926,"parent":0,"menu_order":6,"comment_status":"closed","ping_status":"closed","template":"page-templates\/custom-title-with-background.php","meta":{"ep_exclude_from_search":false,"footnotes":""},"class_list":["post-24","page","type-page","status-publish","has-post-thumbnail","hentry"],"yoast_head":"<!-- This site is optimized with the Yoast SEO plugin v25.9 - https:\/\/yoast.com\/wordpress\/plugins\/seo\/ -->\n<title>Vid\u00e9o en vedette | Industrial Robots by Kawasaki Robotics<\/title>\n<meta name=\"description\" content=\"Explore the must-watch videos showcasing Kawasaki Robots and their capabilities. Discover how they are transforming industries.\" \/>\n<meta name=\"robots\" content=\"index, follow, max-snippet:-1, max-image-preview:large, max-video-preview:-1\" \/>\n<link rel=\"canonical\" href=\"https:\/\/kawasakirobotics.com\/fr\/featured-video\/\" \/>\n<meta property=\"og:locale\" content=\"fr_FR\" \/>\n<meta property=\"og:type\" content=\"article\" \/>\n<meta property=\"og:title\" content=\"Vid\u00e9o en vedette | Industrial Robots by Kawasaki Robotics\" \/>\n<meta property=\"og:description\" content=\"Explore the must-watch videos showcasing Kawasaki Robots and their capabilities. Discover how they are transforming industries.\" \/>\n<meta property=\"og:url\" content=\"https:\/\/kawasakirobotics.com\/fr\/featured-video\/\" \/>\n<meta property=\"og:site_name\" content=\"Kawasaki Robotics\" \/>\n<meta property=\"article:modified_time\" content=\"2024-01-26T03:04:09+00:00\" \/>\n<meta property=\"og:image\" content=\"https:\/\/kawasakirobotics.com\/content\/themes\/krobot-theme\/src\/images\/default\/ogp.jpg\" \/>\n\t<meta property=\"og:image:width\" content=\"1200\" \/>\n\t<meta property=\"og:image:height\" content=\"630\" \/>\n\t<meta property=\"og:image:type\" content=\"image\/jpeg\" \/>\n<meta name=\"twitter:card\" content=\"summary_large_image\" \/>\n<script type=\"application\/ld+json\" class=\"yoast-schema-graph\">{\"@context\":\"https:\/\/schema.org\",\"@graph\":[{\"@type\":\"WebPage\",\"@id\":\"https:\/\/kawasakirobotics.com\/fr\/featured-video\/\",\"url\":\"https:\/\/kawasakirobotics.com\/fr\/featured-video\/\",\"name\":\"Vid\u00e9o en vedette | Industrial Robots by Kawasaki Robotics\",\"isPartOf\":{\"@id\":\"https:\/\/kawasakirobotics.com\/fr\/#website\"},\"primaryImageOfPage\":{\"@id\":\"https:\/\/kawasakirobotics.com\/fr\/featured-video\/#primaryimage\"},\"image\":{\"@id\":\"https:\/\/kawasakirobotics.com\/fr\/featured-video\/#primaryimage\"},\"thumbnailUrl\":\"https:\/\/kawasakirobotics.com\/tachyon\/sites\/2\/2022\/01\/title-background-A1760478.jpg?fit=2160%2C360\",\"datePublished\":\"2022-01-19T08:35:47+00:00\",\"dateModified\":\"2024-01-26T03:04:09+00:00\",\"description\":\"Explore the must-watch videos showcasing Kawasaki Robots and their capabilities. Discover how they are transforming industries.\",\"breadcrumb\":{\"@id\":\"https:\/\/kawasakirobotics.com\/fr\/featured-video\/#breadcrumb\"},\"inLanguage\":\"fr-FR\",\"potentialAction\":[{\"@type\":\"ReadAction\",\"target\":[\"https:\/\/kawasakirobotics.com\/fr\/featured-video\/\"]}]},{\"@type\":\"ImageObject\",\"inLanguage\":\"fr-FR\",\"@id\":\"https:\/\/kawasakirobotics.com\/fr\/featured-video\/#primaryimage\",\"url\":\"https:\/\/kawasakirobotics.com\/tachyon\/sites\/2\/2022\/01\/title-background-A1760478.jpg?fit=2160%2C360\",\"contentUrl\":\"https:\/\/kawasakirobotics.com\/tachyon\/sites\/2\/2022\/01\/title-background-A1760478.jpg?fit=2160%2C360\",\"width\":2160,\"height\":360,\"caption\":\"Featured Video\"},{\"@type\":\"BreadcrumbList\",\"@id\":\"https:\/\/kawasakirobotics.com\/fr\/featured-video\/#breadcrumb\",\"itemListElement\":[{\"@type\":\"ListItem\",\"position\":1,\"name\":\"Hau\",\"item\":\"https:\/\/kawasakirobotics.com\/fr\/\"},{\"@type\":\"ListItem\",\"position\":2,\"name\":\"Vid\u00e9o en vedette\"}]},{\"@type\":\"WebSite\",\"@id\":\"https:\/\/kawasakirobotics.com\/fr\/#website\",\"url\":\"https:\/\/kawasakirobotics.com\/fr\/\",\"name\":\"Kawasaki Robotics\",\"description\":\"\",\"publisher\":{\"@id\":\"https:\/\/kawasakirobotics.com\/fr\/#organization\"},\"potentialAction\":[{\"@type\":\"SearchAction\",\"target\":{\"@type\":\"EntryPoint\",\"urlTemplate\":\"https:\/\/kawasakirobotics.com\/fr\/?s={search_term_string}\"},\"query-input\":{\"@type\":\"PropertyValueSpecification\",\"valueRequired\":true,\"valueName\":\"search_term_string\"}}],\"inLanguage\":\"fr-FR\"},{\"@type\":\"Organization\",\"@id\":\"https:\/\/kawasakirobotics.com\/fr\/#organization\",\"name\":\"\u5ddd\u5d0e\u91cd\u5de5\u696d\u30ed\u30dc\u30c3\u30c8\u30c7\u30a3\u30d3\u30b8\u30e7\u30f3\",\"url\":\"https:\/\/kawasakirobotics.com\/fr\/\",\"logo\":{\"@type\":\"ImageObject\",\"inLanguage\":\"fr-FR\",\"@id\":\"https:\/\/kawasakirobotics.com\/fr\/#\/schema\/logo\/image\/\",\"url\":\"\",\"contentUrl\":\"\",\"caption\":\"\u5ddd\u5d0e\u91cd\u5de5\u696d\u30ed\u30dc\u30c3\u30c8\u30c7\u30a3\u30d3\u30b8\u30e7\u30f3\"},\"image\":{\"@id\":\"https:\/\/kawasakirobotics.com\/fr\/#\/schema\/logo\/image\/\"}}]}<\/script>\n<!-- \/ Yoast SEO plugin. -->","yoast_head_json":{"title":"Vid\u00e9o en vedette | Industrial Robots by Kawasaki Robotics","description":"Explore the must-watch videos showcasing Kawasaki Robots and their capabilities. Discover how they are transforming industries.","robots":{"index":"index","follow":"follow","max-snippet":"max-snippet:-1","max-image-preview":"max-image-preview:large","max-video-preview":"max-video-preview:-1"},"canonical":"https:\/\/kawasakirobotics.com\/fr\/featured-video\/","og_locale":"fr_FR","og_type":"article","og_title":"Vid\u00e9o en vedette | Industrial Robots by Kawasaki Robotics","og_description":"Explore the must-watch videos showcasing Kawasaki Robots and their capabilities. Discover how they are transforming industries.","og_url":"https:\/\/kawasakirobotics.com\/fr\/featured-video\/","og_site_name":"Kawasaki Robotics","article_modified_time":"2024-01-26T03:04:09+00:00","og_image":[{"url":"https:\/\/kawasakirobotics.com\/content\/themes\/krobot-theme\/src\/images\/default\/ogp.jpg","width":"1200","height":"630","type":"image\/jpeg"}],"twitter_card":"summary_large_image","schema":{"@context":"https:\/\/schema.org","@graph":[{"@type":"WebPage","@id":"https:\/\/kawasakirobotics.com\/fr\/featured-video\/","url":"https:\/\/kawasakirobotics.com\/fr\/featured-video\/","name":"Vid\u00e9o en vedette | Industrial Robots by Kawasaki Robotics","isPartOf":{"@id":"https:\/\/kawasakirobotics.com\/fr\/#website"},"primaryImageOfPage":{"@id":"https:\/\/kawasakirobotics.com\/fr\/featured-video\/#primaryimage"},"image":{"@id":"https:\/\/kawasakirobotics.com\/fr\/featured-video\/#primaryimage"},"thumbnailUrl":"https:\/\/kawasakirobotics.com\/tachyon\/sites\/2\/2022\/01\/title-background-A1760478.jpg?fit=2160%2C360","datePublished":"2022-01-19T08:35:47+00:00","dateModified":"2024-01-26T03:04:09+00:00","description":"Explore the must-watch videos showcasing Kawasaki Robots and their capabilities. Discover how they are transforming industries.","breadcrumb":{"@id":"https:\/\/kawasakirobotics.com\/fr\/featured-video\/#breadcrumb"},"inLanguage":"fr-FR","potentialAction":[{"@type":"ReadAction","target":["https:\/\/kawasakirobotics.com\/fr\/featured-video\/"]}]},{"@type":"ImageObject","inLanguage":"fr-FR","@id":"https:\/\/kawasakirobotics.com\/fr\/featured-video\/#primaryimage","url":"https:\/\/kawasakirobotics.com\/tachyon\/sites\/2\/2022\/01\/title-background-A1760478.jpg?fit=2160%2C360","contentUrl":"https:\/\/kawasakirobotics.com\/tachyon\/sites\/2\/2022\/01\/title-background-A1760478.jpg?fit=2160%2C360","width":2160,"height":360,"caption":"Featured Video"},{"@type":"BreadcrumbList","@id":"https:\/\/kawasakirobotics.com\/fr\/featured-video\/#breadcrumb","itemListElement":[{"@type":"ListItem","position":1,"name":"Hau","item":"https:\/\/kawasakirobotics.com\/fr\/"},{"@type":"ListItem","position":2,"name":"Vid\u00e9o en vedette"}]},{"@type":"WebSite","@id":"https:\/\/kawasakirobotics.com\/fr\/#website","url":"https:\/\/kawasakirobotics.com\/fr\/","name":"Kawasaki Robotics","description":"","publisher":{"@id":"https:\/\/kawasakirobotics.com\/fr\/#organization"},"potentialAction":[{"@type":"SearchAction","target":{"@type":"EntryPoint","urlTemplate":"https:\/\/kawasakirobotics.com\/fr\/?s={search_term_string}"},"query-input":{"@type":"PropertyValueSpecification","valueRequired":true,"valueName":"search_term_string"}}],"inLanguage":"fr-FR"},{"@type":"Organization","@id":"https:\/\/kawasakirobotics.com\/fr\/#organization","name":"\u5ddd\u5d0e\u91cd\u5de5\u696d\u30ed\u30dc\u30c3\u30c8\u30c7\u30a3\u30d3\u30b8\u30e7\u30f3","url":"https:\/\/kawasakirobotics.com\/fr\/","logo":{"@type":"ImageObject","inLanguage":"fr-FR","@id":"https:\/\/kawasakirobotics.com\/fr\/#\/schema\/logo\/image\/","url":"","contentUrl":"","caption":"\u5ddd\u5d0e\u91cd\u5de5\u696d\u30ed\u30dc\u30c3\u30c8\u30c7\u30a3\u30d3\u30b8\u30e7\u30f3"},"image":{"@id":"https:\/\/kawasakirobotics.com\/fr\/#\/schema\/logo\/image\/"}}]}},"_links":{"self":[{"href":"https:\/\/kawasakirobotics.com\/fr\/wp-json\/wp\/v2\/pages\/24","targetHints":{"allow":["GET"]}}],"collection":[{"href":"https:\/\/kawasakirobotics.com\/fr\/wp-json\/wp\/v2\/pages"}],"about":[{"href":"https:\/\/kawasakirobotics.com\/fr\/wp-json\/wp\/v2\/types\/page"}],"author":[{"embeddable":true,"href":"https:\/\/kawasakirobotics.com\/fr\/wp-json\/wp\/v2\/users\/9"}],"replies":[{"embeddable":true,"href":"https:\/\/kawasakirobotics.com\/fr\/wp-json\/wp\/v2\/comments?post=24"}],"version-history":[{"count":4,"href":"https:\/\/kawasakirobotics.com\/fr\/wp-json\/wp\/v2\/pages\/24\/revisions"}],"predecessor-version":[{"id":5616,"href":"https:\/\/kawasakirobotics.com\/fr\/wp-json\/wp\/v2\/pages\/24\/revisions\/5616"}],"wp:featuredmedia":[{"embeddable":true,"href":"https:\/\/kawasakirobotics.com\/fr\/wp-json\/wp\/v2\/media\/926"}],"wp:attachment":[{"href":"https:\/\/kawasakirobotics.com\/fr\/wp-json\/wp\/v2\/media?parent=24"}],"curies":[{"name":"wp","href":"https:\/\/api.w.org\/{rel}","templated":true}]}}