{"id":2552,"date":"2022-01-19T17:10:19","date_gmt":"2022-01-19T08:10:19","guid":{"rendered":"urn:uuid:c8ee125c-0d45-49a2-9209-db27df02f0fa"},"modified":"2025-04-11T10:54:42","modified_gmt":"2025-04-11T08:54:42","slug":"frontpage","status":"publish","type":"page","link":"https:\/\/kawasakirobotics.com\/fr\/","title":{"rendered":"HOME"},"content":{"rendered":"\n<div class=\"wp-block-cover alignfull is-light krobot-pattern-lead-cover\" style=\"min-height:460px;aspect-ratio:unset;\"><span aria-hidden=\"true\" class=\"wp-block-cover__background has-light-gray-background-color has-background-dim-0 has-background-dim\"><\/span><img loading=\"lazy\" decoding=\"async\" width=\"2160\" height=\"360\" class=\"wp-block-cover__image-background wp-image-982\" alt=\"\" src=\"https:\/\/kawasakirobotics.com\/tachyon\/sites\/2\/2022\/01\/title-background-A1760316.jpg\" style=\"object-position:28% 100%\" data-object-fit=\"cover\" data-object-position=\"28% 100%\" \/><div class=\"wp-block-cover__inner-container is-layout-flow wp-block-cover-is-layout-flow\">\n<div class=\"wp-block-columns alignwide is-layout-flex wp-container-core-columns-is-layout-28f84493 wp-block-columns-is-layout-flex\">\n<div class=\"wp-block-column is-layout-flow wp-block-column-is-layout-flow\">\n<div class=\"wp-block-group has-black-color has-white-background-color has-text-color has-background is-layout-flow wp-block-group-is-layout-flow\">\n<h2 class=\"wp-block-heading\">Pourquoi Kawasaki Robotique ?<\/h2>\n\n\n\n<p>Avec une approche bas\u00e9e sur les services, un langage de programmation flexible et ouvert et un \u00e9tat d&rsquo;esprit ax\u00e9 sur le fabricant, d\u00e9couvrez ce qui fait de nous un type diff\u00e9rent d&rsquo;entreprise de robots.<\/p>\n<\/div>\n\n\n\n<p class=\"krobot-pattern-lead-cover__link\"><strong><a href=\"https:\/\/kawasakirobotics.com\/fr\/why-kawasaki-robotics\/\">APPRENDRE ENCORE PLUS<\/a><\/strong><\/p>\n<\/div>\n\n\n\n<div class=\"wp-block-column is-layout-flow wp-block-column-is-layout-flow\"><\/div>\n<\/div>\n<\/div><\/div>\n\n\n\n<div class=\"wp-block-cover alignfull is-light krobot-pattern-lead-cover\" style=\"min-height:460px;aspect-ratio:unset;\"><span aria-hidden=\"true\" class=\"wp-block-cover__background has-light-gray-background-color has-background-dim-0 has-background-dim\"><\/span><img loading=\"lazy\" decoding=\"async\" width=\"2560\" height=\"853\" class=\"wp-block-cover__image-background wp-image-5415\" alt=\"\" src=\"https:\/\/kawasakirobotics.com\/tachyon\/sites\/5\/2023\/04\/9154b46d-74b9-4c29-887a-5b07e3f75c7a.jpg\" style=\"object-position:100% 76%\" data-object-fit=\"cover\" data-object-position=\"100% 76%\" srcset=\"https:\/\/kawasakirobotics.com\/tachyon\/sites\/30\/2023\/04\/9154b46d-74b9-4c29-887a-5b07e3f75c7a.jpg?resize=2560%2C853&amp;zoom=1 2560w, https:\/\/kawasakirobotics.com\/tachyon\/sites\/30\/2023\/04\/9154b46d-74b9-4c29-887a-5b07e3f75c7a.jpg?resize=2560%2C853&amp;zoom=0.5 1280w, https:\/\/kawasakirobotics.com\/tachyon\/sites\/30\/2023\/04\/9154b46d-74b9-4c29-887a-5b07e3f75c7a.jpg?resize=2560%2C853&amp;zoom=0.25 640w\" sizes=\"auto, (max-width: 2560px) 100vw, 2560px\" \/><div class=\"wp-block-cover__inner-container is-layout-flow wp-block-cover-is-layout-flow\">\n<div class=\"wp-block-columns alignwide is-layout-flex wp-container-core-columns-is-layout-28f84493 wp-block-columns-is-layout-flex\">\n<div class=\"wp-block-column is-layout-flow wp-block-column-is-layout-flow\"><\/div>\n\n\n\n<div class=\"wp-block-column is-layout-flow wp-block-column-is-layout-flow\">\n<div class=\"wp-block-group has-black-color has-white-background-color has-text-color has-background is-layout-flow wp-block-group-is-layout-flow\">\n<h2 class=\"wp-block-heading\">FAQ sur l&rsquo;automatisation des robots<\/h2>\n\n\n\n<p>Parcourez ces questions fr\u00e9quemment pos\u00e9es sur l&rsquo;automatisation des robots et trouvez des r\u00e9ponses directement aupr\u00e8s de nos experts. Nous nous engageons \u00e0 assurer le succ\u00e8s de votre automatisation et sommes heureux de vous aider de toutes les mani\u00e8res possibles.<\/p>\n<\/div>\n\n\n\n<p class=\"krobot-pattern-lead-cover__link\"><strong><a href=\"https:\/\/kawasakirobotics.com\/fr\/robot-automation-faqs\/\">APPRENDRE ENCORE PLUS<\/a><\/strong><\/p>\n<\/div>\n<\/div>\n<\/div><\/div>\n\n\n\n<div class=\"wp-block-columns alignfull krobot-pattern-nogap-cols is-layout-flex wp-container-core-columns-is-layout-28f84493 wp-block-columns-is-layout-flex\">\n<div class=\"wp-block-column krobot-pattern-nogap-cols is-layout-flow wp-block-column-is-layout-flow\">\n<div class=\"wp-block-cover\"><span aria-hidden=\"true\" class=\"wp-block-cover__background has-black-background-color has-background-dim-70 has-background-dim\"><\/span><img loading=\"lazy\" decoding=\"async\" width=\"2560\" height=\"1707\" class=\"wp-block-cover__image-background wp-image-5419\" alt=\"\" src=\"https:\/\/kawasakirobotics.com\/tachyon\/sites\/5\/2023\/04\/39055c9c-60b3-4cae-aa89-5d3a7c0249d1.jpg\" data-object-fit=\"cover\" srcset=\"https:\/\/kawasakirobotics.com\/tachyon\/sites\/30\/2023\/04\/39055c9c-60b3-4cae-aa89-5d3a7c0249d1.jpg?resize=2560%2C1707&amp;zoom=1 2560w, https:\/\/kawasakirobotics.com\/tachyon\/sites\/30\/2023\/04\/39055c9c-60b3-4cae-aa89-5d3a7c0249d1.jpg?resize=2560%2C1707&amp;zoom=0.5 1280w, https:\/\/kawasakirobotics.com\/tachyon\/sites\/30\/2023\/04\/39055c9c-60b3-4cae-aa89-5d3a7c0249d1.jpg?resize=2560%2C1707&amp;zoom=0.25 640w\" sizes=\"auto, (max-width: 2560px) 100vw, 2560px\" \/><div class=\"wp-block-cover__inner-container is-layout-flow wp-block-cover-is-layout-flow\">\n<p class=\"has-text-align-center has-large-font-size\"><strong>DES PRODUITS<\/strong><\/p>\n\n\n\n<div class=\"wp-block-buttons is-vertical is-content-justification-center is-layout-flex wp-container-core-buttons-is-layout-734eb2c2 wp-block-buttons-is-layout-flex\">\n<div class=\"wp-block-button is-style-outline is-style-outline--1\"><a class=\"wp-block-button__link wp-element-button\" href=\"https:\/\/kawasakirobotics.com\/fr\/products\/\">SUITE<\/a><\/div>\n<\/div>\n<\/div><\/div>\n<\/div>\n\n\n\n<div class=\"wp-block-column krobot-pattern-nogap-cols is-layout-flow wp-block-column-is-layout-flow\">\n<div class=\"wp-block-cover\"><span aria-hidden=\"true\" class=\"wp-block-cover__background has-black-background-color has-background-dim-70 has-background-dim\"><\/span><img loading=\"lazy\" decoding=\"async\" width=\"2160\" height=\"360\" class=\"wp-block-cover__image-background wp-image-5416\" alt=\"\" src=\"https:\/\/kawasakirobotics.com\/tachyon\/sites\/5\/2023\/04\/82a46f30-0c38-4b20-a11a-5e48b566aff2.jpg\" style=\"object-position:33% 100%\" data-object-fit=\"cover\" data-object-position=\"33% 100%\" srcset=\"https:\/\/kawasakirobotics.com\/tachyon\/sites\/30\/2023\/04\/82a46f30-0c38-4b20-a11a-5e48b566aff2.jpg?resize=2160%2C360&amp;zoom=1 2160w, https:\/\/kawasakirobotics.com\/tachyon\/sites\/30\/2023\/04\/82a46f30-0c38-4b20-a11a-5e48b566aff2.jpg?resize=2160%2C360&amp;zoom=0.5 1080w, https:\/\/kawasakirobotics.com\/tachyon\/sites\/30\/2023\/04\/82a46f30-0c38-4b20-a11a-5e48b566aff2.jpg?resize=2160%2C360&amp;zoom=0.25 540w\" sizes=\"auto, (max-width: 2160px) 100vw, 2160px\" \/><div class=\"wp-block-cover__inner-container is-layout-flow wp-block-cover-is-layout-flow\">\n<p class=\"has-text-align-center has-large-font-size\"><strong>\u00c9TUDES DE CAS<\/strong><\/p>\n\n\n\n<div class=\"wp-block-buttons is-vertical is-content-justification-center is-layout-flex wp-container-core-buttons-is-layout-734eb2c2 wp-block-buttons-is-layout-flex\">\n<div class=\"wp-block-button is-style-outline is-style-outline--2\"><a class=\"wp-block-button__link wp-element-button\" href=\"https:\/\/kawasakirobotics.com\/fr\/case-studies\/\">SUITE<\/a><\/div>\n<\/div>\n<\/div><\/div>\n<\/div>\n\n\n\n<div class=\"wp-block-column krobot-pattern-nogap-cols is-layout-flow wp-block-column-is-layout-flow\">\n<div class=\"wp-block-cover\"><span aria-hidden=\"true\" class=\"wp-block-cover__background has-black-background-color has-background-dim-70 has-background-dim\"><\/span><img loading=\"lazy\" decoding=\"async\" width=\"1800\" height=\"1200\" class=\"wp-block-cover__image-background wp-image-4923\" alt=\"\" src=\"https:\/\/kawasakirobotics.com\/tachyon\/sites\/5\/2022\/03\/quality_007_1800x1200.webp\" data-object-fit=\"cover\" srcset=\"https:\/\/kawasakirobotics.com\/tachyon\/sites\/30\/2022\/03\/quality_007_1800x1200.webp?resize=1800%2C1200&amp;zoom=1 1800w, https:\/\/kawasakirobotics.com\/tachyon\/sites\/30\/2022\/03\/quality_007_1800x1200.webp?resize=1800%2C1200&amp;zoom=0.5 900w, https:\/\/kawasakirobotics.com\/tachyon\/sites\/30\/2022\/03\/quality_007_1800x1200.webp?resize=1800%2C1200&amp;zoom=0.25 450w\" sizes=\"auto, (max-width: 1800px) 100vw, 1800px\" \/><div class=\"wp-block-cover__inner-container is-layout-flow wp-block-cover-is-layout-flow\">\n<p class=\"has-text-align-center has-large-font-size\"><strong>\u00c9V\u00c9NEMENTS<\/strong><\/p>\n<\/div><\/div>\n<\/div>\n<\/div>\n\n\n\n<div aria-hidden=\"true\" class=\"wp-block-fsb-flexible-spacer fsb-flexible-spacer\"><div class=\"fsb-flexible-spacer__device fsb-flexible-spacer__device--lg\" style=\"height:4px\"><\/div><div class=\"fsb-flexible-spacer__device fsb-flexible-spacer__device--md\" style=\"height:4px\"><\/div><div class=\"fsb-flexible-spacer__device fsb-flexible-spacer__device--sm\" style=\"height:4px\"><\/div><\/div>\n\n\n\n<div class=\"wp-block-columns alignfull krobot-pattern-nogap-cols no-margin is-layout-flex wp-container-core-columns-is-layout-28f84493 wp-block-columns-is-layout-flex\">\n<div class=\"wp-block-column krobot-pattern-nogap-cols is-layout-flow wp-block-column-is-layout-flow\">\n<div class=\"wp-block-cover\"><span aria-hidden=\"true\" class=\"wp-block-cover__background has-black-background-color has-background-dim-70 has-background-dim\"><\/span><img loading=\"lazy\" decoding=\"async\" width=\"2560\" height=\"1762\" class=\"wp-block-cover__image-background wp-image-5418\" alt=\"\" src=\"https:\/\/kawasakirobotics.com\/tachyon\/sites\/5\/2023\/04\/7113bcfe-0475-42e9-b7c2-55019e8a0ed1.jpg\" data-object-fit=\"cover\" srcset=\"https:\/\/kawasakirobotics.com\/tachyon\/sites\/30\/2023\/04\/7113bcfe-0475-42e9-b7c2-55019e8a0ed1.jpg?resize=2560%2C1762&amp;zoom=1 2560w, https:\/\/kawasakirobotics.com\/tachyon\/sites\/30\/2023\/04\/7113bcfe-0475-42e9-b7c2-55019e8a0ed1.jpg?resize=2560%2C1762&amp;zoom=0.5 1280w, https:\/\/kawasakirobotics.com\/tachyon\/sites\/30\/2023\/04\/7113bcfe-0475-42e9-b7c2-55019e8a0ed1.jpg?resize=2560%2C1762&amp;zoom=0.25 640w\" sizes=\"auto, (max-width: 2560px) 100vw, 2560px\" \/><div class=\"wp-block-cover__inner-container is-layout-flow wp-block-cover-is-layout-flow\">\n<p class=\"has-text-align-center has-large-font-size\"><strong>EXP\u00c9RIENCE CLIENT<\/strong><\/p>\n\n\n\n<div class=\"wp-block-buttons is-vertical is-content-justification-center is-layout-flex wp-container-core-buttons-is-layout-734eb2c2 wp-block-buttons-is-layout-flex\">\n<div class=\"wp-block-button is-style-outline is-style-outline--3\"><a class=\"wp-block-button__link wp-element-button\" href=\"https:\/\/kawasakirobotics.com\/fr\/customer-experience\/\">SUITE<\/a><\/div>\n<\/div>\n<\/div><\/div>\n<\/div>\n\n\n\n<div class=\"wp-block-column krobot-pattern-nogap-cols is-layout-flow wp-block-column-is-layout-flow\">\n<div class=\"wp-block-cover\"><span aria-hidden=\"true\" class=\"wp-block-cover__background has-black-background-color has-background-dim-70 has-background-dim\"><\/span><img loading=\"lazy\" decoding=\"async\" width=\"2160\" height=\"360\" class=\"wp-block-cover__image-background wp-image-4280\" alt=\"\" src=\"https:\/\/kawasakirobotics.com\/tachyon\/sites\/2\/2022\/01\/title-background-B1830285.jpg\" data-object-fit=\"cover\" srcset=\"https:\/\/kawasakirobotics.com\/tachyon\/sites\/2\/2022\/01\/title-background-B1830285.jpg?resize=2160%2C360&amp;crop_strategy=smart&amp;zoom=1 2160w, https:\/\/kawasakirobotics.com\/tachyon\/sites\/2\/2022\/01\/title-background-B1830285.jpg?resize=2160%2C360&amp;crop_strategy=smart&amp;zoom=0.5 1080w, https:\/\/kawasakirobotics.com\/tachyon\/sites\/2\/2022\/01\/title-background-B1830285.jpg?resize=2160%2C360&amp;crop_strategy=smart&amp;zoom=0.25 540w\" sizes=\"auto, (max-width: 2160px) 100vw, 2160px\" \/><div class=\"wp-block-cover__inner-container is-layout-flow wp-block-cover-is-layout-flow\">\n<p class=\"has-text-align-center has-large-font-size\"><strong>NOUVELLES<\/strong><\/p>\n\n\n\n<div class=\"wp-block-buttons is-vertical is-content-justification-center is-layout-flex wp-container-core-buttons-is-layout-734eb2c2 wp-block-buttons-is-layout-flex\">\n<div class=\"wp-block-button is-style-outline is-style-outline--4\"><a class=\"wp-block-button__link wp-element-button\" href=\"https:\/\/kawasakirobotics.com\/fr\/news\/\">SUITE<\/a><\/div>\n<\/div>\n<\/div><\/div>\n<\/div>\n\n\n\n<div class=\"wp-block-column krobot-pattern-nogap-cols is-layout-flow wp-block-column-is-layout-flow\">\n<div class=\"wp-block-cover\"><span aria-hidden=\"true\" class=\"wp-block-cover__background has-black-background-color has-background-dim-70 has-background-dim\"><\/span><img loading=\"lazy\" decoding=\"async\" width=\"900\" height=\"600\" class=\"wp-block-cover__image-background wp-image-5420\" alt=\"\" src=\"https:\/\/kawasakirobotics.com\/tachyon\/sites\/5\/2023\/04\/9911924b-a29e-491e-b78b-369496ca88c0.jpg\" data-object-fit=\"cover\" srcset=\"https:\/\/kawasakirobotics.com\/tachyon\/sites\/30\/2023\/04\/9911924b-a29e-491e-b78b-369496ca88c0.jpg?resize=900%2C600&amp;zoom=1 900w, https:\/\/kawasakirobotics.com\/tachyon\/sites\/30\/2023\/04\/9911924b-a29e-491e-b78b-369496ca88c0.jpg?resize=900%2C600&amp;zoom=0.5 450w, https:\/\/kawasakirobotics.com\/tachyon\/sites\/30\/2023\/04\/9911924b-a29e-491e-b78b-369496ca88c0.jpg?resize=900%2C600&amp;zoom=0.25 225w\" sizes=\"auto, (max-width: 900px) 100vw, 900px\" \/><div class=\"wp-block-cover__inner-container is-layout-flow wp-block-cover-is-layout-flow\">\n<p class=\"has-text-align-center has-large-font-size\"><strong>BLOG<\/strong><\/p>\n\n\n\n<div class=\"wp-block-buttons is-vertical is-content-justification-center is-layout-flex wp-container-core-buttons-is-layout-734eb2c2 wp-block-buttons-is-layout-flex\">\n<div class=\"wp-block-button is-style-outline is-style-outline--5\"><a class=\"wp-block-button__link wp-element-button\" href=\"https:\/\/kawasakirobotics.com\/fr\/blog\/\">SUITE<\/a><\/div>\n<\/div>\n<\/div><\/div>\n<\/div>\n<\/div>\n\n\n\n<div class=\"wp-block-cover alignfull is-light krobot-pattern-mono-center\"><span aria-hidden=\"true\" class=\"wp-block-cover__background has-white-background-color has-background-dim\"><\/span><img loading=\"lazy\" decoding=\"async\" width=\"960\" height=\"540\" class=\"wp-block-cover__image-background wp-image-1913\" alt=\"\" src=\"https:\/\/kawasakirobotics.com\/tachyon\/sites\/5\/2022\/02\/partner_03.jpg\" style=\"object-position:48% 82%\" data-object-fit=\"cover\" data-object-position=\"48% 82%\" srcset=\"https:\/\/kawasakirobotics.com\/tachyon\/sites\/30\/2022\/02\/partner_03.jpg?resize=960%2C540&amp;crop_strategy=smart&amp;zoom=1 960w, https:\/\/kawasakirobotics.com\/tachyon\/sites\/30\/2022\/02\/partner_03.jpg?resize=960%2C540&amp;crop_strategy=smart&amp;zoom=0.5 480w, https:\/\/kawasakirobotics.com\/tachyon\/sites\/30\/2022\/02\/partner_03.jpg?resize=960%2C540&amp;crop_strategy=smart&amp;zoom=0.25 240w\" sizes=\"auto, (max-width: 960px) 100vw, 960px\" \/><div class=\"wp-block-cover__inner-container is-layout-flow wp-block-cover-is-layout-flow\">\n<div class=\"wp-block-group has-red-background-color has-background is-layout-flow wp-block-group-is-layout-flow\">\n<p class=\"has-text-align-center has-large-font-size\">Vous voulez commencer ou vous avez des questions&nbsp;?<br>Notre \u00e9quipe est \u00e0 un clic.<\/p>\n\n\n\n<p class=\"has-text-align-center krobot-pattern-mono-center__link has-white-color has-text-color has-extra-large-font-size\"><strong><a href=\"https:\/\/kawasaki-corporate.spiral-site.com\/ind_robot_eu?_gl=1*1j8ye7o*_ga*NTMwMjUzNTUwLjE2NDA2NDQ5Mzg.*_ga_GRRCX7N19P*MTY0NTU3OTMyMC4xNzguMS4xNjQ1NTc5NjQyLjA.&amp;_ifbs-ind_robot_eu=s1_Step1\" target=\"_blank\" rel=\"noreferrer noopener\">ENTRER EN CONTACT<\/a><\/strong><\/p>\n<\/div>\n<\/div><\/div>\n\n\n\n<p><\/p>\n","protected":false},"excerpt":{"rendered":"","protected":false},"author":9,"featured_media":0,"parent":0,"menu_order":1,"comment_status":"closed","ping_status":"closed","template":"page-templates\/custom-no-default-header.php","meta":{"ep_exclude_from_search":false,"footnotes":""},"class_list":["post-2552","page","type-page","status-publish","hentry"],"yoast_head":"<!-- This site is optimized with the Yoast SEO plugin v25.9 - https:\/\/yoast.com\/wordpress\/plugins\/seo\/ -->\n<title>TOP | Industrial Robots by Kawasaki Robotics<\/title>\n<meta name=\"description\" content=\"Kawasaki Robotics offers a service-based approach, open programming language and a manufacturer-first mindset.\" \/>\n<meta name=\"robots\" content=\"index, follow, max-snippet:-1, max-image-preview:large, max-video-preview:-1\" \/>\n<link rel=\"canonical\" href=\"https:\/\/kawasakirobotics.com\/fr\/\" \/>\n<meta property=\"og:locale\" content=\"fr_FR\" \/>\n<meta property=\"og:type\" content=\"article\" \/>\n<meta property=\"og:title\" content=\"TOP | Industrial Robots by Kawasaki Robotics\" \/>\n<meta property=\"og:description\" content=\"Kawasaki Robotics offers a service-based approach, open programming language and a manufacturer-first mindset.\" \/>\n<meta property=\"og:url\" content=\"https:\/\/kawasakirobotics.com\/fr\/\" \/>\n<meta property=\"og:site_name\" content=\"Kawasaki Robotics\" \/>\n<meta property=\"article:modified_time\" content=\"2025-04-11T08:54:42+00:00\" \/>\n<meta property=\"og:image\" content=\"https:\/\/kawasakirobotics.com\/content\/themes\/krobot-theme\/src\/images\/default\/ogp.jpg\" \/>\n\t<meta property=\"og:image:width\" content=\"1200\" \/>\n\t<meta property=\"og:image:height\" content=\"630\" \/>\n\t<meta property=\"og:image:type\" content=\"image\/jpeg\" \/>\n<meta name=\"twitter:card\" content=\"summary_large_image\" \/>\n<script type=\"application\/ld+json\" class=\"yoast-schema-graph\">{\"@context\":\"https:\/\/schema.org\",\"@graph\":[{\"@type\":\"WebPage\",\"@id\":\"https:\/\/kawasakirobotics.com\/fr\/\",\"url\":\"https:\/\/kawasakirobotics.com\/fr\/\",\"name\":\"TOP | Industrial Robots by Kawasaki Robotics\",\"isPartOf\":{\"@id\":\"https:\/\/kawasakirobotics.com\/fr\/#website\"},\"primaryImageOfPage\":{\"@id\":\"https:\/\/kawasakirobotics.com\/fr\/#primaryimage\"},\"image\":{\"@id\":\"https:\/\/kawasakirobotics.com\/fr\/#primaryimage\"},\"thumbnailUrl\":\"https:\/\/kawasakirobotics.com\/tachyon\/sites\/2\/2022\/01\/title-background-A1760316.jpg\",\"datePublished\":\"2022-01-19T08:10:19+00:00\",\"dateModified\":\"2025-04-11T08:54:42+00:00\",\"description\":\"Kawasaki Robotics offers a service-based approach, open programming language and a manufacturer-first mindset.\",\"inLanguage\":\"fr-FR\",\"potentialAction\":[{\"@type\":\"ReadAction\",\"target\":[\"https:\/\/kawasakirobotics.com\/fr\/\"]}]},{\"@type\":\"ImageObject\",\"inLanguage\":\"fr-FR\",\"@id\":\"https:\/\/kawasakirobotics.com\/fr\/#primaryimage\",\"url\":\"https:\/\/kawasakirobotics.com\/tachyon\/sites\/2\/2022\/01\/title-background-A1760316.jpg\",\"contentUrl\":\"https:\/\/kawasakirobotics.com\/tachyon\/sites\/2\/2022\/01\/title-background-A1760316.jpg\"},{\"@type\":\"WebSite\",\"@id\":\"https:\/\/kawasakirobotics.com\/fr\/#website\",\"url\":\"https:\/\/kawasakirobotics.com\/fr\/\",\"name\":\"Kawasaki Robotics\",\"description\":\"\",\"publisher\":{\"@id\":\"https:\/\/kawasakirobotics.com\/fr\/#organization\"},\"potentialAction\":[{\"@type\":\"SearchAction\",\"target\":{\"@type\":\"EntryPoint\",\"urlTemplate\":\"https:\/\/kawasakirobotics.com\/fr\/?s={search_term_string}\"},\"query-input\":{\"@type\":\"PropertyValueSpecification\",\"valueRequired\":true,\"valueName\":\"search_term_string\"}}],\"inLanguage\":\"fr-FR\"},{\"@type\":\"Organization\",\"@id\":\"https:\/\/kawasakirobotics.com\/fr\/#organization\",\"name\":\"\u5ddd\u5d0e\u91cd\u5de5\u696d\u30ed\u30dc\u30c3\u30c8\u30c7\u30a3\u30d3\u30b8\u30e7\u30f3\",\"url\":\"https:\/\/kawasakirobotics.com\/fr\/\",\"logo\":{\"@type\":\"ImageObject\",\"inLanguage\":\"fr-FR\",\"@id\":\"https:\/\/kawasakirobotics.com\/fr\/#\/schema\/logo\/image\/\",\"url\":\"\",\"contentUrl\":\"\",\"caption\":\"\u5ddd\u5d0e\u91cd\u5de5\u696d\u30ed\u30dc\u30c3\u30c8\u30c7\u30a3\u30d3\u30b8\u30e7\u30f3\"},\"image\":{\"@id\":\"https:\/\/kawasakirobotics.com\/fr\/#\/schema\/logo\/image\/\"}}]}<\/script>\n<!-- \/ Yoast SEO plugin. -->","yoast_head_json":{"title":"TOP | Industrial Robots by Kawasaki Robotics","description":"Kawasaki Robotics offers a service-based approach, open programming language and a manufacturer-first mindset.","robots":{"index":"index","follow":"follow","max-snippet":"max-snippet:-1","max-image-preview":"max-image-preview:large","max-video-preview":"max-video-preview:-1"},"canonical":"https:\/\/kawasakirobotics.com\/fr\/","og_locale":"fr_FR","og_type":"article","og_title":"TOP | Industrial Robots by Kawasaki Robotics","og_description":"Kawasaki Robotics offers a service-based approach, open programming language and a manufacturer-first mindset.","og_url":"https:\/\/kawasakirobotics.com\/fr\/","og_site_name":"Kawasaki Robotics","article_modified_time":"2025-04-11T08:54:42+00:00","og_image":[{"url":"https:\/\/kawasakirobotics.com\/content\/themes\/krobot-theme\/src\/images\/default\/ogp.jpg","width":"1200","height":"630","type":"image\/jpeg"}],"twitter_card":"summary_large_image","schema":{"@context":"https:\/\/schema.org","@graph":[{"@type":"WebPage","@id":"https:\/\/kawasakirobotics.com\/fr\/","url":"https:\/\/kawasakirobotics.com\/fr\/","name":"TOP | Industrial Robots by Kawasaki Robotics","isPartOf":{"@id":"https:\/\/kawasakirobotics.com\/fr\/#website"},"primaryImageOfPage":{"@id":"https:\/\/kawasakirobotics.com\/fr\/#primaryimage"},"image":{"@id":"https:\/\/kawasakirobotics.com\/fr\/#primaryimage"},"thumbnailUrl":"https:\/\/kawasakirobotics.com\/tachyon\/sites\/2\/2022\/01\/title-background-A1760316.jpg","datePublished":"2022-01-19T08:10:19+00:00","dateModified":"2025-04-11T08:54:42+00:00","description":"Kawasaki Robotics offers a service-based approach, open programming language and a manufacturer-first mindset.","inLanguage":"fr-FR","potentialAction":[{"@type":"ReadAction","target":["https:\/\/kawasakirobotics.com\/fr\/"]}]},{"@type":"ImageObject","inLanguage":"fr-FR","@id":"https:\/\/kawasakirobotics.com\/fr\/#primaryimage","url":"https:\/\/kawasakirobotics.com\/tachyon\/sites\/2\/2022\/01\/title-background-A1760316.jpg","contentUrl":"https:\/\/kawasakirobotics.com\/tachyon\/sites\/2\/2022\/01\/title-background-A1760316.jpg"},{"@type":"WebSite","@id":"https:\/\/kawasakirobotics.com\/fr\/#website","url":"https:\/\/kawasakirobotics.com\/fr\/","name":"Kawasaki Robotics","description":"","publisher":{"@id":"https:\/\/kawasakirobotics.com\/fr\/#organization"},"potentialAction":[{"@type":"SearchAction","target":{"@type":"EntryPoint","urlTemplate":"https:\/\/kawasakirobotics.com\/fr\/?s={search_term_string}"},"query-input":{"@type":"PropertyValueSpecification","valueRequired":true,"valueName":"search_term_string"}}],"inLanguage":"fr-FR"},{"@type":"Organization","@id":"https:\/\/kawasakirobotics.com\/fr\/#organization","name":"\u5ddd\u5d0e\u91cd\u5de5\u696d\u30ed\u30dc\u30c3\u30c8\u30c7\u30a3\u30d3\u30b8\u30e7\u30f3","url":"https:\/\/kawasakirobotics.com\/fr\/","logo":{"@type":"ImageObject","inLanguage":"fr-FR","@id":"https:\/\/kawasakirobotics.com\/fr\/#\/schema\/logo\/image\/","url":"","contentUrl":"","caption":"\u5ddd\u5d0e\u91cd\u5de5\u696d\u30ed\u30dc\u30c3\u30c8\u30c7\u30a3\u30d3\u30b8\u30e7\u30f3"},"image":{"@id":"https:\/\/kawasakirobotics.com\/fr\/#\/schema\/logo\/image\/"}}]}},"_links":{"self":[{"href":"https:\/\/kawasakirobotics.com\/fr\/wp-json\/wp\/v2\/pages\/2552","targetHints":{"allow":["GET"]}}],"collection":[{"href":"https:\/\/kawasakirobotics.com\/fr\/wp-json\/wp\/v2\/pages"}],"about":[{"href":"https:\/\/kawasakirobotics.com\/fr\/wp-json\/wp\/v2\/types\/page"}],"author":[{"embeddable":true,"href":"https:\/\/kawasakirobotics.com\/fr\/wp-json\/wp\/v2\/users\/9"}],"replies":[{"embeddable":true,"href":"https:\/\/kawasakirobotics.com\/fr\/wp-json\/wp\/v2\/comments?post=2552"}],"version-history":[{"count":35,"href":"https:\/\/kawasakirobotics.com\/fr\/wp-json\/wp\/v2\/pages\/2552\/revisions"}],"predecessor-version":[{"id":5807,"href":"https:\/\/kawasakirobotics.com\/fr\/wp-json\/wp\/v2\/pages\/2552\/revisions\/5807"}],"wp:attachment":[{"href":"https:\/\/kawasakirobotics.com\/fr\/wp-json\/wp\/v2\/media?parent=2552"}],"curies":[{"name":"wp","href":"https:\/\/api.w.org\/{rel}","templated":true}]}}