{"id":3292,"date":"2022-02-10T13:57:42","date_gmt":"2022-02-10T04:57:42","guid":{"rendered":"urn:uuid:c463f840-c247-4de3-9449-39a629349b17"},"modified":"2024-10-25T07:26:56","modified_gmt":"2024-10-25T05:26:56","slug":"cookie-policy","status":"publish","type":"page","link":"https:\/\/kawasakirobotics.com\/fr\/cookie-policy\/","title":{"rendered":"Politique relative aux cookies"},"content":{"rendered":"\n<p class=\"has-black-color has-text-color\">Derni\u00e8re mise \u00e0 jour&nbsp;: 28\/02\/2022<\/p>\n\n\n\n<h2 class=\"wp-block-heading\">1. Notre politique en mati\u00e8re de cookies<\/h2>\n\n\n\n<h4 class=\"wp-block-heading\">(1) R\u00e8gles g\u00e9n\u00e9rales<\/h4>\n\n\n\n<p>Kawasaki Heavy Industries, Ltd., ses soci\u00e9t\u00e9s affili\u00e9es ou ses agents (\u00ab\u00a0KHI\u00a0\u00bb) peuvent utiliser des cookies sur les sites Web (\u00ab\u00a0Site\u00a0\u00bb), qui sont \u00e9tablis et exploit\u00e9s par KHI, pour fournir des informations plus pertinentes \u00e0 nos clients (\u00ab\u00a0vous \u201d) et de mesurer et d&rsquo;analyser le Site.<\/p>\n\n\n\n<p>Cette politique relative aux cookies s&rsquo;applique \u00e0 tous les utilisateurs du site. Les cookies peuvent \u00eatre d\u00e9sactiv\u00e9s dans les param\u00e8tres de votre navigateur&nbsp;; cependant, vous ne pourrez peut-\u00eatre pas utiliser certains contenus en le faisant.<\/p>\n\n\n\n<p>Cette politique relative aux cookies d\u00e9crit les types de cookies utilis\u00e9s sur le site et comment modifier les param\u00e8tres de votre navigateur.<\/p>\n\n\n\n<h4 class=\"wp-block-heading\">(2) \u00c0 propos de notre politique de confidentialit\u00e9<\/h4>\n\n\n\n<p>Dans le cadre de cette politique en mati\u00e8re de cookies, KHI a \u00e9tabli une politique distincte concernant le traitement des informations personnelles. Veuillez consulter notre&nbsp;<a href=\"https:\/\/global.kawasaki.com\/en\/privacy_policy\/index.html\" target=\"_blank\" rel=\"noreferrer noopener\">politique de confidentialit\u00e9<\/a>&nbsp;sur le site pour plus d&rsquo;informations.<\/p>\n\n\n\n<h2 class=\"wp-block-heading\">2. Qu&rsquo;est-ce qu&rsquo;un cookie ?<\/h2>\n\n\n\n<p>Un cookie fait r\u00e9f\u00e9rence \u00e0 une technologie qui place un petit fichier de donn\u00e9es (informations) sur votre ordinateur ou d&rsquo;autres appareils via votre navigateur Web lorsque vous acc\u00e9dez \u00e0 un site Web. Les cookies permettent aux sites Web de vous identifier lorsque vous revisitez les m\u00eames sites Web.<\/p>\n\n\n\n<h2 class=\"wp-block-heading\">3. Cookies utilis\u00e9s sur le Site<\/h2>\n\n\n\n<h4 class=\"wp-block-heading\">(1) Cookies propri\u00e9taires et tiers<\/h4>\n\n\n\n<p>Tous les cookies appartiennent \u00e0 un domaine pr\u00e9d\u00e9fini. Alors que les cookies propri\u00e9taires sont des cookies \u00e9mis par le domaine du Site, les cookies tiers sont \u00e9mis par des domaines tiers autres que celui du Site.<\/p>\n\n\n\n<h4 class=\"wp-block-heading\">(2) Cookies de session et cookies persistants<\/h4>\n\n\n\n<p>Les cookies peuvent \u00eatre des cookies de session ou des cookies persistants, selon leur dur\u00e9e. Les cookies de session sont des cookies temporaires qui sont stock\u00e9s sur votre appareil uniquement pendant que vous naviguez sur un site Web. D&rsquo;autre part, les cookies persistants restent stock\u00e9s sur votre appareil jusqu&rsquo;\u00e0 ce qu&rsquo;ils atteignent une date d&rsquo;expiration d\u00e9finie ou jusqu&rsquo;\u00e0 ce que vous les supprimiez de votre navigateur.<\/p>\n\n\n\n<h2 class=\"wp-block-heading\">4. Pourquoi KHI utilise des cookies<\/h2>\n\n\n\n<p>Le Site utilise les types de cookies suivants :<\/p>\n\n\n\n<h4 class=\"wp-block-heading\">(1) Cookies essentiels<\/h4>\n\n\n\n<p>Les cookies indispensables sont n\u00e9cessaires pour naviguer sur le Site et utiliser les fonctionnalit\u00e9s propos\u00e9es sur le Site. Ces cookies sont \u00e9galement utilis\u00e9s pour enregistrer les activit\u00e9s d&rsquo;un utilisateur au cours d&rsquo;une m\u00eame session de navigation.<\/p>\n\n\n\n<h4 class=\"wp-block-heading\">(2) Cookies analytiques<\/h4>\n\n\n\n<p>Les cookies d&rsquo;analyse sont utilis\u00e9s par KHI ou des fournisseurs de services tiers pour collecter des informations sur l&rsquo;utilisation du site, telles que l&rsquo;analyse Web. Ces cookies nous aident \u00e0 comprendre quelles pages vous visitez, combien de temps vous visitez, si des messages d&rsquo;erreur sont affich\u00e9s ou non, et comment vous acc\u00e9dez au Site pour am\u00e9liorer les performances du Site.<br>KHI utilise Google Analytics, un service d&rsquo;analyse Web propos\u00e9 par Google Inc., sur certaines pages du site pour comprendre l&rsquo;utilisation du site et vous fournir un meilleur site Web. Les donn\u00e9es obtenues par Analytics ne seront utilis\u00e9es qu&rsquo;\u00e0 des fins d&rsquo;exploitation du site telles que l&rsquo;am\u00e9lioration du site. Pour plus d&rsquo;informations sur Google Analytics, veuillez visiter le&nbsp;<a href=\"https:\/\/marketingplatform.google.com\/about\/analytics\/\" target=\"_blank\" rel=\"noreferrer noopener\">site officiel<\/a>.<\/p>\n\n\n\n<h4 class=\"wp-block-heading\">(3) Cookies fonctionnels<\/h4>\n\n\n\n<p>Les cookies fonctionnels sont utilis\u00e9s pour stocker les param\u00e8tres du site de l&rsquo;utilisateur afin de vous fournir un contenu plus optimis\u00e9. Ces cookies nous permettent de collecter des informations sur vos comportements sur le site (par exemple, les informations de compte, les pr\u00e9f\u00e9rences linguistiques, les r\u00e9gions d&rsquo;acc\u00e8s) et de fournir des services adapt\u00e9s \u00e0 vos pr\u00e9f\u00e9rences.<\/p>\n\n\n\n<h4 class=\"wp-block-heading\">(4) Cookies publicitaires<\/h4>\n\n\n\n<p>Les cookies publicitaires sont utilis\u00e9s pour stocker l&rsquo;historique de navigation de votre site afin de m\u00e9moriser vos centres d&rsquo;int\u00e9r\u00eat et vos comportements sur le site. Ces cookies stockent vos informations d&rsquo;acc\u00e8s et vos informations d&rsquo;attribut au moment de la connexion pour fournir des informations adapt\u00e9es \u00e0 vos pr\u00e9f\u00e9rences en termes de contenu et de personnalisation des publicit\u00e9s.<\/p>\n\n\n\n<h2 class=\"wp-block-heading\">5. Vos param\u00e8tres de cookies<\/h2>\n\n\n\n<h4 class=\"wp-block-heading\">(1) S\u00e9lection dans le menu Param\u00e8tres avanc\u00e9s des cookies<\/h4>\n\n\n\n<p>Le Site fournit une fonction qui vous permet de d\u00e9finir si vous autorisez ou d\u00e9sactivez vos cookies en fonction de vos pr\u00e9f\u00e9rences. Veuillez consulter\u00a0<button class=\"optanon-show-settings\" style=\"all:unset;cursor:pointer;text-decoration:underline;text-underline-offset:0;text-decoration-thickness:1px;\">les param\u00e8tres avanc\u00e9s des cookies<\/button><\/li> sur le site pour plus d&rsquo;informations.<\/p>\n\n\n\n<h4 class=\"wp-block-heading\">(2) Param\u00e9trage des cookies dans votre navigateur<\/h4>\n\n\n\n<p>Votre navigateur vous permet de d\u00e9finir des pr\u00e9f\u00e9rences en mati\u00e8re de cookies, telles que l&rsquo;autorisation ou la d\u00e9sactivation des cookies. Vous pouvez \u00e9galement supprimer les cookies de votre terminal depuis votre navigateur. Veuillez vous r\u00e9f\u00e9rer \u00e0 la page d&rsquo;aide du navigateur que vous utilisez pour les instructions de configuration r\u00e9elles. Toutefois, veuillez noter que la d\u00e9sactivation des cookies peut interf\u00e9rer avec l&rsquo;affichage et le fonctionnement du Site.<\/p>\n\n\n\n<h2 class=\"wp-block-heading\">6. Modifications de cette politique relative aux cookies<\/h2>\n\n\n\n<p>Veuillez noter que le contenu de cette politique relative aux cookies peut \u00eatre modifi\u00e9 \u00e0 tout moment. Si des modifications sont apport\u00e9es, la derni\u00e8re politique en mati\u00e8re de cookies sera publi\u00e9e sur le site.<\/p>\n\n\n\n<h2 class=\"wp-block-heading\">7. Demandes concernant cette politique relative aux cookies<\/h2>\n\n\n\n<p>Si vous avez des questions sur cette politique en mati\u00e8re de cookies, veuillez nous contacter \u00e0 partir de la page&nbsp;<a href=\"https:\/\/kawasaki-corporate.spiral-site.com\/cookiepolicy_EN\" target=\"_blank\" rel=\"noreferrer noopener\">Contact<\/a>&nbsp;du site.<\/p>\n","protected":false},"excerpt":{"rendered":"<p>Derni\u00e8re mise \u00e0 jour&nbsp;: 28\/02\/2022 1. Notre politique en mati\u00e8re de cookies (1) R\u00e8gles g\u00e9n\u00e9rales Kawasaki Heavy Industries, Ltd., ses soci\u00e9t\u00e9s affili\u00e9es ou ses agents (\u00ab\u00a0KHI\u00a0\u00bb) peuvent utiliser des cookies sur les sites Web (\u00ab\u00a0Site\u00a0\u00bb), qui sont \u00e9tablis et exploit\u00e9s par KHI, pour fournir des informations plus pertinentes \u00e0 nos clients (\u00ab\u00a0vous \u201d) et de mesurer et d&rsquo;analyser le Site. Cette politique relative aux cookies s&rsquo;applique \u00e0 tous les utilisateurs du site. Les cookies peuvent \u00eatre d\u00e9sactiv\u00e9s dans les param\u00e8tres de votre navigateur&nbsp;; cependant, vous ne pourrez peut-\u00eatre pas utiliser certains contenus en le faisant. Cette politique relative aux cookies d\u00e9crit les types de cookies utilis\u00e9s sur le site et [&hellip;]<\/p>\n","protected":false},"author":9,"featured_media":0,"parent":0,"menu_order":19,"comment_status":"closed","ping_status":"closed","template":"","meta":{"ep_exclude_from_search":false,"footnotes":""},"class_list":["post-3292","page","type-page","status-publish","hentry"],"yoast_head":"<!-- This site is optimized with the Yoast SEO plugin v25.9 - https:\/\/yoast.com\/wordpress\/plugins\/seo\/ -->\n<title>Politique relative aux cookies | Industrial Robots by Kawasaki Robotics<\/title>\n<meta name=\"description\" content=\"Kawasaki Heavy Industries | Politique relative aux cookies\" \/>\n<meta name=\"robots\" content=\"index, follow, max-snippet:-1, max-image-preview:large, max-video-preview:-1\" \/>\n<link rel=\"canonical\" href=\"https:\/\/kawasakirobotics.com\/fr\/cookie-policy\/\" \/>\n<meta property=\"og:locale\" content=\"fr_FR\" \/>\n<meta property=\"og:type\" content=\"article\" \/>\n<meta property=\"og:title\" content=\"Politique relative aux cookies | Industrial Robots by Kawasaki Robotics\" \/>\n<meta property=\"og:description\" content=\"Kawasaki Heavy Industries | Politique relative aux cookies\" \/>\n<meta property=\"og:url\" content=\"https:\/\/kawasakirobotics.com\/fr\/cookie-policy\/\" \/>\n<meta property=\"og:site_name\" content=\"Kawasaki Robotics\" \/>\n<meta property=\"article:modified_time\" content=\"2024-10-25T05:26:56+00:00\" \/>\n<meta property=\"og:image\" content=\"https:\/\/kawasakirobotics.com\/content\/themes\/krobot-theme\/src\/images\/default\/ogp.jpg\" \/>\n\t<meta property=\"og:image:width\" content=\"1200\" \/>\n\t<meta property=\"og:image:height\" content=\"630\" \/>\n\t<meta property=\"og:image:type\" content=\"image\/jpeg\" \/>\n<meta name=\"twitter:card\" content=\"summary_large_image\" \/>\n<script type=\"application\/ld+json\" class=\"yoast-schema-graph\">{\"@context\":\"https:\/\/schema.org\",\"@graph\":[{\"@type\":\"WebPage\",\"@id\":\"https:\/\/kawasakirobotics.com\/fr\/cookie-policy\/\",\"url\":\"https:\/\/kawasakirobotics.com\/fr\/cookie-policy\/\",\"name\":\"Politique relative aux cookies | Industrial Robots by Kawasaki Robotics\",\"isPartOf\":{\"@id\":\"https:\/\/kawasakirobotics.com\/fr\/#website\"},\"datePublished\":\"2022-02-10T04:57:42+00:00\",\"dateModified\":\"2024-10-25T05:26:56+00:00\",\"description\":\"Kawasaki Heavy Industries | Politique relative aux cookies\",\"breadcrumb\":{\"@id\":\"https:\/\/kawasakirobotics.com\/fr\/cookie-policy\/#breadcrumb\"},\"inLanguage\":\"fr-FR\",\"potentialAction\":[{\"@type\":\"ReadAction\",\"target\":[\"https:\/\/kawasakirobotics.com\/fr\/cookie-policy\/\"]}]},{\"@type\":\"BreadcrumbList\",\"@id\":\"https:\/\/kawasakirobotics.com\/fr\/cookie-policy\/#breadcrumb\",\"itemListElement\":[{\"@type\":\"ListItem\",\"position\":1,\"name\":\"Hau\",\"item\":\"https:\/\/kawasakirobotics.com\/fr\/\"},{\"@type\":\"ListItem\",\"position\":2,\"name\":\"Politique relative aux cookies\"}]},{\"@type\":\"WebSite\",\"@id\":\"https:\/\/kawasakirobotics.com\/fr\/#website\",\"url\":\"https:\/\/kawasakirobotics.com\/fr\/\",\"name\":\"Kawasaki Robotics\",\"description\":\"\",\"publisher\":{\"@id\":\"https:\/\/kawasakirobotics.com\/fr\/#organization\"},\"potentialAction\":[{\"@type\":\"SearchAction\",\"target\":{\"@type\":\"EntryPoint\",\"urlTemplate\":\"https:\/\/kawasakirobotics.com\/fr\/?s={search_term_string}\"},\"query-input\":{\"@type\":\"PropertyValueSpecification\",\"valueRequired\":true,\"valueName\":\"search_term_string\"}}],\"inLanguage\":\"fr-FR\"},{\"@type\":\"Organization\",\"@id\":\"https:\/\/kawasakirobotics.com\/fr\/#organization\",\"name\":\"\u5ddd\u5d0e\u91cd\u5de5\u696d\u30ed\u30dc\u30c3\u30c8\u30c7\u30a3\u30d3\u30b8\u30e7\u30f3\",\"url\":\"https:\/\/kawasakirobotics.com\/fr\/\",\"logo\":{\"@type\":\"ImageObject\",\"inLanguage\":\"fr-FR\",\"@id\":\"https:\/\/kawasakirobotics.com\/fr\/#\/schema\/logo\/image\/\",\"url\":\"\",\"contentUrl\":\"\",\"caption\":\"\u5ddd\u5d0e\u91cd\u5de5\u696d\u30ed\u30dc\u30c3\u30c8\u30c7\u30a3\u30d3\u30b8\u30e7\u30f3\"},\"image\":{\"@id\":\"https:\/\/kawasakirobotics.com\/fr\/#\/schema\/logo\/image\/\"}}]}<\/script>\n<!-- \/ Yoast SEO plugin. -->","yoast_head_json":{"title":"Politique relative aux cookies | Industrial Robots by Kawasaki Robotics","description":"Kawasaki Heavy Industries | Politique relative aux cookies","robots":{"index":"index","follow":"follow","max-snippet":"max-snippet:-1","max-image-preview":"max-image-preview:large","max-video-preview":"max-video-preview:-1"},"canonical":"https:\/\/kawasakirobotics.com\/fr\/cookie-policy\/","og_locale":"fr_FR","og_type":"article","og_title":"Politique relative aux cookies | Industrial Robots by Kawasaki Robotics","og_description":"Kawasaki Heavy Industries | Politique relative aux cookies","og_url":"https:\/\/kawasakirobotics.com\/fr\/cookie-policy\/","og_site_name":"Kawasaki Robotics","article_modified_time":"2024-10-25T05:26:56+00:00","og_image":[{"url":"https:\/\/kawasakirobotics.com\/content\/themes\/krobot-theme\/src\/images\/default\/ogp.jpg","width":"1200","height":"630","type":"image\/jpeg"}],"twitter_card":"summary_large_image","schema":{"@context":"https:\/\/schema.org","@graph":[{"@type":"WebPage","@id":"https:\/\/kawasakirobotics.com\/fr\/cookie-policy\/","url":"https:\/\/kawasakirobotics.com\/fr\/cookie-policy\/","name":"Politique relative aux cookies | Industrial Robots by Kawasaki Robotics","isPartOf":{"@id":"https:\/\/kawasakirobotics.com\/fr\/#website"},"datePublished":"2022-02-10T04:57:42+00:00","dateModified":"2024-10-25T05:26:56+00:00","description":"Kawasaki Heavy Industries | Politique relative aux cookies","breadcrumb":{"@id":"https:\/\/kawasakirobotics.com\/fr\/cookie-policy\/#breadcrumb"},"inLanguage":"fr-FR","potentialAction":[{"@type":"ReadAction","target":["https:\/\/kawasakirobotics.com\/fr\/cookie-policy\/"]}]},{"@type":"BreadcrumbList","@id":"https:\/\/kawasakirobotics.com\/fr\/cookie-policy\/#breadcrumb","itemListElement":[{"@type":"ListItem","position":1,"name":"Hau","item":"https:\/\/kawasakirobotics.com\/fr\/"},{"@type":"ListItem","position":2,"name":"Politique relative aux cookies"}]},{"@type":"WebSite","@id":"https:\/\/kawasakirobotics.com\/fr\/#website","url":"https:\/\/kawasakirobotics.com\/fr\/","name":"Kawasaki Robotics","description":"","publisher":{"@id":"https:\/\/kawasakirobotics.com\/fr\/#organization"},"potentialAction":[{"@type":"SearchAction","target":{"@type":"EntryPoint","urlTemplate":"https:\/\/kawasakirobotics.com\/fr\/?s={search_term_string}"},"query-input":{"@type":"PropertyValueSpecification","valueRequired":true,"valueName":"search_term_string"}}],"inLanguage":"fr-FR"},{"@type":"Organization","@id":"https:\/\/kawasakirobotics.com\/fr\/#organization","name":"\u5ddd\u5d0e\u91cd\u5de5\u696d\u30ed\u30dc\u30c3\u30c8\u30c7\u30a3\u30d3\u30b8\u30e7\u30f3","url":"https:\/\/kawasakirobotics.com\/fr\/","logo":{"@type":"ImageObject","inLanguage":"fr-FR","@id":"https:\/\/kawasakirobotics.com\/fr\/#\/schema\/logo\/image\/","url":"","contentUrl":"","caption":"\u5ddd\u5d0e\u91cd\u5de5\u696d\u30ed\u30dc\u30c3\u30c8\u30c7\u30a3\u30d3\u30b8\u30e7\u30f3"},"image":{"@id":"https:\/\/kawasakirobotics.com\/fr\/#\/schema\/logo\/image\/"}}]}},"_links":{"self":[{"href":"https:\/\/kawasakirobotics.com\/fr\/wp-json\/wp\/v2\/pages\/3292","targetHints":{"allow":["GET"]}}],"collection":[{"href":"https:\/\/kawasakirobotics.com\/fr\/wp-json\/wp\/v2\/pages"}],"about":[{"href":"https:\/\/kawasakirobotics.com\/fr\/wp-json\/wp\/v2\/types\/page"}],"author":[{"embeddable":true,"href":"https:\/\/kawasakirobotics.com\/fr\/wp-json\/wp\/v2\/users\/9"}],"replies":[{"embeddable":true,"href":"https:\/\/kawasakirobotics.com\/fr\/wp-json\/wp\/v2\/comments?post=3292"}],"version-history":[{"count":10,"href":"https:\/\/kawasakirobotics.com\/fr\/wp-json\/wp\/v2\/pages\/3292\/revisions"}],"predecessor-version":[{"id":5747,"href":"https:\/\/kawasakirobotics.com\/fr\/wp-json\/wp\/v2\/pages\/3292\/revisions\/5747"}],"wp:attachment":[{"href":"https:\/\/kawasakirobotics.com\/fr\/wp-json\/wp\/v2\/media?parent=3292"}],"curies":[{"name":"wp","href":"https:\/\/api.w.org\/{rel}","templated":true}]}}