{"id":3828,"date":"2022-02-21T05:36:07","date_gmt":"2022-02-21T05:36:07","guid":{"rendered":"urn:uuid:f97310e2-f8a8-46aa-9fe9-5af1a8170a40"},"modified":"2024-01-25T03:15:24","modified_gmt":"2024-01-25T02:15:24","slug":"customer-experience","status":"publish","type":"page","link":"https:\/\/kawasakirobotics.com\/fr\/customer-experience\/","title":{"rendered":"Exp\u00e9rience client"},"content":{"rendered":"\n<p>Nous pensons que le succ\u00e8s de l&rsquo;automatisation est bien plus qu&rsquo;un simple investissement ; c&rsquo;est un partenariat tout au long de la dur\u00e9e de vie de vos syst\u00e8mes robotiques. Gr\u00e2ce \u00e0 notre service, nos formations et nos ressources exclusives, nous veillons \u00e0 ce que nos partenaires et nos clients b\u00e9n\u00e9ficient du soutien dont ils ont besoin pour atteindre leurs objectifs. Avec un r\u00e9seau mondial de points de service, l&rsquo;\u00e9quipe de Kawasaki Robotics peut aider les clients chaque fois que cela est n\u00e9cessaire. Nous nous engageons \u00e0 \u00eatre l\u00e0 pour nos clients tout au long de leur parcours d&rsquo;automatisation.<\/p>\n\n\n\n<div class=\"wp-block-columns krobot-pattern-3cols krobot-pattern-plaincards is-layout-flex wp-container-core-columns-is-layout-28f84493 wp-block-columns-is-layout-flex\">\n<div class=\"wp-block-column krobot-pattern-3cols__item is-layout-flow wp-block-column-is-layout-flow\">\n<figure class=\"wp-block-image size-full krobot-pattern-plaincards__figure\"><img decoding=\"async\" src=\"https:\/\/kawasakirobotics.com\/tachyon\/2022\/03\/customer-service_005_800x450.jpg\" alt=\"\" class=\"wp-image-5450\" \/><\/figure>\n\n\n\n<h3 class=\"wp-block-heading has-text-align-center krobot-pattern-plaincards__title\">SERVICE APR\u00c8S VENTE<\/h3>\n\n\n\n<p class=\"krobot-pattern-plaincards__description\">Notre \u00e9quipe de service d\u00e9di\u00e9e r\u00e9pond toujours au t\u00e9l\u00e9phone lorsque vous appelez.<\/p>\n\n\n\n<div class=\"wp-block-buttons krobot-pattern-plaincards__more is-horizontal is-content-justification-center is-layout-flex wp-container-core-buttons-is-layout-03627597 wp-block-buttons-is-layout-flex\">\n<div class=\"wp-block-button is-style-outline is-style-outline--1\"><a class=\"wp-block-button__link wp-element-button\" href=\"https:\/\/kawasakirobotics.com\/fr\/customer-experience\/service-support\/\">APPRENDRE ENCORE PLUS<\/a><\/div>\n<\/div>\n<\/div>\n\n\n\n<div class=\"wp-block-column krobot-pattern-3cols__item is-layout-flow wp-block-column-is-layout-flow\">\n<figure class=\"wp-block-image size-large krobot-pattern-plaincards__figure\"><img decoding=\"async\" src=\"https:\/\/kawasakirobotics.com\/tachyon\/2022\/03\/training_002_800x450.jpg\" alt=\"\" class=\"wp-image-5459\" \/><\/figure>\n\n\n\n<h3 class=\"wp-block-heading has-text-align-center krobot-pattern-plaincards__title\">FORMATION<\/h3>\n\n\n\n<p class=\"krobot-pattern-plaincards__description\">Formation pratique par notre \u00e9quipe qualifi\u00e9e et exp\u00e9riment\u00e9e.<\/p>\n\n\n\n<div class=\"wp-block-buttons krobot-pattern-plaincards__more is-horizontal is-content-justification-center is-layout-flex wp-container-core-buttons-is-layout-03627597 wp-block-buttons-is-layout-flex\">\n<div class=\"wp-block-button is-style-outline is-style-outline--2\"><a class=\"wp-block-button__link wp-element-button\" href=\"https:\/\/kawasakirobotics.com\/fr\/customer-experience\/training\/\">APPRENDRE ENCORE PLUS<\/a><\/div>\n<\/div>\n<\/div>\n\n\n\n<div class=\"wp-block-column krobot-pattern-3cols__item is-layout-flow wp-block-column-is-layout-flow\">\n<figure class=\"wp-block-image size-large krobot-pattern-plaincards__figure\"><img decoding=\"async\" src=\"https:\/\/kawasakirobotics.com\/tachyon\/2022\/03\/accessibility_005_960x540.jpg?fit=900%2C540\" alt=\"\" class=\"wp-image-5477\" \/><\/figure>\n\n\n\n<h3 class=\"wp-block-heading has-text-align-center krobot-pattern-plaincards__title\">RESSOURCES EXCLUSIVES<\/h3>\n\n\n\n<p class=\"krobot-pattern-plaincards__description\">Giving partners and customers access to the robot information they need.<\/p>\n\n\n\n<div class=\"wp-block-buttons krobot-pattern-plaincards__more is-horizontal is-content-justification-center is-layout-flex wp-container-core-buttons-is-layout-03627597 wp-block-buttons-is-layout-flex\">\n<div class=\"wp-block-button is-style-outline is-style-outline--3\"><a class=\"wp-block-button__link wp-element-button\" href=\"https:\/\/kawasakirobotics.com\/fr\/customer-experience\/exculsive-resources\/\">APPRENDRE ENCORE PLUS<\/a><\/div>\n<\/div>\n<\/div>\n<\/div>\n","protected":false},"excerpt":{"rendered":"<p>Nous pensons que le succ\u00e8s de l&rsquo;automatisation est bien plus qu&rsquo;un simple investissement ; c&rsquo;est un partenariat tout au long de la dur\u00e9e de vie de vos syst\u00e8mes robotiques. Gr\u00e2ce \u00e0 notre service, nos formations et nos ressources exclusives, nous veillons \u00e0 ce que nos partenaires et nos clients b\u00e9n\u00e9ficient du soutien dont ils ont besoin pour atteindre leurs objectifs. Avec un r\u00e9seau mondial de points de service, l&rsquo;\u00e9quipe de Kawasaki Robotics peut aider les clients chaque fois que cela est n\u00e9cessaire. Nous nous engageons \u00e0 \u00eatre l\u00e0 pour nos clients tout au long de leur parcours d&rsquo;automatisation. SERVICE APR\u00c8S VENTE Notre \u00e9quipe de service d\u00e9di\u00e9e r\u00e9pond toujours au t\u00e9l\u00e9phone [&hellip;]<\/p>\n","protected":false},"author":9,"featured_media":931,"parent":0,"menu_order":7,"comment_status":"closed","ping_status":"closed","template":"","meta":{"ep_exclude_from_search":false,"footnotes":""},"class_list":["post-3828","page","type-page","status-publish","has-post-thumbnail","hentry"],"yoast_head":"<!-- This site is optimized with the Yoast SEO plugin v25.9 - https:\/\/yoast.com\/wordpress\/plugins\/seo\/ -->\n<title>Exp\u00e9rience client | Industrial Robots by Kawasaki Robotics<\/title>\n<meta name=\"description\" content=\"Automating a process is more than simply buying a robot. Learn about our customer service and training teams, as well as customer resources.\" \/>\n<meta name=\"robots\" content=\"index, follow, max-snippet:-1, max-image-preview:large, max-video-preview:-1\" \/>\n<link rel=\"canonical\" href=\"https:\/\/kawasakirobotics.com\/fr\/customer-experience\/\" \/>\n<meta property=\"og:locale\" content=\"fr_FR\" \/>\n<meta property=\"og:type\" content=\"article\" \/>\n<meta property=\"og:title\" content=\"Exp\u00e9rience client | Industrial Robots by Kawasaki Robotics\" \/>\n<meta property=\"og:description\" content=\"Automating a process is more than simply buying a robot. Learn about our customer service and training teams, as well as customer resources.\" \/>\n<meta property=\"og:url\" content=\"https:\/\/kawasakirobotics.com\/fr\/customer-experience\/\" \/>\n<meta property=\"og:site_name\" content=\"Kawasaki Robotics\" \/>\n<meta property=\"article:modified_time\" content=\"2024-01-25T02:15:24+00:00\" \/>\n<meta property=\"og:image\" content=\"https:\/\/kawasakirobotics.com\/content\/themes\/krobot-theme\/src\/images\/default\/ogp.jpg\" \/>\n\t<meta property=\"og:image:width\" content=\"1200\" \/>\n\t<meta property=\"og:image:height\" content=\"630\" \/>\n\t<meta property=\"og:image:type\" content=\"image\/jpeg\" \/>\n<meta name=\"twitter:card\" content=\"summary_large_image\" \/>\n<script type=\"application\/ld+json\" class=\"yoast-schema-graph\">{\"@context\":\"https:\/\/schema.org\",\"@graph\":[{\"@type\":\"WebPage\",\"@id\":\"https:\/\/kawasakirobotics.com\/fr\/customer-experience\/\",\"url\":\"https:\/\/kawasakirobotics.com\/fr\/customer-experience\/\",\"name\":\"Exp\u00e9rience client | Industrial Robots by Kawasaki Robotics\",\"isPartOf\":{\"@id\":\"https:\/\/kawasakirobotics.com\/fr\/#website\"},\"primaryImageOfPage\":{\"@id\":\"https:\/\/kawasakirobotics.com\/fr\/customer-experience\/#primaryimage\"},\"image\":{\"@id\":\"https:\/\/kawasakirobotics.com\/fr\/customer-experience\/#primaryimage\"},\"thumbnailUrl\":\"https:\/\/kawasakirobotics.com\/tachyon\/sites\/2\/2022\/01\/title-background-A1760261.jpg?fit=2160%2C360\",\"datePublished\":\"2022-02-21T05:36:07+00:00\",\"dateModified\":\"2024-01-25T02:15:24+00:00\",\"description\":\"Automating a process is more than simply buying a robot. Learn about our customer service and training teams, as well as customer resources.\",\"breadcrumb\":{\"@id\":\"https:\/\/kawasakirobotics.com\/fr\/customer-experience\/#breadcrumb\"},\"inLanguage\":\"fr-FR\",\"potentialAction\":[{\"@type\":\"ReadAction\",\"target\":[\"https:\/\/kawasakirobotics.com\/fr\/customer-experience\/\"]}]},{\"@type\":\"ImageObject\",\"inLanguage\":\"fr-FR\",\"@id\":\"https:\/\/kawasakirobotics.com\/fr\/customer-experience\/#primaryimage\",\"url\":\"https:\/\/kawasakirobotics.com\/tachyon\/sites\/2\/2022\/01\/title-background-A1760261.jpg?fit=2160%2C360\",\"contentUrl\":\"https:\/\/kawasakirobotics.com\/tachyon\/sites\/2\/2022\/01\/title-background-A1760261.jpg?fit=2160%2C360\",\"width\":2160,\"height\":360,\"caption\":\"Partners01\"},{\"@type\":\"BreadcrumbList\",\"@id\":\"https:\/\/kawasakirobotics.com\/fr\/customer-experience\/#breadcrumb\",\"itemListElement\":[{\"@type\":\"ListItem\",\"position\":1,\"name\":\"Hau\",\"item\":\"https:\/\/kawasakirobotics.com\/fr\/\"},{\"@type\":\"ListItem\",\"position\":2,\"name\":\"Exp\u00e9rience client\"}]},{\"@type\":\"WebSite\",\"@id\":\"https:\/\/kawasakirobotics.com\/fr\/#website\",\"url\":\"https:\/\/kawasakirobotics.com\/fr\/\",\"name\":\"Kawasaki Robotics\",\"description\":\"\",\"publisher\":{\"@id\":\"https:\/\/kawasakirobotics.com\/fr\/#organization\"},\"potentialAction\":[{\"@type\":\"SearchAction\",\"target\":{\"@type\":\"EntryPoint\",\"urlTemplate\":\"https:\/\/kawasakirobotics.com\/fr\/?s={search_term_string}\"},\"query-input\":{\"@type\":\"PropertyValueSpecification\",\"valueRequired\":true,\"valueName\":\"search_term_string\"}}],\"inLanguage\":\"fr-FR\"},{\"@type\":\"Organization\",\"@id\":\"https:\/\/kawasakirobotics.com\/fr\/#organization\",\"name\":\"\u5ddd\u5d0e\u91cd\u5de5\u696d\u30ed\u30dc\u30c3\u30c8\u30c7\u30a3\u30d3\u30b8\u30e7\u30f3\",\"url\":\"https:\/\/kawasakirobotics.com\/fr\/\",\"logo\":{\"@type\":\"ImageObject\",\"inLanguage\":\"fr-FR\",\"@id\":\"https:\/\/kawasakirobotics.com\/fr\/#\/schema\/logo\/image\/\",\"url\":\"\",\"contentUrl\":\"\",\"caption\":\"\u5ddd\u5d0e\u91cd\u5de5\u696d\u30ed\u30dc\u30c3\u30c8\u30c7\u30a3\u30d3\u30b8\u30e7\u30f3\"},\"image\":{\"@id\":\"https:\/\/kawasakirobotics.com\/fr\/#\/schema\/logo\/image\/\"}}]}<\/script>\n<!-- \/ Yoast SEO plugin. -->","yoast_head_json":{"title":"Exp\u00e9rience client | Industrial Robots by Kawasaki Robotics","description":"Automating a process is more than simply buying a robot. Learn about our customer service and training teams, as well as customer resources.","robots":{"index":"index","follow":"follow","max-snippet":"max-snippet:-1","max-image-preview":"max-image-preview:large","max-video-preview":"max-video-preview:-1"},"canonical":"https:\/\/kawasakirobotics.com\/fr\/customer-experience\/","og_locale":"fr_FR","og_type":"article","og_title":"Exp\u00e9rience client | Industrial Robots by Kawasaki Robotics","og_description":"Automating a process is more than simply buying a robot. Learn about our customer service and training teams, as well as customer resources.","og_url":"https:\/\/kawasakirobotics.com\/fr\/customer-experience\/","og_site_name":"Kawasaki Robotics","article_modified_time":"2024-01-25T02:15:24+00:00","og_image":[{"url":"https:\/\/kawasakirobotics.com\/content\/themes\/krobot-theme\/src\/images\/default\/ogp.jpg","width":"1200","height":"630","type":"image\/jpeg"}],"twitter_card":"summary_large_image","schema":{"@context":"https:\/\/schema.org","@graph":[{"@type":"WebPage","@id":"https:\/\/kawasakirobotics.com\/fr\/customer-experience\/","url":"https:\/\/kawasakirobotics.com\/fr\/customer-experience\/","name":"Exp\u00e9rience client | Industrial Robots by Kawasaki Robotics","isPartOf":{"@id":"https:\/\/kawasakirobotics.com\/fr\/#website"},"primaryImageOfPage":{"@id":"https:\/\/kawasakirobotics.com\/fr\/customer-experience\/#primaryimage"},"image":{"@id":"https:\/\/kawasakirobotics.com\/fr\/customer-experience\/#primaryimage"},"thumbnailUrl":"https:\/\/kawasakirobotics.com\/tachyon\/sites\/2\/2022\/01\/title-background-A1760261.jpg?fit=2160%2C360","datePublished":"2022-02-21T05:36:07+00:00","dateModified":"2024-01-25T02:15:24+00:00","description":"Automating a process is more than simply buying a robot. Learn about our customer service and training teams, as well as customer resources.","breadcrumb":{"@id":"https:\/\/kawasakirobotics.com\/fr\/customer-experience\/#breadcrumb"},"inLanguage":"fr-FR","potentialAction":[{"@type":"ReadAction","target":["https:\/\/kawasakirobotics.com\/fr\/customer-experience\/"]}]},{"@type":"ImageObject","inLanguage":"fr-FR","@id":"https:\/\/kawasakirobotics.com\/fr\/customer-experience\/#primaryimage","url":"https:\/\/kawasakirobotics.com\/tachyon\/sites\/2\/2022\/01\/title-background-A1760261.jpg?fit=2160%2C360","contentUrl":"https:\/\/kawasakirobotics.com\/tachyon\/sites\/2\/2022\/01\/title-background-A1760261.jpg?fit=2160%2C360","width":2160,"height":360,"caption":"Partners01"},{"@type":"BreadcrumbList","@id":"https:\/\/kawasakirobotics.com\/fr\/customer-experience\/#breadcrumb","itemListElement":[{"@type":"ListItem","position":1,"name":"Hau","item":"https:\/\/kawasakirobotics.com\/fr\/"},{"@type":"ListItem","position":2,"name":"Exp\u00e9rience client"}]},{"@type":"WebSite","@id":"https:\/\/kawasakirobotics.com\/fr\/#website","url":"https:\/\/kawasakirobotics.com\/fr\/","name":"Kawasaki Robotics","description":"","publisher":{"@id":"https:\/\/kawasakirobotics.com\/fr\/#organization"},"potentialAction":[{"@type":"SearchAction","target":{"@type":"EntryPoint","urlTemplate":"https:\/\/kawasakirobotics.com\/fr\/?s={search_term_string}"},"query-input":{"@type":"PropertyValueSpecification","valueRequired":true,"valueName":"search_term_string"}}],"inLanguage":"fr-FR"},{"@type":"Organization","@id":"https:\/\/kawasakirobotics.com\/fr\/#organization","name":"\u5ddd\u5d0e\u91cd\u5de5\u696d\u30ed\u30dc\u30c3\u30c8\u30c7\u30a3\u30d3\u30b8\u30e7\u30f3","url":"https:\/\/kawasakirobotics.com\/fr\/","logo":{"@type":"ImageObject","inLanguage":"fr-FR","@id":"https:\/\/kawasakirobotics.com\/fr\/#\/schema\/logo\/image\/","url":"","contentUrl":"","caption":"\u5ddd\u5d0e\u91cd\u5de5\u696d\u30ed\u30dc\u30c3\u30c8\u30c7\u30a3\u30d3\u30b8\u30e7\u30f3"},"image":{"@id":"https:\/\/kawasakirobotics.com\/fr\/#\/schema\/logo\/image\/"}}]}},"_links":{"self":[{"href":"https:\/\/kawasakirobotics.com\/fr\/wp-json\/wp\/v2\/pages\/3828","targetHints":{"allow":["GET"]}}],"collection":[{"href":"https:\/\/kawasakirobotics.com\/fr\/wp-json\/wp\/v2\/pages"}],"about":[{"href":"https:\/\/kawasakirobotics.com\/fr\/wp-json\/wp\/v2\/types\/page"}],"author":[{"embeddable":true,"href":"https:\/\/kawasakirobotics.com\/fr\/wp-json\/wp\/v2\/users\/9"}],"replies":[{"embeddable":true,"href":"https:\/\/kawasakirobotics.com\/fr\/wp-json\/wp\/v2\/comments?post=3828"}],"version-history":[{"count":11,"href":"https:\/\/kawasakirobotics.com\/fr\/wp-json\/wp\/v2\/pages\/3828\/revisions"}],"predecessor-version":[{"id":5571,"href":"https:\/\/kawasakirobotics.com\/fr\/wp-json\/wp\/v2\/pages\/3828\/revisions\/5571"}],"wp:featuredmedia":[{"embeddable":true,"href":"https:\/\/kawasakirobotics.com\/fr\/wp-json\/wp\/v2\/media\/931"}],"wp:attachment":[{"href":"https:\/\/kawasakirobotics.com\/fr\/wp-json\/wp\/v2\/media?parent=3828"}],"curies":[{"name":"wp","href":"https:\/\/api.w.org\/{rel}","templated":true}]}}