{"id":3868,"date":"2022-02-21T17:45:24","date_gmt":"2022-02-21T17:45:24","guid":{"rendered":"urn:uuid:ea5874b3-84a7-46f3-b0c8-88fc8d7b939e"},"modified":"2025-05-08T04:34:04","modified_gmt":"2025-05-08T02:34:04","slug":"why-kawasaki-robotics","status":"publish","type":"page","link":"https:\/\/kawasakirobotics.com\/fr\/why-kawasaki-robotics\/","title":{"rendered":"WHY KAWASAKI ROBOTICS"},"content":{"rendered":"\n<p>Avec une approche bas\u00e9e sur les services, un langage de programmation flexible et ouvert et un \u00e9tat d&rsquo;esprit ax\u00e9 sur le fabricant, nous sommes un type diff\u00e9rent d&rsquo;entreprise de robots.<\/p>\n\n\n\n<h2 class=\"wp-block-heading\">Notre ACCESSIBILIT\u00c9.<\/h2>\n\n\n\n<figure class=\"wp-block-image size-large\"><img loading=\"lazy\" decoding=\"async\" width=\"900\" height=\"506\" src=\"https:\/\/kawasakirobotics.com\/tachyon\/sites\/5\/2022\/03\/accessibility_004_960x540.webp\" alt=\"POURQUOI KAWASAKI ROBOTICS image client\" class=\"wp-image-4866\" srcset=\"https:\/\/kawasakirobotics.com\/tachyon\/sites\/30\/2022\/03\/accessibility_004_960x540.webp?resize=900%2C506&amp;crop_strategy=smart&amp;zoom=1 900w, https:\/\/kawasakirobotics.com\/tachyon\/sites\/30\/2022\/03\/accessibility_004_960x540.webp?resize=900%2C506&amp;crop_strategy=smart&amp;zoom=0.5 450w, https:\/\/kawasakirobotics.com\/tachyon\/sites\/30\/2022\/03\/accessibility_004_960x540.webp?resize=900%2C506&amp;crop_strategy=smart&amp;zoom=0.25 225w\" sizes=\"auto, (max-width: 900px) 100vw, 900px\" \/><\/figure>\n\n\n\n<p>La transparence est importante pour nous \u00e0 tous les niveaux de notre organisation. Lorsque vous travaillez avec Kawasaki Robotics, vous ne trouverez pas de co\u00fbts cach\u00e9s pour les logiciels, les manuels, la formation et les appels de service \u00e0 distance, etc. Notre plate-forme de programmation open source propose plusieurs types de langages de programmation pour tous les niveaux de comp\u00e9tence. Donner aux utilisateurs la possibilit\u00e9 de passer des op\u00e9rations de base aux int\u00e9grations d&rsquo;IA. Ceci, combin\u00e9 \u00e0 nos ressources et outils en ligne exclusifs, permet \u00e0 nos clients et partenaires d&rsquo;\u00eatre aux commandes. Nous nous engageons \u00e0 \u00eatre votre partenaire d&rsquo;automatisation accessible.<\/p>\n\n\n\n<div class=\"wp-block-buttons is-horizontal is-content-justification-center is-layout-flex wp-container-core-buttons-is-layout-03627597 wp-block-buttons-is-layout-flex\">\n<div class=\"wp-block-button\"><a class=\"wp-block-button__link wp-element-button\" href=\"https:\/\/kawasakirobotics.com\/fr\/customer-experience\/exculsive-resources\/\">APPRENDRE ENCORE PLUS<\/a><\/div>\n<\/div>\n\n\n\n<h2 class=\"wp-block-heading\">Notre QUALIT\u00c9.<\/h2>\n\n\n\n<figure class=\"wp-block-image size-large\"><img loading=\"lazy\" decoding=\"async\" width=\"899\" height=\"506\" src=\"https:\/\/kawasakirobotics.com\/tachyon\/sites\/5\/2022\/03\/quality_001_960x540_blurredjpg-01.webp\" alt=\"POURQUOI KAWASAKI ROBOTICS S\u00e9rie BX S\u00e9rie BXP\" class=\"wp-image-4867\" srcset=\"https:\/\/kawasakirobotics.com\/tachyon\/sites\/30\/2022\/03\/quality_001_960x540_blurredjpg-01.webp?resize=899%2C506&amp;crop_strategy=smart&amp;zoom=1 899w, https:\/\/kawasakirobotics.com\/tachyon\/sites\/30\/2022\/03\/quality_001_960x540_blurredjpg-01.webp?resize=899%2C506&amp;crop_strategy=smart&amp;zoom=0.5 450w, https:\/\/kawasakirobotics.com\/tachyon\/sites\/30\/2022\/03\/quality_001_960x540_blurredjpg-01.webp?resize=899%2C506&amp;crop_strategy=smart&amp;zoom=0.25 225w\" sizes=\"auto, (max-width: 899px) 100vw, 899px\" \/><\/figure>\n\n\n\n<p>Le nom Kawasaki est synonyme de pr\u00e9cision et de fiabilit\u00e9 car il fait partie de notre ADN. Depuis la cr\u00e9ation de Kawaski, la qualit\u00e9 est au centre de chaque produit construit, des motos aux avions. En tant que pionnier, Kawasaki Robotics a construit son premier bras de robot en 1969. Depuis, nous avons continu\u00e9 \u00e0 d\u00e9velopper une robotique de pointe, y compris des bras de robot avec une conception de robe interne brevet\u00e9e. Cela change la donne car cela rend nos robots faciles \u00e0 installer, \u00e0 entretenir et minimise l&rsquo;usure au fil du temps. Avec des charges utiles de robot allant de 3 kg \u00e0 1 500 kg, vous d\u00e9couvrirez sans aucun doute notre engagement envers la qualit\u00e9.&nbsp;&nbsp;<\/p>\n\n\n\n<div class=\"wp-block-buttons is-horizontal is-content-justification-center is-layout-flex wp-container-core-buttons-is-layout-03627597 wp-block-buttons-is-layout-flex\">\n<div class=\"wp-block-button\"><a class=\"wp-block-button__link wp-element-button\" href=\"https:\/\/kawasakirobotics.com\/fr\/products\/\">APPRENDRE ENCORE PLUS<\/a><\/div>\n<\/div>\n\n\n\n<h2 class=\"wp-block-heading\">Notre ING\u00c9NIOSIT\u00c9 HUMAINE.<\/h2>\n\n\n\n<figure class=\"wp-block-image size-large\"><img loading=\"lazy\" decoding=\"async\" width=\"900\" height=\"506\" src=\"https:\/\/kawasakirobotics.com\/tachyon\/sites\/5\/2022\/03\/ingenuity_03_960x540.webp\" alt=\"POURQUOI KAWASAKI ROBOTICS Client\" class=\"wp-image-4868\" srcset=\"https:\/\/kawasakirobotics.com\/tachyon\/sites\/30\/2022\/03\/ingenuity_03_960x540.webp?resize=900%2C506&amp;crop_strategy=smart&amp;zoom=1 900w, https:\/\/kawasakirobotics.com\/tachyon\/sites\/30\/2022\/03\/ingenuity_03_960x540.webp?resize=900%2C506&amp;crop_strategy=smart&amp;zoom=0.5 450w, https:\/\/kawasakirobotics.com\/tachyon\/sites\/30\/2022\/03\/ingenuity_03_960x540.webp?resize=900%2C506&amp;crop_strategy=smart&amp;zoom=0.25 225w\" sizes=\"auto, (max-width: 900px) 100vw, 900px\" \/><\/figure>\n\n\n\n<p>Automatiser un processus, c&rsquo;est bien plus que simplement acheter un robot, c&rsquo;est pourquoi nous voulons \u00eatre votre partenaire tout au long du processus. Nous n&rsquo;agissons pas simplement comme si nous nous soucions de nous ; nous nous soucions vraiment. Nous prenons le t\u00e9l\u00e9phone lorsque vous appelez et nous vous traitons de la m\u00eame mani\u00e8re, que vous soyez une grande entreprise ou une petite ou moyenne entreprise. Nous parlons clairement et nous n&rsquo;induisons jamais en erreur, traitant toujours nos clients et partenaires comme nous esp\u00e9rions \u00eatre trait\u00e9s. C&rsquo;est notre engagement \u00e0 utiliser l&rsquo;ing\u00e9niosit\u00e9 humaine pour d\u00e9velopper une robotique qui fait la diff\u00e9rence.&nbsp;<\/p>\n\n\n\n<div class=\"wp-block-buttons is-horizontal is-content-justification-center is-layout-flex wp-container-core-buttons-is-layout-03627597 wp-block-buttons-is-layout-flex\">\n<div class=\"wp-block-button\"><a class=\"wp-block-button__link wp-element-button\" href=\"https:\/\/kawasakirobotics.com\/fr\/company\/\">APPRENDRE ENCORE PLUS<\/a><\/div>\n<\/div>\n\n\n\n<h2 class=\"wp-block-heading\">Notre EXP\u00c9RIENCE CLIENT.<\/h2>\n\n\n\n<figure class=\"wp-block-image size-large\"><img loading=\"lazy\" decoding=\"async\" width=\"900\" height=\"506\" src=\"https:\/\/kawasakirobotics.com\/tachyon\/sites\/5\/2022\/03\/cust-experience_01_960x540.webp\" alt=\"POURQUOI KAWASAKI ROBOTICS02\" class=\"wp-image-4869\" srcset=\"https:\/\/kawasakirobotics.com\/tachyon\/sites\/30\/2022\/03\/cust-experience_01_960x540.webp?resize=900%2C506&amp;crop_strategy=smart&amp;zoom=1 900w, https:\/\/kawasakirobotics.com\/tachyon\/sites\/30\/2022\/03\/cust-experience_01_960x540.webp?resize=900%2C506&amp;crop_strategy=smart&amp;zoom=0.5 450w, https:\/\/kawasakirobotics.com\/tachyon\/sites\/30\/2022\/03\/cust-experience_01_960x540.webp?resize=900%2C506&amp;crop_strategy=smart&amp;zoom=0.25 225w\" sizes=\"auto, (max-width: 900px) 100vw, 900px\" \/><\/figure>\n\n\n\n<p>Nous appr\u00e9cions vraiment l&rsquo;exp\u00e9rience de nos clients, c&rsquo;est pourquoi l&rsquo;\u00e9quipe Kawasaki Robotics est toujours disponible. Nos \u00e9quipes de service et d&rsquo;assistance sont mondiales et leur objectif principal est de trouver la solution qui vous convient. Nous travaillerons avec vous pour essayer de r\u00e9soudre les probl\u00e8mes \u00e0 distance &#8211; un service gratuit pour tous les clients et partenaires. Nous nous engageons \u00e0 faire de vous une r\u00e9ussite en mati\u00e8re d&rsquo;automatisation.&nbsp;&nbsp;<\/p>\n\n\n\n<div class=\"wp-block-buttons is-horizontal is-content-justification-center is-layout-flex wp-container-core-buttons-is-layout-03627597 wp-block-buttons-is-layout-flex\">\n<div class=\"wp-block-button\"><a class=\"wp-block-button__link wp-element-button\" href=\"https:\/\/kawasakirobotics.com\/fr\/customer-experience\/\">APPRENDRE ENCORE PLUS<\/a><\/div>\n<\/div>\n\n\n\n<div class=\"wp-block-group alignfull site-cta is-layout-flow wp-block-group-is-layout-flow\">\n<div class=\"wp-block-group site-cta__inside is-layout-flow wp-block-group-is-layout-flow\">\n<p class=\"site-cta__text\"><strong><a rel=\"noreferrer noopener\" href=\"https:\/\/kawasaki-corporate.spiral-site.com\/ind_robot_en?_ifbs-ind_robot_en=s1_Step1\" target=\"_blank\">Pr\u00eat \u00e0 franchir la prochaine \u00e9tape vers l\u2019automatisation\u00a0?<\/a><\/strong><\/p>\n<\/div>\n<\/div>\n","protected":false},"excerpt":{"rendered":"<p>Avec une approche bas\u00e9e sur les services, un langage de programmation flexible et ouvert et un \u00e9tat d&rsquo;esprit ax\u00e9 sur le fabricant, nous sommes un type diff\u00e9rent d&rsquo;entreprise de robots. Notre ACCESSIBILIT\u00c9. La transparence est importante pour nous \u00e0 tous les niveaux de notre organisation. Lorsque vous travaillez avec Kawasaki Robotics, vous ne trouverez pas de co\u00fbts cach\u00e9s pour les logiciels, les manuels, la formation et les appels de service \u00e0 distance, etc. Notre plate-forme de programmation open source propose plusieurs types de langages de programmation pour tous les niveaux de comp\u00e9tence. Donner aux utilisateurs la possibilit\u00e9 de passer des op\u00e9rations de base aux int\u00e9grations d&rsquo;IA. Ceci, combin\u00e9 \u00e0 nos [&hellip;]<\/p>\n","protected":false},"author":9,"featured_media":0,"parent":0,"menu_order":3,"comment_status":"closed","ping_status":"closed","template":"","meta":{"ep_exclude_from_search":false,"footnotes":""},"class_list":["post-3868","page","type-page","status-publish","hentry"],"yoast_head":"<!-- This site is optimized with the Yoast SEO plugin v25.9 - https:\/\/yoast.com\/wordpress\/plugins\/seo\/ -->\n<title>WHY KAWASAKI ROBOTICS | Industrial Robots by Kawasaki Robotics<\/title>\n<meta name=\"description\" content=\"With a service-based approach, an open programming language and a manufacturer-first mindset, we are a different type of robot company.\" \/>\n<meta name=\"robots\" content=\"index, follow, max-snippet:-1, max-image-preview:large, max-video-preview:-1\" \/>\n<link rel=\"canonical\" href=\"https:\/\/kawasakirobotics.com\/fr\/why-kawasaki-robotics\/\" \/>\n<meta property=\"og:locale\" content=\"fr_FR\" \/>\n<meta property=\"og:type\" content=\"article\" \/>\n<meta property=\"og:title\" content=\"WHY KAWASAKI ROBOTICS | Industrial Robots by Kawasaki Robotics\" \/>\n<meta property=\"og:description\" content=\"With a service-based approach, an open programming language and a manufacturer-first mindset, we are a different type of robot company.\" \/>\n<meta property=\"og:url\" content=\"https:\/\/kawasakirobotics.com\/fr\/why-kawasaki-robotics\/\" \/>\n<meta property=\"og:site_name\" content=\"Kawasaki Robotics\" \/>\n<meta property=\"article:modified_time\" content=\"2025-05-08T02:34:04+00:00\" \/>\n<meta property=\"og:image\" content=\"https:\/\/kawasakirobotics.com\/content\/themes\/krobot-theme\/src\/images\/default\/ogp.jpg\" \/>\n\t<meta property=\"og:image:width\" content=\"1200\" \/>\n\t<meta property=\"og:image:height\" content=\"630\" \/>\n\t<meta property=\"og:image:type\" content=\"image\/jpeg\" \/>\n<meta name=\"twitter:card\" content=\"summary_large_image\" \/>\n<script type=\"application\/ld+json\" class=\"yoast-schema-graph\">{\"@context\":\"https:\/\/schema.org\",\"@graph\":[{\"@type\":\"WebPage\",\"@id\":\"https:\/\/kawasakirobotics.com\/fr\/why-kawasaki-robotics\/\",\"url\":\"https:\/\/kawasakirobotics.com\/fr\/why-kawasaki-robotics\/\",\"name\":\"WHY KAWASAKI ROBOTICS | Industrial Robots by Kawasaki Robotics\",\"isPartOf\":{\"@id\":\"https:\/\/kawasakirobotics.com\/fr\/#website\"},\"primaryImageOfPage\":{\"@id\":\"https:\/\/kawasakirobotics.com\/fr\/why-kawasaki-robotics\/#primaryimage\"},\"image\":{\"@id\":\"https:\/\/kawasakirobotics.com\/fr\/why-kawasaki-robotics\/#primaryimage\"},\"thumbnailUrl\":\"https:\/\/kawasakirobotics.com\/tachyon\/sites\/5\/2022\/03\/accessibility_004_960x540.webp\",\"datePublished\":\"2022-02-21T17:45:24+00:00\",\"dateModified\":\"2025-05-08T02:34:04+00:00\",\"description\":\"With a service-based approach, an open programming language and a manufacturer-first mindset, we are a different type of robot company.\",\"breadcrumb\":{\"@id\":\"https:\/\/kawasakirobotics.com\/fr\/why-kawasaki-robotics\/#breadcrumb\"},\"inLanguage\":\"fr-FR\",\"potentialAction\":[{\"@type\":\"ReadAction\",\"target\":[\"https:\/\/kawasakirobotics.com\/fr\/why-kawasaki-robotics\/\"]}]},{\"@type\":\"ImageObject\",\"inLanguage\":\"fr-FR\",\"@id\":\"https:\/\/kawasakirobotics.com\/fr\/why-kawasaki-robotics\/#primaryimage\",\"url\":\"https:\/\/kawasakirobotics.com\/tachyon\/sites\/5\/2022\/03\/accessibility_004_960x540.webp\",\"contentUrl\":\"https:\/\/kawasakirobotics.com\/tachyon\/sites\/5\/2022\/03\/accessibility_004_960x540.webp\"},{\"@type\":\"BreadcrumbList\",\"@id\":\"https:\/\/kawasakirobotics.com\/fr\/why-kawasaki-robotics\/#breadcrumb\",\"itemListElement\":[{\"@type\":\"ListItem\",\"position\":1,\"name\":\"Hau\",\"item\":\"https:\/\/kawasakirobotics.com\/fr\/\"},{\"@type\":\"ListItem\",\"position\":2,\"name\":\"WHY KAWASAKI ROBOTICS\"}]},{\"@type\":\"WebSite\",\"@id\":\"https:\/\/kawasakirobotics.com\/fr\/#website\",\"url\":\"https:\/\/kawasakirobotics.com\/fr\/\",\"name\":\"Kawasaki Robotics\",\"description\":\"\",\"publisher\":{\"@id\":\"https:\/\/kawasakirobotics.com\/fr\/#organization\"},\"potentialAction\":[{\"@type\":\"SearchAction\",\"target\":{\"@type\":\"EntryPoint\",\"urlTemplate\":\"https:\/\/kawasakirobotics.com\/fr\/?s={search_term_string}\"},\"query-input\":{\"@type\":\"PropertyValueSpecification\",\"valueRequired\":true,\"valueName\":\"search_term_string\"}}],\"inLanguage\":\"fr-FR\"},{\"@type\":\"Organization\",\"@id\":\"https:\/\/kawasakirobotics.com\/fr\/#organization\",\"name\":\"\u5ddd\u5d0e\u91cd\u5de5\u696d\u30ed\u30dc\u30c3\u30c8\u30c7\u30a3\u30d3\u30b8\u30e7\u30f3\",\"url\":\"https:\/\/kawasakirobotics.com\/fr\/\",\"logo\":{\"@type\":\"ImageObject\",\"inLanguage\":\"fr-FR\",\"@id\":\"https:\/\/kawasakirobotics.com\/fr\/#\/schema\/logo\/image\/\",\"url\":\"\",\"contentUrl\":\"\",\"caption\":\"\u5ddd\u5d0e\u91cd\u5de5\u696d\u30ed\u30dc\u30c3\u30c8\u30c7\u30a3\u30d3\u30b8\u30e7\u30f3\"},\"image\":{\"@id\":\"https:\/\/kawasakirobotics.com\/fr\/#\/schema\/logo\/image\/\"}}]}<\/script>\n<!-- \/ Yoast SEO plugin. -->","yoast_head_json":{"title":"WHY KAWASAKI ROBOTICS | Industrial Robots by Kawasaki Robotics","description":"With a service-based approach, an open programming language and a manufacturer-first mindset, we are a different type of robot company.","robots":{"index":"index","follow":"follow","max-snippet":"max-snippet:-1","max-image-preview":"max-image-preview:large","max-video-preview":"max-video-preview:-1"},"canonical":"https:\/\/kawasakirobotics.com\/fr\/why-kawasaki-robotics\/","og_locale":"fr_FR","og_type":"article","og_title":"WHY KAWASAKI ROBOTICS | Industrial Robots by Kawasaki Robotics","og_description":"With a service-based approach, an open programming language and a manufacturer-first mindset, we are a different type of robot company.","og_url":"https:\/\/kawasakirobotics.com\/fr\/why-kawasaki-robotics\/","og_site_name":"Kawasaki Robotics","article_modified_time":"2025-05-08T02:34:04+00:00","og_image":[{"url":"https:\/\/kawasakirobotics.com\/content\/themes\/krobot-theme\/src\/images\/default\/ogp.jpg","width":"1200","height":"630","type":"image\/jpeg"}],"twitter_card":"summary_large_image","schema":{"@context":"https:\/\/schema.org","@graph":[{"@type":"WebPage","@id":"https:\/\/kawasakirobotics.com\/fr\/why-kawasaki-robotics\/","url":"https:\/\/kawasakirobotics.com\/fr\/why-kawasaki-robotics\/","name":"WHY KAWASAKI ROBOTICS | Industrial Robots by Kawasaki Robotics","isPartOf":{"@id":"https:\/\/kawasakirobotics.com\/fr\/#website"},"primaryImageOfPage":{"@id":"https:\/\/kawasakirobotics.com\/fr\/why-kawasaki-robotics\/#primaryimage"},"image":{"@id":"https:\/\/kawasakirobotics.com\/fr\/why-kawasaki-robotics\/#primaryimage"},"thumbnailUrl":"https:\/\/kawasakirobotics.com\/tachyon\/sites\/5\/2022\/03\/accessibility_004_960x540.webp","datePublished":"2022-02-21T17:45:24+00:00","dateModified":"2025-05-08T02:34:04+00:00","description":"With a service-based approach, an open programming language and a manufacturer-first mindset, we are a different type of robot company.","breadcrumb":{"@id":"https:\/\/kawasakirobotics.com\/fr\/why-kawasaki-robotics\/#breadcrumb"},"inLanguage":"fr-FR","potentialAction":[{"@type":"ReadAction","target":["https:\/\/kawasakirobotics.com\/fr\/why-kawasaki-robotics\/"]}]},{"@type":"ImageObject","inLanguage":"fr-FR","@id":"https:\/\/kawasakirobotics.com\/fr\/why-kawasaki-robotics\/#primaryimage","url":"https:\/\/kawasakirobotics.com\/tachyon\/sites\/5\/2022\/03\/accessibility_004_960x540.webp","contentUrl":"https:\/\/kawasakirobotics.com\/tachyon\/sites\/5\/2022\/03\/accessibility_004_960x540.webp"},{"@type":"BreadcrumbList","@id":"https:\/\/kawasakirobotics.com\/fr\/why-kawasaki-robotics\/#breadcrumb","itemListElement":[{"@type":"ListItem","position":1,"name":"Hau","item":"https:\/\/kawasakirobotics.com\/fr\/"},{"@type":"ListItem","position":2,"name":"WHY KAWASAKI ROBOTICS"}]},{"@type":"WebSite","@id":"https:\/\/kawasakirobotics.com\/fr\/#website","url":"https:\/\/kawasakirobotics.com\/fr\/","name":"Kawasaki Robotics","description":"","publisher":{"@id":"https:\/\/kawasakirobotics.com\/fr\/#organization"},"potentialAction":[{"@type":"SearchAction","target":{"@type":"EntryPoint","urlTemplate":"https:\/\/kawasakirobotics.com\/fr\/?s={search_term_string}"},"query-input":{"@type":"PropertyValueSpecification","valueRequired":true,"valueName":"search_term_string"}}],"inLanguage":"fr-FR"},{"@type":"Organization","@id":"https:\/\/kawasakirobotics.com\/fr\/#organization","name":"\u5ddd\u5d0e\u91cd\u5de5\u696d\u30ed\u30dc\u30c3\u30c8\u30c7\u30a3\u30d3\u30b8\u30e7\u30f3","url":"https:\/\/kawasakirobotics.com\/fr\/","logo":{"@type":"ImageObject","inLanguage":"fr-FR","@id":"https:\/\/kawasakirobotics.com\/fr\/#\/schema\/logo\/image\/","url":"","contentUrl":"","caption":"\u5ddd\u5d0e\u91cd\u5de5\u696d\u30ed\u30dc\u30c3\u30c8\u30c7\u30a3\u30d3\u30b8\u30e7\u30f3"},"image":{"@id":"https:\/\/kawasakirobotics.com\/fr\/#\/schema\/logo\/image\/"}}]}},"_links":{"self":[{"href":"https:\/\/kawasakirobotics.com\/fr\/wp-json\/wp\/v2\/pages\/3868","targetHints":{"allow":["GET"]}}],"collection":[{"href":"https:\/\/kawasakirobotics.com\/fr\/wp-json\/wp\/v2\/pages"}],"about":[{"href":"https:\/\/kawasakirobotics.com\/fr\/wp-json\/wp\/v2\/types\/page"}],"author":[{"embeddable":true,"href":"https:\/\/kawasakirobotics.com\/fr\/wp-json\/wp\/v2\/users\/9"}],"replies":[{"embeddable":true,"href":"https:\/\/kawasakirobotics.com\/fr\/wp-json\/wp\/v2\/comments?post=3868"}],"version-history":[{"count":15,"href":"https:\/\/kawasakirobotics.com\/fr\/wp-json\/wp\/v2\/pages\/3868\/revisions"}],"predecessor-version":[{"id":5814,"href":"https:\/\/kawasakirobotics.com\/fr\/wp-json\/wp\/v2\/pages\/3868\/revisions\/5814"}],"wp:attachment":[{"href":"https:\/\/kawasakirobotics.com\/fr\/wp-json\/wp\/v2\/media?parent=3868"}],"curies":[{"name":"wp","href":"https:\/\/api.w.org\/{rel}","templated":true}]}}