{"id":3871,"date":"2022-02-21T17:46:03","date_gmt":"2022-02-21T17:46:03","guid":{"rendered":"urn:uuid:52320cec-a814-4c62-b17b-e31c7a4f10a3"},"modified":"2025-05-08T04:35:56","modified_gmt":"2025-05-08T02:35:56","slug":"robot-automation-faqs","status":"publish","type":"page","link":"https:\/\/kawasakirobotics.com\/fr\/robot-automation-faqs\/","title":{"rendered":"FAQ sur l&rsquo;automatisation des robots"},"content":{"rendered":"\n<figure class=\"wp-block-gallery has-nested-images columns-default is-cropped wp-block-gallery-1 is-layout-flex wp-block-gallery-is-layout-flex\">\n<figure class=\"wp-block-image size-large\"><img loading=\"lazy\" decoding=\"async\" width=\"1117\" height=\"1117\" data-id=\"5497\" src=\"https:\/\/kawasakirobotics.com\/tachyon\/2022\/03\/quality_005_1800x1200-2.jpg?fit=900%2C900\" alt=\"Robert Lambeck Automatisation de la peinture avec Kawasaki Robotics\" class=\"wp-image-5497\" \/><\/figure>\n\n\n\n<figure class=\"wp-block-image size-large\"><img decoding=\"async\" data-id=\"5624\" src=\"https:\/\/kawasakirobotics.com\/tachyon\/2022\/03\/Harbour-Tech-Cell-1-1.png\" alt=\"Positionneur K, robots de soudage Kawasaki, PST375-I1_\" class=\"wp-image-5624\" \/><\/figure>\n\n\n\n<figure class=\"wp-block-image size-large\"><img decoding=\"async\" data-id=\"5500\" src=\"https:\/\/kawasakirobotics.com\/tachyon\/2022\/03\/robot-arm_06_1800x1200.jpg?fit=900%2C900\" alt=\"\" class=\"wp-image-5500\" \/><\/figure>\n<\/figure>\n\n\n\n<h2 class=\"wp-block-heading\"><strong>Robots, robotique et automatisation \u2013 quelle est la diff\u00e9rence ?<\/strong><\/h2>\n\n\n\n<p>Les robots, la robotique et l&rsquo;automatisation sont utilis\u00e9s presque de mani\u00e8re interchangeable mais ont des significations diff\u00e9rentes. Les robots sont les bras de robot r\u00e9els que vous voyez dans une usine, et la robotique est la technologie qui implique la conception, la conception, la construction et le fonctionnement des robots dans la fabrication. L&rsquo;automatisation est d\u00e9finie comme une technologie qui utilise des syst\u00e8mes m\u00e9caniques, \u00e9lectroniques et informatiques pour le fonctionnement et le contr\u00f4le de la production. Un syst\u00e8me de robot automatis\u00e9 utilise de nombreux composants pour accomplir une t\u00e2che de mani\u00e8re autonome.<\/p>\n\n\n\n<h2 class=\"wp-block-heading\"><strong>Quels sont les principaux types d&rsquo;applications robotiques&nbsp;?<\/strong><\/h2>\n\n\n\n<ul class=\"wp-block-list\">\n<li><strong>Material handling<\/strong> processes involve moving an item from one place to another, just as the name suggests.<\/li>\n\n\n\n<li><strong>Assembly <\/strong>tasks require a robot to put something together. That could mean assembling multiple parts, like a gear box or a printed circuit board.<\/li>\n\n\n\n<li><strong>Processing<\/strong> applications include tasks like painting, arc welding, spot welding, polishing, and grinding.&nbsp;&nbsp;<\/li>\n<\/ul>\n\n\n\n<h2 class=\"wp-block-heading\"><strong>Comment choisir le bon bras de robot pour mon application ?<\/strong><\/h2>\n\n\n\n<p>Take the following items into account:<\/p>\n\n\n\n<ul class=\"wp-block-list\">\n<li><strong>Payload<\/strong>&nbsp; is the amount of weight a robot arm can lift. Don\u2019t forget to include the weight of the end effector and bracketing, if needed, into the payload calculation.<\/li>\n\n\n\n<li><strong>Reach<\/strong> is how far your robot arm can reach vertically and horizontally, which helps define the robot workspace and the application design.<\/li>\n\n\n\n<li><strong><strong>Type<\/strong><\/strong> is defined by the mechanical joints, rotary and\/or linear, that impart movement to the robot arm. Robots come with one to seven axes: Cartesian, SCARA, Delta, Collaborative and Articulated robots.<\/li>\n<\/ul>\n\n\n\n<h2 class=\"wp-block-heading\"><strong>Quels composants entrent dans une cellule robotis\u00e9e automatis\u00e9e&nbsp;?<\/strong><\/h2>\n\n\n\n<p>Un robot a besoin d&rsquo;\u00e9quipements suppl\u00e9mentaires pour \u00eatre op\u00e9rationnel et pour effectuer des t\u00e2ches. Voici quelques exemples:<\/p>\n\n\n\n<ul class=\"wp-block-list\">\n<li><strong><strong>End effectors<\/strong><\/strong> are also known as a gripper or end-of-arm tool. It\u2019s mounted to the end of the robot arm and is central to the application.<\/li>\n\n\n\n<li><strong><strong>Cell controls<\/strong><\/strong> include a controller that controls all operations of the cell. A teach pendant allows the user to program and operate the robot.<\/li>\n\n\n\n<li><strong>Peripheral equipment <\/strong>encompasses a wide range of items, such as infeed\/outfeed conveyors, part positioners, fixtures, vision systems and more.<\/li>\n\n\n\n<li><strong>Sensors<\/strong> relay presence\/absence information of parts to the robot. For example: When a part has reached a certain position on a conveyor, the sensor detects the part so the robot can execute a pick-up motion.<\/li>\n\n\n\n<li><strong>Safety <\/strong>is the most important part of any automated robotic cell. Safety methods protect personnel from hazards associated with the robot cell in operation. There are a wide range of options for safety equipment, from full safety fencing to sensors that require no actual hardware.<\/li>\n<\/ul>\n\n\n\n<h2 class=\"wp-block-heading\">Comment sont programm\u00e9s les robots ?<\/h2>\n\n\n\n<p>Chaque fabricant de robots utilise son propre langage de programmation, mais le n\u00f4tre est le meilleur ami de l&rsquo;ing\u00e9nieur. La plate-forme de programmation de Kawasaki Robotics est compos\u00e9e de trois langages de programmation puissants, intuitifs et flexibles pour les applications les plus \u00e9l\u00e9mentaires aux plus complexes &#8211; nous ne limitons pas votre potentiel.<\/p>\n\n\n\n<ul class=\"wp-block-list\">\n<li><strong>Kawasaki Block-Step Language<\/strong> is our beginner programming language and can be used for most applications. It\u2019s for the everyday operator and can be used to touch up points if necessary.<\/li>\n\n\n\n<li><strong>Kawasaki AS Language<\/strong> is geared toward users who already have basic programming experience. It allows them to write simple or complex motion paths and control logic. The open structure of AS Language allows users to program even the most advanced applications.<\/li>\n\n\n\n<li><strong>KRNX<\/strong> is for our more advanced programmers. It uses an API that lets externally generated motion programs control the robot.<\/li>\n<\/ul>\n\n\n\n<h2 class=\"wp-block-heading\">Quels types d&rsquo;applications sont id\u00e9ales pour l&rsquo;automatisation ?<\/h2>\n\n\n\n<p>Les bras de robots industriels sont id\u00e9aux pour les t\u00e2ches qui ne sont pas id\u00e9ales pour les humains. Voici une liste de crit\u00e8res :<\/p>\n\n\n\n<ul class=\"wp-block-list\">\n<li><strong>Dull:<\/strong> Tedious and repetitive tasks<\/li>\n\n\n\n<li><strong>Dirty:<\/strong> Applications in environments with lots of dust, paint or excessive debris<\/li>\n\n\n\n<li><strong>Dangerous:<\/strong> Hazardous processes that put employees at risk of injury<\/li>\n\n\n\n<li><strong>High precision:<\/strong> For products that require a flawless finish or highly accurate measurements<\/li>\n<\/ul>\n\n\n\n<h2 class=\"wp-block-heading\">Quels sont les avantages de l&rsquo;automatisation robotique ?<\/h2>\n\n\n\n<p>Pour la bonne application, les syst\u00e8mes robotiques offrent une multitude d&rsquo;avantages \u00e0 l&rsquo;utilisateur final. Un robot peut fonctionner sans arr\u00eat \u00e0 une vitesse d\u00e9finie sans supervision, ce qui vous offre la possibilit\u00e9 d&rsquo;augmenter les volumes de production.<\/p>\n\n\n\n<p>Un autre avantage de l&rsquo;automatisation robotique est la coh\u00e9rence. Les robots fonctionnent avec une r\u00e9p\u00e9tabilit\u00e9 et une pr\u00e9cision \u00e9lev\u00e9es, ce qui se refl\u00e8te dans l&rsquo;am\u00e9lioration de la qualit\u00e9 des pi\u00e8ces. Et en permettant aux robots de g\u00e9rer des t\u00e2ches non conviviales pour l&rsquo;homme, les employeurs peuvent requalifier leur main-d&rsquo;\u0153uvre pour un travail plus \u00e9panouissant dans un environnement plus s\u00fbr, pour n&rsquo;en nommer que quelques-uns.<\/p>\n\n\n\n<h2 class=\"wp-block-heading\">Quelles mesures puis-je prendre pour assurer le succ\u00e8s de mon syst\u00e8me de robot automatis\u00e9 ?<\/h2>\n\n\n\n<p>Lors de la transition d&rsquo;un processus manuel \u00e0 un processus automatis\u00e9, vous devrez peut-\u00eatre apporter des modifications \u00e0 la conception, \u00e0 l&rsquo;outillage et aux fixations de votre pi\u00e8ce pour vous assurer qu&rsquo;il est adapt\u00e9 \u00e0 l&rsquo;automatisation. Cet investissement sera justifi\u00e9 par les \u00e9conomies de co\u00fbts que vous constaterez une fois que votre cellule sera op\u00e9rationnelle.<\/p>\n\n\n\n<p>Il est important de s\u00e9lectionner un int\u00e9grateur de syst\u00e8me qui fournira le syst\u00e8me de robot d\u00e8s le d\u00e9part. Vous souhaitez vous associer \u00e0 des experts titulaires qui ont une expertise dans la conception, la conception, la construction et la mise en service du syst\u00e8me robotique. Mais n&rsquo;oubliez pas que vous \u00eates l&rsquo;expert dans la fabrication de votre produit &#8211; c&rsquo;est la combinaison de votre expertise et de leur exp\u00e9rience qui se traduit par des applications r\u00e9ussies.<\/p>\n\n\n\n<div style=\"height:100px\" aria-hidden=\"true\" class=\"wp-block-spacer\"><\/div>\n\n\n\n<div class=\"wp-block-cover alignfull is-light full_cover_block no-margin\"><span aria-hidden=\"true\" class=\"wp-block-cover__background has-white-background-color has-background-dim-90 has-background-dim\"><\/span><img loading=\"lazy\" decoding=\"async\" width=\"2560\" height=\"1714\" class=\"wp-block-cover__image-background wp-image-4414\" alt=\"\" src=\"https:\/\/kawasakirobotics.com\/tachyon\/sites\/5\/2022\/03\/A1760478-scaled.jpg\" data-object-fit=\"cover\" srcset=\"https:\/\/kawasakirobotics.com\/tachyon\/sites\/30\/2022\/03\/A1760478-scaled.jpg?resize=2560%2C1714&amp;zoom=1 2560w, https:\/\/kawasakirobotics.com\/tachyon\/sites\/30\/2022\/03\/A1760478-scaled.jpg?resize=2560%2C1714&amp;zoom=0.5 1280w, https:\/\/kawasakirobotics.com\/tachyon\/sites\/30\/2022\/03\/A1760478-scaled.jpg?resize=2560%2C1714&amp;zoom=0.25 640w\" sizes=\"auto, (max-width: 2560px) 100vw, 2560px\" \/><div class=\"wp-block-cover__inner-container is-layout-flow wp-block-cover-is-layout-flow\">\n<h1 class=\"wp-block-heading has-text-align-center\">Vous avez encore des questions ?<\/h1>\n\n\n\n<p>Nous sommes heureux de discuter.<\/p>\n\n\n\n<div class=\"wp-block-buttons is-vertical is-content-justification-center is-layout-flex wp-container-core-buttons-is-layout-734eb2c2 wp-block-buttons-is-layout-flex\">\n<div class=\"wp-block-button is-style-outline is-style-outline--2\"><a class=\"wp-block-button__link wp-element-button\" href=\"https:\/\/kawasakirobotics.com\/fr\/inquiry\/\">NOUS CONTACTER<\/a><\/div>\n<\/div>\n<\/div><\/div>\n","protected":false},"excerpt":{"rendered":"<p>Robots, robotique et automatisation \u2013 quelle est la diff\u00e9rence ? Les robots, la robotique et l&rsquo;automatisation sont utilis\u00e9s presque de mani\u00e8re interchangeable mais ont des significations diff\u00e9rentes. Les robots sont les bras de robot r\u00e9els que vous voyez dans une usine, et la robotique est la technologie qui implique la conception, la conception, la construction et le fonctionnement des robots dans la fabrication. L&rsquo;automatisation est d\u00e9finie comme une technologie qui utilise des syst\u00e8mes m\u00e9caniques, \u00e9lectroniques et informatiques pour le fonctionnement et le contr\u00f4le de la production. Un syst\u00e8me de robot automatis\u00e9 utilise de nombreux composants pour accomplir une t\u00e2che de mani\u00e8re autonome. Quels sont les principaux types d&rsquo;applications robotiques&nbsp;? Comment [&hellip;]<\/p>\n","protected":false},"author":9,"featured_media":0,"parent":0,"menu_order":4,"comment_status":"closed","ping_status":"closed","template":"","meta":{"ep_exclude_from_search":false,"footnotes":""},"class_list":["post-3871","page","type-page","status-publish","hentry"],"yoast_head":"<!-- This site is optimized with the Yoast SEO plugin v25.9 - https:\/\/yoast.com\/wordpress\/plugins\/seo\/ -->\n<title>FAQ sur l&#039;automatisation des robots | Industrial Robots by Kawasaki Robotics<\/title>\n<meta name=\"description\" content=\"Getting started with robotics? Browse frequently asked robot automation questions and find answers straight from our experts.\" \/>\n<meta name=\"robots\" content=\"index, follow, max-snippet:-1, max-image-preview:large, max-video-preview:-1\" \/>\n<link rel=\"canonical\" href=\"https:\/\/kawasakirobotics.com\/fr\/robot-automation-faqs\/\" \/>\n<meta property=\"og:locale\" content=\"fr_FR\" \/>\n<meta property=\"og:type\" content=\"article\" \/>\n<meta property=\"og:title\" content=\"FAQ sur l&#039;automatisation des robots | Industrial Robots by Kawasaki Robotics\" \/>\n<meta property=\"og:description\" content=\"Getting started with robotics? Browse frequently asked robot automation questions and find answers straight from our experts.\" \/>\n<meta property=\"og:url\" content=\"https:\/\/kawasakirobotics.com\/fr\/robot-automation-faqs\/\" \/>\n<meta property=\"og:site_name\" content=\"Kawasaki Robotics\" \/>\n<meta property=\"article:modified_time\" content=\"2025-05-08T02:35:56+00:00\" \/>\n<meta property=\"og:image\" content=\"https:\/\/kawasakirobotics.com\/content\/themes\/krobot-theme\/src\/images\/default\/ogp.jpg\" \/>\n\t<meta property=\"og:image:width\" content=\"1200\" \/>\n\t<meta property=\"og:image:height\" content=\"630\" \/>\n\t<meta property=\"og:image:type\" content=\"image\/jpeg\" \/>\n<meta name=\"twitter:card\" content=\"summary_large_image\" \/>\n<script type=\"application\/ld+json\" class=\"yoast-schema-graph\">{\"@context\":\"https:\/\/schema.org\",\"@graph\":[{\"@type\":\"WebPage\",\"@id\":\"https:\/\/kawasakirobotics.com\/fr\/robot-automation-faqs\/\",\"url\":\"https:\/\/kawasakirobotics.com\/fr\/robot-automation-faqs\/\",\"name\":\"FAQ sur l'automatisation des robots | Industrial Robots by Kawasaki Robotics\",\"isPartOf\":{\"@id\":\"https:\/\/kawasakirobotics.com\/fr\/#website\"},\"primaryImageOfPage\":{\"@id\":\"https:\/\/kawasakirobotics.com\/fr\/robot-automation-faqs\/#primaryimage\"},\"image\":{\"@id\":\"https:\/\/kawasakirobotics.com\/fr\/robot-automation-faqs\/#primaryimage\"},\"thumbnailUrl\":\"https:\/\/kawasakirobotics.com\/tachyon\/2022\/03\/quality_005_1800x1200-2.jpg?fit=900%2C900\",\"datePublished\":\"2022-02-21T17:46:03+00:00\",\"dateModified\":\"2025-05-08T02:35:56+00:00\",\"description\":\"Getting started with robotics? Browse frequently asked robot automation questions and find answers straight from our experts.\",\"breadcrumb\":{\"@id\":\"https:\/\/kawasakirobotics.com\/fr\/robot-automation-faqs\/#breadcrumb\"},\"inLanguage\":\"fr-FR\",\"potentialAction\":[{\"@type\":\"ReadAction\",\"target\":[\"https:\/\/kawasakirobotics.com\/fr\/robot-automation-faqs\/\"]}]},{\"@type\":\"ImageObject\",\"inLanguage\":\"fr-FR\",\"@id\":\"https:\/\/kawasakirobotics.com\/fr\/robot-automation-faqs\/#primaryimage\",\"url\":\"https:\/\/kawasakirobotics.com\/tachyon\/2022\/03\/quality_005_1800x1200-2.jpg?fit=900%2C900\",\"contentUrl\":\"https:\/\/kawasakirobotics.com\/tachyon\/2022\/03\/quality_005_1800x1200-2.jpg?fit=900%2C900\"},{\"@type\":\"BreadcrumbList\",\"@id\":\"https:\/\/kawasakirobotics.com\/fr\/robot-automation-faqs\/#breadcrumb\",\"itemListElement\":[{\"@type\":\"ListItem\",\"position\":1,\"name\":\"Hau\",\"item\":\"https:\/\/kawasakirobotics.com\/fr\/\"},{\"@type\":\"ListItem\",\"position\":2,\"name\":\"FAQ sur l&rsquo;automatisation des robots\"}]},{\"@type\":\"WebSite\",\"@id\":\"https:\/\/kawasakirobotics.com\/fr\/#website\",\"url\":\"https:\/\/kawasakirobotics.com\/fr\/\",\"name\":\"Kawasaki Robotics\",\"description\":\"\",\"publisher\":{\"@id\":\"https:\/\/kawasakirobotics.com\/fr\/#organization\"},\"potentialAction\":[{\"@type\":\"SearchAction\",\"target\":{\"@type\":\"EntryPoint\",\"urlTemplate\":\"https:\/\/kawasakirobotics.com\/fr\/?s={search_term_string}\"},\"query-input\":{\"@type\":\"PropertyValueSpecification\",\"valueRequired\":true,\"valueName\":\"search_term_string\"}}],\"inLanguage\":\"fr-FR\"},{\"@type\":\"Organization\",\"@id\":\"https:\/\/kawasakirobotics.com\/fr\/#organization\",\"name\":\"\u5ddd\u5d0e\u91cd\u5de5\u696d\u30ed\u30dc\u30c3\u30c8\u30c7\u30a3\u30d3\u30b8\u30e7\u30f3\",\"url\":\"https:\/\/kawasakirobotics.com\/fr\/\",\"logo\":{\"@type\":\"ImageObject\",\"inLanguage\":\"fr-FR\",\"@id\":\"https:\/\/kawasakirobotics.com\/fr\/#\/schema\/logo\/image\/\",\"url\":\"\",\"contentUrl\":\"\",\"caption\":\"\u5ddd\u5d0e\u91cd\u5de5\u696d\u30ed\u30dc\u30c3\u30c8\u30c7\u30a3\u30d3\u30b8\u30e7\u30f3\"},\"image\":{\"@id\":\"https:\/\/kawasakirobotics.com\/fr\/#\/schema\/logo\/image\/\"}}]}<\/script>\n<!-- \/ Yoast SEO plugin. -->","yoast_head_json":{"title":"FAQ sur l'automatisation des robots | Industrial Robots by Kawasaki Robotics","description":"Getting started with robotics? Browse frequently asked robot automation questions and find answers straight from our experts.","robots":{"index":"index","follow":"follow","max-snippet":"max-snippet:-1","max-image-preview":"max-image-preview:large","max-video-preview":"max-video-preview:-1"},"canonical":"https:\/\/kawasakirobotics.com\/fr\/robot-automation-faqs\/","og_locale":"fr_FR","og_type":"article","og_title":"FAQ sur l'automatisation des robots | Industrial Robots by Kawasaki Robotics","og_description":"Getting started with robotics? Browse frequently asked robot automation questions and find answers straight from our experts.","og_url":"https:\/\/kawasakirobotics.com\/fr\/robot-automation-faqs\/","og_site_name":"Kawasaki Robotics","article_modified_time":"2025-05-08T02:35:56+00:00","og_image":[{"url":"https:\/\/kawasakirobotics.com\/content\/themes\/krobot-theme\/src\/images\/default\/ogp.jpg","width":"1200","height":"630","type":"image\/jpeg"}],"twitter_card":"summary_large_image","schema":{"@context":"https:\/\/schema.org","@graph":[{"@type":"WebPage","@id":"https:\/\/kawasakirobotics.com\/fr\/robot-automation-faqs\/","url":"https:\/\/kawasakirobotics.com\/fr\/robot-automation-faqs\/","name":"FAQ sur l'automatisation des robots | Industrial Robots by Kawasaki Robotics","isPartOf":{"@id":"https:\/\/kawasakirobotics.com\/fr\/#website"},"primaryImageOfPage":{"@id":"https:\/\/kawasakirobotics.com\/fr\/robot-automation-faqs\/#primaryimage"},"image":{"@id":"https:\/\/kawasakirobotics.com\/fr\/robot-automation-faqs\/#primaryimage"},"thumbnailUrl":"https:\/\/kawasakirobotics.com\/tachyon\/2022\/03\/quality_005_1800x1200-2.jpg?fit=900%2C900","datePublished":"2022-02-21T17:46:03+00:00","dateModified":"2025-05-08T02:35:56+00:00","description":"Getting started with robotics? Browse frequently asked robot automation questions and find answers straight from our experts.","breadcrumb":{"@id":"https:\/\/kawasakirobotics.com\/fr\/robot-automation-faqs\/#breadcrumb"},"inLanguage":"fr-FR","potentialAction":[{"@type":"ReadAction","target":["https:\/\/kawasakirobotics.com\/fr\/robot-automation-faqs\/"]}]},{"@type":"ImageObject","inLanguage":"fr-FR","@id":"https:\/\/kawasakirobotics.com\/fr\/robot-automation-faqs\/#primaryimage","url":"https:\/\/kawasakirobotics.com\/tachyon\/2022\/03\/quality_005_1800x1200-2.jpg?fit=900%2C900","contentUrl":"https:\/\/kawasakirobotics.com\/tachyon\/2022\/03\/quality_005_1800x1200-2.jpg?fit=900%2C900"},{"@type":"BreadcrumbList","@id":"https:\/\/kawasakirobotics.com\/fr\/robot-automation-faqs\/#breadcrumb","itemListElement":[{"@type":"ListItem","position":1,"name":"Hau","item":"https:\/\/kawasakirobotics.com\/fr\/"},{"@type":"ListItem","position":2,"name":"FAQ sur l&rsquo;automatisation des robots"}]},{"@type":"WebSite","@id":"https:\/\/kawasakirobotics.com\/fr\/#website","url":"https:\/\/kawasakirobotics.com\/fr\/","name":"Kawasaki Robotics","description":"","publisher":{"@id":"https:\/\/kawasakirobotics.com\/fr\/#organization"},"potentialAction":[{"@type":"SearchAction","target":{"@type":"EntryPoint","urlTemplate":"https:\/\/kawasakirobotics.com\/fr\/?s={search_term_string}"},"query-input":{"@type":"PropertyValueSpecification","valueRequired":true,"valueName":"search_term_string"}}],"inLanguage":"fr-FR"},{"@type":"Organization","@id":"https:\/\/kawasakirobotics.com\/fr\/#organization","name":"\u5ddd\u5d0e\u91cd\u5de5\u696d\u30ed\u30dc\u30c3\u30c8\u30c7\u30a3\u30d3\u30b8\u30e7\u30f3","url":"https:\/\/kawasakirobotics.com\/fr\/","logo":{"@type":"ImageObject","inLanguage":"fr-FR","@id":"https:\/\/kawasakirobotics.com\/fr\/#\/schema\/logo\/image\/","url":"","contentUrl":"","caption":"\u5ddd\u5d0e\u91cd\u5de5\u696d\u30ed\u30dc\u30c3\u30c8\u30c7\u30a3\u30d3\u30b8\u30e7\u30f3"},"image":{"@id":"https:\/\/kawasakirobotics.com\/fr\/#\/schema\/logo\/image\/"}}]}},"_links":{"self":[{"href":"https:\/\/kawasakirobotics.com\/fr\/wp-json\/wp\/v2\/pages\/3871","targetHints":{"allow":["GET"]}}],"collection":[{"href":"https:\/\/kawasakirobotics.com\/fr\/wp-json\/wp\/v2\/pages"}],"about":[{"href":"https:\/\/kawasakirobotics.com\/fr\/wp-json\/wp\/v2\/types\/page"}],"author":[{"embeddable":true,"href":"https:\/\/kawasakirobotics.com\/fr\/wp-json\/wp\/v2\/users\/9"}],"replies":[{"embeddable":true,"href":"https:\/\/kawasakirobotics.com\/fr\/wp-json\/wp\/v2\/comments?post=3871"}],"version-history":[{"count":11,"href":"https:\/\/kawasakirobotics.com\/fr\/wp-json\/wp\/v2\/pages\/3871\/revisions"}],"predecessor-version":[{"id":5815,"href":"https:\/\/kawasakirobotics.com\/fr\/wp-json\/wp\/v2\/pages\/3871\/revisions\/5815"}],"wp:attachment":[{"href":"https:\/\/kawasakirobotics.com\/fr\/wp-json\/wp\/v2\/media?parent=3871"}],"curies":[{"name":"wp","href":"https:\/\/api.w.org\/{rel}","templated":true}]}}