{"id":4768,"date":"2022-03-03T03:19:35","date_gmt":"2022-03-03T03:19:35","guid":{"rendered":"urn:uuid:8c138585-29cc-422a-b085-b7641cb9c987"},"modified":"2024-01-23T23:22:12","modified_gmt":"2024-01-23T22:22:12","slug":"k-pall","status":"publish","type":"page","link":"https:\/\/kawasakirobotics.com\/fr\/k-pall\/","title":{"rendered":"K-PALL"},"content":{"rendered":"\n<h2 class=\"wp-block-heading\"><a href=\"The compact palletising cell from Kawasaki\">K-PALL: The compact palletising cell from Kawasaki<\/a><\/h2>\n\n\n\n<div class=\"wp-block-media-text alignwide is-stacked-on-mobile\"><figure class=\"wp-block-media-text__media\"><img decoding=\"async\" src=\"https:\/\/kawasakirobotics.com\/tachyon\/sites\/9\/2023\/03\/Simply-unique-1.png\" alt=\"\" class=\"wp-image-5851 size-full\" \/><\/figure><div class=\"wp-block-media-text__content\">\n<p class=\"has-large-font-size\">Experience K-PALL live at <strong>Interpack 2023 in D\u00fcsseldorf <\/strong>(Hall 6, Booth A66). Find more details and receive your free personal ticket <strong>here!<\/strong><\/p>\n<\/div><\/div>\n\n\n\n<figure class=\"wp-block-embed is-type-video is-provider-youtube wp-block-embed-youtube wp-embed-aspect-16-9 wp-has-aspect-ratio\"><div class=\"wp-block-embed__wrapper\">\n<iframe loading=\"lazy\" title=\"Introducing K-PALL by Kawasaki Robotics\" width=\"900\" height=\"506\" src=\"https:\/\/www.youtube.com\/embed\/vaKKaudsuFo?feature=oembed\" frameborder=\"0\" allow=\"accelerometer; autoplay; clipboard-write; encrypted-media; gyroscope; picture-in-picture; web-share\" referrerpolicy=\"strict-origin-when-cross-origin\" allowfullscreen><\/iframe>\n<\/div><\/figure>\n\n\n\n<p class=\"has-light-gray-background-color has-background\"><strong><strong>Available now!<\/strong><\/strong><\/p>\n\n\n\n<h4 class=\"wp-block-heading\">L&rsquo;automatisation n&rsquo;a jamais \u00e9t\u00e9 aussi facile<\/h4>\n\n\n\n<p>Tout ce dont vous avez besoin dans le plus petit espace : K-PALL de Kawasaki Robotics, avec sa conception extr\u00eamement compacte et l\u00e9g\u00e8re, est l&rsquo;une des cellules de palettisation les plus petites mais les plus puissantes du march\u00e9.<\/p>\n\n\n\n<p>Une technologie moderne, une conception intelligente et une utilisation intuitive font de K-PALL votre premi\u00e8re \u00e9tape optimale dans l&rsquo;automatisation de vos t\u00e2ches de palettisation.<\/p>\n\n\n\n<figure class=\"wp-block-image aligncenter size-full\"><img loading=\"lazy\" decoding=\"async\" width=\"738\" height=\"493\" src=\"https:\/\/kawasakirobotics.com\/tachyon\/sites\/5\/2022\/03\/K-PALL-Flyer-GER-Digital.jpeg\" alt=\"K-PALL\" class=\"wp-image-4732\" srcset=\"https:\/\/kawasakirobotics.com\/tachyon\/sites\/30\/2022\/03\/K-PALL-Flyer-GER-Digital.jpeg?resize=738%2C493&amp;zoom=1 738w, https:\/\/kawasakirobotics.com\/tachyon\/sites\/30\/2022\/03\/K-PALL-Flyer-GER-Digital.jpeg?resize=738%2C493&amp;zoom=0.5 369w, https:\/\/kawasakirobotics.com\/tachyon\/sites\/30\/2022\/03\/K-PALL-Flyer-GER-Digital.jpeg?resize=738%2C493&amp;zoom=0.25 185w\" sizes=\"auto, (max-width: 738px) 100vw, 738px\" \/><\/figure>\n\n\n\n<ul class=\"wp-block-list\">\n<li><strong>Plug &amp; Play et pr\u00eat \u00e0 l&#8217;emploi:<\/strong><br>Notre cellule est facile \u00e0 transporter et \u00e0 mettre en service \u2013 vous b\u00e9n\u00e9ficiez ainsi d&rsquo;une flexibilit\u00e9 maximale !<\/li>\n\n\n\n<li><strong>Facile \u00e0 int\u00e9grer:<\/strong><br>La solution autonome est compatible avec une large gamme de syst\u00e8mes et peut \u00e9galement \u00eatre facilement int\u00e9gr\u00e9e dans des usines de production existantes avec peu d&rsquo;efforts de planification.<\/li>\n\n\n\n<li><strong>La vitesse compte:<\/strong><br>K-PALL offre non seulement des temps de cycle extr\u00eamement rapides et est disponible dans les plus brefs d\u00e9lais, mais peut \u00e9galement \u00eatre appris et utilis\u00e9 avec tr\u00e8s peu d&rsquo;effort.<\/li>\n\n\n\n<li><strong>Performances maximales avec la robotique haut de gamme:<\/strong><br>Un robot de palettisation Kawasaki de la s\u00e9rie R \u00e9prouv\u00e9e fournit les performances, la vitesse et la pr\u00e9cision n\u00e9cessaires au c\u0153ur de la cellule K-PALL.<\/li>\n<\/ul>\n\n\n\n<h4 class=\"wp-block-heading\">Les caract\u00e9ristiques en un coup d&rsquo;\u0153il &#8211; la palettisation avec K-PALL est aussi simple que cela<\/h4>\n\n\n\n<figure class=\"wp-block-image aligncenter size-full\"><img decoding=\"async\" src=\"https:\/\/kawasakirobotics.com\/tachyon\/sites\/9\/2022\/02\/2K-PALL-Flyer-GER-Digital.jpeg\" alt=\"\" class=\"wp-image-4742\" \/><\/figure>\n\n\n\n<ul class=\"wp-block-list\">\n<li><strong>S\u00e9lectionnez simplement et lancez-vous\u00a0:<\/strong><br>Notre logiciel K-PALL Control avec des mod\u00e8les d&#8217;emballage pr\u00e9d\u00e9finis le rend possible.<\/li>\n\n\n\n<li><strong>Intuitif et clair :<\/strong><br>Utilisation simple via le grand \u00e9cran tactile.<\/li>\n\n\n\n<li><strong>Effort minimal\u00a0:<\/strong><br>Avec la mise en service num\u00e9rique via e-learning, la configuration s&rsquo;effectue en un rien de temps.<\/li>\n\n\n\n<li><strong>Assistance rapide\u00a0:<\/strong><br>Le d\u00e9pannage assist\u00e9 par le syst\u00e8me garantit une aide directe et pr\u00e9cise en cas de probl\u00e8me.<\/li>\n\n\n\n<li><strong>Maintenance pr\u00e9dictive:<\/strong><br>La surveillance en temps r\u00e9el nous permet de r\u00e9duire les temps d&rsquo;arr\u00eat \u00e0 un minimum absolu.<\/li>\n<\/ul>\n\n\n\n<div class=\"wp-block-group has-light-gray-background-color has-background is-layout-flow wp-block-group-is-layout-flow\">\n<h4 class=\"wp-block-heading has-text-align-center\">En savoir plus sur K-PALL<\/h4>\n\n\n\n<div class=\"wp-block-buttons is-horizontal is-content-justification-center is-layout-flex wp-container-core-buttons-is-layout-03627597 wp-block-buttons-is-layout-flex\">\n<div class=\"wp-block-button\"><a class=\"wp-block-button__link wp-element-button\" href=\"https:\/\/kawasakirobotics.com\/uploads\/sites\/5\/2022\/03\/K-PALL-Flyer-Kawasaki-Robotics-2021-EN.pdf\" target=\"_blank\" rel=\"noreferrer noopener\">T\u00e9l\u00e9charger la brochure<\/a><\/div>\n<\/div>\n<\/div>\n\n\n\n<div class=\"wp-block-media-text is-stacked-on-mobile\" style=\"grid-template-columns:25% auto\"><figure class=\"wp-block-media-text__media\"><img decoding=\"async\" src=\"https:\/\/kawasakirobotics.com\/tachyon\/sites\/9\/2022\/03\/A1180962-300x300-1.jpg\" alt=\"\" class=\"wp-image-5185 size-full\" \/><\/figure><div class=\"wp-block-media-text__content\">\n<h4 class=\"wp-block-heading\">Parle-nous<\/h4>\n\n\n\n<p>Andreas Bettenbrock<br><a href=\"mailto:k-pall@kawasakirobotics.de\">K-PALL@kawasakirobotics.de<\/a><br><\/p>\n<\/div><\/div>\n","protected":false},"excerpt":{"rendered":"<p>K-PALL: The compact palletising cell from Kawasaki Experience K-PALL live at Interpack 2023 in D\u00fcsseldorf (Hall 6, Booth A66). Find more details and receive your free personal ticket here! Available now! L&rsquo;automatisation n&rsquo;a jamais \u00e9t\u00e9 aussi facile Tout ce dont vous avez besoin dans le plus petit espace : K-PALL de Kawasaki Robotics, avec sa conception extr\u00eamement compacte et l\u00e9g\u00e8re, est l&rsquo;une des cellules de palettisation les plus petites mais les plus puissantes du march\u00e9. Une technologie moderne, une conception intelligente et une utilisation intuitive font de K-PALL votre premi\u00e8re \u00e9tape optimale dans l&rsquo;automatisation de vos t\u00e2ches de palettisation. Les caract\u00e9ristiques en un coup d&rsquo;\u0153il &#8211; la palettisation avec K-PALL [&hellip;]<\/p>\n","protected":false},"author":3,"featured_media":0,"parent":0,"menu_order":0,"comment_status":"closed","ping_status":"closed","template":"","meta":{"ep_exclude_from_search":false,"footnotes":""},"class_list":["post-4768","page","type-page","status-publish","hentry"],"yoast_head":"<!-- This site is optimized with the Yoast SEO plugin v25.9 - https:\/\/yoast.com\/wordpress\/plugins\/seo\/ -->\n<title>K-PALL | Industrial Robots by Kawasaki Robotics<\/title>\n<meta name=\"description\" content=\"Discover K-PALL, the extremely compact and lightweight palletizing solution from Kawasaki Robotics. K-PALL automates your palletizing tasks.\" \/>\n<meta name=\"robots\" content=\"index, follow, max-snippet:-1, max-image-preview:large, max-video-preview:-1\" \/>\n<link rel=\"canonical\" href=\"https:\/\/kawasakirobotics.com\/fr\/k-pall\/\" \/>\n<meta property=\"og:locale\" content=\"fr_FR\" \/>\n<meta property=\"og:type\" content=\"article\" \/>\n<meta property=\"og:title\" content=\"K-PALL | Industrial Robots by Kawasaki Robotics\" \/>\n<meta property=\"og:description\" content=\"Discover K-PALL, the extremely compact and lightweight palletizing solution from Kawasaki Robotics. K-PALL automates your palletizing tasks.\" \/>\n<meta property=\"og:url\" content=\"https:\/\/kawasakirobotics.com\/fr\/k-pall\/\" \/>\n<meta property=\"og:site_name\" content=\"Kawasaki Robotics\" \/>\n<meta property=\"article:modified_time\" content=\"2024-01-23T22:22:12+00:00\" \/>\n<meta property=\"og:image\" content=\"https:\/\/kawasakirobotics.com\/content\/themes\/krobot-theme\/src\/images\/default\/ogp.jpg\" \/>\n\t<meta property=\"og:image:width\" content=\"1200\" \/>\n\t<meta property=\"og:image:height\" content=\"630\" \/>\n\t<meta property=\"og:image:type\" content=\"image\/jpeg\" \/>\n<meta name=\"twitter:card\" content=\"summary_large_image\" \/>\n<script type=\"application\/ld+json\" class=\"yoast-schema-graph\">{\"@context\":\"https:\/\/schema.org\",\"@graph\":[{\"@type\":\"WebPage\",\"@id\":\"https:\/\/kawasakirobotics.com\/fr\/k-pall\/\",\"url\":\"https:\/\/kawasakirobotics.com\/fr\/k-pall\/\",\"name\":\"K-PALL | Industrial Robots by Kawasaki Robotics\",\"isPartOf\":{\"@id\":\"https:\/\/kawasakirobotics.com\/fr\/#website\"},\"primaryImageOfPage\":{\"@id\":\"https:\/\/kawasakirobotics.com\/fr\/k-pall\/#primaryimage\"},\"image\":{\"@id\":\"https:\/\/kawasakirobotics.com\/fr\/k-pall\/#primaryimage\"},\"thumbnailUrl\":\"https:\/\/kawasakirobotics.com\/tachyon\/sites\/9\/2023\/03\/Simply-unique-1.png\",\"datePublished\":\"2022-03-03T03:19:35+00:00\",\"dateModified\":\"2024-01-23T22:22:12+00:00\",\"description\":\"Discover K-PALL, the extremely compact and lightweight palletizing solution from Kawasaki Robotics. K-PALL automates your palletizing tasks.\",\"breadcrumb\":{\"@id\":\"https:\/\/kawasakirobotics.com\/fr\/k-pall\/#breadcrumb\"},\"inLanguage\":\"fr-FR\",\"potentialAction\":[{\"@type\":\"ReadAction\",\"target\":[\"https:\/\/kawasakirobotics.com\/fr\/k-pall\/\"]}]},{\"@type\":\"ImageObject\",\"inLanguage\":\"fr-FR\",\"@id\":\"https:\/\/kawasakirobotics.com\/fr\/k-pall\/#primaryimage\",\"url\":\"https:\/\/kawasakirobotics.com\/tachyon\/sites\/9\/2023\/03\/Simply-unique-1.png\",\"contentUrl\":\"https:\/\/kawasakirobotics.com\/tachyon\/sites\/9\/2023\/03\/Simply-unique-1.png\"},{\"@type\":\"BreadcrumbList\",\"@id\":\"https:\/\/kawasakirobotics.com\/fr\/k-pall\/#breadcrumb\",\"itemListElement\":[{\"@type\":\"ListItem\",\"position\":1,\"name\":\"Hau\",\"item\":\"https:\/\/kawasakirobotics.com\/fr\/\"},{\"@type\":\"ListItem\",\"position\":2,\"name\":\"K-PALL\"}]},{\"@type\":\"WebSite\",\"@id\":\"https:\/\/kawasakirobotics.com\/fr\/#website\",\"url\":\"https:\/\/kawasakirobotics.com\/fr\/\",\"name\":\"Kawasaki Robotics\",\"description\":\"\",\"publisher\":{\"@id\":\"https:\/\/kawasakirobotics.com\/fr\/#organization\"},\"potentialAction\":[{\"@type\":\"SearchAction\",\"target\":{\"@type\":\"EntryPoint\",\"urlTemplate\":\"https:\/\/kawasakirobotics.com\/fr\/?s={search_term_string}\"},\"query-input\":{\"@type\":\"PropertyValueSpecification\",\"valueRequired\":true,\"valueName\":\"search_term_string\"}}],\"inLanguage\":\"fr-FR\"},{\"@type\":\"Organization\",\"@id\":\"https:\/\/kawasakirobotics.com\/fr\/#organization\",\"name\":\"\u5ddd\u5d0e\u91cd\u5de5\u696d\u30ed\u30dc\u30c3\u30c8\u30c7\u30a3\u30d3\u30b8\u30e7\u30f3\",\"url\":\"https:\/\/kawasakirobotics.com\/fr\/\",\"logo\":{\"@type\":\"ImageObject\",\"inLanguage\":\"fr-FR\",\"@id\":\"https:\/\/kawasakirobotics.com\/fr\/#\/schema\/logo\/image\/\",\"url\":\"\",\"contentUrl\":\"\",\"caption\":\"\u5ddd\u5d0e\u91cd\u5de5\u696d\u30ed\u30dc\u30c3\u30c8\u30c7\u30a3\u30d3\u30b8\u30e7\u30f3\"},\"image\":{\"@id\":\"https:\/\/kawasakirobotics.com\/fr\/#\/schema\/logo\/image\/\"}}]}<\/script>\n<!-- \/ Yoast SEO plugin. -->","yoast_head_json":{"title":"K-PALL | Industrial Robots by Kawasaki Robotics","description":"Discover K-PALL, the extremely compact and lightweight palletizing solution from Kawasaki Robotics. K-PALL automates your palletizing tasks.","robots":{"index":"index","follow":"follow","max-snippet":"max-snippet:-1","max-image-preview":"max-image-preview:large","max-video-preview":"max-video-preview:-1"},"canonical":"https:\/\/kawasakirobotics.com\/fr\/k-pall\/","og_locale":"fr_FR","og_type":"article","og_title":"K-PALL | Industrial Robots by Kawasaki Robotics","og_description":"Discover K-PALL, the extremely compact and lightweight palletizing solution from Kawasaki Robotics. K-PALL automates your palletizing tasks.","og_url":"https:\/\/kawasakirobotics.com\/fr\/k-pall\/","og_site_name":"Kawasaki Robotics","article_modified_time":"2024-01-23T22:22:12+00:00","og_image":[{"url":"https:\/\/kawasakirobotics.com\/content\/themes\/krobot-theme\/src\/images\/default\/ogp.jpg","width":"1200","height":"630","type":"image\/jpeg"}],"twitter_card":"summary_large_image","schema":{"@context":"https:\/\/schema.org","@graph":[{"@type":"WebPage","@id":"https:\/\/kawasakirobotics.com\/fr\/k-pall\/","url":"https:\/\/kawasakirobotics.com\/fr\/k-pall\/","name":"K-PALL | Industrial Robots by Kawasaki Robotics","isPartOf":{"@id":"https:\/\/kawasakirobotics.com\/fr\/#website"},"primaryImageOfPage":{"@id":"https:\/\/kawasakirobotics.com\/fr\/k-pall\/#primaryimage"},"image":{"@id":"https:\/\/kawasakirobotics.com\/fr\/k-pall\/#primaryimage"},"thumbnailUrl":"https:\/\/kawasakirobotics.com\/tachyon\/sites\/9\/2023\/03\/Simply-unique-1.png","datePublished":"2022-03-03T03:19:35+00:00","dateModified":"2024-01-23T22:22:12+00:00","description":"Discover K-PALL, the extremely compact and lightweight palletizing solution from Kawasaki Robotics. K-PALL automates your palletizing tasks.","breadcrumb":{"@id":"https:\/\/kawasakirobotics.com\/fr\/k-pall\/#breadcrumb"},"inLanguage":"fr-FR","potentialAction":[{"@type":"ReadAction","target":["https:\/\/kawasakirobotics.com\/fr\/k-pall\/"]}]},{"@type":"ImageObject","inLanguage":"fr-FR","@id":"https:\/\/kawasakirobotics.com\/fr\/k-pall\/#primaryimage","url":"https:\/\/kawasakirobotics.com\/tachyon\/sites\/9\/2023\/03\/Simply-unique-1.png","contentUrl":"https:\/\/kawasakirobotics.com\/tachyon\/sites\/9\/2023\/03\/Simply-unique-1.png"},{"@type":"BreadcrumbList","@id":"https:\/\/kawasakirobotics.com\/fr\/k-pall\/#breadcrumb","itemListElement":[{"@type":"ListItem","position":1,"name":"Hau","item":"https:\/\/kawasakirobotics.com\/fr\/"},{"@type":"ListItem","position":2,"name":"K-PALL"}]},{"@type":"WebSite","@id":"https:\/\/kawasakirobotics.com\/fr\/#website","url":"https:\/\/kawasakirobotics.com\/fr\/","name":"Kawasaki Robotics","description":"","publisher":{"@id":"https:\/\/kawasakirobotics.com\/fr\/#organization"},"potentialAction":[{"@type":"SearchAction","target":{"@type":"EntryPoint","urlTemplate":"https:\/\/kawasakirobotics.com\/fr\/?s={search_term_string}"},"query-input":{"@type":"PropertyValueSpecification","valueRequired":true,"valueName":"search_term_string"}}],"inLanguage":"fr-FR"},{"@type":"Organization","@id":"https:\/\/kawasakirobotics.com\/fr\/#organization","name":"\u5ddd\u5d0e\u91cd\u5de5\u696d\u30ed\u30dc\u30c3\u30c8\u30c7\u30a3\u30d3\u30b8\u30e7\u30f3","url":"https:\/\/kawasakirobotics.com\/fr\/","logo":{"@type":"ImageObject","inLanguage":"fr-FR","@id":"https:\/\/kawasakirobotics.com\/fr\/#\/schema\/logo\/image\/","url":"","contentUrl":"","caption":"\u5ddd\u5d0e\u91cd\u5de5\u696d\u30ed\u30dc\u30c3\u30c8\u30c7\u30a3\u30d3\u30b8\u30e7\u30f3"},"image":{"@id":"https:\/\/kawasakirobotics.com\/fr\/#\/schema\/logo\/image\/"}}]}},"_links":{"self":[{"href":"https:\/\/kawasakirobotics.com\/fr\/wp-json\/wp\/v2\/pages\/4768","targetHints":{"allow":["GET"]}}],"collection":[{"href":"https:\/\/kawasakirobotics.com\/fr\/wp-json\/wp\/v2\/pages"}],"about":[{"href":"https:\/\/kawasakirobotics.com\/fr\/wp-json\/wp\/v2\/types\/page"}],"author":[{"embeddable":true,"href":"https:\/\/kawasakirobotics.com\/fr\/wp-json\/wp\/v2\/users\/3"}],"replies":[{"embeddable":true,"href":"https:\/\/kawasakirobotics.com\/fr\/wp-json\/wp\/v2\/comments?post=4768"}],"version-history":[{"count":8,"href":"https:\/\/kawasakirobotics.com\/fr\/wp-json\/wp\/v2\/pages\/4768\/revisions"}],"predecessor-version":[{"id":5555,"href":"https:\/\/kawasakirobotics.com\/fr\/wp-json\/wp\/v2\/pages\/4768\/revisions\/5555"}],"wp:attachment":[{"href":"https:\/\/kawasakirobotics.com\/fr\/wp-json\/wp\/v2\/media?parent=4768"}],"curies":[{"name":"wp","href":"https:\/\/api.w.org\/{rel}","templated":true}]}}