{"id":4771,"date":"2022-03-03T03:37:12","date_gmt":"2022-03-03T03:37:12","guid":{"rendered":"urn:uuid:d3860912-7f92-42ec-9957-10281bddbeee"},"modified":"2025-05-08T10:00:28","modified_gmt":"2025-05-08T08:00:28","slug":"k-positioner","status":"publish","type":"page","link":"https:\/\/kawasakirobotics.com\/fr\/k-positioner\/","title":{"rendered":"Positionneur K"},"content":{"rendered":"\n<figure class=\"wp-block-embed is-type-video is-provider-youtube wp-block-embed-youtube wp-embed-aspect-16-9 wp-has-aspect-ratio\"><div class=\"wp-block-embed__wrapper\">\n<iframe loading=\"lazy\" title=\"Kawasaki Robotics BA006L welding motorbike steel frame\" width=\"900\" height=\"506\" src=\"https:\/\/www.youtube.com\/embed\/sBDzODSBCUE?feature=oembed\" frameborder=\"0\" allow=\"accelerometer; autoplay; clipboard-write; encrypted-media; gyroscope; picture-in-picture; web-share\" referrerpolicy=\"strict-origin-when-cross-origin\" allowfullscreen><\/iframe>\n<\/div><\/figure>\n\n\n\n<h2 class=\"wp-block-heading\">Positionneurs haut de gamme pour vos applications individuelles<\/h2>\n\n\n\n<p>Kawasaki fournit une gamme compl\u00e8te de positionneurs haut de gamme, allant des positionneurs \u00e0 axe unique avec un axe vertical (tables rotatives) ou un axe horizontal (avec ou sans support suppl\u00e9mentaire) aux positionneurs multiples. Les positionneurs peuvent manipuler des produits allant de 100 kg \u00e0 3 000 kg. Chacun des positionneurs peut \u00eatre livr\u00e9 imm\u00e9diatement dans sa configuration standard ou \u00eatre pr\u00e9par\u00e9 dans des conceptions sp\u00e9cialis\u00e9es qui r\u00e9pondent \u00e0 tous les besoins d&rsquo;application individuels.<\/p>\n\n\n\n<figure class=\"wp-block-image size-large\"><img loading=\"lazy\" decoding=\"async\" width=\"2048\" height=\"1301\" src=\"https:\/\/kawasakirobotics.com\/tachyon\/sites\/5\/2022\/03\/K-Positioners-no-background-shades-2048x1301-1.png?fit=900%2C900\" alt=\"Positionneur K 1\" class=\"wp-image-4772\" srcset=\"https:\/\/kawasakirobotics.com\/tachyon\/sites\/30\/2022\/03\/K-Positioners-no-background-shades-2048x1301-1.png?resize=2048%2C1301&amp;zoom=1 2048w, https:\/\/kawasakirobotics.com\/tachyon\/sites\/30\/2022\/03\/K-Positioners-no-background-shades-2048x1301-1.png?resize=2048%2C1301&amp;zoom=0.5 1024w, https:\/\/kawasakirobotics.com\/tachyon\/sites\/30\/2022\/03\/K-Positioners-no-background-shades-2048x1301-1.png?resize=2048%2C1301&amp;zoom=0.25 512w\" sizes=\"auto, (max-width: 2048px) 100vw, 2048px\" \/><\/figure>\n\n\n\n<h2 class=\"wp-block-heading\">Aussi fiable et pr\u00e9cis que les robots Kawasaki eux-m\u00eames<\/h2>\n\n\n\n<p>Les K-Positioners ont \u00e9t\u00e9 sp\u00e9cialement d\u00e9velopp\u00e9s pour fonctionner parfaitement avec les robots Kawasaki. Gr\u00e2ce aux pi\u00e8ces d&rsquo;origine Kawasaki, ils sont aussi fiables et pr\u00e9cis que les robots eux-m\u00eames. Les positionneurs sont entra\u00een\u00e9s par un axe Kawasaki suppl\u00e9mentaire contr\u00f4l\u00e9 par le contr\u00f4leur du robot, assurant une int\u00e9gration facile et rapide.<\/p>\n\n\n\n<figure class=\"wp-block-image size-large\"><img loading=\"lazy\" decoding=\"async\" width=\"1000\" height=\"667\" src=\"https:\/\/kawasakirobotics.com\/tachyon\/sites\/5\/2022\/03\/anipol-65-tme1.jpeg?fit=900%2C667\" alt=\"Positionneur K 2\" class=\"wp-image-4773\" srcset=\"https:\/\/kawasakirobotics.com\/tachyon\/sites\/30\/2022\/03\/anipol-65-tme1.jpeg?resize=1000%2C667&amp;zoom=1 1000w, https:\/\/kawasakirobotics.com\/tachyon\/sites\/30\/2022\/03\/anipol-65-tme1.jpeg?resize=1000%2C667&amp;zoom=0.5 500w, https:\/\/kawasakirobotics.com\/tachyon\/sites\/30\/2022\/03\/anipol-65-tme1.jpeg?resize=1000%2C667&amp;zoom=0.25 250w\" sizes=\"auto, (max-width: 1000px) 100vw, 1000px\" \/><\/figure>\n\n\n\n<h2 class=\"wp-block-heading\">La construction modulaire offre une flexibilit\u00e9 et des performances maximales<\/h2>\n\n\n\n<p>La gamme de positionneurs K est bas\u00e9e sur le concept de construction modulaire, ce qui permet de la modifier et de s&rsquo;adapter facilement aux besoins changeants de la production. Leur construction robuste et rigide permet de souder avec des performances et une productivit\u00e9 optimales constantes, maintenant ainsi une excellente qualit\u00e9 du produit et garantissant une ex\u00e9cution des commandes dans les d\u00e9lais.<\/p>\n\n\n\n<div class=\"wp-block-group has-light-gray-background-color has-background is-layout-flow wp-block-group-is-layout-flow\">\n<h4 class=\"wp-block-heading has-text-align-center\">En savoir plus sur K-Positioner<\/h4>\n\n\n\n<div class=\"wp-block-buttons is-horizontal is-content-justification-center is-layout-flex wp-container-core-buttons-is-layout-03627597 wp-block-buttons-is-layout-flex\">\n<div class=\"wp-block-button\"><a class=\"wp-block-button__link wp-element-button\" href=\"https:\/\/kawasaki-corporate.spiral-site.com\/ind_robot_eu?_ifbs-ind_robot_eu=s1_Step1&amp;_gl=1*1iapzqc*_ga*MTQ4ODM3MDE3MC4xNjM3NzMyNDU4*_ga_GRRCX7N19P*MTY0NjI2ODUzOC4yLjEuMTY0NjI3ODE0NC4w\" target=\"_blank\" rel=\"noreferrer noopener\">Contacter<\/a><\/div>\n<\/div>\n<\/div>\n","protected":false},"excerpt":{"rendered":"<p>Positionneurs haut de gamme pour vos applications individuelles Kawasaki fournit une gamme compl\u00e8te de positionneurs haut de gamme, allant des positionneurs \u00e0 axe unique avec un axe vertical (tables rotatives) ou un axe horizontal (avec ou sans support suppl\u00e9mentaire) aux positionneurs multiples. Les positionneurs peuvent manipuler des produits allant de 100 kg \u00e0 3 000 kg. Chacun des positionneurs peut \u00eatre livr\u00e9 imm\u00e9diatement dans sa configuration standard ou \u00eatre pr\u00e9par\u00e9 dans des conceptions sp\u00e9cialis\u00e9es qui r\u00e9pondent \u00e0 tous les besoins d&rsquo;application individuels. Aussi fiable et pr\u00e9cis que les robots Kawasaki eux-m\u00eames Les K-Positioners ont \u00e9t\u00e9 sp\u00e9cialement d\u00e9velopp\u00e9s pour fonctionner parfaitement avec les robots Kawasaki. Gr\u00e2ce aux pi\u00e8ces d&rsquo;origine Kawasaki, ils [&hellip;]<\/p>\n","protected":false},"author":3,"featured_media":0,"parent":0,"menu_order":0,"comment_status":"closed","ping_status":"closed","template":"","meta":{"ep_exclude_from_search":false,"footnotes":""},"class_list":["post-4771","page","type-page","status-publish","hentry"],"yoast_head":"<!-- This site is optimized with the Yoast SEO plugin v25.9 - https:\/\/yoast.com\/wordpress\/plugins\/seo\/ -->\n<title>Positionneur K | Industrial Robots by Kawasaki Robotics<\/title>\n<meta name=\"description\" content=\"Kawasaki Robotics offers a wide range of high-end positioners, from single to multi-axis, capable of handling products from 100kg to 3,000kg.\" \/>\n<meta name=\"robots\" content=\"index, follow, max-snippet:-1, max-image-preview:large, max-video-preview:-1\" \/>\n<link rel=\"canonical\" href=\"https:\/\/kawasakirobotics.com\/fr\/k-positioner\/\" \/>\n<meta property=\"og:locale\" content=\"fr_FR\" \/>\n<meta property=\"og:type\" content=\"article\" \/>\n<meta property=\"og:title\" content=\"Positionneur K | Industrial Robots by Kawasaki Robotics\" \/>\n<meta property=\"og:description\" content=\"Kawasaki Robotics offers a wide range of high-end positioners, from single to multi-axis, capable of handling products from 100kg to 3,000kg.\" \/>\n<meta property=\"og:url\" content=\"https:\/\/kawasakirobotics.com\/fr\/k-positioner\/\" \/>\n<meta property=\"og:site_name\" content=\"Kawasaki Robotics\" \/>\n<meta property=\"article:modified_time\" content=\"2025-05-08T08:00:28+00:00\" \/>\n<meta property=\"og:image\" content=\"https:\/\/kawasakirobotics.com\/content\/themes\/krobot-theme\/src\/images\/default\/ogp.jpg\" \/>\n\t<meta property=\"og:image:width\" content=\"1200\" \/>\n\t<meta property=\"og:image:height\" content=\"630\" \/>\n\t<meta property=\"og:image:type\" content=\"image\/jpeg\" \/>\n<meta name=\"twitter:card\" content=\"summary_large_image\" \/>\n<script type=\"application\/ld+json\" class=\"yoast-schema-graph\">{\"@context\":\"https:\/\/schema.org\",\"@graph\":[{\"@type\":\"WebPage\",\"@id\":\"https:\/\/kawasakirobotics.com\/fr\/k-positioner\/\",\"url\":\"https:\/\/kawasakirobotics.com\/fr\/k-positioner\/\",\"name\":\"Positionneur K | Industrial Robots by Kawasaki Robotics\",\"isPartOf\":{\"@id\":\"https:\/\/kawasakirobotics.com\/fr\/#website\"},\"primaryImageOfPage\":{\"@id\":\"https:\/\/kawasakirobotics.com\/fr\/k-positioner\/#primaryimage\"},\"image\":{\"@id\":\"https:\/\/kawasakirobotics.com\/fr\/k-positioner\/#primaryimage\"},\"thumbnailUrl\":\"https:\/\/kawasakirobotics.com\/tachyon\/sites\/5\/2022\/03\/K-Positioners-no-background-shades-2048x1301-1.png?fit=900%2C900\",\"datePublished\":\"2022-03-03T03:37:12+00:00\",\"dateModified\":\"2025-05-08T08:00:28+00:00\",\"description\":\"Kawasaki Robotics offers a wide range of high-end positioners, from single to multi-axis, capable of handling products from 100kg to 3,000kg.\",\"breadcrumb\":{\"@id\":\"https:\/\/kawasakirobotics.com\/fr\/k-positioner\/#breadcrumb\"},\"inLanguage\":\"fr-FR\",\"potentialAction\":[{\"@type\":\"ReadAction\",\"target\":[\"https:\/\/kawasakirobotics.com\/fr\/k-positioner\/\"]}]},{\"@type\":\"ImageObject\",\"inLanguage\":\"fr-FR\",\"@id\":\"https:\/\/kawasakirobotics.com\/fr\/k-positioner\/#primaryimage\",\"url\":\"https:\/\/kawasakirobotics.com\/tachyon\/sites\/5\/2022\/03\/K-Positioners-no-background-shades-2048x1301-1.png?fit=900%2C900\",\"contentUrl\":\"https:\/\/kawasakirobotics.com\/tachyon\/sites\/5\/2022\/03\/K-Positioners-no-background-shades-2048x1301-1.png?fit=900%2C900\"},{\"@type\":\"BreadcrumbList\",\"@id\":\"https:\/\/kawasakirobotics.com\/fr\/k-positioner\/#breadcrumb\",\"itemListElement\":[{\"@type\":\"ListItem\",\"position\":1,\"name\":\"Hau\",\"item\":\"https:\/\/kawasakirobotics.com\/fr\/\"},{\"@type\":\"ListItem\",\"position\":2,\"name\":\"Positionneur K\"}]},{\"@type\":\"WebSite\",\"@id\":\"https:\/\/kawasakirobotics.com\/fr\/#website\",\"url\":\"https:\/\/kawasakirobotics.com\/fr\/\",\"name\":\"Kawasaki Robotics\",\"description\":\"\",\"publisher\":{\"@id\":\"https:\/\/kawasakirobotics.com\/fr\/#organization\"},\"potentialAction\":[{\"@type\":\"SearchAction\",\"target\":{\"@type\":\"EntryPoint\",\"urlTemplate\":\"https:\/\/kawasakirobotics.com\/fr\/?s={search_term_string}\"},\"query-input\":{\"@type\":\"PropertyValueSpecification\",\"valueRequired\":true,\"valueName\":\"search_term_string\"}}],\"inLanguage\":\"fr-FR\"},{\"@type\":\"Organization\",\"@id\":\"https:\/\/kawasakirobotics.com\/fr\/#organization\",\"name\":\"\u5ddd\u5d0e\u91cd\u5de5\u696d\u30ed\u30dc\u30c3\u30c8\u30c7\u30a3\u30d3\u30b8\u30e7\u30f3\",\"url\":\"https:\/\/kawasakirobotics.com\/fr\/\",\"logo\":{\"@type\":\"ImageObject\",\"inLanguage\":\"fr-FR\",\"@id\":\"https:\/\/kawasakirobotics.com\/fr\/#\/schema\/logo\/image\/\",\"url\":\"\",\"contentUrl\":\"\",\"caption\":\"\u5ddd\u5d0e\u91cd\u5de5\u696d\u30ed\u30dc\u30c3\u30c8\u30c7\u30a3\u30d3\u30b8\u30e7\u30f3\"},\"image\":{\"@id\":\"https:\/\/kawasakirobotics.com\/fr\/#\/schema\/logo\/image\/\"}}]}<\/script>\n<!-- \/ Yoast SEO plugin. -->","yoast_head_json":{"title":"Positionneur K | Industrial Robots by Kawasaki Robotics","description":"Kawasaki Robotics offers a wide range of high-end positioners, from single to multi-axis, capable of handling products from 100kg to 3,000kg.","robots":{"index":"index","follow":"follow","max-snippet":"max-snippet:-1","max-image-preview":"max-image-preview:large","max-video-preview":"max-video-preview:-1"},"canonical":"https:\/\/kawasakirobotics.com\/fr\/k-positioner\/","og_locale":"fr_FR","og_type":"article","og_title":"Positionneur K | Industrial Robots by Kawasaki Robotics","og_description":"Kawasaki Robotics offers a wide range of high-end positioners, from single to multi-axis, capable of handling products from 100kg to 3,000kg.","og_url":"https:\/\/kawasakirobotics.com\/fr\/k-positioner\/","og_site_name":"Kawasaki Robotics","article_modified_time":"2025-05-08T08:00:28+00:00","og_image":[{"url":"https:\/\/kawasakirobotics.com\/content\/themes\/krobot-theme\/src\/images\/default\/ogp.jpg","width":"1200","height":"630","type":"image\/jpeg"}],"twitter_card":"summary_large_image","schema":{"@context":"https:\/\/schema.org","@graph":[{"@type":"WebPage","@id":"https:\/\/kawasakirobotics.com\/fr\/k-positioner\/","url":"https:\/\/kawasakirobotics.com\/fr\/k-positioner\/","name":"Positionneur K | Industrial Robots by Kawasaki Robotics","isPartOf":{"@id":"https:\/\/kawasakirobotics.com\/fr\/#website"},"primaryImageOfPage":{"@id":"https:\/\/kawasakirobotics.com\/fr\/k-positioner\/#primaryimage"},"image":{"@id":"https:\/\/kawasakirobotics.com\/fr\/k-positioner\/#primaryimage"},"thumbnailUrl":"https:\/\/kawasakirobotics.com\/tachyon\/sites\/5\/2022\/03\/K-Positioners-no-background-shades-2048x1301-1.png?fit=900%2C900","datePublished":"2022-03-03T03:37:12+00:00","dateModified":"2025-05-08T08:00:28+00:00","description":"Kawasaki Robotics offers a wide range of high-end positioners, from single to multi-axis, capable of handling products from 100kg to 3,000kg.","breadcrumb":{"@id":"https:\/\/kawasakirobotics.com\/fr\/k-positioner\/#breadcrumb"},"inLanguage":"fr-FR","potentialAction":[{"@type":"ReadAction","target":["https:\/\/kawasakirobotics.com\/fr\/k-positioner\/"]}]},{"@type":"ImageObject","inLanguage":"fr-FR","@id":"https:\/\/kawasakirobotics.com\/fr\/k-positioner\/#primaryimage","url":"https:\/\/kawasakirobotics.com\/tachyon\/sites\/5\/2022\/03\/K-Positioners-no-background-shades-2048x1301-1.png?fit=900%2C900","contentUrl":"https:\/\/kawasakirobotics.com\/tachyon\/sites\/5\/2022\/03\/K-Positioners-no-background-shades-2048x1301-1.png?fit=900%2C900"},{"@type":"BreadcrumbList","@id":"https:\/\/kawasakirobotics.com\/fr\/k-positioner\/#breadcrumb","itemListElement":[{"@type":"ListItem","position":1,"name":"Hau","item":"https:\/\/kawasakirobotics.com\/fr\/"},{"@type":"ListItem","position":2,"name":"Positionneur K"}]},{"@type":"WebSite","@id":"https:\/\/kawasakirobotics.com\/fr\/#website","url":"https:\/\/kawasakirobotics.com\/fr\/","name":"Kawasaki Robotics","description":"","publisher":{"@id":"https:\/\/kawasakirobotics.com\/fr\/#organization"},"potentialAction":[{"@type":"SearchAction","target":{"@type":"EntryPoint","urlTemplate":"https:\/\/kawasakirobotics.com\/fr\/?s={search_term_string}"},"query-input":{"@type":"PropertyValueSpecification","valueRequired":true,"valueName":"search_term_string"}}],"inLanguage":"fr-FR"},{"@type":"Organization","@id":"https:\/\/kawasakirobotics.com\/fr\/#organization","name":"\u5ddd\u5d0e\u91cd\u5de5\u696d\u30ed\u30dc\u30c3\u30c8\u30c7\u30a3\u30d3\u30b8\u30e7\u30f3","url":"https:\/\/kawasakirobotics.com\/fr\/","logo":{"@type":"ImageObject","inLanguage":"fr-FR","@id":"https:\/\/kawasakirobotics.com\/fr\/#\/schema\/logo\/image\/","url":"","contentUrl":"","caption":"\u5ddd\u5d0e\u91cd\u5de5\u696d\u30ed\u30dc\u30c3\u30c8\u30c7\u30a3\u30d3\u30b8\u30e7\u30f3"},"image":{"@id":"https:\/\/kawasakirobotics.com\/fr\/#\/schema\/logo\/image\/"}}]}},"_links":{"self":[{"href":"https:\/\/kawasakirobotics.com\/fr\/wp-json\/wp\/v2\/pages\/4771","targetHints":{"allow":["GET"]}}],"collection":[{"href":"https:\/\/kawasakirobotics.com\/fr\/wp-json\/wp\/v2\/pages"}],"about":[{"href":"https:\/\/kawasakirobotics.com\/fr\/wp-json\/wp\/v2\/types\/page"}],"author":[{"embeddable":true,"href":"https:\/\/kawasakirobotics.com\/fr\/wp-json\/wp\/v2\/users\/3"}],"replies":[{"embeddable":true,"href":"https:\/\/kawasakirobotics.com\/fr\/wp-json\/wp\/v2\/comments?post=4771"}],"version-history":[{"count":4,"href":"https:\/\/kawasakirobotics.com\/fr\/wp-json\/wp\/v2\/pages\/4771\/revisions"}],"predecessor-version":[{"id":5835,"href":"https:\/\/kawasakirobotics.com\/fr\/wp-json\/wp\/v2\/pages\/4771\/revisions\/5835"}],"wp:attachment":[{"href":"https:\/\/kawasakirobotics.com\/fr\/wp-json\/wp\/v2\/media?parent=4771"}],"curies":[{"name":"wp","href":"https:\/\/api.w.org\/{rel}","templated":true}]}}