{"id":4775,"date":"2022-03-03T04:05:51","date_gmt":"2022-03-03T04:05:51","guid":{"rendered":"urn:uuid:38146940-4ff2-410d-8a03-b360c15c8781"},"modified":"2024-01-23T23:10:46","modified_gmt":"2024-01-23T22:10:46","slug":"k-virtual","status":"publish","type":"page","link":"https:\/\/kawasakirobotics.com\/fr\/k-virtual\/","title":{"rendered":"K-Virtual"},"content":{"rendered":"\n<figure class=\"wp-block-embed is-type-video is-provider-youtube wp-block-embed-youtube wp-embed-aspect-16-9 wp-has-aspect-ratio\"><div class=\"wp-block-embed__wrapper\">\n<iframe loading=\"lazy\" title=\"K-Virtual the 3D-Simulation Tool for Kawasaki Robots\" width=\"900\" height=\"506\" src=\"https:\/\/www.youtube.com\/embed\/hN77S2OpI-E?feature=oembed\" frameborder=\"0\" allow=\"accelerometer; autoplay; clipboard-write; encrypted-media; gyroscope; picture-in-picture; web-share\" referrerpolicy=\"strict-origin-when-cross-origin\" allowfullscreen><\/iframe>\n<\/div><\/figure>\n\n\n\n<h2 class=\"wp-block-heading\">Plate-forme de simulation 3D intuitive<\/h2>\n\n\n\n<p>La complexit\u00e9 des processus de fabrication et des solutions augmente chaque jour &#8211; notre objectif est de les simplifier et de vous permettre de vous concentrer sur vos t\u00e2ches principales. Bas\u00e9 sur la technologie \u00e9prouv\u00e9e FASTSUITE de CENIT, K-Virtual permet le d\u00e9veloppement, la programmation et l&rsquo;optimisation agiles d&rsquo;applications robotiques complexes via une plate-forme intuitive et un jumeau num\u00e9rique de votre syst\u00e8me.<\/p>\n\n\n\n<p><strong>Disponible en trois \u00e9ditions \u2013 parfaitement adapt\u00e9es \u00e0 vos besoins individuels. Apprenez-en plus sur chacun d&rsquo;entre eux dans les vid\u00e9os li\u00e9es dans la liste !<\/strong><\/p>\n\n\n\n<div class=\"wp-block-columns has-light-gray-background-color has-background is-layout-flex wp-container-core-columns-is-layout-28f84493 wp-block-columns-is-layout-flex\">\n<div class=\"wp-block-column is-layout-flow wp-block-column-is-layout-flow\">\n<p class=\"has-text-align-center\">\u00c9dition 1 : K-Virtual Basic<\/p>\n\n\n\n<div class=\"wp-block-buttons is-horizontal is-content-justification-center is-layout-flex wp-container-core-buttons-is-layout-03627597 wp-block-buttons-is-layout-flex\">\n<div class=\"wp-block-button\"><a class=\"wp-block-button__link wp-element-button\" href=\"https:\/\/youtu.be\/yWhfuBYrFDA\" target=\"_blank\" rel=\"noreferrer noopener\">Vid\u00e9o<\/a><\/div>\n<\/div>\n<\/div>\n\n\n\n<div class=\"wp-block-column is-layout-flow wp-block-column-is-layout-flow\">\n<p class=\"has-text-align-center\">\u00c9dition 2 : K-Virtual OLP<\/p>\n\n\n\n<div class=\"wp-block-buttons is-horizontal is-content-justification-center is-layout-flex wp-container-core-buttons-is-layout-03627597 wp-block-buttons-is-layout-flex\">\n<div class=\"wp-block-button\"><a class=\"wp-block-button__link wp-element-button\" href=\"https:\/\/youtu.be\/ksMn1d4pGE4\" target=\"_blank\" rel=\"noreferrer noopener\">Vid\u00e9o<\/a><\/div>\n<\/div>\n<\/div>\n\n\n\n<div class=\"wp-block-column is-layout-flow wp-block-column-is-layout-flow\">\n<p class=\"has-text-align-center\">\u00c9dition 3 : K-Virtual Expert<\/p>\n\n\n\n<div class=\"wp-block-buttons is-horizontal is-content-justification-center is-layout-flex wp-container-core-buttons-is-layout-03627597 wp-block-buttons-is-layout-flex\">\n<div class=\"wp-block-button\"><a class=\"wp-block-button__link wp-element-button\" href=\"https:\/\/youtu.be\/65ivUh0T160\" target=\"_blank\" rel=\"noreferrer noopener\">Vid\u00e9o<\/a><\/div>\n<\/div>\n<\/div>\n<\/div>\n\n\n\n<h2 class=\"wp-block-heading\">Pr\u00eat pour l&rsquo;industrie 4.0<\/h2>\n\n\n\n<figure class=\"wp-block-image size-large\"><img loading=\"lazy\" decoding=\"async\" width=\"2048\" height=\"1152\" src=\"https:\/\/kawasakirobotics.com\/tachyon\/sites\/5\/2022\/03\/Scenario1-2048x1152-1.jpeg?fit=900%2C900\" alt=\"K-Virtual01\" class=\"wp-image-4776\" srcset=\"https:\/\/kawasakirobotics.com\/tachyon\/sites\/30\/2022\/03\/Scenario1-2048x1152-1.jpeg?resize=2048%2C1152&amp;crop_strategy=smart&amp;zoom=1 2048w, https:\/\/kawasakirobotics.com\/tachyon\/sites\/30\/2022\/03\/Scenario1-2048x1152-1.jpeg?resize=2048%2C1152&amp;crop_strategy=smart&amp;zoom=0.5 1024w, https:\/\/kawasakirobotics.com\/tachyon\/sites\/30\/2022\/03\/Scenario1-2048x1152-1.jpeg?resize=2048%2C1152&amp;crop_strategy=smart&amp;zoom=0.25 512w\" sizes=\"auto, (max-width: 2048px) 100vw, 2048px\" \/><\/figure>\n\n\n\n<p>L&rsquo;industrie 4.0 n\u00e9cessite de nouvelles approches et de nouveaux concepts. Les usines virtuelles et les mod\u00e8les d&rsquo;usine doivent \u00eatre une repr\u00e9sentation pr\u00e9cise des syst\u00e8mes de production r\u00e9els \u00e0 tous \u00e9gards. Avec K-Virtual, nous vous offrons l&rsquo;outil optimal pour planifier l&rsquo;automatisation individuelle. K-Virtual est la nouvelle solution logicielle pour une ing\u00e9nierie d&rsquo;installation efficace, une simulation pratique de robots et<br>programmation hors ligne pratique des robots Kawasaki.<\/p>\n\n\n\n<h2 class=\"wp-block-heading\">Exploitez tout le potentiel de vos robots Kawasaki<\/h2>\n\n\n\n<figure class=\"wp-block-image size-large\"><img loading=\"lazy\" decoding=\"async\" width=\"2048\" height=\"1152\" src=\"https:\/\/kawasakirobotics.com\/tachyon\/sites\/5\/2022\/03\/Scenario4-2048x1152-1.jpeg?fit=900%2C900\" alt=\"K-Virtual02\" class=\"wp-image-4777\" srcset=\"https:\/\/kawasakirobotics.com\/tachyon\/sites\/30\/2022\/03\/Scenario4-2048x1152-1.jpeg?resize=2048%2C1152&amp;crop_strategy=smart&amp;zoom=1 2048w, https:\/\/kawasakirobotics.com\/tachyon\/sites\/30\/2022\/03\/Scenario4-2048x1152-1.jpeg?resize=2048%2C1152&amp;crop_strategy=smart&amp;zoom=0.5 1024w, https:\/\/kawasakirobotics.com\/tachyon\/sites\/30\/2022\/03\/Scenario4-2048x1152-1.jpeg?resize=2048%2C1152&amp;crop_strategy=smart&amp;zoom=0.25 512w\" sizes=\"auto, (max-width: 2048px) 100vw, 2048px\" \/><\/figure>\n\n\n\n<p>K-Virtual est disponible en plusieurs \u00e9ditions &#8211; de Basic \u00e0 Expert &#8211; et optimis\u00e9 pour diverses applications comme le soudage \u00e0 l&rsquo;arc. Les entreprises sont ainsi en mesure d&rsquo;exploiter pleinement la pleine capacit\u00e9 de performance de leurs robots Kawasaki dans des solutions d&rsquo;automatisation individuelles &#8211; de l&rsquo;installation initiale \u00e0 la reprogrammation et \u00e0 la r\u00e9ing\u00e9nierie de l&rsquo;usine.<\/p>\n\n\n\n<div class=\"wp-block-group has-light-gray-background-color has-background is-layout-flow wp-block-group-is-layout-flow\">\n<h4 class=\"wp-block-heading has-text-align-center\">Apprendre encore plus<\/h4>\n\n\n\n<div class=\"wp-block-columns is-layout-flex wp-container-core-columns-is-layout-28f84493 wp-block-columns-is-layout-flex\">\n<div class=\"wp-block-column is-layout-flow wp-block-column-is-layout-flow\">\n<h6 class=\"wp-block-heading has-text-align-center\">Notre brochure K-Virtual<\/h6>\n\n\n\n<div class=\"wp-block-buttons is-horizontal is-content-justification-center is-layout-flex wp-container-core-buttons-is-layout-03627597 wp-block-buttons-is-layout-flex\">\n<div class=\"wp-block-button\"><a class=\"wp-block-button__link wp-element-button\" href=\"https:\/\/kawasakirobotics.com\/uploads\/sites\/5\/2022\/03\/K-Virtual-EN-Digital-1.pdf\" target=\"_blank\" rel=\"noreferrer noopener\">T\u00e9l\u00e9charger<\/a><\/div>\n<\/div>\n<\/div>\n\n\n\n<div class=\"wp-block-column is-layout-flow wp-block-column-is-layout-flow\">\n<h6 class=\"wp-block-heading has-text-align-center\">Parle-nous<\/h6>\n\n\n\n<div class=\"wp-block-buttons is-horizontal is-content-justification-center is-layout-flex wp-container-core-buttons-is-layout-03627597 wp-block-buttons-is-layout-flex\">\n<div class=\"wp-block-button\"><a class=\"wp-block-button__link wp-element-button\" href=\"https:\/\/kawasaki-corporate.spiral-site.com\/ind_robot_eu?_ifbs-ind_robot_eu=s1_Step1&amp;_gl=1*1iapzqc*_ga*MTQ4ODM3MDE3MC4xNjM3NzMyNDU4*_ga_GRRCX7N19P*MTY0NjI2ODUzOC4yLjEuMTY0NjI3ODE0NC4w\" target=\"_blank\" rel=\"noreferrer noopener\">Contacter<\/a><\/div>\n<\/div>\n<\/div>\n<\/div>\n<\/div>\n","protected":false},"excerpt":{"rendered":"<p>Plate-forme de simulation 3D intuitive La complexit\u00e9 des processus de fabrication et des solutions augmente chaque jour &#8211; notre objectif est de les simplifier et de vous permettre de vous concentrer sur vos t\u00e2ches principales. Bas\u00e9 sur la technologie \u00e9prouv\u00e9e FASTSUITE de CENIT, K-Virtual permet le d\u00e9veloppement, la programmation et l&rsquo;optimisation agiles d&rsquo;applications robotiques complexes via une plate-forme intuitive et un jumeau num\u00e9rique de votre syst\u00e8me. Disponible en trois \u00e9ditions \u2013 parfaitement adapt\u00e9es \u00e0 vos besoins individuels. Apprenez-en plus sur chacun d&rsquo;entre eux dans les vid\u00e9os li\u00e9es dans la liste ! \u00c9dition 1 : K-Virtual Basic \u00c9dition 2 : K-Virtual OLP \u00c9dition 3 : K-Virtual Expert Pr\u00eat pour l&rsquo;industrie 4.0 [&hellip;]<\/p>\n","protected":false},"author":3,"featured_media":0,"parent":0,"menu_order":0,"comment_status":"closed","ping_status":"closed","template":"","meta":{"ep_exclude_from_search":false,"footnotes":""},"class_list":["post-4775","page","type-page","status-publish","hentry"],"yoast_head":"<!-- This site is optimized with the Yoast SEO plugin v25.9 - https:\/\/yoast.com\/wordpress\/plugins\/seo\/ -->\n<title>K-Virtual | Industrial Robots by Kawasaki Robotics<\/title>\n<meta name=\"description\" content=\"K-Virtual by Kawasaki Robotics simplifies manufacturing with its intuitive platform and digital twin technology based on CENIT&#039;s FASTSUITE.\" \/>\n<meta name=\"robots\" content=\"index, follow, max-snippet:-1, max-image-preview:large, max-video-preview:-1\" \/>\n<link rel=\"canonical\" href=\"https:\/\/kawasakirobotics.com\/fr\/k-virtual\/\" \/>\n<meta property=\"og:locale\" content=\"fr_FR\" \/>\n<meta property=\"og:type\" content=\"article\" \/>\n<meta property=\"og:title\" content=\"K-Virtual | Industrial Robots by Kawasaki Robotics\" \/>\n<meta property=\"og:description\" content=\"K-Virtual by Kawasaki Robotics simplifies manufacturing with its intuitive platform and digital twin technology based on CENIT&#039;s FASTSUITE.\" \/>\n<meta property=\"og:url\" content=\"https:\/\/kawasakirobotics.com\/fr\/k-virtual\/\" \/>\n<meta property=\"og:site_name\" content=\"Kawasaki Robotics\" \/>\n<meta property=\"article:modified_time\" content=\"2024-01-23T22:10:46+00:00\" \/>\n<meta property=\"og:image\" content=\"https:\/\/kawasakirobotics.com\/content\/themes\/krobot-theme\/src\/images\/default\/ogp.jpg\" \/>\n\t<meta property=\"og:image:width\" content=\"1200\" \/>\n\t<meta property=\"og:image:height\" content=\"630\" \/>\n\t<meta property=\"og:image:type\" content=\"image\/jpeg\" \/>\n<meta name=\"twitter:card\" content=\"summary_large_image\" \/>\n<script type=\"application\/ld+json\" class=\"yoast-schema-graph\">{\"@context\":\"https:\/\/schema.org\",\"@graph\":[{\"@type\":\"WebPage\",\"@id\":\"https:\/\/kawasakirobotics.com\/fr\/k-virtual\/\",\"url\":\"https:\/\/kawasakirobotics.com\/fr\/k-virtual\/\",\"name\":\"K-Virtual | Industrial Robots by Kawasaki Robotics\",\"isPartOf\":{\"@id\":\"https:\/\/kawasakirobotics.com\/fr\/#website\"},\"primaryImageOfPage\":{\"@id\":\"https:\/\/kawasakirobotics.com\/fr\/k-virtual\/#primaryimage\"},\"image\":{\"@id\":\"https:\/\/kawasakirobotics.com\/fr\/k-virtual\/#primaryimage\"},\"thumbnailUrl\":\"https:\/\/kawasakirobotics.com\/tachyon\/sites\/5\/2022\/03\/Scenario1-2048x1152-1.jpeg?fit=900%2C900\",\"datePublished\":\"2022-03-03T04:05:51+00:00\",\"dateModified\":\"2024-01-23T22:10:46+00:00\",\"description\":\"K-Virtual by Kawasaki Robotics simplifies manufacturing with its intuitive platform and digital twin technology based on CENIT's FASTSUITE.\",\"breadcrumb\":{\"@id\":\"https:\/\/kawasakirobotics.com\/fr\/k-virtual\/#breadcrumb\"},\"inLanguage\":\"fr-FR\",\"potentialAction\":[{\"@type\":\"ReadAction\",\"target\":[\"https:\/\/kawasakirobotics.com\/fr\/k-virtual\/\"]}]},{\"@type\":\"ImageObject\",\"inLanguage\":\"fr-FR\",\"@id\":\"https:\/\/kawasakirobotics.com\/fr\/k-virtual\/#primaryimage\",\"url\":\"https:\/\/kawasakirobotics.com\/tachyon\/sites\/5\/2022\/03\/Scenario1-2048x1152-1.jpeg?fit=900%2C900\",\"contentUrl\":\"https:\/\/kawasakirobotics.com\/tachyon\/sites\/5\/2022\/03\/Scenario1-2048x1152-1.jpeg?fit=900%2C900\"},{\"@type\":\"BreadcrumbList\",\"@id\":\"https:\/\/kawasakirobotics.com\/fr\/k-virtual\/#breadcrumb\",\"itemListElement\":[{\"@type\":\"ListItem\",\"position\":1,\"name\":\"Hau\",\"item\":\"https:\/\/kawasakirobotics.com\/fr\/\"},{\"@type\":\"ListItem\",\"position\":2,\"name\":\"K-Virtual\"}]},{\"@type\":\"WebSite\",\"@id\":\"https:\/\/kawasakirobotics.com\/fr\/#website\",\"url\":\"https:\/\/kawasakirobotics.com\/fr\/\",\"name\":\"Kawasaki Robotics\",\"description\":\"\",\"publisher\":{\"@id\":\"https:\/\/kawasakirobotics.com\/fr\/#organization\"},\"potentialAction\":[{\"@type\":\"SearchAction\",\"target\":{\"@type\":\"EntryPoint\",\"urlTemplate\":\"https:\/\/kawasakirobotics.com\/fr\/?s={search_term_string}\"},\"query-input\":{\"@type\":\"PropertyValueSpecification\",\"valueRequired\":true,\"valueName\":\"search_term_string\"}}],\"inLanguage\":\"fr-FR\"},{\"@type\":\"Organization\",\"@id\":\"https:\/\/kawasakirobotics.com\/fr\/#organization\",\"name\":\"\u5ddd\u5d0e\u91cd\u5de5\u696d\u30ed\u30dc\u30c3\u30c8\u30c7\u30a3\u30d3\u30b8\u30e7\u30f3\",\"url\":\"https:\/\/kawasakirobotics.com\/fr\/\",\"logo\":{\"@type\":\"ImageObject\",\"inLanguage\":\"fr-FR\",\"@id\":\"https:\/\/kawasakirobotics.com\/fr\/#\/schema\/logo\/image\/\",\"url\":\"\",\"contentUrl\":\"\",\"caption\":\"\u5ddd\u5d0e\u91cd\u5de5\u696d\u30ed\u30dc\u30c3\u30c8\u30c7\u30a3\u30d3\u30b8\u30e7\u30f3\"},\"image\":{\"@id\":\"https:\/\/kawasakirobotics.com\/fr\/#\/schema\/logo\/image\/\"}}]}<\/script>\n<!-- \/ Yoast SEO plugin. -->","yoast_head_json":{"title":"K-Virtual | Industrial Robots by Kawasaki Robotics","description":"K-Virtual by Kawasaki Robotics simplifies manufacturing with its intuitive platform and digital twin technology based on CENIT's FASTSUITE.","robots":{"index":"index","follow":"follow","max-snippet":"max-snippet:-1","max-image-preview":"max-image-preview:large","max-video-preview":"max-video-preview:-1"},"canonical":"https:\/\/kawasakirobotics.com\/fr\/k-virtual\/","og_locale":"fr_FR","og_type":"article","og_title":"K-Virtual | Industrial Robots by Kawasaki Robotics","og_description":"K-Virtual by Kawasaki Robotics simplifies manufacturing with its intuitive platform and digital twin technology based on CENIT's FASTSUITE.","og_url":"https:\/\/kawasakirobotics.com\/fr\/k-virtual\/","og_site_name":"Kawasaki Robotics","article_modified_time":"2024-01-23T22:10:46+00:00","og_image":[{"url":"https:\/\/kawasakirobotics.com\/content\/themes\/krobot-theme\/src\/images\/default\/ogp.jpg","width":"1200","height":"630","type":"image\/jpeg"}],"twitter_card":"summary_large_image","schema":{"@context":"https:\/\/schema.org","@graph":[{"@type":"WebPage","@id":"https:\/\/kawasakirobotics.com\/fr\/k-virtual\/","url":"https:\/\/kawasakirobotics.com\/fr\/k-virtual\/","name":"K-Virtual | Industrial Robots by Kawasaki Robotics","isPartOf":{"@id":"https:\/\/kawasakirobotics.com\/fr\/#website"},"primaryImageOfPage":{"@id":"https:\/\/kawasakirobotics.com\/fr\/k-virtual\/#primaryimage"},"image":{"@id":"https:\/\/kawasakirobotics.com\/fr\/k-virtual\/#primaryimage"},"thumbnailUrl":"https:\/\/kawasakirobotics.com\/tachyon\/sites\/5\/2022\/03\/Scenario1-2048x1152-1.jpeg?fit=900%2C900","datePublished":"2022-03-03T04:05:51+00:00","dateModified":"2024-01-23T22:10:46+00:00","description":"K-Virtual by Kawasaki Robotics simplifies manufacturing with its intuitive platform and digital twin technology based on CENIT's FASTSUITE.","breadcrumb":{"@id":"https:\/\/kawasakirobotics.com\/fr\/k-virtual\/#breadcrumb"},"inLanguage":"fr-FR","potentialAction":[{"@type":"ReadAction","target":["https:\/\/kawasakirobotics.com\/fr\/k-virtual\/"]}]},{"@type":"ImageObject","inLanguage":"fr-FR","@id":"https:\/\/kawasakirobotics.com\/fr\/k-virtual\/#primaryimage","url":"https:\/\/kawasakirobotics.com\/tachyon\/sites\/5\/2022\/03\/Scenario1-2048x1152-1.jpeg?fit=900%2C900","contentUrl":"https:\/\/kawasakirobotics.com\/tachyon\/sites\/5\/2022\/03\/Scenario1-2048x1152-1.jpeg?fit=900%2C900"},{"@type":"BreadcrumbList","@id":"https:\/\/kawasakirobotics.com\/fr\/k-virtual\/#breadcrumb","itemListElement":[{"@type":"ListItem","position":1,"name":"Hau","item":"https:\/\/kawasakirobotics.com\/fr\/"},{"@type":"ListItem","position":2,"name":"K-Virtual"}]},{"@type":"WebSite","@id":"https:\/\/kawasakirobotics.com\/fr\/#website","url":"https:\/\/kawasakirobotics.com\/fr\/","name":"Kawasaki Robotics","description":"","publisher":{"@id":"https:\/\/kawasakirobotics.com\/fr\/#organization"},"potentialAction":[{"@type":"SearchAction","target":{"@type":"EntryPoint","urlTemplate":"https:\/\/kawasakirobotics.com\/fr\/?s={search_term_string}"},"query-input":{"@type":"PropertyValueSpecification","valueRequired":true,"valueName":"search_term_string"}}],"inLanguage":"fr-FR"},{"@type":"Organization","@id":"https:\/\/kawasakirobotics.com\/fr\/#organization","name":"\u5ddd\u5d0e\u91cd\u5de5\u696d\u30ed\u30dc\u30c3\u30c8\u30c7\u30a3\u30d3\u30b8\u30e7\u30f3","url":"https:\/\/kawasakirobotics.com\/fr\/","logo":{"@type":"ImageObject","inLanguage":"fr-FR","@id":"https:\/\/kawasakirobotics.com\/fr\/#\/schema\/logo\/image\/","url":"","contentUrl":"","caption":"\u5ddd\u5d0e\u91cd\u5de5\u696d\u30ed\u30dc\u30c3\u30c8\u30c7\u30a3\u30d3\u30b8\u30e7\u30f3"},"image":{"@id":"https:\/\/kawasakirobotics.com\/fr\/#\/schema\/logo\/image\/"}}]}},"_links":{"self":[{"href":"https:\/\/kawasakirobotics.com\/fr\/wp-json\/wp\/v2\/pages\/4775","targetHints":{"allow":["GET"]}}],"collection":[{"href":"https:\/\/kawasakirobotics.com\/fr\/wp-json\/wp\/v2\/pages"}],"about":[{"href":"https:\/\/kawasakirobotics.com\/fr\/wp-json\/wp\/v2\/types\/page"}],"author":[{"embeddable":true,"href":"https:\/\/kawasakirobotics.com\/fr\/wp-json\/wp\/v2\/users\/3"}],"replies":[{"embeddable":true,"href":"https:\/\/kawasakirobotics.com\/fr\/wp-json\/wp\/v2\/comments?post=4775"}],"version-history":[{"count":8,"href":"https:\/\/kawasakirobotics.com\/fr\/wp-json\/wp\/v2\/pages\/4775\/revisions"}],"predecessor-version":[{"id":5551,"href":"https:\/\/kawasakirobotics.com\/fr\/wp-json\/wp\/v2\/pages\/4775\/revisions\/5551"}],"wp:attachment":[{"href":"https:\/\/kawasakirobotics.com\/fr\/wp-json\/wp\/v2\/media?parent=4775"}],"curies":[{"name":"wp","href":"https:\/\/api.w.org\/{rel}","templated":true}]}}