{"id":4787,"date":"2022-03-03T04:21:22","date_gmt":"2022-03-03T04:21:22","guid":{"rendered":"urn:uuid:1fd1062f-1951-4905-b49a-d45412fd0ed9"},"modified":"2024-03-04T07:07:40","modified_gmt":"2024-03-04T06:07:40","slug":"k-arc","status":"publish","type":"page","link":"https:\/\/kawasakirobotics.com\/fr\/k-arc\/","title":{"rendered":"K-ARC"},"content":{"rendered":"\n<h2 class=\"wp-block-heading\">Soudage \u00e0 l&rsquo;arc : nos solutions<\/h2>\n\n\n\n<figure class=\"wp-block-image size-large\"><img loading=\"lazy\" decoding=\"async\" width=\"2048\" height=\"1365\" src=\"https:\/\/kawasakirobotics.com\/tachyon\/sites\/5\/2022\/03\/B1830324-2048x1365-1.jpeg?fit=900%2C900\" alt=\"K-ARC\" class=\"wp-image-4788\" srcset=\"https:\/\/kawasakirobotics.com\/tachyon\/sites\/30\/2022\/03\/B1830324-2048x1365-1.jpeg?resize=2048%2C1365&amp;zoom=1 2048w, https:\/\/kawasakirobotics.com\/tachyon\/sites\/30\/2022\/03\/B1830324-2048x1365-1.jpeg?resize=2048%2C1365&amp;zoom=0.5 1024w, https:\/\/kawasakirobotics.com\/tachyon\/sites\/30\/2022\/03\/B1830324-2048x1365-1.jpeg?resize=2048%2C1365&amp;zoom=0.25 512w\" sizes=\"auto, (max-width: 2048px) 100vw, 2048px\" \/><\/figure>\n\n\n\n<h4 class=\"wp-block-heading\">Automatisez vos processus de soudage<\/h4>\n\n\n\n<p>Des robots de soudage de pointe aux axes lin\u00e9aires et positionneurs : Kawasaki Robotics propose une gamme compl\u00e8te dans le domaine du soudage \u00e0 l&rsquo;arc, sp\u00e9cialement d\u00e9velopp\u00e9e pour le march\u00e9 europ\u00e9en.<\/p>\n\n\n\n<div class=\"wp-block-group has-light-gray-background-color has-background is-layout-flow wp-block-group-is-layout-flow\">\n<h4 class=\"wp-block-heading has-text-align-center\">Apprendre encore plus<\/h4>\n\n\n\n<ul class=\"wp-block-list\">\n<li><strong><a href=\"https:\/\/kawasakirobotics.com\/fr\/applications\/arc-welding\/\">Robots de soudage \u00e0 l&rsquo;arc Kawasaki Robotics<\/a><\/strong><br>Notre portefeuille de robots de soudage \u00e0 l&rsquo;arc<\/li>\n\n\n\n<li><strong><a href=\"https:\/\/kawasakirobotics.com\/fr\/k-positioner\/\">K-Positionneur Kawasaki Robotics<\/a><\/strong><br>Positionneurs haut de gamme pour tous vos besoins individuels<\/li>\n\n\n\n<li><strong><a href=\"https:\/\/kawasakirobotics.com\/fr\/k-track\/\">Kawasaki Robotics K-Track<\/a><\/strong><br>Axes lin\u00e9aires originaux de Kawasaki Robotics<\/li>\n\n\n\n<li><strong><a href=\"https:\/\/kawasakirobotics.com\/fr\/k-virtual\/\">Kawasaki Robotics K-Virtuel<\/a><\/strong><br>Outil de programmation hors ligne intuitif pour le soudage et plus encore<\/li>\n\n\n\n<li><strong><a href=\"https:\/\/kawasakirobotics.com\/fr\/k-arc\/\">Kawasaki Robotics K-ARC Basique<\/a><\/strong><br>Notre cellule de soudage \u00e0 l&rsquo;arc compacte et plug-and-play<\/li>\n<\/ul>\n<\/div>\n\n\n\n<h2 class=\"wp-block-heading\">\u00c9galement disponible chez Kawasaki Robotics<\/h2>\n\n\n\n<p>\u00c9quipements de soudage des principaux fabricants tels que Kemppi, Binzel, Fronius et OTC ainsi que de nombreuses autres options. Parle-nous!<\/p>\n\n\n\n<figure class=\"wp-block-embed is-type-video is-provider-youtube wp-block-embed-youtube wp-embed-aspect-16-9 wp-has-aspect-ratio\"><div class=\"wp-block-embed__wrapper\">\n<iframe loading=\"lazy\" title=\"BA006L with K Track and K Positioner\" width=\"900\" height=\"506\" src=\"https:\/\/www.youtube.com\/embed\/gDs_6IfSPBw?feature=oembed\" frameborder=\"0\" allow=\"accelerometer; autoplay; clipboard-write; encrypted-media; gyroscope; picture-in-picture; web-share\" referrerpolicy=\"strict-origin-when-cross-origin\" allowfullscreen><\/iframe>\n<\/div><\/figure>\n\n\n\n<div class=\"wp-block-group has-light-gray-background-color has-background is-layout-flow wp-block-group-is-layout-flow\">\n<h4 class=\"wp-block-heading has-text-align-center\">En savoir plus sur K-ARC<\/h4>\n\n\n\n<div class=\"wp-block-buttons is-horizontal is-content-justification-center is-layout-flex wp-container-core-buttons-is-layout-03627597 wp-block-buttons-is-layout-flex\">\n<div class=\"wp-block-button\"><a class=\"wp-block-button__link wp-element-button\" href=\"https:\/\/kawasaki-corporate.spiral-site.com\/ind_robot_eu?_ifbs-ind_robot_eu=s1_Step1&amp;_gl=1*1iapzqc*_ga*MTQ4ODM3MDE3MC4xNjM3NzMyNDU4*_ga_GRRCX7N19P*MTY0NjI2ODUzOC4yLjEuMTY0NjI3ODE0NC4w\" target=\"_blank\" rel=\"noreferrer noopener\">Contacter<\/a><\/div>\n<\/div>\n<\/div>\n","protected":false},"excerpt":{"rendered":"<p>Soudage \u00e0 l&rsquo;arc : nos solutions Automatisez vos processus de soudage Des robots de soudage de pointe aux axes lin\u00e9aires et positionneurs : Kawasaki Robotics propose une gamme compl\u00e8te dans le domaine du soudage \u00e0 l&rsquo;arc, sp\u00e9cialement d\u00e9velopp\u00e9e pour le march\u00e9 europ\u00e9en. Apprendre encore plus \u00c9galement disponible chez Kawasaki Robotics \u00c9quipements de soudage des principaux fabricants tels que Kemppi, Binzel, Fronius et OTC ainsi que de nombreuses autres options. Parle-nous! En savoir plus sur K-ARC<\/p>\n","protected":false},"author":3,"featured_media":0,"parent":0,"menu_order":0,"comment_status":"closed","ping_status":"closed","template":"","meta":{"ep_exclude_from_search":false,"footnotes":""},"class_list":["post-4787","page","type-page","status-publish","hentry"],"yoast_head":"<!-- This site is optimized with the Yoast SEO plugin v25.9 - https:\/\/yoast.com\/wordpress\/plugins\/seo\/ -->\n<title>K-ARC | Industrial Robots by Kawasaki Robotics<\/title>\n<meta name=\"description\" content=\"Explore Kawasaki Robotics&#039; comprehensive portfolio of arc welding solutions specifically developed for the European market.\" \/>\n<meta name=\"robots\" content=\"index, follow, max-snippet:-1, max-image-preview:large, max-video-preview:-1\" \/>\n<link rel=\"canonical\" href=\"https:\/\/kawasakirobotics.com\/fr\/k-arc\/\" \/>\n<meta property=\"og:locale\" content=\"fr_FR\" \/>\n<meta property=\"og:type\" content=\"article\" \/>\n<meta property=\"og:title\" content=\"K-ARC | Industrial Robots by Kawasaki Robotics\" \/>\n<meta property=\"og:description\" content=\"Explore Kawasaki Robotics&#039; comprehensive portfolio of arc welding solutions specifically developed for the European market.\" \/>\n<meta property=\"og:url\" content=\"https:\/\/kawasakirobotics.com\/fr\/k-arc\/\" \/>\n<meta property=\"og:site_name\" content=\"Kawasaki Robotics\" \/>\n<meta property=\"article:modified_time\" content=\"2024-03-04T06:07:40+00:00\" \/>\n<meta property=\"og:image\" content=\"https:\/\/kawasakirobotics.com\/content\/themes\/krobot-theme\/src\/images\/default\/ogp.jpg\" \/>\n\t<meta property=\"og:image:width\" content=\"1200\" \/>\n\t<meta property=\"og:image:height\" content=\"630\" \/>\n\t<meta property=\"og:image:type\" content=\"image\/jpeg\" \/>\n<meta name=\"twitter:card\" content=\"summary_large_image\" \/>\n<script type=\"application\/ld+json\" class=\"yoast-schema-graph\">{\"@context\":\"https:\/\/schema.org\",\"@graph\":[{\"@type\":\"WebPage\",\"@id\":\"https:\/\/kawasakirobotics.com\/fr\/k-arc\/\",\"url\":\"https:\/\/kawasakirobotics.com\/fr\/k-arc\/\",\"name\":\"K-ARC | Industrial Robots by Kawasaki Robotics\",\"isPartOf\":{\"@id\":\"https:\/\/kawasakirobotics.com\/fr\/#website\"},\"primaryImageOfPage\":{\"@id\":\"https:\/\/kawasakirobotics.com\/fr\/k-arc\/#primaryimage\"},\"image\":{\"@id\":\"https:\/\/kawasakirobotics.com\/fr\/k-arc\/#primaryimage\"},\"thumbnailUrl\":\"https:\/\/kawasakirobotics.com\/tachyon\/sites\/5\/2022\/03\/B1830324-2048x1365-1.jpeg?fit=900%2C900\",\"datePublished\":\"2022-03-03T04:21:22+00:00\",\"dateModified\":\"2024-03-04T06:07:40+00:00\",\"description\":\"Explore Kawasaki Robotics' comprehensive portfolio of arc welding solutions specifically developed for the European market.\",\"breadcrumb\":{\"@id\":\"https:\/\/kawasakirobotics.com\/fr\/k-arc\/#breadcrumb\"},\"inLanguage\":\"fr-FR\",\"potentialAction\":[{\"@type\":\"ReadAction\",\"target\":[\"https:\/\/kawasakirobotics.com\/fr\/k-arc\/\"]}]},{\"@type\":\"ImageObject\",\"inLanguage\":\"fr-FR\",\"@id\":\"https:\/\/kawasakirobotics.com\/fr\/k-arc\/#primaryimage\",\"url\":\"https:\/\/kawasakirobotics.com\/tachyon\/sites\/5\/2022\/03\/B1830324-2048x1365-1.jpeg?fit=900%2C900\",\"contentUrl\":\"https:\/\/kawasakirobotics.com\/tachyon\/sites\/5\/2022\/03\/B1830324-2048x1365-1.jpeg?fit=900%2C900\"},{\"@type\":\"BreadcrumbList\",\"@id\":\"https:\/\/kawasakirobotics.com\/fr\/k-arc\/#breadcrumb\",\"itemListElement\":[{\"@type\":\"ListItem\",\"position\":1,\"name\":\"Hau\",\"item\":\"https:\/\/kawasakirobotics.com\/fr\/\"},{\"@type\":\"ListItem\",\"position\":2,\"name\":\"K-ARC\"}]},{\"@type\":\"WebSite\",\"@id\":\"https:\/\/kawasakirobotics.com\/fr\/#website\",\"url\":\"https:\/\/kawasakirobotics.com\/fr\/\",\"name\":\"Kawasaki Robotics\",\"description\":\"\",\"publisher\":{\"@id\":\"https:\/\/kawasakirobotics.com\/fr\/#organization\"},\"potentialAction\":[{\"@type\":\"SearchAction\",\"target\":{\"@type\":\"EntryPoint\",\"urlTemplate\":\"https:\/\/kawasakirobotics.com\/fr\/?s={search_term_string}\"},\"query-input\":{\"@type\":\"PropertyValueSpecification\",\"valueRequired\":true,\"valueName\":\"search_term_string\"}}],\"inLanguage\":\"fr-FR\"},{\"@type\":\"Organization\",\"@id\":\"https:\/\/kawasakirobotics.com\/fr\/#organization\",\"name\":\"\u5ddd\u5d0e\u91cd\u5de5\u696d\u30ed\u30dc\u30c3\u30c8\u30c7\u30a3\u30d3\u30b8\u30e7\u30f3\",\"url\":\"https:\/\/kawasakirobotics.com\/fr\/\",\"logo\":{\"@type\":\"ImageObject\",\"inLanguage\":\"fr-FR\",\"@id\":\"https:\/\/kawasakirobotics.com\/fr\/#\/schema\/logo\/image\/\",\"url\":\"\",\"contentUrl\":\"\",\"caption\":\"\u5ddd\u5d0e\u91cd\u5de5\u696d\u30ed\u30dc\u30c3\u30c8\u30c7\u30a3\u30d3\u30b8\u30e7\u30f3\"},\"image\":{\"@id\":\"https:\/\/kawasakirobotics.com\/fr\/#\/schema\/logo\/image\/\"}}]}<\/script>\n<!-- \/ Yoast SEO plugin. -->","yoast_head_json":{"title":"K-ARC | Industrial Robots by Kawasaki Robotics","description":"Explore Kawasaki Robotics' comprehensive portfolio of arc welding solutions specifically developed for the European market.","robots":{"index":"index","follow":"follow","max-snippet":"max-snippet:-1","max-image-preview":"max-image-preview:large","max-video-preview":"max-video-preview:-1"},"canonical":"https:\/\/kawasakirobotics.com\/fr\/k-arc\/","og_locale":"fr_FR","og_type":"article","og_title":"K-ARC | Industrial Robots by Kawasaki Robotics","og_description":"Explore Kawasaki Robotics' comprehensive portfolio of arc welding solutions specifically developed for the European market.","og_url":"https:\/\/kawasakirobotics.com\/fr\/k-arc\/","og_site_name":"Kawasaki Robotics","article_modified_time":"2024-03-04T06:07:40+00:00","og_image":[{"url":"https:\/\/kawasakirobotics.com\/content\/themes\/krobot-theme\/src\/images\/default\/ogp.jpg","width":"1200","height":"630","type":"image\/jpeg"}],"twitter_card":"summary_large_image","schema":{"@context":"https:\/\/schema.org","@graph":[{"@type":"WebPage","@id":"https:\/\/kawasakirobotics.com\/fr\/k-arc\/","url":"https:\/\/kawasakirobotics.com\/fr\/k-arc\/","name":"K-ARC | Industrial Robots by Kawasaki Robotics","isPartOf":{"@id":"https:\/\/kawasakirobotics.com\/fr\/#website"},"primaryImageOfPage":{"@id":"https:\/\/kawasakirobotics.com\/fr\/k-arc\/#primaryimage"},"image":{"@id":"https:\/\/kawasakirobotics.com\/fr\/k-arc\/#primaryimage"},"thumbnailUrl":"https:\/\/kawasakirobotics.com\/tachyon\/sites\/5\/2022\/03\/B1830324-2048x1365-1.jpeg?fit=900%2C900","datePublished":"2022-03-03T04:21:22+00:00","dateModified":"2024-03-04T06:07:40+00:00","description":"Explore Kawasaki Robotics' comprehensive portfolio of arc welding solutions specifically developed for the European market.","breadcrumb":{"@id":"https:\/\/kawasakirobotics.com\/fr\/k-arc\/#breadcrumb"},"inLanguage":"fr-FR","potentialAction":[{"@type":"ReadAction","target":["https:\/\/kawasakirobotics.com\/fr\/k-arc\/"]}]},{"@type":"ImageObject","inLanguage":"fr-FR","@id":"https:\/\/kawasakirobotics.com\/fr\/k-arc\/#primaryimage","url":"https:\/\/kawasakirobotics.com\/tachyon\/sites\/5\/2022\/03\/B1830324-2048x1365-1.jpeg?fit=900%2C900","contentUrl":"https:\/\/kawasakirobotics.com\/tachyon\/sites\/5\/2022\/03\/B1830324-2048x1365-1.jpeg?fit=900%2C900"},{"@type":"BreadcrumbList","@id":"https:\/\/kawasakirobotics.com\/fr\/k-arc\/#breadcrumb","itemListElement":[{"@type":"ListItem","position":1,"name":"Hau","item":"https:\/\/kawasakirobotics.com\/fr\/"},{"@type":"ListItem","position":2,"name":"K-ARC"}]},{"@type":"WebSite","@id":"https:\/\/kawasakirobotics.com\/fr\/#website","url":"https:\/\/kawasakirobotics.com\/fr\/","name":"Kawasaki Robotics","description":"","publisher":{"@id":"https:\/\/kawasakirobotics.com\/fr\/#organization"},"potentialAction":[{"@type":"SearchAction","target":{"@type":"EntryPoint","urlTemplate":"https:\/\/kawasakirobotics.com\/fr\/?s={search_term_string}"},"query-input":{"@type":"PropertyValueSpecification","valueRequired":true,"valueName":"search_term_string"}}],"inLanguage":"fr-FR"},{"@type":"Organization","@id":"https:\/\/kawasakirobotics.com\/fr\/#organization","name":"\u5ddd\u5d0e\u91cd\u5de5\u696d\u30ed\u30dc\u30c3\u30c8\u30c7\u30a3\u30d3\u30b8\u30e7\u30f3","url":"https:\/\/kawasakirobotics.com\/fr\/","logo":{"@type":"ImageObject","inLanguage":"fr-FR","@id":"https:\/\/kawasakirobotics.com\/fr\/#\/schema\/logo\/image\/","url":"","contentUrl":"","caption":"\u5ddd\u5d0e\u91cd\u5de5\u696d\u30ed\u30dc\u30c3\u30c8\u30c7\u30a3\u30d3\u30b8\u30e7\u30f3"},"image":{"@id":"https:\/\/kawasakirobotics.com\/fr\/#\/schema\/logo\/image\/"}}]}},"_links":{"self":[{"href":"https:\/\/kawasakirobotics.com\/fr\/wp-json\/wp\/v2\/pages\/4787","targetHints":{"allow":["GET"]}}],"collection":[{"href":"https:\/\/kawasakirobotics.com\/fr\/wp-json\/wp\/v2\/pages"}],"about":[{"href":"https:\/\/kawasakirobotics.com\/fr\/wp-json\/wp\/v2\/types\/page"}],"author":[{"embeddable":true,"href":"https:\/\/kawasakirobotics.com\/fr\/wp-json\/wp\/v2\/users\/3"}],"replies":[{"embeddable":true,"href":"https:\/\/kawasakirobotics.com\/fr\/wp-json\/wp\/v2\/comments?post=4787"}],"version-history":[{"count":6,"href":"https:\/\/kawasakirobotics.com\/fr\/wp-json\/wp\/v2\/pages\/4787\/revisions"}],"predecessor-version":[{"id":5735,"href":"https:\/\/kawasakirobotics.com\/fr\/wp-json\/wp\/v2\/pages\/4787\/revisions\/5735"}],"wp:attachment":[{"href":"https:\/\/kawasakirobotics.com\/fr\/wp-json\/wp\/v2\/media?parent=4787"}],"curies":[{"name":"wp","href":"https:\/\/api.w.org\/{rel}","templated":true}]}}