{"id":50,"date":"2022-01-19T17:54:44","date_gmt":"2022-01-19T08:54:44","guid":{"rendered":"urn:uuid:47414c4b-bdb5-4955-b3ec-e586557a7a0e"},"modified":"2025-05-02T08:52:56","modified_gmt":"2025-05-02T06:52:56","slug":"products","status":"publish","type":"page","link":"https:\/\/kawasakirobotics.com\/fr\/products\/","title":{"rendered":"Product Search"},"content":{"rendered":"\n<h1 class=\"wp-block-heading alignwide\">Rechercher par cat\u00e9gorie<\/h1>\n\n\n\n<div class=\"wp-block-columns alignwide krobot-pattern-3cols krobot-pattern-plaincards is-layout-flex wp-container-core-columns-is-layout-28f84493 wp-block-columns-is-layout-flex\">\n<div class=\"wp-block-column krobot-pattern-3cols__item is-layout-flow wp-block-column-is-layout-flow\">\n<figure class=\"wp-block-image size-large krobot-pattern-plaincards__figure\"><img loading=\"lazy\" decoding=\"async\" width=\"960\" height=\"540\" src=\"https:\/\/kawasakirobotics.com\/tachyon\/sites\/5\/2022\/02\/products_1.jpg?fit=900%2C540&#038;resize=900%2C506&#038;crop_strategy=smart\" alt=\"S\u00e9rie Arc\" class=\"wp-image-1475\" srcset=\"https:\/\/kawasakirobotics.com\/tachyon\/sites\/2\/2022\/02\/products_1.jpg?resize=960%2C540&amp;crop_strategy=smart&amp;zoom=1 960w, https:\/\/kawasakirobotics.com\/tachyon\/sites\/2\/2022\/02\/products_1.jpg?resize=960%2C540&amp;crop_strategy=smart&amp;zoom=0.5 480w, https:\/\/kawasakirobotics.com\/tachyon\/sites\/2\/2022\/02\/products_1.jpg?resize=960%2C540&amp;crop_strategy=smart&amp;zoom=0.25 240w\" sizes=\"auto, (max-width: 960px) 100vw, 960px\" data-recalc-dims=\"1\" \/><\/figure>\n\n\n\n<h3 class=\"wp-block-heading has-text-align-center krobot-pattern-plaincards__title\">Robots<\/h3>\n\n\n\n<p class=\"krobot-pattern-plaincards__description\">Une grande vari\u00e9t\u00e9 de robots Kawasaki adapt\u00e9s aux besoins de nos clients<\/p>\n\n\n\n<div class=\"wp-block-buttons krobot-pattern-plaincards__more is-horizontal is-content-justification-center is-layout-flex wp-container-core-buttons-is-layout-03627597 wp-block-buttons-is-layout-flex\">\n<div class=\"wp-block-button is-style-outline is-style-outline--1\"><a class=\"wp-block-button__link wp-element-button\" href=\"\/fr\/products-robots\/\">Voir plus<\/a><\/div>\n<\/div>\n<\/div>\n\n\n\n<div class=\"wp-block-column krobot-pattern-3cols__item is-layout-flow wp-block-column-is-layout-flow\">\n<figure class=\"wp-block-image size-large krobot-pattern-plaincards__figure\"><img loading=\"lazy\" decoding=\"async\" width=\"960\" height=\"540\" src=\"https:\/\/kawasakirobotics.com\/tachyon\/sites\/5\/2022\/02\/products_2.jpg?fit=900%2C540&#038;resize=900%2C506&#038;crop_strategy=smart\" alt=\"Employ\u00e9s chez Kawasaki\" class=\"wp-image-1477\" srcset=\"https:\/\/kawasakirobotics.com\/tachyon\/sites\/2\/2022\/02\/products_2.jpg?resize=960%2C540&amp;crop_strategy=smart&amp;zoom=1 960w, https:\/\/kawasakirobotics.com\/tachyon\/sites\/2\/2022\/02\/products_2.jpg?resize=960%2C540&amp;crop_strategy=smart&amp;zoom=0.5 480w, https:\/\/kawasakirobotics.com\/tachyon\/sites\/2\/2022\/02\/products_2.jpg?resize=960%2C540&amp;crop_strategy=smart&amp;zoom=0.25 240w\" sizes=\"auto, (max-width: 960px) 100vw, 960px\" data-recalc-dims=\"1\" \/><\/figure>\n\n\n\n<h3 class=\"wp-block-heading has-text-align-center krobot-pattern-plaincards__title\">Contr\u00f4leurs<\/h3>\n\n\n\n<p class=\"krobot-pattern-plaincards__description\">Contr\u00f4leurs de robots<\/p>\n\n\n\n<div class=\"wp-block-buttons krobot-pattern-plaincards__more is-horizontal is-content-justification-center is-layout-flex wp-container-core-buttons-is-layout-03627597 wp-block-buttons-is-layout-flex\">\n<div class=\"wp-block-button is-style-outline is-style-outline--2\"><a class=\"wp-block-button__link wp-element-button\" href=\"\/fr\/products-controllers\/\">Voir plus<\/a><\/div>\n<\/div>\n<\/div>\n\n\n\n<div class=\"wp-block-column krobot-pattern-3cols__item is-layout-flow wp-block-column-is-layout-flow\">\n<figure class=\"wp-block-image size-large krobot-pattern-plaincards__figure\"><img loading=\"lazy\" decoding=\"async\" width=\"960\" height=\"540\" src=\"https:\/\/kawasakirobotics.com\/tachyon\/sites\/5\/2022\/02\/products_3.jpg?fit=900%2C540&#038;resize=900%2C506&#038;crop_strategy=smart\" alt=\"S\u00e9rie Kawasaki RS\" class=\"wp-image-1478\" srcset=\"https:\/\/kawasakirobotics.com\/tachyon\/sites\/2\/2022\/02\/products_3.jpg?resize=960%2C540&amp;crop_strategy=smart&amp;zoom=1 960w, https:\/\/kawasakirobotics.com\/tachyon\/sites\/2\/2022\/02\/products_3.jpg?resize=960%2C540&amp;crop_strategy=smart&amp;zoom=0.5 480w, https:\/\/kawasakirobotics.com\/tachyon\/sites\/2\/2022\/02\/products_3.jpg?resize=960%2C540&amp;crop_strategy=smart&amp;zoom=0.25 240w\" sizes=\"auto, (max-width: 960px) 100vw, 960px\" data-recalc-dims=\"1\" \/><\/figure>\n\n\n\n<h3 class=\"wp-block-heading has-text-align-center krobot-pattern-plaincards__title\">Autres produits<\/h3>\n\n\n\n<p class=\"krobot-pattern-plaincards__description\">Simulation &amp; OLP, Syst\u00e8mes de vision<\/p>\n\n\n\n<div class=\"wp-block-buttons krobot-pattern-plaincards__more is-horizontal is-content-justification-center is-layout-flex wp-container-core-buttons-is-layout-03627597 wp-block-buttons-is-layout-flex\">\n<div class=\"wp-block-button is-style-outline is-style-outline--3\"><a class=\"wp-block-button__link wp-element-button\" href=\"\/fr\/products-others\/\">Voir plus<\/a><\/div>\n<\/div>\n<\/div>\n<\/div>\n\n\n\n<div class=\"wp-block-columns alignwide krobot-patten-bg-link is-layout-flex wp-container-core-columns-is-layout-28f84493 wp-block-columns-is-layout-flex\">\n<div class=\"wp-block-column krobot-patten-bg-link__image is-layout-flow wp-block-column-is-layout-flow\">\n<figure class=\"wp-block-image size-full\"><a href=\"https:\/\/kawasakirobotics.com\/fr\/industries\/\"><img loading=\"lazy\" decoding=\"async\" width=\"960\" height=\"654\" src=\"https:\/\/kawasakirobotics.com\/tachyon\/sites\/3\/2022\/01\/A1760316.jpg\" alt=\"Pourquoi Kawasaki Robotics ?\" class=\"wp-image-274\" \/><\/a><\/figure>\n<\/div>\n\n\n\n<div class=\"wp-block-column krobot-patten-bg-link__content is-layout-flow wp-block-column-is-layout-flow\">\n<div class=\"wp-block-cover is-light krobot-patten-bg-link__cover\"><span aria-hidden=\"true\" class=\"wp-block-cover__background has-white-background-color has-background-dim-70 has-background-dim\"><\/span><img loading=\"lazy\" decoding=\"async\" width=\"960\" height=\"654\" class=\"wp-block-cover__image-background wp-image-274\" alt=\"\" src=\"https:\/\/kawasakirobotics.com\/tachyon\/sites\/3\/2022\/01\/A1760316.jpg\" style=\"object-position:77% 45%\" data-object-fit=\"cover\" data-object-position=\"77% 45%\" \/><div class=\"wp-block-cover__inner-container is-layout-flow wp-block-cover-is-layout-flow\">\n<h1 class=\"wp-block-heading krobot-patten-bg-link__title\">Recherche par industrie<\/h1>\n\n\n\n<p>\u00e9lectrique et \u00e9lectronique ; Nourriture et boisson; Logistique; A\u00e9rospatial; Navires; mat\u00e9riel roulant ; Machinerie; Fabrication de m\u00e9taux ; Fonderie; Produits chimiques; M\u00e9dical et Pharmaceutique ; Semi-conducteur; Automobile<\/p>\n\n\n\n<div class=\"wp-block-buttons krobot-patten-bg-link__link is-layout-flex wp-block-buttons-is-layout-flex\">\n<div class=\"wp-block-button\"><a class=\"wp-block-button__link wp-element-button\" href=\"https:\/\/kawasakirobotics.com\/fr\/industries\/\">Voir plus<\/a><\/div>\n<\/div>\n<\/div><\/div>\n<\/div>\n<\/div>\n\n\n\n<div class=\"wp-block-columns alignwide krobot-patten-bg-link is-layout-flex wp-container-core-columns-is-layout-28f84493 wp-block-columns-is-layout-flex\">\n<div class=\"wp-block-column krobot-patten-bg-link__image is-layout-flow wp-block-column-is-layout-flow\">\n<figure class=\"wp-block-image size-large\"><a href=\"https:\/\/kawasakirobotics.com\/fr\/applications\/\"><img loading=\"lazy\" decoding=\"async\" width=\"960\" height=\"540\" src=\"https:\/\/kawasakirobotics.com\/tachyon\/sites\/5\/2022\/02\/products_4.jpg?fit=900%2C540&#038;resize=900%2C506&#038;crop_strategy=smart\" alt=\"S\u00e9rie Kawasaki BA\" class=\"wp-image-1479\" srcset=\"https:\/\/kawasakirobotics.com\/tachyon\/sites\/2\/2022\/02\/products_4.jpg?resize=960%2C540&amp;crop_strategy=smart&amp;zoom=1 960w, https:\/\/kawasakirobotics.com\/tachyon\/sites\/2\/2022\/02\/products_4.jpg?resize=960%2C540&amp;crop_strategy=smart&amp;zoom=0.5 480w, https:\/\/kawasakirobotics.com\/tachyon\/sites\/2\/2022\/02\/products_4.jpg?resize=960%2C540&amp;crop_strategy=smart&amp;zoom=0.25 240w\" sizes=\"auto, (max-width: 960px) 100vw, 960px\" data-recalc-dims=\"1\" \/><\/a><\/figure>\n<\/div>\n\n\n\n<div class=\"wp-block-column krobot-patten-bg-link__content is-layout-flow wp-block-column-is-layout-flow\">\n<div class=\"wp-block-cover is-light krobot-patten-bg-link__cover\"><span aria-hidden=\"true\" class=\"wp-block-cover__background has-white-background-color has-background-dim-70 has-background-dim\"><\/span><img loading=\"lazy\" decoding=\"async\" width=\"960\" height=\"540\" class=\"wp-block-cover__image-background wp-image-1479\" alt=\"\" src=\"https:\/\/kawasakirobotics.com\/tachyon\/sites\/5\/2022\/02\/products_4.jpg?resize=900%2C506&#038;crop_strategy=smart\" style=\"object-position:77% 45%\" data-object-fit=\"cover\" data-object-position=\"77% 45%\" srcset=\"https:\/\/kawasakirobotics.com\/tachyon\/sites\/2\/2022\/02\/products_4.jpg?resize=960%2C540&amp;crop_strategy=smart&amp;zoom=1 960w, https:\/\/kawasakirobotics.com\/tachyon\/sites\/2\/2022\/02\/products_4.jpg?resize=960%2C540&amp;crop_strategy=smart&amp;zoom=0.5 480w, https:\/\/kawasakirobotics.com\/tachyon\/sites\/2\/2022\/02\/products_4.jpg?resize=960%2C540&amp;crop_strategy=smart&amp;zoom=0.25 240w\" sizes=\"auto, (max-width: 960px) 100vw, 960px\" data-recalc-dims=\"1\" \/><div class=\"wp-block-cover__inner-container is-layout-flow wp-block-cover-is-layout-flow\">\n<h1 class=\"wp-block-heading krobot-patten-bg-link__title\">Rechercher par application<\/h1>\n\n\n\n<p>Assembl\u00e9e; Manipulation du mat\u00e9riel; Entretien des machines ; palettisation et d\u00e9palettisation ; Cueillette; Peinture; Scellage; Polissage; \u00c9bavurage; soudage \u00e0 l&rsquo;arc ; soudage par points ; Transfert de plaquette<\/p>\n\n\n\n<div class=\"wp-block-buttons krobot-patten-bg-link__link is-layout-flex wp-block-buttons-is-layout-flex\">\n<div class=\"wp-block-button\"><a class=\"wp-block-button__link wp-element-button\" href=\"https:\/\/kawasakirobotics.com\/fr\/applications\/\">Voir plus<\/a><\/div>\n<\/div>\n<\/div><\/div>\n<\/div>\n<\/div>\n\n\n\n\n\n<p class=\"has-text-align-center\">Cliquez&nbsp;<a href=\"https:\/\/kawasakirobotics.com\/fr\/products\/retired-models\/\">ici<\/a>&nbsp;pour une liste des mod\u00e8les abandonn\u00e9s.<\/p>\n","protected":false},"excerpt":{"rendered":"<p>Rechercher par cat\u00e9gorie Robots Une grande vari\u00e9t\u00e9 de robots Kawasaki adapt\u00e9s aux besoins de nos clients Contr\u00f4leurs Contr\u00f4leurs de robots Autres produits Simulation &amp; OLP, Syst\u00e8mes de vision Cliquez&nbsp;ici&nbsp;pour une liste des mod\u00e8les abandonn\u00e9s.<\/p>\n","protected":false},"author":9,"featured_media":4319,"parent":0,"menu_order":10,"comment_status":"closed","ping_status":"closed","template":"page-products.php","meta":{"ep_exclude_from_search":false,"footnotes":""},"class_list":["post-50","page","type-page","status-publish","has-post-thumbnail","hentry"],"yoast_head":"<!-- This site is optimized with the Yoast SEO plugin v25.9 - https:\/\/yoast.com\/wordpress\/plugins\/seo\/ -->\n<title>Product Search | Industrial Robots by Kawasaki Robotics<\/title>\n<meta name=\"description\" content=\"Explore our search page for the perfect Kawasaki robot, optimized for various industries and tasks. Find the ideal solution here.\" \/>\n<meta name=\"robots\" content=\"index, follow, max-snippet:-1, max-image-preview:large, max-video-preview:-1\" \/>\n<link rel=\"canonical\" href=\"https:\/\/kawasakirobotics.com\/fr\/products\/\" \/>\n<meta property=\"og:locale\" content=\"fr_FR\" \/>\n<meta property=\"og:type\" content=\"article\" \/>\n<meta property=\"og:title\" content=\"Product Search | Industrial Robots by Kawasaki Robotics\" \/>\n<meta property=\"og:description\" content=\"Explore our search page for the perfect Kawasaki robot, optimized for various industries and tasks. Find the ideal solution here.\" \/>\n<meta property=\"og:url\" content=\"https:\/\/kawasakirobotics.com\/fr\/products\/\" \/>\n<meta property=\"og:site_name\" content=\"Kawasaki Robotics\" \/>\n<meta property=\"article:modified_time\" content=\"2025-05-02T06:52:56+00:00\" \/>\n<meta property=\"og:image\" content=\"https:\/\/kawasakirobotics.com\/content\/themes\/krobot-theme\/src\/images\/default\/ogp.jpg\" \/>\n\t<meta property=\"og:image:width\" content=\"1200\" \/>\n\t<meta property=\"og:image:height\" content=\"630\" \/>\n\t<meta property=\"og:image:type\" content=\"image\/jpeg\" \/>\n<meta name=\"twitter:card\" content=\"summary_large_image\" \/>\n<script type=\"application\/ld+json\" class=\"yoast-schema-graph\">{\"@context\":\"https:\/\/schema.org\",\"@graph\":[{\"@type\":\"WebPage\",\"@id\":\"https:\/\/kawasakirobotics.com\/fr\/products\/\",\"url\":\"https:\/\/kawasakirobotics.com\/fr\/products\/\",\"name\":\"Product Search | Industrial Robots by Kawasaki Robotics\",\"isPartOf\":{\"@id\":\"https:\/\/kawasakirobotics.com\/fr\/#website\"},\"primaryImageOfPage\":{\"@id\":\"https:\/\/kawasakirobotics.com\/fr\/products\/#primaryimage\"},\"image\":{\"@id\":\"https:\/\/kawasakirobotics.com\/fr\/products\/#primaryimage\"},\"thumbnailUrl\":\"https:\/\/kawasakirobotics.com\/tachyon\/sites\/2\/2022\/01\/title-background-B1830324.jpg?fit=2160%2C360\",\"datePublished\":\"2022-01-19T08:54:44+00:00\",\"dateModified\":\"2025-05-02T06:52:56+00:00\",\"description\":\"Explore our search page for the perfect Kawasaki robot, optimized for various industries and tasks. Find the ideal solution here.\",\"breadcrumb\":{\"@id\":\"https:\/\/kawasakirobotics.com\/fr\/products\/#breadcrumb\"},\"inLanguage\":\"fr-FR\",\"potentialAction\":[{\"@type\":\"ReadAction\",\"target\":[\"https:\/\/kawasakirobotics.com\/fr\/products\/\"]}]},{\"@type\":\"ImageObject\",\"inLanguage\":\"fr-FR\",\"@id\":\"https:\/\/kawasakirobotics.com\/fr\/products\/#primaryimage\",\"url\":\"https:\/\/kawasakirobotics.com\/tachyon\/sites\/2\/2022\/01\/title-background-B1830324.jpg?fit=2160%2C360\",\"contentUrl\":\"https:\/\/kawasakirobotics.com\/tachyon\/sites\/2\/2022\/01\/title-background-B1830324.jpg?fit=2160%2C360\",\"width\":2160,\"height\":360,\"caption\":\"CAD Data Disclaimer\"},{\"@type\":\"BreadcrumbList\",\"@id\":\"https:\/\/kawasakirobotics.com\/fr\/products\/#breadcrumb\",\"itemListElement\":[{\"@type\":\"ListItem\",\"position\":1,\"name\":\"Hau\",\"item\":\"https:\/\/kawasakirobotics.com\/fr\/\"},{\"@type\":\"ListItem\",\"position\":2,\"name\":\"Product Search\"}]},{\"@type\":\"WebSite\",\"@id\":\"https:\/\/kawasakirobotics.com\/fr\/#website\",\"url\":\"https:\/\/kawasakirobotics.com\/fr\/\",\"name\":\"Kawasaki Robotics\",\"description\":\"\",\"publisher\":{\"@id\":\"https:\/\/kawasakirobotics.com\/fr\/#organization\"},\"potentialAction\":[{\"@type\":\"SearchAction\",\"target\":{\"@type\":\"EntryPoint\",\"urlTemplate\":\"https:\/\/kawasakirobotics.com\/fr\/?s={search_term_string}\"},\"query-input\":{\"@type\":\"PropertyValueSpecification\",\"valueRequired\":true,\"valueName\":\"search_term_string\"}}],\"inLanguage\":\"fr-FR\"},{\"@type\":\"Organization\",\"@id\":\"https:\/\/kawasakirobotics.com\/fr\/#organization\",\"name\":\"\u5ddd\u5d0e\u91cd\u5de5\u696d\u30ed\u30dc\u30c3\u30c8\u30c7\u30a3\u30d3\u30b8\u30e7\u30f3\",\"url\":\"https:\/\/kawasakirobotics.com\/fr\/\",\"logo\":{\"@type\":\"ImageObject\",\"inLanguage\":\"fr-FR\",\"@id\":\"https:\/\/kawasakirobotics.com\/fr\/#\/schema\/logo\/image\/\",\"url\":\"\",\"contentUrl\":\"\",\"caption\":\"\u5ddd\u5d0e\u91cd\u5de5\u696d\u30ed\u30dc\u30c3\u30c8\u30c7\u30a3\u30d3\u30b8\u30e7\u30f3\"},\"image\":{\"@id\":\"https:\/\/kawasakirobotics.com\/fr\/#\/schema\/logo\/image\/\"}}]}<\/script>\n<!-- \/ Yoast SEO plugin. -->","yoast_head_json":{"title":"Product Search | Industrial Robots by Kawasaki Robotics","description":"Explore our search page for the perfect Kawasaki robot, optimized for various industries and tasks. Find the ideal solution here.","robots":{"index":"index","follow":"follow","max-snippet":"max-snippet:-1","max-image-preview":"max-image-preview:large","max-video-preview":"max-video-preview:-1"},"canonical":"https:\/\/kawasakirobotics.com\/fr\/products\/","og_locale":"fr_FR","og_type":"article","og_title":"Product Search | Industrial Robots by Kawasaki Robotics","og_description":"Explore our search page for the perfect Kawasaki robot, optimized for various industries and tasks. Find the ideal solution here.","og_url":"https:\/\/kawasakirobotics.com\/fr\/products\/","og_site_name":"Kawasaki Robotics","article_modified_time":"2025-05-02T06:52:56+00:00","og_image":[{"url":"https:\/\/kawasakirobotics.com\/content\/themes\/krobot-theme\/src\/images\/default\/ogp.jpg","width":"1200","height":"630","type":"image\/jpeg"}],"twitter_card":"summary_large_image","schema":{"@context":"https:\/\/schema.org","@graph":[{"@type":"WebPage","@id":"https:\/\/kawasakirobotics.com\/fr\/products\/","url":"https:\/\/kawasakirobotics.com\/fr\/products\/","name":"Product Search | Industrial Robots by Kawasaki Robotics","isPartOf":{"@id":"https:\/\/kawasakirobotics.com\/fr\/#website"},"primaryImageOfPage":{"@id":"https:\/\/kawasakirobotics.com\/fr\/products\/#primaryimage"},"image":{"@id":"https:\/\/kawasakirobotics.com\/fr\/products\/#primaryimage"},"thumbnailUrl":"https:\/\/kawasakirobotics.com\/tachyon\/sites\/2\/2022\/01\/title-background-B1830324.jpg?fit=2160%2C360","datePublished":"2022-01-19T08:54:44+00:00","dateModified":"2025-05-02T06:52:56+00:00","description":"Explore our search page for the perfect Kawasaki robot, optimized for various industries and tasks. Find the ideal solution here.","breadcrumb":{"@id":"https:\/\/kawasakirobotics.com\/fr\/products\/#breadcrumb"},"inLanguage":"fr-FR","potentialAction":[{"@type":"ReadAction","target":["https:\/\/kawasakirobotics.com\/fr\/products\/"]}]},{"@type":"ImageObject","inLanguage":"fr-FR","@id":"https:\/\/kawasakirobotics.com\/fr\/products\/#primaryimage","url":"https:\/\/kawasakirobotics.com\/tachyon\/sites\/2\/2022\/01\/title-background-B1830324.jpg?fit=2160%2C360","contentUrl":"https:\/\/kawasakirobotics.com\/tachyon\/sites\/2\/2022\/01\/title-background-B1830324.jpg?fit=2160%2C360","width":2160,"height":360,"caption":"CAD Data Disclaimer"},{"@type":"BreadcrumbList","@id":"https:\/\/kawasakirobotics.com\/fr\/products\/#breadcrumb","itemListElement":[{"@type":"ListItem","position":1,"name":"Hau","item":"https:\/\/kawasakirobotics.com\/fr\/"},{"@type":"ListItem","position":2,"name":"Product Search"}]},{"@type":"WebSite","@id":"https:\/\/kawasakirobotics.com\/fr\/#website","url":"https:\/\/kawasakirobotics.com\/fr\/","name":"Kawasaki Robotics","description":"","publisher":{"@id":"https:\/\/kawasakirobotics.com\/fr\/#organization"},"potentialAction":[{"@type":"SearchAction","target":{"@type":"EntryPoint","urlTemplate":"https:\/\/kawasakirobotics.com\/fr\/?s={search_term_string}"},"query-input":{"@type":"PropertyValueSpecification","valueRequired":true,"valueName":"search_term_string"}}],"inLanguage":"fr-FR"},{"@type":"Organization","@id":"https:\/\/kawasakirobotics.com\/fr\/#organization","name":"\u5ddd\u5d0e\u91cd\u5de5\u696d\u30ed\u30dc\u30c3\u30c8\u30c7\u30a3\u30d3\u30b8\u30e7\u30f3","url":"https:\/\/kawasakirobotics.com\/fr\/","logo":{"@type":"ImageObject","inLanguage":"fr-FR","@id":"https:\/\/kawasakirobotics.com\/fr\/#\/schema\/logo\/image\/","url":"","contentUrl":"","caption":"\u5ddd\u5d0e\u91cd\u5de5\u696d\u30ed\u30dc\u30c3\u30c8\u30c7\u30a3\u30d3\u30b8\u30e7\u30f3"},"image":{"@id":"https:\/\/kawasakirobotics.com\/fr\/#\/schema\/logo\/image\/"}}]}},"_links":{"self":[{"href":"https:\/\/kawasakirobotics.com\/fr\/wp-json\/wp\/v2\/pages\/50","targetHints":{"allow":["GET"]}}],"collection":[{"href":"https:\/\/kawasakirobotics.com\/fr\/wp-json\/wp\/v2\/pages"}],"about":[{"href":"https:\/\/kawasakirobotics.com\/fr\/wp-json\/wp\/v2\/types\/page"}],"author":[{"embeddable":true,"href":"https:\/\/kawasakirobotics.com\/fr\/wp-json\/wp\/v2\/users\/9"}],"replies":[{"embeddable":true,"href":"https:\/\/kawasakirobotics.com\/fr\/wp-json\/wp\/v2\/comments?post=50"}],"version-history":[{"count":20,"href":"https:\/\/kawasakirobotics.com\/fr\/wp-json\/wp\/v2\/pages\/50\/revisions"}],"predecessor-version":[{"id":5810,"href":"https:\/\/kawasakirobotics.com\/fr\/wp-json\/wp\/v2\/pages\/50\/revisions\/5810"}],"wp:featuredmedia":[{"embeddable":true,"href":"https:\/\/kawasakirobotics.com\/fr\/wp-json\/wp\/v2\/media\/4319"}],"wp:attachment":[{"href":"https:\/\/kawasakirobotics.com\/fr\/wp-json\/wp\/v2\/media?parent=50"}],"curies":[{"name":"wp","href":"https:\/\/api.w.org\/{rel}","templated":true}]}}