{"id":52,"date":"2022-01-19T17:55:28","date_gmt":"2022-01-19T08:55:28","guid":{"rendered":"urn:uuid:fd19f245-d6ee-4174-90d2-c5d578caf63a"},"modified":"2025-06-27T07:28:38","modified_gmt":"2025-06-27T05:28:38","slug":"k-addon","status":"publish","type":"page","link":"https:\/\/kawasakirobotics.com\/fr\/products\/k-addon\/","title":{"rendered":"Produits Kawasaki Robot K-AddOn"},"content":{"rendered":"\n<div class=\"wp-block-group krobot-pattern-section-heading is-layout-flow wp-block-group-is-layout-flow\">\n<h2 class=\"wp-block-heading has-text-align-center krobot-pattern-section-heading__title\">Qu&rsquo;est-ce que K-AddOn ?<\/h2>\n<\/div>\n\n\n\n<div class=\"wp-block-columns are-vertically-aligned-top is-layout-flex wp-container-core-columns-is-layout-28f84493 wp-block-columns-is-layout-flex\">\n<div class=\"wp-block-column is-vertically-aligned-top is-layout-flow wp-block-column-is-layout-flow\" style=\"flex-basis:250px\">\n<h3 class=\"wp-block-heading\">Promotion des ventes renforc\u00e9e<\/h3>\n<\/div>\n\n\n\n<div class=\"wp-block-column is-vertically-aligned-top is-layout-flow wp-block-column-is-layout-flow\">\n<ul class=\"wp-block-list\">\n<li>Pr\u00e9sentation des \u00e9quipements et des robots sur les deux sites<\/li>\n\n\n\n<li>Affichage d&rsquo;exemples d&rsquo;application en combinaison avec des robots Kawasaki<\/li>\n\n\n\n<li>Mise en place de pr\u00e9sentations externes<\/li>\n<\/ul>\n<\/div>\n<\/div>\n\n\n\n<div class=\"wp-block-columns are-vertically-aligned-top is-layout-flex wp-container-core-columns-is-layout-28f84493 wp-block-columns-is-layout-flex\">\n<div class=\"wp-block-column is-vertically-aligned-top is-layout-flow wp-block-column-is-layout-flow\" style=\"flex-basis:250px\">\n<h3 class=\"wp-block-heading\">Canal de vente \u00e9largi<\/h3>\n<\/div>\n\n\n\n<div class=\"wp-block-column is-vertically-aligned-top is-layout-flow wp-block-column-is-layout-flow\">\n<ul class=\"wp-block-list\">\n<li>Partage des pistes de vente<\/li>\n\n\n\n<li>Coop\u00e9ration mutuelle dans les activit\u00e9s de venteIl permet d&rsquo;\u00e9tendre les fonctions des robots Kawasaki.<\/li>\n<\/ul>\n<\/div>\n<\/div>\n\n\n\n<div class=\"wp-block-columns are-vertically-aligned-top is-layout-flex wp-container-core-columns-is-layout-28f84493 wp-block-columns-is-layout-flex\">\n<div class=\"wp-block-column is-vertically-aligned-top is-layout-flow wp-block-column-is-layout-flow\" style=\"flex-basis:250px\">\n<h3 class=\"wp-block-heading\">Assistance au d\u00e9veloppement de produits<\/h3>\n<\/div>\n\n\n\n<div class=\"wp-block-column is-vertically-aligned-top is-layout-flow wp-block-column-is-layout-flow\">\n<ul class=\"wp-block-list\">\n<li>Divulgation des informations I\/F du robot<\/li>\n\n\n\n<li>R\u00e9ponse aux demandes de renseignements<\/li>\n<\/ul>\n<\/div>\n<\/div>\n\n\n\n<p>*Kawasaki r\u00e9pondra et soutiendra les \u00e9quipementiers.<br>Il n&rsquo;y a aucune restriction sur la vente et la distribution des produits.<\/p>\n\n\n\n<div class=\"wp-block-group krobot-pattern-section-heading is-layout-flow wp-block-group-is-layout-flow\">\n<h2 class=\"wp-block-heading has-text-align-center krobot-pattern-section-heading__title\">Produits nouvellement enregistr\u00e9s<\/h2>\n<\/div>\n\n\n\n<div class=\"wp-block-columns alignwide krobot-pattern-products krobot-pattern-products--3cols is-layout-flex wp-container-core-columns-is-layout-28f84493 wp-block-columns-is-layout-flex\">\n<div class=\"wp-block-column krobot-pattern-products__item is-layout-flow wp-block-column-is-layout-flow\">\n<div class=\"wp-block-media-text is-stacked-on-mobile krobot-pattern-products__img-title\"><figure class=\"wp-block-media-text__media\"><img decoding=\"async\" src=\"https:\/\/kawasakirobotics.com\/tachyon\/sites\/5\/2025\/03\/SE2L-HA05LPC-jp2.jpg?fit=900%2C900\" alt=\"Scanner laser de s\u00e9curit\u00e9 SE2L Advanced series et bornes de connexion\" class=\"wp-image-6085 size-full\" \/><\/figure><div class=\"wp-block-media-text__content\">\n<p>Scanner laser de s\u00e9curit\u00e9 SE2L Advanced series et bornes de connexion<\/p>\n<\/div><\/div>\n\n\n\n<h4 class=\"wp-block-heading\">Company<\/h4>\n\n\n\n<p>IDEC EMEA Headquarter\uff1aAPEM SAS<\/p>\n\n\n\n<h4 class=\"wp-block-heading\">Product<\/h4>\n\n\n\n<p>[Scanner laser]<br>Assure la s\u00e9curit\u00e9 des personnes se trouvant dans des zones dangereuses ou s&rsquo;approchant des machines.<\/p>\n\n\n\n<p>[Bornes de connexion]<br>Entr\u00e9e de s\u00e9curit\u00e9 vers le contr\u00f4leur du robot<\/p>\n\n\n\n<div class=\"wp-block-buttons is-content-justification-center is-layout-flex wp-container-core-buttons-is-layout-a89b3969 wp-block-buttons-is-layout-flex\">\n<div class=\"wp-block-button is-style-outline is-style-outline--1\"><a class=\"wp-block-button__link wp-element-button\" href=\"https:\/\/kawasakirobotics.com\/fr\/products-kaddon\/safety-laser-scanner-se2l-advanced-series-and-connection-terminals\/\">MORE<\/a><\/div>\n<\/div>\n<\/div>\n<\/div>\n\n\n\n<div class=\"wp-block-buttons is-horizontal is-content-justification-center is-layout-flex wp-container-core-buttons-is-layout-03627597 wp-block-buttons-is-layout-flex\">\n<div class=\"wp-block-button has-custom-width wp-block-button__width-50\"><a class=\"wp-block-button__link wp-element-button\" href=\"https:\/\/kawasakirobotics.com\/fr\/products-kaddon\/\">Parcourir tous les produits K-AddOn<\/a><\/div>\n<\/div>\n\n\n\n<div class=\"wp-block-buttons is-horizontal is-content-justification-center is-layout-flex wp-container-core-buttons-is-layout-03627597 wp-block-buttons-is-layout-flex\">\n<div class=\"wp-block-button has-custom-width wp-block-button__width-50\"><a class=\"wp-block-button__link wp-element-button\" href=\"https:\/\/kawasaki-corporate.spiral-site.com\/K_AddOn_asia?_gl=1*1dvyb1e*_ga*NTMwMjUzNTUwLjE2NDA2NDQ5Mzg.*_ga_GRRCX7N19P*MTY0NTU3OTMyMC4xNzguMS4xNjQ1NTc5NjcxLjA.&amp;_ifbs-K_AddOn_EN=s1_Step1\" target=\"_blank\" rel=\"noreferrer noopener\">Contacter K-AddOn<\/a><\/div>\n<\/div>\n\n\n\n<div style=\"height:30px\" aria-hidden=\"true\" class=\"wp-block-spacer\"><\/div>\n\n\n\n<div class=\"wp-block-group krobot-pattern-section-heading is-layout-flow wp-block-group-is-layout-flow\">\n<h2 class=\"wp-block-heading has-text-align-center krobot-pattern-section-heading__title\">Devenir un partenaire Kawasaki Robotics K-AddOn<\/h2>\n<\/div>\n\n\n\n<p class=\"has-text-align-left\">Les produits de votre entreprise compatibles avec les robots Kawasaki seront enregistr\u00e9s et pr\u00e9sent\u00e9s sur notre site Web en tant que produits K-AddOn. Nous fournissons \u00e0 nos partenaires une assistance pour l&rsquo;expansion des canaux de vente de leurs produits et une assistance au d\u00e9veloppement de produits pour les modules compl\u00e9mentaires de robot.<\/p>\n\n\n\n<div class=\"wp-block-group has-light-gray-background-color has-background is-layout-flow wp-block-group-is-layout-flow\">\n<p class=\"has-text-align-left\">Veuillez postuler pour devenir un partenaire K-AddOn en fournissant les informations suivantes dans le formulaire de contact.<\/p>\n\n\n\n<ul class=\"wp-block-list\">\n<li>Noms de produits et applications que vous souhaitez ajouter \u00e0 K-AddOn<\/li>\n\n\n\n<li>Mod\u00e8le(s) de robot(s) Kawasaki compatible(s)<\/li>\n\n\n\n<li>Demandes concernant le partenariat commercial<\/li>\n\n\n\n<li>Toute autre demande ou question<\/li>\n<\/ul>\n<\/div>\n\n\n\n<div class=\"wp-block-buttons is-horizontal is-content-justification-center is-layout-flex wp-container-core-buttons-is-layout-03627597 wp-block-buttons-is-layout-flex\">\n<div class=\"wp-block-button has-custom-width wp-block-button__width-50\"><a class=\"wp-block-button__link wp-element-button\" href=\"https:\/\/kawasakirobotics.com\/fr\/k-addon-join\/\">Devenir un partenaire K-AddOn<\/a><\/div>\n<\/div>\n\n\n\n<div class=\"wp-block-buttons is-horizontal is-content-justification-center is-layout-flex wp-container-core-buttons-is-layout-03627597 wp-block-buttons-is-layout-flex\">\n<div class=\"wp-block-button has-custom-width wp-block-button__width-50\"><a class=\"wp-block-button__link wp-element-button\" href=\"https:\/\/kawasaki-corporate.spiral-site.com\/K_AddOn_asia?_gl=1*1dvyb1e*_ga*NTMwMjUzNTUwLjE2NDA2NDQ5Mzg.*_ga_GRRCX7N19P*MTY0NTU3OTMyMC4xNzguMS4xNjQ1NTc5NjcxLjA.&amp;_ifbs-K_AddOn_EN=s1_Step1\" target=\"_blank\" rel=\"noreferrer noopener\">Postuler pour devenir partenaire K-AddOn<\/a><\/div>\n<\/div>\n","protected":false},"excerpt":{"rendered":"<p>Qu&rsquo;est-ce que K-AddOn ? Promotion des ventes renforc\u00e9e Canal de vente \u00e9largi Assistance au d\u00e9veloppement de produits *Kawasaki r\u00e9pondra et soutiendra les \u00e9quipementiers.Il n&rsquo;y a aucune restriction sur la vente et la distribution des produits. Produits nouvellement enregistr\u00e9s Scanner laser de s\u00e9curit\u00e9 SE2L Advanced series et bornes de connexion Company IDEC EMEA Headquarter\uff1aAPEM SAS Product [Scanner laser]Assure la s\u00e9curit\u00e9 des personnes se trouvant dans des zones dangereuses ou s&rsquo;approchant des machines. [Bornes de connexion]Entr\u00e9e de s\u00e9curit\u00e9 vers le contr\u00f4leur du robot Devenir un partenaire Kawasaki Robotics K-AddOn Les produits de votre entreprise compatibles avec les robots Kawasaki seront enregistr\u00e9s et pr\u00e9sent\u00e9s sur notre site Web en tant que produits K-AddOn. [&hellip;]<\/p>\n","protected":false},"author":9,"featured_media":930,"parent":50,"menu_order":1,"comment_status":"closed","ping_status":"closed","template":"page-templates\/custom-title-with-background.php","meta":{"ep_exclude_from_search":false,"footnotes":""},"class_list":["post-52","page","type-page","status-publish","has-post-thumbnail","hentry"],"yoast_head":"<!-- This site is optimized with the Yoast SEO plugin v25.9 - https:\/\/yoast.com\/wordpress\/plugins\/seo\/ -->\n<title>Produits Kawasaki Robot K-AddOn | Kawasaki Robotics<\/title>\n<meta name=\"description\" content=\"K-AddOn is a platform for integrators and users, offering evaluated tools for seamless Kawasaki Robot integration. Join the program today.\" \/>\n<meta name=\"robots\" content=\"index, follow, max-snippet:-1, max-image-preview:large, max-video-preview:-1\" \/>\n<link rel=\"canonical\" href=\"https:\/\/kawasakirobotics.com\/fr\/products\/k-addon\/\" \/>\n<meta property=\"og:locale\" content=\"fr_FR\" \/>\n<meta property=\"og:type\" content=\"article\" \/>\n<meta property=\"og:title\" content=\"Produits Kawasaki Robot K-AddOn | Kawasaki Robotics\" \/>\n<meta property=\"og:description\" content=\"K-AddOn is a platform for integrators and users, offering evaluated tools for seamless Kawasaki Robot integration. Join the program today.\" \/>\n<meta property=\"og:url\" content=\"https:\/\/kawasakirobotics.com\/fr\/products\/k-addon\/\" \/>\n<meta property=\"og:site_name\" content=\"Kawasaki Robotics\" \/>\n<meta property=\"article:modified_time\" content=\"2025-06-27T05:28:38+00:00\" \/>\n<meta property=\"og:image\" content=\"https:\/\/kawasakirobotics.com\/content\/themes\/krobot-theme\/src\/images\/default\/ogp.jpg\" \/>\n\t<meta property=\"og:image:width\" content=\"1200\" \/>\n\t<meta property=\"og:image:height\" content=\"630\" \/>\n\t<meta property=\"og:image:type\" content=\"image\/jpeg\" \/>\n<meta name=\"twitter:card\" content=\"summary_large_image\" \/>\n<script type=\"application\/ld+json\" class=\"yoast-schema-graph\">{\"@context\":\"https:\/\/schema.org\",\"@graph\":[{\"@type\":\"WebPage\",\"@id\":\"https:\/\/kawasakirobotics.com\/fr\/products\/k-addon\/\",\"url\":\"https:\/\/kawasakirobotics.com\/fr\/products\/k-addon\/\",\"name\":\"Produits Kawasaki Robot K-AddOn | Kawasaki Robotics\",\"isPartOf\":{\"@id\":\"https:\/\/kawasakirobotics.com\/fr\/#website\"},\"primaryImageOfPage\":{\"@id\":\"https:\/\/kawasakirobotics.com\/fr\/products\/k-addon\/#primaryimage\"},\"image\":{\"@id\":\"https:\/\/kawasakirobotics.com\/fr\/products\/k-addon\/#primaryimage\"},\"thumbnailUrl\":\"https:\/\/kawasakirobotics.com\/tachyon\/sites\/2\/2022\/01\/title-background-A1750927-2_ed.jpg?fit=2160%2C360\",\"datePublished\":\"2022-01-19T08:55:28+00:00\",\"dateModified\":\"2025-06-27T05:28:38+00:00\",\"description\":\"K-AddOn is a platform for integrators and users, offering evaluated tools for seamless Kawasaki Robot integration. Join the program today.\",\"breadcrumb\":{\"@id\":\"https:\/\/kawasakirobotics.com\/fr\/products\/k-addon\/#breadcrumb\"},\"inLanguage\":\"fr-FR\",\"potentialAction\":[{\"@type\":\"ReadAction\",\"target\":[\"https:\/\/kawasakirobotics.com\/fr\/products\/k-addon\/\"]}]},{\"@type\":\"ImageObject\",\"inLanguage\":\"fr-FR\",\"@id\":\"https:\/\/kawasakirobotics.com\/fr\/products\/k-addon\/#primaryimage\",\"url\":\"https:\/\/kawasakirobotics.com\/tachyon\/sites\/2\/2022\/01\/title-background-A1750927-2_ed.jpg?fit=2160%2C360\",\"contentUrl\":\"https:\/\/kawasakirobotics.com\/tachyon\/sites\/2\/2022\/01\/title-background-A1750927-2_ed.jpg?fit=2160%2C360\",\"width\":2160,\"height\":360,\"caption\":\"Kawasaki Robot K-AddOn Products\"},{\"@type\":\"BreadcrumbList\",\"@id\":\"https:\/\/kawasakirobotics.com\/fr\/products\/k-addon\/#breadcrumb\",\"itemListElement\":[{\"@type\":\"ListItem\",\"position\":1,\"name\":\"Hau\",\"item\":\"https:\/\/kawasakirobotics.com\/fr\/\"},{\"@type\":\"ListItem\",\"position\":2,\"name\":\"Product Search\",\"item\":\"https:\/\/kawasakirobotics.com\/fr\/products\/\"},{\"@type\":\"ListItem\",\"position\":3,\"name\":\"Produits Kawasaki Robot K-AddOn\"}]},{\"@type\":\"WebSite\",\"@id\":\"https:\/\/kawasakirobotics.com\/fr\/#website\",\"url\":\"https:\/\/kawasakirobotics.com\/fr\/\",\"name\":\"Kawasaki Robotics\",\"description\":\"\",\"publisher\":{\"@id\":\"https:\/\/kawasakirobotics.com\/fr\/#organization\"},\"potentialAction\":[{\"@type\":\"SearchAction\",\"target\":{\"@type\":\"EntryPoint\",\"urlTemplate\":\"https:\/\/kawasakirobotics.com\/fr\/?s={search_term_string}\"},\"query-input\":{\"@type\":\"PropertyValueSpecification\",\"valueRequired\":true,\"valueName\":\"search_term_string\"}}],\"inLanguage\":\"fr-FR\"},{\"@type\":\"Organization\",\"@id\":\"https:\/\/kawasakirobotics.com\/fr\/#organization\",\"name\":\"\u5ddd\u5d0e\u91cd\u5de5\u696d\u30ed\u30dc\u30c3\u30c8\u30c7\u30a3\u30d3\u30b8\u30e7\u30f3\",\"url\":\"https:\/\/kawasakirobotics.com\/fr\/\",\"logo\":{\"@type\":\"ImageObject\",\"inLanguage\":\"fr-FR\",\"@id\":\"https:\/\/kawasakirobotics.com\/fr\/#\/schema\/logo\/image\/\",\"url\":\"\",\"contentUrl\":\"\",\"caption\":\"\u5ddd\u5d0e\u91cd\u5de5\u696d\u30ed\u30dc\u30c3\u30c8\u30c7\u30a3\u30d3\u30b8\u30e7\u30f3\"},\"image\":{\"@id\":\"https:\/\/kawasakirobotics.com\/fr\/#\/schema\/logo\/image\/\"}}]}<\/script>\n<!-- \/ Yoast SEO plugin. -->","yoast_head_json":{"title":"Produits Kawasaki Robot K-AddOn | Kawasaki Robotics","description":"K-AddOn is a platform for integrators and users, offering evaluated tools for seamless Kawasaki Robot integration. Join the program today.","robots":{"index":"index","follow":"follow","max-snippet":"max-snippet:-1","max-image-preview":"max-image-preview:large","max-video-preview":"max-video-preview:-1"},"canonical":"https:\/\/kawasakirobotics.com\/fr\/products\/k-addon\/","og_locale":"fr_FR","og_type":"article","og_title":"Produits Kawasaki Robot K-AddOn | Kawasaki Robotics","og_description":"K-AddOn is a platform for integrators and users, offering evaluated tools for seamless Kawasaki Robot integration. Join the program today.","og_url":"https:\/\/kawasakirobotics.com\/fr\/products\/k-addon\/","og_site_name":"Kawasaki Robotics","article_modified_time":"2025-06-27T05:28:38+00:00","og_image":[{"url":"https:\/\/kawasakirobotics.com\/content\/themes\/krobot-theme\/src\/images\/default\/ogp.jpg","width":"1200","height":"630","type":"image\/jpeg"}],"twitter_card":"summary_large_image","schema":{"@context":"https:\/\/schema.org","@graph":[{"@type":"WebPage","@id":"https:\/\/kawasakirobotics.com\/fr\/products\/k-addon\/","url":"https:\/\/kawasakirobotics.com\/fr\/products\/k-addon\/","name":"Produits Kawasaki Robot K-AddOn | Kawasaki Robotics","isPartOf":{"@id":"https:\/\/kawasakirobotics.com\/fr\/#website"},"primaryImageOfPage":{"@id":"https:\/\/kawasakirobotics.com\/fr\/products\/k-addon\/#primaryimage"},"image":{"@id":"https:\/\/kawasakirobotics.com\/fr\/products\/k-addon\/#primaryimage"},"thumbnailUrl":"https:\/\/kawasakirobotics.com\/tachyon\/sites\/2\/2022\/01\/title-background-A1750927-2_ed.jpg?fit=2160%2C360","datePublished":"2022-01-19T08:55:28+00:00","dateModified":"2025-06-27T05:28:38+00:00","description":"K-AddOn is a platform for integrators and users, offering evaluated tools for seamless Kawasaki Robot integration. Join the program today.","breadcrumb":{"@id":"https:\/\/kawasakirobotics.com\/fr\/products\/k-addon\/#breadcrumb"},"inLanguage":"fr-FR","potentialAction":[{"@type":"ReadAction","target":["https:\/\/kawasakirobotics.com\/fr\/products\/k-addon\/"]}]},{"@type":"ImageObject","inLanguage":"fr-FR","@id":"https:\/\/kawasakirobotics.com\/fr\/products\/k-addon\/#primaryimage","url":"https:\/\/kawasakirobotics.com\/tachyon\/sites\/2\/2022\/01\/title-background-A1750927-2_ed.jpg?fit=2160%2C360","contentUrl":"https:\/\/kawasakirobotics.com\/tachyon\/sites\/2\/2022\/01\/title-background-A1750927-2_ed.jpg?fit=2160%2C360","width":2160,"height":360,"caption":"Kawasaki Robot K-AddOn Products"},{"@type":"BreadcrumbList","@id":"https:\/\/kawasakirobotics.com\/fr\/products\/k-addon\/#breadcrumb","itemListElement":[{"@type":"ListItem","position":1,"name":"Hau","item":"https:\/\/kawasakirobotics.com\/fr\/"},{"@type":"ListItem","position":2,"name":"Product Search","item":"https:\/\/kawasakirobotics.com\/fr\/products\/"},{"@type":"ListItem","position":3,"name":"Produits Kawasaki Robot K-AddOn"}]},{"@type":"WebSite","@id":"https:\/\/kawasakirobotics.com\/fr\/#website","url":"https:\/\/kawasakirobotics.com\/fr\/","name":"Kawasaki Robotics","description":"","publisher":{"@id":"https:\/\/kawasakirobotics.com\/fr\/#organization"},"potentialAction":[{"@type":"SearchAction","target":{"@type":"EntryPoint","urlTemplate":"https:\/\/kawasakirobotics.com\/fr\/?s={search_term_string}"},"query-input":{"@type":"PropertyValueSpecification","valueRequired":true,"valueName":"search_term_string"}}],"inLanguage":"fr-FR"},{"@type":"Organization","@id":"https:\/\/kawasakirobotics.com\/fr\/#organization","name":"\u5ddd\u5d0e\u91cd\u5de5\u696d\u30ed\u30dc\u30c3\u30c8\u30c7\u30a3\u30d3\u30b8\u30e7\u30f3","url":"https:\/\/kawasakirobotics.com\/fr\/","logo":{"@type":"ImageObject","inLanguage":"fr-FR","@id":"https:\/\/kawasakirobotics.com\/fr\/#\/schema\/logo\/image\/","url":"","contentUrl":"","caption":"\u5ddd\u5d0e\u91cd\u5de5\u696d\u30ed\u30dc\u30c3\u30c8\u30c7\u30a3\u30d3\u30b8\u30e7\u30f3"},"image":{"@id":"https:\/\/kawasakirobotics.com\/fr\/#\/schema\/logo\/image\/"}}]}},"_links":{"self":[{"href":"https:\/\/kawasakirobotics.com\/fr\/wp-json\/wp\/v2\/pages\/52","targetHints":{"allow":["GET"]}}],"collection":[{"href":"https:\/\/kawasakirobotics.com\/fr\/wp-json\/wp\/v2\/pages"}],"about":[{"href":"https:\/\/kawasakirobotics.com\/fr\/wp-json\/wp\/v2\/types\/page"}],"author":[{"embeddable":true,"href":"https:\/\/kawasakirobotics.com\/fr\/wp-json\/wp\/v2\/users\/9"}],"replies":[{"embeddable":true,"href":"https:\/\/kawasakirobotics.com\/fr\/wp-json\/wp\/v2\/comments?post=52"}],"version-history":[{"count":20,"href":"https:\/\/kawasakirobotics.com\/fr\/wp-json\/wp\/v2\/pages\/52\/revisions"}],"predecessor-version":[{"id":5873,"href":"https:\/\/kawasakirobotics.com\/fr\/wp-json\/wp\/v2\/pages\/52\/revisions\/5873"}],"up":[{"embeddable":true,"href":"https:\/\/kawasakirobotics.com\/fr\/wp-json\/wp\/v2\/pages\/50"}],"wp:featuredmedia":[{"embeddable":true,"href":"https:\/\/kawasakirobotics.com\/fr\/wp-json\/wp\/v2\/media\/930"}],"wp:attachment":[{"href":"https:\/\/kawasakirobotics.com\/fr\/wp-json\/wp\/v2\/media?parent=52"}],"curies":[{"name":"wp","href":"https:\/\/api.w.org\/{rel}","templated":true}]}}