{"id":54,"date":"2022-01-19T17:55:56","date_gmt":"2022-01-19T08:55:56","guid":{"rendered":"urn:uuid:8f4034a0-45c0-4d83-94d6-fbc8f463c5ae"},"modified":"2025-08-01T02:10:11","modified_gmt":"2025-08-01T00:10:11","slug":"retired-models","status":"publish","type":"page","link":"https:\/\/kawasakirobotics.com\/fr\/products\/retired-models\/","title":{"rendered":"Mod\u00e8les \u00e0 la retraite"},"content":{"rendered":"\n<p>Kawasaki est l&rsquo;un des leaders mondiaux des installations de robots. La plupart de nos produits retir\u00e9s sont toujours en cours de production dans des usines du monde entier. Si vous avez besoin de pi\u00e8ces ou d&rsquo;assistance sur l&rsquo;un de nos produits, veuillez contacter notre service client\u00e8le.<\/p>\n\n\n\n<p><a href=\"https:\/\/kawasakirobotics.com\/uploads\/sites\/2\/2025\/07\/KHI_retiredmodels202508.pdf\" target=\"_blank\" rel=\"noreferrer noopener\">Liste des mod\u00e8les de robot \/ contr\u00f4leur abandonn\u00e9s et ann\u00e9e d&rsquo;arr\u00eat<\/a><\/p>\n\n\n\n<h2 class=\"wp-block-heading\">RAISON DE L&rsquo;ARR\u00caT<\/h2>\n\n\n\n<p>Lancement des mod\u00e8les successeurs.<\/p>\n\n\n\n<h4 class=\"wp-block-heading\">PI\u00c8CES DE RECHANGE<\/h4>\n\n\n\n<ul class=\"wp-block-list\">\n<li>Les pi\u00e8ces de rechange pour les mod\u00e8les concern\u00e9s doivent \u00eatre fournies jusqu&rsquo;\u00e0 10 ans apr\u00e8s la date d&rsquo;arr\u00eat.<\/li>\n\n\n\n<li>Kawasaki mettra tout en \u0153uvre pour obtenir des pi\u00e8ces et des mat\u00e9riaux en r\u00e9ponse aux demandes des clients. Cependant, en raison de circonstances externes telles que des changements sur le march\u00e9 des mat\u00e9riaux (c&rsquo;est-\u00e0-dire l&rsquo;arr\u00eat par les fabricants de mat\u00e9riaux) pourrait emp\u00eacher Kawasaki de fournir des pi\u00e8ces pour les mod\u00e8les concern\u00e9s.<\/li>\n\n\n\n<li>En fonction de la p\u00e9riode \u00e9coul\u00e9e apr\u00e8s l&rsquo;arr\u00eat du produit, les d\u00e9lais de livraison peuvent augmenter.<\/li>\n<\/ul>\n\n\n\n<p><\/p>\n","protected":false},"excerpt":{"rendered":"<p>Kawasaki est l&rsquo;un des leaders mondiaux des installations de robots. La plupart de nos produits retir\u00e9s sont toujours en cours de production dans des usines du monde entier. Si vous avez besoin de pi\u00e8ces ou d&rsquo;assistance sur l&rsquo;un de nos produits, veuillez contacter notre service client\u00e8le. Liste des mod\u00e8les de robot \/ contr\u00f4leur abandonn\u00e9s et ann\u00e9e d&rsquo;arr\u00eat RAISON DE L&rsquo;ARR\u00caT Lancement des mod\u00e8les successeurs. PI\u00c8CES DE RECHANGE<\/p>\n","protected":false},"author":3,"featured_media":4319,"parent":50,"menu_order":2,"comment_status":"closed","ping_status":"closed","template":"page-templates\/custom-title-with-background.php","meta":{"ep_exclude_from_search":false,"footnotes":""},"class_list":["post-54","page","type-page","status-publish","has-post-thumbnail","hentry"],"yoast_head":"<!-- This site is optimized with the Yoast SEO plugin v25.9 - https:\/\/yoast.com\/wordpress\/plugins\/seo\/ -->\n<title>Mod\u00e8les \u00e0 la retraite | Industrial Robots by Kawasaki Robotics<\/title>\n<meta name=\"description\" content=\"Discover Kawasaki&#039;s retired robot models and their parts availability. We offer support for up to 10 years post-discontinuation.\" \/>\n<meta name=\"robots\" content=\"index, follow, max-snippet:-1, max-image-preview:large, max-video-preview:-1\" \/>\n<link rel=\"canonical\" href=\"https:\/\/kawasakirobotics.com\/fr\/products\/retired-models\/\" \/>\n<meta property=\"og:locale\" content=\"fr_FR\" \/>\n<meta property=\"og:type\" content=\"article\" \/>\n<meta property=\"og:title\" content=\"Mod\u00e8les \u00e0 la retraite | Industrial Robots by Kawasaki Robotics\" \/>\n<meta property=\"og:description\" content=\"Discover Kawasaki&#039;s retired robot models and their parts availability. We offer support for up to 10 years post-discontinuation.\" \/>\n<meta property=\"og:url\" content=\"https:\/\/kawasakirobotics.com\/fr\/products\/retired-models\/\" \/>\n<meta property=\"og:site_name\" content=\"Kawasaki Robotics\" \/>\n<meta property=\"article:modified_time\" content=\"2025-08-01T00:10:11+00:00\" \/>\n<meta property=\"og:image\" content=\"https:\/\/kawasakirobotics.com\/content\/themes\/krobot-theme\/src\/images\/default\/ogp.jpg\" \/>\n\t<meta property=\"og:image:width\" content=\"1200\" \/>\n\t<meta property=\"og:image:height\" content=\"630\" \/>\n\t<meta property=\"og:image:type\" content=\"image\/jpeg\" \/>\n<meta name=\"twitter:card\" content=\"summary_large_image\" \/>\n<script type=\"application\/ld+json\" class=\"yoast-schema-graph\">{\"@context\":\"https:\/\/schema.org\",\"@graph\":[{\"@type\":\"WebPage\",\"@id\":\"https:\/\/kawasakirobotics.com\/fr\/products\/retired-models\/\",\"url\":\"https:\/\/kawasakirobotics.com\/fr\/products\/retired-models\/\",\"name\":\"Mod\u00e8les \u00e0 la retraite | Industrial Robots by Kawasaki Robotics\",\"isPartOf\":{\"@id\":\"https:\/\/kawasakirobotics.com\/fr\/#website\"},\"primaryImageOfPage\":{\"@id\":\"https:\/\/kawasakirobotics.com\/fr\/products\/retired-models\/#primaryimage\"},\"image\":{\"@id\":\"https:\/\/kawasakirobotics.com\/fr\/products\/retired-models\/#primaryimage\"},\"thumbnailUrl\":\"https:\/\/kawasakirobotics.com\/tachyon\/sites\/2\/2022\/01\/title-background-B1830324.jpg?fit=2160%2C360\",\"datePublished\":\"2022-01-19T08:55:56+00:00\",\"dateModified\":\"2025-08-01T00:10:11+00:00\",\"description\":\"Discover Kawasaki's retired robot models and their parts availability. We offer support for up to 10 years post-discontinuation.\",\"breadcrumb\":{\"@id\":\"https:\/\/kawasakirobotics.com\/fr\/products\/retired-models\/#breadcrumb\"},\"inLanguage\":\"fr-FR\",\"potentialAction\":[{\"@type\":\"ReadAction\",\"target\":[\"https:\/\/kawasakirobotics.com\/fr\/products\/retired-models\/\"]}]},{\"@type\":\"ImageObject\",\"inLanguage\":\"fr-FR\",\"@id\":\"https:\/\/kawasakirobotics.com\/fr\/products\/retired-models\/#primaryimage\",\"url\":\"https:\/\/kawasakirobotics.com\/tachyon\/sites\/2\/2022\/01\/title-background-B1830324.jpg?fit=2160%2C360\",\"contentUrl\":\"https:\/\/kawasakirobotics.com\/tachyon\/sites\/2\/2022\/01\/title-background-B1830324.jpg?fit=2160%2C360\",\"width\":2160,\"height\":360,\"caption\":\"CAD Data Disclaimer\"},{\"@type\":\"BreadcrumbList\",\"@id\":\"https:\/\/kawasakirobotics.com\/fr\/products\/retired-models\/#breadcrumb\",\"itemListElement\":[{\"@type\":\"ListItem\",\"position\":1,\"name\":\"Hau\",\"item\":\"https:\/\/kawasakirobotics.com\/fr\/\"},{\"@type\":\"ListItem\",\"position\":2,\"name\":\"Product Search\",\"item\":\"https:\/\/kawasakirobotics.com\/fr\/products\/\"},{\"@type\":\"ListItem\",\"position\":3,\"name\":\"Mod\u00e8les \u00e0 la retraite\"}]},{\"@type\":\"WebSite\",\"@id\":\"https:\/\/kawasakirobotics.com\/fr\/#website\",\"url\":\"https:\/\/kawasakirobotics.com\/fr\/\",\"name\":\"Kawasaki Robotics\",\"description\":\"\",\"publisher\":{\"@id\":\"https:\/\/kawasakirobotics.com\/fr\/#organization\"},\"potentialAction\":[{\"@type\":\"SearchAction\",\"target\":{\"@type\":\"EntryPoint\",\"urlTemplate\":\"https:\/\/kawasakirobotics.com\/fr\/?s={search_term_string}\"},\"query-input\":{\"@type\":\"PropertyValueSpecification\",\"valueRequired\":true,\"valueName\":\"search_term_string\"}}],\"inLanguage\":\"fr-FR\"},{\"@type\":\"Organization\",\"@id\":\"https:\/\/kawasakirobotics.com\/fr\/#organization\",\"name\":\"\u5ddd\u5d0e\u91cd\u5de5\u696d\u30ed\u30dc\u30c3\u30c8\u30c7\u30a3\u30d3\u30b8\u30e7\u30f3\",\"url\":\"https:\/\/kawasakirobotics.com\/fr\/\",\"logo\":{\"@type\":\"ImageObject\",\"inLanguage\":\"fr-FR\",\"@id\":\"https:\/\/kawasakirobotics.com\/fr\/#\/schema\/logo\/image\/\",\"url\":\"\",\"contentUrl\":\"\",\"caption\":\"\u5ddd\u5d0e\u91cd\u5de5\u696d\u30ed\u30dc\u30c3\u30c8\u30c7\u30a3\u30d3\u30b8\u30e7\u30f3\"},\"image\":{\"@id\":\"https:\/\/kawasakirobotics.com\/fr\/#\/schema\/logo\/image\/\"}}]}<\/script>\n<!-- \/ Yoast SEO plugin. -->","yoast_head_json":{"title":"Mod\u00e8les \u00e0 la retraite | Industrial Robots by Kawasaki Robotics","description":"Discover Kawasaki's retired robot models and their parts availability. We offer support for up to 10 years post-discontinuation.","robots":{"index":"index","follow":"follow","max-snippet":"max-snippet:-1","max-image-preview":"max-image-preview:large","max-video-preview":"max-video-preview:-1"},"canonical":"https:\/\/kawasakirobotics.com\/fr\/products\/retired-models\/","og_locale":"fr_FR","og_type":"article","og_title":"Mod\u00e8les \u00e0 la retraite | Industrial Robots by Kawasaki Robotics","og_description":"Discover Kawasaki's retired robot models and their parts availability. We offer support for up to 10 years post-discontinuation.","og_url":"https:\/\/kawasakirobotics.com\/fr\/products\/retired-models\/","og_site_name":"Kawasaki Robotics","article_modified_time":"2025-08-01T00:10:11+00:00","og_image":[{"url":"https:\/\/kawasakirobotics.com\/content\/themes\/krobot-theme\/src\/images\/default\/ogp.jpg","width":"1200","height":"630","type":"image\/jpeg"}],"twitter_card":"summary_large_image","schema":{"@context":"https:\/\/schema.org","@graph":[{"@type":"WebPage","@id":"https:\/\/kawasakirobotics.com\/fr\/products\/retired-models\/","url":"https:\/\/kawasakirobotics.com\/fr\/products\/retired-models\/","name":"Mod\u00e8les \u00e0 la retraite | Industrial Robots by Kawasaki Robotics","isPartOf":{"@id":"https:\/\/kawasakirobotics.com\/fr\/#website"},"primaryImageOfPage":{"@id":"https:\/\/kawasakirobotics.com\/fr\/products\/retired-models\/#primaryimage"},"image":{"@id":"https:\/\/kawasakirobotics.com\/fr\/products\/retired-models\/#primaryimage"},"thumbnailUrl":"https:\/\/kawasakirobotics.com\/tachyon\/sites\/2\/2022\/01\/title-background-B1830324.jpg?fit=2160%2C360","datePublished":"2022-01-19T08:55:56+00:00","dateModified":"2025-08-01T00:10:11+00:00","description":"Discover Kawasaki's retired robot models and their parts availability. We offer support for up to 10 years post-discontinuation.","breadcrumb":{"@id":"https:\/\/kawasakirobotics.com\/fr\/products\/retired-models\/#breadcrumb"},"inLanguage":"fr-FR","potentialAction":[{"@type":"ReadAction","target":["https:\/\/kawasakirobotics.com\/fr\/products\/retired-models\/"]}]},{"@type":"ImageObject","inLanguage":"fr-FR","@id":"https:\/\/kawasakirobotics.com\/fr\/products\/retired-models\/#primaryimage","url":"https:\/\/kawasakirobotics.com\/tachyon\/sites\/2\/2022\/01\/title-background-B1830324.jpg?fit=2160%2C360","contentUrl":"https:\/\/kawasakirobotics.com\/tachyon\/sites\/2\/2022\/01\/title-background-B1830324.jpg?fit=2160%2C360","width":2160,"height":360,"caption":"CAD Data Disclaimer"},{"@type":"BreadcrumbList","@id":"https:\/\/kawasakirobotics.com\/fr\/products\/retired-models\/#breadcrumb","itemListElement":[{"@type":"ListItem","position":1,"name":"Hau","item":"https:\/\/kawasakirobotics.com\/fr\/"},{"@type":"ListItem","position":2,"name":"Product Search","item":"https:\/\/kawasakirobotics.com\/fr\/products\/"},{"@type":"ListItem","position":3,"name":"Mod\u00e8les \u00e0 la retraite"}]},{"@type":"WebSite","@id":"https:\/\/kawasakirobotics.com\/fr\/#website","url":"https:\/\/kawasakirobotics.com\/fr\/","name":"Kawasaki Robotics","description":"","publisher":{"@id":"https:\/\/kawasakirobotics.com\/fr\/#organization"},"potentialAction":[{"@type":"SearchAction","target":{"@type":"EntryPoint","urlTemplate":"https:\/\/kawasakirobotics.com\/fr\/?s={search_term_string}"},"query-input":{"@type":"PropertyValueSpecification","valueRequired":true,"valueName":"search_term_string"}}],"inLanguage":"fr-FR"},{"@type":"Organization","@id":"https:\/\/kawasakirobotics.com\/fr\/#organization","name":"\u5ddd\u5d0e\u91cd\u5de5\u696d\u30ed\u30dc\u30c3\u30c8\u30c7\u30a3\u30d3\u30b8\u30e7\u30f3","url":"https:\/\/kawasakirobotics.com\/fr\/","logo":{"@type":"ImageObject","inLanguage":"fr-FR","@id":"https:\/\/kawasakirobotics.com\/fr\/#\/schema\/logo\/image\/","url":"","contentUrl":"","caption":"\u5ddd\u5d0e\u91cd\u5de5\u696d\u30ed\u30dc\u30c3\u30c8\u30c7\u30a3\u30d3\u30b8\u30e7\u30f3"},"image":{"@id":"https:\/\/kawasakirobotics.com\/fr\/#\/schema\/logo\/image\/"}}]}},"_links":{"self":[{"href":"https:\/\/kawasakirobotics.com\/fr\/wp-json\/wp\/v2\/pages\/54","targetHints":{"allow":["GET"]}}],"collection":[{"href":"https:\/\/kawasakirobotics.com\/fr\/wp-json\/wp\/v2\/pages"}],"about":[{"href":"https:\/\/kawasakirobotics.com\/fr\/wp-json\/wp\/v2\/types\/page"}],"author":[{"embeddable":true,"href":"https:\/\/kawasakirobotics.com\/fr\/wp-json\/wp\/v2\/users\/3"}],"replies":[{"embeddable":true,"href":"https:\/\/kawasakirobotics.com\/fr\/wp-json\/wp\/v2\/comments?post=54"}],"version-history":[{"count":6,"href":"https:\/\/kawasakirobotics.com\/fr\/wp-json\/wp\/v2\/pages\/54\/revisions"}],"predecessor-version":[{"id":5919,"href":"https:\/\/kawasakirobotics.com\/fr\/wp-json\/wp\/v2\/pages\/54\/revisions\/5919"}],"up":[{"embeddable":true,"href":"https:\/\/kawasakirobotics.com\/fr\/wp-json\/wp\/v2\/pages\/50"}],"wp:featuredmedia":[{"embeddable":true,"href":"https:\/\/kawasakirobotics.com\/fr\/wp-json\/wp\/v2\/media\/4319"}],"wp:attachment":[{"href":"https:\/\/kawasakirobotics.com\/fr\/wp-json\/wp\/v2\/media?parent=54"}],"curies":[{"name":"wp","href":"https:\/\/api.w.org\/{rel}","templated":true}]}}