{"id":56,"date":"2022-01-19T17:56:24","date_gmt":"2022-01-19T08:56:24","guid":{"rendered":"urn:uuid:f979949d-bcb6-4ad2-81d2-99435ce77cf1"},"modified":"2024-01-25T04:58:29","modified_gmt":"2024-01-25T03:58:29","slug":"cad-disclaimer","status":"publish","type":"page","link":"https:\/\/kawasakirobotics.com\/fr\/products\/cad-disclaimer\/","title":{"rendered":"Clause de non-responsabilit\u00e9 relative aux donn\u00e9es CAO"},"content":{"rendered":"\n<p>Veuillez lire ce qui suit avant d&rsquo;utiliser les donn\u00e9es CAO sur ce site Web.<\/p>\n\n\n\n<h2 class=\"wp-block-heading\"><strong>1. <\/strong>Finalit\u00e9 de l&rsquo;utilisation des donn\u00e9es<\/h2>\n\n\n\n<p>Les donn\u00e9es CAO sur ce site Web doivent \u00eatre utilis\u00e9es pour v\u00e9rifier l&rsquo;interf\u00e9rence et la forme du robot, etc. dans la conception de la configuration uniquement.<\/p>\n\n\n\n<h2 class=\"wp-block-heading\"><strong>2. <\/strong>Caract\u00e9ristiques des donn\u00e9es<\/h2>\n\n\n\n<p>Veuillez noter que les donn\u00e9es de forme telles que la tol\u00e9rance, la rugosit\u00e9 de surface et les trous dans les donn\u00e9es CAO peuvent \u00eatre diff\u00e9rentes de celles du produit r\u00e9el. De plus, certains produits n&rsquo;ont pas de donn\u00e9es de forme afin de r\u00e9duire la taille du fichier de donn\u00e9es CAO et de faciliter le partage des donn\u00e9es.<\/p>\n\n\n\n<h2 class=\"wp-block-heading\"><strong>3. <\/strong>Clause de non-responsabilit\u00e9<\/h2>\n\n\n\n<p>Bien que Kawasaki cr\u00e9e m\u00e9ticuleusement les donn\u00e9es CAO, l&rsquo;exactitude des donn\u00e9es CAO ne peut \u00eatre garantie en raison des caract\u00e9ristiques des donn\u00e9es mentionn\u00e9es ci-dessus. De plus, les donn\u00e9es CAO de ce site Web sont susceptibles d&rsquo;\u00eatre modifi\u00e9es, ajout\u00e9es et\/ou supprim\u00e9es sans pr\u00e9avis. Kawasaki n&rsquo;assume aucune responsabilit\u00e9 pour tout dommage subi par l&rsquo;utilisation, la modification et la suppression des donn\u00e9es CAO pour quelque raison que ce soit.<\/p>\n\n\n\n<h2 class=\"wp-block-heading\"><strong>4. <\/strong>Attribution des droits de propri\u00e9t\u00e9 intellectuelle<\/h2>\n\n\n\n<p>Kawasaki conservera tous les droits, y compris les droits de propri\u00e9t\u00e9 intellectuelle, sur les donn\u00e9es CAO. Vous ne pouvez pas copier, reproduire, distribuer, transmettre, modifier et\/ou vendre les donn\u00e9es CAO \u00e0 des fins autres que celles mentionn\u00e9es ci-dessus sans l&rsquo;autorisation \u00e9crite pr\u00e9alable de Kawasaki. Si l&rsquo;utilisation des donn\u00e9es CAO viole l&rsquo;objectif d&rsquo;utilisation et les r\u00e9glementations susmentionn\u00e9s, Kawasaki peut interdire l&rsquo;utilisation des donn\u00e9es CAO et intenter une action en justice contre l&rsquo;utilisateur.<\/p>\n\n\n\n<hr class=\"wp-block-separator has-css-opacity alignfull\" \/>\n","protected":false},"excerpt":{"rendered":"<p>Veuillez lire ce qui suit avant d&rsquo;utiliser les donn\u00e9es CAO sur ce site Web. 1. Finalit\u00e9 de l&rsquo;utilisation des donn\u00e9es Les donn\u00e9es CAO sur ce site Web doivent \u00eatre utilis\u00e9es pour v\u00e9rifier l&rsquo;interf\u00e9rence et la forme du robot, etc. dans la conception de la configuration uniquement. 2. Caract\u00e9ristiques des donn\u00e9es Veuillez noter que les donn\u00e9es de forme telles que la tol\u00e9rance, la rugosit\u00e9 de surface et les trous dans les donn\u00e9es CAO peuvent \u00eatre diff\u00e9rentes de celles du produit r\u00e9el. De plus, certains produits n&rsquo;ont pas de donn\u00e9es de forme afin de r\u00e9duire la taille du fichier de donn\u00e9es CAO et de faciliter le partage des donn\u00e9es. 3. Clause de [&hellip;]<\/p>\n","protected":false},"author":9,"featured_media":4319,"parent":50,"menu_order":3,"comment_status":"closed","ping_status":"closed","template":"page-templates\/custom-title-with-background.php","meta":{"ep_exclude_from_search":false,"footnotes":""},"class_list":["post-56","page","type-page","status-publish","has-post-thumbnail","hentry"],"yoast_head":"<!-- This site is optimized with the Yoast SEO plugin v25.9 - https:\/\/yoast.com\/wordpress\/plugins\/seo\/ -->\n<title>Clause de non-responsabilit\u00e9 relative aux donn\u00e9es CAO | Industrial Robots by Kawasaki Robotics<\/title>\n<meta name=\"description\" content=\"Kawasaki Heavy Industries | Clause de non-responsabilit\u00e9 relative aux donn\u00e9es CAO\" \/>\n<meta name=\"robots\" content=\"index, follow, max-snippet:-1, max-image-preview:large, max-video-preview:-1\" \/>\n<link rel=\"canonical\" href=\"https:\/\/kawasakirobotics.com\/fr\/products\/cad-disclaimer\/\" \/>\n<meta property=\"og:locale\" content=\"fr_FR\" \/>\n<meta property=\"og:type\" content=\"article\" \/>\n<meta property=\"og:title\" content=\"Clause de non-responsabilit\u00e9 relative aux donn\u00e9es CAO | Industrial Robots by Kawasaki Robotics\" \/>\n<meta property=\"og:description\" content=\"Kawasaki Heavy Industries | Clause de non-responsabilit\u00e9 relative aux donn\u00e9es CAO\" \/>\n<meta property=\"og:url\" content=\"https:\/\/kawasakirobotics.com\/fr\/products\/cad-disclaimer\/\" \/>\n<meta property=\"og:site_name\" content=\"Kawasaki Robotics\" \/>\n<meta property=\"article:modified_time\" content=\"2024-01-25T03:58:29+00:00\" \/>\n<meta property=\"og:image\" content=\"https:\/\/kawasakirobotics.com\/content\/themes\/krobot-theme\/src\/images\/default\/ogp.jpg\" \/>\n\t<meta property=\"og:image:width\" content=\"1200\" \/>\n\t<meta property=\"og:image:height\" content=\"630\" \/>\n\t<meta property=\"og:image:type\" content=\"image\/jpeg\" \/>\n<meta name=\"twitter:card\" content=\"summary_large_image\" \/>\n<script type=\"application\/ld+json\" class=\"yoast-schema-graph\">{\"@context\":\"https:\/\/schema.org\",\"@graph\":[{\"@type\":\"WebPage\",\"@id\":\"https:\/\/kawasakirobotics.com\/fr\/products\/cad-disclaimer\/\",\"url\":\"https:\/\/kawasakirobotics.com\/fr\/products\/cad-disclaimer\/\",\"name\":\"Clause de non-responsabilit\u00e9 relative aux donn\u00e9es CAO | Industrial Robots by Kawasaki Robotics\",\"isPartOf\":{\"@id\":\"https:\/\/kawasakirobotics.com\/fr\/#website\"},\"primaryImageOfPage\":{\"@id\":\"https:\/\/kawasakirobotics.com\/fr\/products\/cad-disclaimer\/#primaryimage\"},\"image\":{\"@id\":\"https:\/\/kawasakirobotics.com\/fr\/products\/cad-disclaimer\/#primaryimage\"},\"thumbnailUrl\":\"https:\/\/kawasakirobotics.com\/tachyon\/sites\/2\/2022\/01\/title-background-B1830324.jpg?fit=2160%2C360\",\"datePublished\":\"2022-01-19T08:56:24+00:00\",\"dateModified\":\"2024-01-25T03:58:29+00:00\",\"description\":\"Kawasaki Heavy Industries | Clause de non-responsabilit\u00e9 relative aux donn\u00e9es CAO\",\"breadcrumb\":{\"@id\":\"https:\/\/kawasakirobotics.com\/fr\/products\/cad-disclaimer\/#breadcrumb\"},\"inLanguage\":\"fr-FR\",\"potentialAction\":[{\"@type\":\"ReadAction\",\"target\":[\"https:\/\/kawasakirobotics.com\/fr\/products\/cad-disclaimer\/\"]}]},{\"@type\":\"ImageObject\",\"inLanguage\":\"fr-FR\",\"@id\":\"https:\/\/kawasakirobotics.com\/fr\/products\/cad-disclaimer\/#primaryimage\",\"url\":\"https:\/\/kawasakirobotics.com\/tachyon\/sites\/2\/2022\/01\/title-background-B1830324.jpg?fit=2160%2C360\",\"contentUrl\":\"https:\/\/kawasakirobotics.com\/tachyon\/sites\/2\/2022\/01\/title-background-B1830324.jpg?fit=2160%2C360\",\"width\":2160,\"height\":360,\"caption\":\"CAD Data Disclaimer\"},{\"@type\":\"BreadcrumbList\",\"@id\":\"https:\/\/kawasakirobotics.com\/fr\/products\/cad-disclaimer\/#breadcrumb\",\"itemListElement\":[{\"@type\":\"ListItem\",\"position\":1,\"name\":\"Hau\",\"item\":\"https:\/\/kawasakirobotics.com\/fr\/\"},{\"@type\":\"ListItem\",\"position\":2,\"name\":\"Product Search\",\"item\":\"https:\/\/kawasakirobotics.com\/fr\/products\/\"},{\"@type\":\"ListItem\",\"position\":3,\"name\":\"Clause de non-responsabilit\u00e9 relative aux donn\u00e9es CAO\"}]},{\"@type\":\"WebSite\",\"@id\":\"https:\/\/kawasakirobotics.com\/fr\/#website\",\"url\":\"https:\/\/kawasakirobotics.com\/fr\/\",\"name\":\"Kawasaki Robotics\",\"description\":\"\",\"publisher\":{\"@id\":\"https:\/\/kawasakirobotics.com\/fr\/#organization\"},\"potentialAction\":[{\"@type\":\"SearchAction\",\"target\":{\"@type\":\"EntryPoint\",\"urlTemplate\":\"https:\/\/kawasakirobotics.com\/fr\/?s={search_term_string}\"},\"query-input\":{\"@type\":\"PropertyValueSpecification\",\"valueRequired\":true,\"valueName\":\"search_term_string\"}}],\"inLanguage\":\"fr-FR\"},{\"@type\":\"Organization\",\"@id\":\"https:\/\/kawasakirobotics.com\/fr\/#organization\",\"name\":\"\u5ddd\u5d0e\u91cd\u5de5\u696d\u30ed\u30dc\u30c3\u30c8\u30c7\u30a3\u30d3\u30b8\u30e7\u30f3\",\"url\":\"https:\/\/kawasakirobotics.com\/fr\/\",\"logo\":{\"@type\":\"ImageObject\",\"inLanguage\":\"fr-FR\",\"@id\":\"https:\/\/kawasakirobotics.com\/fr\/#\/schema\/logo\/image\/\",\"url\":\"\",\"contentUrl\":\"\",\"caption\":\"\u5ddd\u5d0e\u91cd\u5de5\u696d\u30ed\u30dc\u30c3\u30c8\u30c7\u30a3\u30d3\u30b8\u30e7\u30f3\"},\"image\":{\"@id\":\"https:\/\/kawasakirobotics.com\/fr\/#\/schema\/logo\/image\/\"}}]}<\/script>\n<!-- \/ Yoast SEO plugin. -->","yoast_head_json":{"title":"Clause de non-responsabilit\u00e9 relative aux donn\u00e9es CAO | Industrial Robots by Kawasaki Robotics","description":"Kawasaki Heavy Industries | Clause de non-responsabilit\u00e9 relative aux donn\u00e9es CAO","robots":{"index":"index","follow":"follow","max-snippet":"max-snippet:-1","max-image-preview":"max-image-preview:large","max-video-preview":"max-video-preview:-1"},"canonical":"https:\/\/kawasakirobotics.com\/fr\/products\/cad-disclaimer\/","og_locale":"fr_FR","og_type":"article","og_title":"Clause de non-responsabilit\u00e9 relative aux donn\u00e9es CAO | Industrial Robots by Kawasaki Robotics","og_description":"Kawasaki Heavy Industries | Clause de non-responsabilit\u00e9 relative aux donn\u00e9es CAO","og_url":"https:\/\/kawasakirobotics.com\/fr\/products\/cad-disclaimer\/","og_site_name":"Kawasaki Robotics","article_modified_time":"2024-01-25T03:58:29+00:00","og_image":[{"url":"https:\/\/kawasakirobotics.com\/content\/themes\/krobot-theme\/src\/images\/default\/ogp.jpg","width":"1200","height":"630","type":"image\/jpeg"}],"twitter_card":"summary_large_image","schema":{"@context":"https:\/\/schema.org","@graph":[{"@type":"WebPage","@id":"https:\/\/kawasakirobotics.com\/fr\/products\/cad-disclaimer\/","url":"https:\/\/kawasakirobotics.com\/fr\/products\/cad-disclaimer\/","name":"Clause de non-responsabilit\u00e9 relative aux donn\u00e9es CAO | Industrial Robots by Kawasaki Robotics","isPartOf":{"@id":"https:\/\/kawasakirobotics.com\/fr\/#website"},"primaryImageOfPage":{"@id":"https:\/\/kawasakirobotics.com\/fr\/products\/cad-disclaimer\/#primaryimage"},"image":{"@id":"https:\/\/kawasakirobotics.com\/fr\/products\/cad-disclaimer\/#primaryimage"},"thumbnailUrl":"https:\/\/kawasakirobotics.com\/tachyon\/sites\/2\/2022\/01\/title-background-B1830324.jpg?fit=2160%2C360","datePublished":"2022-01-19T08:56:24+00:00","dateModified":"2024-01-25T03:58:29+00:00","description":"Kawasaki Heavy Industries | Clause de non-responsabilit\u00e9 relative aux donn\u00e9es CAO","breadcrumb":{"@id":"https:\/\/kawasakirobotics.com\/fr\/products\/cad-disclaimer\/#breadcrumb"},"inLanguage":"fr-FR","potentialAction":[{"@type":"ReadAction","target":["https:\/\/kawasakirobotics.com\/fr\/products\/cad-disclaimer\/"]}]},{"@type":"ImageObject","inLanguage":"fr-FR","@id":"https:\/\/kawasakirobotics.com\/fr\/products\/cad-disclaimer\/#primaryimage","url":"https:\/\/kawasakirobotics.com\/tachyon\/sites\/2\/2022\/01\/title-background-B1830324.jpg?fit=2160%2C360","contentUrl":"https:\/\/kawasakirobotics.com\/tachyon\/sites\/2\/2022\/01\/title-background-B1830324.jpg?fit=2160%2C360","width":2160,"height":360,"caption":"CAD Data Disclaimer"},{"@type":"BreadcrumbList","@id":"https:\/\/kawasakirobotics.com\/fr\/products\/cad-disclaimer\/#breadcrumb","itemListElement":[{"@type":"ListItem","position":1,"name":"Hau","item":"https:\/\/kawasakirobotics.com\/fr\/"},{"@type":"ListItem","position":2,"name":"Product Search","item":"https:\/\/kawasakirobotics.com\/fr\/products\/"},{"@type":"ListItem","position":3,"name":"Clause de non-responsabilit\u00e9 relative aux donn\u00e9es CAO"}]},{"@type":"WebSite","@id":"https:\/\/kawasakirobotics.com\/fr\/#website","url":"https:\/\/kawasakirobotics.com\/fr\/","name":"Kawasaki Robotics","description":"","publisher":{"@id":"https:\/\/kawasakirobotics.com\/fr\/#organization"},"potentialAction":[{"@type":"SearchAction","target":{"@type":"EntryPoint","urlTemplate":"https:\/\/kawasakirobotics.com\/fr\/?s={search_term_string}"},"query-input":{"@type":"PropertyValueSpecification","valueRequired":true,"valueName":"search_term_string"}}],"inLanguage":"fr-FR"},{"@type":"Organization","@id":"https:\/\/kawasakirobotics.com\/fr\/#organization","name":"\u5ddd\u5d0e\u91cd\u5de5\u696d\u30ed\u30dc\u30c3\u30c8\u30c7\u30a3\u30d3\u30b8\u30e7\u30f3","url":"https:\/\/kawasakirobotics.com\/fr\/","logo":{"@type":"ImageObject","inLanguage":"fr-FR","@id":"https:\/\/kawasakirobotics.com\/fr\/#\/schema\/logo\/image\/","url":"","contentUrl":"","caption":"\u5ddd\u5d0e\u91cd\u5de5\u696d\u30ed\u30dc\u30c3\u30c8\u30c7\u30a3\u30d3\u30b8\u30e7\u30f3"},"image":{"@id":"https:\/\/kawasakirobotics.com\/fr\/#\/schema\/logo\/image\/"}}]}},"_links":{"self":[{"href":"https:\/\/kawasakirobotics.com\/fr\/wp-json\/wp\/v2\/pages\/56","targetHints":{"allow":["GET"]}}],"collection":[{"href":"https:\/\/kawasakirobotics.com\/fr\/wp-json\/wp\/v2\/pages"}],"about":[{"href":"https:\/\/kawasakirobotics.com\/fr\/wp-json\/wp\/v2\/types\/page"}],"author":[{"embeddable":true,"href":"https:\/\/kawasakirobotics.com\/fr\/wp-json\/wp\/v2\/users\/9"}],"replies":[{"embeddable":true,"href":"https:\/\/kawasakirobotics.com\/fr\/wp-json\/wp\/v2\/comments?post=56"}],"version-history":[{"count":2,"href":"https:\/\/kawasakirobotics.com\/fr\/wp-json\/wp\/v2\/pages\/56\/revisions"}],"predecessor-version":[{"id":5590,"href":"https:\/\/kawasakirobotics.com\/fr\/wp-json\/wp\/v2\/pages\/56\/revisions\/5590"}],"up":[{"embeddable":true,"href":"https:\/\/kawasakirobotics.com\/fr\/wp-json\/wp\/v2\/pages\/50"}],"wp:featuredmedia":[{"embeddable":true,"href":"https:\/\/kawasakirobotics.com\/fr\/wp-json\/wp\/v2\/media\/4319"}],"wp:attachment":[{"href":"https:\/\/kawasakirobotics.com\/fr\/wp-json\/wp\/v2\/media?parent=56"}],"curies":[{"name":"wp","href":"https:\/\/api.w.org\/{rel}","templated":true}]}}