{"id":853,"date":"2022-01-28T13:11:18","date_gmt":"2022-01-28T04:11:18","guid":{"rendered":"urn:uuid:95172a48-1c69-4782-95f4-554b3c6deed2"},"modified":"2024-01-25T04:11:03","modified_gmt":"2024-01-25T03:11:03","slug":"products-robots","status":"publish","type":"page","link":"https:\/\/kawasakirobotics.com\/fr\/products-robots\/","title":{"rendered":"Robots"},"content":{"rendered":"\n<p>Forts de nos 50 ann\u00e9es d&rsquo;exp\u00e9rience en robotique, nos bras et contr\u00f4leurs de robot sont remplis de technologies de pointe. Notre large gamme de produits aide les clients \u00e0 am\u00e9liorer leur productivit\u00e9 et leur qualit\u00e9.<\/p>\n\n\n\n<div class=\"wp-block-columns alignwide krobot-pattern-robot-categories\">\n\t<div class=\"wp-block-column krobot-pattern-robot-categories__item\">\n\t<figure class=\"wp-block-image krobot-pattern-robot-categories__figure\">\n\t\t\t\t\t<img decoding=\"async\" src=\"https:\/\/kawasakirobotics.com\/tachyon\/sites\/5\/2022\/02\/RS013N-1-scaled.jpg\" alt=\"Robots petits \u00e0 moyens jusqu\u2019\u00e0 80 kg de charge utile\" \/>\n\t\t\t<\/figure>\n\t<div class=\"wp-block-group krobot-pattern-robot-categories__summary\">\n\t\t<h2 class=\"krobot-pattern-robot-categories__category-name\">Robots petits \u00e0 moyens jusqu\u2019\u00e0 80 kg de charge utile<\/h2>\n\t\t<div class=\"wp-block-group krobot-pattern-robot-categories__description\">\n\t\t\t<p>\n\t\t\t\tLa technologie et l&rsquo;exp\u00e9rience de Kawasaki sont incarn\u00e9es dans la s\u00e9rie R, qui offre les performances les plus \u00e9lev\u00e9es de sa cat\u00e9gorie. Une vitesse plus rapide et une enveloppe de travail plus large ont \u00e9t\u00e9 incorpor\u00e9es dans les petits corps. Une large gamme de produits est disponible pour r\u00e9pondre aux besoins des clients pour diverses applications et industries.\t\t\t<\/p>\n\t\t<\/div>\n\t<\/div>\n\t<div class=\"wp-block-buttons is-content-justification-center is-layout-flex krobot-pattern-robot-categories__more\">\n\t\t<div class=\"wp-block-button is-style-outline\">\n\t\t\t<a class=\"wp-block-button__link\" href=\"https:\/\/kawasakirobotics.com\/fr\/robots-category\/small-medium-payloads\/\">\n\t\t\t\tSUITE\t\t\t<\/a>\n\t\t<\/div>\n\t<\/div>\n<\/div>\n<div class=\"wp-block-column krobot-pattern-robot-categories__item\">\n\t<figure class=\"wp-block-image krobot-pattern-robot-categories__figure\">\n\t\t\t\t\t<img decoding=\"async\" src=\"https:\/\/kawasakirobotics.com\/tachyon\/sites\/5\/2022\/10\/BXP210L.png\" alt=\"Grands robots jusqu&#039;\u00e0 300 kg de charge utile\" \/>\n\t\t\t<\/figure>\n\t<div class=\"wp-block-group krobot-pattern-robot-categories__summary\">\n\t\t<h2 class=\"krobot-pattern-robot-categories__category-name\">Grands robots jusqu&#039;\u00e0 300 kg de charge utile<\/h2>\n\t\t<div class=\"wp-block-group krobot-pattern-robot-categories__description\">\n\t\t\t<p>\n\t\t\t\tGrands robots polyvalents avec une capacit\u00e9 de charge utile de 100 \u00e0 300 kg.\t\t\t<\/p>\n\t\t<\/div>\n\t<\/div>\n\t<div class=\"wp-block-buttons is-content-justification-center is-layout-flex krobot-pattern-robot-categories__more\">\n\t\t<div class=\"wp-block-button is-style-outline\">\n\t\t\t<a class=\"wp-block-button__link\" href=\"https:\/\/kawasakirobotics.com\/fr\/robots-category\/large-payloads\/\">\n\t\t\t\tSUITE\t\t\t<\/a>\n\t\t<\/div>\n\t<\/div>\n<\/div>\n<div class=\"wp-block-column krobot-pattern-robot-categories__item\">\n\t<figure class=\"wp-block-image krobot-pattern-robot-categories__figure\">\n\t\t\t\t\t<img decoding=\"async\" src=\"https:\/\/kawasakirobotics.com\/tachyon\/sites\/5\/2022\/02\/MG10HL-1.jpg\" alt=\"Robots extra larges jusqu&#039;\u00e0 1 500 kg de charge utile\" \/>\n\t\t\t<\/figure>\n\t<div class=\"wp-block-group krobot-pattern-robot-categories__summary\">\n\t\t<h2 class=\"krobot-pattern-robot-categories__category-name\">Robots extra larges jusqu&#039;\u00e0 1 500 kg de charge utile<\/h2>\n\t\t<div class=\"wp-block-group krobot-pattern-robot-categories__description\">\n\t\t\t<p>\n\t\t\t\tRobots polyvalents \u00e0 charge utile extra-large avec une capacit\u00e9 de charge utile de plus de 300 kg.\t\t\t<\/p>\n\t\t<\/div>\n\t<\/div>\n\t<div class=\"wp-block-buttons is-content-justification-center is-layout-flex krobot-pattern-robot-categories__more\">\n\t\t<div class=\"wp-block-button is-style-outline\">\n\t\t\t<a class=\"wp-block-button__link\" href=\"https:\/\/kawasakirobotics.com\/fr\/robots-category\/extra-large-payloads\/\">\n\t\t\t\tSUITE\t\t\t<\/a>\n\t\t<\/div>\n\t<\/div>\n<\/div>\n<div class=\"wp-block-column krobot-pattern-robot-categories__item\">\n\t<figure class=\"wp-block-image krobot-pattern-robot-categories__figure\">\n\t\t\t\t\t<img decoding=\"async\" src=\"https:\/\/kawasakirobotics.com\/tachyon\/sites\/5\/2022\/02\/duAro1.jpg\" alt=\"Robots collaboratifs \u00e0 deux bras\" \/>\n\t\t\t<\/figure>\n\t<div class=\"wp-block-group krobot-pattern-robot-categories__summary\">\n\t\t<h2 class=\"krobot-pattern-robot-categories__category-name\">Robots collaboratifs \u00e0 deux bras<\/h2>\n\t\t<div class=\"wp-block-group krobot-pattern-robot-categories__description\">\n\t\t\t<p>\n\t\t\t\tLe robot SCARA \u00e0 double bras d\u00e9velopp\u00e9 de mani\u00e8re unique par Kawasaki peut coexister et collaborer avec les humains.\t\t\t<\/p>\n\t\t<\/div>\n\t<\/div>\n\t<div class=\"wp-block-buttons is-content-justification-center is-layout-flex krobot-pattern-robot-categories__more\">\n\t\t<div class=\"wp-block-button is-style-outline\">\n\t\t\t<a class=\"wp-block-button__link\" href=\"https:\/\/kawasakirobotics.com\/fr\/robots-category\/dual-arm-scara\/\">\n\t\t\t\tSUITE\t\t\t<\/a>\n\t\t<\/div>\n\t<\/div>\n<\/div>\n<div class=\"wp-block-column krobot-pattern-robot-categories__item\">\n\t<figure class=\"wp-block-image krobot-pattern-robot-categories__figure\">\n\t\t\t\t\t<img decoding=\"async\" src=\"https:\/\/kawasakirobotics.com\/tachyon\/sites\/5\/2022\/02\/CP700L.jpg\" alt=\"Robots de palettisation\" \/>\n\t\t\t<\/figure>\n\t<div class=\"wp-block-group krobot-pattern-robot-categories__summary\">\n\t\t<h2 class=\"krobot-pattern-robot-categories__category-name\">Robots de palettisation<\/h2>\n\t\t<div class=\"wp-block-group krobot-pattern-robot-categories__description\">\n\t\t\t<p>\n\t\t\t\tDes robots qui contribuent \u00e0 l&rsquo;industrie logistique et \u00e0 la logistique intra-usine.\t\t\t<\/p>\n\t\t<\/div>\n\t<\/div>\n\t<div class=\"wp-block-buttons is-content-justification-center is-layout-flex krobot-pattern-robot-categories__more\">\n\t\t<div class=\"wp-block-button is-style-outline\">\n\t\t\t<a class=\"wp-block-button__link\" href=\"https:\/\/kawasakirobotics.com\/fr\/robots-category\/palletizing\/\">\n\t\t\t\tSUITE\t\t\t<\/a>\n\t\t<\/div>\n\t<\/div>\n<\/div>\n<div class=\"wp-block-column krobot-pattern-robot-categories__item\">\n\t<figure class=\"wp-block-image krobot-pattern-robot-categories__figure\">\n\t\t\t\t\t<img decoding=\"async\" src=\"https:\/\/kawasakirobotics.com\/tachyon\/sites\/5\/2022\/02\/YF003N.jpg\" alt=\"Robots de cueillette\" \/>\n\t\t\t<\/figure>\n\t<div class=\"wp-block-group krobot-pattern-robot-categories__summary\">\n\t\t<h2 class=\"krobot-pattern-robot-categories__category-name\">Robots de cueillette<\/h2>\n\t\t<div class=\"wp-block-group krobot-pattern-robot-categories__description\">\n\t\t\t<p>\n\t\t\t\tDes robots qui s\u00e9lectionnent et trient les petites pi\u00e8ces et les produits alimentaires \u00e0 grande vitesse.\t\t\t<\/p>\n\t\t<\/div>\n\t<\/div>\n\t<div class=\"wp-block-buttons is-content-justification-center is-layout-flex krobot-pattern-robot-categories__more\">\n\t\t<div class=\"wp-block-button is-style-outline\">\n\t\t\t<a class=\"wp-block-button__link\" href=\"https:\/\/kawasakirobotics.com\/fr\/robots-category\/pick-and-place\/\">\n\t\t\t\tSUITE\t\t\t<\/a>\n\t\t<\/div>\n\t<\/div>\n<\/div>\n<div class=\"wp-block-column krobot-pattern-robot-categories__item\">\n\t<figure class=\"wp-block-image krobot-pattern-robot-categories__figure\">\n\t\t\t\t\t<img decoding=\"async\" src=\"https:\/\/kawasakirobotics.com\/tachyon\/sites\/30\/2022\/02\/MC004N_GA20250124r.png\" alt=\"Robots m\u00e9dicaux et pharmaceutiques\" \/>\n\t\t\t<\/figure>\n\t<div class=\"wp-block-group krobot-pattern-robot-categories__summary\">\n\t\t<h2 class=\"krobot-pattern-robot-categories__category-name\">Robots m\u00e9dicaux et pharmaceutiques<\/h2>\n\t\t<div class=\"wp-block-group krobot-pattern-robot-categories__description\">\n\t\t\t<p>\n\t\t\t\tDes robots qui rationalisent les op\u00e9rations dans les environnements pharmaceutiques et de d\u00e9couverte de m\u00e9dicaments.\t\t\t<\/p>\n\t\t<\/div>\n\t<\/div>\n\t<div class=\"wp-block-buttons is-content-justification-center is-layout-flex krobot-pattern-robot-categories__more\">\n\t\t<div class=\"wp-block-button is-style-outline\">\n\t\t\t<a class=\"wp-block-button__link\" href=\"https:\/\/kawasakirobotics.com\/fr\/robots-category\/medical\/\">\n\t\t\t\tSUITE\t\t\t<\/a>\n\t\t<\/div>\n\t<\/div>\n<\/div>\n<div class=\"wp-block-column krobot-pattern-robot-categories__item\">\n\t<figure class=\"wp-block-image krobot-pattern-robot-categories__figure\">\n\t\t\t\t\t<img decoding=\"async\" src=\"https:\/\/kawasakirobotics.com\/tachyon\/sites\/5\/2022\/02\/BA006N.jpg\" alt=\"Robots de soudage \u00e0 l&#039;arc\" \/>\n\t\t\t<\/figure>\n\t<div class=\"wp-block-group krobot-pattern-robot-categories__summary\">\n\t\t<h2 class=\"krobot-pattern-robot-categories__category-name\">Robots de soudage \u00e0 l&#039;arc<\/h2>\n\t\t<div class=\"wp-block-group krobot-pattern-robot-categories__description\">\n\t\t\t<p>\n\t\t\t\tRobots qui effectuent le soudage \u00e0 l&rsquo;arc.\t\t\t<\/p>\n\t\t<\/div>\n\t<\/div>\n\t<div class=\"wp-block-buttons is-content-justification-center is-layout-flex krobot-pattern-robot-categories__more\">\n\t\t<div class=\"wp-block-button is-style-outline\">\n\t\t\t<a class=\"wp-block-button__link\" href=\"https:\/\/kawasakirobotics.com\/fr\/robots-category\/arc-welding\/\">\n\t\t\t\tSUITE\t\t\t<\/a>\n\t\t<\/div>\n\t<\/div>\n<\/div>\n<div class=\"wp-block-column krobot-pattern-robot-categories__item\">\n\t<figure class=\"wp-block-image krobot-pattern-robot-categories__figure\">\n\t\t\t\t\t<img decoding=\"async\" src=\"https:\/\/kawasakirobotics.com\/tachyon\/sites\/5\/2022\/02\/777fcab53ab140a4789b43078656139e-scaled.jpg\" alt=\"Robots de peinture antid\u00e9flagrants\" \/>\n\t\t\t<\/figure>\n\t<div class=\"wp-block-group krobot-pattern-robot-categories__summary\">\n\t\t<h2 class=\"krobot-pattern-robot-categories__category-name\">Robots de peinture antid\u00e9flagrants<\/h2>\n\t\t<div class=\"wp-block-group krobot-pattern-robot-categories__description\">\n\t\t\t<p>\n\t\t\t\tDes robots qui peignent divers types de pi\u00e8ces allant des petites pi\u00e8ces aux gros v\u00e9hicules.\t\t\t<\/p>\n\t\t<\/div>\n\t<\/div>\n\t<div class=\"wp-block-buttons is-content-justification-center is-layout-flex krobot-pattern-robot-categories__more\">\n\t\t<div class=\"wp-block-button is-style-outline\">\n\t\t\t<a class=\"wp-block-button__link\" href=\"https:\/\/kawasakirobotics.com\/fr\/robots-category\/painting\/\">\n\t\t\t\tSUITE\t\t\t<\/a>\n\t\t<\/div>\n\t<\/div>\n<\/div>\n<div class=\"wp-block-column krobot-pattern-robot-categories__item\">\n\t<figure class=\"wp-block-image krobot-pattern-robot-categories__figure\">\n\t\t\t\t\t<img decoding=\"async\" src=\"https:\/\/kawasakirobotics.com\/tachyon\/sites\/5\/2022\/10\/WebNTJ20-1.png\" alt=\"Robots de transfert de plaquettes\" \/>\n\t\t\t<\/figure>\n\t<div class=\"wp-block-group krobot-pattern-robot-categories__summary\">\n\t\t<h2 class=\"krobot-pattern-robot-categories__category-name\">Robots de transfert de plaquettes<\/h2>\n\t\t<div class=\"wp-block-group krobot-pattern-robot-categories__description\">\n\t\t\t<p>\n\t\t\t\tRobots qui transf\u00e8rent des tranches dans le processus critique des \u00e9quipements de fabrication de semi-conducteurs.\t\t\t<\/p>\n\t\t<\/div>\n\t<\/div>\n\t<div class=\"wp-block-buttons is-content-justification-center is-layout-flex krobot-pattern-robot-categories__more\">\n\t\t<div class=\"wp-block-button is-style-outline\">\n\t\t\t<a class=\"wp-block-button__link\" href=\"https:\/\/kawasakirobotics.com\/fr\/robots-category\/wafer\/\">\n\t\t\t\tSUITE\t\t\t<\/a>\n\t\t<\/div>\n\t<\/div>\n<\/div>\n<div class=\"wp-block-column krobot-pattern-robot-categories__item\">\n\t<figure class=\"wp-block-image krobot-pattern-robot-categories__figure\">\n\t\t\t\t\t<img decoding=\"async\" src=\"https:\/\/kawasakirobotics.com\/tachyon\/sites\/5\/2024\/01\/lineup-web-scaled.jpg\" alt=\"Collaborative Robots\" \/>\n\t\t\t<\/figure>\n\t<div class=\"wp-block-group krobot-pattern-robot-categories__summary\">\n\t\t<h2 class=\"krobot-pattern-robot-categories__category-name\">Collaborative Robots<\/h2>\n\t\t<div class=\"wp-block-group krobot-pattern-robot-categories__description\">\n\t\t\t<p>\n\t\t\t\tCL Series Collaborative Robots\t\t\t<\/p>\n\t\t<\/div>\n\t<\/div>\n\t<div class=\"wp-block-buttons is-content-justification-center is-layout-flex krobot-pattern-robot-categories__more\">\n\t\t<div class=\"wp-block-button is-style-outline\">\n\t\t\t<a class=\"wp-block-button__link\" href=\"https:\/\/kawasakirobotics.com\/fr\/robots-category\/cobots\/\">\n\t\t\t\tSUITE\t\t\t<\/a>\n\t\t<\/div>\n\t<\/div>\n<\/div>\n<div class=\"wp-block-column krobot-pattern-robot-categories__item\">\n\t<figure class=\"wp-block-image krobot-pattern-robot-categories__figure\">\n\t\t\t\t\t<img decoding=\"async\" src=\"https:\/\/kawasakirobotics.com\/tachyon\/sites\/5\/2024\/01\/IMG_9189-scaled.jpg\" alt=\"Education Robots\" \/>\n\t\t\t<\/figure>\n\t<div class=\"wp-block-group krobot-pattern-robot-categories__summary\">\n\t\t<h2 class=\"krobot-pattern-robot-categories__category-name\">Education Robots<\/h2>\n\t\t<div class=\"wp-block-group krobot-pattern-robot-categories__description\">\n\t\t\t<p>\n\t\t\t\tASTORINO: A New Way of Learning Robotics\t\t\t<\/p>\n\t\t<\/div>\n\t<\/div>\n\t<div class=\"wp-block-buttons is-content-justification-center is-layout-flex krobot-pattern-robot-categories__more\">\n\t\t<div class=\"wp-block-button is-style-outline\">\n\t\t\t<a class=\"wp-block-button__link\" href=\"https:\/\/kawasakirobotics.com\/fr\/robots-category\/education\/\">\n\t\t\t\tSUITE\t\t\t<\/a>\n\t\t<\/div>\n\t<\/div>\n<\/div>\n<\/div>\n","protected":false},"excerpt":{"rendered":"<p>Forts de nos 50 ann\u00e9es d&rsquo;exp\u00e9rience en robotique, nos bras et contr\u00f4leurs de robot sont remplis de technologies de pointe. Notre large gamme de produits aide les clients \u00e0 am\u00e9liorer leur productivit\u00e9 et leur qualit\u00e9.<\/p>\n","protected":false},"author":14,"featured_media":0,"parent":0,"menu_order":13,"comment_status":"closed","ping_status":"closed","template":"","meta":{"ep_exclude_from_search":false,"footnotes":""},"class_list":["post-853","page","type-page","status-publish","hentry"],"yoast_head":"<!-- This site is optimized with the Yoast SEO plugin v25.9 - https:\/\/yoast.com\/wordpress\/plugins\/seo\/ -->\n<title>Robots | Industrial Robots by Kawasaki Robotics<\/title>\n<meta name=\"description\" content=\"Discover our quality robotic solutions, with payloads from 3 to 1500 kg, reflecting Kawasaki&#039;s 50+ years of robotics experience.\" \/>\n<meta name=\"robots\" content=\"index, follow, max-snippet:-1, max-image-preview:large, max-video-preview:-1\" \/>\n<link rel=\"canonical\" href=\"https:\/\/kawasakirobotics.com\/fr\/products-robots\/\" \/>\n<meta property=\"og:locale\" content=\"fr_FR\" \/>\n<meta property=\"og:type\" content=\"article\" \/>\n<meta property=\"og:title\" content=\"Robots | Industrial Robots by Kawasaki Robotics\" \/>\n<meta property=\"og:description\" content=\"Discover our quality robotic solutions, with payloads from 3 to 1500 kg, reflecting Kawasaki&#039;s 50+ years of robotics experience.\" \/>\n<meta property=\"og:url\" content=\"https:\/\/kawasakirobotics.com\/fr\/products-robots\/\" \/>\n<meta property=\"og:site_name\" content=\"Kawasaki Robotics\" \/>\n<meta property=\"article:modified_time\" content=\"2024-01-25T03:11:03+00:00\" \/>\n<meta property=\"og:image\" content=\"https:\/\/kawasakirobotics.com\/content\/themes\/krobot-theme\/src\/images\/default\/ogp.jpg\" \/>\n\t<meta property=\"og:image:width\" content=\"1200\" \/>\n\t<meta property=\"og:image:height\" content=\"630\" \/>\n\t<meta property=\"og:image:type\" content=\"image\/jpeg\" \/>\n<meta name=\"twitter:card\" content=\"summary_large_image\" \/>\n<script type=\"application\/ld+json\" class=\"yoast-schema-graph\">{\"@context\":\"https:\/\/schema.org\",\"@graph\":[{\"@type\":\"WebPage\",\"@id\":\"https:\/\/kawasakirobotics.com\/fr\/products-robots\/\",\"url\":\"https:\/\/kawasakirobotics.com\/fr\/products-robots\/\",\"name\":\"Robots | Industrial Robots by Kawasaki Robotics\",\"isPartOf\":{\"@id\":\"https:\/\/kawasakirobotics.com\/fr\/#website\"},\"datePublished\":\"2022-01-28T04:11:18+00:00\",\"dateModified\":\"2024-01-25T03:11:03+00:00\",\"description\":\"Discover our quality robotic solutions, with payloads from 3 to 1500 kg, reflecting Kawasaki's 50+ years of robotics experience.\",\"breadcrumb\":{\"@id\":\"https:\/\/kawasakirobotics.com\/fr\/products-robots\/#breadcrumb\"},\"inLanguage\":\"fr-FR\",\"potentialAction\":[{\"@type\":\"ReadAction\",\"target\":[\"https:\/\/kawasakirobotics.com\/fr\/products-robots\/\"]}]},{\"@type\":\"BreadcrumbList\",\"@id\":\"https:\/\/kawasakirobotics.com\/fr\/products-robots\/#breadcrumb\",\"itemListElement\":[{\"@type\":\"ListItem\",\"position\":1,\"name\":\"Hau\",\"item\":\"https:\/\/kawasakirobotics.com\/fr\/\"},{\"@type\":\"ListItem\",\"position\":2,\"name\":\"Robots\"}]},{\"@type\":\"WebSite\",\"@id\":\"https:\/\/kawasakirobotics.com\/fr\/#website\",\"url\":\"https:\/\/kawasakirobotics.com\/fr\/\",\"name\":\"Kawasaki Robotics\",\"description\":\"\",\"publisher\":{\"@id\":\"https:\/\/kawasakirobotics.com\/fr\/#organization\"},\"potentialAction\":[{\"@type\":\"SearchAction\",\"target\":{\"@type\":\"EntryPoint\",\"urlTemplate\":\"https:\/\/kawasakirobotics.com\/fr\/?s={search_term_string}\"},\"query-input\":{\"@type\":\"PropertyValueSpecification\",\"valueRequired\":true,\"valueName\":\"search_term_string\"}}],\"inLanguage\":\"fr-FR\"},{\"@type\":\"Organization\",\"@id\":\"https:\/\/kawasakirobotics.com\/fr\/#organization\",\"name\":\"\u5ddd\u5d0e\u91cd\u5de5\u696d\u30ed\u30dc\u30c3\u30c8\u30c7\u30a3\u30d3\u30b8\u30e7\u30f3\",\"url\":\"https:\/\/kawasakirobotics.com\/fr\/\",\"logo\":{\"@type\":\"ImageObject\",\"inLanguage\":\"fr-FR\",\"@id\":\"https:\/\/kawasakirobotics.com\/fr\/#\/schema\/logo\/image\/\",\"url\":\"\",\"contentUrl\":\"\",\"caption\":\"\u5ddd\u5d0e\u91cd\u5de5\u696d\u30ed\u30dc\u30c3\u30c8\u30c7\u30a3\u30d3\u30b8\u30e7\u30f3\"},\"image\":{\"@id\":\"https:\/\/kawasakirobotics.com\/fr\/#\/schema\/logo\/image\/\"}}]}<\/script>\n<!-- \/ Yoast SEO plugin. -->","yoast_head_json":{"title":"Robots | Industrial Robots by Kawasaki Robotics","description":"Discover our quality robotic solutions, with payloads from 3 to 1500 kg, reflecting Kawasaki's 50+ years of robotics experience.","robots":{"index":"index","follow":"follow","max-snippet":"max-snippet:-1","max-image-preview":"max-image-preview:large","max-video-preview":"max-video-preview:-1"},"canonical":"https:\/\/kawasakirobotics.com\/fr\/products-robots\/","og_locale":"fr_FR","og_type":"article","og_title":"Robots | Industrial Robots by Kawasaki Robotics","og_description":"Discover our quality robotic solutions, with payloads from 3 to 1500 kg, reflecting Kawasaki's 50+ years of robotics experience.","og_url":"https:\/\/kawasakirobotics.com\/fr\/products-robots\/","og_site_name":"Kawasaki Robotics","article_modified_time":"2024-01-25T03:11:03+00:00","og_image":[{"url":"https:\/\/kawasakirobotics.com\/content\/themes\/krobot-theme\/src\/images\/default\/ogp.jpg","width":"1200","height":"630","type":"image\/jpeg"}],"twitter_card":"summary_large_image","schema":{"@context":"https:\/\/schema.org","@graph":[{"@type":"WebPage","@id":"https:\/\/kawasakirobotics.com\/fr\/products-robots\/","url":"https:\/\/kawasakirobotics.com\/fr\/products-robots\/","name":"Robots | Industrial Robots by Kawasaki Robotics","isPartOf":{"@id":"https:\/\/kawasakirobotics.com\/fr\/#website"},"datePublished":"2022-01-28T04:11:18+00:00","dateModified":"2024-01-25T03:11:03+00:00","description":"Discover our quality robotic solutions, with payloads from 3 to 1500 kg, reflecting Kawasaki's 50+ years of robotics experience.","breadcrumb":{"@id":"https:\/\/kawasakirobotics.com\/fr\/products-robots\/#breadcrumb"},"inLanguage":"fr-FR","potentialAction":[{"@type":"ReadAction","target":["https:\/\/kawasakirobotics.com\/fr\/products-robots\/"]}]},{"@type":"BreadcrumbList","@id":"https:\/\/kawasakirobotics.com\/fr\/products-robots\/#breadcrumb","itemListElement":[{"@type":"ListItem","position":1,"name":"Hau","item":"https:\/\/kawasakirobotics.com\/fr\/"},{"@type":"ListItem","position":2,"name":"Robots"}]},{"@type":"WebSite","@id":"https:\/\/kawasakirobotics.com\/fr\/#website","url":"https:\/\/kawasakirobotics.com\/fr\/","name":"Kawasaki Robotics","description":"","publisher":{"@id":"https:\/\/kawasakirobotics.com\/fr\/#organization"},"potentialAction":[{"@type":"SearchAction","target":{"@type":"EntryPoint","urlTemplate":"https:\/\/kawasakirobotics.com\/fr\/?s={search_term_string}"},"query-input":{"@type":"PropertyValueSpecification","valueRequired":true,"valueName":"search_term_string"}}],"inLanguage":"fr-FR"},{"@type":"Organization","@id":"https:\/\/kawasakirobotics.com\/fr\/#organization","name":"\u5ddd\u5d0e\u91cd\u5de5\u696d\u30ed\u30dc\u30c3\u30c8\u30c7\u30a3\u30d3\u30b8\u30e7\u30f3","url":"https:\/\/kawasakirobotics.com\/fr\/","logo":{"@type":"ImageObject","inLanguage":"fr-FR","@id":"https:\/\/kawasakirobotics.com\/fr\/#\/schema\/logo\/image\/","url":"","contentUrl":"","caption":"\u5ddd\u5d0e\u91cd\u5de5\u696d\u30ed\u30dc\u30c3\u30c8\u30c7\u30a3\u30d3\u30b8\u30e7\u30f3"},"image":{"@id":"https:\/\/kawasakirobotics.com\/fr\/#\/schema\/logo\/image\/"}}]}},"_links":{"self":[{"href":"https:\/\/kawasakirobotics.com\/fr\/wp-json\/wp\/v2\/pages\/853","targetHints":{"allow":["GET"]}}],"collection":[{"href":"https:\/\/kawasakirobotics.com\/fr\/wp-json\/wp\/v2\/pages"}],"about":[{"href":"https:\/\/kawasakirobotics.com\/fr\/wp-json\/wp\/v2\/types\/page"}],"author":[{"embeddable":true,"href":"https:\/\/kawasakirobotics.com\/fr\/wp-json\/wp\/v2\/users\/14"}],"replies":[{"embeddable":true,"href":"https:\/\/kawasakirobotics.com\/fr\/wp-json\/wp\/v2\/comments?post=853"}],"version-history":[{"count":2,"href":"https:\/\/kawasakirobotics.com\/fr\/wp-json\/wp\/v2\/pages\/853\/revisions"}],"predecessor-version":[{"id":5583,"href":"https:\/\/kawasakirobotics.com\/fr\/wp-json\/wp\/v2\/pages\/853\/revisions\/5583"}],"wp:attachment":[{"href":"https:\/\/kawasakirobotics.com\/fr\/wp-json\/wp\/v2\/media?parent=853"}],"curies":[{"name":"wp","href":"https:\/\/api.w.org\/{rel}","templated":true}]}}