{"id":24,"date":"2022-01-19T17:35:47","date_gmt":"2022-01-19T08:35:47","guid":{"rendered":"urn:uuid:3ce984ae-9a35-42a3-a76c-04107b6b322a"},"modified":"2024-02-09T02:57:20","modified_gmt":"2024-02-09T01:57:20","slug":"featured-video","status":"publish","type":"page","link":"https:\/\/kawasakirobotics.com\/it\/featured-video\/","title":{"rendered":"Video In primo piano"},"content":{"rendered":"\n<div class=\"wp-block-columns is-layout-flex wp-container-core-columns-is-layout-28f84493 wp-block-columns-is-layout-flex\">\n<div class=\"wp-block-column is-layout-flow wp-block-column-is-layout-flow\" style=\"flex-basis:33.33%\"><figure class=\"wp-block-image krobot-video-list__figure\">\n\t<a class=\"js-modal-btn\" data-video-id=\"j3S-laEgPfc\">\n\t\t<div class=\"krobot-video-list__thumbnail\">\n\t\t\t<img decoding=\"async\" src=\"https:\/\/img.youtube.com\/vi\/j3S-laEgPfc\/hqdefault.jpg\" alt=\"\" \/>\n\t\t<\/div>\n\t<\/a>\n<\/figure>\n<\/div>\n\n\n\n<div class=\"wp-block-column is-layout-flow wp-block-column-is-layout-flow\" style=\"flex-basis:66.66%\">\n<p><strong>50 anni di storia dell&#8217;attivit\u00e0 di robotica di Kawasaki Heavy Industries<\/strong><\/p>\n\n\n\n<p>Kawasaki Robotics ha segnato 50 anni dalla sua fondazione. Insieme ai suoi clienti, Kawasaki ha sviluppato tecnologie e acquisito esperienze lungo la strada. Prendendo spunto da questa conoscenza, Kawasaki restituir\u00e0 alla societ\u00e0 e aspirer\u00e0 a diventare un produttore di robot completamente integrato che progetter\u00e0 un futuro luminoso e nuovo, promettendo un mondo in cui umani e robot possono coesistere fianco a fianco.<\/p>\n<\/div>\n<\/div>\n\n\n\n<hr class=\"wp-block-separator has-css-opacity is-style-wide\" \/>\n\n\n\n<div class=\"wp-block-columns wp-embed-aspect-16-9 wp-has-aspect-ratio is-layout-flex wp-container-core-columns-is-layout-28f84493 wp-block-columns-is-layout-flex\">\n<div class=\"wp-block-column is-layout-flow wp-block-column-is-layout-flow\" style=\"flex-basis:33.33%\"><figure class=\"wp-block-image krobot-video-list__figure\">\n\t<a class=\"js-modal-btn\" data-video-id=\"U-_kVDkyg4Y\">\n\t\t<div class=\"krobot-video-list__thumbnail\">\n\t\t\t<img decoding=\"async\" src=\"https:\/\/img.youtube.com\/vi\/U-_kVDkyg4Y\/hqdefault.jpg\" alt=\"\" \/>\n\t\t<\/div>\n\t<\/a>\n<\/figure>\n<\/div>\n\n\n\n<div class=\"wp-block-column is-layout-flow wp-block-column-is-layout-flow\" style=\"flex-basis:66.66%\">\n<p><strong>Robot Kawasaki One Ton Payload installato presso la centrale elettrica di Siemens<\/strong><\/p>\n\n\n\n<p>Il robot Kawasaki MG10HL, installato presso la centrale elettrica Siemens Lausward di Dusseldorf, ha una capacit\u00e0 di carico fino a 1.000 kg e uno sbraccio di 4 metri. Il potente robot Kawasaki a carico utile extra large \u00e8 stato installato per eseguire il pericoloso compito di manutenzione ordinaria di sostituzione di bruciatori e transizioni su enormi turbine a gas. (Video fornito da Siemens)<\/p>\n<\/div>\n<\/div>\n\n\n\n<hr class=\"wp-block-separator has-css-opacity wp-embed-aspect-16-9 wp-has-aspect-ratio is-style-wide\" \/>\n\n\n\n<div class=\"wp-block-columns wp-embed-aspect-16-9 wp-has-aspect-ratio is-layout-flex wp-container-core-columns-is-layout-28f84493 wp-block-columns-is-layout-flex\">\n<div class=\"wp-block-column is-layout-flow wp-block-column-is-layout-flow\" style=\"flex-basis:33.33%\"><figure class=\"wp-block-image krobot-video-list__figure\">\n\t<a class=\"js-modal-btn\" data-video-id=\"WKw8McOFvTw\">\n\t\t<div class=\"krobot-video-list__thumbnail\">\n\t\t\t<img decoding=\"async\" src=\"https:\/\/img.youtube.com\/vi\/WKw8McOFvTw\/hqdefault.jpg\" alt=\"\" \/>\n\t\t<\/div>\n\t<\/a>\n<\/figure>\n<\/div>\n\n\n\n<div class=\"wp-block-column is-layout-flow wp-block-column-is-layout-flow\" style=\"flex-basis:66.66%\">\n<p><strong>I robot Kawasaki eseguono il Laser Show nella cattedrale di Colonia, in Germania<\/strong><\/p>\n\n\n\n<p>I robot si esibiscono in una chiesa per la prima volta in assoluto! Nel tentativo di attirare i giovani a visitare la storica cattedrale di Colonia e riflettere sul suo messaggio durante il pi\u00f9 grande spettacolo di videogiochi al mondo, GAMESCON, tenutosi a Colonia, in Germania, nell&#8217;agosto 2016, la chiesa ha contattato l&#8217;Universit\u00e0 della Ruhr di Bochum per creare un task force per aiutare. Il risultato \u00e8 stato la creazione di un evento unico, lo spettacolo di luci e musica SilentMOD con tre robot Kawasaki RS005L. Kawasaki Robotics GmbH \u00e8 stata onorata di avere l&#8217;opportunit\u00e0 di supportare un&#8217;impresa cos\u00ec bella e creativa.<\/p>\n<\/div>\n<\/div>\n\n\n\n<hr class=\"wp-block-separator has-css-opacity wp-embed-aspect-16-9 wp-has-aspect-ratio is-style-wide\" \/>\n\n\n\n<div class=\"wp-block-columns wp-embed-aspect-16-9 wp-has-aspect-ratio is-layout-flex wp-container-core-columns-is-layout-28f84493 wp-block-columns-is-layout-flex\">\n<div class=\"wp-block-column is-layout-flow wp-block-column-is-layout-flow\" style=\"flex-basis:33.33%\"><figure class=\"wp-block-image krobot-video-list__figure\">\n\t<a class=\"js-modal-btn\" data-video-id=\"wXhcEV4lHl8\">\n\t\t<div class=\"krobot-video-list__thumbnail\">\n\t\t\t<img decoding=\"async\" src=\"https:\/\/img.youtube.com\/vi\/wXhcEV4lHl8\/hqdefault.jpg\" alt=\"\" \/>\n\t\t<\/div>\n\t<\/a>\n<\/figure>\n<\/div>\n\n\n\n<div class=\"wp-block-column is-layout-flow wp-block-column-is-layout-flow\" style=\"flex-basis:66.66%\">\n<p><strong>Kawasaki Robotics con NUMERI No:Z<\/strong><\/p>\n\n\n\n<p>Cosa succede quando l&#8217;immaginazione umana incontra la tecnologia Kawasaki? Una coreografia perfettamente progettata che cattura l&#8217;essenza del movimento armonizzato tra umani e robot, eseguita dal duo di danza di animazione NUMBERS No:Z e dai robot Kawasaki di fama mondiale.<\/p>\n\n\n\n<p><a href=\"https:\/\/global.kawasaki.com\/en\/stories\/robotics_challengeK\/?youtube&amp;_ga=2.148872375.105631617.1644803412-1173242345.1634688932\" target=\"_blank\" rel=\"noreferrer noopener\">Per maggiori info sul video<\/a><\/p>\n<\/div>\n<\/div>\n\n\n\n<hr class=\"wp-block-separator has-css-opacity wp-embed-aspect-16-9 wp-has-aspect-ratio is-style-wide\" \/>\n\n\n\n<div class=\"wp-block-columns wp-embed-aspect-16-9 wp-has-aspect-ratio is-layout-flex wp-container-core-columns-is-layout-28f84493 wp-block-columns-is-layout-flex\">\n<div class=\"wp-block-column is-layout-flow wp-block-column-is-layout-flow\" style=\"flex-basis:33.33%\"><figure class=\"wp-block-image krobot-video-list__figure\">\n\t<a class=\"js-modal-btn\" data-video-id=\"3s715RRwQsM\">\n\t\t<div class=\"krobot-video-list__thumbnail\">\n\t\t\t<img decoding=\"async\" src=\"https:\/\/img.youtube.com\/vi\/3s715RRwQsM\/hqdefault.jpg\" alt=\"\" \/>\n\t\t<\/div>\n\t<\/a>\n<\/figure>\n<\/div>\n\n\n\n<div class=\"wp-block-column is-layout-flow wp-block-column-is-layout-flow\" style=\"flex-basis:66.66%\">\n<p><strong>Kawasaki: Kawasaki Robotics, Akashi \/ Nishi-Kobe Works<\/strong><\/p>\n\n\n\n<p>Con oltre 139.000 robot installati in tutto il mondo, Kawasaki Robotics \u00e8 un fornitore leader di robot industriali e sistemi di automazione robotica con un ampio portafoglio di prodotti, in grado di servire un&#8217;ampia gamma di applicazioni in diversi settori. Abbiamo incorporato oltre 45 anni di esperienza come leader nel settore dei robot nello sviluppo dei controller tecnicamente pi\u00f9 avanzati e dei robot di altissima qualit\u00e0. Supportiamo le esigenze dei nostri clienti dall&#8217;acquisto iniziale, implementazione e formazione all&#8217;assistenza tecnica e alla manutenzione. Con le nostre soluzioni di automazione affidabili e convenienti, ci sforziamo di massimizzare la produttivit\u00e0, la sicurezza, la flessibilit\u00e0 e la qualit\u00e0 dei prodotti dei nostri clienti.<br>Kawasaki Robotics \u00e8 il tuo partner flessibile per l&#8217;automazione.<\/p>\n<\/div>\n<\/div>\n\n\n\n<hr class=\"wp-block-separator has-css-opacity wp-embed-aspect-16-9 wp-has-aspect-ratio is-style-wide\" \/>\n\n\n\n<div class=\"wp-block-columns wp-embed-aspect-16-9 wp-has-aspect-ratio is-layout-flex wp-container-core-columns-is-layout-28f84493 wp-block-columns-is-layout-flex\">\n<div class=\"wp-block-column is-layout-flow wp-block-column-is-layout-flow\" style=\"flex-basis:33.33%\"><figure class=\"wp-block-image krobot-video-list__figure\">\n\t<a class=\"js-modal-btn\" data-video-id=\"c_kTwiUsyp4\">\n\t\t<div class=\"krobot-video-list__thumbnail\">\n\t\t\t<img decoding=\"async\" src=\"https:\/\/img.youtube.com\/vi\/c_kTwiUsyp4\/hqdefault.jpg\" alt=\"\" \/>\n\t\t<\/div>\n\t<\/a>\n<\/figure>\n<\/div>\n\n\n\n<div class=\"wp-block-column is-layout-flow wp-block-column-is-layout-flow\" style=\"flex-basis:66.66%\">\n<p><strong>Saldatura di strutture Ninja H2R<\/strong><\/p>\n\n\n\n<p>Abbiamo oltre 45 anni di esperienza nello sviluppo di robot che migliorano la produttivit\u00e0 e la qualit\u00e0 della produzione sia per i nostri clienti che per noi stessi: guarda i robot Kawasaki saldare il telaio della nuova motocicletta Kawasaki Ninja H2R.<\/p>\n<\/div>\n<\/div>\n\n\n\n<hr class=\"wp-block-separator has-css-opacity wp-embed-aspect-16-9 wp-has-aspect-ratio is-style-wide\" \/>\n\n\n\n<div class=\"wp-block-columns wp-embed-aspect-16-9 wp-has-aspect-ratio is-layout-flex wp-container-core-columns-is-layout-28f84493 wp-block-columns-is-layout-flex\">\n<div class=\"wp-block-column is-layout-flow wp-block-column-is-layout-flow\" style=\"flex-basis:33.33%\">\n<figure class=\"wp-block-embed is-type-video is-provider-youtube wp-block-embed-youtube wp-embed-aspect-16-9 wp-has-aspect-ratio\"><div class=\"wp-block-embed__wrapper\">\n<iframe loading=\"lazy\" title=\"iREX2017 Overview - Kawasaki Robotics\" width=\"900\" height=\"506\" src=\"https:\/\/www.youtube.com\/embed\/mOvKevdj3U0?feature=oembed\" frameborder=\"0\" allow=\"accelerometer; autoplay; clipboard-write; encrypted-media; gyroscope; picture-in-picture; web-share\" referrerpolicy=\"strict-origin-when-cross-origin\" allowfullscreen><\/iframe>\n<\/div><\/figure>\n<\/div>\n\n\n\n<div class=\"wp-block-column is-layout-flow wp-block-column-is-layout-flow\" style=\"flex-basis:66.66%\">\n<p><strong>La mostra di Kawasaki all&#8217;iREX2017<\/strong><\/p>\n\n\n\n<p>Kawasaki ha avuto la sua pi\u00f9 grande esposizione all&#8217;International Robot Exhibition 2017 (iREX2017) tenutasi a Tokyo dal 29 novembre al 2 dicembre. Guarda questo video per vedere i numerosi nuovi prodotti e tecnologie che abbiamo presentato. &#8220;Dal produttore di robot industriale a quello completamente integrato&#8221; \u00e8 il nostro messaggio mentre celebriamo quest&#8217;anno il nostro 50\u00b0 anniversario nella robotica.<\/p>\n<\/div>\n<\/div>\n\n\n\n<hr class=\"wp-block-separator has-css-opacity wp-embed-aspect-16-9 wp-has-aspect-ratio is-style-wide\" \/>\n","protected":false},"excerpt":{"rendered":"<p>50 anni di storia dell&#8217;attivit\u00e0 di robotica di Kawasaki Heavy Industries Kawasaki Robotics ha segnato 50 anni dalla sua fondazione. Insieme ai suoi clienti, Kawasaki ha sviluppato tecnologie e acquisito esperienze lungo la strada. Prendendo spunto da questa conoscenza, Kawasaki restituir\u00e0 alla societ\u00e0 e aspirer\u00e0 a diventare un produttore di robot completamente integrato che progetter\u00e0 un futuro luminoso e nuovo, promettendo un mondo in cui umani e robot possono coesistere fianco a fianco. Robot Kawasaki One Ton Payload installato presso la centrale elettrica di Siemens Il robot Kawasaki MG10HL, installato presso la centrale elettrica Siemens Lausward di Dusseldorf, ha una capacit\u00e0 di carico fino a 1.000 kg e uno sbraccio [&hellip;]<\/p>\n","protected":false},"author":9,"featured_media":926,"parent":0,"menu_order":6,"comment_status":"closed","ping_status":"closed","template":"page-templates\/custom-title-with-background.php","meta":{"ep_exclude_from_search":false,"footnotes":""},"class_list":["post-24","page","type-page","status-publish","has-post-thumbnail","hentry"],"yoast_head":"<!-- This site is optimized with the Yoast SEO plugin v25.9 - https:\/\/yoast.com\/wordpress\/plugins\/seo\/ -->\n<title>Video In primo piano | Industrial Robots by Kawasaki Robotics<\/title>\n<meta name=\"description\" content=\"Explore the must-watch videos showcasing Kawasaki Robots and their capabilities. Discover how they are transforming industries.\" \/>\n<meta name=\"robots\" content=\"index, follow, max-snippet:-1, max-image-preview:large, max-video-preview:-1\" \/>\n<link rel=\"canonical\" href=\"https:\/\/kawasakirobotics.com\/it\/featured-video\/\" \/>\n<meta property=\"og:locale\" content=\"it_IT\" \/>\n<meta property=\"og:type\" content=\"article\" \/>\n<meta property=\"og:title\" content=\"Video In primo piano | Industrial Robots by Kawasaki Robotics\" \/>\n<meta property=\"og:description\" content=\"Explore the must-watch videos showcasing Kawasaki Robots and their capabilities. Discover how they are transforming industries.\" \/>\n<meta property=\"og:url\" content=\"https:\/\/kawasakirobotics.com\/it\/featured-video\/\" \/>\n<meta property=\"og:site_name\" content=\"Kawasaki Robotics\" \/>\n<meta property=\"article:modified_time\" content=\"2024-02-09T01:57:20+00:00\" \/>\n<meta property=\"og:image\" content=\"https:\/\/kawasakirobotics.com\/content\/themes\/krobot-theme\/src\/images\/default\/ogp.jpg\" \/>\n\t<meta property=\"og:image:width\" content=\"1200\" \/>\n\t<meta property=\"og:image:height\" content=\"630\" \/>\n\t<meta property=\"og:image:type\" content=\"image\/jpeg\" \/>\n<meta name=\"twitter:card\" content=\"summary_large_image\" \/>\n<script type=\"application\/ld+json\" class=\"yoast-schema-graph\">{\"@context\":\"https:\/\/schema.org\",\"@graph\":[{\"@type\":\"WebPage\",\"@id\":\"https:\/\/kawasakirobotics.com\/it\/featured-video\/\",\"url\":\"https:\/\/kawasakirobotics.com\/it\/featured-video\/\",\"name\":\"Video In primo piano | Industrial Robots by Kawasaki Robotics\",\"isPartOf\":{\"@id\":\"https:\/\/kawasakirobotics.com\/it\/#website\"},\"primaryImageOfPage\":{\"@id\":\"https:\/\/kawasakirobotics.com\/it\/featured-video\/#primaryimage\"},\"image\":{\"@id\":\"https:\/\/kawasakirobotics.com\/it\/featured-video\/#primaryimage\"},\"thumbnailUrl\":\"https:\/\/kawasakirobotics.com\/tachyon\/sites\/2\/2022\/01\/title-background-A1760478.jpg?fit=2160%2C360\",\"datePublished\":\"2022-01-19T08:35:47+00:00\",\"dateModified\":\"2024-02-09T01:57:20+00:00\",\"description\":\"Explore the must-watch videos showcasing Kawasaki Robots and their capabilities. Discover how they are transforming industries.\",\"breadcrumb\":{\"@id\":\"https:\/\/kawasakirobotics.com\/it\/featured-video\/#breadcrumb\"},\"inLanguage\":\"it-IT\",\"potentialAction\":[{\"@type\":\"ReadAction\",\"target\":[\"https:\/\/kawasakirobotics.com\/it\/featured-video\/\"]}]},{\"@type\":\"ImageObject\",\"inLanguage\":\"it-IT\",\"@id\":\"https:\/\/kawasakirobotics.com\/it\/featured-video\/#primaryimage\",\"url\":\"https:\/\/kawasakirobotics.com\/tachyon\/sites\/2\/2022\/01\/title-background-A1760478.jpg?fit=2160%2C360\",\"contentUrl\":\"https:\/\/kawasakirobotics.com\/tachyon\/sites\/2\/2022\/01\/title-background-A1760478.jpg?fit=2160%2C360\",\"width\":2160,\"height\":360,\"caption\":\"Featured Video\"},{\"@type\":\"BreadcrumbList\",\"@id\":\"https:\/\/kawasakirobotics.com\/it\/featured-video\/#breadcrumb\",\"itemListElement\":[{\"@type\":\"ListItem\",\"position\":1,\"name\":\"Home\",\"item\":\"https:\/\/kawasakirobotics.com\/it\/\"},{\"@type\":\"ListItem\",\"position\":2,\"name\":\"Video In primo piano\"}]},{\"@type\":\"WebSite\",\"@id\":\"https:\/\/kawasakirobotics.com\/it\/#website\",\"url\":\"https:\/\/kawasakirobotics.com\/it\/\",\"name\":\"Kawasaki Robotics\",\"description\":\"\",\"publisher\":{\"@id\":\"https:\/\/kawasakirobotics.com\/it\/#organization\"},\"potentialAction\":[{\"@type\":\"SearchAction\",\"target\":{\"@type\":\"EntryPoint\",\"urlTemplate\":\"https:\/\/kawasakirobotics.com\/it\/?s={search_term_string}\"},\"query-input\":{\"@type\":\"PropertyValueSpecification\",\"valueRequired\":true,\"valueName\":\"search_term_string\"}}],\"inLanguage\":\"it-IT\"},{\"@type\":\"Organization\",\"@id\":\"https:\/\/kawasakirobotics.com\/it\/#organization\",\"name\":\"\u5ddd\u5d0e\u91cd\u5de5\u696d\u30ed\u30dc\u30c3\u30c8\u30c7\u30a3\u30d3\u30b8\u30e7\u30f3\",\"url\":\"https:\/\/kawasakirobotics.com\/it\/\",\"logo\":{\"@type\":\"ImageObject\",\"inLanguage\":\"it-IT\",\"@id\":\"https:\/\/kawasakirobotics.com\/it\/#\/schema\/logo\/image\/\",\"url\":\"\",\"contentUrl\":\"\",\"caption\":\"\u5ddd\u5d0e\u91cd\u5de5\u696d\u30ed\u30dc\u30c3\u30c8\u30c7\u30a3\u30d3\u30b8\u30e7\u30f3\"},\"image\":{\"@id\":\"https:\/\/kawasakirobotics.com\/it\/#\/schema\/logo\/image\/\"}}]}<\/script>\n<!-- \/ Yoast SEO plugin. -->","yoast_head_json":{"title":"Video In primo piano | Industrial Robots by Kawasaki Robotics","description":"Explore the must-watch videos showcasing Kawasaki Robots and their capabilities. Discover how they are transforming industries.","robots":{"index":"index","follow":"follow","max-snippet":"max-snippet:-1","max-image-preview":"max-image-preview:large","max-video-preview":"max-video-preview:-1"},"canonical":"https:\/\/kawasakirobotics.com\/it\/featured-video\/","og_locale":"it_IT","og_type":"article","og_title":"Video In primo piano | Industrial Robots by Kawasaki Robotics","og_description":"Explore the must-watch videos showcasing Kawasaki Robots and their capabilities. Discover how they are transforming industries.","og_url":"https:\/\/kawasakirobotics.com\/it\/featured-video\/","og_site_name":"Kawasaki Robotics","article_modified_time":"2024-02-09T01:57:20+00:00","og_image":[{"url":"https:\/\/kawasakirobotics.com\/content\/themes\/krobot-theme\/src\/images\/default\/ogp.jpg","width":"1200","height":"630","type":"image\/jpeg"}],"twitter_card":"summary_large_image","schema":{"@context":"https:\/\/schema.org","@graph":[{"@type":"WebPage","@id":"https:\/\/kawasakirobotics.com\/it\/featured-video\/","url":"https:\/\/kawasakirobotics.com\/it\/featured-video\/","name":"Video In primo piano | Industrial Robots by Kawasaki Robotics","isPartOf":{"@id":"https:\/\/kawasakirobotics.com\/it\/#website"},"primaryImageOfPage":{"@id":"https:\/\/kawasakirobotics.com\/it\/featured-video\/#primaryimage"},"image":{"@id":"https:\/\/kawasakirobotics.com\/it\/featured-video\/#primaryimage"},"thumbnailUrl":"https:\/\/kawasakirobotics.com\/tachyon\/sites\/2\/2022\/01\/title-background-A1760478.jpg?fit=2160%2C360","datePublished":"2022-01-19T08:35:47+00:00","dateModified":"2024-02-09T01:57:20+00:00","description":"Explore the must-watch videos showcasing Kawasaki Robots and their capabilities. Discover how they are transforming industries.","breadcrumb":{"@id":"https:\/\/kawasakirobotics.com\/it\/featured-video\/#breadcrumb"},"inLanguage":"it-IT","potentialAction":[{"@type":"ReadAction","target":["https:\/\/kawasakirobotics.com\/it\/featured-video\/"]}]},{"@type":"ImageObject","inLanguage":"it-IT","@id":"https:\/\/kawasakirobotics.com\/it\/featured-video\/#primaryimage","url":"https:\/\/kawasakirobotics.com\/tachyon\/sites\/2\/2022\/01\/title-background-A1760478.jpg?fit=2160%2C360","contentUrl":"https:\/\/kawasakirobotics.com\/tachyon\/sites\/2\/2022\/01\/title-background-A1760478.jpg?fit=2160%2C360","width":2160,"height":360,"caption":"Featured Video"},{"@type":"BreadcrumbList","@id":"https:\/\/kawasakirobotics.com\/it\/featured-video\/#breadcrumb","itemListElement":[{"@type":"ListItem","position":1,"name":"Home","item":"https:\/\/kawasakirobotics.com\/it\/"},{"@type":"ListItem","position":2,"name":"Video In primo piano"}]},{"@type":"WebSite","@id":"https:\/\/kawasakirobotics.com\/it\/#website","url":"https:\/\/kawasakirobotics.com\/it\/","name":"Kawasaki Robotics","description":"","publisher":{"@id":"https:\/\/kawasakirobotics.com\/it\/#organization"},"potentialAction":[{"@type":"SearchAction","target":{"@type":"EntryPoint","urlTemplate":"https:\/\/kawasakirobotics.com\/it\/?s={search_term_string}"},"query-input":{"@type":"PropertyValueSpecification","valueRequired":true,"valueName":"search_term_string"}}],"inLanguage":"it-IT"},{"@type":"Organization","@id":"https:\/\/kawasakirobotics.com\/it\/#organization","name":"\u5ddd\u5d0e\u91cd\u5de5\u696d\u30ed\u30dc\u30c3\u30c8\u30c7\u30a3\u30d3\u30b8\u30e7\u30f3","url":"https:\/\/kawasakirobotics.com\/it\/","logo":{"@type":"ImageObject","inLanguage":"it-IT","@id":"https:\/\/kawasakirobotics.com\/it\/#\/schema\/logo\/image\/","url":"","contentUrl":"","caption":"\u5ddd\u5d0e\u91cd\u5de5\u696d\u30ed\u30dc\u30c3\u30c8\u30c7\u30a3\u30d3\u30b8\u30e7\u30f3"},"image":{"@id":"https:\/\/kawasakirobotics.com\/it\/#\/schema\/logo\/image\/"}}]}},"_links":{"self":[{"href":"https:\/\/kawasakirobotics.com\/it\/wp-json\/wp\/v2\/pages\/24","targetHints":{"allow":["GET"]}}],"collection":[{"href":"https:\/\/kawasakirobotics.com\/it\/wp-json\/wp\/v2\/pages"}],"about":[{"href":"https:\/\/kawasakirobotics.com\/it\/wp-json\/wp\/v2\/types\/page"}],"author":[{"embeddable":true,"href":"https:\/\/kawasakirobotics.com\/it\/wp-json\/wp\/v2\/users\/9"}],"replies":[{"embeddable":true,"href":"https:\/\/kawasakirobotics.com\/it\/wp-json\/wp\/v2\/comments?post=24"}],"version-history":[{"count":4,"href":"https:\/\/kawasakirobotics.com\/it\/wp-json\/wp\/v2\/pages\/24\/revisions"}],"predecessor-version":[{"id":5658,"href":"https:\/\/kawasakirobotics.com\/it\/wp-json\/wp\/v2\/pages\/24\/revisions\/5658"}],"wp:featuredmedia":[{"embeddable":true,"href":"https:\/\/kawasakirobotics.com\/it\/wp-json\/wp\/v2\/media\/926"}],"wp:attachment":[{"href":"https:\/\/kawasakirobotics.com\/it\/wp-json\/wp\/v2\/media?parent=24"}],"curies":[{"name":"wp","href":"https:\/\/api.w.org\/{rel}","templated":true}]}}