{"id":3871,"date":"2022-02-21T17:46:03","date_gmt":"2022-02-21T17:46:03","guid":{"rendered":"urn:uuid:52320cec-a814-4c62-b17b-e31c7a4f10a3"},"modified":"2025-05-12T04:02:36","modified_gmt":"2025-05-12T02:02:36","slug":"robot-automation-faqs","status":"publish","type":"page","link":"https:\/\/kawasakirobotics.com\/it\/robot-automation-faqs\/","title":{"rendered":"Domande frequenti sull&#8217;automazione dei robot"},"content":{"rendered":"\n<figure class=\"wp-block-gallery has-nested-images columns-default is-cropped wp-block-gallery-1 is-layout-flex wp-block-gallery-is-layout-flex\">\n<figure class=\"wp-block-image size-large\"><img loading=\"lazy\" decoding=\"async\" width=\"1117\" height=\"1117\" data-id=\"5497\" src=\"https:\/\/kawasakirobotics.com\/tachyon\/2022\/03\/quality_005_1800x1200-2.jpg?fit=900%2C900\" alt=\"Robert Lambeck Automazione della verniciatura con Kawasaki Robotics\" class=\"wp-image-5497\" \/><\/figure>\n\n\n\n<figure class=\"wp-block-image size-large\"><img decoding=\"async\" data-id=\"5624\" src=\"https:\/\/kawasakirobotics.com\/tachyon\/2022\/03\/Harbour-Tech-Cell-1-1.png\" alt=\"Posizionatore K Kawasaki robot di saldatura PST375-I1_\" class=\"wp-image-5624\" \/><\/figure>\n\n\n\n<figure class=\"wp-block-image size-large\"><img decoding=\"async\" data-id=\"5500\" src=\"https:\/\/kawasakirobotics.com\/tachyon\/2022\/03\/robot-arm_06_1800x1200.jpg?fit=900%2C900\" alt=\"\" class=\"wp-image-5500\" \/><\/figure>\n<\/figure>\n\n\n\n<h2 class=\"wp-block-heading\"><strong>Robot, robotica e automazione: qual \u00e8 la differenza?<\/strong><\/h2>\n\n\n\n<p>Robot, robotica e automazione sono usati quasi in modo intercambiabile ma hanno significati diversi. I robot sono i veri bracci robotici che vedi in un&#8217;impostazione di fabbrica e la robotica \u00e8 la tecnologia che coinvolge l&#8217;ideazione, la progettazione, la costruzione e il funzionamento dei robot nella produzione. L&#8217;automazione \u00e8 definita come una tecnologia che utilizza sistemi meccanici, elettronici e informatici per il funzionamento e il controllo della produzione. Un sistema robotico automatizzato utilizza molti componenti per completare autonomamente un&#8217;attivit\u00e0<\/p>\n\n\n\n<h2 class=\"wp-block-heading\">Quali sono i principali tipi di applicazioni robot?<\/h2>\n\n\n\n<ul class=\"wp-block-list\">\n<li><strong>Material handling<\/strong> processes involve moving an item from one place to another, just as the name suggests.<\/li>\n\n\n\n<li><strong>Assembly<\/strong> tasks require a robot to put something together. That could mean assembling multiple parts, like a gear box or a printed circuit board.<\/li>\n\n\n\n<li><strong>Processing<\/strong> applications include tasks like painting, arc welding, spot welding, polishing, and grinding.<\/li>\n<\/ul>\n\n\n\n<h2 class=\"wp-block-heading\"><strong>Come faccio a scegliere il braccio robotico giusto per la mia applicazione?<\/strong><\/h2>\n\n\n\n<p>Take the following items into account:<\/p>\n\n\n\n<ul class=\"wp-block-list\">\n<li><strong>Payload<\/strong> is the amount of weight a robot arm can lift. Don\u2019t forget to include the weight of the end effector and bracketing, if needed, into the payload calculation.<\/li>\n\n\n\n<li><strong>Reach<\/strong> is how far your robot arm can reach vertically and horizontally, which helps define the robot workspace and the application design.<\/li>\n\n\n\n<li><strong>Type <\/strong>is defined by the mechanical joints, rotary and\/or linear, that impart movement to the robot arm. Robots come with one to seven axes: Cartesian, SCARA, Delta, Collaborative and Articulated robots.<\/li>\n<\/ul>\n\n\n\n<h2 class=\"wp-block-heading\">Quali componenti entrano in una cella robotica automatizzata?<\/h2>\n\n\n\n<p>Un robot ha bisogno di attrezzature aggiuntive per essere operativo e per svolgere compiti. Ecco alcuni esempi:<\/p>\n\n\n\n<ul class=\"wp-block-list\">\n<li><strong>End effectors<\/strong> are also known as a gripper or end-of-arm tool. It\u2019s mounted to the end of the robot arm and is central to the application.<\/li>\n\n\n\n<li><strong>Cell controls<\/strong> include a controller that controls all operations of the cell. A teach pendant allows the user to program and operate the robot.<\/li>\n\n\n\n<li><strong>Peripheral equipment<\/strong> encompasses a wide range of items, such as infeed\/outfeed conveyors, part positioners, fixtures, vision systems and more.<\/li>\n\n\n\n<li><strong>Sensors <\/strong>relay presence\/absence information of parts to the robot. For example: When a part has reached a certain position on a conveyor, the sensor detects the part so the robot can execute a pick-up motion.<\/li>\n\n\n\n<li><strong>Safety <\/strong>is the most important part of any automated robotic cell. Safety methods protect personnel from hazards associated with the robot cell in operation. There are a wide range of options for safety equipment, from full safety fencing to sensors that require no actual hardware.<\/li>\n<\/ul>\n\n\n\n<h2 class=\"wp-block-heading\">Come sono programmati i robot?<\/h2>\n\n\n\n<p>Ogni produttore di robot utilizza il proprio linguaggio di programmazione, tuttavia il nostro \u00e8 il migliore amico di un ingegnere. La piattaforma di programmazione di Kawasaki Robotics comprende tre linguaggi di programmazione potenti, intuitivi e flessibili per le applicazioni pi\u00f9 elementari e complesse: non limitiamo il tuo potenziale.<\/p>\n\n\n\n<ul class=\"wp-block-list\">\n<li><strong>Kawasaki Block-Step Language<\/strong> is our beginner programming language and can be used for most applications. It\u2019s for the everyday operator and can be used to touch up points if nece<\/li>\n\n\n\n<li><strong>Kawasaki AS Language<\/strong> is geared toward users who already have basic programming experience. It allows them to write simple or complex motion paths and control logic. The open structure of AS Language allows users to program even the most advanced applications.<\/li>\n\n\n\n<li><strong>KRNX<\/strong> is for our more advanced programmers. It uses an API that lets externally generated motion programs control the robot.<\/li>\n<\/ul>\n\n\n\n<h2 class=\"wp-block-heading\">Quali tipi di applicazioni sono ideali per l&#8217;automazione?<\/h2>\n\n\n\n<p>I bracci robotici industriali sono ideali per attivit\u00e0 che non sono ideali per gli esseri umani. Ecco un elenco di criteri:<\/p>\n\n\n\n<ul class=\"wp-block-list\">\n<li><strong>Dull:<\/strong> Tedious and repetitive tasks<\/li>\n\n\n\n<li><strong>Dirty:<\/strong> Applications in environments with lots of dust, paint or excessive debris<\/li>\n\n\n\n<li><strong>Dangerous:<\/strong> Hazardous processes that put employees at risk of injury<\/li>\n\n\n\n<li><strong>High precision:<\/strong> For products that require a flawless finish or highly accurate measurements<\/li>\n<\/ul>\n\n\n\n<h2 class=\"wp-block-heading\">Quali sono i vantaggi dell&#8217;automazione robotica?<\/h2>\n\n\n\n<p>Per la giusta applicazione, i sistemi robotici offrono una vasta gamma di vantaggi per l&#8217;utente finale. Un robot pu\u00f2 funzionare ininterrottamente a una velocit\u00e0 definita senza supervisione, il che offre l&#8217;opportunit\u00e0 di aumentare i volumi di produzione.&nbsp;&nbsp;<\/p>\n\n\n\n<p>Un altro vantaggio dell&#8217;automazione robotica \u00e8 la coerenza. I robot funzionano con elevata ripetibilit\u00e0 e precisione, e ci\u00f2 si riflette nella migliore qualit\u00e0 delle parti. E consentendo ai robot di gestire compiti non rispettosi dell&#8217;uomo, i datori di lavoro possono riqualificare la propria forza lavoro per un lavoro pi\u00f9 appagante in un ambiente pi\u00f9 sicuro, solo per citarne alcuni.<\/p>\n\n\n\n<h2 class=\"wp-block-heading\">Quali misure posso adottare per assicurarmi che il mio sistema robotico automatizzato funzioni correttamente?<\/h2>\n\n\n\n<p>Quando si passa da un processo manuale a un processo automatizzato, potrebbe essere necessario apportare alcune modifiche alla progettazione della parte, agli utensili e ai dispositivi per assicurarsi che sia adatto all&#8217;automazione. Questo investimento sar\u00e0 giustificato dai risparmi sui costi che vedrai una volta che il tuo cellulare sar\u00e0 attivo e funzionante.<\/p>\n\n\n\n<p>\u00c8 importante selezionare un integratore di sistema che fornir\u00e0 il sistema robotico fin dall&#8217;inizio. Vuoi collaborare con esperti di ruolo che hanno esperienza nell&#8217;ideazione, progettazione, costruzione e messa in servizio del sistema robotico. Ma non dimenticare che sei l&#8217;esperto nella produzione del tuo prodotto: \u00e8 la combinazione della tua esperienza e della loro esperienza che si traduce in applicazioni di successo.<\/p>\n\n\n\n<div style=\"height:100px\" aria-hidden=\"true\" class=\"wp-block-spacer\"><\/div>\n\n\n\n<div class=\"wp-block-cover alignfull is-light full_cover_block no-margin\"><span aria-hidden=\"true\" class=\"wp-block-cover__background has-white-background-color has-background-dim-90 has-background-dim\"><\/span><img loading=\"lazy\" decoding=\"async\" width=\"2560\" height=\"1714\" class=\"wp-block-cover__image-background wp-image-4414\" alt=\"\" src=\"https:\/\/kawasakirobotics.com\/tachyon\/sites\/5\/2022\/03\/A1760478-scaled.jpg\" data-object-fit=\"cover\" srcset=\"https:\/\/kawasakirobotics.com\/tachyon\/sites\/32\/2022\/03\/A1760478-scaled.jpg?resize=2560%2C1714&amp;zoom=1 2560w, https:\/\/kawasakirobotics.com\/tachyon\/sites\/32\/2022\/03\/A1760478-scaled.jpg?resize=2560%2C1714&amp;zoom=0.5 1280w, https:\/\/kawasakirobotics.com\/tachyon\/sites\/32\/2022\/03\/A1760478-scaled.jpg?resize=2560%2C1714&amp;zoom=0.25 640w\" sizes=\"auto, (max-width: 2560px) 100vw, 2560px\" \/><div class=\"wp-block-cover__inner-container is-layout-flow wp-block-cover-is-layout-flow\">\n<h1 class=\"wp-block-heading has-text-align-center\">Hai ancora domande?<\/h1>\n\n\n\n<p>Siamo felici di chattare.<\/p>\n\n\n\n<div class=\"wp-block-buttons is-vertical is-content-justification-center is-layout-flex wp-container-core-buttons-is-layout-734eb2c2 wp-block-buttons-is-layout-flex\">\n<div class=\"wp-block-button is-style-outline is-style-outline--2\"><a class=\"wp-block-button__link wp-element-button\" href=\"https:\/\/kawasakirobotics.com\/it\/inquiry\/\">CONTATTACI<\/a><\/div>\n<\/div>\n<\/div><\/div>\n","protected":false},"excerpt":{"rendered":"<p>Robot, robotica e automazione: qual \u00e8 la differenza? Robot, robotica e automazione sono usati quasi in modo intercambiabile ma hanno significati diversi. I robot sono i veri bracci robotici che vedi in un&#8217;impostazione di fabbrica e la robotica \u00e8 la tecnologia che coinvolge l&#8217;ideazione, la progettazione, la costruzione e il funzionamento dei robot nella produzione. L&#8217;automazione \u00e8 definita come una tecnologia che utilizza sistemi meccanici, elettronici e informatici per il funzionamento e il controllo della produzione. Un sistema robotico automatizzato utilizza molti componenti per completare autonomamente un&#8217;attivit\u00e0 Quali sono i principali tipi di applicazioni robot? Come faccio a scegliere il braccio robotico giusto per la mia applicazione? Take the following [&hellip;]<\/p>\n","protected":false},"author":9,"featured_media":0,"parent":0,"menu_order":4,"comment_status":"closed","ping_status":"closed","template":"","meta":{"ep_exclude_from_search":false,"footnotes":""},"class_list":["post-3871","page","type-page","status-publish","hentry"],"yoast_head":"<!-- This site is optimized with the Yoast SEO plugin v25.9 - https:\/\/yoast.com\/wordpress\/plugins\/seo\/ -->\n<title>Domande frequenti sull&#039;automazione dei robot | Industrial Robots by Kawasaki Robotics<\/title>\n<meta name=\"description\" content=\"Getting started with robotics? Browse frequently asked robot automation questions and find answers straight from our experts.\" \/>\n<meta name=\"robots\" content=\"index, follow, max-snippet:-1, max-image-preview:large, max-video-preview:-1\" \/>\n<link rel=\"canonical\" href=\"https:\/\/kawasakirobotics.com\/it\/robot-automation-faqs\/\" \/>\n<meta property=\"og:locale\" content=\"it_IT\" \/>\n<meta property=\"og:type\" content=\"article\" \/>\n<meta property=\"og:title\" content=\"Domande frequenti sull&#039;automazione dei robot | Industrial Robots by Kawasaki Robotics\" \/>\n<meta property=\"og:description\" content=\"Getting started with robotics? Browse frequently asked robot automation questions and find answers straight from our experts.\" \/>\n<meta property=\"og:url\" content=\"https:\/\/kawasakirobotics.com\/it\/robot-automation-faqs\/\" \/>\n<meta property=\"og:site_name\" content=\"Kawasaki Robotics\" \/>\n<meta property=\"article:modified_time\" content=\"2025-05-12T02:02:36+00:00\" \/>\n<meta property=\"og:image\" content=\"https:\/\/kawasakirobotics.com\/content\/themes\/krobot-theme\/src\/images\/default\/ogp.jpg\" \/>\n\t<meta property=\"og:image:width\" content=\"1200\" \/>\n\t<meta property=\"og:image:height\" content=\"630\" \/>\n\t<meta property=\"og:image:type\" content=\"image\/jpeg\" \/>\n<meta name=\"twitter:card\" content=\"summary_large_image\" \/>\n<script type=\"application\/ld+json\" class=\"yoast-schema-graph\">{\"@context\":\"https:\/\/schema.org\",\"@graph\":[{\"@type\":\"WebPage\",\"@id\":\"https:\/\/kawasakirobotics.com\/it\/robot-automation-faqs\/\",\"url\":\"https:\/\/kawasakirobotics.com\/it\/robot-automation-faqs\/\",\"name\":\"Domande frequenti sull'automazione dei robot | Industrial Robots by Kawasaki Robotics\",\"isPartOf\":{\"@id\":\"https:\/\/kawasakirobotics.com\/it\/#website\"},\"primaryImageOfPage\":{\"@id\":\"https:\/\/kawasakirobotics.com\/it\/robot-automation-faqs\/#primaryimage\"},\"image\":{\"@id\":\"https:\/\/kawasakirobotics.com\/it\/robot-automation-faqs\/#primaryimage\"},\"thumbnailUrl\":\"https:\/\/kawasakirobotics.com\/tachyon\/2022\/03\/quality_005_1800x1200-2.jpg?fit=900%2C900\",\"datePublished\":\"2022-02-21T17:46:03+00:00\",\"dateModified\":\"2025-05-12T02:02:36+00:00\",\"description\":\"Getting started with robotics? Browse frequently asked robot automation questions and find answers straight from our experts.\",\"breadcrumb\":{\"@id\":\"https:\/\/kawasakirobotics.com\/it\/robot-automation-faqs\/#breadcrumb\"},\"inLanguage\":\"it-IT\",\"potentialAction\":[{\"@type\":\"ReadAction\",\"target\":[\"https:\/\/kawasakirobotics.com\/it\/robot-automation-faqs\/\"]}]},{\"@type\":\"ImageObject\",\"inLanguage\":\"it-IT\",\"@id\":\"https:\/\/kawasakirobotics.com\/it\/robot-automation-faqs\/#primaryimage\",\"url\":\"https:\/\/kawasakirobotics.com\/tachyon\/2022\/03\/quality_005_1800x1200-2.jpg?fit=900%2C900\",\"contentUrl\":\"https:\/\/kawasakirobotics.com\/tachyon\/2022\/03\/quality_005_1800x1200-2.jpg?fit=900%2C900\"},{\"@type\":\"BreadcrumbList\",\"@id\":\"https:\/\/kawasakirobotics.com\/it\/robot-automation-faqs\/#breadcrumb\",\"itemListElement\":[{\"@type\":\"ListItem\",\"position\":1,\"name\":\"Home\",\"item\":\"https:\/\/kawasakirobotics.com\/it\/\"},{\"@type\":\"ListItem\",\"position\":2,\"name\":\"Domande frequenti sull&#8217;automazione dei robot\"}]},{\"@type\":\"WebSite\",\"@id\":\"https:\/\/kawasakirobotics.com\/it\/#website\",\"url\":\"https:\/\/kawasakirobotics.com\/it\/\",\"name\":\"Kawasaki Robotics\",\"description\":\"\",\"publisher\":{\"@id\":\"https:\/\/kawasakirobotics.com\/it\/#organization\"},\"potentialAction\":[{\"@type\":\"SearchAction\",\"target\":{\"@type\":\"EntryPoint\",\"urlTemplate\":\"https:\/\/kawasakirobotics.com\/it\/?s={search_term_string}\"},\"query-input\":{\"@type\":\"PropertyValueSpecification\",\"valueRequired\":true,\"valueName\":\"search_term_string\"}}],\"inLanguage\":\"it-IT\"},{\"@type\":\"Organization\",\"@id\":\"https:\/\/kawasakirobotics.com\/it\/#organization\",\"name\":\"\u5ddd\u5d0e\u91cd\u5de5\u696d\u30ed\u30dc\u30c3\u30c8\u30c7\u30a3\u30d3\u30b8\u30e7\u30f3\",\"url\":\"https:\/\/kawasakirobotics.com\/it\/\",\"logo\":{\"@type\":\"ImageObject\",\"inLanguage\":\"it-IT\",\"@id\":\"https:\/\/kawasakirobotics.com\/it\/#\/schema\/logo\/image\/\",\"url\":\"\",\"contentUrl\":\"\",\"caption\":\"\u5ddd\u5d0e\u91cd\u5de5\u696d\u30ed\u30dc\u30c3\u30c8\u30c7\u30a3\u30d3\u30b8\u30e7\u30f3\"},\"image\":{\"@id\":\"https:\/\/kawasakirobotics.com\/it\/#\/schema\/logo\/image\/\"}}]}<\/script>\n<!-- \/ Yoast SEO plugin. -->","yoast_head_json":{"title":"Domande frequenti sull'automazione dei robot | Industrial Robots by Kawasaki Robotics","description":"Getting started with robotics? Browse frequently asked robot automation questions and find answers straight from our experts.","robots":{"index":"index","follow":"follow","max-snippet":"max-snippet:-1","max-image-preview":"max-image-preview:large","max-video-preview":"max-video-preview:-1"},"canonical":"https:\/\/kawasakirobotics.com\/it\/robot-automation-faqs\/","og_locale":"it_IT","og_type":"article","og_title":"Domande frequenti sull'automazione dei robot | Industrial Robots by Kawasaki Robotics","og_description":"Getting started with robotics? Browse frequently asked robot automation questions and find answers straight from our experts.","og_url":"https:\/\/kawasakirobotics.com\/it\/robot-automation-faqs\/","og_site_name":"Kawasaki Robotics","article_modified_time":"2025-05-12T02:02:36+00:00","og_image":[{"url":"https:\/\/kawasakirobotics.com\/content\/themes\/krobot-theme\/src\/images\/default\/ogp.jpg","width":"1200","height":"630","type":"image\/jpeg"}],"twitter_card":"summary_large_image","schema":{"@context":"https:\/\/schema.org","@graph":[{"@type":"WebPage","@id":"https:\/\/kawasakirobotics.com\/it\/robot-automation-faqs\/","url":"https:\/\/kawasakirobotics.com\/it\/robot-automation-faqs\/","name":"Domande frequenti sull'automazione dei robot | Industrial Robots by Kawasaki Robotics","isPartOf":{"@id":"https:\/\/kawasakirobotics.com\/it\/#website"},"primaryImageOfPage":{"@id":"https:\/\/kawasakirobotics.com\/it\/robot-automation-faqs\/#primaryimage"},"image":{"@id":"https:\/\/kawasakirobotics.com\/it\/robot-automation-faqs\/#primaryimage"},"thumbnailUrl":"https:\/\/kawasakirobotics.com\/tachyon\/2022\/03\/quality_005_1800x1200-2.jpg?fit=900%2C900","datePublished":"2022-02-21T17:46:03+00:00","dateModified":"2025-05-12T02:02:36+00:00","description":"Getting started with robotics? Browse frequently asked robot automation questions and find answers straight from our experts.","breadcrumb":{"@id":"https:\/\/kawasakirobotics.com\/it\/robot-automation-faqs\/#breadcrumb"},"inLanguage":"it-IT","potentialAction":[{"@type":"ReadAction","target":["https:\/\/kawasakirobotics.com\/it\/robot-automation-faqs\/"]}]},{"@type":"ImageObject","inLanguage":"it-IT","@id":"https:\/\/kawasakirobotics.com\/it\/robot-automation-faqs\/#primaryimage","url":"https:\/\/kawasakirobotics.com\/tachyon\/2022\/03\/quality_005_1800x1200-2.jpg?fit=900%2C900","contentUrl":"https:\/\/kawasakirobotics.com\/tachyon\/2022\/03\/quality_005_1800x1200-2.jpg?fit=900%2C900"},{"@type":"BreadcrumbList","@id":"https:\/\/kawasakirobotics.com\/it\/robot-automation-faqs\/#breadcrumb","itemListElement":[{"@type":"ListItem","position":1,"name":"Home","item":"https:\/\/kawasakirobotics.com\/it\/"},{"@type":"ListItem","position":2,"name":"Domande frequenti sull&#8217;automazione dei robot"}]},{"@type":"WebSite","@id":"https:\/\/kawasakirobotics.com\/it\/#website","url":"https:\/\/kawasakirobotics.com\/it\/","name":"Kawasaki Robotics","description":"","publisher":{"@id":"https:\/\/kawasakirobotics.com\/it\/#organization"},"potentialAction":[{"@type":"SearchAction","target":{"@type":"EntryPoint","urlTemplate":"https:\/\/kawasakirobotics.com\/it\/?s={search_term_string}"},"query-input":{"@type":"PropertyValueSpecification","valueRequired":true,"valueName":"search_term_string"}}],"inLanguage":"it-IT"},{"@type":"Organization","@id":"https:\/\/kawasakirobotics.com\/it\/#organization","name":"\u5ddd\u5d0e\u91cd\u5de5\u696d\u30ed\u30dc\u30c3\u30c8\u30c7\u30a3\u30d3\u30b8\u30e7\u30f3","url":"https:\/\/kawasakirobotics.com\/it\/","logo":{"@type":"ImageObject","inLanguage":"it-IT","@id":"https:\/\/kawasakirobotics.com\/it\/#\/schema\/logo\/image\/","url":"","contentUrl":"","caption":"\u5ddd\u5d0e\u91cd\u5de5\u696d\u30ed\u30dc\u30c3\u30c8\u30c7\u30a3\u30d3\u30b8\u30e7\u30f3"},"image":{"@id":"https:\/\/kawasakirobotics.com\/it\/#\/schema\/logo\/image\/"}}]}},"_links":{"self":[{"href":"https:\/\/kawasakirobotics.com\/it\/wp-json\/wp\/v2\/pages\/3871","targetHints":{"allow":["GET"]}}],"collection":[{"href":"https:\/\/kawasakirobotics.com\/it\/wp-json\/wp\/v2\/pages"}],"about":[{"href":"https:\/\/kawasakirobotics.com\/it\/wp-json\/wp\/v2\/types\/page"}],"author":[{"embeddable":true,"href":"https:\/\/kawasakirobotics.com\/it\/wp-json\/wp\/v2\/users\/9"}],"replies":[{"embeddable":true,"href":"https:\/\/kawasakirobotics.com\/it\/wp-json\/wp\/v2\/comments?post=3871"}],"version-history":[{"count":12,"href":"https:\/\/kawasakirobotics.com\/it\/wp-json\/wp\/v2\/pages\/3871\/revisions"}],"predecessor-version":[{"id":5862,"href":"https:\/\/kawasakirobotics.com\/it\/wp-json\/wp\/v2\/pages\/3871\/revisions\/5862"}],"wp:attachment":[{"href":"https:\/\/kawasakirobotics.com\/it\/wp-json\/wp\/v2\/media?parent=3871"}],"curies":[{"name":"wp","href":"https:\/\/api.w.org\/{rel}","templated":true}]}}