{"id":3892,"date":"2022-02-21T18:22:44","date_gmt":"2022-02-21T18:22:44","guid":{"rendered":"urn:uuid:3d9739a4-784d-466c-a6d1-fdff1587f7e8"},"modified":"2026-04-06T09:56:34","modified_gmt":"2026-04-06T07:56:34","slug":"careers","status":"publish","type":"page","link":"https:\/\/kawasakirobotics.com\/it\/company\/careers\/","title":{"rendered":"Careers: Kawasaki Robotics GmbH"},"content":{"rendered":"\n<figure class=\"wp-block-flexible-table-block-table is-scroll-on-mobile\"><table class=\"has-fixed-layout\"><tbody><tr><td>Attivit\u00e0 commerciale<\/td><td>Robotica<\/td><\/tr><tr><td>Azienda<\/td><td><a href=\"https:\/\/global.kawasaki.com\/en\/corp\/profile\/network\/krg.html\">Kawasaki Robotics GmbH<\/a><\/td><\/tr><tr><td>Posizione<\/td><td>Germania<\/td><\/tr><\/tbody><\/table><\/figure>\n\n\n\n<p>Kawasaki Robotics GmbH \u00e8 la sede europea della Kawasaki Heavy Industries Robotic Division con sede a Neuss in Germania e responsabile delle vendite, dell&#8217;ingegneria e dell&#8217;assistenza in Germania e in Europa. Una rete congiunta con i Distributori regionali garantisce in modo tempestivo, professionale e affidabile che le esigenze dei clienti siano soddisfatte. Kawasaki offre un ambiente di lavoro unico e diversificato che promuove la creativit\u00e0 e l&#8217;innovazione e abbraccia veramente la filosofia secondo cui la nostra pi\u00f9 grande risorsa sono i nostri dipendenti.<br>In Kawasaki Robotics GmbH, sappiamo che i nostri dipendenti sono la spina dorsale della nostra organizzazione, il nostro vantaggio competitivo. La loro creativit\u00e0, impegno e duro lavoro sono il motore che guida la nostra azienda.<\/p>\n\n\n\n<h2 class=\"wp-block-heading\">ANNUNCI DI LAVORO<\/h2>\n\n\n\n<p>Lavoriamo duramente per mantenere un ambiente di lavoro piacevole in cui tutti i dipendenti sono continuamente sfidati e formati sulle ultime tecnologie. Man mano che l&#8217;azienda continua a crescere, ci saranno molte opportunit\u00e0 per lo sviluppo e l&#8217;avanzamento della carriera, nonch\u00e9 il coinvolgimento in un lavoro che \u00e8 sia all&#8217;avanguardia che gratificante.<\/p>\n\n\n\n<p>Please click on the links below to view current opportunities to join the global Kawasaki team and submit a resume to us online.<\/p>\n\n\n\n<p><\/p>\n\n\n\n<h2 class=\"wp-block-heading alignfull has-text-align-center\">Di<\/h2>\n\n\n\n<div class=\"wp-block-columns alignwide krobot-pattern-3cols krobot-pattern-plaincards is-layout-flex wp-container-core-columns-is-layout-28f84493 wp-block-columns-is-layout-flex\">\n<div class=\"wp-block-column krobot-pattern-3cols__item is-layout-flow wp-block-column-is-layout-flow\">\n<figure class=\"wp-block-image size-large krobot-pattern-plaincards__figure\"><img loading=\"lazy\" decoding=\"async\" width=\"950\" height=\"679\" src=\"https:\/\/kawasakirobotics.com\/tachyon\/sites\/5\/2022\/02\/company_1.jpg?fit=900%2C679&#038;resize=900%2C643&#038;crop_strategy=smart\" alt=\"Foto aerea della fabbrica\" class=\"wp-image-1559\" srcset=\"https:\/\/kawasakirobotics.com\/tachyon\/sites\/2\/2022\/02\/company_1.jpg?fit=950%2C679&amp;zoom=1 950w, https:\/\/kawasakirobotics.com\/tachyon\/sites\/2\/2022\/02\/company_1.jpg?fit=950%2C679&amp;zoom=0.5 475w, https:\/\/kawasakirobotics.com\/tachyon\/sites\/2\/2022\/02\/company_1.jpg?fit=950%2C679&amp;zoom=0.25 238w\" sizes=\"auto, (max-width: 950px) 100vw, 950px\" data-recalc-dims=\"1\" \/><\/figure>\n\n\n\n<h3 class=\"wp-block-heading has-text-align-center krobot-pattern-plaincards__title\">Informazioni sulla divisione Robot<\/h3>\n\n\n\n<p class=\"krobot-pattern-plaincards__description\">I robot Kawasaki vengono utilizzati in una variet\u00e0 di settori, inclusi i settori automobilistico, elettrico ed elettronico.<\/p>\n\n\n\n<div class=\"wp-block-buttons krobot-pattern-plaincards__more is-horizontal is-content-justification-center is-layout-flex wp-container-core-buttons-is-layout-03627597 wp-block-buttons-is-layout-flex\">\n<div class=\"wp-block-button is-style-outline is-style-outline--1\"><a class=\"wp-block-button__link wp-element-button\" href=\"https:\/\/kawasakirobotics.com\/it\/company\/robotics-division\/\">DI PI\u00d9<\/a><\/div>\n<\/div>\n<\/div>\n\n\n\n<div class=\"wp-block-column krobot-pattern-3cols__item is-layout-flow wp-block-column-is-layout-flow\">\n<figure class=\"wp-block-image size-large krobot-pattern-plaincards__figure\"><img loading=\"lazy\" decoding=\"async\" width=\"950\" height=\"679\" src=\"https:\/\/kawasakirobotics.com\/tachyon\/sites\/5\/2022\/02\/company_2.jpg?fit=900%2C679&#038;resize=900%2C643&#038;crop_strategy=smart\" alt=\"GLOBALE\" class=\"wp-image-1560\" srcset=\"https:\/\/kawasakirobotics.com\/tachyon\/sites\/2\/2022\/02\/company_2.jpg?fit=950%2C679&amp;zoom=1 950w, https:\/\/kawasakirobotics.com\/tachyon\/sites\/2\/2022\/02\/company_2.jpg?fit=950%2C679&amp;zoom=0.5 475w, https:\/\/kawasakirobotics.com\/tachyon\/sites\/2\/2022\/02\/company_2.jpg?fit=950%2C679&amp;zoom=0.25 238w\" sizes=\"auto, (max-width: 950px) 100vw, 950px\" data-recalc-dims=\"1\" \/><\/figure>\n\n\n\n<h3 class=\"wp-block-heading has-text-align-center krobot-pattern-plaincards__title\">Posizioni<\/h3>\n\n\n\n<p class=\"krobot-pattern-plaincards__description\">Abbiamo una rete di sedi e supporto nell&#8217;UE e in Africa.<\/p>\n\n\n\n<div class=\"wp-block-buttons krobot-pattern-plaincards__more is-horizontal is-content-justification-center is-layout-flex wp-container-core-buttons-is-layout-03627597 wp-block-buttons-is-layout-flex\">\n<div class=\"wp-block-button is-style-outline is-style-outline--2\"><a class=\"wp-block-button__link wp-element-button\" href=\"https:\/\/kawasakirobotics.com\/it\/company\/locations\/\">DI PI\u00d9<\/a><\/div>\n<\/div>\n<\/div>\n\n\n\n<div class=\"wp-block-column krobot-pattern-3cols__item is-layout-flow wp-block-column-is-layout-flow\">\n<figure class=\"wp-block-image size-large krobot-pattern-plaincards__figure\"><img loading=\"lazy\" decoding=\"async\" width=\"950\" height=\"679\" src=\"https:\/\/kawasakirobotics.com\/tachyon\/sites\/5\/2022\/02\/company_4.jpg?fit=900%2C679&#038;resize=900%2C643&#038;crop_strategy=smart\" alt=\"KAWASAKI UNIMATE\" class=\"wp-image-1563\" srcset=\"https:\/\/kawasakirobotics.com\/tachyon\/sites\/2\/2022\/02\/company_4.jpg?fit=950%2C679&amp;zoom=1 950w, https:\/\/kawasakirobotics.com\/tachyon\/sites\/2\/2022\/02\/company_4.jpg?fit=950%2C679&amp;zoom=0.5 475w, https:\/\/kawasakirobotics.com\/tachyon\/sites\/2\/2022\/02\/company_4.jpg?fit=950%2C679&amp;zoom=0.25 238w\" sizes=\"auto, (max-width: 950px) 100vw, 950px\" data-recalc-dims=\"1\" \/><\/figure>\n\n\n\n<h3 class=\"wp-block-heading has-text-align-center krobot-pattern-plaincards__title\">Storia<\/h3>\n\n\n\n<p class=\"krobot-pattern-plaincards__description\">Quanto segue delinea la nostra storia nella robotica industriale, che copre pi\u00f9 di 50 anni.<\/p>\n\n\n\n<div class=\"wp-block-buttons krobot-pattern-plaincards__more is-horizontal is-content-justification-center is-layout-flex wp-container-core-buttons-is-layout-03627597 wp-block-buttons-is-layout-flex\">\n<div class=\"wp-block-button is-style-outline is-style-outline--3\"><a class=\"wp-block-button__link wp-element-button\" href=\"https:\/\/kawasakirobotics.com\/it\/company\/history\/\">DI PI\u00d9<\/a><\/div>\n<\/div>\n<\/div>\n<\/div>\n\n\n\n<div style=\"height:30px\" aria-hidden=\"true\" class=\"wp-block-spacer\"><\/div>\n\n\n\n<div class=\"wp-block-columns alignwide krobot-pattern-3cols krobot-pattern-plaincards is-layout-flex wp-container-core-columns-is-layout-28f84493 wp-block-columns-is-layout-flex\">\n<div class=\"wp-block-column krobot-pattern-3cols__item is-layout-flow wp-block-column-is-layout-flow\">\n<figure class=\"wp-block-image size-large krobot-pattern-plaincards__figure\"><img loading=\"lazy\" decoding=\"async\" width=\"1755\" height=\"1241\" src=\"https:\/\/kawasakirobotics.com\/tachyon\/sites\/5\/2022\/02\/company_6.jpg?fit=900%2C900&#038;resize=900%2C636&#038;crop_strategy=smart\" alt=\"Kawasaki Robotics Soluzioni affidabili per il futuro\" class=\"wp-image-3180\" srcset=\"https:\/\/kawasakirobotics.com\/tachyon\/sites\/2\/2022\/02\/company_6.jpg?fit=1755%2C1241&amp;zoom=1 1755w, https:\/\/kawasakirobotics.com\/tachyon\/sites\/2\/2022\/02\/company_6.jpg?fit=1755%2C1241&amp;zoom=0.5 878w, https:\/\/kawasakirobotics.com\/tachyon\/sites\/2\/2022\/02\/company_6.jpg?fit=1755%2C1241&amp;zoom=0.25 439w\" sizes=\"auto, (max-width: 1755px) 100vw, 1755px\" data-recalc-dims=\"1\" \/><\/figure>\n\n\n\n<h3 class=\"wp-block-heading has-text-align-center krobot-pattern-plaincards__title\">Kawasaki Heavy Industries ltd.<\/h3>\n\n\n\n<p class=\"krobot-pattern-plaincards__description\">Siamo una societ\u00e0 di ingegneria a tutto tondo con oltre 100 anni di storia con tecnologie che servono aree commerciali ad ampio raggio che coprono terra, mare e aria.<\/p>\n\n\n\n<div class=\"wp-block-buttons krobot-pattern-plaincards__more is-horizontal is-content-justification-center is-layout-flex wp-container-core-buttons-is-layout-03627597 wp-block-buttons-is-layout-flex\">\n<div class=\"wp-block-button is-style-outline is-style-outline--4\"><a class=\"wp-block-button__link wp-element-button\" href=\"https:\/\/kawasakirobotics.com\/it\/company\/about-us\/\">DI PI\u00d9<\/a><\/div>\n<\/div>\n<\/div>\n\n\n\n<div class=\"wp-block-column krobot-pattern-3cols__item is-layout-flow wp-block-column-is-layout-flow\">\n<figure class=\"wp-block-image size-full krobot-pattern-plaincards__figure\"><img loading=\"lazy\" width=\"900\" height=\"630\" decoding=\"async\" src=\"https:\/\/kawasakirobotics.com\/tachyon\/sites\/32\/2026\/04\/ISO.webp\" alt=\"\" class=\"wp-image-5989\" srcset=\"https:\/\/kawasakirobotics.com\/tachyon\/sites\/32\/2026\/04\/ISO.webp?resize=900%2C630&amp;zoom=1 900w, https:\/\/kawasakirobotics.com\/tachyon\/sites\/32\/2026\/04\/ISO.webp?resize=900%2C630&amp;zoom=0.5 450w, https:\/\/kawasakirobotics.com\/tachyon\/sites\/32\/2026\/04\/ISO.webp?resize=900%2C630&amp;zoom=0.25 225w\" sizes=\"auto, (max-width: 900px) 100vw, 900px\" \/><\/figure>\n\n\n\n<h3 class=\"wp-block-heading has-text-align-center krobot-pattern-plaincards__title\">Certificazioni ISO<\/h3>\n\n\n\n<p class=\"krobot-pattern-plaincards__description\">Scopri le nostre certificazioni ISO.<\/p>\n\n\n\n<div class=\"wp-block-buttons krobot-pattern-plaincards__more is-horizontal is-content-justification-center is-layout-flex wp-container-core-buttons-is-layout-03627597 wp-block-buttons-is-layout-flex\">\n<div class=\"wp-block-button is-style-outline is-style-outline--5\"><a class=\"wp-block-button__link wp-element-button\" href=\"https:\/\/kawasakirobotics.com\/it\/company\/iso\/\">DI PI\u00d9<\/a><\/div>\n<\/div>\n<\/div>\n\n\n\n<div class=\"wp-block-column krobot-pattern-3cols__item is-layout-flow wp-block-column-is-layout-flow\">\n<figure class=\"wp-block-image size-large krobot-pattern-plaincards__figure\"><a href=\"https:\/\/www.khi-saiyo.jp\/?lc=1\"><img loading=\"lazy\" decoding=\"async\" width=\"950\" height=\"679\" src=\"https:\/\/kawasakirobotics.com\/tachyon\/sites\/5\/2022\/02\/company_8.jpg?fit=900%2C679&#038;resize=900%2C643&#038;crop_strategy=smart\" alt=\"WONDER\" class=\"wp-image-1566\" srcset=\"https:\/\/kawasakirobotics.com\/tachyon\/sites\/2\/2022\/02\/company_8.jpg?fit=950%2C679&amp;zoom=1 950w, https:\/\/kawasakirobotics.com\/tachyon\/sites\/2\/2022\/02\/company_8.jpg?fit=950%2C679&amp;zoom=0.5 475w, https:\/\/kawasakirobotics.com\/tachyon\/sites\/2\/2022\/02\/company_8.jpg?fit=950%2C679&amp;zoom=0.25 238w\" sizes=\"auto, (max-width: 950px) 100vw, 950px\" data-recalc-dims=\"1\" \/><\/a><\/figure>\n\n\n\n<h3 class=\"wp-block-heading has-text-align-center krobot-pattern-plaincards__title\">Carriere<\/h3>\n\n\n\n<p class=\"has-text-align-left krobot-pattern-plaincards__description\">Ulteriori informazioni sulle informazioni sull&#8217;occupazione.<\/p>\n\n\n\n<div class=\"wp-block-buttons krobot-pattern-plaincards__more is-horizontal is-content-justification-center is-layout-flex wp-container-core-buttons-is-layout-03627597 wp-block-buttons-is-layout-flex\">\n<div class=\"wp-block-button is-style-outline is-style-outline--6\"><a class=\"wp-block-button__link wp-element-button\" href=\"https:\/\/kawasakirobotics.com\/it\/company\/careers\/\">DI PI\u00d9<\/a><\/div>\n<\/div>\n<\/div>\n<\/div>\n","protected":false},"excerpt":{"rendered":"<p>Kawasaki Robotics GmbH \u00e8 la sede europea della Kawasaki Heavy Industries Robotic Division con sede a Neuss in Germania e responsabile delle vendite, dell&#8217;ingegneria e dell&#8217;assistenza in Germania e in Europa. Una rete congiunta con i Distributori regionali garantisce in modo tempestivo, professionale e affidabile che le esigenze dei clienti siano soddisfatte. Kawasaki offre un ambiente di lavoro unico e diversificato che promuove la creativit\u00e0 e l&#8217;innovazione e abbraccia veramente la filosofia secondo cui la nostra pi\u00f9 grande risorsa sono i nostri dipendenti.In Kawasaki Robotics GmbH, sappiamo che i nostri dipendenti sono la spina dorsale della nostra organizzazione, il nostro vantaggio competitivo. La loro creativit\u00e0, impegno e duro lavoro sono [&hellip;]<\/p>\n","protected":false},"author":9,"featured_media":0,"parent":30,"menu_order":7,"comment_status":"closed","ping_status":"closed","template":"","meta":{"ep_exclude_from_search":false,"footnotes":""},"class_list":["post-3892","page","type-page","status-publish","hentry"],"yoast_head":"<!-- This site is optimized with the Yoast SEO plugin v25.9 - https:\/\/yoast.com\/wordpress\/plugins\/seo\/ -->\n<title>Careers: Kawasaki Robotics GmbH | Kawasaki Robotics<\/title>\n<meta name=\"description\" content=\"Discover how Kawasaki Robotics GmbH in Germany is responsible for sales, engineering, and service in Europe.\" \/>\n<meta name=\"robots\" content=\"index, follow, max-snippet:-1, max-image-preview:large, max-video-preview:-1\" \/>\n<link rel=\"canonical\" href=\"https:\/\/kawasakirobotics.com\/it\/company\/careers\/\" \/>\n<meta property=\"og:locale\" content=\"it_IT\" \/>\n<meta property=\"og:type\" content=\"article\" \/>\n<meta property=\"og:title\" content=\"Careers: Kawasaki Robotics GmbH | Kawasaki Robotics\" \/>\n<meta property=\"og:description\" content=\"Discover how Kawasaki Robotics GmbH in Germany is responsible for sales, engineering, and service in Europe.\" \/>\n<meta property=\"og:url\" content=\"https:\/\/kawasakirobotics.com\/it\/company\/careers\/\" \/>\n<meta property=\"og:site_name\" content=\"Kawasaki Robotics\" \/>\n<meta property=\"article:modified_time\" content=\"2026-04-06T07:56:34+00:00\" \/>\n<meta property=\"og:image\" content=\"https:\/\/kawasakirobotics.com\/content\/themes\/krobot-theme\/src\/images\/default\/ogp.jpg\" \/>\n\t<meta property=\"og:image:width\" content=\"1200\" \/>\n\t<meta property=\"og:image:height\" content=\"630\" \/>\n\t<meta property=\"og:image:type\" content=\"image\/jpeg\" \/>\n<meta name=\"twitter:card\" content=\"summary_large_image\" \/>\n<script type=\"application\/ld+json\" class=\"yoast-schema-graph\">{\"@context\":\"https:\/\/schema.org\",\"@graph\":[{\"@type\":\"WebPage\",\"@id\":\"https:\/\/kawasakirobotics.com\/it\/company\/careers\/\",\"url\":\"https:\/\/kawasakirobotics.com\/it\/company\/careers\/\",\"name\":\"Careers: Kawasaki Robotics GmbH | Kawasaki Robotics\",\"isPartOf\":{\"@id\":\"https:\/\/kawasakirobotics.com\/it\/#website\"},\"primaryImageOfPage\":{\"@id\":\"https:\/\/kawasakirobotics.com\/it\/company\/careers\/#primaryimage\"},\"image\":{\"@id\":\"https:\/\/kawasakirobotics.com\/it\/company\/careers\/#primaryimage\"},\"thumbnailUrl\":\"https:\/\/kawasakirobotics.com\/uploads\/sites\/5\/2022\/02\/company_1.jpg?fit=900%2C679\",\"datePublished\":\"2022-02-21T18:22:44+00:00\",\"dateModified\":\"2026-04-06T07:56:34+00:00\",\"description\":\"Discover how Kawasaki Robotics GmbH in Germany is responsible for sales, engineering, and service in Europe.\",\"breadcrumb\":{\"@id\":\"https:\/\/kawasakirobotics.com\/it\/company\/careers\/#breadcrumb\"},\"inLanguage\":\"it-IT\",\"potentialAction\":[{\"@type\":\"ReadAction\",\"target\":[\"https:\/\/kawasakirobotics.com\/it\/company\/careers\/\"]}]},{\"@type\":\"ImageObject\",\"inLanguage\":\"it-IT\",\"@id\":\"https:\/\/kawasakirobotics.com\/it\/company\/careers\/#primaryimage\",\"url\":\"https:\/\/kawasakirobotics.com\/uploads\/sites\/5\/2022\/02\/company_1.jpg?fit=900%2C679\",\"contentUrl\":\"https:\/\/kawasakirobotics.com\/uploads\/sites\/5\/2022\/02\/company_1.jpg?fit=900%2C679\"},{\"@type\":\"BreadcrumbList\",\"@id\":\"https:\/\/kawasakirobotics.com\/it\/company\/careers\/#breadcrumb\",\"itemListElement\":[{\"@type\":\"ListItem\",\"position\":1,\"name\":\"Home\",\"item\":\"https:\/\/kawasakirobotics.com\/it\/\"},{\"@type\":\"ListItem\",\"position\":2,\"name\":\"Di\",\"item\":\"https:\/\/kawasakirobotics.com\/it\/company\/\"},{\"@type\":\"ListItem\",\"position\":3,\"name\":\"Careers: Kawasaki Robotics GmbH\"}]},{\"@type\":\"WebSite\",\"@id\":\"https:\/\/kawasakirobotics.com\/it\/#website\",\"url\":\"https:\/\/kawasakirobotics.com\/it\/\",\"name\":\"Kawasaki Robotics\",\"description\":\"\",\"publisher\":{\"@id\":\"https:\/\/kawasakirobotics.com\/it\/#organization\"},\"potentialAction\":[{\"@type\":\"SearchAction\",\"target\":{\"@type\":\"EntryPoint\",\"urlTemplate\":\"https:\/\/kawasakirobotics.com\/it\/?s={search_term_string}\"},\"query-input\":{\"@type\":\"PropertyValueSpecification\",\"valueRequired\":true,\"valueName\":\"search_term_string\"}}],\"inLanguage\":\"it-IT\"},{\"@type\":\"Organization\",\"@id\":\"https:\/\/kawasakirobotics.com\/it\/#organization\",\"name\":\"\u5ddd\u5d0e\u91cd\u5de5\u696d\u30ed\u30dc\u30c3\u30c8\u30c7\u30a3\u30d3\u30b8\u30e7\u30f3\",\"url\":\"https:\/\/kawasakirobotics.com\/it\/\",\"logo\":{\"@type\":\"ImageObject\",\"inLanguage\":\"it-IT\",\"@id\":\"https:\/\/kawasakirobotics.com\/it\/#\/schema\/logo\/image\/\",\"url\":\"\",\"contentUrl\":\"\",\"caption\":\"\u5ddd\u5d0e\u91cd\u5de5\u696d\u30ed\u30dc\u30c3\u30c8\u30c7\u30a3\u30d3\u30b8\u30e7\u30f3\"},\"image\":{\"@id\":\"https:\/\/kawasakirobotics.com\/it\/#\/schema\/logo\/image\/\"}}]}<\/script>\n<!-- \/ Yoast SEO plugin. -->","yoast_head_json":{"title":"Careers: Kawasaki Robotics GmbH | Kawasaki Robotics","description":"Discover how Kawasaki Robotics GmbH in Germany is responsible for sales, engineering, and service in Europe.","robots":{"index":"index","follow":"follow","max-snippet":"max-snippet:-1","max-image-preview":"max-image-preview:large","max-video-preview":"max-video-preview:-1"},"canonical":"https:\/\/kawasakirobotics.com\/it\/company\/careers\/","og_locale":"it_IT","og_type":"article","og_title":"Careers: Kawasaki Robotics GmbH | Kawasaki Robotics","og_description":"Discover how Kawasaki Robotics GmbH in Germany is responsible for sales, engineering, and service in Europe.","og_url":"https:\/\/kawasakirobotics.com\/it\/company\/careers\/","og_site_name":"Kawasaki Robotics","article_modified_time":"2026-04-06T07:56:34+00:00","og_image":[{"url":"https:\/\/kawasakirobotics.com\/content\/themes\/krobot-theme\/src\/images\/default\/ogp.jpg","width":"1200","height":"630","type":"image\/jpeg"}],"twitter_card":"summary_large_image","schema":{"@context":"https:\/\/schema.org","@graph":[{"@type":"WebPage","@id":"https:\/\/kawasakirobotics.com\/it\/company\/careers\/","url":"https:\/\/kawasakirobotics.com\/it\/company\/careers\/","name":"Careers: Kawasaki Robotics GmbH | Kawasaki Robotics","isPartOf":{"@id":"https:\/\/kawasakirobotics.com\/it\/#website"},"primaryImageOfPage":{"@id":"https:\/\/kawasakirobotics.com\/it\/company\/careers\/#primaryimage"},"image":{"@id":"https:\/\/kawasakirobotics.com\/it\/company\/careers\/#primaryimage"},"thumbnailUrl":"https:\/\/kawasakirobotics.com\/uploads\/sites\/5\/2022\/02\/company_1.jpg?fit=900%2C679","datePublished":"2022-02-21T18:22:44+00:00","dateModified":"2026-04-06T07:56:34+00:00","description":"Discover how Kawasaki Robotics GmbH in Germany is responsible for sales, engineering, and service in Europe.","breadcrumb":{"@id":"https:\/\/kawasakirobotics.com\/it\/company\/careers\/#breadcrumb"},"inLanguage":"it-IT","potentialAction":[{"@type":"ReadAction","target":["https:\/\/kawasakirobotics.com\/it\/company\/careers\/"]}]},{"@type":"ImageObject","inLanguage":"it-IT","@id":"https:\/\/kawasakirobotics.com\/it\/company\/careers\/#primaryimage","url":"https:\/\/kawasakirobotics.com\/uploads\/sites\/5\/2022\/02\/company_1.jpg?fit=900%2C679","contentUrl":"https:\/\/kawasakirobotics.com\/uploads\/sites\/5\/2022\/02\/company_1.jpg?fit=900%2C679"},{"@type":"BreadcrumbList","@id":"https:\/\/kawasakirobotics.com\/it\/company\/careers\/#breadcrumb","itemListElement":[{"@type":"ListItem","position":1,"name":"Home","item":"https:\/\/kawasakirobotics.com\/it\/"},{"@type":"ListItem","position":2,"name":"Di","item":"https:\/\/kawasakirobotics.com\/it\/company\/"},{"@type":"ListItem","position":3,"name":"Careers: Kawasaki Robotics GmbH"}]},{"@type":"WebSite","@id":"https:\/\/kawasakirobotics.com\/it\/#website","url":"https:\/\/kawasakirobotics.com\/it\/","name":"Kawasaki Robotics","description":"","publisher":{"@id":"https:\/\/kawasakirobotics.com\/it\/#organization"},"potentialAction":[{"@type":"SearchAction","target":{"@type":"EntryPoint","urlTemplate":"https:\/\/kawasakirobotics.com\/it\/?s={search_term_string}"},"query-input":{"@type":"PropertyValueSpecification","valueRequired":true,"valueName":"search_term_string"}}],"inLanguage":"it-IT"},{"@type":"Organization","@id":"https:\/\/kawasakirobotics.com\/it\/#organization","name":"\u5ddd\u5d0e\u91cd\u5de5\u696d\u30ed\u30dc\u30c3\u30c8\u30c7\u30a3\u30d3\u30b8\u30e7\u30f3","url":"https:\/\/kawasakirobotics.com\/it\/","logo":{"@type":"ImageObject","inLanguage":"it-IT","@id":"https:\/\/kawasakirobotics.com\/it\/#\/schema\/logo\/image\/","url":"","contentUrl":"","caption":"\u5ddd\u5d0e\u91cd\u5de5\u696d\u30ed\u30dc\u30c3\u30c8\u30c7\u30a3\u30d3\u30b8\u30e7\u30f3"},"image":{"@id":"https:\/\/kawasakirobotics.com\/it\/#\/schema\/logo\/image\/"}}]}},"_links":{"self":[{"href":"https:\/\/kawasakirobotics.com\/it\/wp-json\/wp\/v2\/pages\/3892","targetHints":{"allow":["GET"]}}],"collection":[{"href":"https:\/\/kawasakirobotics.com\/it\/wp-json\/wp\/v2\/pages"}],"about":[{"href":"https:\/\/kawasakirobotics.com\/it\/wp-json\/wp\/v2\/types\/page"}],"author":[{"embeddable":true,"href":"https:\/\/kawasakirobotics.com\/it\/wp-json\/wp\/v2\/users\/9"}],"replies":[{"embeddable":true,"href":"https:\/\/kawasakirobotics.com\/it\/wp-json\/wp\/v2\/comments?post=3892"}],"version-history":[{"count":25,"href":"https:\/\/kawasakirobotics.com\/it\/wp-json\/wp\/v2\/pages\/3892\/revisions"}],"predecessor-version":[{"id":5997,"href":"https:\/\/kawasakirobotics.com\/it\/wp-json\/wp\/v2\/pages\/3892\/revisions\/5997"}],"up":[{"embeddable":true,"href":"https:\/\/kawasakirobotics.com\/it\/wp-json\/wp\/v2\/pages\/30"}],"wp:attachment":[{"href":"https:\/\/kawasakirobotics.com\/it\/wp-json\/wp\/v2\/media?parent=3892"}],"curies":[{"name":"wp","href":"https:\/\/api.w.org\/{rel}","templated":true}]}}