{"id":4768,"date":"2022-03-03T03:19:35","date_gmt":"2022-03-03T03:19:35","guid":{"rendered":"urn:uuid:8c138585-29cc-422a-b085-b7641cb9c987"},"modified":"2024-02-07T06:59:03","modified_gmt":"2024-02-07T05:59:03","slug":"k-pall","status":"publish","type":"page","link":"https:\/\/kawasakirobotics.com\/it\/k-pall\/","title":{"rendered":"K-PALL"},"content":{"rendered":"\n<h2 class=\"wp-block-heading\">K-PALL: The compact palletising cell from Kawasaki<\/h2>\n\n\n\n<div class=\"wp-block-media-text alignwide is-stacked-on-mobile\"><figure class=\"wp-block-media-text__media\"><img decoding=\"async\" src=\"https:\/\/kawasakirobotics.com\/tachyon\/sites\/9\/2023\/03\/Simply-unique-1.png\" alt=\"\" class=\"wp-image-5851 size-full\" \/><\/figure><div class=\"wp-block-media-text__content\">\n<p class=\"has-large-font-size\">Experience K-PALL live at<strong> Interpack 2023 in D\u00fcsseldorf<\/strong>(Hall 6, Booth A66). Find more details and receive your free personal ticket <strong><a href=\"https:\/\/kawasakirobotics.com\/eu-africa\/interpack2023\/\">here<\/a><\/strong>!<\/p>\n<\/div><\/div>\n\n\n\n<figure class=\"wp-block-embed is-type-video is-provider-youtube wp-block-embed-youtube wp-embed-aspect-16-9 wp-has-aspect-ratio\"><div class=\"wp-block-embed__wrapper\">\n<iframe loading=\"lazy\" title=\"Introducing K-PALL by Kawasaki Robotics\" width=\"900\" height=\"506\" src=\"https:\/\/www.youtube.com\/embed\/vaKKaudsuFo?feature=oembed\" frameborder=\"0\" allow=\"accelerometer; autoplay; clipboard-write; encrypted-media; gyroscope; picture-in-picture; web-share\" referrerpolicy=\"strict-origin-when-cross-origin\" allowfullscreen><\/iframe>\n<\/div><\/figure>\n\n\n\n<p class=\"has-light-gray-background-color has-background\"><strong>Available now!<\/strong><\/p>\n\n\n\n<h4 class=\"wp-block-heading\"><strong>L&#8217;automazione non \u00e8 mai stata cos\u00ec facile<\/strong><\/h4>\n\n\n\n<p>Tutto ci\u00f2 di cui hai bisogno nel minimo spazio: K-PALL di Kawasaki Robotics, con il suo design estremamente compatto e leggero, \u00e8 una delle celle di pallettizzazione pi\u00f9 piccole ma pi\u00f9 potenti sul mercato.<\/p>\n\n\n\n<p>La tecnologia moderna, il design intelligente e il funzionamento intuitivo fanno di K-PALL il primo passo ottimale nell&#8217;automazione delle attivit\u00e0 di pallettizzazione.<\/p>\n\n\n\n<figure class=\"wp-block-image aligncenter size-full\"><img loading=\"lazy\" decoding=\"async\" width=\"738\" height=\"493\" src=\"https:\/\/kawasakirobotics.com\/tachyon\/sites\/5\/2022\/03\/K-PALL-Flyer-GER-Digital.jpeg\" alt=\"K-PALL\" class=\"wp-image-4732\" srcset=\"https:\/\/kawasakirobotics.com\/tachyon\/sites\/32\/2022\/03\/K-PALL-Flyer-GER-Digital.jpeg?resize=738%2C493&amp;zoom=1 738w, https:\/\/kawasakirobotics.com\/tachyon\/sites\/32\/2022\/03\/K-PALL-Flyer-GER-Digital.jpeg?resize=738%2C493&amp;zoom=0.5 369w, https:\/\/kawasakirobotics.com\/tachyon\/sites\/32\/2022\/03\/K-PALL-Flyer-GER-Digital.jpeg?resize=738%2C493&amp;zoom=0.25 185w\" sizes=\"auto, (max-width: 738px) 100vw, 738px\" \/><\/figure>\n\n\n\n<ul class=\"wp-block-list\">\n<li><strong>Plug &amp; Play e pronto all&#8217;uso:<br><\/strong>La nostra cella \u00e8 facile da trasportare e mettere in funzione, quindi beneficiate della massima flessibilit\u00e0!<\/li>\n\n\n\n<li><strong>Facile da integrare:<br><\/strong>La soluzione stand-alone \u00e8 compatibile con un&#8217;ampia gamma di sistemi e pu\u00f2 anche essere facilmente integrata in impianti di produzione esistenti con un minimo sforzo di pianificazione.<\/li>\n\n\n\n<li><strong>La velocit\u00e0 conta:<br><\/strong>K-PALL non solo offre tempi di ciclo estremamente rapidi ed \u00e8 disponibile nel minor tempo possibile, ma pu\u00f2 anche essere appreso e utilizzato con il minimo sforzo.<\/li>\n\n\n\n<li><strong>Massime prestazioni con la robotica di fascia alta:<br><\/strong>Un robot di pallettizzazione Kawasaki della collaudata serie R fornisce le prestazioni, la velocit\u00e0 e la precisione necessarie al centro della cella K-PALL.<\/li>\n<\/ul>\n\n\n\n<h4 class=\"wp-block-heading\"><strong>Le caratteristiche a colpo d&#8217;occhio: la pallettizzazione con K-PALL \u00e8 semplicissima<\/strong><\/h4>\n\n\n\n<figure class=\"wp-block-image aligncenter size-full\"><img decoding=\"async\" src=\"https:\/\/kawasakirobotics.com\/tachyon\/sites\/9\/2022\/02\/2K-PALL-Flyer-GER-Digital.jpeg\" alt=\"\" class=\"wp-image-4742\" \/><\/figure>\n\n\n\n<ul class=\"wp-block-list\">\n<li><strong>Basta selezionare e iniziare:<br><\/strong>Il nostro software di controllo K-PALL con schemi di confezionamento predefiniti lo rende possibile.<\/li>\n\n\n\n<li><strong>Intuitivo e chiaro:<br><\/strong>Facilit\u00e0 d&#8217;uso grazie all&#8217;ampio display touchscreen.<\/li>\n\n\n\n<li><strong>Sforzo minimo:<br><\/strong>Con la messa in servizio digitale tramite e-learning, la configurazione \u00e8 completata in un batter d&#8217;occhio.<\/li>\n\n\n\n<li><strong>Supporto veloce:<br><\/strong>La risoluzione dei problemi supportata dal sistema garantisce un aiuto diretto e preciso in caso di problemi.<\/li>\n\n\n\n<li><strong>Manutenzione predittiva:<br><\/strong>Il monitoraggio in tempo reale ci consente di ridurre al minimo i tempi di fermo macchina.<\/li>\n<\/ul>\n\n\n\n<div class=\"wp-block-group has-light-gray-background-color has-background is-layout-flow wp-block-group-is-layout-flow\">\n<h4 class=\"wp-block-heading has-text-align-center\">Ulteriori informazioni su K-PALL<\/h4>\n\n\n\n<div class=\"wp-block-buttons is-horizontal is-content-justification-center is-layout-flex wp-container-core-buttons-is-layout-03627597 wp-block-buttons-is-layout-flex\">\n<div class=\"wp-block-button\"><a class=\"wp-block-button__link wp-element-button\" href=\"https:\/\/kawasakirobotics.com\/uploads\/sites\/5\/2022\/03\/K-PALL-Flyer-Kawasaki-Robotics-2021-EN.pdf\" target=\"_blank\" rel=\"noreferrer noopener\">Scarica Brochure<\/a><\/div>\n<\/div>\n<\/div>\n\n\n\n<div class=\"wp-block-media-text is-stacked-on-mobile\" style=\"grid-template-columns:25% auto\"><figure class=\"wp-block-media-text__media\"><img decoding=\"async\" src=\"https:\/\/kawasakirobotics.com\/tachyon\/sites\/9\/2022\/03\/A1180962-300x300-1.jpg\" alt=\"\" class=\"wp-image-5185 size-full\" \/><\/figure><div class=\"wp-block-media-text__content\">\n<h4 class=\"wp-block-heading\">Parla con noi<\/h4>\n\n\n\n<p>Andreas Bettenbrock<br><a href=\"mailto:k-pall@kawasakirobotics.de\">K-PALL@kawasakirobotics.de<\/a><br><\/p>\n<\/div><\/div>\n","protected":false},"excerpt":{"rendered":"<p>K-PALL: The compact palletising cell from Kawasaki Experience K-PALL live at Interpack 2023 in D\u00fcsseldorf(Hall 6, Booth A66). Find more details and receive your free personal ticket here! Available now! L&#8217;automazione non \u00e8 mai stata cos\u00ec facile Tutto ci\u00f2 di cui hai bisogno nel minimo spazio: K-PALL di Kawasaki Robotics, con il suo design estremamente compatto e leggero, \u00e8 una delle celle di pallettizzazione pi\u00f9 piccole ma pi\u00f9 potenti sul mercato. La tecnologia moderna, il design intelligente e il funzionamento intuitivo fanno di K-PALL il primo passo ottimale nell&#8217;automazione delle attivit\u00e0 di pallettizzazione. Le caratteristiche a colpo d&#8217;occhio: la pallettizzazione con K-PALL \u00e8 semplicissima Ulteriori informazioni su K-PALL Parla con [&hellip;]<\/p>\n","protected":false},"author":3,"featured_media":0,"parent":0,"menu_order":0,"comment_status":"closed","ping_status":"closed","template":"","meta":{"ep_exclude_from_search":false,"footnotes":""},"class_list":["post-4768","page","type-page","status-publish","hentry"],"yoast_head":"<!-- This site is optimized with the Yoast SEO plugin v25.9 - https:\/\/yoast.com\/wordpress\/plugins\/seo\/ -->\n<title>K-PALL | Industrial Robots by Kawasaki Robotics<\/title>\n<meta name=\"description\" content=\"Discover K-PALL, the extremely compact and lightweight palletizing solution from Kawasaki Robotics. K-PALL automates your palletizing tasks.\" \/>\n<meta name=\"robots\" content=\"index, follow, max-snippet:-1, max-image-preview:large, max-video-preview:-1\" \/>\n<link rel=\"canonical\" href=\"https:\/\/kawasakirobotics.com\/it\/k-pall\/\" \/>\n<meta property=\"og:locale\" content=\"it_IT\" \/>\n<meta property=\"og:type\" content=\"article\" \/>\n<meta property=\"og:title\" content=\"K-PALL | Industrial Robots by Kawasaki Robotics\" \/>\n<meta property=\"og:description\" content=\"Discover K-PALL, the extremely compact and lightweight palletizing solution from Kawasaki Robotics. K-PALL automates your palletizing tasks.\" \/>\n<meta property=\"og:url\" content=\"https:\/\/kawasakirobotics.com\/it\/k-pall\/\" \/>\n<meta property=\"og:site_name\" content=\"Kawasaki Robotics\" \/>\n<meta property=\"article:modified_time\" content=\"2024-02-07T05:59:03+00:00\" \/>\n<meta property=\"og:image\" content=\"https:\/\/kawasakirobotics.com\/content\/themes\/krobot-theme\/src\/images\/default\/ogp.jpg\" \/>\n\t<meta property=\"og:image:width\" content=\"1200\" \/>\n\t<meta property=\"og:image:height\" content=\"630\" \/>\n\t<meta property=\"og:image:type\" content=\"image\/jpeg\" \/>\n<meta name=\"twitter:card\" content=\"summary_large_image\" \/>\n<script type=\"application\/ld+json\" class=\"yoast-schema-graph\">{\"@context\":\"https:\/\/schema.org\",\"@graph\":[{\"@type\":\"WebPage\",\"@id\":\"https:\/\/kawasakirobotics.com\/it\/k-pall\/\",\"url\":\"https:\/\/kawasakirobotics.com\/it\/k-pall\/\",\"name\":\"K-PALL | Industrial Robots by Kawasaki Robotics\",\"isPartOf\":{\"@id\":\"https:\/\/kawasakirobotics.com\/it\/#website\"},\"primaryImageOfPage\":{\"@id\":\"https:\/\/kawasakirobotics.com\/it\/k-pall\/#primaryimage\"},\"image\":{\"@id\":\"https:\/\/kawasakirobotics.com\/it\/k-pall\/#primaryimage\"},\"thumbnailUrl\":\"https:\/\/kawasakirobotics.com\/tachyon\/sites\/9\/2023\/03\/Simply-unique-1.png\",\"datePublished\":\"2022-03-03T03:19:35+00:00\",\"dateModified\":\"2024-02-07T05:59:03+00:00\",\"description\":\"Discover K-PALL, the extremely compact and lightweight palletizing solution from Kawasaki Robotics. K-PALL automates your palletizing tasks.\",\"breadcrumb\":{\"@id\":\"https:\/\/kawasakirobotics.com\/it\/k-pall\/#breadcrumb\"},\"inLanguage\":\"it-IT\",\"potentialAction\":[{\"@type\":\"ReadAction\",\"target\":[\"https:\/\/kawasakirobotics.com\/it\/k-pall\/\"]}]},{\"@type\":\"ImageObject\",\"inLanguage\":\"it-IT\",\"@id\":\"https:\/\/kawasakirobotics.com\/it\/k-pall\/#primaryimage\",\"url\":\"https:\/\/kawasakirobotics.com\/tachyon\/sites\/9\/2023\/03\/Simply-unique-1.png\",\"contentUrl\":\"https:\/\/kawasakirobotics.com\/tachyon\/sites\/9\/2023\/03\/Simply-unique-1.png\"},{\"@type\":\"BreadcrumbList\",\"@id\":\"https:\/\/kawasakirobotics.com\/it\/k-pall\/#breadcrumb\",\"itemListElement\":[{\"@type\":\"ListItem\",\"position\":1,\"name\":\"Home\",\"item\":\"https:\/\/kawasakirobotics.com\/it\/\"},{\"@type\":\"ListItem\",\"position\":2,\"name\":\"K-PALL\"}]},{\"@type\":\"WebSite\",\"@id\":\"https:\/\/kawasakirobotics.com\/it\/#website\",\"url\":\"https:\/\/kawasakirobotics.com\/it\/\",\"name\":\"Kawasaki Robotics\",\"description\":\"\",\"publisher\":{\"@id\":\"https:\/\/kawasakirobotics.com\/it\/#organization\"},\"potentialAction\":[{\"@type\":\"SearchAction\",\"target\":{\"@type\":\"EntryPoint\",\"urlTemplate\":\"https:\/\/kawasakirobotics.com\/it\/?s={search_term_string}\"},\"query-input\":{\"@type\":\"PropertyValueSpecification\",\"valueRequired\":true,\"valueName\":\"search_term_string\"}}],\"inLanguage\":\"it-IT\"},{\"@type\":\"Organization\",\"@id\":\"https:\/\/kawasakirobotics.com\/it\/#organization\",\"name\":\"\u5ddd\u5d0e\u91cd\u5de5\u696d\u30ed\u30dc\u30c3\u30c8\u30c7\u30a3\u30d3\u30b8\u30e7\u30f3\",\"url\":\"https:\/\/kawasakirobotics.com\/it\/\",\"logo\":{\"@type\":\"ImageObject\",\"inLanguage\":\"it-IT\",\"@id\":\"https:\/\/kawasakirobotics.com\/it\/#\/schema\/logo\/image\/\",\"url\":\"\",\"contentUrl\":\"\",\"caption\":\"\u5ddd\u5d0e\u91cd\u5de5\u696d\u30ed\u30dc\u30c3\u30c8\u30c7\u30a3\u30d3\u30b8\u30e7\u30f3\"},\"image\":{\"@id\":\"https:\/\/kawasakirobotics.com\/it\/#\/schema\/logo\/image\/\"}}]}<\/script>\n<!-- \/ Yoast SEO plugin. -->","yoast_head_json":{"title":"K-PALL | Industrial Robots by Kawasaki Robotics","description":"Discover K-PALL, the extremely compact and lightweight palletizing solution from Kawasaki Robotics. K-PALL automates your palletizing tasks.","robots":{"index":"index","follow":"follow","max-snippet":"max-snippet:-1","max-image-preview":"max-image-preview:large","max-video-preview":"max-video-preview:-1"},"canonical":"https:\/\/kawasakirobotics.com\/it\/k-pall\/","og_locale":"it_IT","og_type":"article","og_title":"K-PALL | Industrial Robots by Kawasaki Robotics","og_description":"Discover K-PALL, the extremely compact and lightweight palletizing solution from Kawasaki Robotics. K-PALL automates your palletizing tasks.","og_url":"https:\/\/kawasakirobotics.com\/it\/k-pall\/","og_site_name":"Kawasaki Robotics","article_modified_time":"2024-02-07T05:59:03+00:00","og_image":[{"url":"https:\/\/kawasakirobotics.com\/content\/themes\/krobot-theme\/src\/images\/default\/ogp.jpg","width":"1200","height":"630","type":"image\/jpeg"}],"twitter_card":"summary_large_image","schema":{"@context":"https:\/\/schema.org","@graph":[{"@type":"WebPage","@id":"https:\/\/kawasakirobotics.com\/it\/k-pall\/","url":"https:\/\/kawasakirobotics.com\/it\/k-pall\/","name":"K-PALL | Industrial Robots by Kawasaki Robotics","isPartOf":{"@id":"https:\/\/kawasakirobotics.com\/it\/#website"},"primaryImageOfPage":{"@id":"https:\/\/kawasakirobotics.com\/it\/k-pall\/#primaryimage"},"image":{"@id":"https:\/\/kawasakirobotics.com\/it\/k-pall\/#primaryimage"},"thumbnailUrl":"https:\/\/kawasakirobotics.com\/tachyon\/sites\/9\/2023\/03\/Simply-unique-1.png","datePublished":"2022-03-03T03:19:35+00:00","dateModified":"2024-02-07T05:59:03+00:00","description":"Discover K-PALL, the extremely compact and lightweight palletizing solution from Kawasaki Robotics. K-PALL automates your palletizing tasks.","breadcrumb":{"@id":"https:\/\/kawasakirobotics.com\/it\/k-pall\/#breadcrumb"},"inLanguage":"it-IT","potentialAction":[{"@type":"ReadAction","target":["https:\/\/kawasakirobotics.com\/it\/k-pall\/"]}]},{"@type":"ImageObject","inLanguage":"it-IT","@id":"https:\/\/kawasakirobotics.com\/it\/k-pall\/#primaryimage","url":"https:\/\/kawasakirobotics.com\/tachyon\/sites\/9\/2023\/03\/Simply-unique-1.png","contentUrl":"https:\/\/kawasakirobotics.com\/tachyon\/sites\/9\/2023\/03\/Simply-unique-1.png"},{"@type":"BreadcrumbList","@id":"https:\/\/kawasakirobotics.com\/it\/k-pall\/#breadcrumb","itemListElement":[{"@type":"ListItem","position":1,"name":"Home","item":"https:\/\/kawasakirobotics.com\/it\/"},{"@type":"ListItem","position":2,"name":"K-PALL"}]},{"@type":"WebSite","@id":"https:\/\/kawasakirobotics.com\/it\/#website","url":"https:\/\/kawasakirobotics.com\/it\/","name":"Kawasaki Robotics","description":"","publisher":{"@id":"https:\/\/kawasakirobotics.com\/it\/#organization"},"potentialAction":[{"@type":"SearchAction","target":{"@type":"EntryPoint","urlTemplate":"https:\/\/kawasakirobotics.com\/it\/?s={search_term_string}"},"query-input":{"@type":"PropertyValueSpecification","valueRequired":true,"valueName":"search_term_string"}}],"inLanguage":"it-IT"},{"@type":"Organization","@id":"https:\/\/kawasakirobotics.com\/it\/#organization","name":"\u5ddd\u5d0e\u91cd\u5de5\u696d\u30ed\u30dc\u30c3\u30c8\u30c7\u30a3\u30d3\u30b8\u30e7\u30f3","url":"https:\/\/kawasakirobotics.com\/it\/","logo":{"@type":"ImageObject","inLanguage":"it-IT","@id":"https:\/\/kawasakirobotics.com\/it\/#\/schema\/logo\/image\/","url":"","contentUrl":"","caption":"\u5ddd\u5d0e\u91cd\u5de5\u696d\u30ed\u30dc\u30c3\u30c8\u30c7\u30a3\u30d3\u30b8\u30e7\u30f3"},"image":{"@id":"https:\/\/kawasakirobotics.com\/it\/#\/schema\/logo\/image\/"}}]}},"_links":{"self":[{"href":"https:\/\/kawasakirobotics.com\/it\/wp-json\/wp\/v2\/pages\/4768","targetHints":{"allow":["GET"]}}],"collection":[{"href":"https:\/\/kawasakirobotics.com\/it\/wp-json\/wp\/v2\/pages"}],"about":[{"href":"https:\/\/kawasakirobotics.com\/it\/wp-json\/wp\/v2\/types\/page"}],"author":[{"embeddable":true,"href":"https:\/\/kawasakirobotics.com\/it\/wp-json\/wp\/v2\/users\/3"}],"replies":[{"embeddable":true,"href":"https:\/\/kawasakirobotics.com\/it\/wp-json\/wp\/v2\/comments?post=4768"}],"version-history":[{"count":10,"href":"https:\/\/kawasakirobotics.com\/it\/wp-json\/wp\/v2\/pages\/4768\/revisions"}],"predecessor-version":[{"id":5583,"href":"https:\/\/kawasakirobotics.com\/it\/wp-json\/wp\/v2\/pages\/4768\/revisions\/5583"}],"wp:attachment":[{"href":"https:\/\/kawasakirobotics.com\/it\/wp-json\/wp\/v2\/media?parent=4768"}],"curies":[{"name":"wp","href":"https:\/\/api.w.org\/{rel}","templated":true}]}}