{"id":56,"date":"2022-01-19T17:56:24","date_gmt":"2022-01-19T08:56:24","guid":{"rendered":"urn:uuid:f979949d-bcb6-4ad2-81d2-99435ce77cf1"},"modified":"2024-02-08T05:06:13","modified_gmt":"2024-02-08T04:06:13","slug":"cad-disclaimer","status":"publish","type":"page","link":"https:\/\/kawasakirobotics.com\/it\/products\/cad-disclaimer\/","title":{"rendered":"Dichiarazione di non responsabilit\u00e0 sui dati CAD"},"content":{"rendered":"\n<p>Si prega di leggere quanto segue prima di utilizzare i dati CAD su questo sito web.<\/p>\n\n\n\n<h2 class=\"wp-block-heading\"><strong>1. Finalit\u00e0 del trattamento dei dati<\/strong><\/h2>\n\n\n\n<p>I dati CAD su questo sito Web devono essere utilizzati per controllare l&#8217;interferenza e la forma del robot, ecc. solo nella progettazione del layout.<\/p>\n\n\n\n<h2 class=\"wp-block-heading\"><strong>2. Caratteristiche dei dati<\/strong><\/h2>\n\n\n\n<p>Si prega di notare che i dati di forma come tolleranza, rugosit\u00e0 superficiale e fori nei dati CAD potrebbero essere diversi da quelli del prodotto reale. Inoltre, alcuni prodotti non hanno dati di forma per ridurre le dimensioni del file di dati CAD e facilitare la condivisione dei dati.<\/p>\n\n\n\n<h2 class=\"wp-block-heading\"><strong>3. Dichiarazione di non responsabilit\u00e0<\/strong><\/h2>\n\n\n\n<p>Sebbene Kawasaki crei meticolosamente i dati CAD, l&#8217;accuratezza dei dati CAD non pu\u00f2 essere garantita a causa delle caratteristiche dei dati sopra menzionate. Inoltre, i dati CAD su questo sito Web sono soggetti a modifica, aggiunta e\/o cancellazione senza preavviso. Kawasaki non si assume alcuna responsabilit\u00e0 per eventuali danni subiti dall&#8217;uso, dalla modifica e dalla cancellazione dei dati CAD per qualsiasi motivo..<\/p>\n\n\n\n<h2 class=\"wp-block-heading\"><strong>4. Attribuzione dei diritti di propriet\u00e0 intellettuale<\/strong><\/h2>\n\n\n\n<p>Kawasaki conserver\u00e0 tutti i diritti, compresi i diritti di propriet\u00e0 intellettuale, per i dati CAD. Non \u00e8 consentito copiare, riprodurre, distribuire, trasmettere, modificare e\/o vendere i dati CAD per scopi diversi da quelli sopra indicati senza il previo consenso scritto di Kawasaki. Se l&#8217;uso dei dati CAD viola lo scopo d&#8217;uso e i regolamenti sopra menzionati, Kawasaki pu\u00f2 vietare l&#8217;uso dei dati CAD e intraprendere azioni legali contro l&#8217;utente.<\/p>\n\n\n\n<hr class=\"wp-block-separator has-css-opacity alignfull\" \/>\n","protected":false},"excerpt":{"rendered":"<p>Si prega di leggere quanto segue prima di utilizzare i dati CAD su questo sito web. 1. Finalit\u00e0 del trattamento dei dati I dati CAD su questo sito Web devono essere utilizzati per controllare l&#8217;interferenza e la forma del robot, ecc. solo nella progettazione del layout. 2. Caratteristiche dei dati Si prega di notare che i dati di forma come tolleranza, rugosit\u00e0 superficiale e fori nei dati CAD potrebbero essere diversi da quelli del prodotto reale. Inoltre, alcuni prodotti non hanno dati di forma per ridurre le dimensioni del file di dati CAD e facilitare la condivisione dei dati. 3. Dichiarazione di non responsabilit\u00e0 Sebbene Kawasaki crei meticolosamente i dati [&hellip;]<\/p>\n","protected":false},"author":9,"featured_media":4319,"parent":50,"menu_order":3,"comment_status":"closed","ping_status":"closed","template":"page-templates\/custom-title-with-background.php","meta":{"ep_exclude_from_search":false,"footnotes":""},"class_list":["post-56","page","type-page","status-publish","has-post-thumbnail","hentry"],"yoast_head":"<!-- This site is optimized with the Yoast SEO plugin v25.9 - https:\/\/yoast.com\/wordpress\/plugins\/seo\/ -->\n<title>Dichiarazione di non responsabilit\u00e0 sui dati CAD | Industrial Robots by Kawasaki Robotics<\/title>\n<meta name=\"description\" content=\"Kawasaki Heavy Industries | Dichiarazione di non responsabilit\u00e0 sui dati CAD\" \/>\n<meta name=\"robots\" content=\"index, follow, max-snippet:-1, max-image-preview:large, max-video-preview:-1\" \/>\n<link rel=\"canonical\" href=\"https:\/\/kawasakirobotics.com\/it\/products\/cad-disclaimer\/\" \/>\n<meta property=\"og:locale\" content=\"it_IT\" \/>\n<meta property=\"og:type\" content=\"article\" \/>\n<meta property=\"og:title\" content=\"Dichiarazione di non responsabilit\u00e0 sui dati CAD | Industrial Robots by Kawasaki Robotics\" \/>\n<meta property=\"og:description\" content=\"Kawasaki Heavy Industries | Dichiarazione di non responsabilit\u00e0 sui dati CAD\" \/>\n<meta property=\"og:url\" content=\"https:\/\/kawasakirobotics.com\/it\/products\/cad-disclaimer\/\" \/>\n<meta property=\"og:site_name\" content=\"Kawasaki Robotics\" \/>\n<meta property=\"article:modified_time\" content=\"2024-02-08T04:06:13+00:00\" \/>\n<meta property=\"og:image\" content=\"https:\/\/kawasakirobotics.com\/content\/themes\/krobot-theme\/src\/images\/default\/ogp.jpg\" \/>\n\t<meta property=\"og:image:width\" content=\"1200\" \/>\n\t<meta property=\"og:image:height\" content=\"630\" \/>\n\t<meta property=\"og:image:type\" content=\"image\/jpeg\" \/>\n<meta name=\"twitter:card\" content=\"summary_large_image\" \/>\n<script type=\"application\/ld+json\" class=\"yoast-schema-graph\">{\"@context\":\"https:\/\/schema.org\",\"@graph\":[{\"@type\":\"WebPage\",\"@id\":\"https:\/\/kawasakirobotics.com\/it\/products\/cad-disclaimer\/\",\"url\":\"https:\/\/kawasakirobotics.com\/it\/products\/cad-disclaimer\/\",\"name\":\"Dichiarazione di non responsabilit\u00e0 sui dati CAD | Industrial Robots by Kawasaki Robotics\",\"isPartOf\":{\"@id\":\"https:\/\/kawasakirobotics.com\/it\/#website\"},\"primaryImageOfPage\":{\"@id\":\"https:\/\/kawasakirobotics.com\/it\/products\/cad-disclaimer\/#primaryimage\"},\"image\":{\"@id\":\"https:\/\/kawasakirobotics.com\/it\/products\/cad-disclaimer\/#primaryimage\"},\"thumbnailUrl\":\"https:\/\/kawasakirobotics.com\/tachyon\/sites\/2\/2022\/01\/title-background-B1830324.jpg?fit=2160%2C360\",\"datePublished\":\"2022-01-19T08:56:24+00:00\",\"dateModified\":\"2024-02-08T04:06:13+00:00\",\"description\":\"Kawasaki Heavy Industries | Dichiarazione di non responsabilit\u00e0 sui dati CAD\",\"breadcrumb\":{\"@id\":\"https:\/\/kawasakirobotics.com\/it\/products\/cad-disclaimer\/#breadcrumb\"},\"inLanguage\":\"it-IT\",\"potentialAction\":[{\"@type\":\"ReadAction\",\"target\":[\"https:\/\/kawasakirobotics.com\/it\/products\/cad-disclaimer\/\"]}]},{\"@type\":\"ImageObject\",\"inLanguage\":\"it-IT\",\"@id\":\"https:\/\/kawasakirobotics.com\/it\/products\/cad-disclaimer\/#primaryimage\",\"url\":\"https:\/\/kawasakirobotics.com\/tachyon\/sites\/2\/2022\/01\/title-background-B1830324.jpg?fit=2160%2C360\",\"contentUrl\":\"https:\/\/kawasakirobotics.com\/tachyon\/sites\/2\/2022\/01\/title-background-B1830324.jpg?fit=2160%2C360\",\"width\":2160,\"height\":360,\"caption\":\"CAD Data Disclaimer\"},{\"@type\":\"BreadcrumbList\",\"@id\":\"https:\/\/kawasakirobotics.com\/it\/products\/cad-disclaimer\/#breadcrumb\",\"itemListElement\":[{\"@type\":\"ListItem\",\"position\":1,\"name\":\"Home\",\"item\":\"https:\/\/kawasakirobotics.com\/it\/\"},{\"@type\":\"ListItem\",\"position\":2,\"name\":\"Ricerca prodotti\",\"item\":\"https:\/\/kawasakirobotics.com\/it\/products\/\"},{\"@type\":\"ListItem\",\"position\":3,\"name\":\"Dichiarazione di non responsabilit\u00e0 sui dati CAD\"}]},{\"@type\":\"WebSite\",\"@id\":\"https:\/\/kawasakirobotics.com\/it\/#website\",\"url\":\"https:\/\/kawasakirobotics.com\/it\/\",\"name\":\"Kawasaki Robotics\",\"description\":\"\",\"publisher\":{\"@id\":\"https:\/\/kawasakirobotics.com\/it\/#organization\"},\"potentialAction\":[{\"@type\":\"SearchAction\",\"target\":{\"@type\":\"EntryPoint\",\"urlTemplate\":\"https:\/\/kawasakirobotics.com\/it\/?s={search_term_string}\"},\"query-input\":{\"@type\":\"PropertyValueSpecification\",\"valueRequired\":true,\"valueName\":\"search_term_string\"}}],\"inLanguage\":\"it-IT\"},{\"@type\":\"Organization\",\"@id\":\"https:\/\/kawasakirobotics.com\/it\/#organization\",\"name\":\"\u5ddd\u5d0e\u91cd\u5de5\u696d\u30ed\u30dc\u30c3\u30c8\u30c7\u30a3\u30d3\u30b8\u30e7\u30f3\",\"url\":\"https:\/\/kawasakirobotics.com\/it\/\",\"logo\":{\"@type\":\"ImageObject\",\"inLanguage\":\"it-IT\",\"@id\":\"https:\/\/kawasakirobotics.com\/it\/#\/schema\/logo\/image\/\",\"url\":\"\",\"contentUrl\":\"\",\"caption\":\"\u5ddd\u5d0e\u91cd\u5de5\u696d\u30ed\u30dc\u30c3\u30c8\u30c7\u30a3\u30d3\u30b8\u30e7\u30f3\"},\"image\":{\"@id\":\"https:\/\/kawasakirobotics.com\/it\/#\/schema\/logo\/image\/\"}}]}<\/script>\n<!-- \/ Yoast SEO plugin. -->","yoast_head_json":{"title":"Dichiarazione di non responsabilit\u00e0 sui dati CAD | Industrial Robots by Kawasaki Robotics","description":"Kawasaki Heavy Industries | Dichiarazione di non responsabilit\u00e0 sui dati CAD","robots":{"index":"index","follow":"follow","max-snippet":"max-snippet:-1","max-image-preview":"max-image-preview:large","max-video-preview":"max-video-preview:-1"},"canonical":"https:\/\/kawasakirobotics.com\/it\/products\/cad-disclaimer\/","og_locale":"it_IT","og_type":"article","og_title":"Dichiarazione di non responsabilit\u00e0 sui dati CAD | Industrial Robots by Kawasaki Robotics","og_description":"Kawasaki Heavy Industries | Dichiarazione di non responsabilit\u00e0 sui dati CAD","og_url":"https:\/\/kawasakirobotics.com\/it\/products\/cad-disclaimer\/","og_site_name":"Kawasaki Robotics","article_modified_time":"2024-02-08T04:06:13+00:00","og_image":[{"url":"https:\/\/kawasakirobotics.com\/content\/themes\/krobot-theme\/src\/images\/default\/ogp.jpg","width":"1200","height":"630","type":"image\/jpeg"}],"twitter_card":"summary_large_image","schema":{"@context":"https:\/\/schema.org","@graph":[{"@type":"WebPage","@id":"https:\/\/kawasakirobotics.com\/it\/products\/cad-disclaimer\/","url":"https:\/\/kawasakirobotics.com\/it\/products\/cad-disclaimer\/","name":"Dichiarazione di non responsabilit\u00e0 sui dati CAD | Industrial Robots by Kawasaki Robotics","isPartOf":{"@id":"https:\/\/kawasakirobotics.com\/it\/#website"},"primaryImageOfPage":{"@id":"https:\/\/kawasakirobotics.com\/it\/products\/cad-disclaimer\/#primaryimage"},"image":{"@id":"https:\/\/kawasakirobotics.com\/it\/products\/cad-disclaimer\/#primaryimage"},"thumbnailUrl":"https:\/\/kawasakirobotics.com\/tachyon\/sites\/2\/2022\/01\/title-background-B1830324.jpg?fit=2160%2C360","datePublished":"2022-01-19T08:56:24+00:00","dateModified":"2024-02-08T04:06:13+00:00","description":"Kawasaki Heavy Industries | Dichiarazione di non responsabilit\u00e0 sui dati CAD","breadcrumb":{"@id":"https:\/\/kawasakirobotics.com\/it\/products\/cad-disclaimer\/#breadcrumb"},"inLanguage":"it-IT","potentialAction":[{"@type":"ReadAction","target":["https:\/\/kawasakirobotics.com\/it\/products\/cad-disclaimer\/"]}]},{"@type":"ImageObject","inLanguage":"it-IT","@id":"https:\/\/kawasakirobotics.com\/it\/products\/cad-disclaimer\/#primaryimage","url":"https:\/\/kawasakirobotics.com\/tachyon\/sites\/2\/2022\/01\/title-background-B1830324.jpg?fit=2160%2C360","contentUrl":"https:\/\/kawasakirobotics.com\/tachyon\/sites\/2\/2022\/01\/title-background-B1830324.jpg?fit=2160%2C360","width":2160,"height":360,"caption":"CAD Data Disclaimer"},{"@type":"BreadcrumbList","@id":"https:\/\/kawasakirobotics.com\/it\/products\/cad-disclaimer\/#breadcrumb","itemListElement":[{"@type":"ListItem","position":1,"name":"Home","item":"https:\/\/kawasakirobotics.com\/it\/"},{"@type":"ListItem","position":2,"name":"Ricerca prodotti","item":"https:\/\/kawasakirobotics.com\/it\/products\/"},{"@type":"ListItem","position":3,"name":"Dichiarazione di non responsabilit\u00e0 sui dati CAD"}]},{"@type":"WebSite","@id":"https:\/\/kawasakirobotics.com\/it\/#website","url":"https:\/\/kawasakirobotics.com\/it\/","name":"Kawasaki Robotics","description":"","publisher":{"@id":"https:\/\/kawasakirobotics.com\/it\/#organization"},"potentialAction":[{"@type":"SearchAction","target":{"@type":"EntryPoint","urlTemplate":"https:\/\/kawasakirobotics.com\/it\/?s={search_term_string}"},"query-input":{"@type":"PropertyValueSpecification","valueRequired":true,"valueName":"search_term_string"}}],"inLanguage":"it-IT"},{"@type":"Organization","@id":"https:\/\/kawasakirobotics.com\/it\/#organization","name":"\u5ddd\u5d0e\u91cd\u5de5\u696d\u30ed\u30dc\u30c3\u30c8\u30c7\u30a3\u30d3\u30b8\u30e7\u30f3","url":"https:\/\/kawasakirobotics.com\/it\/","logo":{"@type":"ImageObject","inLanguage":"it-IT","@id":"https:\/\/kawasakirobotics.com\/it\/#\/schema\/logo\/image\/","url":"","contentUrl":"","caption":"\u5ddd\u5d0e\u91cd\u5de5\u696d\u30ed\u30dc\u30c3\u30c8\u30c7\u30a3\u30d3\u30b8\u30e7\u30f3"},"image":{"@id":"https:\/\/kawasakirobotics.com\/it\/#\/schema\/logo\/image\/"}}]}},"_links":{"self":[{"href":"https:\/\/kawasakirobotics.com\/it\/wp-json\/wp\/v2\/pages\/56","targetHints":{"allow":["GET"]}}],"collection":[{"href":"https:\/\/kawasakirobotics.com\/it\/wp-json\/wp\/v2\/pages"}],"about":[{"href":"https:\/\/kawasakirobotics.com\/it\/wp-json\/wp\/v2\/types\/page"}],"author":[{"embeddable":true,"href":"https:\/\/kawasakirobotics.com\/it\/wp-json\/wp\/v2\/users\/9"}],"replies":[{"embeddable":true,"href":"https:\/\/kawasakirobotics.com\/it\/wp-json\/wp\/v2\/comments?post=56"}],"version-history":[{"count":3,"href":"https:\/\/kawasakirobotics.com\/it\/wp-json\/wp\/v2\/pages\/56\/revisions"}],"predecessor-version":[{"id":5636,"href":"https:\/\/kawasakirobotics.com\/it\/wp-json\/wp\/v2\/pages\/56\/revisions\/5636"}],"up":[{"embeddable":true,"href":"https:\/\/kawasakirobotics.com\/it\/wp-json\/wp\/v2\/pages\/50"}],"wp:featuredmedia":[{"embeddable":true,"href":"https:\/\/kawasakirobotics.com\/it\/wp-json\/wp\/v2\/media\/4319"}],"wp:attachment":[{"href":"https:\/\/kawasakirobotics.com\/it\/wp-json\/wp\/v2\/media?parent=56"}],"curies":[{"name":"wp","href":"https:\/\/api.w.org\/{rel}","templated":true}]}}